{"id":2097,"date":"2017-08-01T12:51:01","date_gmt":"2017-08-01T12:51:01","guid":{"rendered":"http:\/\/cytologystuff1.wpengine.com\/non-gyn-atlas\/respiratory-cytology-dr-jim-linders-bonus\/"},"modified":"2017-11-22T05:22:57","modified_gmt":"2017-11-22T05:22:57","slug":"respiratory-cytology-dr-jim-linders-bonus","status":"publish","type":"page","link":"https:\/\/dev.cytologystuff.com\/nl\/non-gyn-atlas\/respiratory-cytology-dr-jim-linders-bonus\/","title":{"rendered":"Respiratoire Cytologie"},"content":{"rendered":"<p>[vc_row 0=&#8221;&#8221;][vc_column 0=&#8221;&#8221; offset=&#8221;vc_hidden-lg vc_hidden-md&#8221;][vc_raw_html 0=&#8221;&#8221;]PGNlbnRlcj48YSBjbGFzcz0ic2hpZnRuYXYtdG9nZ2xlIHNoaWZ0bmF2LXRvZ2dsZS1idXR0b24iIGRhdGEtc2hpZnRuYXYtdGFyZ2V0PSJzaGlmdG5hdi1tYWluIj48aSBjbGFzcz0iZmEgZmEtYmFycyI+PC9pPiBUYWJsZSBvZiBDb250ZW50cyA8L2E+PC9jZW50ZXI+[\/vc_raw_html][\/vc_column][\/vc_row][vc_row][vc_column][vc_custom_heading text=&#8221;Respiratoire Cytologie&#8221; font_container=&#8221;tag:h1|text_align:center&#8221; use_theme_fonts=&#8221;yes&#8221;][\/vc_column][\/vc_row][vc_row][vc_column width=&#8221;2\/3&#8243;][vc_column_text]<\/p>\n<div id=>\n<p class=\"subhead\">BONUS VAN DR. JIM LINDER:<br \/>\nOVERIGE RESPIRATOIRE MATERIE<\/p>\n<p style=\"padding-left:7px\"><a href=\"javascript:void(0)\"  style=\"width:350px;display:block\"><img loading=\"lazy\" decoding=\"async\" src=\"\/images\/button27h.gif\" id=\"selfAssessImg\" width=\"350\" height=\"40\"><\/a><\/p>\n<div class=\"highslide-gallery\">\n<strong>Herinnering: U kunt op elke willekeurige afbeelding<br \/>\nin de Atlas klikken voor een vergroot beeld.<\/strong><\/p>\n<div class=\"chartColumnCell\">\n<a href=\"\/gallery\/images_large\/slide0668.jpg\" class=\"highslide\" onclick=\"return hs.expand(this)\"><br \/>\n\t<img decoding=\"async\" src=\"\/gallery\/images\/slide0668.jpg\" alt=\"Image 2\" border=\"0\" title=\"Click to enlarge\"><\/a><\/p>\n<div class=\"highslide-caption\">\n<strong>Afbeelding 155<\/strong><br \/>\n<br \/>\nIJzerhoudende lichaam<br \/>\nAsbestvezels of andere mineralen kunnen een laagje van ferroprote\u00efne vormen waardoor een ijzerhoudend lichaam wordt gevormd. Deze structuur wordt deels ingesnoerd door een macrofaag.\n<\/div>\n<\/div>\n<div class=\"chartColumnLongCell\">\n        <strong>Afbeelding 155<br \/>\n        <\/strong><br \/>\nIJzerhoudende lichaam<br \/>\nAsbestvezels of andere mineralen kunnen een laagje van ferroprote\u00efne vormen waardoor een ijzerhoudend lichaam wordt gevormd. Deze structuur wordt deels ingesnoerd door een macrofaag.\n<\/div>\n<div class=\"newRow\"><\/div>\n<div class=\"chartColumnCell\">\n<a href=\"\/gallery\/images_large\/slide0669.jpg\" class=\"highslide\" onclick=\"return hs.expand(this)\"><br \/>\n\t<img decoding=\"async\" src=\"\/gallery\/images\/slide0669.jpg\" alt=\"Image 3\" border=\"0\" title=\"Click to enlarge\"><\/a><\/p>\n<div class=\"highslide-caption\">\n<strong>Afbeelding 156<\/strong><br \/>\n<br \/>\nIJzerhoudende lichaam<br \/>\nIJzerhoudende lichamen die ontstaan door asbestvezels hebben kenmerkend een heldere centrale kern.\n<\/div>\n<\/div>\n<div class=\"chartColumnLongCell\">\n \t<strong>Afbeelding 156<br \/>\n \t<\/strong><br \/>\nIJzerhoudende lichaam<br \/>\nIJzerhoudende lichamen die ontstaan door asbestvezels hebben kenmerkend een heldere centrale kern.\n<\/div>\n<div class=\"newRow\"><\/div>\n<div class=\"chartColumnCell\">\n<a href=\"\/gallery\/images_large\/slide0670.jpg\" class=\"highslide\" onclick=\"return hs.expand(this)\"><br \/>\n\t<img decoding=\"async\" src=\"\/gallery\/images\/slide0670.jpg\" alt=\"Image 3\" border=\"0\" title=\"Click to enlarge\"><\/a><\/p>\n<div class=\"highslide-caption\">\n<strong>Afbeelding 157<br \/>\n<\/strong><br \/>\n<em>Candida<\/em> spp.<br \/>\nMultipele hyfale vormen van <em>Candida spp.<\/em> kunnen verkregen worden in de respiratoire monsters van pati\u00ebnten met orale candida. (zilverbasis kleuring)\n<\/div>\n<\/div>\n<div class=\"chartColumnLongCell\">\n<strong>Afbeelding 157<br \/>\n<\/strong><br \/>\n<em>Candida<\/em> spp.<br \/>\nMultipele hyfale vormen van <em>Candida spp.<\/em> kunnen verkregen worden in de respiratoire monsters van pati\u00ebnten met orale candida. (zilverbasis kleuring)\n<\/div>\n<div class=\"newRow\"><\/div>\n<div class=\"chartColumnCell\">\n<a href=\"\/gallery\/images_large\/slide0671.jpg\" class=\"highslide\" onclick=\"return hs.expand(this)\" name=\"pap\"><br \/>\n\t<img decoding=\"async\" src=\"\/gallery\/images\/slide0671.jpg\" alt=\"Image 2\" border=\"0\" title=\"Click to enlarge\"><\/a><\/p>\n<div class=\"highslide-caption\">\n<strong>Afbeelding 158<\/strong><br \/>\n<br \/>\n<em>Pneumocystis carinii<\/em><br \/>\nDe cystenvormen van <em>Pneumocystis carinii<\/em>  hebben bij kleuringen op zilverbasis een centrale donkere zone.\n<\/div>\n<\/div>\n<div class=\"chartColumnLongCell\">\n        <strong>Afbeelding 158<br \/>\n        <\/strong><br \/>\n        <em>Pneumocystis carinii<\/em><br \/>\nDe cystenvormen van <em>Pneumocystis carinii<\/em>  hebben bij kleuringen op zilverbasis een centrale donkere zone.\n<\/div>\n<div class=\"newRow\"><\/div>\n<div class=\"chartColumnCell\">\n<a href=\"\/gallery\/images_large\/slide0672.jpg\" class=\"highslide\" onclick=\"return hs.expand(this)\"><br \/>\n\t<img decoding=\"async\" src=\"\/gallery\/images\/slide0672.jpg\" alt=\"Image 3\" border=\"0\" title=\"Click to enlarge\"><\/a><\/p>\n<div class=\"highslide-caption\">\n<strong>Afbeelding 159<\/strong><br \/>\n<br \/>\nAlternaria spp<br \/>\nDe macroconidia van <em>Alternaria spp.<\/em> hebben zowel longitudinale als septate hyfen.\n  <\/div>\n<\/div>\n<div class=\"chartColumnLongCell\">\n \t<strong>Afbeelding 159<br \/>\n \t<\/strong><br \/>\n    <em>Alternaria<\/em> spp.<br \/>\nDe macroconidia van <em>Alternaria spp.<\/em> hebben zowel longitudinale als septate hyfen.\n<\/div>\n<div class=\"newRow\"><\/div>\n<div class=\"chartColumnCell\">\n<a href=\"\/gallery\/images_large\/slide0673.jpg\" class=\"highslide\" onclick=\"return hs.expand(this)\" name=\"pap\"><br \/>\n\t<img decoding=\"async\" src=\"\/gallery\/images\/slide0673.jpg\" alt=\"Image 2\" border=\"0\" title=\"Click to enlarge\"><\/a><\/p>\n<div class=\"highslide-caption\">\n<strong>Afbeelding 160<\/strong><br \/>\n<br \/>\nPollen<br \/>\nPollengranules hebben een dikke refractieve wand, meerdere uitsteekstels op het oppervlak en zijn typisch gepigmenteerd.\n<\/div>\n<\/div>\n<div class=\"chartColumnLongCell\">\n        <strong>Afbeelding 160<br \/>\n        <\/strong><br \/>\nPollen<br \/>\nPollengranules hebben een dikke refractieve wand, meerdere uitsteekstels op het oppervlak en zijn typisch gepigmenteerd.\n<\/div>\n<div class=\"newRow\"><\/div>\n<div class=\"chartColumnCell\">\n<a href=\"\/gallery\/images_large\/slide0674.jpg\" class=\"highslide\" onclick=\"return hs.expand(this)\"><br \/>\n\t<img decoding=\"async\" src=\"\/gallery\/images\/slide0674.jpg\" alt=\"Image 3\" border=\"0\" title=\"Click to enlarge\"><\/a><\/p>\n<div class=\"highslide-caption\">\n<strong>Afbeelding 161<\/strong><br \/>\n<br \/>\nMicrofagen <br \/>\nIn geval van lipo\u00efde of aspiratiepneumonie bevatten de macrofagen multipele complexe lipide vacuolen.\n<\/div>\n<\/div>\n<div class=\"chartColumnLongCell\">\n \t<strong>Afbeelding 161<br \/>\n \t<\/strong><br \/>\n        Microfagen <br \/>\nIn geval van lipo\u00efde of aspiratiepneumonie bevatten de macrofagen multipele complexe lipide vacuolen.\n<\/div>\n<div class=\"newRow\"><\/div>\n<div class=\"chartColumnCell\">\n<a href=\"\/gallery\/images_large\/slide0675.jpg\" class=\"highslide\" onclick=\"return hs.expand(this)\"><br \/>\n\t<img decoding=\"async\" src=\"\/gallery\/images\/slide0675.jpg\" alt=\"Image 3\" border=\"0\" title=\"Click to enlarge\"><\/a><\/p>\n<div class=\"highslide-caption\">\n<strong>Afbeelding 162<\/strong><br \/>\n<br \/>\nLipide<br \/>\nBij lipo\u00efde pneumonie kan het lipide duidelijk zichtbaar worden gemaakt door Oil Red O-kleuring.\n<\/div>\n<\/div>\n<div class=\"chartColumnLongCell\">\n \t<strong>Afbeelding 162<br \/>\n \t<\/strong><br \/>\n        Lipide<br \/>\nBij lipo\u00efde pneumonie kan het lipide duidelijk zichtbaar worden gemaakt door Oil Red O-kleuring.\n<\/div>\n<div class=\"newRow\"><\/div>\n<div class=\"chartColumnCell\">\n<a href=\"\/gallery\/images_large\/slide0676.jpg\" class=\"highslide\" onclick=\"return hs.expand(this)\"><br \/>\n\t<img decoding=\"async\" src=\"\/gallery\/images\/slide0676.jpg\" alt=\"Image 3\" border=\"0\" title=\"Click to enlarge\"><\/a><\/p>\n<div class=\"highslide-caption\">\n<strong>Afbeelding 163<\/strong><br \/>\n<br \/>\nMicrofagen<br \/>\nPati\u00ebnten waarbij schade in de microvasculatuur van de long optreedt ontwikkelen longbloedingen, die zich manifesteren door hemosiderine bevattende macrofagen\n<\/div>\n<\/div>\n<div class=\"chartColumnLongCell\">\n \t<strong>Afbeelding 163<br \/>\n \t<\/strong><br \/>\n       Microfagen<br \/>\nPati\u00ebnten waarbij schade in de microvasculatuur van de long optreedt ontwikkelen longbloedingen, die zich manifesteren door hemosiderine bevattende macrofagen\n<\/div>\n<div class=\"newRow\"><\/div>\n<div class=\"chartColumnCell\">\n<a href=\"\/gallery\/images_large\/slide0677.jpg\" class=\"highslide\" onclick=\"return hs.expand(this)\" name=\"pap\"><br \/>\n\t<img decoding=\"async\" src=\"\/gallery\/images\/slide0677.jpg\" alt=\"Image 2\" border=\"0\" title=\"Click to enlarge\"><\/a><\/p>\n<div class=\"highslide-caption\">\n<strong>Afbeelding 164<\/strong><br \/>\n<br \/>\nLymfocytose <br \/>\nPati\u00ebnten met sarco\u00efdose hebben typerende interstiti\u00eble lymfocytose.\n<\/div>\n<\/div>\n<div class=\"chartColumnLongCell\">\n        <strong>Afbeelding 164<br \/>\n        <\/strong><br \/>\nLymfocytose <br \/>\nPati\u00ebnten met sarco\u00efdose hebben typerende interstiti\u00eble lymfocytose.\n<\/div>\n<div class=\"newRow\"><\/div>\n<div class=\"chartColumnCell\">\n<a href=\"\/gallery\/images_large\/slide0678.jpg\" class=\"highslide\" onclick=\"return hs.expand(this)\"><br \/>\n\t<img decoding=\"async\" src=\"\/gallery\/images\/slide0678.jpg\" alt=\"Image 3\" border=\"0\" title=\"Click to enlarge\"><\/a><\/p>\n<div class=\"highslide-caption\">\n<strong>Afbeelding 165<\/strong><br \/>\n<br \/>\nEpitheelcellen <br \/>\nHoogreactieve epitheelcellen kunnen te zien zijn bij pati\u00ebnten met pulmonaal aspergilloom.\n<\/div>\n<\/div>\n<div class=\"chartColumnLongCell\">\n \t<strong>Afbeelding 165<br \/>\n \t<\/strong><br \/>\nEpitheelcellen <br \/>\nHoogreactieve epitheelcellen kunnen te zien zijn bij pati\u00ebnten met pulmonaal aspergilloom.\n<\/div>\n<div class=\"newRow\"><\/div>\n<div class=\"chartColumnCell\">\n<a href=\"\/gallery\/images_large\/slide0679.jpg\" class=\"highslide\" onclick=\"return hs.expand(this)\"><br \/>\n\t<img decoding=\"async\" src=\"\/gallery\/images\/slide0679.jpg\" alt=\"Image 3\" border=\"0\" title=\"Click to enlarge\"><\/a><\/p>\n<div class=\"highslide-caption\">\n<strong>Afbeelding 166<\/strong><br \/>\n<br \/>\n<em>Cryptococcus<\/em><br \/>\nMeerdere intracellulaire gisten worden gezien binnen het cytoplasma van macrofagen bij <em>Cryptococcus<\/em> infectie.  <\/div>\n<\/div>\n<div class=\"chartColumnLongCell\">\n \t<strong>Afbeelding 166<br \/>\n \t<\/strong><br \/>\n    <em>Cryptococcus<\/em><br \/>\nMeerdere intracellulaire gisten worden gezien binnen het cytoplasma van macrofagen bij <em>Cryptococcus<\/em> infectie.  <\/div>\n<div class=\"newRow\"><\/div>\n<div class=\"chartColumnCell\">\n<a href=\"\/gallery\/images_large\/slide0680.jpg\" class=\"highslide\" onclick=\"return hs.expand(this)\"><br \/>\n\t<img decoding=\"async\" src=\"\/gallery\/images\/slide0680.jpg\" alt=\"Image 3\" border=\"0\" title=\"Click to enlarge\"><\/a><\/p>\n<div class=\"highslide-caption\">\n<strong>Afbeelding 167<\/strong><br \/>\n<br \/>\n<em>Cryptococcus neoformans<\/em><br \/>\nDe capsule van <em>Cryptococcus neoformans<\/em> kan worden waargenomen bij mucinekleuring.\n<\/div>\n<\/div>\n<div class=\"chartColumnLongCell\">\n \t<strong>Afbeelding 167<br \/>\n \t<\/strong><br \/>\n    <em>Cryptococcus neoformans<\/em><br \/>\nDe capsule van <em>Cryptococcus neoformans<\/em> kan worden waargenomen bij mucinekleuring.\n<\/div>\n<div class=\"newRow\"><\/div>\n<div class=\"chartColumnCell\">\n<a href=\"\/gallery\/images_large\/slide0681.jpg\" class=\"highslide\" onclick=\"return hs.expand(this)\"><br \/>\n\t<img decoding=\"async\" src=\"\/gallery\/images\/slide0681.jpg\" alt=\"Image 3\" border=\"0\" title=\"Click to enlarge\"><\/a><\/p>\n<div class=\"highslide-caption\">\n<strong>Afbeelding 168<\/strong><br \/>\n<br \/>\nCiliocytophthoria<br \/>\nRespiratoire virale infecties kunnen veroorzaken dat plukken cilia loskomen van bronchiale epitheelcellen. Dit proces wordt ciliocytophtorie genoemd.\n<\/div>\n<\/div>\n<div class=\"chartColumnLongCell\">\n \t<strong>Afbeelding 168<br \/>\n \t<\/strong><br \/>\nCiliocytophthoria<br \/>\nRespiratoire virale infecties kunnen veroorzaken dat plukken cilia loskomen van bronchiale epitheelcellen. Dit proces wordt ciliocytophtorie genoemd.\n<\/div>\n<div class=\"newRow\"><\/div>\n<div class=\"chartColumnCell\">\n<a href=\"\/gallery\/images_large\/slide0682.jpg\" class=\"highslide\" onclick=\"return hs.expand(this)\"><br \/>\n\t<img decoding=\"async\" src=\"\/gallery\/images\/slide0682.jpg\" alt=\"Image 3\" border=\"0\" title=\"Click to enlarge\"><\/a><\/p>\n<div class=\"highslide-caption\">\n<strong>Afbeelding 169<\/strong><br \/>\n<br \/>\nHyperplasie<br \/>\nReservecelhyperplasie wordt gekenmerkt door dichte clusters van kleine reservecellen.\n<\/div>\n<\/div>\n<div class=\"chartColumnLongCell\">\n \t<strong>Afbeelding 169<br \/>\n \t<\/strong><br \/>\nHyperplasie<br \/>\nReservecelhyperplasie wordt gekenmerkt door dichte clusters van kleine reservecellen.\n<\/div>\n<\/div>\n<div class=\"newRow\"><\/div>\n<p><a class=\"back\" href=\"#\">Terug naar begin<\/a><\/p>\n<p><a href=\"nongyn_atlas.htm\">Terug naar de Inhoudsopgave<\/a><\/p>\n<\/div>\n<p>[\/vc_column_text][\/vc_column][vc_column width=&#8221;1\/3&#8243; offset=&#8221;vc_hidden-sm vc_hidden-xs&#8221;][vc_widget_sidebar sidebar_id=&#8221;consulting-right-sidebar&#8221;][\/vc_column][\/vc_row]<\/p>\n","protected":false},"excerpt":{"rendered":"<p>[vc_row 0=&#8221;&#8221;][vc_column 0=&#8221;&#8221; offset=&#8221;vc_hidden-lg vc_hidden-md&#8221;][vc_raw_html 0=&#8221;&#8221;]PGNlbnRlcj48YSBjbGFzcz0ic2hpZnRuYXYtdG9nZ2xlIHNoaWZ0bmF2LXRvZ2dsZS1idXR0b24iIGRhdGEtc2hpZnRuYXYtdGFyZ2V0PSJzaGlmdG5hdi1tYWluIj48aSBjbGFzcz0iZmEgZmEtYmFycyI+PC9pPiBUYWJsZSBvZiBDb250ZW50cyA8L2E+PC9jZW50ZXI+[\/vc_raw_html][\/vc_column][\/vc_row][vc_row][vc_column][vc_custom_heading text=&#8221;Respiratoire Cytologie&#8221; font_container=&#8221;tag:h1|text_align:center&#8221; use_theme_fonts=&#8221;yes&#8221;][\/vc_column][\/vc_row][vc_row][vc_column width=&#8221;2\/3&#8243;][vc_column_text] BONUS VAN DR. JIM LINDER: OVERIGE RESPIRATOIRE MATERIE Herinnering: U kunt op elke willekeurige afbeelding in de Atlas klikken voor een vergroot beeld. Afbeelding 155 IJzerhoudende lichaam Asbestvezels of andere mineralen kunnen een laagje van ferroprote\u00efne vormen waardoor een ijzerhoudend lichaam wordt gevormd. Deze<\/p>\n","protected":false},"author":7,"featured_media":0,"parent":1948,"menu_order":0,"comment_status":"closed","ping_status":"closed","template":"","meta":{"ngg_post_thumbnail":0,"footnotes":""},"class_list":["post-2097","page","type-page","status-publish","hentry"],"_links":{"self":[{"href":"https:\/\/dev.cytologystuff.com\/nl\/wp-json\/wp\/v2\/pages\/2097","targetHints":{"allow":["GET"]}}],"collection":[{"href":"https:\/\/dev.cytologystuff.com\/nl\/wp-json\/wp\/v2\/pages"}],"about":[{"href":"https:\/\/dev.cytologystuff.com\/nl\/wp-json\/wp\/v2\/types\/page"}],"author":[{"embeddable":true,"href":"https:\/\/dev.cytologystuff.com\/nl\/wp-json\/wp\/v2\/users\/7"}],"replies":[{"embeddable":true,"href":"https:\/\/dev.cytologystuff.com\/nl\/wp-json\/wp\/v2\/comments?post=2097"}],"version-history":[{"count":0,"href":"https:\/\/dev.cytologystuff.com\/nl\/wp-json\/wp\/v2\/pages\/2097\/revisions"}],"up":[{"embeddable":true,"href":"https:\/\/dev.cytologystuff.com\/nl\/wp-json\/wp\/v2\/pages\/1948"}],"wp:attachment":[{"href":"https:\/\/dev.cytologystuff.com\/nl\/wp-json\/wp\/v2\/media?parent=2097"}],"curies":[{"name":"wp","href":"https:\/\/api.w.org\/{rel}","templated":true}]}}