{"id":2072,"date":"2017-07-31T19:28:38","date_gmt":"2017-07-31T19:28:38","guid":{"rendered":"http:\/\/cytologystuff1.wpengine.com\/1587-2\/non-gyn-atlas\/negative-effusions\/"},"modified":"2017-11-16T07:08:57","modified_gmt":"2017-11-16T07:08:57","slug":"negative-effusions","status":"publish","type":"page","link":"https:\/\/dev.cytologystuff.com\/it\/1587-2\/non-gyn-atlas\/negative-effusions\/","title":{"rendered":"Citologia dei versamenti della cavit\u00e0 pleurica, pericardica e peritoneale"},"content":{"rendered":"<p>[vc_row 0=&#8221;&#8221;][vc_column 0=&#8221;&#8221; offset=&#8221;vc_hidden-lg vc_hidden-md&#8221;][vc_raw_html 0=&#8221;&#8221;]PGNlbnRlcj48YSBjbGFzcz0ic2hpZnRuYXYtdG9nZ2xlIHNoaWZ0bmF2LXRvZ2dsZS1idXR0b24iIGRhdGEtc2hpZnRuYXYtdGFyZ2V0PSJzaGlmdG5hdi1tYWluIj48aSBjbGFzcz0iZmEgZmEtYmFycyI+PC9pPiBUYWJsZSBvZiBDb250ZW50cyA8L2E+PC9jZW50ZXI+[\/vc_raw_html][\/vc_column][\/vc_row][vc_row][vc_column][vc_custom_heading text=&#8221;Citologia dei versamenti della cavit\u00e0 pleurica, pericardica e peritoneale&#8221; font_container=&#8221;tag:h1|text_align:center&#8221; use_theme_fonts=&#8221;yes&#8221;][\/vc_column][\/vc_row][vc_row el_id=&#8221;acknowledgements&#8221;][vc_column width=&#8221;2\/3&#8243;][vc_column_text]<\/p>\n<div id=\"\">\n<p class=\"subhead\">VERSAMENTI NEGATIVI<\/p>\n<p style=\"padding-left: 7px;\"><a style=\"width: 350px; display: block;\"><img loading=\"lazy\" decoding=\"async\" id=\"selfAssessImg\" src=\"\/images\/button27h.gif\" width=\"350\" height=\"40\" \/><\/a><\/p>\n<div class=\"highslide-gallery\"><strong>Ricorda: Puoi cliccare su qualsiasi immagine per ingrandire l&#8217;immagine.<br \/>\n<\/strong><\/p>\n<div class=\"chartColumnCell\"><a class=\"highslide\" href=\"\/gallery\/images_large\/slide0401.jpg\" name=\"pap\"><br \/>\n<img decoding=\"async\" title=\"Click to enlarge\" src=\"\/gallery\/images\/slide0401.jpg\" alt=\"Image 2\" border=\"0\" \/><\/a><\/p>\n<div class=\"highslide-caption\"><strong>Figura 1<\/strong><\/p>\n<p>Versamento pleurico:<br \/>\ncellule mesoteliali benigne<br \/>\n20X<\/p><\/div>\n<\/div>\n<div class=\"chartColumnShortCell\"><strong>Figura 1<br \/>\n<\/strong>Versamento pleurico:<br \/>\ncellule mesoteliali benigne<br \/>\n20X<\/div>\n<div class=\"newRow\"><\/div>\n<div class=\"chartColumnCell\"><a class=\"highslide\" href=\"\/gallery\/images_large\/slide0402.jpg\"><br \/>\n<img decoding=\"async\" title=\"Click to enlarge\" src=\"\/gallery\/images\/slide0402.jpg\" alt=\"Image 3\" border=\"0\" \/><\/a><\/p>\n<div class=\"highslide-caption\"><strong>Figura 2<\/strong><\/p>\n<p>Versamento pleurico:<br \/>\ncellule mesoteliali benigne<br \/>\n40X<\/p><\/div>\n<\/div>\n<div class=\"chartColumnShortCell\"><strong>Figura 2<br \/>\n<\/strong>Versamento pleurico:<\/p>\n<p>cellule mesoteliali benigne<br \/>\n40X<\/p><\/div>\n<div class=\"newRow\"><\/div>\n<div class=\"chartColumnCell\"><a class=\"highslide\" href=\"\/gallery\/images_large\/slide0403.jpg\"><br \/>\n<img decoding=\"async\" title=\"Click to enlarge\" src=\"\/gallery\/images\/slide0403.jpg\" alt=\"Image 3\" border=\"0\" \/><\/a><\/p>\n<div class=\"highslide-caption\"><strong>Figura 3<br \/>\n<\/strong>Versamento pleurico:<br \/>\ncellule mesoteliali benigne<br \/>\n60X<\/div>\n<\/div>\n<div class=\"chartColumnShortCell\"><strong>Figura 3<br \/>\n<\/strong><br \/>\nVersamento pleurico:<br \/>\ncellule mesoteliali benigne<br \/>\n60X<\/div>\n<div class=\"newRow\"><\/div>\n<p><strong>Figure 1-3 &#8211; Versamento pleurico: cellule mesoteliali benigne.<\/strong><br \/>\nI foglietti di cellule mesoteliali benigne sono in genere composti da meno di 12 cellule, ma pu\u00f2 accadere che contengano fino a 50 cellule. In queste micrografie, la dispersione omogenea di cellule uniformi con nuclei regolari, membrane nucleari fini e nucleoli piccoli e rotondi indica la natura benigna delle cellule.<\/p>\n<div class=\"chartColumnCell\"><a class=\"highslide\" href=\"\/gallery\/images_large\/slide0404.jpg\" name=\"pap\"><br \/>\n<img decoding=\"async\" title=\"Click to enlarge\" src=\"\/gallery\/images\/slide0404.jpg\" alt=\"Image 2\" border=\"0\" \/><\/a><\/p>\n<div class=\"highslide-caption\"><strong>Figura 4<\/strong><\/p>\n<p>Versamento pleurico:<br \/>\ncellule mesoteliali reattive.<br \/>\n60X<\/p><\/div>\n<\/div>\n<div class=\"chartColumnShortCell\"><strong>Figura 4<br \/>\n<\/strong>Versamento pleurico:<\/p>\n<p>cellule mesoteliali reattive.<br \/>\n60X<\/p><\/div>\n<div class=\"newRow\"><\/div>\n<div class=\"chartColumnCell\"><a class=\"highslide\" href=\"\/gallery\/images_large\/slide0405.jpg\"><br \/>\n<img decoding=\"async\" title=\"Click to enlarge\" src=\"\/gallery\/images\/slide0405.jpg\" alt=\"Image 3\" border=\"0\" \/><\/a><\/p>\n<div class=\"highslide-caption\"><strong>Figura 5<\/strong><\/p>\n<p>Versamento pleurico:<br \/>\ncellule mesoteliali reattive.<br \/>\n60x<\/p><\/div>\n<\/div>\n<div class=\"chartColumnShortCell\"><strong>Figura 5<br \/>\n<\/strong>Versamento pleurico:<\/p>\n<p>cellule mesoteliali reattive.<br \/>\n60x<\/p><\/div>\n<div class=\"newRow\"><\/div>\n<p><strong>Figure 4-5: Versamento pleurico: cellule mesoteliali reattive.<\/strong><br \/>\nIn presenza di un processo infiammatorio, le cellule mesoteliali sono in numero maggiore, possono assumere varie dimensioni ed essere multinucleate. Gli elementi chiave della diagnosi comprendono (1) l&#8217;applicazione di criteri individuali di benignit\u00e0 e (2) la determinazione della presenza di un continuum ininterrotto di dimensioni, da piccole a molto grandi. \u00c8 possibile notare nuclei pi\u00f9 grandi, nucleoli piccoli multipli e spazi tra le cellule adiacenti, le cosiddette &#8220;finestre&#8221;. Si possono osservare cellule infiammatorie nello sfondo.<\/p>\n<div class=\"chartColumnCell\"><a class=\"highslide\" href=\"\/gallery\/images_large\/slide0406.jpg\" name=\"pap\"><br \/>\n<img decoding=\"async\" title=\"Click to enlarge\" src=\"\/gallery\/images\/slide0406.jpg\" alt=\"Image 2\" border=\"0\" \/><\/a><\/p>\n<div class=\"highslide-caption\"><strong>Figura 6<\/strong><\/p>\n<p>Versamento peritoneale:<br \/>\ncellule mesoteliali reattive.<br \/>\n60X<\/p><\/div>\n<\/div>\n<div class=\"chartColumnShortCell\"><strong>Figura 6<br \/>\n<\/strong>Versamento peritoneale:<br \/>\ncellule mesoteliali reattive.<br \/>\n60X<\/div>\n<div class=\"newRow\"><\/div>\n<p>Come avviene per i versamenti pleurici, le cellule mesoteliali provenienti da un versamento peritoneale possono assumere diverse dimensioni. Le cellule mesoteliali possono essere accompagnate da cellule infiammatorie e istiociti.<\/p>\n<div class=\"chartColumnCell\"><a class=\"highslide\" href=\"\/gallery\/images_large\/slide0407.jpg\"><br \/>\n<img decoding=\"async\" title=\"Click to enlarge\" src=\"\/gallery\/images\/slide0407.jpg\" alt=\"Image 3\" border=\"0\" \/><\/a><\/p>\n<div class=\"highslide-caption\"><strong>Figura 7<\/strong><\/p>\n<p>Versamento peritoneale:<br \/>\nbenigno.<br \/>\n60X<\/p><\/div>\n<\/div>\n<div class=\"chartColumnShortCell\"><strong>Figura 7<br \/>\n<\/strong> Versamento peritoneale:<\/p>\n<p>benigno.<br \/>\n60X<\/p><\/div>\n<div class=\"newRow\"><\/div>\n<p>Questo foglietto di cellule mesoteliali \u00e8 caratterizzato da una coesione moderata. I nuclei delle cellule del gruppo sono uniformi. Le membrane nucleari sono fini e sottili e i nucleoli sono piccoli, rotondi e uniformi.<\/p>\n<div class=\"chartColumnCell\"><a class=\"highslide\" href=\"\/gallery\/images_large\/slide0408.jpg\"><br \/>\n<img decoding=\"async\" title=\"Click to enlarge\" src=\"\/gallery\/images\/slide0408.jpg\" alt=\"Image 3\" border=\"0\" \/><\/a><\/p>\n<div class=\"highslide-caption\"><strong>Figura 8<\/strong><\/p>\n<p>Versamento peritoneale:<br \/>\ncellule mesoteliali reattive.<br \/>\n60X<\/p><\/div>\n<\/div>\n<div class=\"chartColumnShortCell\"><strong>Figura 8<br \/>\n<\/strong> Versamento peritoneale:<\/p>\n<p>cellule mesoteliali reattive.<br \/>\n60X<\/p><\/div>\n<div class=\"newRow\"><\/div>\n<p>Versamento peritoneale che presenta una leggera anisocitosi cellulare dovuta a un processo reattivo.<\/p>\n<div class=\"chartColumnCell\"><a class=\"highslide\" href=\"\/gallery\/images_large\/slide0409.jpg\"><br \/>\n<img decoding=\"async\" title=\"Click to enlarge\" src=\"\/gallery\/images\/slide0409.jpg\" alt=\"Image 3\" border=\"0\" \/><\/a><\/p>\n<div class=\"highslide-caption\"><strong>Figura 9<\/strong><\/p>\n<p>Versamento pleurico:<br \/>\nArtefatti.<br \/>\n20X<\/p><\/div>\n<\/div>\n<div class=\"chartColumnShortCell\"><strong>Figura 9<br \/>\n<\/strong> Versamento pleurico:<\/p>\n<p>Artefatti.<br \/>\n20X<\/p><\/div>\n<div class=\"newRow\"><\/div>\n<p>Le fibre dei materiali utilizzati per la raccolta o l&#8217;elaborazione del campione sono rilevabili nei versamenti corporei di qualsiasi regione.<\/p>\n<div class=\"chartColumnCell\"><a class=\"highslide\" href=\"\/gallery\/images_large\/slide0410.jpg\" name=\"pap\"><br \/>\n<img decoding=\"async\" title=\"Click to enlarge\" src=\"\/gallery\/images\/slide0410.jpg\" alt=\"Image 2\" border=\"0\" \/><\/a><\/p>\n<div class=\"highslide-caption\"><strong>Figura 10<\/strong><\/p>\n<p>Versamento pericardico:<br \/>\ncellule mesoteliali benigne.<br \/>\n20X<\/p><\/div>\n<\/div>\n<div class=\"chartColumnShortCell\"><strong>Figura 10<br \/>\n<\/strong>Versamento pericardico:<\/p>\n<p>cellule mesoteliali benigne.<br \/>\n20X<\/p><\/div>\n<div class=\"newRow\"><\/div>\n<div class=\"chartColumnCell\"><a class=\"highslide\" href=\"\/gallery\/images_large\/slide0411.jpg\"><br \/>\n<img decoding=\"async\" title=\"Click to enlarge\" src=\"\/gallery\/images\/slide0411.jpg\" alt=\"Image 3\" border=\"0\" \/><\/a><\/p>\n<div class=\"highslide-caption\"><strong>Figura 11<\/strong><\/p>\n<p>Versamento pericardico:<br \/>\ncellule mesoteliali benigne.<br \/>\n40X<\/p><\/div>\n<\/div>\n<div class=\"chartColumnShortCell\"><strong>Figura 11<br \/>\n<\/strong> Versamento pericardico:<br \/>\ncellule mesoteliali benigne.<br \/>\n40X<\/div>\n<div class=\"newRow\"><\/div>\n<div class=\"chartColumnCell\"><a class=\"highslide\" href=\"\/gallery\/images_large\/slide0412.jpg\"><br \/>\n<img decoding=\"async\" title=\"Click to enlarge\" src=\"\/gallery\/images\/slide0412.jpg\" alt=\"Image 3\" border=\"0\" \/><\/a><\/p>\n<div class=\"highslide-caption\"><strong>Figura 12<br \/>\n<\/strong>Versamento pericardico:<br \/>\ncellule mesoteliali benigne.<br \/>\n60X<\/div>\n<\/div>\n<div class=\"chartColumnShortCell\"><strong>Figura 12<br \/>\n<\/strong><br \/>\nVersamento pericardico:<br \/>\ncellule mesoteliali benigne.<br \/>\n60X<\/div>\n<\/div>\n<div class=\"newRow\"><\/div>\n<p><strong> Figure 10-12: Versamento pericardico: cellule mesoteliali benigne.<\/strong><br \/>\nLa pericardiocentesi pu\u00f2 provocare la formazione di foglietti di cellule mesoteliali benigne simili a quelli osservabili in altri versamenti delle cavit\u00e0 corporee. L&#8217;eziologia dei versamenti pericardici \u00e8 solitamente infettiva (virale), autoimmune, infiammatoria (infarto miocardico) o reattiva (uremia). Il tumore, in particolare quello che colpisce i polmoni, pu\u00f2 coinvolgere anche il pericardio.<\/p>\n<p>&nbsp;<\/p>\n<p><a class=\"back\" href=\"#\">Torna a inizio pagina<\/a><\/p>\n<p><a href=\"nongyn_atlas.htm\">Ritorna alla Indice dei contenuti<\/a><\/p>\n<\/div>\n<p>[\/vc_column_text][vc_column_text css=&#8221;.vc_custom_1500390293825{margin-top: 30px !important;}&#8221; el_class=&#8221;back-to-top&#8221;]<strong><a href=\"#main\">Back to Top<\/a><\/strong>[\/vc_column_text][\/vc_column][vc_column width=&#8221;1\/3&#8243; offset=&#8221;vc_hidden-sm vc_hidden-xs&#8221;][vc_widget_sidebar sidebar_id=&#8221;consulting-right-sidebar&#8221;][\/vc_column][\/vc_row]<\/p>\n","protected":false},"excerpt":{"rendered":"<p>[vc_row 0=&#8221;&#8221;][vc_column 0=&#8221;&#8221; offset=&#8221;vc_hidden-lg vc_hidden-md&#8221;][vc_raw_html 0=&#8221;&#8221;]PGNlbnRlcj48YSBjbGFzcz0ic2hpZnRuYXYtdG9nZ2xlIHNoaWZ0bmF2LXRvZ2dsZS1idXR0b24iIGRhdGEtc2hpZnRuYXYtdGFyZ2V0PSJzaGlmdG5hdi1tYWluIj48aSBjbGFzcz0iZmEgZmEtYmFycyI+PC9pPiBUYWJsZSBvZiBDb250ZW50cyA8L2E+PC9jZW50ZXI+[\/vc_raw_html][\/vc_column][\/vc_row][vc_row][vc_column][vc_custom_heading text=&#8221;Citologia dei versamenti della cavit\u00e0 pleurica, pericardica e peritoneale&#8221; font_container=&#8221;tag:h1|text_align:center&#8221; use_theme_fonts=&#8221;yes&#8221;][\/vc_column][\/vc_row][vc_row el_id=&#8221;acknowledgements&#8221;][vc_column width=&#8221;2\/3&#8243;][vc_column_text] VERSAMENTI NEGATIVI Ricorda: Puoi cliccare su qualsiasi immagine per ingrandire l&#8217;immagine. Figura 1 Versamento pleurico: cellule mesoteliali benigne 20X Figura 1 Versamento pleurico: cellule mesoteliali benigne 20X Figura 2 Versamento pleurico: cellule mesoteliali benigne 40X Figura<\/p>\n","protected":false},"author":7,"featured_media":0,"parent":1951,"menu_order":0,"comment_status":"closed","ping_status":"closed","template":"","meta":{"ngg_post_thumbnail":0,"footnotes":""},"class_list":["post-2072","page","type-page","status-publish","hentry"],"_links":{"self":[{"href":"https:\/\/dev.cytologystuff.com\/it\/wp-json\/wp\/v2\/pages\/2072","targetHints":{"allow":["GET"]}}],"collection":[{"href":"https:\/\/dev.cytologystuff.com\/it\/wp-json\/wp\/v2\/pages"}],"about":[{"href":"https:\/\/dev.cytologystuff.com\/it\/wp-json\/wp\/v2\/types\/page"}],"author":[{"embeddable":true,"href":"https:\/\/dev.cytologystuff.com\/it\/wp-json\/wp\/v2\/users\/7"}],"replies":[{"embeddable":true,"href":"https:\/\/dev.cytologystuff.com\/it\/wp-json\/wp\/v2\/comments?post=2072"}],"version-history":[{"count":0,"href":"https:\/\/dev.cytologystuff.com\/it\/wp-json\/wp\/v2\/pages\/2072\/revisions"}],"up":[{"embeddable":true,"href":"https:\/\/dev.cytologystuff.com\/it\/wp-json\/wp\/v2\/pages\/1951"}],"wp:attachment":[{"href":"https:\/\/dev.cytologystuff.com\/it\/wp-json\/wp\/v2\/media?parent=2072"}],"curies":[{"name":"wp","href":"https:\/\/api.w.org\/{rel}","templated":true}]}}