{"id":1848,"date":"2017-07-31T17:48:13","date_gmt":"2017-07-31T17:48:13","guid":{"rendered":"http:\/\/cytologystuff1.wpengine.com\/atypical-squamous-cells\/"},"modified":"2017-11-15T06:16:21","modified_gmt":"2017-11-15T06:16:21","slug":"atypical-squamous-cells","status":"publish","type":"page","link":"https:\/\/dev.cytologystuff.com\/it\/1587-2\/gyn-atlas-table-of-contents\/atypical-squamous-cells\/","title":{"rendered":"CELLULE SQUAMOSE"},"content":{"rendered":"<p>[vc_row 0=&#8221;&#8221;][vc_column 0=&#8221;&#8221; offset=&#8221;vc_hidden-lg vc_hidden-md&#8221;][vc_raw_html 0=&#8221;&#8221;]PGNlbnRlcj48YSBjbGFzcz0ic2hpZnRuYXYtdG9nZ2xlIHNoaWZ0bmF2LXRvZ2dsZS1idXR0b24iIGRhdGEtc2hpZnRuYXYtdGFyZ2V0PSJzaGlmdG5hdi1tYWluIj48aSBjbGFzcz0iZmEgZmEtYmFycyI+PC9pPiBUYWJsZSBvZiBDb250ZW50cyA8L2E+PC9jZW50ZXI+[\/vc_raw_html][\/vc_column][\/vc_row][vc_row][vc_column][vc_custom_heading text=&#8221;CELLULE SQUAMOSE&#8221; font_container=&#8221;tag:h1|text_align:center&#8221; use_theme_fonts=&#8221;yes&#8221;][\/vc_column][\/vc_row][vc_row el_id=&#8221;acknowledgements&#8221;][vc_column width=&#8221;2\/3&#8243;][vc_column_text]<\/p>\n<p class=\"subhead\">CELLULE SQUAMOSE<\/p>\n<p><strong>CELLULE SQUAMOSE ATIPICHE<\/strong><br \/>\n<em>Richard A. Smith, medico <\/em><\/p>\n<p>Nessuna classe diagnostica genera discussioni pi\u00f9 accese delle cellule squamose atipiche (ASC). La revisione della classificazione del Bethesda System (TBS) del 2001 ha comportato l&#8217;introduzione di nuovi termini. Il TBS afferma che la categoria ASC deve essere presa in considerazione per la diagnosi quando le anomalie squamose sono presenti in misura pi\u00f9 marcata di quelle attribuibili ad alterazioni reattive, ma qualitativamente e quantitativamente inferiori ai criteri diagnostici utilizzati per lesioni intraepiteliali squmose di basso o alto grado. Inoltre, il TBS sottolinea l&#8217;importanza di qualificare questa diagnosi come &#8220;significato indeterminato&#8221; (ASC-US) o non si esclude una HSIL&#8221; (ASC-H).<\/p>\n<p>La corretta classificazione delle ASC rappresenta una vera e propria sfida per citologi e patologi, considerata la soggettivit\u00e0 delle interpretazioni e dei criteri morfologici descrittivi per questa categoria. \u00c8 possibile affermare che, fin dall\u2019adozione del TBS, le figure professionali addette alla lettura dello striscio convenzionale abbiano utilizzato questa categoria per classificare tutti gli strisci che pongono dubbi di interpretazione.<\/p>\n<p>Gli artefatti presenti nello striscio convenzionale, come le cellule essiccate all&#8217;aria o parzialmente oscurate, possono portare a una diagnosi di ASC. \u00c8 possibile che il grado di atipia apparente presente nelle cellule reattive venga accentuato dall\u2019essiccamento all&#8217;aria o dal campionamento. Questi artefatti impediscono ai citologi e ai patologi di visualizzare in modo adeguato il dettaglio nucleare delle cellule in questione, ostacolando la formulazione di una diagnosi definitiva.<\/p>\n<p>Il fissaggio immediato in fase liquida utilizzato dal sistema ThinPrep consente ai patologi e ai citologi di non utilizzare la categoria ASC per classificare tutti gli strisci che pongono dubbi di interpretazione e di distinguere tra alterazioni cellulari dovute a condizioni reattive, atipia squamosa definita e lesioni displastiche. Ci\u00f2 non significa che l&#8217;adozione del ThinPrep Pap Test consente di eliminare le interpretazioni ASC, ma almeno permette al personale di laboratorio di affinare i criteri morfologici, eliminando alcuni casi &#8220;ASC&#8221; riconducibili a preparazioni inadeguate meglio identificando casi che potrebbero presentare anomalie.<\/p>\n<p style=\"padding-left: 7px;\"><a style=\"width: 350px; display: block;\"><img loading=\"lazy\" decoding=\"async\" id=\"selfAssessImg\" src=\"\/images\/button27h.gif\" width=\"350\" height=\"40\" \/><\/a><\/p>\n<div class=\"highslide-gallery\"><strong>Ricorda: Puoi cliccare su qualsiasi immagine per ingrandire l&#8217;immagine.<\/strong><\/p>\n<div class=\"chartColumnCell\"><a class=\"highslide\" href=\"\/gallery\/images_large\/slide0014.jpg\" name=\"pap\"><br \/>\n<img decoding=\"async\" title=\"Click to enlarge\" src=\"\/gallery\/images\/slide0014.jpg\" alt=\"Image 2\" border=\"0\" \/><\/a><\/p>\n<div class=\"highslide-caption\"><strong>Striscio tradizionale<\/strong><br \/>\nASC-US<\/div>\n<\/div>\n<div class=\"chartColumnShortCell\"><strong>Striscio tradizionale<\/strong><br \/>\nASC-US<\/div>\n<div class=\"newRow\"><\/div>\n<div class=\"chartColumnCell\"><a class=\"highslide\" href=\"\/gallery\/images_large\/slide0030.jpg\"><br \/>\n<img decoding=\"async\" title=\"Click to enlarge\" src=\"\/gallery\/images\/slide0030.jpg\" alt=\"Image 3\" border=\"0\" \/><\/a><\/p>\n<div class=\"highslide-caption\"><strong>ThinPrep Pap Test<\/strong><br \/>\nASC-US<br \/>\nStessa paziente, campione diviso<\/div>\n<\/div>\n<div class=\"chartColumnShortCell\"><strong>ThinPrep Pap Test<\/strong><br \/>\nASC-US<br \/>\nStessa paziente, campione diviso<\/div>\n<\/div>\n<div class=\"newRow\"><\/div>\n<p><a name=\"assess\"><\/a><br \/>\nIl ThinPrep Pap Test<sup>\u00ae<\/sup> riduce al minimo gli artefatti problematici dovuti al campionamento e al fissaggio spray. In questo modo, \u00e8 possibile visualizzare il nucleo in modo adeguato e formulare una diagnosi definitiva. Le cellule epiteliali di solito incluse nella categoria ASC sono le cellule squamose mature e squamose metaplasiche che mostrano alterazioni minime e non corrispondono a una diagnosi di LSIL o HSIL. I nuclei sono leggermente pi\u00f9 grandi rispetto alle dimensioni normali dello stesso tipo di cellula. In genere, i nuclei sono regolari, ma pu\u00f2 accadere che presentino piccole irregolarit\u00e0 nella membrana. Quando si prende in considerazione la componente metaplasica, \u00e8 opportuno accertarsi che le irregolarit\u00e0 non siano dovute a vacuoli che costringono il nucleo ad assumere una posizione anormale. Il pattern della cromatina \u00e8 leggermente granulare e distribuito uniformemente. I cromocentri o i nucleoli sono in genere appena visibili o assenti, a meno che non sia in atto un processo reattivo associato ad atipia, nel qual caso \u00e8 opportuno prendere in considerazione la diagnosi differenziale di reattivit\u00e0 in base alla presenza o assenza di altri criteri.<\/p>\n<p>Sia con i vetrini ThinPrep<sup>\u00ae<\/sup> che con lo striscio convenzionale, \u00e8 possibile arrivare a un&#8217;interpretazione di ASC osservando diverse alterazioni cellulari, tra le quali, atipia squamosa, metaplasia squamosa atipica e paracheratosi atipica. I criteri relativi alle ASC nel ThinPrep Pap Test sono i seguenti:<\/p>\n<div class=\"highslide-gallery\"><strong>Ricorda: Puoi cliccare su qualsiasi immagine per ingrandire l&#8217;immagine.<\/strong><\/p>\n<div class=\"chartColumnCell\"><a class=\"highslide\" href=\"\/gallery\/images_large\/slide0192.jpg\" name=\"asc\"><br \/>\n<img decoding=\"async\" title=\"Click to enlarge\" src=\"\/gallery\/images\/slide0192.jpg\" alt=\"Image 1\" border=\"0\" \/><\/a><\/p>\n<div class=\"highslide-caption\"><strong>ASC-US<\/strong><br \/>\nLe cellule sono prevalentemente isolate e in piccoli lembi.<br \/>\n40X<\/div>\n<\/div>\n<div class=\"chartColumnShortCell\"><strong>ASC-US<\/strong><br \/>\nLe cellule sono prevalentemente isolate e in piccoli lembi.<br \/>\n40X<\/div>\n<div class=\"newRow\"><\/div>\n<div class=\"chartColumnCell\"><a class=\"highslide\" href=\"\/gallery\/images_large\/slide0022.jpg\"><br \/>\n<img decoding=\"async\" title=\"Click to enlarge\" src=\"\/gallery\/images\/slide0022.jpg\" alt=\"Image 2\" border=\"0\" \/><\/a><\/p>\n<div class=\"highslide-caption\"><strong>ASC-US<\/strong><br \/>\nI nuclei sono da 2,5 a 3 volte la dimensione del nucleo di una cellula intermedia normale o da 1,5 a 2 volte la dimensione del nucleo di una cellula metaplasica normale.<br \/>\n40X<\/div>\n<\/div>\n<div class=\"chartColumnShortCell\"><strong>ASC-US<\/strong><br \/>\nI nuclei sono da 2,5 a 3 volte la dimensione del nucleo di una cellula intermedia normale o da 1,5 a 2 volte la dimensione del nucleo di una cellula metaplasica normale.<br \/>\n40X<\/div>\n<div class=\"newRow\"><\/div>\n<div class=\"chartColumnCell\"><a class=\"highslide\" href=\"\/gallery\/images_large\/slide0023.jpg\"><br \/>\n<img decoding=\"async\" title=\"Click to enlarge\" src=\"\/gallery\/images\/slide0023.jpg\" alt=\"Image 3\" border=\"0\" \/><\/a><\/p>\n<div class=\"highslide-caption\"><strong>ASC-US<\/strong><br \/>\nSi osserva un lieve aumento del rapporto nucleare\/citoplasmico.<br \/>\n40X<\/div>\n<\/div>\n<div class=\"chartColumnShortCell\"><strong>ASC-US<\/strong><br \/>\nSi osserva un lieve aumento del rapporto nucleare\/citoplasmico.<br \/>\n40X<\/div>\n<div class=\"newRow\"><\/div>\n<div class=\"chartColumnCell\"><a class=\"highslide\" href=\"\/gallery\/images_large\/slide0024.jpg\"><br \/>\n<img decoding=\"async\" title=\"Click to enlarge\" src=\"\/gallery\/images\/slide0024.jpg\" alt=\"Image 4\" border=\"0\" \/><\/a><\/p>\n<div class=\"highslide-caption\"><strong>ASC-US<\/strong><br \/>\nLe membrane nucleari sono regolari o leggermente irregolari.<br \/>\n60X<\/div>\n<\/div>\n<div class=\"chartColumnShortCell\"><strong>ASC-US<\/strong><br \/>\nLe membrane nucleari sono regolari o leggermente irregolari.<br \/>\n60X<\/div>\n<div class=\"newRow\"><\/div>\n<div class=\"chartColumnCell\"><a class=\"highslide\" href=\"\/gallery\/images_large\/slide0025.jpg\" name=\"asc2\"><br \/>\n<img decoding=\"async\" title=\"Click to enlarge\" src=\"\/gallery\/images\/slide0025.jpg\" alt=\"Image 5\" border=\"0\" \/><\/a><\/p>\n<div class=\"highslide-caption\"><strong>ASC-US<\/strong><br \/>\nLa cromatina \u00e8 finemente granulare e distribuita uniformemente.<br \/>\n60X<\/div>\n<\/div>\n<div class=\"chartColumnShortCell\"><strong>ASC-US<\/strong><br \/>\nLa cromatina \u00e8 finemente granulare e distribuita uniformemente.<br \/>\n60X<\/div>\n<div class=\"newRow\"><\/div>\n<div class=\"chartColumnCell\"><a class=\"highslide\" href=\"\/gallery\/images_large\/slide0026.jpg\"><br \/>\n<img decoding=\"async\" title=\"Click to enlarge\" src=\"\/gallery\/images\/slide0026.jpg\" alt=\"Image 6\" border=\"0\" \/><\/a><\/p>\n<div class=\"highslide-caption\"><strong>ASC-US<\/strong><br \/>\nL&#8217;ipercromasia nucleare \u00e8 assente o lieve.<br \/>\n40X<\/div>\n<\/div>\n<div class=\"chartColumnShortCell\"><strong>ASC-US<\/strong><br \/>\nL&#8217;ipercromasia nucleare \u00e8 assente o lieve.<br \/>\n40X<\/div>\n<div class=\"newRow\"><\/div>\n<div class=\"chartColumnCell\"><a class=\"highslide\" href=\"\/gallery\/images_large\/slide0027.jpg\"><br \/>\n<img decoding=\"async\" title=\"Click to enlarge\" src=\"\/gallery\/images\/slide0027.jpg\" alt=\"Image 7\" border=\"0\" \/><\/a><\/p>\n<div class=\"highslide-caption\"><strong>ASC-US<\/strong><br \/>\nI nucleoli\/cromocentri sono appena visibili o assenti.<\/p>\n<p>40X<\/p><\/div>\n<\/div>\n<div class=\"chartColumnShortCell\"><strong>ASC-US<\/strong><br \/>\nI nucleoli\/cromocentri sono appena visibili o assenti.<\/p>\n<p>40X<\/p><\/div>\n<div class=\"newRow\"><\/div>\n<div class=\"chartColumnCell\"><a class=\"highslide\" href=\"\/gallery\/images_large\/slide0028.jpg\"><br \/>\n<img decoding=\"async\" title=\"Click to enlarge\" src=\"\/gallery\/images\/slide0028.jpg\" alt=\"Image 8\" border=\"0\" \/><\/a><\/p>\n<div class=\"highslide-caption\"><strong>ASC-US<\/strong><br \/>\nL&#8217;effetto citopatico da HPV e\/o la binucleazione possono suggerire alterazioni da HPV, ma non corrispondono a una diagnosi di LSIL.<br \/>\n60X<\/div>\n<\/div>\n<div class=\"chartColumnShortCell\"><strong>ASC-US<\/strong><br \/>\nL&#8217;effetto citopatico da HPV e\/o la binucleazione possono suggerire alterazioni da HPV, ma non corrispondono a una diagnosi di LSIL.<br \/>\n60X<\/div>\n<div class=\"newRow\"><\/div>\n<div class=\"chartColumnCell\"><a class=\"highslide\" href=\"\/gallery\/images_large\/slide0029.jpg\"><br \/>\n<img decoding=\"async\" title=\"Click to enlarge\" src=\"\/gallery\/images\/slide0029.jpg\" alt=\"Image 9\" border=\"0\" \/><\/a><\/p>\n<div class=\"highslide-caption\"><strong>ASC-US<\/strong><br \/>\nLa binucleazione \u00e8 associata all&#8217;HPV, ma pu\u00f2 essere riconducibile anche a un processo reattivo.<br \/>\n20X<\/div>\n<\/div>\n<div class=\"chartColumnShortCell\"><strong>ASC-US<\/strong><br \/>\nLa binucleazione \u00e8 associata all&#8217;HPV, ma pu\u00f2 essere riconducibile anche a un processo reattivo.<br \/>\n20X<\/div>\n<div class=\"newRow\"><\/div>\n<div class=\"chartColumnCell\"><a class=\"highslide\" href=\"\/gallery\/images_large\/slide0015.jpg\"><br \/>\n<img decoding=\"async\" title=\"Click to enlarge\" src=\"\/gallery\/images\/slide0015.jpg\" alt=\"Image 10\" border=\"0\" \/><\/a><\/p>\n<div class=\"highslide-caption\"><strong>ASC-US<\/strong><br \/>\nLa paracheratosi atipica pu\u00f2 manifestarsi con un pleomorfismo cellulare minimo, un piccolo aumento della dimensione dei nuclei e cromatina vescicolare.<br \/>\n40X<\/div>\n<\/div>\n<div class=\"chartColumnShortCell\"><strong>ASC-US<\/strong><br \/>\nLa paracheratosi atipica pu\u00f2 manifestarsi con un pleomorfismo cellulare minimo, un piccolo aumento della dimensione dei nuclei e cromatina vescicolare.<br \/>\n40X<\/div>\n<div class=\"newRow\"><\/div>\n<div class=\"chartColumnCell\"><a class=\"highslide\" href=\"\/gallery\/images_large\/slide0016.jpg\"><br \/>\n<img decoding=\"async\" title=\"Click to enlarge\" src=\"\/gallery\/images\/slide0016.jpg\" alt=\"Image 11\" border=\"0\" \/><\/a><\/p>\n<div class=\"highslide-caption\"><strong>ASC-H<\/strong><br \/>\nCellule metaplasiche atipiche con rapporto N\/C leggermente aumentato, piccole irregolarit\u00e0 nella membrana nucleare, lieve ipercromasia e Trichomonas. La biopsia ha messo in evidenza una metaplasia squamosa atipica.<br \/>\n60x<\/div>\n<\/div>\n<div class=\"chartColumnShortCell\"><strong>ASC-H<\/strong><br \/>\nCellule metaplasiche atipiche con rapporto N\/C leggermente aumentato, piccole irregolarit\u00e0 nella membrana nucleare, lieve ipercromasia e Trichomonas. La biopsia ha messo in evidenza una metaplasia squamosa atipica.<br \/>\n60x<\/div>\n<div class=\"newRow\"><\/div>\n<div class=\"chartColumnCell\"><a class=\"highslide\" href=\"\/gallery\/images_large\/slide0017.jpg\"><br \/>\n<img decoding=\"async\" title=\"Click to enlarge\" src=\"\/gallery\/images\/slide0017.jpg\" alt=\"Image 12\" border=\"0\" \/><\/a><\/p>\n<div class=\"highslide-caption\"><strong>ASC-H<\/strong><br \/>\nCellule metaplasiche atipiche con rapporto N\/C leggermente aumentato, ipercromasia e lievi irregolarit\u00e0 nella membrana. La biopsia ha messo in evidenza una displasia moderata (CIN II) e un&#8217;infiammazione acuta e cronica.<br \/>\n60x<\/div>\n<\/div>\n<div class=\"chartColumnShortCell\"><strong>ASC-H<\/strong><br \/>\nCellule metaplasiche atipiche con rapporto N\/C leggermente aumentato, ipercromasia e lievi irregolarit\u00e0 nella membrana. La biopsia ha messo in evidenza una displasia moderata (CIN II) e un&#8217;infiammazione acuta e cronica.<br \/>\n60x<\/div>\n<\/div>\n<div class=\"newRow\"><\/div>\n<p class=\"subhead\">ELEMENTI IDENTICI:<\/p>\n<table class=\"chart\">\n<tbody>\n<tr class=\"chart\">\n<td width=\"152\"><\/td>\n<td class=\"heading\" width=\"136\">REATTIVO<\/td>\n<td class=\"heading\" width=\"88\">ASC-US<\/td>\n<td class=\"heading\" width=\"88\">LSIL<\/td>\n<\/tr>\n<tr>\n<td class=\"chart\">Nucleo<\/td>\n<td class=\"chart\">Pi\u00f9 grande di 1,5-2 volte, piatto<\/td>\n<td class=\"chart\">Pi\u00f9 grande di 2-3 volte, da piatto ad una profondit\u00e0 di fuoco minima<\/td>\n<td class=\"chart\">Pi\u00f9 grande di 3-4 volte, leggera profondit\u00e0 di fuoco<\/td>\n<\/tr>\n<tr class=\"chart\">\n<td class=\"chart\">Membrana nucleare<\/td>\n<td class=\"chart\">Regolare<\/td>\n<td class=\"chart\">Regolare o leggermente irregolare<\/td>\n<td class=\"chart\">Regolare o leggermente irregolare<\/td>\n<\/tr>\n<tr>\n<td class=\"chart\">Cromatina<\/td>\n<td class=\"chart\">Finemente granulare e distribuita uniformemente<\/td>\n<td class=\"chart\">Finemente granulare e distribuita uniformemente<\/td>\n<td class=\"chart\">Finermente pi\u00f9 granulare e distribuita uniformemente\/td&gt;<\/td>\n<\/tr>\n<tr class=\"chart\">\n<td class=\"chart\">Nucleoli\/Cromocentri<\/td>\n<td class=\"chart\">Piccoli o evidenti, a volte multipli<\/td>\n<td class=\"chart\">Appena visibili o assenti<\/td>\n<td class=\"chart\">Assenti<\/td>\n<\/tr>\n<tr>\n<td class=\"chart\">Caratteristiche del citoplasma<\/td>\n<td class=\"chart\">Presenza di alone perinucleare<\/td>\n<td class=\"chart\">Cavitazione sospetta<\/td>\n<td class=\"chart\">Cavitazione diagnostica da HPV<\/td>\n<\/tr>\n<tr class=\"chart\">\n<td class=\"chart\">Anfofilia<\/td>\n<td class=\"chart\">Pu\u00f2 essere presente<\/td>\n<td class=\"chart\">Assente<\/td>\n<td class=\"chart\">Assente<\/td>\n<\/tr>\n<\/tbody>\n<\/table>\n<p>Le immagini seguenti rappresentano campioni del ThinPrep<sup>\u00ae<\/sup> Pap Test che potrebbero essere interpretati come alterazioni reattive, ASC-US e LSIL.<\/p>\n<p>&nbsp;<\/p>\n<div class=\"highslide-gallery\"><strong>Ricorda: Puoi cliccare su qualsiasi immagine per ingrandire l&#8217;immagine.<\/strong><\/p>\n<div class=\"chartColumnCell\"><a class=\"highslide\" href=\"\/gallery\/images_large\/slide0018.jpg\"><br \/>\n<img decoding=\"async\" title=\"Click to enlarge\" src=\"\/gallery\/images\/slide0018.jpg\" alt=\"Image 13\" border=\"0\" \/><\/a><\/p>\n<div class=\"highslide-caption\"><strong>Aspetto simile:<\/strong><br \/>\nAlterazioni reattive (negativo per lesione intraepiteliale o malignit\u00e0)<br \/>\n20x<\/div>\n<\/div>\n<div class=\"chartColumnShortCell\"><strong>Aspetto simile:<\/strong><br \/>\nAlterazioni reattive (negativo per lesione intraepiteliale o malignit\u00e0)<br \/>\n20x<\/div>\n<div class=\"newRow\"><\/div>\n<div class=\"chartColumnCell\"><a class=\"highslide\" href=\"\/gallery\/images_large\/slide0019.jpg\"><br \/>\n<img decoding=\"async\" title=\"Click to enlarge\" src=\"\/gallery\/images\/slide0019.jpg\" alt=\"Image 14\" border=\"0\" \/><\/a><\/p>\n<div class=\"highslide-caption\"><strong>Aspetto simile:<\/strong><br \/>\nASC-US<br \/>\n60x<\/div>\n<\/div>\n<div class=\"chartColumnShortCell\"><strong>Aspetto simile:<\/strong><br \/>\nASC-US<br \/>\n60x<\/div>\n<div class=\"newRow\"><\/div>\n<div class=\"chartColumnCell\"><a class=\"highslide\" href=\"\/gallery\/images_large\/slide0020.jpg\"><br \/>\n<img decoding=\"async\" title=\"Click to enlarge\" src=\"\/gallery\/images\/slide0020.jpg\" alt=\"Image 15\" border=\"0\" \/><\/a><\/p>\n<div class=\"highslide-caption\"><strong>Aspetto simile:<\/strong><br \/>\nLSIL<br \/>\n40x<\/div>\n<\/div>\n<div class=\"chartColumnShortCell\"><strong>Aspetto simile:<\/strong><br \/>\nLSIL<br \/>\n40x<\/div>\n<\/div>\n<div class=\"newRow\"><\/div>\n<p>Come affermato in precedenza, l&#8217;adozione del ThinPrep<sup>\u00ae<\/sup>Pap Test non comporta l&#8217;eliminazione della categoria ASC. Pu\u00f2 anzi capitare che, se l&#8217;operatore non \u00e8 a conoscenza delle conseguenze del fissaggio in fase liquida descritte nel materiale introduttivo relativo alla &#8220;valutazione al microscopio dei vetrini ThinPrep&#8221;, la migliore conservazione delle cellule ottenuta grazie a questo tipo di fissazione pu\u00f2 portare ad una sovrastima della dimensione dei nuclei e della cromatina ed ad una conseguente diagnosi ASC. In alcune circostanze, pu\u00f2 accadere che il personale di laboratorio rilevi un temporaneo aumento dell&#8217;utilizzo della categoria ASC immediatamente dopo l&#8217;adozione del ThinPrep Pap Test. Una volta acquisita una certa esperienza, sar\u00e0 per\u00f2 possibile notare una diminuzione di tale percentuale anche rispetto allo striscio convenzionale.<\/p>\n<p>Finch\u00e9 \u00e8 inclusa nel TBS, la categoria ASC continuer\u00e0 ad essere utilizzata in modo controverso dai patologi a causa della soggettivit\u00e0 insita nella diagnosi umana e della variabilit\u00e0 dei criteri interpretativi. Altrettanto importante \u00e8 la natura biologica dell&#8217;HPV (Human Papilloma Virus), che provoca alterazioni morfologiche cellulari meno gravi rispetto alla LSIL. Le alterazioni morfologiche causate dall&#8217;HPV vengono descritte in modo approfondito nella sezione relativa alle lesioni intraepiteliali squamose di basso grado. Il ruolo di questo virus nella formazione delle ASC stimola la determinazione del rischio relativo della lesione, attraverso l\u2019identificazione di ceppi ad alto e basso rischio oncogeno mediante l\u2019utilizzo di tests ancillari condotti sullo stesso materiale contenuto nella fiala del ThinPrep Pap Test.<\/p>\n<p><a name=\"readings\"><\/a><strong>BIBLIOGRAFIA CONSIGLIATA:<\/strong><\/p>\n<ol class=\"normal\">\n<li>Crum CP et al: Subclassifying atypical squamous cells in ThinPrep cervical cytology correlates with detection of high-risk human papillomavirus DNA. Am J Clin Pathol 1999; 112:384-90<\/li>\n<li>Dziura B et al: Improved ASCUS diagnosis: Clinical and financial implications for follow-up care. Ob, Gyn. News 1999; 1:12-13<\/li>\n<li>Ferenczy et al: Diagnostic performance of Hybrid Capture human papilloma virus deoxyribonucleic acid assay combined with liquid-based cytologic study. Am J Obstet Gynecol 1996;175(3 pt.1): 951-6.<\/li>\n<li>Ferris et al for the Atypical Squamous Cells of Undetermined Significance\/Low-Grade Squamous Intraepithelial Lesions Triage Study (ALTS) group: Cervicography for triage of women with mildly abnormal cervical cytology results. Am J Obstet Gynecol 2001;185(4):939-43.<\/li>\n<li>Hong et al: Comparative analysis of a liquid based Pap test and concurrent HPV DNA assay of residual samples. ACTA Cytol 2002;46(5):828-34.<\/li>\n<li>Lin WM et al: Molecular Papanicolaou tests in the twenty-first century: Molecular analyses with fluid-based Papanicolaou technology. Am J Obstet Gynecol 2000; 39-45<\/li>\n<li>Manos MM et al: Identifying women with cervical neoplasia: Using human papillomavirus DNA testing for equivocal Papanicolaou results. JAMA 1999; 281:1605-10<\/li>\n<li>Papillo J et al: Evaluation of the ThinPrep Pap Test in clinical practice: a seven-month 16,314 case experience in northern Vermont. Acta Cytologica 1998; 42:204-208<\/li>\n<li>Quddus et al: Atypical squamous metaplastic cells: Reproducibility, outcome, and diagnostic features on ThinPrep Pap Test. Cancer (Cancer Pathol) 2001:93:16-22.<\/li>\n<li>Quddus et al: Utility of HPV DNA detection in thin-layer, liquid-based tests with atypical squamous metaplasia. ACTA Cytol 2002;46(5):808-12.<\/li>\n<li>Sherman et al: Cervical specimens collected in liquid buffer are suitable for both cytologic screening and ancillary human papillomavirus testing. Cancer 1997;81:89-97.<\/li>\n<li>Sherman et al: Performance of liquid based , thin-layer cervical cytology: Correlation with reference diagnosis and human papilloma virus testing. Mod Pathol 1998;11:837-843.<\/li>\n<li>Wright et al for the ASCCP-sponsored Consensus Conference: 2001 consensus guidelines for the management of women with cervical cytologic abnormalities. JAMA 2002;287(16):2120-29.<\/li>\n<\/ol>\n<p><a href=\"#top\">Torna a inizio pagina<\/a>[\/vc_column_text][vc_column_text css=&#8221;.vc_custom_1500390293825{margin-top: 30px !important;}&#8221; el_class=&#8221;back-to-top&#8221;]<strong><a href=\"#main\">Back to Top<\/a><\/strong>[\/vc_column_text][\/vc_column][vc_column width=&#8221;1\/3&#8243; offset=&#8221;vc_hidden-sm vc_hidden-xs&#8221;][vc_widget_sidebar sidebar_id=&#8221;consulting-right-sidebar&#8221;][\/vc_column][\/vc_row]<\/p>\n","protected":false},"excerpt":{"rendered":"<p>[vc_row 0=&#8221;&#8221;][vc_column 0=&#8221;&#8221; offset=&#8221;vc_hidden-lg vc_hidden-md&#8221;][vc_raw_html 0=&#8221;&#8221;]PGNlbnRlcj48YSBjbGFzcz0ic2hpZnRuYXYtdG9nZ2xlIHNoaWZ0bmF2LXRvZ2dsZS1idXR0b24iIGRhdGEtc2hpZnRuYXYtdGFyZ2V0PSJzaGlmdG5hdi1tYWluIj48aSBjbGFzcz0iZmEgZmEtYmFycyI+PC9pPiBUYWJsZSBvZiBDb250ZW50cyA8L2E+PC9jZW50ZXI+[\/vc_raw_html][\/vc_column][\/vc_row][vc_row][vc_column][vc_custom_heading text=&#8221;CELLULE SQUAMOSE&#8221; font_container=&#8221;tag:h1|text_align:center&#8221; use_theme_fonts=&#8221;yes&#8221;][\/vc_column][\/vc_row][vc_row el_id=&#8221;acknowledgements&#8221;][vc_column width=&#8221;2\/3&#8243;][vc_column_text] CELLULE SQUAMOSE CELLULE SQUAMOSE ATIPICHE Richard A. Smith, medico Nessuna classe diagnostica genera discussioni pi\u00f9 accese delle cellule squamose atipiche (ASC). La revisione della classificazione del Bethesda System (TBS) del 2001 ha comportato l&#8217;introduzione di nuovi termini. Il TBS afferma che la categoria<\/p>\n","protected":false},"author":7,"featured_media":0,"parent":1890,"menu_order":0,"comment_status":"closed","ping_status":"closed","template":"","meta":{"ngg_post_thumbnail":0,"footnotes":""},"class_list":["post-1848","page","type-page","status-publish","hentry"],"_links":{"self":[{"href":"https:\/\/dev.cytologystuff.com\/it\/wp-json\/wp\/v2\/pages\/1848","targetHints":{"allow":["GET"]}}],"collection":[{"href":"https:\/\/dev.cytologystuff.com\/it\/wp-json\/wp\/v2\/pages"}],"about":[{"href":"https:\/\/dev.cytologystuff.com\/it\/wp-json\/wp\/v2\/types\/page"}],"author":[{"embeddable":true,"href":"https:\/\/dev.cytologystuff.com\/it\/wp-json\/wp\/v2\/users\/7"}],"replies":[{"embeddable":true,"href":"https:\/\/dev.cytologystuff.com\/it\/wp-json\/wp\/v2\/comments?post=1848"}],"version-history":[{"count":0,"href":"https:\/\/dev.cytologystuff.com\/it\/wp-json\/wp\/v2\/pages\/1848\/revisions"}],"up":[{"embeddable":true,"href":"https:\/\/dev.cytologystuff.com\/it\/wp-json\/wp\/v2\/pages\/1890"}],"wp:attachment":[{"href":"https:\/\/dev.cytologystuff.com\/it\/wp-json\/wp\/v2\/media?parent=1848"}],"curies":[{"name":"wp","href":"https:\/\/api.w.org\/{rel}","templated":true}]}}