{"id":2147,"date":"2017-08-01T13:06:23","date_gmt":"2017-08-01T13:06:23","guid":{"rendered":"http:\/\/cytologystuff1.wpengine.com\/non-gyn-atlas\/urinary-tract-cytology-high-grade-urothelial-carcinoma\/"},"modified":"2017-11-22T07:15:03","modified_gmt":"2017-11-22T07:15:03","slug":"urinary-tract-cytology-high-grade-urothelial-carcinoma","status":"publish","type":"page","link":"https:\/\/dev.cytologystuff.com\/fr\/non-gyn-atlas\/urinary-tract-cytology-high-grade-urothelial-carcinoma\/","title":{"rendered":"Cytologie de l&#8217;appareil urinaire"},"content":{"rendered":"<p>[vc_row 0=&#8221;&#8221;][vc_column 0=&#8221;&#8221; offset=&#8221;vc_hidden-lg vc_hidden-md&#8221;][vc_raw_html 0=&#8221;&#8221;]PGNlbnRlcj48YSBjbGFzcz0ic2hpZnRuYXYtdG9nZ2xlIHNoaWZ0bmF2LXRvZ2dsZS1idXR0b24iIGRhdGEtc2hpZnRuYXYtdGFyZ2V0PSJzaGlmdG5hdi1tYWluIj48aSBjbGFzcz0iZmEgZmEtYmFycyI+PC9pPiBUYWJsZSBvZiBDb250ZW50cyA8L2E+PC9jZW50ZXI+[\/vc_raw_html][\/vc_column][\/vc_row][vc_row][vc_column][vc_custom_heading text=&#8221;Cytologie de l&#8217;appareil urinaire&#8221; font_container=&#8221;tag:h1|text_align:center&#8221; use_theme_fonts=&#8221;yes&#8221;][\/vc_column][\/vc_row][vc_row][vc_column width=&#8221;2\/3&#8243;][vc_column_text]<\/p>\n<div id=>\n<p class=\"subhead\">CARCINOME UROTH\u00c9LIAL DE HAUT GRADE <\/p>\n<p style=\"padding-left:7px\"><a href=\"javascript:void(0)\"  style=\"width:350px;display:block\"><img loading=\"lazy\" decoding=\"async\" src=\"\/images\/button27h.gif\" id=\"selfAssessImg\" width=\"350\" height=\"40\"><\/a><\/p>\n<div class=\"highslide-gallery\">\n<strong>Rappel : Vous pouvez cliquer sur une image<br \/>\nde l&#8217;Atlas pour la voir dans un format plus grand.<\/strong><\/p>\n<div class=\"chartColumnCell\">\n<a href=\"\/gallery\/images_large\/slide0713.jpg\" class=\"highslide\" onclick=\"return hs.expand(this)\"><br \/>\n\t<img decoding=\"async\" src=\"\/gallery\/images\/slide0713.jpg\" alt=\"Image 2\" title=\"Click to enlarge\" border=\"0\"><\/a><\/p>\n<div class=\"highslide-caption\">\n<strong>Figure 31<\/strong><br \/>\n<br \/>\nUrine obtenue par cath\u00e9t\u00e9risme, carcinome uroth\u00e9lial de haut grade <br \/>\nLes \u00e9chantillons de ces carcinomes sont souvent abondamment cellulaires.<br \/>\n20x<\/div>\n<\/div>\n<div class=\"chartColumnLongCell\">\n        <strong>Figure 31<br \/>\n        <\/strong><br \/>\nUrine obtenue par cath\u00e9t\u00e9risme, carcinome uroth\u00e9lial de haut grade <br \/>\nLes \u00e9chantillons de ces carcinomes sont souvent abondamment cellulaires.<br \/>\n20x<\/div>\n<div class=\"newRow\"><\/div>\n<div class=\"chartColumnCell\">\n<a href=\"\/gallery\/images_large\/slide0714.jpg\" class=\"highslide\" onclick=\"return hs.expand(this)\"><br \/>\n\t<img decoding=\"async\" src=\"\/gallery\/images\/slide0714.jpg\" alt=\"Image 3\" title=\"Click to enlarge\" border=\"0\"><\/a><\/p>\n<div class=\"highslide-caption\">\n<strong>Figure 32<\/strong><br \/>\n<br \/>\nUrine obtenue par cath\u00e9t\u00e9risme, carcinome uroth\u00e9lial de haut grade <br \/>\nDans cette affection, les cellules pr\u00e9sentent souvent un rapport N\/C \u00e9lev\u00e9.<br \/>\n40x  <\/div>\n<\/div>\n<div class=\"chartColumnLongCell\">\n \t<strong>Figure 32<br \/>\n \t<\/strong><br \/>\nUrine obtenue par cath\u00e9t\u00e9risme, carcinome uroth\u00e9lial de haut grade <br \/>\nDans cette affection, les cellules pr\u00e9sentent souvent un rapport N\/C \u00e9lev\u00e9.<br \/>\n40x <\/div>\n<div class=\"newRow\"><\/div>\n<div class=\"chartColumnCell\">\n<a href=\"\/gallery\/images_large\/slide0715.jpg\" class=\"highslide\" onclick=\"return hs.expand(this)\"><br \/>\n\t<img decoding=\"async\" src=\"\/gallery\/images\/slide0715.jpg\" alt=\"Image 3\" title=\"Click to enlarge\" border=\"0\"><\/a><\/p>\n<div class=\"highslide-caption\">\n<strong>Figure 33<br \/>\n<\/strong><br \/>\nUrine obtenue par cath\u00e9t\u00e9risme, carcinome uroth\u00e9lial de haut grade <br \/>\nDans cette affection, les noyaux sont souvent excentr\u00e9s et pr\u00e9sentent une membrane \u00e9paissie comportant de nombreuses circonvolutions.<br \/>\n60x<\/div>\n<\/div>\n<div class=\"chartColumnLongCell\">\n<strong>Figure 33<br \/>\n<\/strong><br \/>\nUrine obtenue par cath\u00e9t\u00e9risme, carcinome uroth\u00e9lial de haut grade <br \/>\nDans cette affection, les noyaux sont souvent excentr\u00e9s et pr\u00e9sentent une membrane \u00e9paissie comportant de nombreuses circonvolutions.<br \/>\n60x <\/div>\n<div class=\"newRow\"><\/div>\n<div class=\"chartColumnCell\">\n<a href=\"\/gallery\/images_large\/slide0716.jpg\" class=\"highslide\" onclick=\"return hs.expand(this)\" name=\"pap\"><br \/>\n\t<img decoding=\"async\" src=\"\/gallery\/images\/slide0716.jpg\" alt=\"Image 2\" title=\"Click to enlarge\" border=\"0\"><\/a><\/p>\n<div class=\"highslide-caption\">\n<strong>Figure 34<\/strong><br \/>\n<br \/>\nUrine, carcinome uroth\u00e9lial de haut grade <br \/>\nDans cette affection, la chromatine des noyaux est grossi\u00e8re, hyperchromatique et souvent irr\u00e9guli\u00e8rement dispers\u00e9e.<br \/>\n60x  <\/div>\n<\/div>\n<div class=\"chartColumnLongCell\">\n        <strong>Figure 34<br \/>\n        <\/strong><br \/>\nUrine, carcinome uroth\u00e9lial de haut grade <br \/>\nDans cette affection, la chromatine des noyaux est grossi\u00e8re, hyperchromatique et souvent irr\u00e9guli\u00e8rement dispers\u00e9e.<br \/>\n60x <\/div>\n<div class=\"newRow\"><\/div>\n<div class=\"chartColumnCell\">\n<a href=\"\/gallery\/images_large\/slide0717.jpg\" class=\"highslide\" onclick=\"return hs.expand(this)\"><br \/>\n\t<img decoding=\"async\" src=\"\/gallery\/images\/slide0717.jpg\" alt=\"Image 3\" title=\"Click to enlarge\" border=\"0\"><\/a><\/p>\n<div class=\"highslide-caption\">\n<strong>Figure 35<\/strong><br \/>\n<br \/>\nUrine, carcinome uroth\u00e9lial de haut grade <br \/>\nDans cette affection, les cellules sont pl\u00e9omorphes et les noyaux peuvent contenir un nucl\u00e9ole irr\u00e9gulier pro\u00e9minent.<br \/>\n60x <\/div>\n<\/div>\n<div class=\"chartColumnLongCell\">\n \t<strong>Figure 35<br \/>\n \t<\/strong><br \/>\nUrine, carcinome uroth\u00e9lial de haut grade <br \/>\nDans cette affection, les cellules sont pl\u00e9omorphes et les noyaux peuvent contenir un nucl\u00e9ole irr\u00e9gulier pro\u00e9minent.<br \/>\n60x\n<\/div>\n<div class=\"newRow\"><\/div>\n<div class=\"chartColumnCell\">\n<a href=\"\/gallery\/images_large\/slide0718.jpg\" class=\"highslide\" onclick=\"return hs.expand(this)\" name=\"pap\"><br \/>\n\t<img decoding=\"async\" src=\"\/gallery\/images\/slide0718.jpg\" alt=\"Image 2\" title=\"Click to enlarge\" border=\"0\"><\/a><\/p>\n<div class=\"highslide-caption\">\n<strong>Figure 36<\/strong><br \/>\n<br \/>\nUrine, carcinome uroth\u00e9lial de haut grade <br \/>\nDans cette affection, la chromatine est grossi\u00e8re et hyperchromatique.<br \/>\n60x <\/div>\n<\/div>\n<div class=\"chartColumnLongCell\">\n        <strong>Figure 36<br \/>\n        <\/strong><br \/>\nUrine, carcinome uroth\u00e9lial de haut grade <br \/>\nDans cette affection, la chromatine est grossi\u00e8re et hyperchromatique.<br \/>\n60x <\/div>\n<div class=\"newRow\"><\/div>\n<div class=\"chartColumnCell\">\n<a href=\"\/gallery\/images_large\/slide0719.jpg\" class=\"highslide\" onclick=\"return hs.expand(this)\"><br \/>\n\t<img decoding=\"async\" src=\"\/gallery\/images\/slide0719.jpg\" alt=\"Image 3\" title=\"Click to enlarge\" border=\"0\"><\/a><\/p>\n<div class=\"highslide-caption\">\n<strong>Figure 37<\/strong><br \/>\n<br \/>\nUrine, carcinome uroth\u00e9lial de haut grade <br \/>\nCellules souvent isol\u00e9es avec cytoplasme cyanophile mal d\u00e9marqu\u00e9.<br \/>\n60x <\/div>\n<\/div>\n<div class=\"chartColumnLongCell\">\n \t<strong>Figure 37<br \/>\n \t<\/strong><br \/>\nUrine, carcinome uroth\u00e9lial de haut grade <br \/>\nCellules souvent isol\u00e9es avec cytoplasme cyanophile mal d\u00e9marqu\u00e9.<br \/>\n60x <\/div>\n<div class=\"newRow\"><\/div>\n<div class=\"chartColumnCell\">\n<a href=\"\/gallery\/images_large\/slide0720.jpg\" class=\"highslide\" onclick=\"return hs.expand(this)\"><br \/>\n\t<img decoding=\"async\" src=\"\/gallery\/images\/slide0720.jpg\" alt=\"Image 3\" title=\"Click to enlarge\" border=\"0\"><\/a><\/p>\n<div class=\"highslide-caption\">\n<strong>Figure 38<\/strong><br \/>\n<br \/>\nUrine, carcinome uroth\u00e9lial de haut grade <br \/>\nDans cette affection, les noyaux peuvent \u00eatre pointus.<br \/>\n60x <\/div>\n<\/div>\n<div class=\"chartColumnLongCell\">\n \t<strong>Figure 38<br \/>\n \t<\/strong><br \/>\nUrine, carcinome uroth\u00e9lial de haut grade<br \/>\n<br \/>\nDans cette affection, les noyaux peuvent \u00eatre pointus.<br \/>\n60x <\/div>\n<div class=\"newRow\"><\/div>\n<div class=\"chartColumnCell\">\n<a href=\"\/gallery\/images_large\/slide0721.jpg\" class=\"highslide\" onclick=\"return hs.expand(this)\"><br \/>\n\t<img decoding=\"async\" src=\"\/gallery\/images\/slide0721.jpg\" alt=\"Image 3\" title=\"Click to enlarge\" border=\"0\"><\/a><\/p>\n<div class=\"highslide-caption\">\n<strong>Figure 39<\/strong><br \/>\n<br \/>\nLavage v\u00e9sical, carcinome uroth\u00e9lial de haut grade <br \/>\nDans cette affection, les cellules anaplasiques sont relativement faciles \u00e0 diagnostiquer.<br \/>\n60x <\/div>\n<\/div>\n<div class=\"chartColumnLongCell\">\n \t<strong>Figure 39<br \/>\n \t<\/strong><br \/>\nLavage v\u00e9sical, carcinome uroth\u00e9lial de haut grade<br \/>\n<br \/>\nDans cette affection, les cellules anaplasiques sont relativement faciles \u00e0 diagnostiquer.<br \/>\n60x <\/div>\n<div class=\"newRow\"><\/div>\n<div class=\"chartColumnCell\">\n<a href=\"\/gallery\/images_large\/slide0722.jpg\" class=\"highslide\" onclick=\"return hs.expand(this)\" name=\"pap\"><br \/>\n\t<img decoding=\"async\" src=\"\/gallery\/images\/slide0722.jpg\" alt=\"Image 2\" title=\"Click to enlarge\" border=\"0\"><\/a><\/p>\n<div class=\"highslide-caption\">\n<strong>Figure 40<\/strong><br \/>\n<br \/>\nUrine obtenue par cath\u00e9t\u00e9risme, carcinome uroth\u00e9lial de haut grade <br \/>\nDans cette affection, les cellules peuvent si\u00e9ger dans des groupes.<br \/>\n60x  <\/div>\n<\/div>\n<div class=\"chartColumnLongCell\">\n        <strong>Figure 40<br \/>\n        <\/strong><br \/>\nUrine obtenue par cath\u00e9t\u00e9risme, carcinome uroth\u00e9lial de haut grade <br \/>\nDans cette affection, les cellules peuvent si\u00e9ger dans des groupes.<br \/>\n60x <\/div>\n<div class=\"newRow\"><\/div>\n<div class=\"chartColumnCell\">\n<a href=\"\/gallery\/images_large\/slide0723.jpg\" class=\"highslide\" onclick=\"return hs.expand(this)\"><br \/>\n\t<img decoding=\"async\" src=\"\/gallery\/images\/slide0723.jpg\" alt=\"Image 3\" title=\"Click to enlarge\" border=\"0\"><\/a><\/p>\n<div class=\"highslide-caption\">\n<strong>Figure 41<\/strong><br \/>\n<br \/>\nUrine, carcinome uroth\u00e9lial de haut grade <br \/>\nDans cette affection, les noyaux peuvent pr\u00e9senter de multiples nucl\u00e9oles irr\u00e9guliers.<br \/>\n60x <\/div>\n<\/div>\n<div class=\"chartColumnLongCell\">\n \t<strong>Figure 41<br \/>\n \t<\/strong><br \/>\nUrine, carcinome uroth\u00e9lial de haut grade<br \/>\n<br \/>\nDans cette affection, les noyaux peuvent pr\u00e9senter de multiples nucl\u00e9oles irr\u00e9guliers.<br \/>\n60x <\/div>\n<div class=\"newRow\"><\/div>\n<div class=\"chartColumnCell\">\n<a href=\"\/gallery\/images_large\/slide0724.jpg\" class=\"highslide\" onclick=\"return hs.expand(this)\"><br \/>\n\t<img decoding=\"async\" src=\"\/gallery\/images\/slide0724.jpg\" alt=\"Image 3\" title=\"Click to enlarge\" border=\"0\"><\/a><\/p>\n<div class=\"highslide-caption\">\n<strong>Figure 42<\/strong><br \/>\n<br \/>\nUrine, carcinome uroth\u00e9lial de haut grade <br \/>\nLes cellules uroth\u00e9liales peuvent \u00eatre papillaires ou non papillaires.<br \/>\n60x  <\/div>\n<\/div>\n<div class=\"chartColumnLongCell\">\n \t<strong>Figure 42<br \/>\n \t<\/strong><br \/>\nUrine, carcinome uroth\u00e9lial de haut grade <br \/>\nLes cellules uroth\u00e9liales peuvent \u00eatre papillaires ou non papillaires.<br \/>\n60x <\/div>\n<\/div>\n<div class=\"newRow\"><\/div>\n<p><a class=\"back\" href=\"#\">Retour au d\u00e9but<\/a><\/p>\n<p><a href=\"nongyn_atlas.htm\"> Retour \u00e0 la table des mati\u00e8res<\/a><\/p>\n<\/div>\n<p>[\/vc_column_text][\/vc_column][vc_column width=&#8221;1\/3&#8243; offset=&#8221;vc_hidden-sm vc_hidden-xs&#8221;][vc_widget_sidebar sidebar_id=&#8221;consulting-right-sidebar&#8221;][\/vc_column][\/vc_row]<\/p>\n","protected":false},"excerpt":{"rendered":"<p>[vc_row 0=&#8221;&#8221;][vc_column 0=&#8221;&#8221; offset=&#8221;vc_hidden-lg vc_hidden-md&#8221;][vc_raw_html 0=&#8221;&#8221;]PGNlbnRlcj48YSBjbGFzcz0ic2hpZnRuYXYtdG9nZ2xlIHNoaWZ0bmF2LXRvZ2dsZS1idXR0b24iIGRhdGEtc2hpZnRuYXYtdGFyZ2V0PSJzaGlmdG5hdi1tYWluIj48aSBjbGFzcz0iZmEgZmEtYmFycyI+PC9pPiBUYWJsZSBvZiBDb250ZW50cyA8L2E+PC9jZW50ZXI+[\/vc_raw_html][\/vc_column][\/vc_row][vc_row][vc_column][vc_custom_heading text=&#8221;Cytologie de l&#8217;appareil urinaire&#8221; font_container=&#8221;tag:h1|text_align:center&#8221; use_theme_fonts=&#8221;yes&#8221;][\/vc_column][\/vc_row][vc_row][vc_column width=&#8221;2\/3&#8243;][vc_column_text] CARCINOME UROTH\u00c9LIAL DE HAUT GRADE Rappel : Vous pouvez cliquer sur une image de l&#8217;Atlas pour la voir dans un format plus grand. Figure 31 Urine obtenue par cath\u00e9t\u00e9risme, carcinome uroth\u00e9lial de haut grade Les \u00e9chantillons de ces carcinomes sont souvent abondamment<\/p>\n","protected":false},"author":7,"featured_media":0,"parent":1949,"menu_order":0,"comment_status":"closed","ping_status":"closed","template":"","meta":{"ngg_post_thumbnail":0,"footnotes":""},"class_list":["post-2147","page","type-page","status-publish","hentry"],"_links":{"self":[{"href":"https:\/\/dev.cytologystuff.com\/fr\/wp-json\/wp\/v2\/pages\/2147","targetHints":{"allow":["GET"]}}],"collection":[{"href":"https:\/\/dev.cytologystuff.com\/fr\/wp-json\/wp\/v2\/pages"}],"about":[{"href":"https:\/\/dev.cytologystuff.com\/fr\/wp-json\/wp\/v2\/types\/page"}],"author":[{"embeddable":true,"href":"https:\/\/dev.cytologystuff.com\/fr\/wp-json\/wp\/v2\/users\/7"}],"replies":[{"embeddable":true,"href":"https:\/\/dev.cytologystuff.com\/fr\/wp-json\/wp\/v2\/comments?post=2147"}],"version-history":[{"count":0,"href":"https:\/\/dev.cytologystuff.com\/fr\/wp-json\/wp\/v2\/pages\/2147\/revisions"}],"up":[{"embeddable":true,"href":"https:\/\/dev.cytologystuff.com\/fr\/wp-json\/wp\/v2\/pages\/1949"}],"wp:attachment":[{"href":"https:\/\/dev.cytologystuff.com\/fr\/wp-json\/wp\/v2\/media?parent=2147"}],"curies":[{"name":"wp","href":"https:\/\/api.w.org\/{rel}","templated":true}]}}