{"id":2098,"date":"2017-08-01T12:51:01","date_gmt":"2017-08-01T12:51:01","guid":{"rendered":"http:\/\/cytologystuff1.wpengine.com\/non-gyn-atlas\/respiratory-cytology-dr-jim-linders-bonus\/"},"modified":"2017-11-22T05:25:04","modified_gmt":"2017-11-22T05:25:04","slug":"respiratory-cytology-dr-jim-linders-bonus","status":"publish","type":"page","link":"https:\/\/dev.cytologystuff.com\/fr\/non-gyn-atlas\/respiratory-cytology-dr-jim-linders-bonus\/","title":{"rendered":"Cytologie respiratoire"},"content":{"rendered":"<p>[vc_row 0=&#8221;&#8221;][vc_column 0=&#8221;&#8221; offset=&#8221;vc_hidden-lg vc_hidden-md&#8221;][vc_raw_html 0=&#8221;&#8221;]PGNlbnRlcj48YSBjbGFzcz0ic2hpZnRuYXYtdG9nZ2xlIHNoaWZ0bmF2LXRvZ2dsZS1idXR0b24iIGRhdGEtc2hpZnRuYXYtdGFyZ2V0PSJzaGlmdG5hdi1tYWluIj48aSBjbGFzcz0iZmEgZmEtYmFycyI+PC9pPiBUYWJsZSBvZiBDb250ZW50cyA8L2E+PC9jZW50ZXI+[\/vc_raw_html][\/vc_column][\/vc_row][vc_row][vc_column][vc_custom_heading text=&#8221;Cytologie respiratoire&#8221; font_container=&#8221;tag:h1|text_align:center&#8221; use_theme_fonts=&#8221;yes&#8221;][\/vc_column][\/vc_row][vc_row][vc_column width=&#8221;2\/3&#8243;][vc_column_text]<\/p>\n<div id=>\n<p class=\"subhead\">BONUS DU DR. JIM LINDER :<br \/>\nAUTRES CAS RESPIRATOIRES <\/p>\n<p style=\"padding-left:7px\"><a href=\"javascript:void(0)\"  style=\"width:350px;display:block\"><img loading=\"lazy\" decoding=\"async\" src=\"\/images\/button27h.gif\" id=\"selfAssessImg\" width=\"350\" height=\"40\"><\/a><\/p>\n<div class=\"highslide-gallery\">\n<strong>Rappel : Vous pouvez cliquer sur une image<br \/>\nde l&#8217;Atlas pour la voir dans un format plus grand.<\/strong><\/p>\n<div class=\"chartColumnCell\">\n<a href=\"\/gallery\/images_large\/slide0668.jpg\" class=\"highslide\" onclick=\"return hs.expand(this)\"><br \/>\n\t<img decoding=\"async\" src=\"\/gallery\/images\/slide0668.jpg\" alt=\"Image 2\" border=\"0\" title=\"Click to enlarge\"><\/a><\/p>\n<div class=\"highslide-caption\">\n<strong>Figure 155<\/strong><br \/>\n<br \/>\nCorps ferrugineux <br \/>\nLes fibres d&#8217;amiante (ou d&#8217;autres min\u00e9raux) peuvent \u00eatre recouvertes de ferroprot\u00e9ine, ce qui cr\u00e9e un &#8220;corps ferrugineux&#8221;. Cette structure est partiellement phagocyt\u00e9e par un macrophage.\n<\/div>\n<\/div>\n<div class=\"chartColumnLongCell\">\n        <strong>Figure 155<br \/>\n        <\/strong><br \/>\nCorps ferrugineux <br \/>\nLes fibres d&#8217;amiante (ou d&#8217;autres min\u00e9raux) peuvent \u00eatre recouvertes de ferroprot\u00e9ine, ce qui cr\u00e9e un &#8220;corps ferrugineux&#8221;. Cette structure est partiellement phagocyt\u00e9e par un macrophage.\n<\/div>\n<div class=\"newRow\"><\/div>\n<div class=\"chartColumnCell\">\n<a href=\"\/gallery\/images_large\/slide0669.jpg\" class=\"highslide\" onclick=\"return hs.expand(this)\"><br \/>\n\t<img decoding=\"async\" src=\"\/gallery\/images\/slide0669.jpg\" alt=\"Image 3\" border=\"0\" title=\"Click to enlarge\"><\/a><\/p>\n<div class=\"highslide-caption\">\n<strong>Figure 156<\/strong><br \/>\n<br \/>\nCorps ferrugineux <br \/>\nLes corps ferrugineux associ\u00e9s aux fibres d&#8217;amiante ont g\u00e9n\u00e9ralement un c\u0153ur central clair.\n<\/div>\n<\/div>\n<div class=\"chartColumnLongCell\">\n \t<strong>Figure 156<br \/>\n \t<\/strong><br \/>\nCorps ferrugineux <br \/>\nLes corps ferrugineux associ\u00e9s aux fibres d&#8217;amiante ont g\u00e9n\u00e9ralement un c\u0153ur central clair.\n<\/div>\n<div class=\"newRow\"><\/div>\n<div class=\"chartColumnCell\">\n<a href=\"\/gallery\/images_large\/slide0670.jpg\" class=\"highslide\" onclick=\"return hs.expand(this)\"><br \/>\n\t<img decoding=\"async\" src=\"\/gallery\/images\/slide0670.jpg\" alt=\"Image 3\" border=\"0\" title=\"Click to enlarge\"><\/a><\/p>\n<div class=\"highslide-caption\">\n<strong>Figure 157<br \/>\n<\/strong><br \/>\nCandida<br \/>\nLes formes filamenteuses de <em>Candida<\/em> peuvent \u00eatre recouvertes dans les \u00e9chantillons respiratoires des patients atteints de candidose orale (coloration \u00e0 l&#8217;argent).\n<\/div>\n<\/div>\n<div class=\"chartColumnLongCell\">\n<strong>Figure 157<br \/>\n<\/strong><br \/>\nCandida<br \/>\nLes formes filamenteuses de <em>Candida<\/em> peuvent \u00eatre recouvertes dans les \u00e9chantillons respiratoires des patients atteints de candidose orale (coloration \u00e0 l&#8217;argent). <\/div>\n<div class=\"newRow\"><\/div>\n<div class=\"chartColumnCell\">\n<a href=\"\/gallery\/images_large\/slide0671.jpg\" class=\"highslide\" onclick=\"return hs.expand(this)\" name=\"pap\"><br \/>\n\t<img decoding=\"async\" src=\"\/gallery\/images\/slide0671.jpg\" alt=\"Image 2\" border=\"0\" title=\"Click to enlarge\"><\/a><\/p>\n<div class=\"highslide-caption\">\n<strong>Figure 158<\/strong><br \/>\n<br \/>\n<em>Pneumocystis carinii<\/em><br \/>\nAvec des colorations \u00e0 l&#8217;argent, les formes kystiques de <em>Pneumocystis carinii<\/em> ont une zone fonc\u00e9e centrale.\n<\/div>\n<\/div>\n<div class=\"chartColumnLongCell\">\n        <strong>Figure 158<br \/>\n        <\/strong><br \/>\n        <em>Pneumocystis carinii<\/em><br \/>\nAvec des colorations \u00e0 l&#8217;argent, les formes kystiques de <em>Pneumocystis carinii<\/em> ont une zone fonc\u00e9e centrale.\n<\/div>\n<div class=\"newRow\"><\/div>\n<div class=\"chartColumnCell\">\n<a href=\"\/gallery\/images_large\/slide0672.jpg\" class=\"highslide\" onclick=\"return hs.expand(this)\"><br \/>\n\t<img decoding=\"async\" src=\"\/gallery\/images\/slide0672.jpg\" alt=\"Image 3\" border=\"0\" title=\"Click to enlarge\"><\/a><\/p>\n<div class=\"highslide-caption\">\n<strong>Figure 159<\/strong><br \/>\n<br \/>\nAlternaria  <br \/>\nStylospore d&#8217;<em>Alternaria<\/em> avec hyphes longitudinaux et cloisonn\u00e9s.\n<\/div>\n<\/div>\n<div class=\"chartColumnLongCell\">\n \t<strong>Figure 159<br \/>\n \t<\/strong><br \/>\n   Alternaria  <br \/>\nStylospore d&#8217;<em>Alternaria<\/em> avec hyphes longitudinaux et cloisonn\u00e9s.\n<\/div>\n<div class=\"newRow\"><\/div>\n<div class=\"chartColumnCell\">\n<a href=\"\/gallery\/images_large\/slide0673.jpg\" class=\"highslide\" onclick=\"return hs.expand(this)\" name=\"pap\"><br \/>\n\t<img decoding=\"async\" src=\"\/gallery\/images\/slide0673.jpg\" alt=\"Image 2\" border=\"0\" title=\"Click to enlarge\"><\/a><\/p>\n<div class=\"highslide-caption\">\n<strong>Figure 160<\/strong><br \/>\n<br \/>\nPollen<br \/>\nGranules de pollen avec paroi r\u00e9fractile \u00e9paisse, plusieurs pointes de surface et g\u00e9n\u00e9ralement pigment\u00e9s.\n<\/div>\n<\/div>\n<div class=\"chartColumnLongCell\">\n        <strong>Figure 160<br \/>\n        <\/strong><br \/>\nPollen<br \/>\nGranules de pollen avec paroi r\u00e9fractile \u00e9paisse, plusieurs pointes de surface et g\u00e9n\u00e9ralement pigment\u00e9s.\n<\/div>\n<div class=\"newRow\"><\/div>\n<div class=\"chartColumnCell\">\n<a href=\"\/gallery\/images_large\/slide0674.jpg\" class=\"highslide\" onclick=\"return hs.expand(this)\"><br \/>\n\t<img decoding=\"async\" src=\"\/gallery\/images\/slide0674.jpg\" alt=\"Image 3\" border=\"0\" title=\"Click to enlarge\"><\/a><\/p>\n<div class=\"highslide-caption\">\n<strong>Figure 161<\/strong><br \/>\n<br \/>\nMacrophages<br \/>\nEn cas de pneumonie lipo\u00efdique ou par aspiration, les macrophages contiennent des vacuoles lipidiques complexes multiples.\n<\/div>\n<\/div>\n<div class=\"chartColumnLongCell\">\n \t<strong>Figure 161<br \/>\n \t<\/strong><br \/>\n        Macrophages<br \/>\nEn cas de pneumonie lipo\u00efdique ou par aspiration, les macrophages contiennent des vacuoles lipidiques complexes multiples.\n<\/div>\n<div class=\"newRow\"><\/div>\n<div class=\"chartColumnCell\">\n<a href=\"\/gallery\/images_large\/slide0675.jpg\" class=\"highslide\" onclick=\"return hs.expand(this)\"><br \/>\n\t<img decoding=\"async\" src=\"\/gallery\/images\/slide0675.jpg\" alt=\"Image 3\" border=\"0\" title=\"Click to enlarge\"><\/a><\/p>\n<div class=\"highslide-caption\">\n<strong>Figure 162<\/strong><br \/>\n<br \/>\nLipide<br \/>\nEn cas de pneumonie lipo\u00efdique, les lipides peuvent \u00eatre mis en \u00e9vidence avec une coloration \u00e0 l&#8217;huile rouge.\n<\/div>\n<\/div>\n<div class=\"chartColumnLongCell\">\n \t<strong>Figure 162<br \/>\n \t<\/strong><br \/>\n        Lipide<br \/>\nEn cas de pneumonie lipo\u00efdique, les lipides peuvent \u00eatre mis en \u00e9vidence avec une coloration \u00e0 l&#8217;huile rouge.\n<\/div>\n<div class=\"newRow\"><\/div>\n<div class=\"chartColumnCell\">\n<a href=\"\/gallery\/images_large\/slide0676.jpg\" class=\"highslide\" onclick=\"return hs.expand(this)\"><br \/>\n\t<img decoding=\"async\" src=\"\/gallery\/images\/slide0676.jpg\" alt=\"Image 3\" border=\"0\" title=\"Click to enlarge\"><\/a><\/p>\n<div class=\"highslide-caption\">\n<strong>Figure 163<\/strong><br \/>\n<br \/>\nMacrophages<br \/>\nLes patients souffrant d&#8217;une l\u00e9sion du syst\u00e8me micro-vasculaire du poumon d\u00e9veloppent une h\u00e9morragie pulmonaire, qui se manifeste par des macrophages contenant de l&#8217;h\u00e9mosid\u00e9rine.\n<\/div>\n<\/div>\n<div class=\"chartColumnLongCell\">\n \t<strong>Figure 163<br \/>\n \t<\/strong><br \/>\n       Macrophages<br \/>\nLes patients souffrant d&#8217;une l\u00e9sion du syst\u00e8me micro-vasculaire du poumon d\u00e9veloppent une h\u00e9morragie pulmonaire, qui se manifeste par des macrophages contenant de l&#8217;h\u00e9mosid\u00e9rine.\n<\/div>\n<div class=\"newRow\"><\/div>\n<div class=\"chartColumnCell\">\n<a href=\"\/gallery\/images_large\/slide0677.jpg\" class=\"highslide\" onclick=\"return hs.expand(this)\" name=\"pap\"><br \/>\n\t<img decoding=\"async\" src=\"\/gallery\/images\/slide0677.jpg\" alt=\"Image 2\" border=\"0\" title=\"Click to enlarge\"><\/a><\/p>\n<div class=\"highslide-caption\">\n<strong>Figure 164<\/strong><br \/>\n<br \/>\nLymphocytose<br \/>\nLes patients qui pr\u00e9sentent une sarco\u00efdose souffrent g\u00e9n\u00e9ralement d&#8217;une lymphocytose interstitielle.\n<\/div>\n<\/div>\n<div class=\"chartColumnLongCell\">\n        <strong>Figure 164<br \/>\n        <\/strong><br \/>\nLymphocytose<br \/>\nLes patients qui pr\u00e9sentent une sarco\u00efdose souffrent g\u00e9n\u00e9ralement d&#8217;une lymphocytose interstitielle.\n<\/div>\n<div class=\"newRow\"><\/div>\n<div class=\"chartColumnCell\">\n<a href=\"\/gallery\/images_large\/slide0678.jpg\" class=\"highslide\" onclick=\"return hs.expand(this)\"><br \/>\n\t<img decoding=\"async\" src=\"\/gallery\/images\/slide0678.jpg\" alt=\"Image 3\" border=\"0\" title=\"Click to enlarge\"><\/a><\/p>\n<div class=\"highslide-caption\">\n<strong>Figure 165<\/strong><br \/>\n<br \/>\nCellules \u00e9pith\u00e9liales <br \/>\nCellules \u00e9pith\u00e9liales hautement r\u00e9actionnelles pouvant \u00eatre observ\u00e9es chez les patients atteints d&#8217;un aspergillome pulmonaire.\n<\/div>\n<\/div>\n<div class=\"chartColumnLongCell\">\n \t<strong>Figure 165<br \/>\n \t<\/strong><br \/>\nCellules \u00e9pith\u00e9liales <br \/>\nCellules \u00e9pith\u00e9liales hautement r\u00e9actionnelles pouvant \u00eatre observ\u00e9es chez les patients atteints d&#8217;un aspergillome pulmonaire.\n<\/div>\n<div class=\"newRow\"><\/div>\n<div class=\"chartColumnCell\">\n<a href=\"\/gallery\/images_large\/slide0679.jpg\" class=\"highslide\" onclick=\"return hs.expand(this)\"><br \/>\n\t<img decoding=\"async\" src=\"\/gallery\/images\/slide0679.jpg\" alt=\"Image 3\" border=\"0\" title=\"Click to enlarge\"><\/a><\/p>\n<div class=\"highslide-caption\">\n<strong>Figure 166<\/strong><br \/>\n<br \/>\n<em>Cryptococcus<\/em><br \/>\nDans les infections au <em>Cryptococcus<\/em>, pr\u00e9sence de plusieurs levures intracellulaires dans le cytoplasme des macrophages.\n<\/div>\n<\/div>\n<div class=\"chartColumnLongCell\">\n \t<strong>Figure 166<br \/>\n \t<\/strong><br \/>\n    <em>Cryptococcus<\/em><br \/>\nDans les infections au <em>Cryptococcus<\/em>, pr\u00e9sence de plusieurs levures intracellulaires dans le cytoplasme des macrophages.\n<\/div>\n<div class=\"newRow\"><\/div>\n<div class=\"chartColumnCell\">\n<a href=\"\/gallery\/images_large\/slide0680.jpg\" class=\"highslide\" onclick=\"return hs.expand(this)\"><br \/>\n\t<img decoding=\"async\" src=\"\/gallery\/images\/slide0680.jpg\" alt=\"Image 3\" border=\"0\" title=\"Click to enlarge\"><\/a><\/p>\n<div class=\"highslide-caption\">\n<strong>Figure 167<\/strong><br \/>\n<br \/>\n<em>Cryptococcus Neoformans<\/em><br \/>\nCapsule de <em>Cryptococcus neoformans<\/em> identifiable avec des colorations \u00e0 la mucine.\n<\/div>\n<\/div>\n<div class=\"chartColumnLongCell\">\n \t<strong>Figure 167<br \/>\n \t<\/strong><br \/>\n    <em>Cryptococcus neoformans<\/em><br \/>\nCapsule de <em>Cryptococcus neoformans<\/em> identifiable avec des colorations \u00e0 la mucine.\n<\/div>\n<div class=\"newRow\"><\/div>\n<div class=\"chartColumnCell\">\n<a href=\"\/gallery\/images_large\/slide0681.jpg\" class=\"highslide\" onclick=\"return hs.expand(this)\"><br \/>\n\t<img decoding=\"async\" src=\"\/gallery\/images\/slide0681.jpg\" alt=\"Image 3\" border=\"0\" title=\"Click to enlarge\"><\/a><\/p>\n<div class=\"highslide-caption\">\n<strong>Figure 168<\/strong><br \/>\n<br \/>\nCiliocytophthorie<br \/>\nLes infections virales respiratoires peuvent provoquer le d\u00e9tachement de touffes de cils des cellules \u00e9pith\u00e9liales bronchiques. Ce processus est appel\u00e9 ciliocytophthorie.\n<\/div>\n<\/div>\n<div class=\"chartColumnLongCell\">\n \t<strong>Figure 168<br \/>\n \t<\/strong><br \/>\nCiliocytophthorie<br \/>\nLes infections virales respiratoires peuvent provoquer le d\u00e9tachement de touffes de cils des cellules \u00e9pith\u00e9liales bronchiques. Ce processus est appel\u00e9 ciliocytophthorie.\n<\/div>\n<div class=\"newRow\"><\/div>\n<div class=\"chartColumnCell\">\n<a href=\"\/gallery\/images_large\/slide0682.jpg\" class=\"highslide\" onclick=\"return hs.expand(this)\"><br \/>\n\t<img decoding=\"async\" src=\"\/gallery\/images\/slide0682.jpg\" alt=\"Image 3\" border=\"0\" title=\"Click to enlarge\"><\/a><\/p>\n<div class=\"highslide-caption\">\n<strong>Figure 169<\/strong><br \/>\n<br \/>\nHyperplasie<br \/>\nL&#8217;hyperplasie des cellules de r\u00e9serve se caract\u00e9rise par des groupes serr\u00e9s de petites cellules de r\u00e9serve.\n<\/div>\n<\/div>\n<div class=\"chartColumnLongCell\">\n \t<strong>Figure 169<br \/>\n \t<\/strong><br \/>\nHyperplasie<br \/>\nL&#8217;hyperplasie des cellules de r\u00e9serve se caract\u00e9rise par des groupes serr\u00e9s de petites cellules de r\u00e9serve.\n<\/div>\n<\/div>\n<div class=\"newRow\"><\/div>\n<p><a class=\"back\" href=\"#\">Retour au d\u00e9but<\/a><\/p>\n<p><a href=\"nongyn_atlas.htm\"> Retour \u00e0 la table des mati\u00e8res<\/a><\/p>\n<\/div>\n<p>[\/vc_column_text][\/vc_column][vc_column width=&#8221;1\/3&#8243; offset=&#8221;vc_hidden-sm vc_hidden-xs&#8221;][vc_widget_sidebar sidebar_id=&#8221;consulting-right-sidebar&#8221;][\/vc_column][\/vc_row]<\/p>\n","protected":false},"excerpt":{"rendered":"<p>[vc_row 0=&#8221;&#8221;][vc_column 0=&#8221;&#8221; offset=&#8221;vc_hidden-lg vc_hidden-md&#8221;][vc_raw_html 0=&#8221;&#8221;]PGNlbnRlcj48YSBjbGFzcz0ic2hpZnRuYXYtdG9nZ2xlIHNoaWZ0bmF2LXRvZ2dsZS1idXR0b24iIGRhdGEtc2hpZnRuYXYtdGFyZ2V0PSJzaGlmdG5hdi1tYWluIj48aSBjbGFzcz0iZmEgZmEtYmFycyI+PC9pPiBUYWJsZSBvZiBDb250ZW50cyA8L2E+PC9jZW50ZXI+[\/vc_raw_html][\/vc_column][\/vc_row][vc_row][vc_column][vc_custom_heading text=&#8221;Cytologie respiratoire&#8221; font_container=&#8221;tag:h1|text_align:center&#8221; use_theme_fonts=&#8221;yes&#8221;][\/vc_column][\/vc_row][vc_row][vc_column width=&#8221;2\/3&#8243;][vc_column_text] BONUS DU DR. JIM LINDER : AUTRES CAS RESPIRATOIRES Rappel : Vous pouvez cliquer sur une image de l&#8217;Atlas pour la voir dans un format plus grand. Figure 155 Corps ferrugineux Les fibres d&#8217;amiante (ou d&#8217;autres min\u00e9raux) peuvent \u00eatre recouvertes de ferroprot\u00e9ine, ce qui<\/p>\n","protected":false},"author":7,"featured_media":0,"parent":1949,"menu_order":0,"comment_status":"closed","ping_status":"closed","template":"","meta":{"ngg_post_thumbnail":0,"footnotes":""},"class_list":["post-2098","page","type-page","status-publish","hentry"],"_links":{"self":[{"href":"https:\/\/dev.cytologystuff.com\/fr\/wp-json\/wp\/v2\/pages\/2098","targetHints":{"allow":["GET"]}}],"collection":[{"href":"https:\/\/dev.cytologystuff.com\/fr\/wp-json\/wp\/v2\/pages"}],"about":[{"href":"https:\/\/dev.cytologystuff.com\/fr\/wp-json\/wp\/v2\/types\/page"}],"author":[{"embeddable":true,"href":"https:\/\/dev.cytologystuff.com\/fr\/wp-json\/wp\/v2\/users\/7"}],"replies":[{"embeddable":true,"href":"https:\/\/dev.cytologystuff.com\/fr\/wp-json\/wp\/v2\/comments?post=2098"}],"version-history":[{"count":0,"href":"https:\/\/dev.cytologystuff.com\/fr\/wp-json\/wp\/v2\/pages\/2098\/revisions"}],"up":[{"embeddable":true,"href":"https:\/\/dev.cytologystuff.com\/fr\/wp-json\/wp\/v2\/pages\/1949"}],"wp:attachment":[{"href":"https:\/\/dev.cytologystuff.com\/fr\/wp-json\/wp\/v2\/media?parent=2098"}],"curies":[{"name":"wp","href":"https:\/\/api.w.org\/{rel}","templated":true}]}}