{"id":2091,"date":"2017-08-01T12:46:48","date_gmt":"2017-08-01T12:46:48","guid":{"rendered":"http:\/\/cytologystuff1.wpengine.com\/non-gyn-atlas\/respiratory-cytology-adenocarcinoma\/"},"modified":"2017-11-21T07:11:35","modified_gmt":"2017-11-21T07:11:35","slug":"respiratory-cytology-adenocarcinoma","status":"publish","type":"page","link":"https:\/\/dev.cytologystuff.com\/fr\/non-gyn-atlas\/respiratory-cytology-adenocarcinoma\/","title":{"rendered":"Cytologie respiratoire"},"content":{"rendered":"<p>[vc_row 0=&#8221;&#8221;][vc_column 0=&#8221;&#8221; offset=&#8221;vc_hidden-lg vc_hidden-md&#8221;][vc_raw_html 0=&#8221;&#8221;]PGNlbnRlcj48YSBjbGFzcz0ic2hpZnRuYXYtdG9nZ2xlIHNoaWZ0bmF2LXRvZ2dsZS1idXR0b24iIGRhdGEtc2hpZnRuYXYtdGFyZ2V0PSJzaGlmdG5hdi1tYWluIj48aSBjbGFzcz0iZmEgZmEtYmFycyI+PC9pPiBUYWJsZSBvZiBDb250ZW50cyA8L2E+PC9jZW50ZXI+[\/vc_raw_html][\/vc_column][\/vc_row][vc_row][vc_column][vc_custom_heading text=&#8221;Cytologie respiratoire&#8221; font_container=&#8221;tag:h1|text_align:center&#8221; use_theme_fonts=&#8221;yes&#8221;][\/vc_column][\/vc_row][vc_row][vc_column width=&#8221;2\/3&#8243;][vc_column_text]<\/p>\n<div id=>\n<p class=\"subhead\" id=\"acknowledgements\">AD\u00c9NOCARCINOME  <\/p>\n<p style=\"padding-left:7px\"><a href=\"javascript:void(0)\"  style=\"width:350px;display:block\"><img loading=\"lazy\" decoding=\"async\" src=\"\/images\/button27h.gif\" id=\"selfAssessImg\" width=\"350\" height=\"40\"><\/a><\/p>\n<div class=\"highslide-gallery\">\n<strong>Rappel : Vous pouvez cliquer sur une image<br \/>\nde l&#8217;Atlas pour la voir dans un format plus grand.<\/strong><\/p>\n<div class=\"chartColumnCell\">\n<a href=\"\/gallery\/images_large\/slide0618.jpg\" class=\"highslide\" onclick=\"return hs.expand(this)\" name=\"pap\"><br \/>\n\t<img decoding=\"async\" src=\"\/gallery\/images\/slide0618.jpg\" alt=\"Image 2\" border=\"0\" title=\"Click to enlarge\"><\/a><\/p>\n<div class=\"highslide-caption\">\n<strong>Figure 105<\/strong><br \/>\n<br \/>\nLavage bronchique<br \/>\nLes cellules de l&#8217;ad\u00e9nocarcinome pulmonaire bien et mod\u00e9r\u00e9ment diff\u00e9renci\u00e9 si\u00e8gent g\u00e9n\u00e9ralement dans un groupe.<br \/>\n20x <\/div>\n<\/div>\n<div class=\"chartColumnLongCell\">\n<strong>Figure 105<br \/>\n<\/strong><br \/>\nLavage bronchique<br \/>\n<br \/>\nLes cellules de l&#8217;ad\u00e9nocarcinome pulmonaire bien et mod\u00e9r\u00e9ment diff\u00e9renci\u00e9 si\u00e8gent g\u00e9n\u00e9ralement dans un groupe.<br \/>\n20x <\/div>\n<div class=\"newRow\"><\/div>\n<div class=\"chartColumnCell\">\n<a href=\"\/gallery\/images_large\/slide0619.jpg\" class=\"highslide\" onclick=\"return hs.expand(this)\"><br \/>\n\t<img decoding=\"async\" src=\"\/gallery\/images\/slide0619.jpg\" alt=\"Image 3\" border=\"0\" title=\"Click to enlarge\"><\/a><\/p>\n<div class=\"highslide-caption\">\n<strong>Figure 106<\/strong><br \/>\n<br \/>\nLavage bronchique<br \/>\nUn plus fort grossissement fait appara\u00eetre des noyaux uniformes relativement ternes dans le groupe cellulaire.<br \/>\n40x  <\/div>\n<\/div>\n<div class=\"chartColumnLongCell\">\n<strong>Figure 106<br \/>\n<\/strong><br \/>\n        Lavage bronchique<br \/>\n<br \/>\nUn plus fort grossissement fait appara\u00eetre des noyaux uniformes relativement ternes dans le groupe cellulaire.<br \/>\n40x <\/div>\n<div class=\"newRow\"><\/div>\n<div class=\"chartColumnCell\">\n<a href=\"\/gallery\/images_large\/slide0620.jpg\" class=\"highslide\" onclick=\"return hs.expand(this)\"><br \/>\n\t<img decoding=\"async\" src=\"\/gallery\/images\/slide0620.jpg\" alt=\"Image 3\" border=\"0\" title=\"Click to enlarge\"><\/a><\/p>\n<div class=\"highslide-caption\">\n<strong>Figure 107<br \/>\n<\/strong><br \/>\nLavage bronchique<br \/>\nLa pr\u00e9sence de nucl\u00e9oles isol\u00e9s et plac\u00e9s au centre constitue g\u00e9n\u00e9ralement un crit\u00e8re cellulaire d&#8217;ad\u00e9nocarcinome.<br \/>\n40x <\/div>\n<\/div>\n<div class=\"chartColumnLongCell\">\n<strong>Figure 107<br \/>\n<\/strong><br \/>\nLavage bronchique<br \/>\nLa pr\u00e9sence de nucl\u00e9oles isol\u00e9s et plac\u00e9s au centre constitue g\u00e9n\u00e9ralement un crit\u00e8re cellulaire d&#8217;ad\u00e9nocarcinome.<br \/>\n40x <\/div>\n<div class=\"newRow\"><\/div>\n<div class=\"chartColumnCell\">\n<a href=\"\/gallery\/images_large\/slide0621.jpg\" class=\"highslide\" onclick=\"return hs.expand(this)\" name=\"pap\"><br \/>\n\t<img decoding=\"async\" src=\"\/gallery\/images\/slide0621.jpg\" alt=\"Image 2\" border=\"0\" title=\"Click to enlarge\"><\/a><\/p>\n<div class=\"highslide-caption\">\n<strong>Figure 108<\/strong><br \/>\n<br \/>\nLavage bronchique<br \/>\nNoter ici la nature tridimensionnelle de ce groupe d&#8217;ad\u00e9nocarcinome.<br \/>\n40x <\/div>\n<\/div>\n<div class=\"chartColumnLongCell\">\n<strong>Figure 108<br \/>\n<\/strong><br \/>\nLavage bronchique<br \/>\n<br \/>\nNoter ici la nature tridimensionnelle de ce groupe d&#8217;ad\u00e9nocarcinome.<br \/>\n40x <\/div>\n<div class=\"newRow\"><\/div>\n<div class=\"chartColumnCell\">\n<a href=\"\/gallery\/images_large\/slide0622.jpg\" class=\"highslide\" onclick=\"return hs.expand(this)\"><br \/>\n\t<img decoding=\"async\" src=\"\/gallery\/images\/slide0622.jpg\" alt=\"Image 3\" border=\"0\" title=\"Click to enlarge\"><\/a><\/p>\n<div class=\"highslide-caption\">\n<strong>Figure 109<\/strong><br \/>\n<br \/>\nLavage bronchique<br \/>\nGroupe d&#8217;un ad\u00e9nocarcinome m\u00e9lang\u00e9 \u00e0 des macrophages respiratoires.<br \/>\n20x <\/div>\n<\/div>\n<div class=\"chartColumnShortCell\">\n<strong>Figure 109<br \/>\n<\/strong>        \t\tLavage bronchique<br \/>\nGroupe d&#8217;un ad\u00e9nocarcinome m\u00e9lang\u00e9 \u00e0 des macrophages respiratoires.<br \/>\n20x\n<\/div>\n<div class=\"newRow\"><\/div>\n<div class=\"chartColumnCell\">\n<a href=\"\/gallery\/images_large\/slide0623.jpg\" class=\"highslide\" onclick=\"return hs.expand(this)\" name=\"pap\"><br \/>\n\t<img decoding=\"async\" src=\"\/gallery\/images\/slide0623.jpg\" alt=\"Image 2\" border=\"0\" title=\"Click to enlarge\"><\/a><\/p>\n<div class=\"highslide-caption\">\n<strong>Figure 110<\/strong><br \/>\n<br \/>\nLavage bronchique<br \/>\nCellules avec cytoplasme vacuolis\u00e9 au bord du groupe.<br \/>\n60x<\/div>\n<\/div>\n<div class=\"chartColumnLongCell\">\n<strong>Figure 110<br \/>\n<\/strong><br \/>\nLavage bronchique<br \/>\n<br \/>\nCellules avec cytoplasme vacuolis\u00e9 au bord du groupe.<br \/>\n60x<\/div>\n<div class=\"newRow\"><\/div>\n<div class=\"chartColumnCell\">\n<a href=\"\/gallery\/images_large\/slide0624.jpg\" class=\"highslide\" onclick=\"return hs.expand(this)\"><br \/>\n\t<img decoding=\"async\" src=\"\/gallery\/images\/slide0624.jpg\" alt=\"Image 3\" border=\"0\" title=\"Click to enlarge\"><\/a><\/p>\n<div class=\"highslide-caption\">\n<strong>Figure 111<\/strong><br \/>\n<br \/>\nLavage bronchique<br \/>\nGroupe de cellules formant une petite structure acineuse.<br \/>\n60x <\/div>\n<\/div>\n<div class=\"chartColumnLongCell\">\n<strong>Figure 111<br \/>\n<\/strong>        \t\tLavage bronchique<br \/>\n<br \/>\nGroupe de cellules formant une petite structure acineuse.<br \/>\n60x <\/div>\n<div class=\"newRow\"><\/div>\n<div class=\"chartColumnCell\">\n<a href=\"\/gallery\/images_large\/slide0625.jpg\" class=\"highslide\" onclick=\"return hs.expand(this)\"><br \/>\n\t<img decoding=\"async\" src=\"\/gallery\/images\/slide0625.jpg\" alt=\"Image 3\" border=\"0\" title=\"Click to enlarge\"><\/a><\/p>\n<div class=\"highslide-caption\">\n<strong>Figure 112<\/strong><br \/>\n<br \/>\nLavage bronchique<br \/>\nGroupe d&#8217;ad\u00e9nocarcinome pr\u00e9sent dans un fond de n\u00e9crose.<br \/>\n20x<\/div>\n<\/div>\n<div class=\"chartColumnLongCell\">\n<strong>Figure 112<br \/>\n<\/strong>        \t\tLavage bronchique<br \/>\n<br \/>\nGroupe d&#8217;ad\u00e9nocarcinome pr\u00e9sent dans un fond de n\u00e9crose.<br \/>\n20x <\/div>\n<div class=\"newRow\"><\/div>\n<div class=\"chartColumnCell\">\n<a href=\"\/gallery\/images_large\/slide0626.jpg\" class=\"highslide\" onclick=\"return hs.expand(this)\"><br \/>\n\t<img decoding=\"async\" src=\"\/gallery\/images\/slide0626.jpg\" alt=\"Image 3\" border=\"0\" title=\"Click to enlarge\"><\/a><\/p>\n<div class=\"highslide-caption\">\n<strong>Figure 113<\/strong><br \/>\n<br \/>\nLavage bronchique<br \/>\nQuand la majeure partie du mat\u00e9riel est n\u00e9crotique, le diagnostic d&#8217;ad\u00e9nocarcinome doit \u00eatre \u00e9tabli avec une grande prudence.<br \/>\n20x <\/div>\n<\/div>\n<div class=\"chartColumnLongCell\">\n<strong>Figure 113<br \/>\n<\/strong>        \t\tLavage bronchique<br \/>\nQuand la majeure partie du mat\u00e9riel est n\u00e9crotique, le diagnostic d&#8217;ad\u00e9nocarcinome doit \u00eatre \u00e9tabli avec une grande prudence.<br \/>\n20x <\/div>\n<div class=\"newRow\"><\/div>\n<div class=\"chartColumnCell\">\n<a href=\"\/gallery\/images_large\/slide0627.jpg\" class=\"highslide\" onclick=\"return hs.expand(this)\" name=\"pap\"><br \/>\n\t<img decoding=\"async\" src=\"\/gallery\/images\/slide0627.jpg\" alt=\"Image 2\" border=\"0\" title=\"Click to enlarge\"><\/a><\/p>\n<div class=\"highslide-caption\">\n<strong>Figure 114<\/strong><br \/>\n<br \/>\nExpectorations<br \/>\nGroupe de cellules vacuolis\u00e9es.<br \/>\n20x  <\/div>\n<\/div>\n<div class=\"chartColumnLongCell\">\n<strong>Figure 114<br \/>\n<\/strong><br \/>\nExpectorations<br \/>\n<br \/>\nGroupe de cellules vacuolis\u00e9es.<br \/>\n20x <\/div>\n<div class=\"newRow\"><\/div>\n<div class=\"chartColumnCell\">\n<a href=\"\/gallery\/images_large\/slide0628.jpg\" class=\"highslide\" onclick=\"return hs.expand(this)\"><br \/>\n\t<img decoding=\"async\" src=\"\/gallery\/images\/slide0628.jpg\" alt=\"Image 3\" border=\"0\" title=\"Click to enlarge\"><\/a><\/p>\n<div class=\"highslide-caption\">\n<strong>Figure 115<\/strong><br \/>\n<br \/>\nExpectorations<br \/>\nPlus fort grossissement montrant les multiples vacuoles complexes pr\u00e9sentes dans le cytoplasme.<br \/>\n60x  <\/div>\n<\/div>\n<div class=\"chartColumnShortCell\">\n<strong>Figure 115<br \/>\n<\/strong><br \/>\nExpectorations<br \/>\n<br \/>\nPlus fort grossissement montrant les multiples vacuoles complexes pr\u00e9sentes dans le cytoplasme.<br \/>\n60x <\/div>\n<div class=\"newRow\"><\/div>\n<div class=\"chartColumnCell\">\n<a href=\"\/gallery\/images_large\/slide0629.jpg\" class=\"highslide\" onclick=\"return hs.expand(this)\"><br \/>\n\t<img decoding=\"async\" src=\"\/gallery\/images\/slide0629.jpg\" alt=\"Image 3\" border=\"0\" title=\"Click to enlarge\"><\/a><\/p>\n<div class=\"highslide-caption\">\n<strong>Figure 116<br \/>\n<\/strong><br \/>\nExpectorations<br \/>\nPr\u00e9sence d&#8217;une structure acineuse bien form\u00e9e dans ce groupe.<br \/>\n60x <\/div>\n<\/div>\n<div class=\"chartColumnShortCell\">\n<strong>Figure 116<br \/>\n<\/strong><br \/>\nExpectorations<br \/>\nPr\u00e9sence d&#8217;une structure acineuse bien form\u00e9e dans ce groupe.<br \/>\n60x <\/div>\n<div class=\"newRow\"><\/div>\n<div class=\"chartColumnCell\">\n<a href=\"\/gallery\/images_large\/slide0630.jpg\" class=\"highslide\" onclick=\"return hs.expand(this)\" name=\"pap\"><br \/>\n\t<img decoding=\"async\" src=\"\/gallery\/images\/slide0630.jpg\" alt=\"Image 2\" border=\"0\" title=\"Click to enlarge\"><\/a><\/p>\n<div class=\"highslide-caption\">\n<strong>Figure 117<\/strong><br \/>\n<br \/>\nLavage bronchique<br \/>\nAd\u00e9nocarcinome moins bien diff\u00e9renci\u00e9 contenant des d\u00e9bris cellulaires.<br \/>\n20x <\/div>\n<\/div>\n<div class=\"chartColumnShortCell\">\n<strong>Figure 117<br \/>\n<\/strong><br \/>\nLavage bronchique<br \/>\nAd\u00e9nocarcinome moins bien diff\u00e9renci\u00e9 contenant des d\u00e9bris cellulaires.<br \/>\n20x <\/div>\n<div class=\"newRow\"><\/div>\n<div class=\"chartColumnCell\">\n<a href=\"\/gallery\/images_large\/slide0631.jpg\" class=\"highslide\" onclick=\"return hs.expand(this)\"><br \/>\n\t<img decoding=\"async\" src=\"\/gallery\/images\/slide0631.jpg\" alt=\"Image 3\" border=\"0\" title=\"Click to enlarge\"><\/a><\/p>\n<div class=\"highslide-caption\">\n<strong>Figure 118<\/strong><br \/>\n<br \/>\nLavage bronchique<br \/>\nLe fort grossissement des cellules pr\u00e9serv\u00e9es montre les caract\u00e9ristiques de l&#8217;ad\u00e9nocarcinome : regroupement cellulaire, monotonie cellulaire, chromatine p\u00e2le et nucl\u00e9oles \u00e9osinophiles.<br \/>\n60x <\/div>\n<\/div>\n<div class=\"chartColumnLongCell\">\n<strong>Figure 118<br \/>\n<\/strong>        \t\tLavage bronchique<br \/>\n<br \/>\nLe fort grossissement des cellules pr\u00e9serv\u00e9es montre les caract\u00e9ristiques de l&#8217;ad\u00e9nocarcinome : regroupement cellulaire, monotonie cellulaire, chromatine p\u00e2le et nucl\u00e9oles \u00e9osinophiles.<br \/>\n60x <\/div>\n<div class=\"newRow\"><\/div>\n<div class=\"chartColumnCell\">\n<a href=\"\/gallery\/images_large\/slide0632.jpg\" class=\"highslide\" onclick=\"return hs.expand(this)\"><br \/>\n\t<img decoding=\"async\" src=\"\/gallery\/images\/slide0632.jpg\" alt=\"Image 3\" border=\"0\" title=\"Click to enlarge\"><\/a><\/p>\n<div class=\"highslide-caption\">\n<strong>Figure 119<br \/>\n<\/strong><br \/>\nLavage bronchique<br \/>\nNoter les nucl\u00e9oles situ\u00e9s au centre et la structure acineuse rudimentaire dans ce cas d&#8217;ad\u00e9nocarcinome.<br \/>\n40x<\/div>\n<\/div>\n<div class=\"chartColumnLongCell\">\n<strong>Figure 119<br \/>\n<\/strong><br \/>\nLavage bronchique<br \/>\nNoter les nucl\u00e9oles situ\u00e9s au centre et la structure acineuse rudimentaire dans ce cas d&#8217;ad\u00e9nocarcinome.<br \/>\n40x <\/div>\n<div class=\"newRow\"><\/div>\n<div class=\"chartColumnCell\">\n<a href=\"\/gallery\/images_large\/slide0633.jpg\" class=\"highslide\" onclick=\"return hs.expand(this)\" name=\"pap\"><br \/>\n\t<img decoding=\"async\" src=\"\/gallery\/images\/slide0633.jpg\" alt=\"Image 2\" border=\"0\" title=\"Click to enlarge\"><\/a><\/p>\n<div class=\"highslide-caption\">\n<strong>Figure 120<\/strong><br \/>\n<br \/>\nLavage bronchiolo-alv\u00e9olaire<br \/>\nFaible grossissement faisant appara\u00eetre un ad\u00e9nocarcinome mal diff\u00e9renci\u00e9.<br \/>\n20x<\/div>\n<\/div>\n<div class=\"chartColumnLongCell\">\n<strong>Figure 120<br \/>\n<\/strong><br \/>\nLavage bronchiolo-alv\u00e9olaire<br \/>\nFaible grossissement faisant appara\u00eetre un ad\u00e9nocarcinome mal diff\u00e9renci\u00e9.<br \/>\n20x<\/div>\n<div class=\"newRow\"><\/div>\n<div class=\"chartColumnCell\">\n<a href=\"\/gallery\/images_large\/slide0634.jpg\" class=\"highslide\" onclick=\"return hs.expand(this)\"><br \/>\n\t<img decoding=\"async\" src=\"\/gallery\/images\/slide0634.jpg\" alt=\"Image 3\" border=\"0\" title=\"Click to enlarge\"><\/a><\/p>\n<div class=\"highslide-caption\">\n<strong>Figure 121<\/strong><br \/>\n<br \/>\nLavage bronchiolo-alv\u00e9olaire<br \/>\nDans ce cas d&#8217;ad\u00e9nocarcinome mal diff\u00e9renci\u00e9, les noyaux sont de forme variable et pr\u00e9sentent une motte chromatinienne grossi\u00e8re.<br \/>\n60x <\/div>\n<\/div>\n<div class=\"chartColumnLongCell\">\n<strong>Figure 121<br \/>\n<\/strong>        \t\tLavage bronchiolo-alv\u00e9olaire<br \/>\nDans ce cas d&#8217;ad\u00e9nocarcinome mal diff\u00e9renci\u00e9, les noyaux sont de forme variable et pr\u00e9sentent une motte chromatinienne grossi\u00e8re.<br \/>\n60x <\/div>\n<div class=\"newRow\"><\/div>\n<div class=\"chartColumnCell\">\n<a href=\"\/gallery\/images_large\/slide0635.jpg\" class=\"highslide\" onclick=\"return hs.expand(this)\" name=\"pap\"><br \/>\n\t<img decoding=\"async\" src=\"\/gallery\/images\/slide0635.jpg\" alt=\"Image 2\" border=\"0\" title=\"Click to enlarge\"><\/a><\/p>\n<div class=\"highslide-caption\">\n<strong>Figure 122<\/strong><br \/>\n<br \/>\nLavage bronchiolo-alv\u00e9olaire<br \/>\nAd\u00e9nocarcinome mal diff\u00e9renci\u00e9.<br \/>\n60x  <\/div>\n<\/div>\n<div class=\"chartColumnShortCell\">\n<strong>Figure 122<br \/>\n<\/strong><br \/>\nLavage bronchiolo-alv\u00e9olaire<br \/>\nAd\u00e9nocarcinome mal diff\u00e9renci\u00e9.<br \/>\n60x  <\/div>\n<div class=\"newRow\"><\/div>\n<div class=\"chartColumnCell\">\n<a href=\"\/gallery\/images_large\/slide0636.jpg\" class=\"highslide\" onclick=\"return hs.expand(this)\"><br \/>\n\t<img decoding=\"async\" src=\"\/gallery\/images\/slide0636.jpg\" alt=\"Image 3\" border=\"0\" title=\"Click to enlarge\"><\/a><\/p>\n<div class=\"highslide-caption\">\n<strong>Figure 123<\/strong><br \/>\n<br \/>\nLavage bronchique <br \/>\nNombreux groupes cellulaires dans cet ad\u00e9nocarcinome d&#8217;origine bronchiolaire terminale.<br \/>\n20x  <\/div>\n<\/div>\n<div class=\"chartColumnShortCell\">\n<strong>Figure 123<br \/>\n<\/strong><br \/>\nLavage bronchique <br \/>\nNombreux groupes cellulaires dans cet ad\u00e9nocarcinome d&#8217;origine bronchiolaire terminale.<br \/>\n20x <\/div>\n<div class=\"newRow\"><\/div>\n<div class=\"chartColumnCell\">\n<a href=\"\/gallery\/images_large\/slide0637.jpg\" class=\"highslide\" onclick=\"return hs.expand(this)\" name=\"pap\"><br \/>\n\t<img decoding=\"async\" src=\"\/gallery\/images\/slide0637.jpg\" alt=\"Image 2\" border=\"0\" title=\"Click to enlarge\"><\/a><\/p>\n<div class=\"highslide-caption\">\n<strong>Figure 124<\/strong><br \/>\n<br \/>\nLavage bronchique<br \/>\nComparer la taille des cellules du groupe avec l&#8217;\u00e9pith\u00e9lium prismatique contigu.<br \/>\n20x  <\/div>\n<\/div>\n<div class=\"chartColumnShortCell\">\n<strong>Figure 124<br \/>\n<\/strong><br \/>\nLavage bronchique<br \/>\nComparer la taille des cellules du groupe avec l&#8217;\u00e9pith\u00e9lium prismatique contigu.<br \/>\n20x <\/div>\n<div class=\"newRow\"><\/div>\n<div class=\"chartColumnCell\">\n<a href=\"\/gallery\/images_large\/slide0638.jpg\" class=\"highslide\" onclick=\"return hs.expand(this)\"><br \/>\n\t<img decoding=\"async\" src=\"\/gallery\/images\/slide0638.jpg\" alt=\"Image 3\" border=\"0\" title=\"Click to enlarge\"><\/a><\/p>\n<div class=\"highslide-caption\">\n<strong>Figure 125<\/strong><br \/>\n<br \/>\nLavage bronchique<br \/>\nFort grossissement montrant un ad\u00e9nocarcinome d&#8217;origine bronchiolaire terminale.<br \/>\n60x <\/div>\n<\/div>\n<div class=\"chartColumnShortCell\">\n<strong>Figure 125<br \/>\n<\/strong><br \/>\nLavage bronchique<br \/>\n<br \/>\nFort grossissement montrant un ad\u00e9nocarcinome d&#8217;origine bronchiolaire terminale.<br \/>\n60x <\/div>\n<div class=\"newRow\"><\/div>\n<div class=\"chartColumnCell\">\n<a href=\"\/gallery\/images_large\/slide0639.jpg\" class=\"highslide\" onclick=\"return hs.expand(this)\"><br \/>\n\t<img decoding=\"async\" src=\"\/gallery\/images\/slide0639.jpg\" alt=\"Image 3\" border=\"0\" title=\"Click to enlarge\"><\/a><\/p>\n<div class=\"highslide-caption\">\n<strong>Figure 126<\/strong><br \/>\n<br \/>\nLavage bronchique<br \/>\nAd\u00e9nocarcinome  60x<\/div>\n<\/div>\n<div class=\"chartColumnShortCell\">\n<strong>Figure 126<br \/>\n<\/strong><br \/>\nLavage bronchique<br \/>\nAd\u00e9nocarcinome<br \/>\n60x <\/div>\n<div class=\"newRow\"><\/div>\n<div class=\"chartColumnCell\">\n<a href=\"\/gallery\/images_large\/slide0640.jpg\" class=\"highslide\" onclick=\"return hs.expand(this)\"><br \/>\n\t<img decoding=\"async\" src=\"\/gallery\/images\/slide0640.jpg\" alt=\"Image 3\" border=\"0\" title=\"Click to enlarge\"><\/a><\/p>\n<div class=\"highslide-caption\">\n<strong>Figure 127<\/strong><br \/>\n<br \/>\nLavage bronchique<br \/>\nCellules malignes d&#8217;origine bronchiolaire terminale.<br \/>\n20x <\/div>\n<\/div>\n<div class=\"chartColumnShortCell\">\n<strong>Figure 127<br \/>\n<\/strong><br \/>\nLavage bronchique<br \/>\nCellules malignes d&#8217;origine bronchiolaire terminale.<br \/>\n20x <\/div>\n<div class=\"newRow\"><\/div>\n<div class=\"chartColumnCell\">\n<a href=\"\/gallery\/images_large\/slide0641.jpg\" class=\"highslide\" onclick=\"return hs.expand(this)\"><br \/>\n\t<img decoding=\"async\" src=\"\/gallery\/images\/slide0641.jpg\" alt=\"Image 3\" border=\"0\" title=\"Click to enlarge\"><\/a><\/p>\n<div class=\"highslide-caption\">\n<strong>Figure 128<\/strong><br \/>\n<br \/>\nLavage bronchique<br \/>\nFort grossissement montrant les cellules relativement ternes de cet ad\u00e9nocarcinome d&#8217;origine bronchiolaire terminale.<br \/>\n60x   <\/div>\n<\/div>\n<div class=\"chartColumnShortCell\">\n<strong>Figure 128<br \/>\n<\/strong><br \/>\nLavage bronchique<br \/>\nFort grossissement montrant les cellules relativement ternes de cet ad\u00e9nocarcinome d&#8217;origine bronchiolaire terminale.<br \/>\n60x <\/div>\n<div class=\"newRow\"><\/div>\n<div class=\"chartColumnCell\">\n<a href=\"\/gallery\/images_large\/slide0642.jpg\" class=\"highslide\" onclick=\"return hs.expand(this)\"><br \/>\n\t<img decoding=\"async\" src=\"\/gallery\/images\/slide0642.jpg\" alt=\"Image 3\" border=\"0\" title=\"Click to enlarge\"><\/a><\/p>\n<div class=\"highslide-caption\">\n<strong>Figure 129<\/strong><br \/>\n<br \/>\nLavage bronchique<br \/>\nAd\u00e9nocarcinome d&#8217;origine bronchiolaire terminale.<br \/>\n60x <\/div>\n<\/div>\n<div class=\"chartColumnShortCell\">\n<strong>Figure 129<br \/>\n<\/strong><br \/>\nLavage bronchique<br \/>\n<br \/>\nAd\u00e9nocarcinome d&#8217;origine bronchiolaire terminale.<br \/>\n60x <\/div>\n<div class=\"newRow\"><\/div>\n<div class=\"chartColumnCell\">\n<a href=\"\/gallery\/images_large\/slide0643.jpg\" class=\"highslide\" onclick=\"return hs.expand(this)\"><br \/>\n\t<img decoding=\"async\" src=\"\/gallery\/images\/slide0643.jpg\" alt=\"Image 3\" border=\"0\" title=\"Click to enlarge\"><\/a><\/p>\n<div class=\"highslide-caption\">\n<strong>Figure 130<\/strong><br \/>\n<br \/>\nBrossage bronchique <br \/>\nCertains cas d&#8217;ad\u00e9nocarcinome pr\u00e9sentent des structures papillaires ou pseudo-papillaires.<br \/>\n40x <\/div>\n<\/div>\n<div class=\"chartColumnShortCell\">\n<strong>Figure 130<br \/>\n<\/strong><br \/>\nBrossage bronchique<br \/>\n<br \/>\nCertains cas d&#8217;ad\u00e9nocarcinome pr\u00e9sentent des structures papillaires ou pseudo-papillaires.<br \/>\n40x <\/div>\n<\/div>\n<div class=\"newRow\"><\/div>\n<p><a class=\"back\" href=\"#\">Retour au d\u00e9but<\/a><\/p>\n<p><a href=\"nongyn_atlas.htm\"> Retour \u00e0 la table des mati\u00e8res<\/a><\/p>\n<\/div>\n<p>[\/vc_column_text][\/vc_column][vc_column width=&#8221;1\/3&#8243; offset=&#8221;vc_hidden-sm vc_hidden-xs&#8221;][vc_widget_sidebar sidebar_id=&#8221;consulting-right-sidebar&#8221;][\/vc_column][\/vc_row]<\/p>\n","protected":false},"excerpt":{"rendered":"<p>[vc_row 0=&#8221;&#8221;][vc_column 0=&#8221;&#8221; offset=&#8221;vc_hidden-lg vc_hidden-md&#8221;][vc_raw_html 0=&#8221;&#8221;]PGNlbnRlcj48YSBjbGFzcz0ic2hpZnRuYXYtdG9nZ2xlIHNoaWZ0bmF2LXRvZ2dsZS1idXR0b24iIGRhdGEtc2hpZnRuYXYtdGFyZ2V0PSJzaGlmdG5hdi1tYWluIj48aSBjbGFzcz0iZmEgZmEtYmFycyI+PC9pPiBUYWJsZSBvZiBDb250ZW50cyA8L2E+PC9jZW50ZXI+[\/vc_raw_html][\/vc_column][\/vc_row][vc_row][vc_column][vc_custom_heading text=&#8221;Cytologie respiratoire&#8221; font_container=&#8221;tag:h1|text_align:center&#8221; use_theme_fonts=&#8221;yes&#8221;][\/vc_column][\/vc_row][vc_row][vc_column width=&#8221;2\/3&#8243;][vc_column_text] AD\u00c9NOCARCINOME Rappel : Vous pouvez cliquer sur une image de l&#8217;Atlas pour la voir dans un format plus grand. Figure 105 Lavage bronchique Les cellules de l&#8217;ad\u00e9nocarcinome pulmonaire bien et mod\u00e9r\u00e9ment diff\u00e9renci\u00e9 si\u00e8gent g\u00e9n\u00e9ralement dans un groupe. 20x Figure 105 Lavage bronchique Les cellules<\/p>\n","protected":false},"author":7,"featured_media":0,"parent":1949,"menu_order":0,"comment_status":"closed","ping_status":"closed","template":"","meta":{"ngg_post_thumbnail":0,"footnotes":""},"class_list":["post-2091","page","type-page","status-publish","hentry"],"_links":{"self":[{"href":"https:\/\/dev.cytologystuff.com\/fr\/wp-json\/wp\/v2\/pages\/2091","targetHints":{"allow":["GET"]}}],"collection":[{"href":"https:\/\/dev.cytologystuff.com\/fr\/wp-json\/wp\/v2\/pages"}],"about":[{"href":"https:\/\/dev.cytologystuff.com\/fr\/wp-json\/wp\/v2\/types\/page"}],"author":[{"embeddable":true,"href":"https:\/\/dev.cytologystuff.com\/fr\/wp-json\/wp\/v2\/users\/7"}],"replies":[{"embeddable":true,"href":"https:\/\/dev.cytologystuff.com\/fr\/wp-json\/wp\/v2\/comments?post=2091"}],"version-history":[{"count":0,"href":"https:\/\/dev.cytologystuff.com\/fr\/wp-json\/wp\/v2\/pages\/2091\/revisions"}],"up":[{"embeddable":true,"href":"https:\/\/dev.cytologystuff.com\/fr\/wp-json\/wp\/v2\/pages\/1949"}],"wp:attachment":[{"href":"https:\/\/dev.cytologystuff.com\/fr\/wp-json\/wp\/v2\/media?parent=2091"}],"curies":[{"name":"wp","href":"https:\/\/api.w.org\/{rel}","templated":true}]}}