{"id":2007,"date":"2017-07-31T19:36:44","date_gmt":"2017-07-31T19:36:44","guid":{"rendered":"http:\/\/cytologystuff1.wpengine.com\/non-gyn-atlas\/effusions-and-washes-ovarian-adenocarcinoma\/"},"modified":"2017-11-16T13:09:51","modified_gmt":"2017-11-16T13:09:51","slug":"effusions-and-washes-ovarian-adenocarcinoma","status":"publish","type":"page","link":"https:\/\/dev.cytologystuff.com\/fr\/non-gyn-atlas\/effusions-and-washes-ovarian-adenocarcinoma\/","title":{"rendered":"Cytologie des effusions de la cavit\u00e9 pleurale, p\u00e9ricardique et p\u00e9riton\u00e9ale"},"content":{"rendered":"<p>[vc_row 0=&#8221;&#8221;][vc_column 0=&#8221;&#8221; offset=&#8221;vc_hidden-lg vc_hidden-md&#8221;][vc_raw_html 0=&#8221;&#8221;]PGNlbnRlcj48YSBjbGFzcz0ic2hpZnRuYXYtdG9nZ2xlIHNoaWZ0bmF2LXRvZ2dsZS1idXR0b24iIGRhdGEtc2hpZnRuYXYtdGFyZ2V0PSJzaGlmdG5hdi1tYWluIj48aSBjbGFzcz0iZmEgZmEtYmFycyI+PC9pPiBUYWJsZSBvZiBDb250ZW50cyA8L2E+PC9jZW50ZXI+[\/vc_raw_html][\/vc_column][\/vc_row][vc_row][vc_column][vc_custom_heading text=&#8221;Cytologie des effusions de la cavit\u00e9 pleurale, p\u00e9ricardique et p\u00e9riton\u00e9ale&#8221; font_container=&#8221;tag:h1|text_align:center&#8221; use_theme_fonts=&#8221;yes&#8221;][\/vc_column][\/vc_row][vc_row el_id=&#8221;acknowledgements&#8221;][vc_column width=&#8221;2\/3&#8243;][vc_column_text]<\/p>\n<div id=>\n<p class=\"subhead\">\u00c9PANCHEMENTS ET LAVAGES &#8211; AD\u00c9NOCARCINOME OVARIEN <\/p>\n<p>         Chez la femme, un \u00e9panchement p\u00e9riton\u00e9al inexpliqu\u00e9 indique qu&#8217;il faut rechercher des cellules malignes d&#8217;origine ovarienne.<\/p>\n<p style=\"padding-left:7px\"><a href=\"javascript:void(0)\"  style=\"width:350px;display:block\"><img loading=\"lazy\" decoding=\"async\" src=\"\/images\/button27h.gif\" id=\"selfAssessImg\" width=\"350\" height=\"40\"><\/a><\/p>\n<div class=\"highslide-gallery\">\n<strong>Rappel : Vous pouvez cliquer sur une image<br \/>\nde l&#8217;Atlas pour la voir dans un format plus grand.<\/strong><\/p>\n<div class=\"chartColumnCell\">\n<a href=\"\/gallery\/images_large\/slide0443.jpg\" class=\"highslide\" onclick=\"return hs.expand(this)\" name=\"pap\"><br \/>\n\t<img decoding=\"async\" src=\"\/gallery\/images\/slide0443.jpg\" alt=\"Image 2\" border=\"0\" title=\"Click to enlarge\"><\/a><\/p>\n<div class=\"highslide-caption\">\n<strong>Figure 43<\/strong><br \/>\n<br \/>\n\u00c9panchement pleural :Ad\u00e9nocarcinome ovarien papillaire s\u00e9reux.  20X<\/div>\n<\/div>\n<div class=\"chartColumnShortCell\">\n        \t<strong>Figure 43<br \/>\n        \t<\/strong><br \/>\n            \u00c9panchement pleural :<br \/>\nAd\u00e9nocarcinome ovarien papillaire s\u00e9reux.<br \/>\n20X <\/div>\n<div class=\"newRow\"><\/div>\n<div class=\"chartColumnCell\">\n<a href=\"\/gallery\/images_large\/slide0444.jpg\" class=\"highslide\" onclick=\"return hs.expand(this)\"><br \/>\n\t<img decoding=\"async\" src=\"\/gallery\/images\/slide0444.jpg\" alt=\"Image 3\" border=\"0\" title=\"Click to enlarge\"><\/a><\/p>\n<div class=\"highslide-caption\">\n<strong>Figure 44<\/strong><br \/>\n<br \/>\n\u00c9panchement pleural :  Ad\u00e9nocarcinome ovarien papillaire s\u00e9reux.  40X  <\/div>\n<\/div>\n<div class=\"chartColumnShortCell\">\n \t\t<strong>Figure 44<br \/>\n \t\t<\/strong>        \t\t\u00c9panchement pleural :<br \/>\nAd\u00e9nocarcinome ovarien papillaire s\u00e9reux.<br \/>\n40X\n<\/div>\n<div class=\"newRow\"><\/div>\n<div class=\"chartColumnCell\">\n<a href=\"\/gallery\/images_large\/slide0445.jpg\" class=\"highslide\" onclick=\"return hs.expand(this)\"><br \/>\n\t<img decoding=\"async\" src=\"\/gallery\/images\/slide0445.jpg\" alt=\"Image 3\" border=\"0\" title=\"Click to enlarge\"><\/a><\/p>\n<div class=\"highslide-caption\">\n<strong>Figure 45<\/strong><br \/>\n\u00c9panchement pleural : Ad\u00e9nocarcinome ovarien papillaire s\u00e9reux.  60X<\/div>\n<\/div>\n<div class=\"chartColumnShortCell\">\n<strong>Figure 45<br \/>\n<\/strong><br \/>\n\u00c9panchement pleural :<br \/>\nAd\u00e9nocarcinome ovarien papillaire s\u00e9reux.<br \/>\n60X\n<\/div>\n<div class=\"newRow\"><\/div>\n<p><strong>Figures 43 \u00e0 45 : \u00c9panchement pleural : Ad\u00e9nocarcinome ovarien papillaire s\u00e9reux.<\/strong><br \/>\nDans un \u00e9panchement pleural, les cellules de l&#8217;ad\u00e9nocarcinome ovarien papillaire s\u00e9reux peuvent repr\u00e9senter une population discontinue de cellules. Leur taille cellulaire et nucl\u00e9aire est variable. L&#8217;augmentation du rapport N\/C et la pr\u00e9sence de vacuoles cytoplasmiques constituent des caract\u00e9ristiques de cette affection. Les cellules se pr\u00e9sentent sous forme isol\u00e9e et dans de petits groupes acineux. <\/p>\n<div class=\"chartColumnCell\">\n<a href=\"\/gallery\/images_large\/slide0446.jpg\" class=\"highslide\" onclick=\"return hs.expand(this)\" name=\"pap\"><br \/>\n\t<img decoding=\"async\" src=\"\/gallery\/images\/slide0446.jpg\" alt=\"Image 2\" border=\"0\" title=\"Click to enlarge\"><\/a><\/p>\n<div class=\"highslide-caption\">\n<strong>Figure 46<\/strong><br \/>\n<br \/>\u00c9panchement pleural : Ad\u00e9nocarcinome ovarien s\u00e9reux. Cellules tumorales m\u00e9tastatiques d&#8217;un ad\u00e9nocarcinome ovarien observ\u00e9es dans un \u00e9panchement pleural ; structure glandulaire papillaire en 3D.<br \/>\n40X  <\/div>\n<\/div>\n<div class=\"chartColumnLongCell\">\n        \t<strong>Figure 46<br \/>\n        \t<\/strong><br \/>\n\u00c9panchement pleural :<br \/>\nAd\u00e9nocarcinome ovarien s\u00e9reux. Cellules tumorales m\u00e9tastatiques d&#8217;un ad\u00e9nocarcinome ovarien observ\u00e9es dans un \u00e9panchement pleural ; structure glandulaire papillaire en 3D.<br \/>\n40X  <\/div>\n<div class=\"newRow\"><\/div>\n<div class=\"chartColumnCell\">\n<a href=\"\/gallery\/images_large\/slide0447.jpg\" class=\"highslide\" onclick=\"return hs.expand(this)\"><br \/>\n\t<img decoding=\"async\" src=\"\/gallery\/images\/slide0447.jpg\" alt=\"Image 3\" border=\"0\" title=\"Click to enlarge\"><\/a><\/p>\n<div class=\"highslide-caption\">\n<strong>Figure 47<\/strong><br \/>\n<br \/>\u00c9panchement pleural :Ad\u00e9nocarcinome ovarien s\u00e9reux. Bien que tridimensionnelles, la nature maligne de ces cellules de cancer ovarien est facilement identifiable lorsqu&#8217;on compare leur taille aux lymphocytes pr\u00e9sents dans le fond. Il peut s&#8217;av\u00e9rer difficile de faire la diff\u00e9rence entre des sources ovariennes et endom\u00e9triales en raison de l&#8217;origine m\u00fcll\u00e9rienne courante des tumeurs dans chaque site.  20X <\/div>\n<\/div>\n<div class=\"chartColumnLongCell\">\n \t\t<strong>Figure 47<br \/>\n \t\t<\/strong><br \/>\n        \u00c9panchement pleural :<br \/>\nAd\u00e9nocarcinome ovarien s\u00e9reux. Bien que tridimensionnelles, la nature maligne de ces cellules de cancer ovarien est facilement identifiable lorsqu&#8217;on compare leur taille aux lymphocytes pr\u00e9sents dans le fond. Il peut s&#8217;av\u00e9rer difficile de faire la diff\u00e9rence entre des sources ovariennes et endom\u00e9triales en raison de l&#8217;origine m\u00fcll\u00e9rienne courante des tumeurs dans chaque site.<br \/>\n20X\n<\/div>\n<div class=\"newRow\"><\/div>\n<div class=\"chartColumnCell\">\n<a href=\"\/gallery\/images_large\/slide0448.jpg\" class=\"highslide\" onclick=\"return hs.expand(this)\"><br \/>\n\t<img decoding=\"async\" src=\"\/gallery\/images\/slide0448.jpg\" alt=\"Image 3\" border=\"0\" title=\"Click to enlarge\"><\/a><\/p>\n<div class=\"highslide-caption\">\n<strong>Figure 48<\/strong><br \/>\n<br \/>\u00c9panchement pleural : Ad\u00e9nocarcinome ovarien s\u00e9reux. Amas de cellules tumorales \u00e0 grands noyaux et nucl\u00e9oles pro\u00e9minents. Ici encore, noter la diff\u00e9rence de taille par rapport aux lymphocytes du fond. Il s&#8217;agit d&#8217;une population discontinue de cellules.<br \/>\n40X<\/div>\n<\/div>\n<div class=\"chartColumnLongCell\">\n \t\t<strong>Figure 48<br \/>\n \t\t<\/strong><br \/>\n        \u00c9panchement pleural :<br \/>\nAd\u00e9nocarcinome ovarien s\u00e9reux. Amas de cellules tumorales \u00e0 grands noyaux et nucl\u00e9oles pro\u00e9minents. Ici encore, noter la diff\u00e9rence de taille par rapport aux lymphocytes du fond. Il s&#8217;agit d&#8217;une population discontinue de cellules.<br \/>\n40X\n<\/div>\n<div class=\"newRow\"><\/div>\n<div class=\"chartColumnCell\">\n<a href=\"\/gallery\/images_large\/slide0449.jpg\" class=\"highslide\" onclick=\"return hs.expand(this)\"><br \/>\n\t<img decoding=\"async\" src=\"\/gallery\/images\/slide0449.jpg\" alt=\"Image 3\" border=\"0\" title=\"Click to enlarge\"><\/a><\/p>\n<div class=\"highslide-caption\">\n<strong>Figure 49<\/strong><br \/>\n<br \/>\u00c9panchement p\u00e9riton\u00e9al : Tumeur s\u00e9reuse \u00e0 la limite de la malignit\u00e9. Groupe papillaire de tumeur s\u00e9reuse glandulaire \u00e0 la limite de la malignit\u00e9 formant des &#8220;boulets de canon&#8221; arrondis de cellules tumorales. Noter la bordure lisse par rapport \u00e0 la bordure festonn\u00e9e des cellules m\u00e9soth\u00e9liales r\u00e9actionnelles<br \/>\n60X<\/div>\n<\/div>\n<div class=\"chartColumnLongCell\">\n \t\t<strong>Figure 49<br \/>\n \t\t<\/strong><br \/>\n        \u00c9panchement p\u00e9riton\u00e9al :<br \/>\nTumeur s\u00e9reuse \u00e0 la limite de la malignit\u00e9. Groupe papillaire de tumeur s\u00e9reuse glandulaire \u00e0 la limite de la malignit\u00e9 formant des &#8220;boulets de canon&#8221; arrondis de cellules tumorales. Noter la bordure lisse par rapport \u00e0 la bordure festonn\u00e9e des cellules m\u00e9soth\u00e9liales r\u00e9actionnelles<br \/>\n60X\n<\/div>\n<div class=\"newRow\"><\/div>\n<div class=\"chartColumnCell\">\n<a href=\"\/gallery\/images_large\/slide0450.jpg\" class=\"highslide\" onclick=\"return hs.expand(this)\"><br \/>\n\t<img decoding=\"async\" src=\"\/gallery\/images\/slide0450.jpg\" alt=\"Image 3\" border=\"0\" title=\"Click to enlarge\"><\/a><\/p>\n<div class=\"highslide-caption\">\n<strong>Figure 50<\/strong><br \/>\n<br \/>Lavage p\u00e9riton\u00e9al :  Tumeur s\u00e9reuse ovarienne \u00e0 la limite de la malignit\u00e9. Groupe papillaire de cellules tumorales avec vacuolisation cytoplasmique pro\u00e9minente.<br \/>\n40X<\/div>\n<\/div>\n<div class=\"chartColumnLongCell\">\n \t\t<strong>Figure 50<br \/>\n \t\t<\/strong><br \/>\nLavage p\u00e9riton\u00e9al :<br \/>\nTumeur s\u00e9reuse ovarienne \u00e0 la limite de la malignit\u00e9. Groupe papillaire de cellules tumorales avec vacuolisation cytoplasmique pro\u00e9minente.<br \/>\n40X\n<\/div>\n<div class=\"newRow\"><\/div>\n<p>Un lavage p\u00e9riton\u00e9al vigoureux peut d\u00e9tacher une tumeur microscopique. Les lavages font partie int\u00e9grante de la laparoscopie anatomo-pathologique. En raison de la proc\u00e9dure de lavage, les cellules tumorales se d\u00e9tachent g\u00e9n\u00e9ralement en groupes tridimensionnels coh\u00e9sifs et peuvent \u00eatre m\u00e9lang\u00e9es \u00e0 des amas de m\u00e9soth\u00e9lium b\u00e9nin. Ces cellules tumorales sont facilement identifiables par leur taille, leurs caract\u00e9ristiques malignes et configurations encombr\u00e9es.<\/p>\n<div class=\"chartColumnCell\">\n<a href=\"\/gallery\/images_large\/slide0451.jpg\" class=\"highslide\" onclick=\"return hs.expand(this)\" name=\"pap\"><br \/>\n\t<img decoding=\"async\" src=\"\/gallery\/images\/slide0451.jpg\" alt=\"Image 2\" border=\"0\" title=\"Click to enlarge\"><\/a><\/p>\n<div class=\"highslide-caption\">\n<strong>Figure 51<\/strong><br \/>\n<br \/>Lavage pelvien : Tumeur s\u00e9reuse ovarienne \u00e0 la limite de la malignit\u00e9. Lavage pelvien ayant produit un groupe tridimensionnel encombr\u00e9 de cellules tumorales avec caract\u00e9ristiques nucl\u00e9aires atypiques minimes.<br \/>\n40X <\/div>\n<\/div>\n<div class=\"chartColumnLongCell\">\n        \t<strong>Figure 51<br \/>\n        \t<\/strong><br \/>\n            Lavage pelvien :<br \/>\nTumeur s\u00e9reuse ovarienne \u00e0 la limite de la malignit\u00e9. Lavage pelvien ayant produit un groupe tridimensionnel encombr\u00e9 de cellules tumorales avec caract\u00e9ristiques nucl\u00e9aires atypiques minimes.<br \/>\n40X <\/div>\n<div class=\"newRow\"><\/div>\n<div class=\"chartColumnCell\">\n<a href=\"\/gallery\/images_large\/slide0452.jpg\" class=\"highslide\" onclick=\"return hs.expand(this)\"><br \/>\n\t<img decoding=\"async\" src=\"\/gallery\/images\/slide0452.jpg\" alt=\"Image 3\" border=\"0\" title=\"Click to enlarge\"><\/a><\/p>\n<div class=\"highslide-caption\">\n<strong>Figure 52<\/strong><br \/>\n<br \/>\u00c9panchement p\u00e9riton\u00e9al : Ad\u00e9nocarcinome ovarien s\u00e9reux. Groupes papillaires pl\u00e9omorphes de cellules tumorales dans un \u00e9panchement p\u00e9riton\u00e9al. Noter la diff\u00e9rence de taille entre les cellules tumorales et les cellules m\u00e9soth\u00e9liales b\u00e9nignes (en bas \u00e0 droite).  40X  <\/div>\n<\/div>\n<div class=\"chartColumnLongCell\">\n \t\t<strong>Figure 52<br \/>\n \t\t<\/strong><br \/>\n\u00c9panchement p\u00e9riton\u00e9al :<br \/>\nAd\u00e9nocarcinome ovarien s\u00e9reux. Groupes papillaires pl\u00e9omorphes de cellules tumorales dans un \u00e9panchement p\u00e9riton\u00e9al. Noter la diff\u00e9rence de taille entre les cellules tumorales et les cellules m\u00e9soth\u00e9liales b\u00e9nignes (en bas \u00e0 droite).<br \/>\n40X\n<\/div>\n<div class=\"newRow\"><\/div>\n<div class=\"chartColumnCell\">\n<a href=\"\/gallery\/images_large\/slide0453.jpg\" class=\"highslide\" onclick=\"return hs.expand(this)\"><br \/>\n\t<img decoding=\"async\" src=\"\/gallery\/images\/slide0453.jpg\" alt=\"Image 3\" border=\"0\" title=\"Click to enlarge\"><\/a><\/p>\n<div class=\"highslide-caption\">\n<strong>Figure 53<\/strong><br \/>\n<br \/>\u00c9panchement p\u00e9riton\u00e9al :Ad\u00e9nocarcinome ovarien. Groupe tridimensionnel de cellules tumorales avec fond &#8220;sale&#8221;. 20X <\/div>\n<\/div>\n<div class=\"chartColumnLongCell\">\n \t\t<strong>Figure 53<br \/>\n \t\t<\/strong><br \/>\n\u00c9panchement p\u00e9riton\u00e9al :<br \/>\nAd\u00e9nocarcinome ovarien. Groupe tridimensionnel de cellules tumorales avec fond &#8220;sale&#8221;.<br \/>\n20X\n<\/div>\n<div class=\"newRow\"><\/div>\n<div class=\"chartColumnCell\">\n<a href=\"\/gallery\/images_large\/slide0454.jpg\" class=\"highslide\" onclick=\"return hs.expand(this)\"><br \/>\n\t<img decoding=\"async\" src=\"\/gallery\/images\/slide0454.jpg\" alt=\"Image 3\" border=\"0\" title=\"Click to enlarge\"><\/a><\/p>\n<div class=\"highslide-caption\">\n<strong>Figure 54<\/strong><br \/>\n<br \/>Lavage pelvien :Ad\u00e9nocarcinome ovarien. Groupe tridimensionnel de cellules malignes contrastant avec un groupe de quatre cellules b\u00e9nignes (en haut \u00e0 gauche). 40X  <\/div>\n<\/div>\n<div class=\"chartColumnLongCell\">\n \t\t<strong>Figure 54<br \/>\n \t\t<\/strong><br \/>\nLavage pelvien :<br \/>\nAd\u00e9nocarcinome ovarien. Groupe tridimensionnel de cellules malignes contrastant avec un groupe de quatre cellules b\u00e9nignes (en haut \u00e0 gauche).<br \/>\n40X\n<\/div>\n<\/div>\n<div class=\"newRow\"><\/div>\n<p><a class=\"back\" href=\"#\">Retour au d\u00e9but<\/a><\/p>\n<p><a href=\"nongyn_atlas.htm\">Retour \u00e0 la table des mati\u00e8res<\/a><\/p>\n<\/div>\n<p>[\/vc_column_text][vc_column_text css=&#8221;.vc_custom_1500390293825{margin-top: 30px !important;}&#8221; el_class=&#8221;back-to-top&#8221;]<strong><a href=\"#main\">Back to Top<\/a><\/strong>[\/vc_column_text][\/vc_column][vc_column width=&#8221;1\/3&#8243; offset=&#8221;vc_hidden-sm vc_hidden-xs&#8221;][vc_widget_sidebar sidebar_id=&#8221;consulting-right-sidebar&#8221;][\/vc_column][\/vc_row]<\/p>\n","protected":false},"excerpt":{"rendered":"<p>[vc_row 0=&#8221;&#8221;][vc_column 0=&#8221;&#8221; offset=&#8221;vc_hidden-lg vc_hidden-md&#8221;][vc_raw_html 0=&#8221;&#8221;]PGNlbnRlcj48YSBjbGFzcz0ic2hpZnRuYXYtdG9nZ2xlIHNoaWZ0bmF2LXRvZ2dsZS1idXR0b24iIGRhdGEtc2hpZnRuYXYtdGFyZ2V0PSJzaGlmdG5hdi1tYWluIj48aSBjbGFzcz0iZmEgZmEtYmFycyI+PC9pPiBUYWJsZSBvZiBDb250ZW50cyA8L2E+PC9jZW50ZXI+[\/vc_raw_html][\/vc_column][\/vc_row][vc_row][vc_column][vc_custom_heading text=&#8221;Cytologie des effusions de la cavit\u00e9 pleurale, p\u00e9ricardique et p\u00e9riton\u00e9ale&#8221; font_container=&#8221;tag:h1|text_align:center&#8221; use_theme_fonts=&#8221;yes&#8221;][\/vc_column][\/vc_row][vc_row el_id=&#8221;acknowledgements&#8221;][vc_column width=&#8221;2\/3&#8243;][vc_column_text] \u00c9PANCHEMENTS ET LAVAGES &#8211; AD\u00c9NOCARCINOME OVARIEN Chez la femme, un \u00e9panchement p\u00e9riton\u00e9al inexpliqu\u00e9 indique qu&#8217;il faut rechercher des cellules malignes d&#8217;origine ovarienne. Rappel : Vous pouvez cliquer sur une image de l&#8217;Atlas pour la voir<\/p>\n","protected":false},"author":7,"featured_media":0,"parent":1949,"menu_order":0,"comment_status":"closed","ping_status":"closed","template":"","meta":{"ngg_post_thumbnail":0,"footnotes":""},"class_list":["post-2007","page","type-page","status-publish","hentry"],"_links":{"self":[{"href":"https:\/\/dev.cytologystuff.com\/fr\/wp-json\/wp\/v2\/pages\/2007","targetHints":{"allow":["GET"]}}],"collection":[{"href":"https:\/\/dev.cytologystuff.com\/fr\/wp-json\/wp\/v2\/pages"}],"about":[{"href":"https:\/\/dev.cytologystuff.com\/fr\/wp-json\/wp\/v2\/types\/page"}],"author":[{"embeddable":true,"href":"https:\/\/dev.cytologystuff.com\/fr\/wp-json\/wp\/v2\/users\/7"}],"replies":[{"embeddable":true,"href":"https:\/\/dev.cytologystuff.com\/fr\/wp-json\/wp\/v2\/comments?post=2007"}],"version-history":[{"count":0,"href":"https:\/\/dev.cytologystuff.com\/fr\/wp-json\/wp\/v2\/pages\/2007\/revisions"}],"up":[{"embeddable":true,"href":"https:\/\/dev.cytologystuff.com\/fr\/wp-json\/wp\/v2\/pages\/1949"}],"wp:attachment":[{"href":"https:\/\/dev.cytologystuff.com\/fr\/wp-json\/wp\/v2\/media?parent=2007"}],"curies":[{"name":"wp","href":"https:\/\/api.w.org\/{rel}","templated":true}]}}