{"id":2000,"date":"2017-07-31T19:51:09","date_gmt":"2017-07-31T19:51:09","guid":{"rendered":"http:\/\/cytologystuff1.wpengine.com\/non-gyn-atlas\/effusions-and-washes-other-gynecologic-metastases\/"},"modified":"2017-11-17T05:04:02","modified_gmt":"2017-11-17T05:04:02","slug":"effusions-and-washes-other-gynecologic-metastases","status":"publish","type":"page","link":"https:\/\/dev.cytologystuff.com\/fr\/non-gyn-atlas\/effusions-and-washes-other-gynecologic-metastases\/","title":{"rendered":"Cytologie des effusions de la cavit\u00e9 pleurale, p\u00e9ricardique et p\u00e9riton\u00e9ale"},"content":{"rendered":"<p>[vc_row 0=&#8221;&#8221;][vc_column 0=&#8221;&#8221; offset=&#8221;vc_hidden-lg vc_hidden-md&#8221;][vc_raw_html 0=&#8221;&#8221;]PGNlbnRlcj48YSBjbGFzcz0ic2hpZnRuYXYtdG9nZ2xlIHNoaWZ0bmF2LXRvZ2dsZS1idXR0b24iIGRhdGEtc2hpZnRuYXYtdGFyZ2V0PSJzaGlmdG5hdi1tYWluIj48aSBjbGFzcz0iZmEgZmEtYmFycyI+PC9pPiBUYWJsZSBvZiBDb250ZW50cyA8L2E+PC9jZW50ZXI+[\/vc_raw_html][\/vc_column][\/vc_row][vc_row][vc_column][vc_custom_heading text=&#8221;Cytologie des effusions de la cavit\u00e9 pleurale, p\u00e9ricardique et p\u00e9riton\u00e9ale&#8221; font_container=&#8221;tag:h1|text_align:center&#8221; use_theme_fonts=&#8221;yes&#8221;][\/vc_column][\/vc_row][vc_row el_id=&#8221;acknowledgements&#8221;][vc_column width=&#8221;2\/3&#8243;][vc_column_text]<\/p>\n<div id=>\n<p class=\"subhead\">\u00c9PANCHEMENTS ET LAVAGES \u2013 AUTRES M\u00c9TASTASES GYN\u00c9COLOGIQUES <\/p>\n<p style=\"padding-left:7px\"><a href=\"javascript:void(0)\"  style=\"width:350px;display:block\"><img loading=\"lazy\" decoding=\"async\" src=\"\/images\/button27h.gif\" id=\"selfAssessImg\" width=\"350\" height=\"40\"><\/a><\/p>\n<div class=\"highslide-gallery\">\n<strong>Rappel : Vous pouvez cliquer sur une image<br \/>\nde l&#8217;Atlas pour la voir dans un format plus grand.<\/strong><\/p>\n<div class=\"chartColumnCell\">\n<a href=\"\/gallery\/images_large\/slide0455.jpg\" class=\"highslide\" onclick=\"return hs.expand(this)\" name=\"pap\"><br \/>\n\t<img decoding=\"async\" src=\"\/gallery\/images\/slide0455.jpg\" alt=\"Image 2\" border=\"0\" title=\"Click to enlarge\"><\/a><\/p>\n<div class=\"highslide-caption\">\n<strong>Figure 55<\/strong><br \/>\n<br \/>\u00c9panchement p\u00e9riton\u00e9al:<br \/>\nCarcinome papillaire s\u00e9reux de l&#8217;endom\u00e8tre.<br \/>\n20X<\/div>\n<\/div>\n<div class=\"chartColumnShortCell\">\n        \t<strong>Figure 55<br \/>\n        \t<\/strong><br \/>\n            \u00c9panchement p\u00e9riton\u00e9al:<br \/>\nCarcinome papillaire s\u00e9reux de l&#8217;endom\u00e8tre.<br \/>\n20X <\/div>\n<div class=\"newRow\"><\/div>\n<div class=\"chartColumnCell\">\n<a href=\"\/gallery\/images_large\/slide0456.jpg\" class=\"highslide\" onclick=\"return hs.expand(this)\"><br \/>\n\t<img decoding=\"async\" src=\"\/gallery\/images\/slide0456.jpg\" alt=\"Image 3\" border=\"0\" title=\"Click to enlarge\"><\/a><\/p>\n<div class=\"highslide-caption\">\n<strong>Figure 56<\/strong><br \/>\n<br \/>\u00c9panchement p\u00e9riton\u00e9al:<br \/>\nCarcinome papillaire s\u00e9reux de l&#8217;endom\u00e8tre.<br \/>\n40X <\/div>\n<\/div>\n<div class=\"chartColumnShortCell\">\n \t\t<strong>Figure 56<br \/>\n \t\t<\/strong>        \t\t\u00c9panchement p\u00e9riton\u00e9al:<br \/>\nCarcinome papillaire s\u00e9reux de l&#8217;endom\u00e8tre.<br \/>\n40X\n<\/div>\n<div class=\"newRow\"><\/div>\n<p><strong>Figures 55 et 56:<\/strong> <br \/>\n\u00c9panchement p\u00e9riton\u00e9al, carcinome papillaire s\u00e9reux de l&#8217;endom\u00e8tre. Cellules malignes regroup\u00e9es autour de pasmmomes.        <\/p>\n<div class=\"chartColumnCell\">\n<a href=\"\/gallery\/images_large\/slide0457.jpg\" class=\"highslide\" onclick=\"return hs.expand(this)\" name=\"pap\"><br \/>\n\t<img decoding=\"async\" src=\"\/gallery\/images\/slide0457.jpg\" alt=\"Image 2\" border=\"0\" title=\"Click to enlarge\"><\/a><\/p>\n<div class=\"highslide-caption\">\n    \t<strong>Figure 57<br \/>\n        \t<\/strong><br \/>\n\u00c9panchement p\u00e9riton\u00e9al:<br \/>\nAd\u00e9nocarcinome endom\u00e9trial. Microphotographie \u00e0 faible grossissement montrant deux populations cellulaires distinctes. Noter l&#8217;amas plat de cellules b\u00e9nignes uniformes (en bas \u00e0 gauche), les nombreuses cellules tumorales manquant de coh\u00e9sion (en bas \u00e0 droite) et le grand fragment coh\u00e9sif de cellules tumorales (en haut \u00e0 gauche).<br \/>\n20X<\/div>\n<\/div>\n<div class=\"chartColumnLongCell\">\n        \t<strong>Figure 57<br \/>\n        \t<\/strong><br \/>\n\u00c9panchement p\u00e9riton\u00e9al:<br \/>\nAd\u00e9nocarcinome endom\u00e9trial. Microphotographie \u00e0 faible grossissement montrant deux populations cellulaires distinctes. Noter l&#8217;amas plat de cellules b\u00e9nignes uniformes (en bas \u00e0 gauche), les nombreuses cellules tumorales manquant de coh\u00e9sion (en bas \u00e0 droite) et le grand fragment coh\u00e9sif de cellules tumorales (en haut \u00e0 gauche).<br \/>\n20X <\/div>\n<div class=\"newRow\"><\/div>\n<div class=\"chartColumnCell\">\n<a href=\"\/gallery\/images_large\/slide0458.jpg\" class=\"highslide\" onclick=\"return hs.expand(this)\"><br \/>\n\t<img decoding=\"async\" src=\"\/gallery\/images\/slide0458.jpg\" alt=\"Image 3\" border=\"0\" title=\"Click to enlarge\"><\/a><\/p>\n<div class=\"highslide-caption\">\n<strong>Figure 58<\/strong><br \/>\n<br \/>\u00c9panchement p\u00e9riton\u00e9al:<br \/>\nAd\u00e9nocarcinome endom\u00e9trial. Cellules malignes avec caract\u00e9ristiques d&#8217;ad\u00e9nocarcinome (figure de mitose, nucl\u00e9oles pro\u00e9minents, cytoplasme vacuolis\u00e9, noyaux excentr\u00e9s, etc.)<br \/>\n60X <\/div>\n<\/div>\n<div class=\"chartColumnLongCell\">\n \t\t<strong>Figure 58<br \/>\n \t\t<\/strong><br \/>\n\u00c9panchement p\u00e9riton\u00e9al:<br \/>\nAd\u00e9nocarcinome endom\u00e9trial. Cellules malignes avec caract\u00e9ristiques d&#8217;ad\u00e9nocarcinome (figure de mitose, nucl\u00e9oles pro\u00e9minents, cytoplasme vacuolis\u00e9, noyaux excentr\u00e9s, etc.)<br \/>\n60X\n<\/div>\n<div class=\"newRow\"><\/div>\n<div class=\"chartColumnCell\">\n<a href=\"\/gallery\/images_large\/slide0459.jpg\" class=\"highslide\" onclick=\"return hs.expand(this)\"><br \/>\n\t<img decoding=\"async\" src=\"\/gallery\/images\/slide0459.jpg\" alt=\"Image 3\" border=\"0\" title=\"Click to enlarge\"><\/a><\/p>\n<div class=\"highslide-caption\">\n<strong>Figure 59<\/strong><br \/>\n<br \/>\u00c9panchement pleural:<br \/>\nAd\u00e9nocarcinome endom\u00e9trial.<br \/>\n20X <\/div>\n<\/div>\n<div class=\"chartColumnLongCell\">\n \t\t<strong>Figure 59<br \/>\n \t\t<\/strong><br \/>\n \u00c9panchement pleural:<br \/>\nAd\u00e9nocarcinome endom\u00e9trial.<br \/>\n20X\n<\/div>\n<div class=\"newRow\"><\/div>\n<div class=\"chartColumnCell\">\n<a href=\"\/gallery\/images_large\/slide0460.jpg\" class=\"highslide\" onclick=\"return hs.expand(this)\"><br \/>\n\t<img decoding=\"async\" src=\"\/gallery\/images\/slide0460.jpg\" alt=\"Image 3\" border=\"0\" title=\"Click to enlarge\"><\/a><\/p>\n<div class=\"highslide-caption\">\n<strong>Figure 60<\/strong><br \/>\n<br \/>\n\u00c9panchement pleural:<br \/>\nAd\u00e9nocarcinome endom\u00e9trial.<br \/>\n40X <\/div>\n<\/div>\n<div class=\"chartColumnLongCell\">\n \t\t<strong>Figure 60<br \/>\n \t\t<\/strong><br \/>\n       \u00c9panchement pleural:<br \/>\nAd\u00e9nocarcinome endom\u00e9trial.<br \/>\n40X\n<\/div>\n<div class=\"newRow\"><\/div>\n<p><strong>Figures 59 et 60:<\/strong> <br \/>\n\u00c9panchement pleural: Ad\u00e9nocarcinome endom\u00e9trial.<br \/>\nCet \u00e9panchement pleural contient de grands groupes de cellules malignes. Noter la taille sup\u00e9rieure des cellules par rapport aux lymphocytes et cellules m\u00e9soth\u00e9liales dans le fond. Dans les \u00e9panchements, une population discontinue est une caract\u00e9ristique de malignit\u00e9.<\/p>\n<div class=\"chartColumnCell\">\n<a href=\"\/gallery\/images_large\/slide0461.jpg\" class=\"highslide\" onclick=\"return hs.expand(this)\"><br \/>\n\t<img decoding=\"async\" src=\"\/gallery\/images\/slide0461.jpg\" alt=\"Image 3\" border=\"0\" title=\"Click to enlarge\"><\/a><\/p>\n<div class=\"highslide-caption\">\n<strong>Figure 61<\/strong><br \/>\n<br \/>\u00c9panchement pleural:<br \/>\nAd\u00e9nocarcinome papillaire de la surface p\u00e9riton\u00e9ale. Cette tumeur provient d&#8217;un carcinome extra-ovarien ou d&#8217;un carcinome d&#8217;origine m\u00fcll\u00e9rienne. Noter la diff\u00e9rence avec les cellules b\u00e9nignes.<br \/>\n10X<\/div>\n<\/div>\n<div class=\"chartColumnLongCell\">\n \t\t<strong>Figure 61<br \/>\n \t\t<\/strong><br \/>\n\u00c9panchement pleural:<br \/>\nAd\u00e9nocarcinome papillaire de la surface p\u00e9riton\u00e9ale. Cette tumeur provient d&#8217;un carcinome extra-ovarien ou d&#8217;un carcinome d&#8217;origine m\u00fcll\u00e9rienne. Noter la diff\u00e9rence avec les cellules b\u00e9nignes.<br \/>\n10X\n<\/div>\n<div class=\"newRow\"><\/div>\n<div class=\"chartColumnCell\">\n<a href=\"\/gallery\/images_large\/slide0462.jpg\" class=\"highslide\" onclick=\"return hs.expand(this)\" name=\"pap\"><br \/>\n\t<img decoding=\"async\" src=\"\/gallery\/images\/slide0462.jpg\" alt=\"Image 2\" border=\"0\" title=\"Click to enlarge\"><\/a><\/p>\n<div class=\"highslide-caption\">\n<strong>Figure 62<\/strong><br \/>\n<br \/>\n\u00c9panchement pleural:<br \/>\nAd\u00e9nocarcinome. Groupe papillaire de cellules malignes.<br \/>\n20X <\/div>\n<\/div>\n<div class=\"chartColumnLongCell\">\n        \t<strong>Figure 62<br \/>\n        \t<\/strong><br \/>\n\u00c9panchement pleural:<br \/>\nAd\u00e9nocarcinome. Groupe papillaire de cellules malignes.<br \/>\n20X <\/div>\n<div class=\"newRow\"><\/div>\n<div class=\"chartColumnCell\">\n<a href=\"\/gallery\/images_large\/slide0463.jpg\" class=\"highslide\" onclick=\"return hs.expand(this)\"><br \/>\n\t<img decoding=\"async\" src=\"\/gallery\/images\/slide0463.jpg\" alt=\"Image 3\" border=\"0\" title=\"Click to enlarge\"><\/a><\/p>\n<div class=\"highslide-caption\">\n<strong>Figure 63<\/strong><br \/>\n<br \/>Cytobloc d&#8217;\u00e9panchement pleural:<br \/>\nAd\u00e9nocarcinome. Un cytobloc permet de mieux mettre en \u00e9vidence la population cellulaire maligne distincte et permet l&#8217;analyse immunohistochimique des marqueurs cellulaires \u00e0 des fins de diff\u00e9renciation et de pronostic.<br \/>\n10X   <\/div>\n<\/div>\n<div class=\"chartColumnLongCell\">\n \t\t<strong>Figure 63<br \/>\n \t\t<\/strong><br \/>\nCytobloc d&#8217;\u00e9panchement pleural:<br \/>\nAd\u00e9nocarcinome. Un cytobloc permet de mieux mettre en \u00e9vidence la population cellulaire maligne distincte et permet l&#8217;analyse immunohistochimique des marqueurs cellulaires \u00e0 des fins de diff\u00e9renciation et de pronostic.<br \/>\n10X\n<\/div>\n<div class=\"newRow\"><\/div>\n<div class=\"chartColumnCell\">\n<a href=\"\/gallery\/images_large\/slide0464.jpg\" class=\"highslide\" onclick=\"return hs.expand(this)\"><br \/>\n\t<img decoding=\"async\" src=\"\/gallery\/images\/slide0464.jpg\" alt=\"Image 3\" border=\"0\" title=\"Click to enlarge\"><\/a><\/p>\n<div class=\"highslide-caption\">\n<strong>Figure 64<\/strong><br \/>\n<br \/>Lavage pelvien:<br \/>\nCarcinome indiff\u00e9renci\u00e9 \u00e0 grandes cellules du col de l&#8217;ut\u00e9rus. L&#8217;examen cytologique fait appara\u00eetre des groupes arrondis de cellules malignes.<br \/>\n60X<\/div>\n<\/div>\n<div class=\"chartColumnLongCell\">\n \t\t<strong>Figure 64<br \/>\n \t\t<\/strong><br \/>\nLavage pelvien:<br \/>\nCarcinome indiff\u00e9renci\u00e9 \u00e0 grandes cellules du col de l&#8217;ut\u00e9rus. L&#8217;examen cytologique fait appara\u00eetre des groupes arrondis de cellules malignes.<br \/>\n60X\n<\/div>\n<div class=\"newRow\"><\/div>\n<div class=\"chartColumnCell\">\n<a href=\"\/gallery\/images_large\/slide0465.jpg\" class=\"highslide\" onclick=\"return hs.expand(this)\"><br \/>\n\t<img decoding=\"async\" src=\"\/gallery\/images\/slide0465.jpg\" alt=\"Image 3\" border=\"0\" title=\"Click to enlarge\"><\/a><\/p>\n<div class=\"highslide-caption\">\n<strong>Figure 65<\/strong><br \/>\n<br \/>Lavage pelvien:<br \/>\nCancer du col de l&#8217;ut\u00e9rus. Cette vue \u00e0 fort grossissement montre un cytoplasme vacuolis\u00e9, des nucl\u00e9oles pro\u00e9minents et une chromatine poudreuse sugg\u00e9rant un ad\u00e9nocarcinome.<br \/>\n60X <\/div>\n<\/div>\n<div class=\"chartColumnLongCell\">\n \t\t<strong>Figure 65<br \/>\n \t\t<\/strong><br \/>\nLavage pelvien:<br \/>\nCancer du col de l&#8217;ut\u00e9rus. Cette vue \u00e0 fort grossissement montre un cytoplasme vacuolis\u00e9, des nucl\u00e9oles pro\u00e9minents et une chromatine poudreuse sugg\u00e9rant un ad\u00e9nocarcinome.<br \/>\n60X\n<\/div>\n<div class=\"newRow\"><\/div>\n<div class=\"chartColumnCell\">\n<a href=\"\/gallery\/images_large\/slide0466.jpg\" class=\"highslide\" onclick=\"return hs.expand(this)\"><br \/>\n\t<img decoding=\"async\" src=\"\/gallery\/images\/slide0466.jpg\" alt=\"Image 3\" border=\"0\" title=\"Click to enlarge\"><\/a><\/p>\n<div class=\"highslide-caption\">\n<strong>Figure 66<\/strong><br \/>\n<br \/>Lavage pelvien: Carcinosarcome. 20X<\/div>\n<\/div>\n<div class=\"chartColumnShortCell\">\n \t\t<strong>Figure 66<br \/>\n \t\t<\/strong><br \/>\nLavage pelvien:<br \/>\nCarcinosarcome.<br \/>\n20X\n<\/div>\n<div class=\"newRow\"><\/div>\n<div class=\"chartColumnCell\">\n<a href=\"\/gallery\/images_large\/slide0467.jpg\" class=\"highslide\" onclick=\"return hs.expand(this)\"><br \/>\n\t<img decoding=\"async\" src=\"\/gallery\/images\/slide0467.jpg\" alt=\"Image 3\" border=\"0\" title=\"Click to enlarge\"><\/a><\/p>\n<div class=\"highslide-caption\">\n<strong>Figure 67<\/strong><br \/>\n<br \/>Lavage pelvien: Carcinosarcome. 60X<\/div>\n<\/div>\n<div class=\"chartColumnShortCell\">\n \t\t<strong>Figure 67<br \/>\n \t\t<\/strong><br \/>\nLavage pelvien:<br \/>\nCarcinosarcome.<br \/>\n60X\n<\/div>\n<div class=\"newRow\"><\/div>\n<p><strong>Figures 66 et 67:<\/strong><br \/>\n Lavage pelvien: Carcinosarcome.<br \/>\nGroupes de cellules malignes de haut grade. Rechercher des cellules \u00e9pith\u00e9liales malignes et des cellules stromales malignes.<\/p>\n<div class=\"chartColumnCell\">\n<a href=\"\/gallery\/images_large\/slide0468.jpg\" class=\"highslide\" onclick=\"return hs.expand(this)\"><br \/>\n\t<img decoding=\"async\" src=\"\/gallery\/images\/slide0468.jpg\" alt=\"Image 3\" border=\"0\" title=\"Click to enlarge\"><\/a><\/p>\n<div class=\"highslide-caption\">\n<strong>Figure 68<\/strong><br \/>\n<br \/>\u00c9panchement p\u00e9riton\u00e9al:<br \/>\nAd\u00e9nocarcinome des trompes de Faloppe.<br \/>\n20X<\/div>\n<\/div>\n<div class=\"chartColumnShortCell\">\n \t\t<strong>Figure 68<br \/>\n \t\t<\/strong><br \/>\n\u00c9panchement p\u00e9riton\u00e9al:<br \/>\nAd\u00e9nocarcinome des trompes de Faloppe.<br \/>\n20X\n<\/div>\n<div class=\"newRow\"><\/div>\n<div class=\"chartColumnCell\">\n<a href=\"\/gallery\/images_large\/slide0469.jpg\" class=\"highslide\" onclick=\"return hs.expand(this)\"><br \/>\n\t<img decoding=\"async\" src=\"\/gallery\/images\/slide0469.jpg\" alt=\"Image 3\" border=\"0\" title=\"Click to enlarge\"><\/a><\/p>\n<div class=\"highslide-caption\">\n<strong>Figure 69<\/strong><br \/>\n<br \/>\u00c9panchement p\u00e9riton\u00e9al:<br \/>\nAd\u00e9nocarcinome des trompes de Faloppe.<br \/>\n60X<\/div>\n<\/div>\n<div class=\"chartColumnShortCell\">\n \t\t<strong>Figure 69<br \/>\n \t\t<\/strong><br \/>\n\u00c9panchement p\u00e9riton\u00e9al:<br \/>\nAd\u00e9nocarcinome des trompes de Faloppe.<br \/>\n60X\n<\/div>\n<\/div>\n<div class=\"newRow\"><\/div>\n<p><strong>Figures 68 et 69:<\/strong> <br \/>\n\u00c9panchement p\u00e9riton\u00e9al: Ad\u00e9nocarcinome des trompes de Faloppe.<br \/>\nTumeur rare extr\u00eamement maligne. Ce diagnostic doit \u00eatre r\u00e9serv\u00e9 aux \u00e9panchements p\u00e9riton\u00e9aux qui ne pr\u00e9sentent pas de signe de pathologie ovarienne ou endom\u00e9triale. Noter les vacuoles cytoplasmiques pro\u00e9minentes. <\/p>\n<p><a class=\"back\" href=\"#\">Retour au d\u00e9but<\/a><\/p>\n<p><a href=\"nongyn_atlas.htm\"> Retour \u00e0 la table des mati\u00e8res<\/a><\/p>\n<\/div>\n<p>[\/vc_column_text][vc_column_text css=&#8221;.vc_custom_1500390293825{margin-top: 30px !important;}&#8221; el_class=&#8221;back-to-top&#8221;]<strong><a href=\"#main\">Back to Top<\/a><\/strong>[\/vc_column_text][\/vc_column][vc_column width=&#8221;1\/3&#8243; offset=&#8221;vc_hidden-sm vc_hidden-xs&#8221;][vc_widget_sidebar sidebar_id=&#8221;consulting-right-sidebar&#8221;][\/vc_column][\/vc_row]<\/p>\n","protected":false},"excerpt":{"rendered":"<p>[vc_row 0=&#8221;&#8221;][vc_column 0=&#8221;&#8221; offset=&#8221;vc_hidden-lg vc_hidden-md&#8221;][vc_raw_html 0=&#8221;&#8221;]PGNlbnRlcj48YSBjbGFzcz0ic2hpZnRuYXYtdG9nZ2xlIHNoaWZ0bmF2LXRvZ2dsZS1idXR0b24iIGRhdGEtc2hpZnRuYXYtdGFyZ2V0PSJzaGlmdG5hdi1tYWluIj48aSBjbGFzcz0iZmEgZmEtYmFycyI+PC9pPiBUYWJsZSBvZiBDb250ZW50cyA8L2E+PC9jZW50ZXI+[\/vc_raw_html][\/vc_column][\/vc_row][vc_row][vc_column][vc_custom_heading text=&#8221;Cytologie des effusions de la cavit\u00e9 pleurale, p\u00e9ricardique et p\u00e9riton\u00e9ale&#8221; font_container=&#8221;tag:h1|text_align:center&#8221; use_theme_fonts=&#8221;yes&#8221;][\/vc_column][\/vc_row][vc_row el_id=&#8221;acknowledgements&#8221;][vc_column width=&#8221;2\/3&#8243;][vc_column_text] \u00c9PANCHEMENTS ET LAVAGES \u2013 AUTRES M\u00c9TASTASES GYN\u00c9COLOGIQUES Rappel : Vous pouvez cliquer sur une image de l&#8217;Atlas pour la voir dans un format plus grand. Figure 55 \u00c9panchement p\u00e9riton\u00e9al: Carcinome papillaire s\u00e9reux de l&#8217;endom\u00e8tre. 20X<\/p>\n","protected":false},"author":7,"featured_media":0,"parent":1949,"menu_order":0,"comment_status":"closed","ping_status":"closed","template":"","meta":{"ngg_post_thumbnail":0,"footnotes":""},"class_list":["post-2000","page","type-page","status-publish","hentry"],"_links":{"self":[{"href":"https:\/\/dev.cytologystuff.com\/fr\/wp-json\/wp\/v2\/pages\/2000","targetHints":{"allow":["GET"]}}],"collection":[{"href":"https:\/\/dev.cytologystuff.com\/fr\/wp-json\/wp\/v2\/pages"}],"about":[{"href":"https:\/\/dev.cytologystuff.com\/fr\/wp-json\/wp\/v2\/types\/page"}],"author":[{"embeddable":true,"href":"https:\/\/dev.cytologystuff.com\/fr\/wp-json\/wp\/v2\/users\/7"}],"replies":[{"embeddable":true,"href":"https:\/\/dev.cytologystuff.com\/fr\/wp-json\/wp\/v2\/comments?post=2000"}],"version-history":[{"count":0,"href":"https:\/\/dev.cytologystuff.com\/fr\/wp-json\/wp\/v2\/pages\/2000\/revisions"}],"up":[{"embeddable":true,"href":"https:\/\/dev.cytologystuff.com\/fr\/wp-json\/wp\/v2\/pages\/1949"}],"wp:attachment":[{"href":"https:\/\/dev.cytologystuff.com\/fr\/wp-json\/wp\/v2\/media?parent=2000"}],"curies":[{"name":"wp","href":"https:\/\/api.w.org\/{rel}","templated":true}]}}