{"id":1985,"date":"2017-07-31T20:06:49","date_gmt":"2017-07-31T20:06:49","guid":{"rendered":"http:\/\/cytologystuff1.wpengine.com\/non-gyn-atlas\/effusions-metastatic-gastrointestinal-malignancy\/"},"modified":"2017-11-17T06:34:49","modified_gmt":"2017-11-17T06:34:49","slug":"effusions-metastatic-gastrointestinal-malignancy","status":"publish","type":"page","link":"https:\/\/dev.cytologystuff.com\/fr\/non-gyn-atlas\/effusions-metastatic-gastrointestinal-malignancy\/","title":{"rendered":"Cytologie des effusions de la cavit\u00e9 pleurale, p\u00e9ricardique et p\u00e9riton\u00e9ale"},"content":{"rendered":"<p>[vc_row 0=&#8221;&#8221;][vc_column 0=&#8221;&#8221; offset=&#8221;vc_hidden-lg vc_hidden-md&#8221;][vc_raw_html 0=&#8221;&#8221;]PGNlbnRlcj48YSBjbGFzcz0ic2hpZnRuYXYtdG9nZ2xlIHNoaWZ0bmF2LXRvZ2dsZS1idXR0b24iIGRhdGEtc2hpZnRuYXYtdGFyZ2V0PSJzaGlmdG5hdi1tYWluIj48aSBjbGFzcz0iZmEgZmEtYmFycyI+PC9pPiBUYWJsZSBvZiBDb250ZW50cyA8L2E+PC9jZW50ZXI+[\/vc_raw_html][\/vc_column][\/vc_row][vc_row][vc_column][vc_custom_heading text=&#8221;Cytologie des effusions de la cavit\u00e9 pleurale, p\u00e9ricardique et p\u00e9riton\u00e9ale&#8221; font_container=&#8221;tag:h1|text_align:center&#8221; use_theme_fonts=&#8221;yes&#8221;][\/vc_column][\/vc_row][vc_row el_id=&#8221;acknowledgements&#8221;][vc_column width=&#8221;2\/3&#8243;][vc_column_text]<\/p>\n<div id=>\n<p class=\"subhead\">\u00c9PANCHEMENTS \u2013 TUMEUR MALIGNE GASTRO-INTESTINALE M\u00c9TASTATIQUE <\/p>\n<p style=\"padding-left:7px\"><a href=\"javascript:void(0)\"  style=\"width:350px;display:block\"><img loading=\"lazy\" decoding=\"async\" src=\"\/images\/button27h.gif\" id=\"selfAssessImg\" width=\"350\" height=\"40\"><\/a><\/p>\n<div class=\"highslide-gallery\">\n<strong>Rappel : Vous pouvez cliquer sur une image<br \/>\nde l&#8217;Atlas pour la voir dans un format plus grand.<\/strong><\/p>\n<div class=\"chartColumnCell\">\n<a href=\"\/gallery\/images_large\/slide0493.jpg\" class=\"highslide\" onclick=\"return hs.expand(this)\" name=\"pap\"><br \/>\n\t<img decoding=\"async\" src=\"\/gallery\/images\/slide0493.jpg\" alt=\"Image 2\" border=\"0\" title=\"Click to enlarge\"><\/a><\/p>\n<div class=\"highslide-caption\">\n<strong>Figure 93<\/strong><br \/>\n<br \/>\u00c9panchement p\u00e9riton\u00e9al :<br \/>\n Ad\u00e9nocarcinome gastrique. Population distincte de cellules pr\u00e9sentant des caract\u00e9ristiques malignes. D\u00e9placement nucl\u00e9aire d\u00fb \u00e0 une grande vacuole s\u00e9cr\u00e9toire, cellule &#8220;en bague \u00e0 chatons&#8221;. Une partie provient du tube digestif, l&#8217;autre n&#8217;est pas facilement identifiable.<br \/>\n60x <\/div>\n<\/div>\n<div class=\"chartColumnLongCell\">\n        \t<strong>Figure 93<br \/>\n        \t<\/strong><br \/>\n\u00c9panchement p\u00e9riton\u00e9al :<br \/>\n Ad\u00e9nocarcinome gastrique. Population distincte de cellules pr\u00e9sentant des caract\u00e9ristiques malignes. D\u00e9placement nucl\u00e9aire d\u00fb \u00e0 une grande vacuole s\u00e9cr\u00e9toire, cellule &#8220;en bague \u00e0 chatons&#8221;. Une partie provient du tube digestif, l&#8217;autre n&#8217;est pas facilement identifiable.<br \/>\n60x <\/div>\n<div class=\"newRow\"><\/div>\n<div class=\"chartColumnCell\">\n<a href=\"\/gallery\/images_large\/slide0494.jpg\" class=\"highslide\" onclick=\"return hs.expand(this)\"><br \/>\n\t<img decoding=\"async\" src=\"\/gallery\/images\/slide0494.jpg\" alt=\"Image 3\" border=\"0\" title=\"Click to enlarge\"><\/a><\/p>\n<div class=\"highslide-caption\">\n<strong>Figure 94<\/strong><br \/>\n<br \/> \u00c9panchement p\u00e9riton\u00e9al:<br \/>\nCytobloc, ad\u00e9nocarcinome gastrique. Cytobloc contenant des cellules qui pr\u00e9sentent des caract\u00e9ristiques malignes similaires \u00e0 celles observ\u00e9es sur la lame ThinPrep de l&#8217;\u00e9panchement.<br \/>\n40x<\/div>\n<\/div>\n<div class=\"chartColumnLongCell\">\n \t\t<strong>Figure 94<br \/>\n \t\t<\/strong>        \t\t\u00c9panchement p\u00e9riton\u00e9al:<br \/>\nCytobloc, ad\u00e9nocarcinome gastrique. Cytobloc contenant des cellules qui pr\u00e9sentent des caract\u00e9ristiques malignes similaires \u00e0 celles observ\u00e9es sur la lame ThinPrep de l&#8217;\u00e9panchement.<br \/>\n40x\n<\/div>\n<div class=\"newRow\"><\/div>\n<div class=\"chartColumnCell\">\n<a href=\"\/gallery\/images_large\/slide0495.jpg\" class=\"highslide\" onclick=\"return hs.expand(this)\"><br \/>\n\t<img decoding=\"async\" src=\"\/gallery\/images\/slide0495.jpg\" alt=\"Image 3\" border=\"0\" title=\"Click to enlarge\"><\/a><\/p>\n<div class=\"highslide-caption\">\n<strong>Figure 95<\/strong><br \/>\n\u00c9panchement p\u00e9riton\u00e9al:<br \/>\nCarcinome gastrique mal diff\u00e9renci\u00e9. Cellules malignes faciles \u00e0 distinguer des cellules b\u00e9nignes du fond.<br \/>\n20x<\/div>\n<\/div>\n<div class=\"chartColumnLongCell\">\n<strong>Figure 95<br \/>\n<\/strong><br \/>\n\u00c9panchement p\u00e9riton\u00e9al:<br \/>\nCarcinome gastrique mal diff\u00e9renci\u00e9. Cellules malignes faciles \u00e0 distinguer des cellules b\u00e9nignes du fond.<br \/>\n20x\n<\/div>\n<div class=\"newRow\"><\/div>\n<div class=\"chartColumnCell\">\n<a href=\"\/gallery\/images_large\/slide0496.jpg\" class=\"highslide\" onclick=\"return hs.expand(this)\" name=\"pap\"><br \/>\n\t<img decoding=\"async\" src=\"\/gallery\/images\/slide0496.jpg\" alt=\"Image 2\" border=\"0\" title=\"Click to enlarge\"><\/a><\/p>\n<div class=\"highslide-caption\">\n<strong>Figure 96<\/strong><br \/>\n <br \/>\u00c9panchement p\u00e9riton\u00e9al:<br \/>\nCarcinome gastrique mal diff\u00e9renci\u00e9. Noyaux agrandis et excentr\u00e9s, membranes nucl\u00e9aires irr\u00e9guli\u00e8res et nucl\u00e9oles pro\u00e9minents.<br \/>\n 60x<\/div>\n<\/div>\n<div class=\"chartColumnLongCell\">\n        \t<strong>Figure 96<br \/>\n        \t<\/strong><br \/>\n\u00c9panchement p\u00e9riton\u00e9al:<br \/>\nCarcinome gastrique mal diff\u00e9renci\u00e9. Noyaux agrandis et excentr\u00e9s, membranes nucl\u00e9aires irr\u00e9guli\u00e8res et nucl\u00e9oles pro\u00e9minents.<br \/>\n60x<\/div>\n<div class=\"newRow\"><\/div>\n<div class=\"chartColumnCell\">\n<a href=\"\/gallery\/images_large\/slide0497.jpg\" class=\"highslide\" onclick=\"return hs.expand(this)\"><br \/>\n\t<img decoding=\"async\" src=\"\/gallery\/images\/slide0497.jpg\" alt=\"Image 3\" border=\"0\" title=\"Click to enlarge\"><\/a><\/p>\n<div class=\"highslide-caption\">\n<strong>Figure 97<\/strong><br \/>\n<br \/>\u00c9panchement p\u00e9riton\u00e9al:<br \/>\nCarcinome gastrique. \u00c9panchement p\u00e9riton\u00e9al malin dans un cas de carcinome gastrique m\u00e9tastatique. Groupe l\u00e2che de cellules malignes avec noyaux pl\u00e9omorphes et multiples figures de mitose.<br \/>\n60x <\/div>\n<\/div>\n<div class=\"chartColumnLongCell\">\n \t\t<strong>Figure 97<br \/>\n \t\t<\/strong><br \/>\n\u00c9panchement p\u00e9riton\u00e9al:<br \/>\nCarcinome gastrique. \u00c9panchement p\u00e9riton\u00e9al malin dans un cas de carcinome gastrique m\u00e9tastatique. Groupe l\u00e2che de cellules malignes avec noyaux pl\u00e9omorphes et multiples figures de mitose.<br \/>\n60x\n<\/div>\n<div class=\"newRow\"><\/div>\n<div class=\"chartColumnCell\">\n<a href=\"\/gallery\/images_large\/slide0498.jpg\" class=\"highslide\" onclick=\"return hs.expand(this)\"><br \/>\n\t<img decoding=\"async\" src=\"\/gallery\/images\/slide0498.jpg\" alt=\"Image 3\" border=\"0\" title=\"Click to enlarge\"><\/a><\/p>\n<div class=\"highslide-caption\">\n<strong>Figure 98<\/strong><br \/>\n<br \/>\u00c9panchement pleural:<br \/>\nCarcinome gastrique.<br \/>\n40x<\/div>\n<\/div>\n<div class=\"chartColumnShortCell\">\n \t\t<strong>Figure 98<br \/>\n \t\t<\/strong><br \/>\n\u00c9panchement pleural:<br \/>\nCarcinome gastrique.<br \/>\n40x\n<\/div>\n<div class=\"newRow\"><\/div>\n<div class=\"chartColumnCell\">\n<a href=\"\/gallery\/images_large\/slide0499.jpg\" class=\"highslide\" onclick=\"return hs.expand(this)\"><br \/>\n\t<img decoding=\"async\" src=\"\/gallery\/images\/slide0499.jpg\" alt=\"Image 3\" border=\"0\" title=\"Click to enlarge\"><\/a><\/p>\n<div class=\"highslide-caption\">\n<strong>Figure 99<\/strong><br \/>\n<br \/>\u00c9panchement pleural:<br \/>\nCarcinome gastrique.<br \/>\n60x <\/div>\n<\/div>\n<div class=\"chartColumnShortCell\">\n \t\t<strong>Figure 99<br \/>\n \t\t<\/strong><br \/>\n\u00c9panchement pleural:<br \/>\nCarcinome gastrique.<br \/>\n60x\n<\/div>\n<div class=\"newRow\"><\/div>\n<p><strong>Fig 98 et 99: \u00c9panchement pleural:<br \/>\nCarcinome gastrique. <\/strong><br \/>\nCellules glandulaires malignes si\u00e9geant dans un groupe arrondi et dense. Noter la polarit\u00e9 cellulaire maintenue des cellules de surface et le cytoplasme atypique. Noyaux irr\u00e9guliers avec nucl\u00e9oles pro\u00e9minents.<\/p>\n<div class=\"chartColumnCell\">\n<a href=\"\/gallery\/images_large\/slide0500.jpg\" class=\"highslide\" onclick=\"return hs.expand(this)\"><br \/>\n\t<img decoding=\"async\" src=\"\/gallery\/images\/slide0500.jpg\" alt=\"Image 3\" border=\"0\" title=\"Click to enlarge\"><\/a><\/p>\n<div class=\"highslide-caption\">\n<strong>Figure 100<\/strong><br \/>\n<br \/>Lavage abdominal:<br \/>\nAd\u00e9nocarcinome du c\u00f4lon.<br \/>\n20x  <\/div>\n<\/div>\n<div class=\"chartColumnShortCell\">\n \t\t<strong>Figure 100<br \/>\n \t\t<\/strong><br \/>\nLavage abdominal:<br \/>\nAd\u00e9nocarcinome du c\u00f4lon.<br \/>\n20x\n<\/div>\n<div class=\"newRow\"><\/div>\n<div class=\"chartColumnCell\">\n<a href=\"\/gallery\/images_large\/slide0501.jpg\" class=\"highslide\" onclick=\"return hs.expand(this)\" name=\"pap\"><br \/>\n\t<img decoding=\"async\" src=\"\/gallery\/images\/slide0501.jpg\" alt=\"Image 2\" border=\"0\" title=\"Click to enlarge\"><\/a><\/p>\n<div class=\"highslide-caption\">\n<strong>Figure 101<\/strong><br \/>\n<br \/>Lavage abdominal:<br \/>\nAd\u00e9nocarcinome du c\u00f4lon.<br \/>\n40x <\/div>\n<\/div>\n<div class=\"chartColumnShortCell\">\n        \t<strong>Figure 101<br \/>\n        \t<\/strong><br \/>\nLavage abdominal:<br \/>\nAd\u00e9nocarcinome du c\u00f4lon.<br \/>\n40x  <\/div>\n<div class=\"newRow\"><\/div>\n<div class=\"chartColumnCell\">\n<a href=\"\/gallery\/images_large\/slide0502.jpg\" class=\"highslide\" onclick=\"return hs.expand(this)\"><br \/>\n\t<img decoding=\"async\" src=\"\/gallery\/images\/slide0502.jpg\" alt=\"Image 3\" border=\"0\" title=\"Click to enlarge\"><\/a><\/p>\n<div class=\"highslide-caption\">\n<strong>Figure 102<\/strong><br \/>\n<br \/>Lavage abdominal:<br \/>\nAd\u00e9nocarcinome du c\u00f4lon.<br \/>\n60x  <\/div>\n<\/div>\n<div class=\"chartColumnShortCell\">\n \t\t<strong>Figure 102<br \/>\n \t\t<\/strong><br \/>\nLavage abdominal:<br \/>\nAd\u00e9nocarcinome du c\u00f4lon.<br \/>\n60x\n<\/div>\n<div class=\"newRow\"><\/div>\n<p><strong>Fig 101 et 102: Lavage abdominal:Ad\u00e9nocarcinome du c\u00f4lon.<br \/>\n<\/strong><br \/>\nLavages abdominaux avec cellules glandulaires malignes. \u00c9chantillon provenant d&#8217;un patient souffrant d&#8217;un ad\u00e9nocarcinome du c\u00f4lon. Groupes papillaires de cellules avec caract\u00e9ristiques \u00e9videntes d&#8217;un ad\u00e9nocarcinome, mais aucun indice pr\u00e9cis quant \u00e0 l&#8217;origine de la tumeur.<\/p>\n<div class=\"chartColumnCell\">\n<a href=\"\/gallery\/images_large\/slide0503.jpg\" class=\"highslide\" onclick=\"return hs.expand(this)\" name=\"pap\"><br \/>\n\t<img decoding=\"async\" src=\"\/gallery\/images\/slide0503.jpg\" alt=\"Image 2\" border=\"0\" title=\"Click to enlarge\"><\/a><\/p>\n<div class=\"highslide-caption\">\n<strong>Figure 103<\/strong><br \/>\n<br \/>\u00c9panchement p\u00e9riton\u00e9al:<br \/>\nCarcinome H\u00e9pato Cellulaire (CHC).<br \/>\n20x \t<\/div>\n<\/div>\n<div class=\"chartColumnShortCell\">\n        \t<strong>Figure 103<br \/>\n        \t<\/strong><br \/>\n\u00c9panchement p\u00e9riton\u00e9al:<br \/>\nCarcinome H\u00e9pato Cellulaire (CHC).<br \/>\n20x \t<\/div>\n<div class=\"newRow\"><\/div>\n<div class=\"chartColumnCell\">\n<a href=\"\/gallery\/images_large\/slide0504.jpg\" class=\"highslide\" onclick=\"return hs.expand(this)\"><br \/>\n\t<img decoding=\"async\" src=\"\/gallery\/images\/slide0504.jpg\" alt=\"Image 3\" border=\"0\" title=\"Click to enlarge\"><\/a><\/p>\n<div class=\"highslide-caption\">\n<strong>Figure 104<\/strong><br \/>\n<br \/>\u00c9panchement p\u00e9riton\u00e9al:<br \/>\nCarcinome H\u00e9pato Cellulaire (CHC).<br \/>\n60x  <\/div>\n<\/div>\n<div class=\"chartColumnShortCell\">\n \t\t<strong>Figure 104<br \/>\n \t\t<\/strong><br \/>\n\u00c9panchement p\u00e9riton\u00e9al:<br \/>\nCarcinome H\u00e9pato Cellulaire (CHC).<br \/>\n60x\n<\/div>\n<div class=\"newRow\"><\/div>\n<div class=\"chartColumnCell\">\n<a href=\"\/gallery\/images_large\/slide0505.jpg\" class=\"highslide\" onclick=\"return hs.expand(this)\"><br \/>\n\t<img decoding=\"async\" src=\"\/gallery\/images\/slide0505.jpg\" alt=\"Image 3\" border=\"0\" title=\"Click to enlarge\"><\/a><\/p>\n<div class=\"highslide-caption\">\n<strong>Figure 105<\/strong><br \/>\n<br \/>\u00c9panchement p\u00e9riton\u00e9al:<br \/>\nCarcinome H\u00e9pato Cellulaire (CHC).<br \/>\n60x<\/div>\n<\/div>\n<div class=\"chartColumnShortCell\">\n \t\t<strong>Figure 105<br \/>\n \t\t<\/strong><br \/>\n\u00c9panchement p\u00e9riton\u00e9al:<br \/>\nCarcinome H\u00e9pato Cellulaire (CHC).<br \/>\n60x\n<\/div>\n<div class=\"newRow\"><\/div>\n<p><strong>Fig 103 \u00e0 105: \u00c9panchement p\u00e9riton\u00e9al:Carcinome H\u00e9pato Cellulaire (CHC). <\/strong><br \/>\nCarcinome H\u00e9pato Cellulaire (CHC) susceptible de r\u00e9pandre des cellules malignes dans l&#8217;\u00e9panchement p\u00e9riton\u00e9al. Cytoplasme granulaire et plac\u00e9 au centre, noyaux anormaux. Peut \u00eatre difficile \u00e0 distinguer d&#8217;un ad\u00e9nocarcinome.<\/p>\n<div class=\"chartColumnCell\">\n<a href=\"\/gallery\/images_large\/slide0506.jpg\" class=\"highslide\" onclick=\"return hs.expand(this)\" name=\"pap\"><br \/>\n\t<img decoding=\"async\" src=\"\/gallery\/images\/slide0506.jpg\" alt=\"Image 2\" border=\"0\" title=\"Click to enlarge\"><\/a><\/p>\n<div class=\"highslide-caption\">\n<strong>Figure 106<\/strong><br \/>\n<br \/>\u00c9panchement p\u00e9riton\u00e9al:<br \/>\nCholangiocarcinome. 20x\t<\/div>\n<\/div>\n<div class=\"chartColumnShortCell\">\n        \t<strong>Figure 106<br \/>\n        \t<\/strong><br \/>\n\u00c9panchement p\u00e9riton\u00e9al:<br \/>\nCholangiocarcinome.<br \/>\n20x\t<\/div>\n<div class=\"newRow\"><\/div>\n<div class=\"chartColumnCell\">\n<a href=\"\/gallery\/images_large\/slide0507.jpg\" class=\"highslide\" onclick=\"return hs.expand(this)\"><br \/>\n\t<img decoding=\"async\" src=\"\/gallery\/images\/slide0507.jpg\" alt=\"Image 3\" border=\"0\" title=\"Click to enlarge\"><\/a><\/p>\n<div class=\"highslide-caption\">\n<strong>Figure 107<\/strong><br \/>\n<br \/>\u00c9panchement p\u00e9riton\u00e9al: Cholangiocarcinome. 40x <\/div>\n<\/div>\n<div class=\"chartColumnShortCell\">\n \t\t<strong>Figure 107<br \/>\n \t\t<\/strong><br \/>\n\u00c9panchement p\u00e9riton\u00e9al:<br \/>\nCholangiocarcinome.<br \/>\n40x\n<\/div>\n<div class=\"newRow\"><\/div>\n<div class=\"chartColumnCell\">\n<a href=\"\/gallery\/images_large\/slide0508.jpg\" class=\"highslide\" onclick=\"return hs.expand(this)\"><br \/>\n\t<img decoding=\"async\" src=\"\/gallery\/images\/slide0508.jpg\" alt=\"Image 3\" border=\"0\" title=\"Click to enlarge\"><\/a><\/p>\n<div class=\"highslide-caption\">\n<strong>Figure 108<\/strong><br \/>\n<br \/>\u00c9panchement p\u00e9riton\u00e9al: Cholangiocarcinome. 60x<\/div>\n<\/div>\n<div class=\"chartColumnShortCell\">\n \t\t<strong>Figure 108<br \/>\n \t\t<\/strong><br \/>\n\u00c9panchement p\u00e9riton\u00e9al:<br \/>\nCholangiocarcinome.<br \/>\n60x\n<\/div>\n<div class=\"newRow\"><\/div>\n<p><strong>Fig 106 \u00e0 108: \u00c9panchement p\u00e9riton\u00e9al: Cholangiocarcinome.<\/strong><br \/>\nCholangiocarcinome, provenant d&#8217;une source intra-h\u00e9patique ou d&#8217;un arbre biliaire extra-h\u00e9patique, peut ressembler \u00e0 un ad\u00e9nocarcinome ailleurs dans les voies GI. Le site peut \u00eatre d\u00e9termin\u00e9 en excluant les autres sources \u00e0 l&#8217;aide d&#8217;une endoscopie, ultrasonographie et\/ou tomographie.<\/p>\n<div class=\"chartColumnCell\">\n<a href=\"\/gallery\/images_large\/slide0509.jpg\" class=\"highslide\" onclick=\"return hs.expand(this)\" name=\"pap\"><br \/>\n\t<img decoding=\"async\" src=\"\/gallery\/images\/slide0509.jpg\" alt=\"Image 2\" border=\"0\" title=\"Click to enlarge\"><\/a><\/p>\n<div class=\"highslide-caption\">\n<strong>Figure 109<\/strong><br \/>\n<br \/>Lavage p\u00e9riton\u00e9al:<br \/>\nSuspicion de cancer du pancr\u00e9as.<br \/>\n60x\t<\/div>\n<\/div>\n<div class=\"chartColumnShortCell\">\n        \t<strong>Figure 109<br \/>\n        \t<\/strong><br \/>\nLavage p\u00e9riton\u00e9al:<br \/>\nSuspicion de cancer du pancr\u00e9as.<br \/>\n60x\t<\/div>\n<div class=\"newRow\"><\/div>\n<div class=\"chartColumnCell\">\n<a href=\"\/gallery\/images_large\/slide0510.jpg\" class=\"highslide\" onclick=\"return hs.expand(this)\"><br \/>\n\t<img decoding=\"async\" src=\"\/gallery\/images\/slide0510.jpg\" alt=\"Image 3\" border=\"0\" title=\"Click to enlarge\"><\/a><\/p>\n<div class=\"highslide-caption\">\n<strong>Figure 110<\/strong><br \/>\n<br \/>Lavage p\u00e9riton\u00e9al:<br \/>\nSuspicion de cancer du pancr\u00e9as.<br \/>\n60x <\/div>\n<\/div>\n<div class=\"chartColumnShortCell\">\n \t\t<strong>Figure 110<br \/>\n \t\t<\/strong><br \/>\nLavage p\u00e9riton\u00e9al:<br \/>\nSuspicion de cancer du pancr\u00e9as.<br \/>\n60x\n<\/div>\n<div class=\"newRow\"><\/div>\n<div class=\"chartColumnCell\">\n<a href=\"\/gallery\/images_large\/slide0511.jpg\" class=\"highslide\" onclick=\"return hs.expand(this)\"><br \/>\n\t<img decoding=\"async\" src=\"\/gallery\/images\/slide0511.jpg\" alt=\"Image 3\" border=\"0\" title=\"Click to enlarge\"><\/a><\/p>\n<div class=\"highslide-caption\">\n<strong>Figure 111<\/strong><br \/>\n<br \/>\u00c9panchement p\u00e9riton\u00e9al:<br \/>\nCancer du pancr\u00e9as.<br \/>\n20x<\/div>\n<\/div>\n<div class=\"chartColumnShortCell\">\n \t\t<strong>Figure 111<br \/>\n \t\t<\/strong><br \/>\n\u00c9panchement p\u00e9riton\u00e9al:<br \/>\nCancer du pancr\u00e9as.<br \/>\n20x\n<\/div>\n<div class=\"newRow\"><\/div>\n<div class=\"chartColumnCell\">\n<a href=\"\/gallery\/images_large\/slide0512.jpg\" class=\"highslide\" onclick=\"return hs.expand(this)\" name=\"pap\"><br \/>\n\t<img decoding=\"async\" src=\"\/gallery\/images\/slide0512.jpg\" alt=\"Image 2\" border=\"0\" title=\"Click to enlarge\"><\/a><\/p>\n<div class=\"highslide-caption\">\n<strong>Figure 112<\/strong><br \/>\n<br \/>\u00c9panchement p\u00e9riton\u00e9al:<br \/>\nCancer du pancr\u00e9as.<br \/>\n40x <\/div>\n<\/div>\n<div class=\"chartColumnShortCell\">\n        \t<strong>Figure 112<br \/>\n        \t<\/strong><br \/>\n\u00c9panchement p\u00e9riton\u00e9al:<br \/>\nCancer du pancr\u00e9as.<br \/>\n40x <\/div>\n<div class=\"newRow\"><\/div>\n<div class=\"chartColumnCell\">\n<a href=\"\/gallery\/images_large\/slide0513.jpg\" class=\"highslide\" onclick=\"return hs.expand(this)\"><br \/>\n\t<img decoding=\"async\" src=\"\/gallery\/images\/slide0513.jpg\" alt=\"Image 3\" border=\"0\" title=\"Click to enlarge\"><\/a><\/p>\n<div class=\"highslide-caption\">\n<strong>Figure 113 <\/strong><br \/>\n<br \/>\u00c9panchement p\u00e9riton\u00e9al:<br \/>\nCancer du pancr\u00e9as.<br \/>\n60x  <\/div>\n<\/div>\n<div class=\"chartColumnShortCell\">\n \t\t<strong>Figure 113<br \/>\n \t\t<\/strong><br \/>\n\u00c9panchement p\u00e9riton\u00e9al:<br \/>\nCancer du pancr\u00e9as.<br \/>\n60x\n<\/div>\n<\/div>\n<div class=\"newRow\"><\/div>\n<p><strong>Fig 111 \u00e0 113: \u00c9panchement p\u00e9riton\u00e9al: Cancer du pancr\u00e9as.<\/strong><br \/>\nTumeurs pancr\u00e9atobiliaires provoquant une obstruction et une r\u00e9ponse fibreuse de l\u2019h\u00f4te. Dans de rares cas, lib\u00e9ration de cellules dans la cavit\u00e9 p\u00e9riton\u00e9ale, le plus souvent apr\u00e8s invasion omentale. <\/p>\n<p><a class=\"back\" href=\"#\">Retour au d\u00e9but<\/a><\/p>\n<p><a href=\"nongyn_atlas.htm\"> Retour \u00e0 la table des mati\u00e8res<\/a><\/p>\n<\/div>\n<p>[\/vc_column_text][vc_column_text css=&#8221;.vc_custom_1500390293825{margin-top: 30px !important;}&#8221; el_class=&#8221;back-to-top&#8221;]<strong><a href=\"#main\">Back to Top<\/a><\/strong>[\/vc_column_text][\/vc_column][vc_column width=&#8221;1\/3&#8243; offset=&#8221;vc_hidden-sm vc_hidden-xs&#8221;][vc_widget_sidebar sidebar_id=&#8221;consulting-right-sidebar&#8221;][\/vc_column][\/vc_row]<\/p>\n","protected":false},"excerpt":{"rendered":"<p>[vc_row 0=&#8221;&#8221;][vc_column 0=&#8221;&#8221; offset=&#8221;vc_hidden-lg vc_hidden-md&#8221;][vc_raw_html 0=&#8221;&#8221;]PGNlbnRlcj48YSBjbGFzcz0ic2hpZnRuYXYtdG9nZ2xlIHNoaWZ0bmF2LXRvZ2dsZS1idXR0b24iIGRhdGEtc2hpZnRuYXYtdGFyZ2V0PSJzaGlmdG5hdi1tYWluIj48aSBjbGFzcz0iZmEgZmEtYmFycyI+PC9pPiBUYWJsZSBvZiBDb250ZW50cyA8L2E+PC9jZW50ZXI+[\/vc_raw_html][\/vc_column][\/vc_row][vc_row][vc_column][vc_custom_heading text=&#8221;Cytologie des effusions de la cavit\u00e9 pleurale, p\u00e9ricardique et p\u00e9riton\u00e9ale&#8221; font_container=&#8221;tag:h1|text_align:center&#8221; use_theme_fonts=&#8221;yes&#8221;][\/vc_column][\/vc_row][vc_row el_id=&#8221;acknowledgements&#8221;][vc_column width=&#8221;2\/3&#8243;][vc_column_text] \u00c9PANCHEMENTS \u2013 TUMEUR MALIGNE GASTRO-INTESTINALE M\u00c9TASTATIQUE Rappel : Vous pouvez cliquer sur une image de l&#8217;Atlas pour la voir dans un format plus grand. Figure 93 \u00c9panchement p\u00e9riton\u00e9al : Ad\u00e9nocarcinome gastrique. Population distincte de cellules<\/p>\n","protected":false},"author":7,"featured_media":0,"parent":1949,"menu_order":0,"comment_status":"closed","ping_status":"closed","template":"","meta":{"ngg_post_thumbnail":0,"footnotes":""},"class_list":["post-1985","page","type-page","status-publish","hentry"],"_links":{"self":[{"href":"https:\/\/dev.cytologystuff.com\/fr\/wp-json\/wp\/v2\/pages\/1985","targetHints":{"allow":["GET"]}}],"collection":[{"href":"https:\/\/dev.cytologystuff.com\/fr\/wp-json\/wp\/v2\/pages"}],"about":[{"href":"https:\/\/dev.cytologystuff.com\/fr\/wp-json\/wp\/v2\/types\/page"}],"author":[{"embeddable":true,"href":"https:\/\/dev.cytologystuff.com\/fr\/wp-json\/wp\/v2\/users\/7"}],"replies":[{"embeddable":true,"href":"https:\/\/dev.cytologystuff.com\/fr\/wp-json\/wp\/v2\/comments?post=1985"}],"version-history":[{"count":0,"href":"https:\/\/dev.cytologystuff.com\/fr\/wp-json\/wp\/v2\/pages\/1985\/revisions"}],"up":[{"embeddable":true,"href":"https:\/\/dev.cytologystuff.com\/fr\/wp-json\/wp\/v2\/pages\/1949"}],"wp:attachment":[{"href":"https:\/\/dev.cytologystuff.com\/fr\/wp-json\/wp\/v2\/media?parent=1985"}],"curies":[{"name":"wp","href":"https:\/\/api.w.org\/{rel}","templated":true}]}}