{"id":1929,"date":"2017-07-31T17:43:14","date_gmt":"2017-07-31T17:43:14","guid":{"rendered":"http:\/\/cytologystuff1.wpengine.com\/gyn-atlas-table-of-contents\/other-malignant-neoplasms-including-extrauterine-malignancies\/"},"modified":"2018-03-16T05:11:37","modified_gmt":"2018-03-16T05:11:37","slug":"other-malignant-neoplasms-including-extrauterine-malignancies","status":"publish","type":"page","link":"https:\/\/dev.cytologystuff.com\/fr\/gyn-atlas-table-of-contents\/other-malignant-neoplasms-including-extrauterine-malignancies\/","title":{"rendered":"AUTRES N\u00c9OPLASMES MALINS, NOTAMMENT TUMEURS EXTRA-UT\u00c9RINES"},"content":{"rendered":"<p>[vc_row 0=&#8221;&#8221;][vc_column 0=&#8221;&#8221; offset=&#8221;vc_hidden-lg vc_hidden-md&#8221;][vc_raw_html 0=&#8221;&#8221;]PGNlbnRlcj48YSBjbGFzcz0ic2hpZnRuYXYtdG9nZ2xlIHNoaWZ0bmF2LXRvZ2dsZS1idXR0b24iIGRhdGEtc2hpZnRuYXYtdGFyZ2V0PSJzaGlmdG5hdi1tYWluIj48aSBjbGFzcz0iZmEgZmEtYmFycyI+PC9pPiBUYWJsZSBvZiBDb250ZW50cyA8L2E+PC9jZW50ZXI+[\/vc_raw_html][\/vc_column][\/vc_row][vc_row][vc_column][vc_custom_heading text=&#8221;AUTRES N\u00c9OPLASMES MALINS, NOTAMMENT TUMEURS EXTRA-UT\u00c9RINES&#8221; font_container=&#8221;tag:h1|text_align:center&#8221; use_theme_fonts=&#8221;yes&#8221;][\/vc_column][\/vc_row][vc_row][vc_column width=&#8221;2\/3&#8243;][vc_column_text]AUTRES N\u00c9OPLASMES MALINS, NOTAMMENT TUMEURS EXTRA-UT\u00c9RINES<br \/>\n<em>Martha L. Hutchinson, MD, PhD <\/em><\/p>\n<p>Les tumeurs malignes p\u00e9rivaginales, cancers m\u00e9tastasiques et tumeurs malignes rares du col de l&#8217;ut\u00e9rus sont identifiables sur les frottis ThinPrep<sup>\u00ae<\/sup>. L&#8217;\u00e9tablissement d&#8217;un diagnostic d\u00e9finitif n\u00e9cessite parfois la connaissance des ant\u00e9c\u00e9dents de la patiente et l&#8217;utilisation de colorations sp\u00e9ciales, mais le processus malin doit \u00eatre \u00e9vident.<\/p>\n<p style=\"padding-left: 7px;\"><a style=\"width: 350px; display: block;\"><img loading=\"lazy\" decoding=\"async\" id=\"selfAssessImg\" src=\"\/images\/button27h.gif\" width=\"350\" height=\"40\" \/><\/a><\/p>\n<div class=\"highslide-gallery\"><strong>Rappel : Vous pouvez cliquer sur une image<br \/>\nde l&#8217;Atlas pour la voir dans un format plus grand.<\/strong><\/p>\n<div class=\"chartColumnCell\"><a class=\"highslide\" href=\"\/gallery\/images_large\/slide0139.jpg\"><br \/>\n<img decoding=\"async\" title=\"Click to enlarge\" src=\"\/gallery\/images\/slide0139.jpg\" alt=\"Image 2\" border=\"0\" \/><\/a><\/p>\n<div class=\"highslide-caption\"><strong>Ad\u00e9nocarcinome ovarien<br \/>\n<\/strong><br \/>\nPr\u00e9sence de m\u00e9tastases dans le vagin.<br \/>\n60X<\/div>\n<\/div>\n<div class=\"chartColumnShortCell\"><strong>Ad\u00e9nocarcinome ovarien<br \/>\n<\/strong><br \/>\nPr\u00e9sence de m\u00e9tastases dans le vagin.<br \/>\n60X<\/div>\n<div class=\"newRow\"><\/div>\n<div class=\"chartColumnCell\"><a class=\"highslide\" href=\"\/gallery\/images_large\/slide0140.jpg\"><br \/>\n<img decoding=\"async\" title=\"Click to enlarge\" src=\"\/gallery\/images\/slide0140.jpg\" alt=\"Image 3\" border=\"0\" \/><\/a><\/p>\n<div class=\"highslide-caption\"><strong>Carcinome colique<br \/>\n<\/strong><br \/>\nPr\u00e9sence de m\u00e9tastases dans le col de l&#8217;ut\u00e9rus et le vagin.<br \/>\n60X<\/div>\n<\/div>\n<div class=\"chartColumnShortCell\"><strong>Carcinome colique<br \/>\n<\/strong><br \/>\nPr\u00e9sence de m\u00e9tastases dans le col de l&#8217;ut\u00e9rus et le vagin.<br \/>\n60X<\/div>\n<\/div>\n<div class=\"newRow\"><\/div>\n<div class=\"chartColumnCell\"><a class=\"highslide\" href=\"\/gallery\/images_large\/slide0141.jpg\"><br \/>\n<img decoding=\"async\" title=\"Click to enlarge\" src=\"\/gallery\/images\/slide0141.jpg\" alt=\"Image 3\" border=\"0\" \/><\/a><\/p>\n<div class=\"highslide-caption\"><strong>Carcinosarcome<br \/>\n<\/strong><br \/>\nPr\u00e9sence d&#8217;\u00e9l\u00e9ments glandulaires n\u00e9oplasiques et de d\u00e9bris n\u00e9crotiques permettant d&#8217;\u00e9tablir un diagnostic de carcinosarcome.<br \/>\n60X<\/div>\n<\/div>\n<div class=\"chartColumnShortCell\"><strong>Carcinosarcome<br \/>\n<\/strong><br \/>\nPr\u00e9sence d&#8217;\u00e9l\u00e9ments glandulaires n\u00e9oplasiques et de d\u00e9bris n\u00e9crotiques permettant d&#8217;\u00e9tablir un diagnostic de carcinosarcome.<br \/>\n60X<\/div>\n<div class=\"newRow\"><\/div>\n<div class=\"chartColumnCell\"><a class=\"highslide\" href=\"\/gallery\/images_large\/slide0142.jpg\"><br \/>\n<img decoding=\"async\" title=\"Click to enlarge\" src=\"\/gallery\/images\/slide0142.jpg\" alt=\"Image 3\" border=\"0\" \/><\/a><\/p>\n<div class=\"highslide-caption\"><strong>Ad\u00e9nocarcinome endom\u00e9trial<br \/>\n<\/strong><br \/>\nPr\u00e9sence de m\u00e9tastases dans le vagin.<br \/>\n60X<\/div>\n<\/div>\n<div class=\"chartColumnShortCell\"><strong>Ad\u00e9nocarcinome endom\u00e9trial<br \/>\n<\/strong><br \/>\nPr\u00e9sence de m\u00e9tastases dans le vagin.<br \/>\n60X<\/div>\n<div class=\"newRow\"><\/div>\n<div class=\"chartColumnCell\"><a class=\"highslide\" href=\"\/gallery\/images_large\/slide0143.jpg\"><br \/>\n<img decoding=\"async\" title=\"Click to enlarge\" src=\"\/gallery\/images\/slide0143.jpg\" alt=\"Image 3\" border=\"0\" \/><\/a><\/p>\n<div class=\"highslide-caption\"><strong>Tumeur mixte m\u00e9sodermique maligne<br \/>\n<\/strong><br \/>\nTumeur de l&#8217;endom\u00e8tre avec groupes de cellules glandulaires malignes. \u00c9l\u00e9ments stromaux (cartilage) d\u00e9tect\u00e9s gr\u00e2ce \u00e0 la biopsie.<br \/>\n60X<\/div>\n<\/div>\n<div class=\"chartColumnShortCell\"><strong>Tumeur mixte m\u00e9sodermique maligne<br \/>\n<\/strong><br \/>\nTumeur de l&#8217;endom\u00e8tre avec groupes de cellules glandulaires malignes. \u00c9l\u00e9ments stromaux (cartilage) d\u00e9tect\u00e9s gr\u00e2ce \u00e0 la biopsie.<br \/>\n60X<\/div>\n<div class=\"newRow\"><\/div>\n<div class=\"chartColumnCell\"><a class=\"highslide\" href=\"\/gallery\/images_large\/slide0144.jpg\"><br \/>\n<img decoding=\"async\" title=\"Click to enlarge\" src=\"\/gallery\/images\/slide0144.jpg\" alt=\"Image 3\" border=\"0\" \/><\/a><\/p>\n<div class=\"highslide-caption\"><strong>M\u00e9lanome malin<\/strong><br \/>\nDans le col de l&#8217;ut\u00e9rus.<br \/>\n60X<\/div>\n<\/div>\n<div class=\"chartColumnShortCell\"><strong>M\u00e9lanome malin<\/strong><br \/>\nDans le col de l&#8217;ut\u00e9rus.<br \/>\n60X<\/div>\n<div class=\"newRow\"><\/div>\n<div class=\"chartColumnCell\"><a class=\"highslide\" href=\"\/gallery\/images_large\/slide0145.jpg\"><br \/>\n<img decoding=\"async\" title=\"Click to enlarge\" src=\"\/gallery\/images\/slide0145.jpg\" alt=\"Image 3\" border=\"0\" \/><\/a><\/p>\n<div class=\"highslide-caption\"><strong>Ad\u00e9nocarcinome canalaire<br \/>\n<\/strong><br \/>\nPr\u00e9sence de m\u00e9tastases dans le sein.<br \/>\n60X<\/div>\n<\/div>\n<div class=\"chartColumnShortCell\"><strong>Ad\u00e9nocarcinome canalaire<br \/>\n<\/strong><br \/>\nPr\u00e9sence de m\u00e9tastases dans le sein.<br \/>\n60X<\/div>\n<div class=\"newRow\"><\/div>\n<div class=\"chartColumnCell\"><a class=\"highslide\" href=\"\/gallery\/images_large\/slide0146.jpg\"><br \/>\n<img decoding=\"async\" title=\"Click to enlarge\" src=\"\/gallery\/images\/slide0146.jpg\" alt=\"Image 3\" border=\"0\" \/><\/a><\/p>\n<div class=\"highslide-caption\"><strong>Carcinome de type transitionnel<br \/>\n<\/strong><br \/>\nCancer uroth\u00e9lial, m\u00e9tastases dans la vessie.<br \/>\n60X<\/div>\n<\/div>\n<div class=\"chartColumnShortCell\"><strong>Carcinome de type transitionnel<br \/>\n<\/strong><br \/>\nCancer uroth\u00e9lial, m\u00e9tastases dans la vessie.<br \/>\n60X<\/div>\n<div class=\"newRow\"><\/div>\n<div class=\"chartColumnCell\"><a class=\"highslide\" href=\"\/gallery\/images_large\/slide0147.jpg\"><br \/>\n<img decoding=\"async\" title=\"Click to enlarge\" src=\"\/gallery\/images\/slide0147.jpg\" alt=\"Image 3\" border=\"0\" \/><\/a><\/p>\n<div class=\"highslide-caption\"><strong>SCC<br \/>\n<\/strong><br \/>\nDe la vulve.<br \/>\n60X<\/div>\n<\/div>\n<div class=\"chartColumnShortCell\"><strong>SCC<br \/>\n<\/strong><br \/>\nDe la vulve.<br \/>\n60X<\/div>\n<div class=\"newRow\"><\/div>\n<div class=\"chartColumnCell\"><a class=\"highslide\" href=\"\/gallery\/images_large\/slide0135.jpg\"><br \/>\n<img decoding=\"async\" title=\"Click to enlarge\" src=\"\/gallery\/images\/slide0135.jpg\" alt=\"Image 3\" border=\"0\" \/><\/a><\/p>\n<div class=\"highslide-caption\"><strong>Ad\u00e9nocarcinome endocervical<\/strong><br \/>\nLarge psammome associ\u00e9 \u00e0 un cas d&#8217;ad\u00e9nocarcinome dans le col de l&#8217;ut\u00e9rus.<br \/>\n60X<\/div>\n<\/div>\n<div class=\"chartColumnShortCell\"><strong>Ad\u00e9nocarcinome endocervical<\/strong><br \/>\nLarge psammome associ\u00e9 \u00e0 un cas d&#8217;ad\u00e9nocarcinome dans le col de l&#8217;ut\u00e9rus.<br \/>\n60X<\/div>\n<div class=\"newRow\"><\/div>\n<div class=\"chartColumnCell\"><a class=\"highslide\" href=\"\/gallery\/images_large\/slide0136.jpg\"><br \/>\n<img decoding=\"async\" title=\"Click to enlarge\" src=\"\/gallery\/images\/slide0136.jpg\" alt=\"Image 4\" border=\"0\" \/><\/a><\/p>\n<div class=\"highslide-caption\"><strong>Lymphome<\/strong><br \/>\nDu col de l&#8217;ut\u00e9rus.<br \/>\n60X<\/div>\n<\/div>\n<div class=\"chartColumnShortCell\"><strong>Lymphome<\/strong><br \/>\nDu col de l&#8217;ut\u00e9rus.<br \/>\n60X<\/div>\n<div class=\"newRow\"><\/div>\n<div class=\"chartColumnCell\"><a class=\"highslide\" href=\"\/gallery\/images_large\/slide0137.jpg\"><br \/>\n<img decoding=\"async\" title=\"Click to enlarge\" src=\"\/gallery\/images\/slide0137.jpg\" alt=\"Image 5\" border=\"0\" \/><\/a><\/p>\n<div class=\"highslide-caption\"><strong>Lymphome<\/strong><br \/>\nDu vagin.<br \/>\n60X<\/div>\n<\/div>\n<div class=\"chartColumnShortCell\"><strong>Lymphome<\/strong><br \/>\nDu vagin.<br \/>\n60X<\/div>\n<div class=\"newRow\"><\/div>\n<div class=\"chartColumnCell\"><a class=\"highslide\" href=\"\/gallery\/images_large\/slide0138.jpg\"><br \/>\n<img decoding=\"async\" title=\"Click to enlarge\" src=\"\/gallery\/images\/slide0138.jpg\" alt=\"Image 5\" border=\"0\" \/><\/a><\/p>\n<div class=\"highslide-caption\"><strong>Sarcome stromal endom\u00e9trial<\/strong><br \/>\n60x<\/div>\n<\/div>\n<div class=\"chartColumnShortCell\"><strong>Sarcome stromal endom\u00e9trial<\/strong><br \/>\n60x<\/div>\n<div class=\"newRow\"><\/div>\n<p><a href=\"#top\">Retour au d\u00e9but<\/a>[\/vc_column_text][\/vc_column][vc_column width=&#8221;1\/3&#8243;][vc_widget_sidebar sidebar_id=&#8221;consulting-right-sidebar&#8221;][\/vc_column][\/vc_row]<\/p>\n","protected":false},"excerpt":{"rendered":"<p>[vc_row 0=&#8221;&#8221;][vc_column 0=&#8221;&#8221; offset=&#8221;vc_hidden-lg vc_hidden-md&#8221;][vc_raw_html 0=&#8221;&#8221;]PGNlbnRlcj48YSBjbGFzcz0ic2hpZnRuYXYtdG9nZ2xlIHNoaWZ0bmF2LXRvZ2dsZS1idXR0b24iIGRhdGEtc2hpZnRuYXYtdGFyZ2V0PSJzaGlmdG5hdi1tYWluIj48aSBjbGFzcz0iZmEgZmEtYmFycyI+PC9pPiBUYWJsZSBvZiBDb250ZW50cyA8L2E+PC9jZW50ZXI+[\/vc_raw_html][\/vc_column][\/vc_row][vc_row][vc_column][vc_custom_heading text=&#8221;AUTRES N\u00c9OPLASMES MALINS, NOTAMMENT TUMEURS EXTRA-UT\u00c9RINES&#8221; font_container=&#8221;tag:h1|text_align:center&#8221; use_theme_fonts=&#8221;yes&#8221;][\/vc_column][\/vc_row][vc_row][vc_column width=&#8221;2\/3&#8243;][vc_column_text]AUTRES N\u00c9OPLASMES MALINS, NOTAMMENT TUMEURS EXTRA-UT\u00c9RINES Martha L. Hutchinson, MD, PhD Les tumeurs malignes p\u00e9rivaginales, cancers m\u00e9tastasiques et tumeurs malignes rares du col de l&#8217;ut\u00e9rus sont identifiables sur les frottis ThinPrep\u00ae. L&#8217;\u00e9tablissement d&#8217;un diagnostic d\u00e9finitif n\u00e9cessite parfois la connaissance des ant\u00e9c\u00e9dents<\/p>\n","protected":false},"author":7,"featured_media":0,"parent":1888,"menu_order":0,"comment_status":"closed","ping_status":"closed","template":"","meta":{"ngg_post_thumbnail":0,"footnotes":""},"class_list":["post-1929","page","type-page","status-publish","hentry"],"_links":{"self":[{"href":"https:\/\/dev.cytologystuff.com\/fr\/wp-json\/wp\/v2\/pages\/1929","targetHints":{"allow":["GET"]}}],"collection":[{"href":"https:\/\/dev.cytologystuff.com\/fr\/wp-json\/wp\/v2\/pages"}],"about":[{"href":"https:\/\/dev.cytologystuff.com\/fr\/wp-json\/wp\/v2\/types\/page"}],"author":[{"embeddable":true,"href":"https:\/\/dev.cytologystuff.com\/fr\/wp-json\/wp\/v2\/users\/7"}],"replies":[{"embeddable":true,"href":"https:\/\/dev.cytologystuff.com\/fr\/wp-json\/wp\/v2\/comments?post=1929"}],"version-history":[{"count":0,"href":"https:\/\/dev.cytologystuff.com\/fr\/wp-json\/wp\/v2\/pages\/1929\/revisions"}],"up":[{"embeddable":true,"href":"https:\/\/dev.cytologystuff.com\/fr\/wp-json\/wp\/v2\/pages\/1888"}],"wp:attachment":[{"href":"https:\/\/dev.cytologystuff.com\/fr\/wp-json\/wp\/v2\/media?parent=1929"}],"curies":[{"name":"wp","href":"https:\/\/api.w.org\/{rel}","templated":true}]}}