{"id":1922,"date":"2017-07-31T17:49:22","date_gmt":"2017-07-31T17:49:22","guid":{"rendered":"http:\/\/cytologystuff1.wpengine.com\/gyn-atlas-table-of-contents\/low-grade-squamous-intraepithelial-lesion\/"},"modified":"2017-11-15T06:48:16","modified_gmt":"2017-11-15T06:48:16","slug":"low-grade-squamous-intraepithelial-lesion","status":"publish","type":"page","link":"https:\/\/dev.cytologystuff.com\/fr\/gyn-atlas-table-of-contents\/low-grade-squamous-intraepithelial-lesion\/","title":{"rendered":"L\u00c9SION MALPIGHIENNE INTRA-\u00c9PITH\u00c9LIALE DE BAS GRADE (LSIL)"},"content":{"rendered":"<p>[vc_row 0=&#8221;&#8221;][vc_column 0=&#8221;&#8221; offset=&#8221;vc_hidden-lg vc_hidden-md&#8221;][vc_raw_html 0=&#8221;&#8221;]PGNlbnRlcj48YSBjbGFzcz0ic2hpZnRuYXYtdG9nZ2xlIHNoaWZ0bmF2LXRvZ2dsZS1idXR0b24iIGRhdGEtc2hpZnRuYXYtdGFyZ2V0PSJzaGlmdG5hdi1tYWluIj48aSBjbGFzcz0iZmEgZmEtYmFycyI+PC9pPiBUYWJsZSBvZiBDb250ZW50cyA8L2E+PC9jZW50ZXI+[\/vc_raw_html][\/vc_column][\/vc_row][vc_row][vc_column][vc_custom_heading text=&#8221;L\u00c9SION MALPIGHIENNE INTRA-\u00c9PITH\u00c9LIALE DE BAS GRADE (LSIL) &#8221; font_container=&#8221;tag:h1|text_align:center&#8221; use_theme_fonts=&#8221;yes&#8221;][\/vc_column][\/vc_row][vc_row el_id=&#8221;acknowledgements&#8221;][vc_column width=&#8221;2\/3&#8243;][vc_column_text]<br \/>\n<strong>L\u00c9SION MALPIGHIENNE INTRA-\u00c9PITH\u00c9LIALE DE BAS GRADE (LSIL)  <\/strong><br \/><em>Diane D. Davey, MD<br \/>\n<\/em> <\/p>\n<p>     La dysplasie malpighienne se caract\u00e9rise par la pr\u00e9sence d&#8217;au minimum certaines caract\u00e9ristiques malpighiennes dans le cytoplasme des cellules anormales. (Suggestions de lectures 1) Le grade de la dysplasie refl\u00e8te la maturit\u00e9 des cellules impliqu\u00e9es. Par exemple, dans la dysplasie l\u00e9g\u00e8re, les cellules ressemblent \u00e0 des cellules superficielles et interm\u00e9diaires m\u00e9taplasiques matures, tandis qu&#8217;un \u00e9pith\u00e9lium plus gravement dysplasique refl\u00e8te un \u00e9tat normal moins mature comme des cellules parabasales et\/ou immatures de type m\u00e9taplasique. Avec l&#8217;\u00e9mergence du &#8220;syst\u00e8me Bethesda de classification des diagnostics cervico-vaginaux&#8221;, l&#8217;utilisation du terme &#8220;dysplasie&#8221; a diminu\u00e9 en faveur du terme l\u00e9sions malpighiennes intra-\u00e9pith\u00e9liales de bas grade (LSIL) ou l\u00e9sions malpighiennes intra-\u00e9pith\u00e9liales de haut grade (HSIL). Dans cet atlas, nous utiliserons la terminologie du syst\u00e8me Bethesda. <\/p>\n<p>    La morphologie des LSIL (y compris des changements associ\u00e9s au virus du papillome humain, HPV) est essentiellement identique sur les lames ThinPrep et les frottis conventionnels. Cette similitude est en partie due \u00e0 la capacit\u00e9 de la cellule malpighienne mature \u00e0 conserver son int\u00e9grit\u00e9 malgr\u00e9 la fixation inad\u00e9quate ou l&#8217;artefact d&#8217;\u00e9talement inh\u00e9rents aux frottis conventionnels. Cette int\u00e9grit\u00e9 r\u00e9sulte de la rigidit\u00e9 cellulaire due \u00e0 la k\u00e9ratinisation cytoplasmique. <\/p>\n<p>En raison de leur morphologie, les cellules issues de l\u00e9sions de bas grade comptent parmi les anomalies intra-\u00e9pith\u00e9liales les plus faciles \u00e0 localiser et \u00e0 identifier. En comparaison, les noyaux LSIL sont les plus grands et pr\u00e9sentent un rapport N\/C inf\u00e9rieur aux HSIL ou carcinomes. Ces cellules affichent une atypie nucl\u00e9aire plus importante que les ASCUS (ce qui se traduit par une augmentation de la taille nucl\u00e9aire, une irr\u00e9gularit\u00e9 de la chromatine et une irr\u00e9gularit\u00e9 de l&#8217;enveloppe nucl\u00e9aire). Les noyaux peuvent occasionnellement ne pas \u00eatre aussi hyperchromatiques que sur les frottis conventionnels, mais ils le sont toujours par rapport aux cellules normales environnantes. Les changements associ\u00e9s au HPV (par exemple, formation de cavit\u00e9s dans le cytoplasme) sont plus \u00e9vidents gr\u00e2ce \u00e0 la fixation liquide et \u00e0 la technique de transfert, ce qui \u00e9limine la d\u00e9formation des cellules associ\u00e9e \u00e0 la m\u00e9thode d&#8217;\u00e9talement conventionnelle. La m\u00e9thode ThinPrep pr\u00e9serve mieux ces changements cellulaires, ce qui permet une meilleure distinction entre les v\u00e9ritables cavit\u00e9s cytoplasmiques induites par le HPV et les vacuoles b\u00e9nignes\/d\u00e9g\u00e9n\u00e9ratives et\/ou les cellules malpighiennes glycog\u00e9n\u00e9es. <\/p>\n<p style=\"padding-left:7px\"><a href=\"javascript:void(0)\"  style=\"width:350px;display:block\"><img loading=\"lazy\" decoding=\"async\" src=\"\/images\/button27h.gif\" id=\"selfAssessImg\" width=\"350\" height=\"40\"><\/a><\/p>\n<div class=\"highslide-gallery\">\n<strong>Rappel : Vous pouvez cliquer sur une image<br \/>\nde l&#8217;Atlas pour la voir dans un format plus grand.<\/strong><\/p>\n<div class=\"chartColumnCell\">\n  <a href=\"\/gallery\/images_large\/slide0039.jpg\" class=\"highslide\" onclick=\"return hs.expand(this)\" name=\"pap\"><br \/>\n\t<img decoding=\"async\" src=\"\/gallery\/images\/slide0039.jpg\" alt=\"Image 1\" border=\"0\" title=\"Click to enlarge\"><\/a><\/p>\n<div class=\"highslide-caption\">\n<strong>Frottis conventionnel<\/strong><br \/>\nLSIL\n<\/div>\n<\/div>\n<div class=\"chartColumnShortCell\">\n        \t<strong>Frottis conventionnel<\/strong><br \/>\nLSIL\n<\/div>\n<div class=\"newRow\"><\/div>\n<div class=\"chartColumnCell\">\n<a href=\"\/gallery\/images_large\/slide0040.jpg\" class=\"highslide\" onclick=\"return hs.expand(this)\"><br \/>\n\t<img decoding=\"async\" src=\"\/gallery\/images\/slide0040.jpg\" alt=\"Image 2\" border=\"0\" title=\"Click to enlarge\"><\/a><\/p>\n<div class=\"highslide-caption\">\n<strong>Frottis ThinPrep<\/strong><br \/>\nLSIL<\/div>\n<\/div>\n<div class=\"chartColumnShortCell\">\n      <strong>Frottis ThinPrep<\/strong><br \/>\nLSIL\n<\/div>\n<div class=\"newRow\"><\/div>\n<div class=\"chartColumnCell\">\n<a href=\"\/gallery\/images_large\/slide0041.jpg\" class=\"highslide\" onclick=\"return hs.expand(this)\"><br \/>\n\t<img decoding=\"async\" src=\"\/gallery\/images\/slide0041.jpg\" alt=\"Image 3\" border=\"0\" title=\"Click to enlarge\"><\/a><\/p>\n<div class=\"highslide-caption\">\n\t<strong>Biopsie<\/strong><br \/>\nCIN1<br \/>\nPr\u00e9l\u00e8vement partag\u00e9 de la m\u00eame patiente\n<\/div>\n<\/div>\n<div class=\"chartColumnShortCell\">\n        \t<strong>Biopsie<\/strong><br \/>\nCIN1<br \/>\nPr\u00e9l\u00e8vement partag\u00e9 de la m\u00eame patiente\n<\/div>\n<div class=\"newRow\"><\/div>\n<div class=\"chartColumnCell\">\n<a href=\"\/gallery\/images_large\/slide0042.jpg\" class=\"highslide\" onclick=\"return hs.expand(this)\"><br \/>\n\t<img decoding=\"async\" src=\"\/gallery\/images\/slide0042.jpg\" alt=\"Image 4\" border=\"0\" title=\"Click to enlarge\"><\/a><\/p>\n<div class=\"highslide-caption\">\n\t<strong>LSIL<\/strong><br \/>\nBordures cytoplasmiques distinctes indiquant des cellules malpighiennes et m\u00e9taplasiques matures. 60X\n<\/div>\n<\/div>\n<div class=\"chartColumnShortCell\">\n        \t<strong>LSIL<\/strong><br \/>\nBordures cytoplasmiques distinctes indiquant des cellules malpighiennes et m\u00e9taplasiques matures. 60X<\/div>\n<div class=\"newRow\"><\/div>\n<div class=\"chartColumnCell\">\n<a href=\"\/gallery\/images_large\/slide0043.jpg\" class=\"highslide\" onclick=\"return hs.expand(this)\"><br \/>\n\t<img decoding=\"async\" src=\"\/gallery\/images\/slide0043.jpg\" alt=\"Image 5\" border=\"0\" title=\"Click to enlarge\"><\/a><\/p>\n<div class=\"highslide-caption\">\n\t<strong>LSIL<\/strong><br \/>\nCellules principalement isol\u00e9es, dans des groupes plats ou dispos\u00e9es en galets. 60X\n<\/div>\n<\/div>\n<div class=\"chartColumnShortCell\">\n        \t<strong>LSIL<\/strong><br \/>\nCellules principalement isol\u00e9es, dans des groupes plats ou dispos\u00e9es en galets. 60X<\/div>\n<div class=\"newRow\"><\/div>\n<div class=\"chartColumnCell\">\n<a href=\"\/gallery\/images_large\/slide0044.jpg\" class=\"highslide\" onclick=\"return hs.expand(this)\"><br \/>\n\t<img decoding=\"async\" src=\"\/gallery\/images\/slide0044.jpg\" alt=\"Image 6\" border=\"0\" title=\"Click to enlarge\"><\/a><\/p>\n<div class=\"highslide-caption\">\n\t<strong>LSIL<\/strong><br \/>\nNoyaux dont la taille est 3 \u00e0 4 fois plus grande que celle d&#8217;une cellule interm\u00e9diaire normale. 60X<\/p>\n<\/div>\n<\/div>\n<div class=\"chartColumnShortCell\">\n        \t<strong>LSIL<\/strong><br \/>\nNoyaux dont la taille est 3 \u00e0 4 fois plus grande que celle d&#8217;une cellule interm\u00e9diaire normale. 60X\n<\/div>\n<div class=\"newRow\"><\/div>\n<div class=\"chartColumnCell\">\n<a href=\"\/gallery\/images_large\/slide0045.jpg\" class=\"highslide\" onclick=\"return hs.expand(this)\"><br \/>\n\t<img decoding=\"async\" src=\"\/gallery\/images\/slide0045.jpg\" alt=\"Image 7\" border=\"0\" title=\"Click to enlarge\"><\/a><\/p>\n<div class=\"highslide-caption\">\n\t<strong>LSIL<\/strong><br \/>\nVariation l\u00e9g\u00e8re de la taille et de la forme des noyaux. 60X\n<\/div>\n<\/div>\n<div class=\"chartColumnShortCell\">\n        \t<strong>LSIL<\/strong><br \/>\nVariation l\u00e9g\u00e8re de la taille et de la forme des noyaux. 60X\n<\/div>\n<div class=\"newRow\"><\/div>\n<div class=\"chartColumnCell\">\n<a href=\"\/gallery\/images_large\/slide0046.jpg\" class=\"highslide\" onclick=\"return hs.expand(this)\"><br \/>\n\t<img decoding=\"async\" src=\"\/gallery\/images\/slide0046.jpg\" alt=\"Image 8\" border=\"0\" title=\"Click to enlarge\"><\/a><\/p>\n<div class=\"highslide-caption\">\n\t<strong>LSIL<\/strong><br \/>\nLa binucl\u00e9ation ou la multinucl\u00e9ation peut \u00eatre \u00e9vidente en pr\u00e9sence du HPV. 60X\n<\/div>\n<\/div>\n<div class=\"chartColumnShortCell\">\n        \t<strong>LSIL<\/strong><br \/>\nLa binucl\u00e9ation ou la multinucl\u00e9ation peut \u00eatre \u00e9vidente en pr\u00e9sence du HPV. 60X<\/div>\n<div class=\"newRow\"><\/div>\n<div class=\"chartColumnCell\">\n<a href=\"\/gallery\/images_large\/slide0047.jpg\" class=\"highslide\" onclick=\"return hs.expand(this)\"><br \/>\n\t<img decoding=\"async\" src=\"\/gallery\/images\/slide0047.jpg\" alt=\"Image 9\" border=\"0\" title=\"Click to enlarge\"><\/a><\/p>\n<div class=\"highslide-caption\">\n<strong>LSIL<\/strong><br \/>\nMembranes nucl\u00e9aires lisses \u00e0 l\u00e9g\u00e8rement irr\u00e9guli\u00e8res. 60X\n<\/div>\n<\/div>\n<div class=\"chartColumnShortCell\">\n        <strong>LSIL<\/strong><br \/>\nMembranes nucl\u00e9aires lisses \u00e0 l\u00e9g\u00e8rement irr\u00e9guli\u00e8res. 60X\n<\/div>\n<div class=\"newRow\"><\/div>\n<div class=\"chartColumnCell\">\n<a href=\"\/gallery\/images_large\/slide0031.jpg\" class=\"highslide\" onclick=\"return hs.expand(this)\"><br \/>\n\t<img decoding=\"async\" src=\"\/gallery\/images\/slide0031.jpg\" alt=\"Image 10\" border=\"0\" title=\"Click to enlarge\"><\/a><\/p>\n<div class=\"highslide-caption\">\n<strong>LSIL<\/strong><br \/>\nChromatine l\u00e9g\u00e8rement plus grossi\u00e8re, mais r\u00e9partie de fa\u00e7on homog\u00e8ne ; elle peut sembler d\u00e9g\u00e9n\u00e9r\u00e9e ou \u201csalie\u201d en pr\u00e9sence<br \/>\ndes effets cytopathog\u00e8nes du HPV. 60X\n<\/div>\n<\/div>\n<div class=\"chartColumnShortCell\">\n        <strong>LSIL<\/strong><br \/>\nChromatine l\u00e9g\u00e8rement plus grossi\u00e8re, mais r\u00e9partie de fa\u00e7on homog\u00e8ne ; elle peut sembler d\u00e9g\u00e9n\u00e9r\u00e9e ou \u201csalie\u201d en pr\u00e9sence<br \/>\ndes effets cytopathog\u00e8nes du HPV. 60X\n<\/div>\n<div class=\"newRow\"><\/div>\n<div class=\"chartColumnCell\">\n<a href=\"\/gallery\/images_large\/slide0032.jpg\" class=\"highslide\" onclick=\"return hs.expand(this)\"><br \/>\n\t<img decoding=\"async\" src=\"\/gallery\/images\/slide0032.jpg\" alt=\"Image 11\" border=\"0\" title=\"Click to enlarge\"><\/a><\/p>\n<div class=\"highslide-caption\">\n<strong>LSIL<\/strong><br \/>\nL\u00e9g\u00e8re hyperchromasie. 60X\n<\/div>\n<\/div>\n<div class=\"chartColumnShortCell\">\n        <strong>LSIL<\/strong><br \/>\nL\u00e9g\u00e8re hyperchromasie. 60X\n<\/div>\n<div class=\"newRow\"><\/div>\n<div class=\"chartColumnCell\">\n<a href=\"\/gallery\/images_large\/slide0033.jpg\" class=\"highslide\" onclick=\"return hs.expand(this)\"><br \/>\n\t<img decoding=\"async\" src=\"\/gallery\/images\/slide0033.jpg\" alt=\"Image 12\" border=\"0\" title=\"Click to enlarge\"><\/a><\/p>\n<div class=\"highslide-caption\">\n<strong>LSIL<\/strong><br \/>\nPour pouvoir \u00eatre associ\u00e9es \u00e0 une LSIL avec changements cytopathog\u00e8nes du HPV, les cellules malpighiennes doivent pr\u00e9senter des cavit\u00e9s cytoplasmiques claires bien d\u00e9finies avec un anneau p\u00e9riph\u00e9rique dense de cytoplasme, mais \u00e9galement r\u00e9pondre aux crit\u00e8res ci-dessus. 60X\n<\/div>\n<\/div>\n<div class=\"chartColumnShortCell\">\n        <strong>LSIL<\/strong><br \/>\nPour pouvoir \u00eatre associ\u00e9es \u00e0 une LSIL avec changements cytopathog\u00e8nes du HPV, les cellules malpighiennes doivent pr\u00e9senter des cavit\u00e9s cytoplasmiques claires bien d\u00e9finies avec un anneau p\u00e9riph\u00e9rique dense de cytoplasme, mais \u00e9galement r\u00e9pondre aux crit\u00e8res ci-dessus. 60X\n<\/div>\n<div class=\"newRow\"><\/div>\n<div class=\"chartColumnCell\">\n<a href=\"\/gallery\/images_large\/slide0034.jpg\" class=\"highslide\" onclick=\"return hs.expand(this)\"><br \/>\n\t<img decoding=\"async\" src=\"\/gallery\/images\/slide0034.jpg\" alt=\"Image 13\" border=\"0\" title=\"Click to enlarge\"><\/a><\/p>\n<div class=\"highslide-caption\">\n<strong>Glycog\u00e8ne<\/strong><br \/>\nLes grands halos p\u00e9rinucl\u00e9aires ou vacuoles ne r\u00e9pondant pas aux crit\u00e8res ci-dessus ne rentrent pas dans cette cat\u00e9gorie. 40X\n<\/div>\n<\/div>\n<div class=\"chartColumnShortCell\">\n        <strong>Glycog\u00e8ne<\/strong><br \/>\n Les grands halos p\u00e9rinucl\u00e9aires ou vacuoles ne r\u00e9pondant pas aux crit\u00e8res ci-dessus ne rentrent pas dans cette cat\u00e9gorie. 40X\n<\/div>\n<\/div>\n<div class=\"newRow\"><\/div>\n<p><a name=\"assess\"><\/a><br \/>\nComme il s&#8217;agit de cellules malpighiennes matures, elles gardent leur forme polygonale et conservent en partie leur taille normale. La taille des noyaux est au moins 3 \u00e0 4 fois sup\u00e9rieure \u00e0 celle d&#8217;une cellule interm\u00e9diaire normale. En revanche, quand les changements associ\u00e9s au HPV sont \u00e9vidents, les cellules peuvent \u00eatre plus petites (quasiment parak\u00e9ratosiques), tout comme les noyaux (quelque peu pycnotiques) qui pr\u00e9sentent en outre une binucl\u00e9ation et\/ou multinucl\u00e9ation. Ces noyaux pycnotiques affichent en outre des caract\u00e9ristiques anormales : hyperchromasie, augmentation de la taille par rapport \u00e0 une cellule malpighienne superficielle normale, l\u00e9g\u00e8re variation de la forme et de la taille, etc. Il est important d&#8217;insister sur le fait qu&#8217;une interpr\u00e9tation de LSIL\/HPV implique des cavit\u00e9s cytoplasmiques nettes accompagn\u00e9es de la morphologie nucl\u00e9aire anormale d\u00e9crite ci-dessus. <\/p>\n<p>Dans certains cas, on trouve un m\u00e9lange de cellules LSIL et HSIL, et l&#8217;anomalie la plus grave doit \u00eatre interpr\u00e9t\u00e9e en priorit\u00e9 sur la lame ThinPrep. Il s&#8217;av\u00e8re parfois difficile de faire la distinction entre les LSIL et les HSIL. Les crit\u00e8res en faveur des HSIL incluent un rapport N\/C \u00e9lev\u00e9, un cytoplasme immature et un nombre plus important d&#8217;anomalies nucl\u00e9aires. En raison du manque de cellules anormales ou de crit\u00e8res v\u00e9ritablement interm\u00e9diaires, les cas rares de SIL ne peuvent pas \u00eatre plac\u00e9s dans une cat\u00e9gorie. Comme ces cas vont probablement progresser, il semble plus prudent d&#8217;utiliser un terme tel que &#8220;SIL, grade impossible \u00e0 d\u00e9terminer&#8221;. M\u00eame si la plupart des \u00e9tudes de suivi des LSIL TP font le plus souvent appara\u00eetre des changements de bas grade associ\u00e9s \u00e0 la biopsie, environ 15 \u00e0 20 % des cas de LSIL sont suivis de biopsies de haut grade. <\/p>\n<div class=\"highslide-gallery\">\n<strong>Rappel : Vous pouvez cliquer sur une image<br \/>\nde l&#8217;Atlas pour la voir dans un format plus grand.<\/strong><\/p>\n<div class=\"chartColumnCell\">\n<a href=\"\/gallery\/images_large\/slide0035.jpg\" class=\"highslide\" onclick=\"return hs.expand(this)\"><br \/>\n\t<img decoding=\"async\" src=\"\/gallery\/images\/slide0035.jpg\" alt=\"Image 14\" border=\"0\" title=\"Click to enlarge\"><\/a><\/p>\n<div class=\"highslide-caption\">\n<strong>LSIL<\/strong><br \/>\nLSIL accompagnant un organisme (Candida dans le cas pr\u00e9sent) rapidement identifiable sur la lame ThinPrep. 60X\n<\/div>\n<\/div>\n<div class=\"chartColumnShortCell\">\n        <strong>LSIL<\/strong><br \/>\nLSIL accompagnant un organisme (Candida dans le cas pr\u00e9sent) rapidement identifiable sur la lame ThinPrep. 60X\n<\/div>\n<\/div>\n<div class=\"newRow\"><\/div>\n<p class=\"subhead\">ENTIT\u00c9S SEMBLABLES (Diagnostics diff\u00e9rentiels) :  <\/p>\n<p>Sans grande surprise, la l\u00e9sion LSIL poss\u00e8de peu d&#8217;entit\u00e9s semblables, m\u00eame si elles sont plus faciles \u00e0 diff\u00e9rencier gr\u00e2ce \u00e0 la fixation imm\u00e9diate de la m\u00e9thode ThinPrep<sup>\u00ae<\/sup>, ce qui permet une meilleure visualisation des cellules et de leurs caract\u00e9ristiques. Pour conna\u00eetre les crit\u00e8res diff\u00e9rentiels et voir des images de LSIL class\u00e9es ASCUS, voir le chapitre consacr\u00e9 \u00e0 la cat\u00e9gorie ASCUS. <\/p>\n<table class=\"chart\">\n<tbody>\n<tr class=\"chart\">\n<td width=\"152\"><\/td>\n<td width=\"136\" class=\"heading\">R\u00c9ACTION <br \/>(Organisme ou inflammation)<\/td>\n<td width=\"88\" class=\"heading\">R\u00c9PARATION<br \/>(Type)<\/td>\n<td width=\"88\" class=\"heading\">LSIL<br \/>(HPV)<\/td>\n<\/tr>\n<tr>\n<td class=\"chart\">Pr\u00e9sentation cellulaire  <\/td>\n<td class=\"chart\">Isol\u00e9es ou en groupes  <\/td>\n<td class=\"chart\">Amas et groupes plats <\/td>\n<td class=\"chart\">Isol\u00e9es ou en groupes<\/td>\n<\/tr>\n<tr class=\"chart\">\n<td class=\"chart\">Type de cellules <\/td>\n<td class=\"chart\">Tous les types  <\/td>\n<td class=\"chart\">Cellules endocervicales\/m\u00e9taplasiques  <\/td>\n<td class=\"chart\">Cellules malpighiennes matures<\/td>\n<\/tr>\n<tr>\n<td class=\"chart\">Noyaux \t<\/td>\n<td class=\"chart\"> Taille augment\u00e9e jusqu&#8217;\u00e0 1,5 fois  <\/p>\n<hr>\n<p>Binucl\u00e9ation\/ multinucl\u00e9ation \u00e9ventuellement pr\u00e9sente <\/p>\n<hr>\n<p>  Membranes nucl\u00e9aires lisses  <\/td>\n<td class=\"chart\">   Augmentation de taille variable \u2013 l\u00e9g\u00e8re \u00e0 marqu\u00e9e <\/p>\n<hr>\n<p>Binucl\u00e9ation\/ multinucl\u00e9ation \u00e9ventuellement pr\u00e9sente<\/p>\n<hr>\n<p> Membranes nucl\u00e9aires lisses <\/td>\n<td class=\"chart\">Taille augment\u00e9e 3 \u00e0 4 fois<\/p>\n<hr>\n<p>Binucl\u00e9ation\/ multinucl\u00e9ation \u00e9ventuellement pr\u00e9sente avec HPV<\/p>\n<hr>\n<p>Membranes nucl\u00e9aires lisses \u00e0 l\u00e9g\u00e8rement irr\u00e9guli\u00e8res<\/td>\n<\/tr>\n<tr class=\"chart\">\n<td class=\"chart\"> Chromatine<\/td>\n<td class=\"chart\">Finement granulaire, r\u00e9partie de fa\u00e7on homog\u00e8ne <\/p>\n<hr>\n<p>Hyperchromasie non \u00e9vidente  <\/td>\n<td class=\"chart\"> Finement granulaire, r\u00e9partie de fa\u00e7on homog\u00e8ne  <\/p>\n<hr>\n<p> Hyperchromasie non \u00e9vidente   <\/td>\n<td class=\"chart\">Finement \u00e0 grossi\u00e8rement granulaire, r\u00e9partie de fa\u00e7on homog\u00e8ne\t<\/p>\n<hr>\n<p> L\u00e9g\u00e8rement hyperchromatique <\/td>\n<\/tr>\n<tr>\n<td class=\"chart\">Nucl\u00e9oles <\/td>\n<td class=\"chart\">Petits et souvent multiples, uniformes <\/td>\n<td class=\"chart\">Petits \u00e0 bien visibles, souvent multiples <\/td>\n<td class=\"chart\">Discrets ou absents<\/td>\n<\/tr>\n<tr class=\"chart\">\n<td class=\"chart\">Pr\u00e9sentation cytoplasmique<\/td>\n<td class=\"chart\">Halos p\u00e9rinucl\u00e9aires souvent pr\u00e9sents, petits, plusieurs vacuoles peuvent \u00eatre \u00e9videntes en raison de la d\u00e9g\u00e9n\u00e9rescence <\/td>\n<td class=\"chart\">Cytoplasme vacuolis\u00e9 avec pr\u00e9sentation de culture tissulaire l\u00e2che  <\/td>\n<td class=\"chart\"> Dense, forme polygonale avec ou sans cavit\u00e9 nette et bien d\u00e9finie associ\u00e9e au HPV, bord p\u00e9riph\u00e9rique dense du cytoplasme <\/td>\n<\/tr>\n<\/tbody>\n<\/table>\n<div class=\"highslide-gallery\">\n<strong>Rappel : Vous pouvez cliquer sur une image<br \/>\nde l&#8217;Atlas pour la voir dans un format plus grand.<\/strong><\/p>\n<div class=\"chartColumnCell\">\n <a href=\"\/gallery\/images_large\/slide0036.jpg\" class=\"highslide\" onclick=\"return hs.expand(this)\"><br \/>\n\t<img decoding=\"async\" src=\"\/gallery\/images\/slide0036.jpg\" alt=\"Image 15\" border=\"0\" title=\"Click to enlarge\"><\/a><\/p>\n<div class=\"highslide-caption\">\n<strong>Entit\u00e9 semblable<\/strong><br \/>\nR\u00e9action 60X\n<\/div>\n<\/div>\n<div class=\"chartColumnShortCell\">\n        <strong>Entit\u00e9 semblable<\/strong><br \/>\nR\u00e9action 60X<\/div>\n<div class=\"newRow\"><\/div>\n<div class=\"chartColumnCell\">\n<a href=\"\/gallery\/images_large\/slide0037.jpg\" class=\"highslide\" onclick=\"return hs.expand(this)\"><br \/>\n\t<img decoding=\"async\" src=\"\/gallery\/images\/slide0037.jpg\" alt=\"Image 16\" border=\"0\" title=\"Click to enlarge\"><\/a><\/p>\n<div class=\"highslide-caption\">\n\t<strong>Entit\u00e9 semblable<\/strong><br \/>\nR\u00e9paration 60x\n<\/div>\n<\/div>\n<div class=\"chartColumnShortCell\">\n        \t<strong>Entit\u00e9 semblable<\/strong><br \/>\nR\u00e9paration 60x\n<\/div>\n<div class=\"newRow\"><\/div>\n<div class=\"chartColumnCell\">\n<a href=\"\/gallery\/images_large\/slide0038.jpg\" class=\"highslide\" onclick=\"return hs.expand(this)\"><br \/>\n\t<img decoding=\"async\" src=\"\/gallery\/images\/slide0038.jpg\" alt=\"Image 17\" border=\"0\" title=\"Click to enlarge\"><\/a><\/p>\n<div class=\"highslide-caption\">\n\t<strong>Entit\u00e9 semblable<\/strong><br \/>\nLSIL\/HPV 60X\n<\/div>\n<\/div>\n<div class=\"chartColumnShortCell\">\n        \t<strong>Entit\u00e9 semblable<\/strong><br \/>\nLSIL\/HPV 60X\n<\/div>\n<\/div>\n<div class=\"newRow\"><\/div>\n<p><a name=\"readings\"><\/a><strong>SUGGESTIONS DE LECTURES :<\/strong><\/p>\n<ol class=\"normal\">\n<li>Austin RM: Follow-up of Abnormal Gynecologic Cytology. A College of American Patholgists Q-Probes Study of 16,312 Cases from 306 Laboratories. Arch Pathol Lab Med 2000;124(8):1113-4\n <\/li>\n<li>Carpenter AB, Davey D: ThinPrep Pap Test: performance and biopsy follow-up in a university hospital. Cancer 1999;41:39-44.\n <\/li>\n<li>DeMay RM: The Art and Science of Cytopathology. Chicago: ASCP Press; 1996\n  <\/li>\n<li>Diaz-Rosario LA et al: Performance of a fluid-based, thin-layer Papanicolaou smear method in the clinical setting of an independent laboratory and an outpatient screening population in New England. Arch Pathol Lab Med 1999; Sep 123(9):817-21.\n<\/li>\n<li>Grace, A, et al: Comparative study: Conventional cervical and ThinPrep Pap Tests in a routine clinical setting. Cytopathol 2002;13:200-05.\n <\/li>\n<li>Guidos BJ, Selvaggi SM: Use of the ThinPrep Pap Test inclinical practice. Diagn Cytopathol 1999;20:70-73.\n<\/li>\n<li>Lee KR et al: Comparison of conventional Papanicolaou smears and a fluid-based, thin-layer system for cervical cancer screening. Obstet Gynecol 1997;90:278-284.\n<\/li>\n<li>Luthra, UH, et al: Performance of monolayered cervical smears in a gynecology outpatient setting in Kuwait. Acta Cytol 2001; 46(2):303-10.\n<\/li>\n<li>Weintraub J, Morabia A: Efficacy of a liquid-based thin layer method for cervical cancer screening in a population with a low incidence of cervical cancer. Diagn Cytopathol 2000 Jan;22(1):52-9.\n <\/li>\n<\/ol>\n<p><a href=\"#top\">Retour au d\u00e9but<\/a><\/p>\n<p>[\/vc_column_text][vc_column_text css=&#8221;.vc_custom_1500390293825{margin-top: 30px !important;}&#8221; el_class=&#8221;back-to-top&#8221;]<strong><a href=\"#main\">Back to Top<\/a><\/strong>[\/vc_column_text][\/vc_column][vc_column width=&#8221;1\/3&#8243; offset=&#8221;vc_hidden-sm vc_hidden-xs&#8221;][vc_widget_sidebar sidebar_id=&#8221;consulting-right-sidebar&#8221;][\/vc_column][\/vc_row]<\/p>\n","protected":false},"excerpt":{"rendered":"<p>[vc_row 0=&#8221;&#8221;][vc_column 0=&#8221;&#8221; offset=&#8221;vc_hidden-lg vc_hidden-md&#8221;][vc_raw_html 0=&#8221;&#8221;]PGNlbnRlcj48YSBjbGFzcz0ic2hpZnRuYXYtdG9nZ2xlIHNoaWZ0bmF2LXRvZ2dsZS1idXR0b24iIGRhdGEtc2hpZnRuYXYtdGFyZ2V0PSJzaGlmdG5hdi1tYWluIj48aSBjbGFzcz0iZmEgZmEtYmFycyI+PC9pPiBUYWJsZSBvZiBDb250ZW50cyA8L2E+PC9jZW50ZXI+[\/vc_raw_html][\/vc_column][\/vc_row][vc_row][vc_column][vc_custom_heading text=&#8221;L\u00c9SION MALPIGHIENNE INTRA-\u00c9PITH\u00c9LIALE DE BAS GRADE (LSIL) &#8221; font_container=&#8221;tag:h1|text_align:center&#8221; use_theme_fonts=&#8221;yes&#8221;][\/vc_column][\/vc_row][vc_row el_id=&#8221;acknowledgements&#8221;][vc_column width=&#8221;2\/3&#8243;][vc_column_text] L\u00c9SION MALPIGHIENNE INTRA-\u00c9PITH\u00c9LIALE DE BAS GRADE (LSIL) Diane D. Davey, MD La dysplasie malpighienne se caract\u00e9rise par la pr\u00e9sence d&#8217;au minimum certaines caract\u00e9ristiques malpighiennes dans le cytoplasme des cellules anormales. (Suggestions de lectures 1) Le grade de<\/p>\n","protected":false},"author":7,"featured_media":0,"parent":1888,"menu_order":0,"comment_status":"closed","ping_status":"closed","template":"","meta":{"ngg_post_thumbnail":0,"footnotes":""},"class_list":["post-1922","page","type-page","status-publish","hentry"],"_links":{"self":[{"href":"https:\/\/dev.cytologystuff.com\/fr\/wp-json\/wp\/v2\/pages\/1922","targetHints":{"allow":["GET"]}}],"collection":[{"href":"https:\/\/dev.cytologystuff.com\/fr\/wp-json\/wp\/v2\/pages"}],"about":[{"href":"https:\/\/dev.cytologystuff.com\/fr\/wp-json\/wp\/v2\/types\/page"}],"author":[{"embeddable":true,"href":"https:\/\/dev.cytologystuff.com\/fr\/wp-json\/wp\/v2\/users\/7"}],"replies":[{"embeddable":true,"href":"https:\/\/dev.cytologystuff.com\/fr\/wp-json\/wp\/v2\/comments?post=1922"}],"version-history":[{"count":0,"href":"https:\/\/dev.cytologystuff.com\/fr\/wp-json\/wp\/v2\/pages\/1922\/revisions"}],"up":[{"embeddable":true,"href":"https:\/\/dev.cytologystuff.com\/fr\/wp-json\/wp\/v2\/pages\/1888"}],"wp:attachment":[{"href":"https:\/\/dev.cytologystuff.com\/fr\/wp-json\/wp\/v2\/media?parent=1922"}],"curies":[{"name":"wp","href":"https:\/\/api.w.org\/{rel}","templated":true}]}}