{"id":1888,"date":"2017-07-25T17:26:22","date_gmt":"2017-07-25T17:26:22","guid":{"rendered":"http:\/\/cytologystuff1.wpengine.com\/gyn-atlas-table-of-contents\/"},"modified":"2018-03-10T07:04:30","modified_gmt":"2018-03-10T07:04:30","slug":"gyn-atlas-table-of-contents","status":"publish","type":"page","link":"https:\/\/dev.cytologystuff.com\/fr\/gyn-atlas-table-of-contents\/","title":{"rendered":"GYN Atlas &#8211; Table of Contents"},"content":{"rendered":"<p>[vc_row][vc_column][vc_custom_heading text=&#8221;Sommaire de l&#8217;Atlas GYN&#8221; font_container=&#8221;tag:h1|text_align:center&#8221; use_theme_fonts=&#8221;yes&#8221;][\/vc_column][\/vc_row][vc_row css=&#8221;.vc_custom_1501004719015{margin-bottom: 25px !important;}&#8221;][vc_column width=&#8221;2\/3&#8243;][vc_tta_accordion color=&#8221;sky&#8221; active_section=&#8221;1&#8243; collapsible_all=&#8221;true&#8221;][vc_tta_section title=&#8221;INTRODUCTION&#8221; tab_id=&#8221;1501003616475-03cd55e8-b404&#8243;][vc_row_inner 0=&#8221;&#8221;][vc_column_inner 0=&#8221;&#8221;][vc_column_text 0=&#8221;&#8221;]<\/p>\n<ul>\n<li><span style=\"font-size: 14pt;\"><a href=\"https:\/\/dev.cytologystuff.com\/zh-hans\/gyn-atlas-table-of-contents\/introduction\/#acknowledgements\">REMERCIEMENTS<\/a><\/span><\/li>\n<li><span style=\"font-size: 14pt;\"><a href=\"https:\/\/dev.cytologystuff.com\/zh-hans\/gyn-atlas-table-of-contents\/introduction\/#intro\">INTRODUCTION<\/a><\/span><\/li>\n<li><span style=\"font-size: 14pt;\"><a href=\"https:\/\/dev.cytologystuff.com\/zh-hans\/gyn-atlas-table-of-contents\/introduction\/#over\">PR\u00c9SENTATION DE LA M\u00c9THODE DE PR\u00c9PARATION THINPREP<\/a><\/span><\/li>\n<li><span style=\"font-size: 14pt;\"><a href=\"https:\/\/dev.cytologystuff.com\/zh-hans\/gyn-atlas-table-of-contents\/introduction\/#scientific\">BASES SCIENTIFIQUES<\/a><\/span><\/li>\n<li><span style=\"font-size: 14pt;\"><a href=\"https:\/\/dev.cytologystuff.com\/zh-hans\/gyn-atlas-table-of-contents\/introduction\/#micro\">\u00c9VALUATION MICROSCOPIQUE DES LAMES THINPREP<\/a><\/span><\/li>\n<\/ul>\n<p>[\/vc_column_text][\/vc_column_inner][\/vc_row_inner][\/vc_tta_section][vc_tta_section title=&#8221;QUALIT\u00c9 DU PR\u00c9L\u00c8VEMENT&#8221; tab_id=&#8221;1501004541917-ea783388-8054&#8243;][vc_row_inner 0=&#8221;&#8221;][vc_column_inner 0=&#8221;&#8221;][vc_column_text 0=&#8221;&#8221;]<\/p>\n<ul>\n<li><span style=\"font-size: 14pt;\"><a href=\"https:\/\/dev.cytologystuff.com\/zh-hans\/gyn-atlas-table-of-contents\/specimen-adequacy\/#satisfactory\">Satisfaisant pour l&#8217;\u00e9valuation<\/a><\/span><\/li>\n<li><span style=\"font-size: 14pt;\"><a href=\"https:\/\/dev.cytologystuff.com\/zh-hans\/gyn-atlas-table-of-contents\/specimen-adequacy\/#unsatisfactory\">Non satisfaisant pour l&#8217;\u00e9valuation<\/a><\/span><\/li>\n<li><span style=\"font-size: 14pt;\"><a href=\"https:\/\/dev.cytologystuff.com\/zh-hans\/gyn-atlas-table-of-contents\/specimen-adequacy\/#transformation\">\u00c9l\u00e9ment de la zone de transformation<\/a><\/span><\/li>\n<li><span style=\"font-size: 14pt;\"><a href=\"https:\/\/dev.cytologystuff.com\/zh-hans\/gyn-atlas-table-of-contents\/specimen-adequacy\/#readings\">Suggestions de lectures<\/a><\/span><\/li>\n<\/ul>\n<p>[\/vc_column_text][\/vc_column_inner][\/vc_row_inner][\/vc_tta_section][vc_tta_section title=&#8221;ABSENCE DE L\u00c9SION INTRA-\u00c9PITH\u00c9LIALE OU DE MALIGNIT\u00c9&#8221; tab_id=&#8221;1501004546764-461e918e-6b7e&#8221;][vc_row_inner 0=&#8221;&#8221;][vc_column_inner 0=&#8221;&#8221;][vc_column_text 0=&#8221;&#8221;]<\/p>\n<ul>\n<li><span style=\"font-size: 14pt;\"><a href=\"https:\/\/dev.cytologystuff.com\/zh-hans\/gyn-atlas-table-of-contents\/negative-for-intraepithelial-lesion-or-malignancy\/#findings\">ORGANISMES ET AUTRE R\u00c9SULTATS NON N\u00c9OPLASIQUES<\/a><\/span>\n<ul class=\"sublist\">\n<li><a href=\"https:\/\/dev.cytologystuff.com\/zh-hans\/gyn-atlas-table-of-contents\/negative-for-intraepithelial-lesion-or-malignancy\/#readings\">Suggestions de lectures<\/a><\/li>\n<\/ul>\n<\/li>\n<\/ul>\n<p>[\/vc_column_text][\/vc_column_inner][\/vc_row_inner][\/vc_tta_section][vc_tta_section title=&#8221; ANOMALIES CELLULAIRES \u00c9PITH\u00c9LIALES : CELLULES MALPIGHIENNES&#8221; tab_id=&#8221;1501004767867-781d9e8e-c76f&#8221;][vc_row_inner 0=&#8221;&#8221;][vc_column_inner 0=&#8221;&#8221;][vc_column_text 0=&#8221;&#8221;]<\/p>\n<ul>\n<li><span style=\"font-size: 14pt;\">CELLULES MALPIGHIENNES<\/span><\/li>\n<li><span style=\"font-size: 14pt;\"><a href=\"https:\/\/dev.cytologystuff.com\/zh-hans\/gyn-atlas-table-of-contents\/atypical-squamous-cells\/#squamos\">ATYPIES CELLULAIRES MALPIGHIENNES<\/a><\/span>\n<ul class=\"sublist\">\n<li><a href=\"https:\/\/dev.cytologystuff.com\/zh-hans\/gyn-atlas-table-of-contents\/atypical-squamous-cells\/#assess\">Consignes\/Crit\u00e8res d&#8217;\u00e9valuation<\/a><\/li>\n<li><a href=\"https:\/\/dev.cytologystuff.com\/zh-hans\/gyn-atlas-table-of-contents\/atypical-squamous-cells\/#readings\">Suggestions de lectures<\/a><\/li>\n<\/ul>\n<\/li>\n<li><span style=\"font-size: 14pt;\"><a href=\"https:\/\/dev.cytologystuff.com\/zh-hans\/gyn-atlas-table-of-contents\/low-grade-squamous-intraepithelial-lesion\/#squamous\">L\u00c9SION MALPIGHIENNE INTRA-\u00c9PITH\u00c9LIALE DE BAS GRADE (LSIL)<\/a><\/span>\n<ul class=\"sublist\">\n<li><a href=\"https:\/\/dev.cytologystuff.com\/zh-hans\/gyn-atlas-table-of-contents\/low-grade-squamous-intraepithelial-lesion\/#assess\">Consignes\/Crit\u00e8res d&#8217;\u00e9valuation<\/a><\/li>\n<li><a href=\"https:\/\/dev.cytologystuff.com\/zh-hans\/gyn-atlas-table-of-contents\/low-grade-squamous-intraepithelial-lesion\/#readings\">Suggestions de lectures<\/a><\/li>\n<\/ul>\n<\/li>\n<li><span style=\"font-size: 14pt;\"><a href=\"https:\/\/dev.cytologystuff.com\/zh-hans\/gyn-atlas-table-of-contents\/high-grade-squamous-intraepithelial-lesion\/#squamous\">L\u00c9SION MALPIGHIENNE INTRA-\u00c9PITH\u00c9LIALE DE HAUT GRADE (HSIL)<\/a><\/span>\n<ul class=\"sublist\">\n<li><a href=\"https:\/\/dev.cytologystuff.com\/zh-hans\/gyn-atlas-table-of-contents\/high-grade-squamous-intraepithelial-lesion\/#assess\">Consignes\/Crit\u00e8res d&#8217;\u00e9valuation<\/a><\/li>\n<li><a href=\"https:\/\/dev.cytologystuff.com\/zh-hans\/gyn-atlas-table-of-contents\/high-grade-squamous-intraepithelial-lesion\/#readings\">Suggestions de lectures<\/a><\/li>\n<\/ul>\n<\/li>\n<li><span style=\"font-size: 14pt;\"><a href=\"https:\/\/dev.cytologystuff.com\/de\/gyn-atlas-table-of-contents\/squamous-cell-carcinoma\/#squamous\">CARCINOME \u00c9PIDERMO\u00cfDE<\/a><\/span>\n<ul class=\"sublist\">\n<li><a href=\"https:\/\/dev.cytologystuff.com\/de\/gyn-atlas-table-of-contents\/squamous-cell-carcinoma\/#assess\">Consignes\/Crit\u00e8res d&#8217;\u00e9valuation<\/a><\/li>\n<li><a href=\"https:\/\/dev.cytologystuff.com\/de\/gyn-atlas-table-of-contents\/squamous-cell-carcinoma\/#readings\">Suggestions de lectures<\/a><\/li>\n<\/ul>\n<\/li>\n<\/ul>\n<p>[\/vc_column_text][\/vc_column_inner][\/vc_row_inner][\/vc_tta_section][vc_tta_section title=&#8221;ANOMALIES CELLULAIRES \u00c9PITH\u00c9LIALES : CELLULES GLANDULAIRES&#8221; tab_id=&#8221;1515149825233-6f129462-a7fc&#8221;][vc_row_inner 0=&#8221;&#8221;][vc_column_inner 0=&#8221;&#8221;][vc_column_text 0=&#8221;&#8221;]<\/p>\n<ul>\n<li><span style=\"font-size: 14pt;\"><a href=\"https:\/\/dev.cytologystuff.com\/zh-hans\/gyn-atlas-table-of-contents\/glandular-cells\/\">CELLULES GLANDULAIRES<\/a><\/span>\n<ul class=\"sublist\">\n<li><a href=\"https:\/\/dev.cytologystuff.com\/zh-hans\/gyn-atlas-table-of-contents\/glandular-cells\/#cells\">Cellules endom\u00e9triales : Autres<\/a><\/li>\n<\/ul>\n<\/li>\n<li><span style=\"font-size: 14pt;\"><a href=\"https:\/\/dev.cytologystuff.com\/zh-hans\/gyn-atlas-table-of-contents\/glandular-cells\/#nos\">ATYPIES CELLULAIRES GLANDULAIRES<\/a><\/span><\/li>\n<li><span style=\"font-size: 14pt;\"><a href=\"https:\/\/dev.cytologystuff.com\/zh-hans\/gyn-atlas-table-of-contents\/glandular-cells\/#atypical\">AD\u00c9NOCARCINOME ENDOCERVICAL IN SITU<\/a><\/span>\n<ul class=\"sublist\">\n<li><a href=\"https:\/\/dev.cytologystuff.com\/zh-hans\/gyn-atlas-table-of-contents\/glandular-cells\/#assess\">Consignes\/Crit\u00e8res d&#8217;\u00e9valuation\/Criteria<\/a><\/li>\n<li><a href=\"https:\/\/dev.cytologystuff.com\/zh-hans\/gyn-atlas-table-of-contents\/glandular-cells\/#readings\">Suggestions de lectures<\/a><\/li>\n<\/ul>\n<\/li>\n<li><span style=\"font-size: 14pt;\"><a href=\"https:\/\/dev.cytologystuff.com\/zh-hans\/gyn-atlas-table-of-contents\/endocervical-adenocarcinoma\/\">AD\u00c9NOCARCINOME ENDOCERVICAL<\/a><\/span>\n<ul class=\"sublist\">\n<li><a href=\"https:\/\/dev.cytologystuff.com\/zh-hans\/gyn-atlas-table-of-contents\/endocervical-adenocarcinoma\/#assess\">Consignes\/Crit\u00e8res d&#8217;\u00e9valuation<\/a><\/li>\n<li><a href=\"https:\/\/dev.cytologystuff.com\/zh-hans\/gyn-atlas-table-of-contents\/endocervical-adenocarcinoma\/#readings\">Suggestions de lectures<\/a><\/li>\n<\/ul>\n<\/li>\n<li><span style=\"font-size: 14pt;\"><a href=\"https:\/\/dev.cytologystuff.com\/zh-hans\/gyn-atlas-table-of-contents\/endometrial-adenocarcinoma\/\">AD\u00c9NOCARCINOME ENDOM\u00c9TRIAL<\/a><\/span>\n<ul class=\"sublist\">\n<li><a href=\"https:\/\/dev.cytologystuff.com\/zh-hans\/gyn-atlas-table-of-contents\/endometrial-adenocarcinoma\/#assess\">Consignes\/Crit\u00e8res d&#8217;\u00e9valuation<\/a><\/li>\n<li><a href=\"https:\/\/dev.cytologystuff.com\/zh-hans\/gyn-atlas-table-of-contents\/endometrial-adenocarcinoma\/#readings\">Suggestions de lectures<\/a><\/li>\n<\/ul>\n<\/li>\n<\/ul>\n<p>[\/vc_column_text][\/vc_column_inner][\/vc_row_inner][\/vc_tta_section][vc_tta_section title=&#8221;AUTRES N\u00c9OPLASMES MALINS Y COMPRIS TUMEURS EXTRA-UT\u00c9RINES MALIGNES&#8221; tab_id=&#8221;1501004896680-5e59a104-2265&#8243;][vc_row_inner 0=&#8221;&#8221;][vc_column_inner 0=&#8221;&#8221;][vc_column_text 0=&#8221;&#8221;]<\/p>\n<ul>\n<li><span style=\"font-size: 14pt;\"><a href=\"https:\/\/dev.cytologystuff.com\/zh-hans\/gyn-atlas-table-of-contents\/other-malignant-neoplasms-including-extrauterine-malignancies\/\">Pour commander une copie de l\u00b4Atlas.<\/a><\/span><\/li>\n<\/ul>\n<p>[\/vc_column_text][\/vc_column_inner][\/vc_row_inner][\/vc_tta_section][\/vc_tta_accordion][\/vc_column][vc_column width=&#8221;1\/3&#8243;][vc_single_image image=&#8221;1680&#8243; img_size=&#8221;full&#8221;][\/vc_column][\/vc_row]<\/p>\n","protected":false},"excerpt":{"rendered":"<p>[vc_row][vc_column][vc_custom_heading text=&#8221;Sommaire de l&#8217;Atlas GYN&#8221; font_container=&#8221;tag:h1|text_align:center&#8221; use_theme_fonts=&#8221;yes&#8221;][\/vc_column][\/vc_row][vc_row css=&#8221;.vc_custom_1501004719015{margin-bottom: 25px !important;}&#8221;][vc_column width=&#8221;2\/3&#8243;][vc_tta_accordion color=&#8221;sky&#8221; active_section=&#8221;1&#8243; collapsible_all=&#8221;true&#8221;][vc_tta_section title=&#8221;INTRODUCTION&#8221; tab_id=&#8221;1501003616475-03cd55e8-b404&#8243;][vc_row_inner 0=&#8221;&#8221;][vc_column_inner 0=&#8221;&#8221;][vc_column_text 0=&#8221;&#8221;] REMERCIEMENTS INTRODUCTION PR\u00c9SENTATION DE LA M\u00c9THODE DE PR\u00c9PARATION THINPREP BASES SCIENTIFIQUES \u00c9VALUATION MICROSCOPIQUE DES LAMES THINPREP [\/vc_column_text][\/vc_column_inner][\/vc_row_inner][\/vc_tta_section][vc_tta_section title=&#8221;QUALIT\u00c9 DU PR\u00c9L\u00c8VEMENT&#8221; tab_id=&#8221;1501004541917-ea783388-8054&#8243;][vc_row_inner 0=&#8221;&#8221;][vc_column_inner 0=&#8221;&#8221;][vc_column_text 0=&#8221;&#8221;] Satisfaisant pour l&#8217;\u00e9valuation Non satisfaisant pour l&#8217;\u00e9valuation \u00c9l\u00e9ment de la zone de<\/p>\n","protected":false},"author":7,"featured_media":0,"parent":0,"menu_order":0,"comment_status":"closed","ping_status":"closed","template":"","meta":{"ngg_post_thumbnail":0,"footnotes":""},"class_list":["post-1888","page","type-page","status-publish","hentry"],"_links":{"self":[{"href":"https:\/\/dev.cytologystuff.com\/fr\/wp-json\/wp\/v2\/pages\/1888","targetHints":{"allow":["GET"]}}],"collection":[{"href":"https:\/\/dev.cytologystuff.com\/fr\/wp-json\/wp\/v2\/pages"}],"about":[{"href":"https:\/\/dev.cytologystuff.com\/fr\/wp-json\/wp\/v2\/types\/page"}],"author":[{"embeddable":true,"href":"https:\/\/dev.cytologystuff.com\/fr\/wp-json\/wp\/v2\/users\/7"}],"replies":[{"embeddable":true,"href":"https:\/\/dev.cytologystuff.com\/fr\/wp-json\/wp\/v2\/comments?post=1888"}],"version-history":[{"count":0,"href":"https:\/\/dev.cytologystuff.com\/fr\/wp-json\/wp\/v2\/pages\/1888\/revisions"}],"wp:attachment":[{"href":"https:\/\/dev.cytologystuff.com\/fr\/wp-json\/wp\/v2\/media?parent=1888"}],"curies":[{"name":"wp","href":"https:\/\/api.w.org\/{rel}","templated":true}]}}