{"id":11214,"date":"2017-08-16T14:02:59","date_gmt":"2017-08-16T14:02:59","guid":{"rendered":"https:\/\/cytologystuff1.wpengine.com\/endocervical-adenocarcinoma-in-situ\/"},"modified":"2018-01-12T11:02:15","modified_gmt":"2018-01-12T11:02:15","slug":"endocervical-adenocarcinoma-in-situ","status":"publish","type":"page","link":"https:\/\/dev.cytologystuff.com\/fr\/endocervical-adenocarcinoma-in-situ\/","title":{"rendered":"L\u00e9sions glandulaires &#8211; Ad\u00e9nocarcinome endocervical in situ"},"content":{"rendered":"<p>[vc_row][vc_column][vc_custom_heading text=&#8221;L\u00e9sions glandulaires &#8211; Ad\u00e9nocarcinome endocervical in situ&#8221; font_container=&#8221;tag:h2|text_align:center&#8221; use_theme_fonts=&#8221;yes&#8221;][\/vc_column][\/vc_row][vc_row][vc_column width=&#8221;2\/3&#8243;][vc_column_text]<\/p>\n<div>\n<p class=\"subhead\">Ad\u00e9nocarcinome endocervical in situ<\/p>\n<div class=\"chartColumn\"><strong>Rappel : Vous pouvez cliquer sur une image<br \/>\nde la section pour la voir dans un format plus grand.<\/strong><\/p>\n<p class=\"header3\">Crit\u00e8res<\/p>\n<p><strong> Pr\u00e9sentation tissulaire<br \/>\n<\/strong><\/p>\n<ul class=\"normal\">\n<li>Bandes de cellules<\/li>\n<li>Formation de rosettes<\/li>\n<li>Forme de plume<\/li>\n<li>Encombrement<\/li>\n<li>Stratification<\/li>\n<\/ul>\n<div class=\"chartColumnCell\"><a class=\"highslide\" href=\"\/gallery\/images_large\/slide0091.jpg\"><br \/>\n<img decoding=\"async\" title=\"Click to enlarge\" src=\"\/gallery\/images\/slide0091.jpg\" alt=\"Image 2\" border=\"0\" \/><\/a><\/p>\n<div class=\"highslide-caption\"><strong>Ad\u00e9nocarcinome endocervical in situ<\/strong><br \/>\nBande de cellules endocervicales, pseudostratification et Cytoplasmee finement vacuolis\u00e9 avec bordures Cytoplasmeiques peu distinctes. Architecture rompue bien que les cellules tentent de conserver une configuration glandulaire. Noter l&#8217;augmentation du rapport N\/C et la pr\u00e9sence variable de nucl\u00e9oles. Biopsie &#8211; AIS &#8211; 60x<\/div>\n<\/div>\n<div class=\"newRow\"><\/div>\n<div class=\"chartColumnCell\"><a class=\"highslide\" href=\"\/gallery\/images_large\/slide0090.jpg\"><br \/>\n<img decoding=\"async\" title=\"Click to enlarge\" src=\"\/gallery\/images\/slide0090.jpg\" alt=\"Image 3\" border=\"0\" \/><\/a><\/p>\n<div class=\"highslide-caption\"><strong>Ad\u00e9nocarcinome endocervical in situ<\/strong><br \/>\nCellules endocervicales se pr\u00e9sentant dans une pseudo-rosette avec forme de &#8220;plume&#8221; et \u00e9longation nucl\u00e9aire due \u00e0 l&#8217;encombrement. Biopsie &#8211; AIS &#8211; 60x<\/div>\n<\/div>\n<div class=\"newRow\"><\/div>\n<div class=\"chartColumnCell\"><a class=\"highslide\" href=\"\/gallery\/images_large\/slide0088.jpg\"><br \/>\n<img decoding=\"async\" title=\"Click to enlarge\" src=\"\/gallery\/images\/slide0088.jpg\" alt=\"Image 3\" border=\"0\" \/><\/a><\/p>\n<div class=\"highslide-caption\"><strong>Ad\u00e9nocarcinome endocervical in situ<\/strong><br \/>\nAu grossissement de d\u00e9pistage, l&#8217;observation de groupes de cellules hyperchromatiques, de taille variable et encombr\u00e9s justifie un examen plus approfondi. 20x<\/div>\n<\/div>\n<div class=\"newRow\"><\/div>\n<div class=\"chartColumnCell\"><a class=\"highslide\" href=\"\/gallery\/images_large\/slide0089.jpg\"><br \/>\n<img decoding=\"async\" title=\"Click to enlarge\" src=\"\/gallery\/images\/slide0089.jpg\" alt=\"Image 2\" border=\"0\" \/><\/a><\/p>\n<div class=\"highslide-caption\"><strong>Ad\u00e9nocarcinome endocervical in situ<\/strong><br \/>\nCellules endocervicales se pr\u00e9sentant dans une bande avec encombrement nucl\u00e9aire prononc\u00e9. &#8211; Biopsie &#8211; AIS &#8211; 60x<\/div>\n<\/div>\n<div class=\"newRow\"><\/div>\n<div class=\"chartColumnCell\"><a class=\"highslide\" href=\"\/gallery\/images_large\/slide0100.jpg\"><br \/>\n<img decoding=\"async\" title=\"Click to enlarge\" src=\"\/gallery\/images\/slide0100.jpg\" alt=\"Image 3\" border=\"0\" \/><\/a><\/p>\n<div class=\"highslide-caption\"><strong>Ad\u00e9nocarcinome endocervical in situ<\/strong><br \/>\nAIS &#8211; Groupe stratifi\u00e9 et encombr\u00e9 de cellules glandulaires issu d&#8217;un cas d&#8217;AIS. \u00c0 noter, les noyaux basaux empil\u00e9s depuis la couche inf\u00e9rieur de l&#8217;\u00e9pith\u00e9lium. &#8211; 60x<\/div>\n<\/div>\n<div class=\"newRow\"><\/div>\n<p><strong>Cytoplasme<br \/>\n<\/strong><\/p>\n<ul class=\"normal\">\n<li>Peu abondant<\/li>\n<li>Finement vacuolis\u00e9<\/li>\n<li>Bordures cytoplasmiques peu distinctes<\/li>\n<\/ul>\n<div class=\"chartColumnCell\"><a class=\"highslide\" href=\"\/gallery\/images_large\/slide0074.jpg\"><br \/>\n<img decoding=\"async\" title=\"Click to enlarge\" src=\"\/gallery\/images\/slide0074.jpg\" alt=\"Image 2\" border=\"0\" \/><\/a><\/p>\n<div class=\"highslide-caption\"><strong>Ad\u00e9nocarcinome endocervical in situ<\/strong><br \/>\nAd\u00e9nocarcinome in situ &#8211; 60x<\/div>\n<\/div>\n<div class=\"newRow\"><\/div>\n<div class=\"chartColumnCell\"><a class=\"highslide\" href=\"\/gallery\/images_large\/slide0091.jpg\"><br \/>\n<img decoding=\"async\" title=\"Click to enlarge\" src=\"\/gallery\/images\/slide0091.jpg\" alt=\"Image 3\" border=\"0\" \/><\/a><\/p>\n<div class=\"highslide-caption\"><strong>Ad\u00e9nocarcinome endocervical in situ<\/strong><br \/>\nBande de cellules endocervicales, pseudostratification et cytoplasme finement vacuolis\u00e9 avec bordures cytoplasmiques peu distinctes. Architecture rompue bien que les cellules tentent de conserver une configuration glandulaire. Noter l&#8217;augmentation du rapport N\/C et la pr\u00e9sence variable de nucl\u00e9oles. Biopsie &#8211; AIS &#8211; 60x<\/p>\n<\/div>\n<\/div>\n<div class=\"newRow\"><\/div>\n<p><strong>Rapport N\/C<br \/>\n<\/strong><\/p>\n<ul class=\"normal\">\n<li>Le noyau prend 2\/3 du cytoplasme<\/li>\n<\/ul>\n<div class=\"chartColumnCell\"><a class=\"highslide\" href=\"\/gallery\/images_large\/slide0092.jpg\"><br \/>\n<img decoding=\"async\" title=\"Click to enlarge\" src=\"\/gallery\/images\/slide0092.jpg\" alt=\"Image 3\" border=\"0\" \/><\/a><\/p>\n<div class=\"highslide-caption\"><strong>Ad\u00e9nocarcinome endocervical in situ<\/strong><br \/>\nRapport N\/C \u00e9lev\u00e9 \u00e9vident dans les noyaux qui occupent au minimum 2\/3 du cytoplasme. Chromatine grossi\u00e8re mais r\u00e9partie de fa\u00e7on homog\u00e8ne et pr\u00e9sence de macronucl\u00e9oles. Biopsie &#8211; AIS &#8211; 60x<\/div>\n<\/div>\n<div class=\"newRow\"><\/div>\n<p><strong>Noyau <\/strong><\/p>\n<ul class=\"normal\">\n<li>Ovale \u00e0 allong\u00e9<\/li>\n<\/ul>\n<div class=\"chartColumnCell\"><a class=\"highslide\" href=\"\/gallery\/images_large\/slide0090.jpg\"><br \/>\n<img decoding=\"async\" title=\"Click to enlarge\" src=\"\/gallery\/images\/slide0090.jpg\" alt=\"Image 3\" border=\"0\" \/><\/a><\/p>\n<div class=\"highslide-caption\"><strong>Ad\u00e9nocarcinome endocervical in situ<br \/>\n<\/strong>Cellules endocervicales se pr\u00e9sentant dans une pseudo-rosette avec forme de &#8220;plume&#8221; et \u00e9longation nucl\u00e9aire due \u00e0 l&#8217;encombrement. Biopsie &#8211; AIS &#8211; 60x<\/div>\n<\/div>\n<div class=\"newRow\"><\/div>\n<div class=\"chartColumnCell\"><a class=\"highslide\" href=\"\/gallery\/images_large\/slide0093.jpg\"><br \/>\n<img decoding=\"async\" title=\"Click to enlarge\" src=\"\/gallery\/images\/slide0093.jpg\" alt=\"Image 3\" border=\"0\" \/><\/a><\/p>\n<div class=\"highslide-caption\"><strong>Ad\u00e9nocarcinome endocervical in situ<\/strong><br \/>\n\u00c9longation nucl\u00e9aire \u00e9vidente dans ce groupe de cellules endocervicales atypiques. Perte de polarit\u00e9 nucl\u00e9aire, destruction de l&#8217;architecture normale, encombrement nucl\u00e9aire et &#8220;moulage&#8221; des noyaux. \u00c0 certains endroits, les membranes nucl\u00e9aires plates se poussent entre elles (signe de v\u00e9ritable encombrement). Biopsie &#8211; AIS 60x<\/div>\n<\/div>\n<div class=\"newRow\"><\/div>\n<p><strong> Membrane nucl\u00e9aire <\/strong><\/p>\n<ul class=\"normal\">\n<li>Lisse \u00e0 nettement irr\u00e9guli\u00e8re<\/li>\n<li>Formation d&#8217;encoches<\/li>\n<li>\u00c9paissie<\/li>\n<\/ul>\n<div class=\"chartColumnCell\"><a class=\"highslide\" href=\"\/gallery\/images_large\/slide0094.jpg\"><br \/>\n<img decoding=\"async\" title=\"Click to enlarge\" src=\"\/gallery\/images\/slide0094.jpg\" alt=\"Image 3\" border=\"0\" \/><\/a><\/p>\n<div class=\"highslide-caption\"><strong>Ad\u00e9nocarcinome endocervical in situ<br \/>\n<\/strong> Membranes nucl\u00e9aires lisses \u00e0 nettement irr\u00e9guli\u00e8res. Cette image montre des membranes nucl\u00e9aires \u00e9paissies et mod\u00e9r\u00e9ment irr\u00e9guli\u00e8res. Chromatine grossi\u00e8re et nucl\u00e9oles pro\u00e9minents. Biopsie &#8211; AIS 60x<\/div>\n<\/div>\n<div class=\"newRow\"><\/div>\n<p><strong>Chromatine<br \/>\n<\/strong><\/p>\n<ul class=\"normal\">\n<li>Grossi\u00e8re \u00e0 finement granulaire<\/li>\n<li>R\u00e9partie de fa\u00e7on homog\u00e8ne<\/li>\n<li>Hyperchromatique<\/li>\n<\/ul>\n<div class=\"chartColumnCell\"><a class=\"highslide\" href=\"\/gallery\/images_large\/slide0092.jpg\"><br \/>\n<img decoding=\"async\" title=\"Click to enlarge\" src=\"\/gallery\/images\/slide0092.jpg\" alt=\"Image 3\" border=\"0\" \/><\/a><\/p>\n<div class=\"highslide-caption\"><strong>Ad\u00e9nocarcinome endocervical in situ<\/strong><br \/>\nRapport N\/C \u00e9lev\u00e9 \u00e9vident dans les noyaux qui occupent au minimum 2\/3 du cytoplasme. Chromatine grossi\u00e8re mais r\u00e9partie de fa\u00e7on homog\u00e8ne et pr\u00e9sence de macronucl\u00e9oles. Biopsie &#8211; AIS &#8211; 60x<\/div>\n<\/div>\n<div class=\"newRow\"><\/div>\n<div class=\"chartColumnCell\"><a class=\"highslide\" href=\"\/gallery\/images_large\/slide0074.jpg\"><br \/>\n<img decoding=\"async\" title=\"Click to enlarge\" src=\"\/gallery\/images\/slide0074.jpg\" alt=\"Image 3\" border=\"0\" \/><\/a><\/p>\n<div class=\"highslide-caption\"><strong>Ad\u00e9nocarcinome endocervical in situ<\/strong><br \/>\nAd\u00e9nocarcinome in situ &#8211; 60x<\/div>\n<\/div>\n<div class=\"newRow\"><\/div>\n<p><strong>Nucl\u00e9oles<br \/>\n<\/strong><\/p>\n<ul class=\"normal\">\n<li>Peu distincts \u00e0 pro\u00e9minents<\/li>\n<li>Pr\u00e9sence variable<\/li>\n<\/ul>\n<div class=\"chartColumnCell\"><a class=\"highslide\" href=\"\/gallery\/images_large\/slide0095.jpg\"><br \/>\n<img decoding=\"async\" title=\"Click to enlarge\" src=\"\/gallery\/images\/slide0095.jpg\" alt=\"Image 3\" border=\"0\" \/><\/a><\/p>\n<div class=\"highslide-caption\"><strong>Ad\u00e9nocarcinome endocervical in situ<\/strong><br \/>\nNucl\u00e9oles peu distincts \u00e0 pro\u00e9minents. Sur cette image, les nucl\u00e9oles sont pro\u00e9minents et pr\u00e9sents dans la majorit\u00e9 des noyaux. La fixation rapide fait de la pr\u00e9sence de nucl\u00e9oles un autre crit\u00e8re important pour l&#8217;\u00e9tablissement d&#8217;un diagnostic d&#8217;AIS.<br \/>\nBiopsie &#8211; AIS &#8211; 60x<\/div>\n<\/div>\n<div class=\"newRow\"><\/div>\n<p id=\"look\" class=\"subhead\">Entit\u00e9s semblables d&#8217;ad\u00e9nocarcinome endocervical in situ<\/p>\n<p class=\"header3\">M\u00e9taplasie tubaire :<\/p>\n<p><strong>Type de cellules <\/strong>Petites cellules glandulaires cubiques de type trompe de Fallope<\/p>\n<p><strong> Pr\u00e9sentation tissulaire <\/strong><\/p>\n<ul class=\"normal\">\n<li>Pr\u00e9sentation encombr\u00e9e en nid d&#8217;abeille<\/li>\n<\/ul>\n<div class=\"chartColumnCell\"><a class=\"highslide\" href=\"\/gallery\/images_large\/slide0097.jpg\" name=\"pap\"><br \/>\n<img decoding=\"async\" title=\"Click to enlarge\" src=\"\/gallery\/images\/slide0097.jpg\" alt=\"Image 2\" border=\"0\" \/><\/a><\/p>\n<div class=\"highslide-caption\"><strong>Entit\u00e9s semblables d&#8217;ad\u00e9nocarcinome endocervical in situ<\/strong><br \/>\nLa m\u00e9taplasie tubaire peut imiter de pr\u00e8s l&#8217;AIS, mais un examen approfondi montre que les anomalies (par ex., encombrement, \u00e9longation nucl\u00e9aire, membranes nucl\u00e9aires irr\u00e9guli\u00e8res et fragments tissulaires anormaux) sont moins graves. La pr\u00e9sence de cils et\/ou de bandelettes obturantes confirme l&#8217;aspect b\u00e9nin. &#8211; 60X<\/div>\n<\/div>\n<div class=\"newRow\"><\/div>\n<div class=\"chartColumnCell\"><a class=\"highslide\" href=\"\/gallery\/images_large\/slide1173.jpg\"><br \/>\n<img decoding=\"async\" title=\"Click to enlarge\" src=\"\/gallery\/images\/slide1173.jpg\" alt=\"Image 2\" border=\"0\" \/><\/a><\/p>\n<div class=\"highslide-caption\"><strong>Entit\u00e9s semblables d&#8217;ad\u00e9nocarcinome endocervical in situ<\/strong><br \/>\nCellules glandulaires encombr\u00e9es avec noyaux augment\u00e9s en taille. Un examen plus approfondi r\u00e9v\u00e8le une chromatine r\u00e9partie de fa\u00e7on homog\u00e8ne. 40x<\/div>\n<\/div>\n<div class=\"newRow\"><\/div>\n<p><strong> Caract\u00e9ristiques uniques <\/strong><\/p>\n<ul class=\"normal\">\n<li>Bandelettes obturantes et cils<\/li>\n<\/ul>\n<div class=\"chartColumnCell\"><a class=\"highslide\" href=\"\/gallery\/images_large\/slide0149.jpg\"><br \/>\n<img decoding=\"async\" title=\"Click to enlarge\" src=\"\/gallery\/images\/slide0149.jpg\" alt=\"Image 3\" border=\"0\" \/><\/a><\/p>\n<div class=\"highslide-caption\"><strong>Entit\u00e9s semblables d&#8217;ad\u00e9nocarcinome endocervical in situ<\/strong><br \/>\nBande de cellules prismatiques \u00e0 noyau hyperchromatique encombr\u00e9. Une observation rapproch\u00e9e r\u00e9v\u00e8le des vacuoles cytoplasmiques et des cils distincts pouvant repr\u00e9senter une m\u00e9taplasie tubaire. 60X<\/div>\n<\/div>\n<div class=\"newRow\"><\/div>\n<div class=\"chartColumnCell\"><a class=\"highslide\" href=\"\/gallery\/images_large\/slide1172.jpg\"><br \/>\n<img decoding=\"async\" title=\"Click to enlarge\" src=\"\/gallery\/images\/slide1172.jpg\" alt=\"Image 3\" border=\"0\" \/><\/a><\/p>\n<div class=\"highslide-caption\"><strong>Entit\u00e9s semblables d&#8217;ad\u00e9nocarcinome endocervical in situ<\/strong><br \/>\nCette vue \u00e0 plus fort grossissement que la premi\u00e8re image (20x) met en \u00e9vidence une rang\u00e9e distincte de cils. 60x<\/div>\n<\/div>\n<div class=\"newRow\"><\/div>\n<p class=\"header3\">Segment ut\u00e9rin inf\u00e9rieur :<\/p>\n<p><strong> Type de cellules <\/strong> Endom\u00e9triales<\/p>\n<p><strong> Pr\u00e9sentation tissulaire<br \/>\n<\/strong><\/p>\n<ul class=\"normal\">\n<li>Pr\u00e9sentation en nid d&#8217;abeille avec noyaux superpos\u00e9s, souvent en gros amas<\/li>\n<\/ul>\n<div class=\"chartColumnCell\"><a class=\"highslide\" href=\"\/gallery\/images_large\/slide0150.jpg\"><br \/>\n<img decoding=\"async\" title=\"Click to enlarge\" src=\"\/gallery\/images\/slide0150.jpg\" alt=\"Image 3\" border=\"0\" \/><\/a><\/p>\n<div class=\"highslide-caption\"><strong>Entit\u00e9s semblables d&#8217;ad\u00e9nocarcinome endocervical in situ<br \/>\n<\/strong><br \/>\nFragment de cellules provenant du segment ut\u00e9rin inf\u00e9rieur, repli\u00e9 sur lui-m\u00eame et donnant un aspect tridimensionnel. 20X<\/div>\n<\/div>\n<div class=\"newRow\"><\/div>\n<div class=\"chartColumnCell\"><a class=\"highslide\" href=\"\/gallery\/images_large\/slide0170.jpg\"><br \/>\n<img decoding=\"async\" title=\"Click to enlarge\" src=\"\/gallery\/images\/slide0170.jpg\" alt=\"Image 2\" border=\"0\" \/><\/a><\/p>\n<div class=\"highslide-caption\"><strong>Entit\u00e9s semblables d&#8217;ad\u00e9nocarcinome endocervical in situ<br \/>\n<\/strong><br \/>\nSegment ut\u00e9rin inf\u00e9rieur 40X<\/div>\n<\/div>\n<div class=\"newRow\"><\/div>\n<div class=\"chartColumnCell\"><a class=\"highslide\" href=\"\/gallery\/images_large\/slide0171.jpg\"><br \/>\n<img decoding=\"async\" title=\"Click to enlarge\" src=\"\/gallery\/images\/slide0171.jpg\" alt=\"Image 3\" border=\"0\" \/><\/a><\/p>\n<div class=\"highslide-caption\"><strong>Entit\u00e9s semblables d&#8217;ad\u00e9nocarcinome endocervical in situ<\/strong><\/p>\n<p>Le segment ut\u00e9rin inf\u00e9rieur peut pr\u00e9senter des nucl\u00e9oles pro\u00e9minents. 40X<\/p><\/div>\n<\/div>\n<div class=\"newRow\"><\/div>\n<p><strong> Caract\u00e9ristiques uniques<br \/>\n<\/strong><\/p>\n<ul class=\"normal\">\n<li>Cellules tr\u00e8s petites avec cytoplasme peu abondant et aspect uniforme<\/li>\n<\/ul>\n<div class=\"chartColumnCell\"><a class=\"highslide\" href=\"\/gallery\/images_large\/slide0099.jpg\"><br \/>\n<img decoding=\"async\" title=\"Click to enlarge\" src=\"\/gallery\/images\/slide0099.jpg\" alt=\"Image 3\" border=\"0\" \/><\/a><\/p>\n<div class=\"highslide-caption\"><strong>Entit\u00e9s semblables d&#8217;ad\u00e9nocarcinome endocervical in situ<br \/>\n<\/strong><br \/>\nFragment tissulaire de segment ut\u00e9rin inf\u00e9rieur compos\u00e9 de petites cellules cubiques, noyaux uniformes, chromatine terne. \u00c0 faible grossissement, les cellules paraissent encombr\u00e9es, mais un examen plus approfondi montre qu&#8217;elles forment simplement un amas. La coh\u00e9sion et l&#8217;uniformit\u00e9 des fragments observ\u00e9s \u00e0 faible grossissement, ainsi que la pr\u00e9sence g\u00e9n\u00e9rale d&#8217;un composant stromal, permettent d&#8217;\u00e9tablir un diagnostic. &#8211; 20x<\/div>\n<\/div>\n<div class=\"chartColumnSmallCell\"><\/div>\n<div class=\"newRow\"><\/div>\n<p class=\"header3\">L\u00e9sion HSIL dans des glandes :<\/p>\n<p><strong> Pr\u00e9sentation tissulaire <\/strong><\/p>\n<ul class=\"normal\">\n<li>Composant malpighien d\u00e9finitif<\/li>\n<li>Amas d&#8217;\u00e9pith\u00e9lium mal d\u00e9fini<\/li>\n<li>Cytoplasme mousseux et absence de diff\u00e9renciation glandulaire<\/li>\n<\/ul>\n<div class=\"chartColumnCell\"><a class=\"highslide\" href=\"\/gallery\/images_large\/slide0123.jpg\"><br \/>\n<img decoding=\"async\" title=\"Click to enlarge\" src=\"\/gallery\/images\/slide0123.jpg\" alt=\"Image 2\" border=\"0\" \/><\/a><\/p>\n<div class=\"highslide-caption\"><strong> Entit\u00e9s semblables d&#8217;ad\u00e9nocarcinome endocervical in situ<\/strong><\/p>\n<p>HSIL impliquant l&#8217;espace glandulaire 40x<\/p><\/div>\n<\/div>\n<div class=\"newRow\"><\/div>\n<p><strong>Cytoplasme<br \/>\n<\/strong><\/p>\n<ul class=\"normal\">\n<li>Finement vacuolis\u00e9<\/li>\n<li>Absence de vacuoles discr\u00e8tes<\/li>\n<li>Cytoplasme mal d\u00e9fini aux bords du groupe (aspect effiloch\u00e9)<\/li>\n<\/ul>\n<div class=\"chartColumnCell\"><a class=\"highslide\" href=\"\/gallery\/images_large\/slide1359.jpg\"><br \/>\n<img decoding=\"async\" title=\"Click to enlarge\" src=\"\/gallery\/images\/slide1359.jpg\" alt=\"Image 2\" border=\"0\" \/><\/a><\/p>\n<div class=\"highslide-caption\"><strong>Entit\u00e9s semblables d&#8217;ad\u00e9nocarcinome endocervical in situ<\/strong><\/p>\n<p>Cytoplasme finement vacuolis\u00e9 avec bordures mal d\u00e9finies cr\u00e9ant un aspect effiloch\u00e9.<\/p><\/div>\n<\/div>\n<div class=\"newRow\"><\/div>\n<p><strong>Noyau<br \/>\n<\/strong><\/p>\n<ul class=\"normal\">\n<li>Variable, rond \u00e0 ovale<\/li>\n<\/ul>\n<div class=\"chartColumnCell\"><a class=\"highslide\" href=\"\/gallery\/images_large\/slide1360.jpg\"><br \/>\n<img decoding=\"async\" title=\"Click to enlarge\" src=\"\/gallery\/images\/slide1360.jpg\" alt=\"Image 2\" border=\"0\" \/><\/a><\/p>\n<div class=\"highslide-caption\"><strong>Entit\u00e9s semblables d&#8217;ad\u00e9nocarcinome endocervical in situ<\/strong><\/p>\n<p>Noyaux de forme (ronds \u00e0 ovales) et de taille variables.<\/p><\/div>\n<\/div>\n<div class=\"newRow\"><\/div>\n<p><strong> Membrane nucl\u00e9aire<br \/>\n<\/strong><\/p>\n<ul class=\"normal\">\n<li>Lisse \u00e0 irr\u00e9guli\u00e8re (morsures et mottes de terre)<\/li>\n<\/ul>\n<div class=\"chartColumnCell\"><a class=\"highslide\" href=\"\/gallery\/images_large\/slide1361.jpg\"><br \/>\n<img decoding=\"async\" title=\"Click to enlarge\" src=\"\/gallery\/images\/slide1361.jpg\" alt=\"Image 2\" border=\"0\" \/><\/a><\/p>\n<div class=\"highslide-caption\"><strong>Entit\u00e9s semblables d&#8217;ad\u00e9nocarcinome endocervical in situ<\/strong><\/p>\n<p>Noyaux pr\u00e9sentant des irr\u00e9gularit\u00e9s dans la membrane (morsures et mottes de terre).<\/p><\/div>\n<\/div>\n<div class=\"newRow\"><\/div>\n<p><strong>Chromatine<br \/>\n<\/strong><\/p>\n<ul class=\"normal\">\n<li>Finement granulaire<\/li>\n<li>R\u00e9partition homog\u00e8ne<\/li>\n<li>Augmentation de la profondeur de champ<\/li>\n<\/ul>\n<div class=\"chartColumnCell\"><a class=\"highslide\" href=\"\/gallery\/images_large\/slide1362.jpg\"><br \/>\n<img decoding=\"async\" title=\"Click to enlarge\" src=\"\/gallery\/images\/slide1362.jpg\" alt=\"Image 2\" border=\"0\" \/><\/a><\/p>\n<div class=\"highslide-caption\"><strong>Entit\u00e9s semblables d&#8217;ad\u00e9nocarcinome endocervical in situ<\/strong><\/p>\n<p>L\u00e9sion de Haut Grade envahissant les glandes &#8211; Chromatine variable habituellement finement granulaire et r\u00e9partie uniform\u00e9ment avec une profondeur de champs. 40x<\/p><\/div>\n<\/div>\n<div class=\"chartColumnSmallCell\">\n<div class=\"newRow\"><\/div>\n<p><strong>Nucl\u00e9oles<br \/>\n<\/strong><\/p>\n<ul class=\"normal\">\n<li>Absents \u00e0 occasionnels, petits<\/li>\n<\/ul>\n<div class=\"chartColumnCell\"><a class=\"highslide\" href=\"\/gallery\/images_large\/slide0122.jpg\"><br \/>\n<img decoding=\"async\" title=\"Click to enlarge\" src=\"\/gallery\/images\/slide0122.jpg\" alt=\"Image 2\" border=\"0\" \/><\/a><\/p>\n<div class=\"highslide-caption\"><strong>Entit\u00e9s semblables d&#8217;ad\u00e9nocarcinome endocervical in situ<\/strong><br \/>\nHSIL Nucl\u00e9oles g\u00e9n\u00e9ralement discrets ou absents. Des nucl\u00e9oles peuvent \u00eatre pr\u00e9sents en cas d&#8217;inflammation\/r\u00e9action ou quand le collet glandulaire est impliqu\u00e9. 60x<\/div>\n<\/div>\n<\/div>\n<div class=\"newRow\"><\/div>\n<p><a class=\"back\" href=\"#\">Retour au d\u00e9but<\/a><\/p>\n<\/div>\n<\/div>\n<p>[\/vc_column_text][\/vc_column][vc_column width=&#8221;1\/3&#8243;][vc_widget_sidebar sidebar_id=&#8221;consulting-right-sidebar2&#8243;][\/vc_column][\/vc_row]<\/p>\n","protected":false},"excerpt":{"rendered":"<p>[vc_row][vc_column][vc_custom_heading text=&#8221;L\u00e9sions glandulaires &#8211; Ad\u00e9nocarcinome endocervical in situ&#8221; font_container=&#8221;tag:h2|text_align:center&#8221; use_theme_fonts=&#8221;yes&#8221;][\/vc_column][\/vc_row][vc_row][vc_column width=&#8221;2\/3&#8243;][vc_column_text] Ad\u00e9nocarcinome endocervical in situ Rappel : Vous pouvez cliquer sur une image de la section pour la voir dans un format plus grand. Crit\u00e8res Pr\u00e9sentation tissulaire Bandes de cellules Formation de rosettes Forme de plume Encombrement Stratification Ad\u00e9nocarcinome endocervical in situ Bande de cellules<\/p>\n","protected":false},"author":7,"featured_media":0,"parent":0,"menu_order":0,"comment_status":"closed","ping_status":"closed","template":"","meta":{"ngg_post_thumbnail":0,"footnotes":""},"class_list":["post-11214","page","type-page","status-publish","hentry"],"_links":{"self":[{"href":"https:\/\/dev.cytologystuff.com\/fr\/wp-json\/wp\/v2\/pages\/11214","targetHints":{"allow":["GET"]}}],"collection":[{"href":"https:\/\/dev.cytologystuff.com\/fr\/wp-json\/wp\/v2\/pages"}],"about":[{"href":"https:\/\/dev.cytologystuff.com\/fr\/wp-json\/wp\/v2\/types\/page"}],"author":[{"embeddable":true,"href":"https:\/\/dev.cytologystuff.com\/fr\/wp-json\/wp\/v2\/users\/7"}],"replies":[{"embeddable":true,"href":"https:\/\/dev.cytologystuff.com\/fr\/wp-json\/wp\/v2\/comments?post=11214"}],"version-history":[{"count":0,"href":"https:\/\/dev.cytologystuff.com\/fr\/wp-json\/wp\/v2\/pages\/11214\/revisions"}],"wp:attachment":[{"href":"https:\/\/dev.cytologystuff.com\/fr\/wp-json\/wp\/v2\/media?parent=11214"}],"curies":[{"name":"wp","href":"https:\/\/api.w.org\/{rel}","templated":true}]}}