{"id":11200,"date":"2017-08-16T14:02:00","date_gmt":"2017-08-16T14:02:00","guid":{"rendered":"https:\/\/cytologystuff1.wpengine.com\/suggested-readings\/"},"modified":"2018-01-12T10:53:31","modified_gmt":"2018-01-12T10:53:31","slug":"suggested-readings","status":"publish","type":"page","link":"https:\/\/dev.cytologystuff.com\/fr\/suggested-readings\/","title":{"rendered":"L\u00e9sions glandulaires"},"content":{"rendered":"<p>[vc_row][vc_column][vc_custom_heading text=&#8221;L\u00e9sions glandulaires &#8211; Suggestions de lectures&#8221; font_container=&#8221;tag:h2|text_align:center&#8221; use_theme_fonts=&#8221;yes&#8221;][\/vc_column][\/vc_row][vc_row][vc_column width=&#8221;2\/3&#8243;][vc_column_text]<\/p>\n<div>\n<p class=\"subhead\">D\u00e9tection des affections glandulaires \u2013 \u00c9tudes publi\u00e9es<\/p>\n<p>La d\u00e9tection des l\u00e9sions glandulaires endocervicales repr\u00e9sente une fonction essentielle des frottis. N\u00e9anmoins, les cellules glandulaires anormales pr\u00e9sentes dans ces \u00e9chantillons peuvent \u00e9galement provenir de l&#8217;endom\u00e8tre ou de sites extra-ut\u00e9rins. Les frottis ne permettent pas de d\u00e9tecter ces l\u00e9sions.<\/p>\n<p>En cas de suspicion d&#8217;anomalies glandulaires, la classification pr\u00e9cise en tant que l\u00e9sion glandulaire ou malpighienne est importante pour pouvoir effectuer une \u00e9valuation appropri\u00e9e et d\u00e9terminer le traitement ad\u00e9quat ( par ex. choix d&#8217;une biopsie-ex\u00e9r\u00e8se ou d&#8217;un suivi conservateur). Plusieurs publications \u00e9valu\u00e9es par des pairs <sup>[1, 2, 3, 4, 5, 6]<\/sup> font \u00e9tat d&#8217;une meilleure d\u00e9tection des affections glandulaires avec le syst\u00e8me ThinPrep<sup>\u00ae<\/sup> par rapport aux frottis conventionnels. M\u00eame si ces \u00e9tudes n&#8217;abordent pas souvent le th\u00e8me de la sensibilit\u00e9 des diff\u00e9rentes m\u00e9thodes de frottis dans la d\u00e9tection de types sp\u00e9cifiques d&#8217;affections glandulaires, les r\u00e9sultats concordent avec une confirmation plus fr\u00e9quente des l\u00e9sions glandulaires anormales avec une biopsie qu&#8217;en cytologie conventionnelle.<\/p>\n<p>Par cons\u00e9quent, l&#8217;identification d&#8217;une anomalie glandulaire sur une lame ThinPrep m\u00e9rite une attention particuli\u00e8re pour pouvoir r\u00e9aliser une \u00e9valuation d\u00e9finitive de pathologie endocervicale ou endom\u00e9triale potentielle.<\/p>\n<p id=\"readings\"><strong> Suggestions de lectures:<\/strong><\/p>\n<ol class=\"normal\">\n<li>Ashfaq R, Gibbons D, Vela C, Saboorian MH, Iliya F. ThinPrep Pap Test. Accuracy for glandular disease. Acta Cytol 1999; 43: 81-5<\/li>\n<li>Bai H, Sung CJ, Steinhoff MM: ThinPrep Pap Test promotes detection of glandular lesions of the endocervix. Diagn Cytopathol 2000;23:19-22<\/li>\n<li>Carpenter AB , Davey DD: ThinPrep Pap Test: Performance and biopsy follow-up un a university hospital. Cancer Cytopathology 1999; 87: 105-12<\/li>\n<li>Guidos BJ, Selvaggi SM. Detection of endometrial adenocarcinoma with the ThinPrep Pap test. Diagn Cytopathol 2000; 23: 260-5<\/li>\n<li>Schorge JO, Hossein Saboorian M, Hynan L, Ashfaq R. ThinPrep detection of cervical and endometrial adenocarcinoma: A retrospective cohort study. Cancer Cytopathology 2002; 96: 338-43<\/li>\n<li>Wang N, Emancipator SN, Rose P, Rodriguez M, Abdul- Karim FW. Histologic follow-up of atypical endocervical cells. Liquid-based, thin-layer preparation vs. conventional Pap smear. Acta Cytol 2002; 46: 453-7<\/li>\n<\/ol>\n<p><a class=\"back\" href=\"#\">Retour au d\u00e9but<\/a><\/p>\n<\/div>\n<p>[\/vc_column_text][vc_column_text el_class=&#8221;back-to-top&#8221;]<strong><a href=\"#main\">Back to Top<\/a><\/strong>[\/vc_column_text][\/vc_column][vc_column width=&#8221;1\/3&#8243;][vc_widget_sidebar sidebar_id=&#8221;consulting-right-sidebar2&#8243;][\/vc_column][\/vc_row]<\/p>\n","protected":false},"excerpt":{"rendered":"<p>[vc_row][vc_column][vc_custom_heading text=&#8221;L\u00e9sions glandulaires &#8211; Suggestions de lectures&#8221; font_container=&#8221;tag:h2|text_align:center&#8221; use_theme_fonts=&#8221;yes&#8221;][\/vc_column][\/vc_row][vc_row][vc_column width=&#8221;2\/3&#8243;][vc_column_text] D\u00e9tection des affections glandulaires \u2013 \u00c9tudes publi\u00e9es La d\u00e9tection des l\u00e9sions glandulaires endocervicales repr\u00e9sente une fonction essentielle des frottis. N\u00e9anmoins, les cellules glandulaires anormales pr\u00e9sentes dans ces \u00e9chantillons peuvent \u00e9galement provenir de l&#8217;endom\u00e8tre ou de sites extra-ut\u00e9rins. Les frottis ne permettent pas de d\u00e9tecter ces<\/p>\n","protected":false},"author":7,"featured_media":0,"parent":0,"menu_order":0,"comment_status":"closed","ping_status":"closed","template":"","meta":{"ngg_post_thumbnail":0,"footnotes":""},"class_list":["post-11200","page","type-page","status-publish","hentry"],"_links":{"self":[{"href":"https:\/\/dev.cytologystuff.com\/fr\/wp-json\/wp\/v2\/pages\/11200","targetHints":{"allow":["GET"]}}],"collection":[{"href":"https:\/\/dev.cytologystuff.com\/fr\/wp-json\/wp\/v2\/pages"}],"about":[{"href":"https:\/\/dev.cytologystuff.com\/fr\/wp-json\/wp\/v2\/types\/page"}],"author":[{"embeddable":true,"href":"https:\/\/dev.cytologystuff.com\/fr\/wp-json\/wp\/v2\/users\/7"}],"replies":[{"embeddable":true,"href":"https:\/\/dev.cytologystuff.com\/fr\/wp-json\/wp\/v2\/comments?post=11200"}],"version-history":[{"count":0,"href":"https:\/\/dev.cytologystuff.com\/fr\/wp-json\/wp\/v2\/pages\/11200\/revisions"}],"wp:attachment":[{"href":"https:\/\/dev.cytologystuff.com\/fr\/wp-json\/wp\/v2\/media?parent=11200"}],"curies":[{"name":"wp","href":"https:\/\/api.w.org\/{rel}","templated":true}]}}