{"id":11068,"date":"2017-09-04T18:53:04","date_gmt":"2017-09-04T18:53:04","guid":{"rendered":"https:\/\/cytologystuff1.wpengine.com\/gyn-atlas-table-of-contents\/endometrial-adenocarcinoma\/"},"modified":"2017-11-15T10:30:45","modified_gmt":"2017-11-15T10:30:45","slug":"endometrial-adenocarcinoma","status":"publish","type":"page","link":"https:\/\/dev.cytologystuff.com\/fr\/gyn-atlas-table-of-contents\/endometrial-adenocarcinoma\/","title":{"rendered":"ANOMALIES CELLULAIRES \u00c9PITH\u00c9LIALES"},"content":{"rendered":"<p>[vc_row 0=&#8221;&#8221;][vc_column 0=&#8221;&#8221; offset=&#8221;vc_hidden-lg vc_hidden-md&#8221;][vc_raw_html 0=&#8221;&#8221;]PGNlbnRlcj48YSBjbGFzcz0ic2hpZnRuYXYtdG9nZ2xlIHNoaWZ0bmF2LXRvZ2dsZS1idXR0b24iIGRhdGEtc2hpZnRuYXYtdGFyZ2V0PSJzaGlmdG5hdi1tYWluIj48aSBjbGFzcz0iZmEgZmEtYmFycyI+PC9pPiBUYWJsZSBvZiBDb250ZW50cyA8L2E+PC9jZW50ZXI+[\/vc_raw_html][\/vc_column][\/vc_row][vc_row][vc_column][vc_custom_heading text=&#8221;ANOMALIES CELLULAIRES \u00c9PITH\u00c9LIALES&#8221; font_container=&#8221;tag:h1|text_align:center&#8221; use_theme_fonts=&#8221;yes&#8221;][\/vc_column][\/vc_row][vc_row][vc_column width=&#8221;2\/3&#8243;][vc_column_text]<\/p>\n<p class=\"subhead\">ANOMALIES CELLULAIRES \u00c9PITH\u00c9LIALES<\/p>\n<p>         <strong>AD\u00c9NOCARCINOME ENDOM\u00c9TRIAL<br \/>\n<\/strong><br \/>\n\t\t<em>Luis A. Diaz-Rosario, MD<\/em><\/p>\n<p>L&#8217;ad\u00e9nocarcinome endom\u00e9trial repr\u00e9sente l&#8217;affection maligne gyn\u00e9cologique la plus r\u00e9pandue (2\/3 des cancers du col de l&#8217;ut\u00e9rus). D&#8217;un point de vue clinique, il se r\u00e9partit en deux types. Le type I (qui repr\u00e9sente 2\/3 des ad\u00e9nocarcinomes endom\u00e9triaux) touche g\u00e9n\u00e9ralement les femmes pr\u00e9- ou p\u00e9rim\u00e9nopaus\u00e9es avec ant\u00e9c\u00e9dents cliniques d&#8217;hyperoestrog\u00e9nie endog\u00e8ne ou exog\u00e8ne. Il \u00e9volue g\u00e9n\u00e9ralement vers un processus n\u00e9oplasique allant de l&#8217;hyperplasie \u00e0 l&#8217;ad\u00e9nocarcinome invasive bien diff\u00e9renci\u00e9. R\u00e9agissant habituellement \u00e0 l&#8217;hormonoth\u00e9rapie, son pronostic est meilleur que celui des tumeurs de type II. Le type II (qui repr\u00e9sente 1\/3 des ad\u00e9nocarcinomes endom\u00e9triaux) touche g\u00e9n\u00e9ralement les femmes post-m\u00e9nopaus\u00e9es sans hyperoestrog\u00e9nie. Il se pr\u00e9sente habituellement sous la forme de n\u00e9oplasmes mal diff\u00e9renci\u00e9s. Le diagnostic d&#8217;ad\u00e9nocarcinome bien ou mal diff\u00e9renci\u00e9 de l&#8217;endom\u00e8tre repose sur l&#8217;examen de cellules pr\u00e9lev\u00e9es dans le col de l&#8217;ut\u00e9rus. Que ce soit sur frottis conventionnel ou sur lame ThinPrep<sup>\u00ae<\/sup>, la pr\u00e9sentation cytologique de l&#8217;ad\u00e9nocarcinome endom\u00e9trial d\u00e9pend largement du grade et du type du n\u00e9oplasme. Comme les l\u00e9sions endom\u00e9triales ne sont pas pr\u00e9lev\u00e9es directement pour un test de Pap, les n\u00e9oplasmes de grade sup\u00e9rieur ont tendance \u00e0 exfolier davantage de cellules et \u00e0 \u00eatre plus \u00e9vidents. La distribution uniforme et la fixation liquide des cellules dans les \u00e9chantillons ThinPrep peuvent faciliter la d\u00e9tection des l\u00e9sions bien diff\u00e9renci\u00e9es, qui pr\u00e9sentent g\u00e9n\u00e9ralement un faible nombre de cellules anormales et des changements cellulaires subtils pr\u00e9coces.  <\/p>\n<p> M\u00eame s&#8217;il faut toujours les prendre en compte, les ant\u00e9c\u00e9dents de la patiente sont extr\u00eamement importants lorsqu&#8217;il s&#8217;agit d&#8217;identifier des cellules endom\u00e9triales sur le frottis. En effet, l&#8217;\u00e2ge de la patiente et ses ant\u00e9c\u00e9dents peuvent jouer un r\u00f4le important dans le diagnostic de cellules b\u00e9nignes, atypiques et franchement malignes. Un ad\u00e9nocarcinome endom\u00e9trial bien diff\u00e9renci\u00e9 peut s&#8217;av\u00e9rer cytologiquement complexe \u00e0 distinguer d&#8217;un endom\u00e8tre b\u00e9nin ou d&#8217;une hyperplasie endom\u00e9triale. Des \u00e9tudes et publications suppl\u00e9mentaires permettraient par cons\u00e9quent de mieux d\u00e9finir ces crit\u00e8res. <\/p>\n<p> Dans l&#8217;ad\u00e9nocarcinome endometrial, le degr\u00e9 d&#8217;atypie augmente avec le grade tumoral. Les cellules peuvent \u00eatre b\u00e9nignes \u00e0 franchement malignes. Dans les crit\u00e8res ci-dessous, nous d\u00e9crirons les caract\u00e9ristiques des cellules franchement malignes \u00e0 utiliser comme base cytologique. <\/p>\n<p>D&#8217;un point de vue cytologique, les n\u00e9oplasmes de type I pr\u00e9sentent des cellules endom\u00e9triales atypiques\/malignes sur un fond \u00e0 l&#8217;indice de maturation sup\u00e9rieur. \u00c0 l&#8217;inverse, les n\u00e9oplasmes de type II se pr\u00e9sentent g\u00e9n\u00e9ralement sur un fond atrophique. Sur les lames ThinPrep, les cellules endom\u00e9triales sont bien conserv\u00e9es et peuvent appara\u00eetre dans des groupements 3D encombr\u00e9s de taille variable et de petits amas plats contenant peu de cellules. Les cellules semblent g\u00e9n\u00e9ralement plus grandes que leurs homologues normales. Les bordures lisses, parfois festonn\u00e9es, des groupes leur conf\u00e8rent une configuration papillaire. Le cytoplasme est finement \u00e0 discr\u00e8tement vacuolis\u00e9. Certaines vacuoles plus grandes compriment le noyau sur un c\u00f4t\u00e9 de la cellule. On observe parfois une phagocytose des polynucl\u00e9aires. Les caract\u00e9ristiques nucl\u00e9aires d\u00e9pendent du grade de la tumeur. En g\u00e9n\u00e9ral, quand la tumeur devient moins diff\u00e9renci\u00e9e, le noyau a tendance \u00e0 se regrouper. On observe en outre une augmentation graduelle de la surface nucl\u00e9aire (\u00b5m\u00b2), de la taille et du nombre de nucl\u00e9oles, des irr\u00e9gularit\u00e9s dans la r\u00e9partition et une texture grossi\u00e8re de la chromatine, ainsi qu&#8217;un \u00e9paississement des membranes nucl\u00e9aires. <\/p>\n<p style=\"padding-left:7px\"><a href=\"javascript:void(0)\"  style=\"width:350px;display:block\"><img loading=\"lazy\" decoding=\"async\" src=\"\/images\/button27h.gif\" id=\"selfAssessImg\" width=\"350\" height=\"40\"><\/a><\/p>\n<p><a name=\"assess\"><\/a><br \/>\n<strong>Les crit\u00e8res cytologiques suivants permettent de d\u00e9tecter un ad\u00e9nocarcinome endom\u00e9trial sur des lames ThinPrep<sup>\u00ae<\/sup> : <\/strong> <\/p>\n<div class=\"highslide-gallery\">\n<strong>Rappel : Vous pouvez cliquer sur une image<br \/>\nde l&#8217;Atlas pour la voir dans un format plus grand.<\/strong><\/p>\n<div class=\"chartColumnCell\">\n\t\t\t  <a href=\"\/gallery\/images_large\/slide0194.jpg\" class=\"highslide\" onclick=\"return hs.expand(this)\"><br \/>\n\t<img decoding=\"async\" src=\"\/gallery\/images\/slide0194.jpg\" alt=\"Image 1\" border=\"0\" title=\"Click to enlarge\"><\/a><\/p>\n<div class=\"highslide-caption\">\n\t<strong>Ad\u00e9nocarcinome endom\u00e9trial<br \/>\n<\/strong><br \/>\nCellules principalement pr\u00e9sentes dans des groupes 3D bien conserv\u00e9s de taille variable, anisonucl\u00e9ose et superposition nucl\u00e9aire (encombrement), pr\u00e9sence \u00e9ventuelle de cellules isol\u00e9es. 60x\n<\/div><\/div>\n<div class=\"chartColumnShortCell\">\n\t<strong>Ad\u00e9nocarcinome endom\u00e9trial<br \/>\n<\/strong><br \/>\nCellules principalement pr\u00e9sentes dans des groupes 3D bien conserv\u00e9s de taille variable, anisonucl\u00e9ose et superposition nucl\u00e9aire (encombrement), pr\u00e9sence \u00e9ventuelle de cellules isol\u00e9es.<br \/>\n60x\n<\/div>\n<div class=\"newRow\"><\/div>\n<div class=\"chartColumnCell\">\n<a href=\"\/gallery\/images_large\/slide0195.jpg\" class=\"highslide\" onclick=\"return hs.expand(this)\"><br \/>\n\t<img decoding=\"async\" src=\"\/gallery\/images\/slide0195.jpg\" alt=\"Image 2\" border=\"0\" title=\"Click to enlarge\"><\/a><\/p>\n<div class=\"highslide-caption\">\n\t<strong>Ad\u00e9nocarcinome endom\u00e9trial<br \/>\n<\/strong><br \/>\nCytoplasme finement \u00e0 discr\u00e8tement vacuolis\u00e9 avec larges vacuoles fr\u00e9quentes. 60x<\/div>\n<\/div>\n<div class=\"chartColumnShortCell\">\n\t\t<strong>Ad\u00e9nocarcinome endom\u00e9trial<br \/>\n<\/strong><br \/>\nCytoplasme finement \u00e0 discr\u00e8tement vacuolis\u00e9 avec larges vacuoles fr\u00e9quentes.<br \/>\n60x<\/div>\n<\/div>\n<div class=\"newRow\"><\/div>\n<div class=\"chartColumnCell\">\n<a href=\"\/gallery\/images_large\/slide0196.jpg\" class=\"highslide\" onclick=\"return hs.expand(this)\"><br \/>\n\t<img decoding=\"async\" src=\"\/gallery\/images\/slide0196.jpg\" alt=\"Image 3\" border=\"0\" title=\"Click to enlarge\"><\/a><\/p>\n<div class=\"highslide-caption\">\n\t<strong>Ad\u00e9nocarcinome endom\u00e9trial<br \/>\n<\/strong><br \/>\nPhagocytose des polynucl\u00e9aires dans le cytoplasme. 60x<\/div>\n<\/div>\n<div class=\"chartColumnShortCell\">\n \t\t<strong>Ad\u00e9nocarcinome endom\u00e9trial<br \/>\n<\/strong><br \/>\nPhagocytose des polynucl\u00e9aires dans le cytoplasme.<br \/>\n60x<\/div>\n<div class=\"newRow\"><\/div>\n<div class=\"chartColumnCell\">\n<a href=\"\/gallery\/images_large\/slide0197.jpg\" class=\"highslide\" onclick=\"return hs.expand(this)\"><br \/>\n\t<img decoding=\"async\" src=\"\/gallery\/images\/slide0197.jpg\" alt=\"Image 4\" border=\"0\" title=\"Click to enlarge\"><\/a><\/p>\n<div class=\"highslide-caption\">\n\t<strong>Ad\u00e9nocarcinome endom\u00e9trial<br \/>\n<\/strong><br \/>\nCellules g\u00e9n\u00e9ralement plus grandes que leurs homologues normales. 60x<\/div>\n<\/div>\n<div class=\"chartColumnShortCell\">\n\t<strong>Ad\u00e9nocarcinome endom\u00e9trial<br \/>\n<\/strong><br \/>\nCellules g\u00e9n\u00e9ralement plus grandes que leurs homologues normales.<br \/>\n60x<\/div>\n<div class=\"newRow\"><\/div>\n<div class=\"chartColumnCell\">\n<a href=\"\/gallery\/images_large\/slide0198.jpg\" class=\"highslide\" onclick=\"return hs.expand(this)\"><br \/>\n\t<img decoding=\"async\" src=\"\/gallery\/images\/slide0198.jpg\" alt=\"Image 5\" border=\"0\" title=\"Click to enlarge\"><\/a><\/p>\n<div class=\"highslide-caption\">\n\t<strong>Ad\u00e9nocarcinome endom\u00e9trial<br \/>\n<\/strong><br \/>\nNoyaux &#8220;regroup\u00e9s&#8221; par rapport \u00e0 leurs homologues normaux. 60x<\/div>\n<\/div>\n<div class=\"chartColumnShortCell\">\n \t<strong>Ad\u00e9nocarcinome endom\u00e9trial<br \/>\n<\/strong><br \/>\nNoyaux &#8220;regroup\u00e9s&#8221; par rapport \u00e0 leurs homologues normaux.<br \/>\n60x<\/div>\n<div class=\"newRow\"><\/div>\n<div class=\"chartColumnCell\">\n<a href=\"\/gallery\/images_large\/slide0199.jpg\" class=\"highslide\" onclick=\"return hs.expand(this)\"><br \/>\n\t<img decoding=\"async\" src=\"\/gallery\/images\/slide0199.jpg\" alt=\"Image 6\" border=\"0\" title=\"Click to enlarge\"><\/a><\/p>\n<div class=\"highslide-caption\">\n\t<strong>Ad\u00e9nocarcinome endom\u00e9trial<\/strong><br \/>\nMembranes nucl\u00e9aires \u00e9paissies. 60x<\/div>\n<\/div>\n<div class=\"chartColumnShortCell\">\n \t<strong>Ad\u00e9nocarcinome endom\u00e9trial<br \/>\n<\/strong><br \/>\nMembranes nucl\u00e9aires \u00e9paissies.<br \/>\n60x<\/div>\n<div class=\"newRow\"><\/div>\n<div class=\"chartColumnCell\">\n<a href=\"\/gallery\/images_large\/slide0200.jpg\" class=\"highslide\" onclick=\"return hs.expand(this)\"><br \/>\n\t<img decoding=\"async\" src=\"\/gallery\/images\/slide0200.jpg\" alt=\"Image 7\" border=\"0\" title=\"Click to enlarge\"><\/a><\/p>\n<div class=\"highslide-caption\">\n\t<strong>Ad\u00e9nocarcinome endom\u00e9trial<br \/>\n<\/strong><br \/>\nChromatine en motte et r\u00e9partition non homog\u00e8ne. 60x<\/div>\n<\/div>\n<div class=\"chartColumnShortCell\">\n\t<strong>Ad\u00e9nocarcinome endom\u00e9trial<br \/>\n<\/strong><br \/>\nChromatine en motte et r\u00e9partition non homog\u00e8ne.<br \/>\n60x<\/div>\n<div class=\"newRow\"><\/div>\n<div class=\"chartColumnCell\">\n<a href=\"\/gallery\/images_large\/slide0201.jpg\" class=\"highslide\" onclick=\"return hs.expand(this)\"><br \/>\n\t<img decoding=\"async\" src=\"\/gallery\/images\/slide0201.jpg\" alt=\"Image 3\" border=\"0\" title=\"Click to enlarge\"><\/a><\/p>\n<div class=\"highslide-caption\">\n\t<strong>Ad\u00e9nocarcinome endom\u00e9trial<br \/>\n<\/strong><br \/>\nNucl\u00e9oles courants, de fr\u00e9quence\/taille\/nombre variables. 60x<\/div>\n<\/div>\n<div class=\"chartColumnShortCell\">\n \t<strong>Ad\u00e9nocarcinome endom\u00e9trial<\/strong><br \/>\nNucl\u00e9oles courants, de fr\u00e9quence\/taille\/nombre variables.<br \/>\n60x<\/div>\n<div class=\"newRow\"><\/div>\n<p>La m\u00e9thode ThinPrep<sup>\u00ae<\/sup> permet de conserver les indices contextuels observ\u00e9s dans le fond de ces l\u00e9sions. La diath\u00e8se tumorale, le plus souvent observ\u00e9e sous la forme d&#8217;une diath\u00e8se s\u00e9reuse sur les frottis conventionnels, se pr\u00e9sente sous forme de d\u00e9bris granulaires en motte sur les lames Thin Prep<sup>\u00ae<\/sup> (les d\u00e9tails cellulaires sont ainsi nettement visibles).<\/p>\n<div class=\"newRow\"><\/div>\n<div class=\"chartColumnCell\">\n<a href=\"\/gallery\/images_large\/slide0202.jpg\" class=\"highslide\" onclick=\"return hs.expand(this)\"><br \/>\n\t<img decoding=\"async\" src=\"\/gallery\/images\/slide0202.jpg\" alt=\"Image 8\" border=\"0\" title=\"Click to enlarge\"><\/a><\/p>\n<div class=\"highslide-caption\">\n\t<strong>Ad\u00e9nocarcinome endom\u00e9trial<br \/>\n<\/strong><br \/>\nDiath\u00e8se tumorale et cellules malignes isol\u00e9es. 60x<\/div>\n<\/div>\n<div class=\"chartColumnShortCell\">\n \t<strong>Ad\u00e9nocarcinome endom\u00e9trial<br \/>\n<\/strong><br \/>\nDiath\u00e8se tumorale et cellules malignes isol\u00e9es.<br \/>\n60x<\/div>\n<div class=\"newRow\"><\/div>\n<div class=\"chartColumnCell\">\n<a href=\"\/gallery\/images_large\/slide0206.jpg\" class=\"highslide\" onclick=\"return hs.expand(this)\"><br \/>\n\t<img decoding=\"async\" src=\"\/gallery\/images\/slide0206.jpg\" alt=\"Image 9\" border=\"0\" title=\"Click to enlarge\"><\/a><\/p>\n<div class=\"highslide-caption\">\n <strong>Ad\u00e9nocarcinome endom\u00e9trial<\/strong><br \/>\nGroupes de cellules d&#8217;un ad\u00e9nocarcinome endom\u00e9trial accompagn\u00e9 de diath\u00e8se tumorale. 60x<\/div>\n<\/div>\n<div class=\"chartColumnShortCell\">\n \t<strong>Ad\u00e9nocarcinome endom\u00e9trial<\/strong><br \/>\nGroupes de cellules d&#8217;un ad\u00e9nocarcinome endom\u00e9trial accompagn\u00e9 de diath\u00e8se tumorale.<br \/>\n60x<\/div>\n<div class=\"newRow\"><\/div>\n<p class=\"subhead\">Entit\u00e9s semblables <\/p>\n<p>L&#8217;ad\u00e9nocarcinome endometrial poss\u00e8de peu d&#8217;entit\u00e9s semblables, mais l&#8217;\u00e2ge et les ant\u00e9c\u00e9dents de la patiente peuvent faciliter les diagnostics diff\u00e9rentiels. De type sp\u00e9cifiquement endom\u00e9trio\u00efde, l&#8217;ad\u00e9nocarcinome endom\u00e9trial peut ressembler \u00e0 l&#8217;ad\u00e9nocarcinome endocervical. Il peut se pr\u00e9senter sous forme d&#8217;un amas plut\u00f4t que sous une forme papillaire globale totale. L&#8217;ad\u00e9nocarcinome endom\u00e9trio\u00efde peut \u00eatre complexe \u00e0 distinguer s&#8217;il si\u00e8ge principalement dans l&#8217;ut\u00e9rus et s&#8217;\u00e9tend dans le col (ou vice versa). <\/p>\n<p>En raison de la petite taille des cellules et de l&#8217;absence de cytoplasme, le SCC \u00e0 petites cellules repr\u00e9sente une autre entit\u00e9 semblable potentielle de l&#8217;ad\u00e9nocarcinome endom\u00e9trial.  <\/p>\n<p>Note : Les cellules endom\u00e9triales observ\u00e9es dans l&#8217;hyperplasie et l&#8217;hyperplasie atypique peuvent \u00eatre difficiles \u00e0 diff\u00e9rencier d&#8217;un n\u00e9oplasme (voir la section sur la cat\u00e9gorie AGUS).  <\/p>\n<table class=\"chart\">\n<tbody>\n<tr class=\"chart\">\n<td width=\"152\"><\/td>\n<td width=\"136\" class=\"heading\">\tAd\u00e9nocarcinome endom\u00e9trial <\/td>\n<td width=\"136\" class=\"heading\">Ad\u00e9nocarcinome endocervical  <\/td>\n<td width=\"88\" class=\"heading\">\tSCC \u00c0 PETITES CELLULES<\/td>\n<\/tr>\n<tr>\n<td class=\"chart\">Pr\u00e9sentation tissulaire<\/td>\n<td class=\"chart\">Petits groupes l\u00e2ches, billes cellulaires (groupes 3D) et larges amas dans les tumeurs mal diff\u00e9renci\u00e9es <\/td>\n<td class=\"chart\">Quelques cellules isol\u00e9es, bandes, rosettes et amas\/groupes 2D avec bordures bien d\u00e9finies (festonn\u00e9es) <\/td>\n<td class=\"chart\">Cellules isol\u00e9es et agr\u00e9gats ou disposition en syncytium. Plate, moins de groupes. <\/td>\n<\/tr>\n<tr class=\"chart\">\n<td class=\"chart\">Cytoplasme<\/td>\n<td class=\"chart\">Finement \u00e0 discr\u00e8tement vacuolis\u00e9 avec certaines vacuoles larges, rapport N\/C 2:1 \u00e0 cytoplasme tr\u00e8s peu abondant <\/td>\n<td class=\"chart\">Finement vacuolis\u00e9 avec vacuoles discr\u00e8tes isol\u00e9es occasionnelles, rapport N\/C 2:1   <\/td>\n<td class=\"chart\">Cytoplasme rare et finement vacuolis\u00e9 ou d\u00e9licat.<\/td>\n<\/tr>\n<tr>\n<td class=\"chart\">Noyau<\/td>\n<td class=\"chart\">L\u00e9g\u00e8re augmentation \u00e0 augmentation de la taille (l\u00e9g\u00e8rement plus grande que le noyau des cellules interm\u00e9diaires), g\u00e9n\u00e9ralement rond \u00e0 ovale <\/td>\n<td class=\"chart\">Augmentation de la taille (3 \u00e0 4 fois plus grande que le noyau des cellules interm\u00e9diaires), rond \u00e0 ovale  <\/td>\n<td class=\"chart\">G\u00e9n\u00e9ralement rond \u00e0 ovale et occupant jusqu&#8217;\u00e0 95 % du cytoplasme. Formes pycnotiques possibles\t<\/td>\n<\/tr>\n<tr class=\"chart\">\n<td class=\"chart\">Membrane nucl\u00e9aire<\/td>\n<td class=\"chart\">\tLisse, \u00e9paissie <\/td>\n<td class=\"chart\"> Lisse \u00e0 irr\u00e9guli\u00e8re (ondulante), \u00e9paissie <\/td>\n<td class=\"chart\">Lisse \u00e0 irr\u00e9guli\u00e8re, \u00e9paissie<\/td>\n<\/tr>\n<tr>\n<td class=\"chart\">Chromatine <\/td>\n<td class=\"chart\">Grossi\u00e8re, r\u00e9partition homog\u00e8ne, \u00e9limination de la parachromatine, l\u00e9g\u00e8re hyperchromasie  <\/td>\n<td class=\"chart\">Grossi\u00e8re, granulaire et hyperchromatique (grise)<\/td>\n<td class=\"chart\">Grossi\u00e8re et hyperchromatique, parfois finement granulaire, r\u00e9partition homog\u00e8ne<\/td>\n<\/tr>\n<tr class=\"chart\">\n<td class=\"chart\">Nucl\u00e9oles <\/td>\n<td class=\"chart\">Isol\u00e9s \u00e0 multiples, r\u00e9guliers, non pr\u00e9sents dans toutes les cellules <\/td>\n<td class=\"chart\">  Nombreux, pro\u00e9minents, lisses \u00e0 irr\u00e9guliers, isol\u00e9s \u00e0 multiples <\/td>\n<td class=\"chart\">Souvent pr\u00e9sents, petits, parfois multiples<\/td>\n<\/tr>\n<\/tbody>\n<\/table>\n<div class=\"chartColumnCell\">\n<a href=\"\/gallery\/images_large\/slide0203.jpg\" class=\"highslide\" onclick=\"return hs.expand(this)\"><br \/>\n\t<img decoding=\"async\" src=\"\/gallery\/images\/slide0203.jpg\" alt=\"Image 10\" border=\"0\" title=\"Click to enlarge\"><\/a><\/p>\n<div class=\"highslide-caption\">\n\t<strong>Entit\u00e9 semblable<\/strong><br \/>\nAd\u00e9nocarcinome endom\u00e9trial 60x<\/div>\n<\/div>\n<div class=\"chartColumnShortCell\">\n <strong>Entit\u00e9 semblable<\/strong><br \/>\nAd\u00e9nocarcinome endom\u00e9trial<br \/>\n60x<\/div>\n<div class=\"newRow\"><\/div>\n<div class=\"chartColumnCell\">\n<a href=\"\/gallery\/images_large\/slide0204.jpg\" class=\"highslide\" onclick=\"return hs.expand(this)\"><br \/>\n\t<img decoding=\"async\" src=\"\/gallery\/images\/slide0204.jpg\" alt=\"Image 11\" border=\"0\" title=\"Click to enlarge\"><\/a><\/p>\n<div class=\"highslide-caption\">\n\t<strong>Entit\u00e9 semblable<\/strong><br \/>\nAd\u00e9nocarcinome endocervical 60x<\/div>\n<\/div>\n<div class=\"chartColumnShortCell\">\n \t<strong>Entit\u00e9 semblable<\/strong><br \/>\nAd\u00e9nocarcinome endocervical<br \/>\n60x<\/div>\n<div class=\"newRow\"><\/div>\n<div class=\"chartColumnCell\">\n<a href=\"\/gallery\/images_large\/slide0205.jpg\" class=\"highslide\" onclick=\"return hs.expand(this)\"><br \/>\n\t<img decoding=\"async\" src=\"\/gallery\/images\/slide0205.jpg\" alt=\"Image 12\" border=\"0\" title=\"Click to enlarge\"><\/a><\/p>\n<div class=\"highslide-caption\">\n\t<strong>Entit\u00e9 semblable<\/strong><br \/>\nSCC 60x<\/div>\n<\/div>\n<div class=\"chartColumnShortCell\">\n \t<strong>Entit\u00e9 semblable<\/strong><br \/>\nSCC<br \/>\n60x<\/div>\n<div class=\"newRow\"><\/div>\n<p> <a name=\"readings\"><\/a><strong>SUGGESTIONS DE LECTURES :<\/strong><\/p>\n<ol class=\"normal\">\n<li>DeMay RM: The Art &amp; Science of Cytopathology. Chicago, IL. ASCP Press, 1996, pp 122-127.\n  <\/li>\n<li>Guidos BJ et al: Detection of endometrial adenocarcinoma with the ThinPrep Pap test. Acta Cytol 1999; 43(5): 903.\n  <\/li>\n<li>Johnson JE et al: Endocervical glandular neoplasia and its mimics in ThinPrep Pap tests. A descriptive study. Acta Cytol 1999;43(3):369-75.\n<\/li>\n<li>Papillo J et al: Increased specificity in the detection of glandular lesions: Decreased false positive AGUS with ThinPrep Pap tests. Acta Cytol 1999; 43(5): 902.  <\/li>\n<li>Tao L-C: Cytopathology of the Endometrium Direct Intrauterine Sampling. Chicago, IL. ASCP Press, 1993, pp 71-107.  <\/li>\n<\/ol>\n<p><a href=\"#top\">Retour au d\u00e9but<\/a><\/p>\n<p>[\/vc_column_text][vc_column_text el_class=&#8221;back-to-top&#8221;]<strong><a href=\"#main\">Back to Top<\/a><\/strong>[\/vc_column_text][\/vc_column][vc_column width=&#8221;1\/3&#8243; offset=&#8221;vc_hidden-sm vc_hidden-xs&#8221;][vc_widget_sidebar sidebar_id=&#8221;consulting-right-sidebar&#8221;][\/vc_column][\/vc_row]<\/p>\n","protected":false},"excerpt":{"rendered":"<p>[vc_row 0=&#8221;&#8221;][vc_column 0=&#8221;&#8221; offset=&#8221;vc_hidden-lg vc_hidden-md&#8221;][vc_raw_html 0=&#8221;&#8221;]PGNlbnRlcj48YSBjbGFzcz0ic2hpZnRuYXYtdG9nZ2xlIHNoaWZ0bmF2LXRvZ2dsZS1idXR0b24iIGRhdGEtc2hpZnRuYXYtdGFyZ2V0PSJzaGlmdG5hdi1tYWluIj48aSBjbGFzcz0iZmEgZmEtYmFycyI+PC9pPiBUYWJsZSBvZiBDb250ZW50cyA8L2E+PC9jZW50ZXI+[\/vc_raw_html][\/vc_column][\/vc_row][vc_row][vc_column][vc_custom_heading text=&#8221;ANOMALIES CELLULAIRES \u00c9PITH\u00c9LIALES&#8221; font_container=&#8221;tag:h1|text_align:center&#8221; use_theme_fonts=&#8221;yes&#8221;][\/vc_column][\/vc_row][vc_row][vc_column width=&#8221;2\/3&#8243;][vc_column_text] ANOMALIES CELLULAIRES \u00c9PITH\u00c9LIALES AD\u00c9NOCARCINOME ENDOM\u00c9TRIAL Luis A. Diaz-Rosario, MD L&#8217;ad\u00e9nocarcinome endom\u00e9trial repr\u00e9sente l&#8217;affection maligne gyn\u00e9cologique la plus r\u00e9pandue (2\/3 des cancers du col de l&#8217;ut\u00e9rus). D&#8217;un point de vue clinique, il se r\u00e9partit en deux types. Le type I (qui repr\u00e9sente 2\/3 des<\/p>\n","protected":false},"author":7,"featured_media":0,"parent":1888,"menu_order":0,"comment_status":"closed","ping_status":"closed","template":"","meta":{"ngg_post_thumbnail":0,"footnotes":""},"class_list":["post-11068","page","type-page","status-publish","hentry"],"_links":{"self":[{"href":"https:\/\/dev.cytologystuff.com\/fr\/wp-json\/wp\/v2\/pages\/11068","targetHints":{"allow":["GET"]}}],"collection":[{"href":"https:\/\/dev.cytologystuff.com\/fr\/wp-json\/wp\/v2\/pages"}],"about":[{"href":"https:\/\/dev.cytologystuff.com\/fr\/wp-json\/wp\/v2\/types\/page"}],"author":[{"embeddable":true,"href":"https:\/\/dev.cytologystuff.com\/fr\/wp-json\/wp\/v2\/users\/7"}],"replies":[{"embeddable":true,"href":"https:\/\/dev.cytologystuff.com\/fr\/wp-json\/wp\/v2\/comments?post=11068"}],"version-history":[{"count":0,"href":"https:\/\/dev.cytologystuff.com\/fr\/wp-json\/wp\/v2\/pages\/11068\/revisions"}],"up":[{"embeddable":true,"href":"https:\/\/dev.cytologystuff.com\/fr\/wp-json\/wp\/v2\/pages\/1888"}],"wp:attachment":[{"href":"https:\/\/dev.cytologystuff.com\/fr\/wp-json\/wp\/v2\/media?parent=11068"}],"curies":[{"name":"wp","href":"https:\/\/api.w.org\/{rel}","templated":true}]}}