{"id":2186,"date":"2017-08-01T13:59:18","date_gmt":"2017-08-01T13:59:18","guid":{"rendered":"http:\/\/cytologystuff1.wpengine.com\/radiation-gallery\/"},"modified":"2017-11-15T12:05:02","modified_gmt":"2017-11-15T12:05:02","slug":"radiation-gallery","status":"publish","type":"page","link":"https:\/\/dev.cytologystuff.com\/es\/radiation-gallery\/","title":{"rendered":"Galer\u00eda de radiaci\u00f3n"},"content":{"rendered":"<p>[vc_row 0=&#8221;&#8221;][vc_column 0=&#8221;&#8221; offset=&#8221;vc_hidden-lg vc_hidden-md&#8221;][vc_raw_html 0=&#8221;&#8221;]PGNlbnRlcj48YSBjbGFzcz0ic2hpZnRuYXYtdG9nZ2xlIHNoaWZ0bmF2LXRvZ2dsZS1idXR0b24iIGRhdGEtc2hpZnRuYXYtdGFyZ2V0PSJzaGlmdG5hdi1tYWluIj48aSBjbGFzcz0iZmEgZmEtYmFycyI+PC9pPiBUYWJsZSBvZiBDb250ZW50cyA8L2E+PC9jZW50ZXI+[\/vc_raw_html][\/vc_column][\/vc_row][vc_row][vc_column][vc_custom_heading text=&#8221;Galer\u00eda de radiaci\u00f3n&#8221; font_container=&#8221;tag:h1|text_align:center&#8221; use_theme_fonts=&#8221;yes&#8221;][\/vc_column][\/vc_row][vc_row][vc_column width=&#8221;2\/3&#8243;][vc_column_text]<\/p>\n<p class=\"subhead\">Galer\u00eda de radiaci\u00f3n<\/p>\n<p>           <a name=\"back\"><\/a><br \/>\n  <strong> Discusi\u00f3n  <\/strong><br \/> <br \/>\n    El tratamiento de radiaci\u00f3n de las lesiones malignas en el tracto genital femenina da\u00f1a el epitelio provocando ulceraci\u00f3n que puede imitar citol\u00f3gicamente a una displasia o un carcinoma. La extensi\u00f3n de este traumatismo depende del tipo y la duraci\u00f3n de la terapia, Por lo tanto los cambios celulares pueden resolverse en seis meses o persistir durante toda la vida. Algunos agentes quimioterap\u00e9uticos pueden tambi\u00e9n producir cambios celulares similares, haciendo de la historia del paciente una herramienta imprescindible. Se diagnostica una displasia Post-radiaci\u00f3n (PRD) en m\u00e1s del 23% de pacientes con una atipia parecida a la de los pacientes no irradiados. Considerando las dificultades de diferenciar la displasia post-radiaci\u00f3n del carcinoma recurrente, se recomiendan la colposcopia y la biopsia para descartar este \u00faltimo. <\/p>\n<p><strong>  Citolog\u00eda<\/strong><br \/>\n    La Citomegalia es el cambio m\u00e1s conocido relacionado con la radiaci\u00f3n. Las c\u00e9lulas citomeg\u00e1licas tienen nucleos aumentados de tama\u00f1o y\/o m\u00faltiples. Y citoplasma abundante mientras que mantienen una relaci\u00f3n N\/C relativamente normal. Los n\u00facleos pueden ser p\u00e1lidos y la cromatina puede ser finamente granular a emborronada con posibles micro y macronucleolos y vacuolas. El citoplasma puede mostrar bicromasia y vacuolas, con o sin polimorfos engullidos. Las formas celulares bizarras tambi\u00e9n pueden aparecer. El fondo de estas muestras contendr\u00e1 sangre degenerada que aparece &#8220;fibrosa&#8221;, con restos celulares, polis e histiocitos. Se observan frecuentemente cambios reparativos y aparecen en placas cohesivas de una sola capa, con n\u00facleos p\u00e1lidos y nucleolos prominentes. Aparecen fibroblastos irradiados y tienen citoplasmas delicados con vacuolas y proyecciones citoplasm\u00e1ticas. Los nucleos son p\u00e1lidos, finamente granulares con posibles nucleolos. Las c\u00e9lulas tumorales degeneradas se pueden observar en las muestras iniciales siguientes a la radiaci\u00f3n   <\/p>\n<div class=\"highslide-gallery\">\n<strong>Nota: Puede clicar en cualquier imagen del<br \/>\nAtlas para ver la imagen aumentada<\/strong><\/p>\n<div class=\"chartColumnCell\">\n <a href=\"\/gallery\/images_large\/slide0771.jpg\" class=\"highslide\" onclick=\"return hs.expand(this)\"><br \/>\n\t<img decoding=\"async\" src=\"\/gallery\/images\/slide0771.jpg\" alt=\"Image 2\" border=\"0\" title=\"Click to enlarge\"><\/a><\/p>\n<div class=\"highslide-caption\">\n\t<strong>Citomegalia <\/strong><br \/>\nC\u00e9lula citomeg\u00e1lica con m\u00faltiples n\u00facleos aumentados y citoplasma abundante Comparar el tama\u00f1o con las c\u00e9lulas normales.<br \/>\n20x\n<\/div>\n<\/div>\n<div class=\"chartColumnShortCell\">\n        \t<strong>Citomegalia <\/strong><br \/>\nC\u00e9lula citomeg\u00e1lica con m\u00faltiples n\u00facleos aumentados y citoplasma abundante Comparar el tama\u00f1o con las c\u00e9lulas normales.<br \/>\n20x\n<\/div>\n<div class=\"newRow\"><\/div>\n<div class=\"chartColumnCell\">\n<a href=\"\/gallery\/images_large\/slide0772.jpg\" class=\"highslide\" onclick=\"return hs.expand(this)\"><br \/>\n\t<img decoding=\"async\" src=\"\/gallery\/images\/slide0772.jpg\" alt=\"Image 3\" border=\"0\" title=\"Click to enlarge\"><\/a><\/p>\n<div class=\"highslide-caption\">\n<strong>Citomegalia <\/strong><br \/>\nC\u00e9lula citomeg\u00e1lica mostrando bicromasia y m\u00faltiples vacuolas citoplasm\u00e1ticas.<br \/>\n20x\n<\/div>\n<\/div>\n<div class=\"chartColumnShortCell\">\n        \t<strong>Citomegalia <\/strong><br \/>\nC\u00e9lula citomeg\u00e1lica mostrando bicromasia y m\u00faltiples vacuolas citoplasm\u00e1ticas.<br \/>\n20x\n<\/div>\n<div class=\"newRow\"><\/div>\n<div class=\"chartColumnCell\">\n<a href=\"\/gallery\/images_large\/slide0773.jpg\" class=\"highslide\" onclick=\"return hs.expand(this)\"><br \/>\n\t<img decoding=\"async\" src=\"\/gallery\/images\/slide0773.jpg\" alt=\"Image 4\" border=\"0\" title=\"Click to enlarge\"><\/a><\/p>\n<div class=\"highslide-caption\">\n<strong>C\u00e9lulas bizarras <\/strong><br \/>\nFormas celulares bizarras con polis ingeridos. Observar el macronucleolo irregular.<br \/>\n20x\n<\/div>\n<\/div>\n<div class=\"chartColumnShortCell\">\n <strong> C\u00e9lulas bizarras <\/strong><br \/>\nFormas celulares bizarras con polis ingeridos. Observar el macronucleolo irregular.<br \/>\n20x\n<\/div>\n<div class=\"newRow\"><\/div>\n<div class=\"chartColumnCell\">\n<a href=\"\/gallery\/images_large\/slide0774.jpg\" class=\"highslide\" onclick=\"return hs.expand(this)\"><br \/>\n\t<img decoding=\"async\" src=\"\/gallery\/images\/slide0774.jpg\" alt=\"Image 5\" border=\"0\" title=\"Click to enlarge\"><\/a><\/p>\n<div class=\"highslide-caption\">\n\t<strong>Citomegalia <\/strong><br \/>\nLas formas citomeg\u00e1licas y las formas bizarras en un fondo Inflamatorio.<br \/>\n10x\n<\/div>\n<\/div>\n<div class=\"chartColumnShortCell\">\n        \t<strong>Citomegalia <\/strong><br \/>\nLas formas citomeg\u00e1licas y las formas bizarras en un fondo Inflamatorio.<br \/>\n10x\n<\/div>\n<div class=\"newRow\"><\/div>\n<div class=\"chartColumnCell\">\n<a href=\"\/gallery\/images_large\/slide0775.jpg\" class=\"highslide\" onclick=\"return hs.expand(this)\"><br \/>\n\t<img decoding=\"async\" src=\"\/gallery\/images\/slide0775.jpg\" alt=\"Image 5\" border=\"0\" title=\"Click to enlarge\"><\/a><\/p>\n<div class=\"highslide-caption\">\n\t<strong>Citomegalia <\/strong><br \/>\nCitomegalia debida a radiaci\u00f3n. Comparar el tama\u00f1o celular con los polis de alrededor.<br \/>\n20x\n<\/div>\n<\/div>\n<div class=\"chartColumnShortCell\">\n      <strong>Citomegalia <\/strong><br \/>\nCitomegalia debida a radiaci\u00f3n. Comparar el tama\u00f1o celular con los polis de alrededor.<br \/>\n20x\n<\/div>\n<div class=\"newRow\"><\/div>\n<div class=\"chartColumnCell\">\n<a href=\"\/gallery\/images_large\/slide0776.jpg\" class=\"highslide\" onclick=\"return hs.expand(this)\"><br \/>\n\t<img decoding=\"async\" src=\"\/gallery\/images\/slide0776.jpg\" alt=\"Image 5\" border=\"0\" title=\"Click to enlarge\"><\/a><\/p>\n<div class=\"highslide-caption\">\n<strong>Cambios Reparativos <\/strong><br \/>\nCambios reparativos en una placa en una sola capa. Observar la p\u00e1lida cromatina y los nucleolos.<br \/>\n20x\n<\/div>\n<\/div>\n<div class=\"chartColumnShortCell\">\n    <strong>Cambios Reparativos <\/strong><br \/>\nCambios reparativos en una placa en una sola capa. Observar la p\u00e1lida cromatina y los nucleolos.<br \/>\n20x\n<\/div>\n<div class=\"newRow\"><\/div>\n<div class=\"chartColumnCell\">\n<a href=\"\/gallery\/images_large\/slide0777.jpg\" class=\"highslide\" onclick=\"return hs.expand(this)\"><br \/>\n\t<img decoding=\"async\" src=\"\/gallery\/images\/slide0777.jpg\" alt=\"Image 5\" border=\"0\" title=\"Click to enlarge\"><\/a><\/p>\n<div class=\"highslide-caption\">\n\t<strong>Cambios por Radiaci\u00f3n <\/strong><br \/>\nCambios por radiaci\u00f3n presentes en un fondo inflamatorio.<br \/>\n20x\n<\/div>\n<\/div>\n<div class=\"chartColumnShortCell\">\n      <strong> Cambios por Radiaci\u00f3n <\/strong><br \/>\nCambios por radiaci\u00f3n presentes en un fondo inflamatorio.<br \/>\n20x\n<\/div>\n<div class=\"newRow\"><\/div>\n<div class=\"chartColumnCell\">\n<a href=\"\/gallery\/images_large\/slide0778.jpg\" class=\"highslide\" onclick=\"return hs.expand(this)\"><br \/>\n\t<img decoding=\"async\" src=\"\/gallery\/images\/slide0778.jpg\" alt=\"Image 5\" border=\"0\" title=\"Click to enlarge\"><\/a><\/p>\n<div class=\"highslide-caption\">\n        <strong>Cambios por Radiaci\u00f3n <\/strong><br \/>\nCambios por radiaci\u00f3n en un fondo con sangre y detritus con una apariencia fibrosa.<br \/>\n20x\n<\/div>\n<\/div>\n<div class=\"chartColumnShortCell\">\n      <strong>Cambios por Radiaci\u00f3n <\/strong><br \/>\nCambios por radiaci\u00f3n en un fondo con sangre y detritus con una apariencia fibrosa.<br \/>\n20x\n<\/div>\n<div class=\"newRow\"><\/div>\n<div class=\"chartColumnCell\">\n<a href=\"\/gallery\/images_large\/slide0779.jpg\" class=\"highslide\" onclick=\"return hs.expand(this)\"><br \/>\n\t<img decoding=\"async\" src=\"\/gallery\/images\/slide0779.jpg\" alt=\"Image 5\" border=\"0\" title=\"Click to enlarge\"><\/a><\/p>\n<div class=\"highslide-caption\">\n<strong>Fibroblastos <\/strong><br \/>\nFibroblastos con cromatina p\u00e1lida, nucleolo y citoplasma delicado.<br \/>\n40x\n<\/div>\n<\/div>\n<div class=\"chartColumnShortCell\">\n       <strong>Fibroblastos <\/strong><br \/>\nFibroblastos con cromatina p\u00e1lida, nucleolo y citoplasma delicado.<br \/>\n40x\n<\/div>\n<div class=\"newRow\"><\/div>\n<div class=\"chartColumnCell\">\n<a href=\"\/gallery\/images_large\/slide0780.jpg\" class=\"highslide\" onclick=\"return hs.expand(this)\"><br \/>\n\t<img decoding=\"async\" src=\"\/gallery\/images\/slide0780.jpg\" alt=\"Image 5\" border=\"0\" title=\"Click to enlarge\"><\/a><\/p>\n<div class=\"highslide-caption\">\n<strong>Grupo de Fibroblastos <\/strong><br \/>\nGrupo de Fibroblastos. Observar las proyecciones citoplasm\u00e1ticas.<br \/>\n20x\n<\/div>\n<\/div>\n<div class=\"chartColumnShortCell\">\n        \t<strong>Grupo de Fibroblastos <\/strong><br \/>\nGrupo de Fibroblastos. Observar las proyecciones citoplasm\u00e1ticas.<br \/>\n20x\n<\/div>\n<div class=\"newRow\"><\/div>\n<div class=\"chartColumnCell\">\n<a href=\"\/gallery\/images_large\/slide0781.jpg\" class=\"highslide\" onclick=\"return hs.expand(this)\"><br \/>\n\t<img decoding=\"async\" src=\"\/gallery\/images\/slide0781.jpg\" alt=\"Image 5\" border=\"0\" title=\"Click to enlarge\"><\/a><\/p>\n<div class=\"highslide-caption\">\n\t<strong>Fibroblastos <\/strong><br \/>\nA mayor aumento se observan los fibroblastos vistos anteriormente. La cromatina es p\u00e1lida y finamente granular.<br \/>\n60x\n<\/div>\n<\/div>\n<div class=\"chartColumnShortCell\">\n        \t<strong>Fibroblastos <\/strong><br \/>\nA mayor aumento se observan los fibroblastos vistos anteriormente. La cromatina es p\u00e1lida y finamente granular.<br \/>\n60x\n<\/div>\n<div class=\"newRow\"><\/div>\n<div class=\"chartColumnCell\">\n<a href=\"\/gallery\/images_large\/slide0782.jpg\" class=\"highslide\" normal=\"cytolysis\" onclick=\"return hs.expand(this)\"><br \/>\n\t<img decoding=\"async\" src=\"\/gallery\/images\/slide0782.jpg\" alt=\"Image 5\" border=\"0\" title=\"Click to enlarge\"><\/a><\/p>\n<div class=\"highslide-caption\">\n\t<strong>Carcinoma Escamoso <\/strong><br \/>\nCarcinoma Escamoso presente en una muestra post-radiaci\u00f3n Observar el fondo fibroso.<br \/>\n20x\n<\/div>\n<\/div>\n<div class=\"chartColumnShortCell\">\n        \t<strong>Carcinoma Escamoso <\/strong><br \/>\nCarcinoma Escamoso presente en una muestra post-radiaci\u00f3n Observar el fondo fibroso.<br \/>\n20x\n<\/div>\n<div class=\"newRow\"><\/div>\n<div class=\"chartColumnCell\">\n<a href=\"\/gallery\/images_large\/slide0783.jpg\" class=\"highslide\" onclick=\"return hs.expand(this)\"><br \/>\n\t<img decoding=\"async\" src=\"\/gallery\/images\/slide0783.jpg\" alt=\"Image 5\" border=\"0\" title=\"Click to enlarge\"><\/a><\/p>\n<div class=\"highslide-caption\">\n\t<strong>Carcinoma Escamoso <\/strong><br \/>\nA mayor aumento el grupo mostrado anteriormente. Variando los tama\u00f1os celulares y las formas con bordes nucleares irregulares y proyecciones. Presenta nucleolos prominentes.<br \/>\n60x<\/div>\n<\/div>\n<div class=\"chartColumnMediumCell\">\n      <strong>Carcinoma Escamoso <\/strong><br \/>\nA mayor aumento el grupo mostrado anteriormente. Variando los tama\u00f1os celulares y las formas con bordes nucleares irregulares y proyecciones. Presenta nucleolos prominentes.<br \/>\n60x\n<\/div>\n<div class=\"newRow\"><\/div>\n<div class=\"chartColumnCell\">\n<a href=\"\/gallery\/images_large\/slide0784.jpg\" class=\"highslide\" onclick=\"return hs.expand(this)\"><br \/>\n\t<img decoding=\"async\" src=\"\/gallery\/images\/slide0784.jpg\" alt=\"Image 5\" border=\"0\" title=\"Click to enlarge\"><\/a><\/p>\n<div class=\"highslide-caption\">\n\t<strong>Carcinoma Escamoso <\/strong><br \/>\nUn grupo diferente de Carcinoma Escamoso post-radiaci\u00f3n.<br \/>\n60x\n<\/div>\n<\/div>\n<div class=\"chartColumnShortCell\">\n       <strong>Carcinoma Escamoso <\/strong><br \/>\nUn grupo diferente de Carcinoma Escamoso post-radiaci\u00f3n.<br \/>\n60x\n<\/div>\n<div class=\"newRow\"><\/div>\n<div class=\"chartColumnCell\">\n<a href=\"\/gallery\/images_large\/slide0785.jpg\" class=\"highslide\" onclick=\"return hs.expand(this)\"><br \/>\n\t<img decoding=\"async\" src=\"\/gallery\/images\/slide0785.jpg\" alt=\"Image 5\" border=\"0\" title=\"Click to enlarge\"><\/a><\/p>\n<div class=\"highslide-caption\"><strong>Adenocarcinoma<\/strong><br \/>\nAdenocarcinoma en un ThinPrep post-radiaci\u00f3n. A bajo aumento se pueden observar los nucleolos prominentes y la variedad en tama\u00f1o nuclear.<br \/>\n20x\n<\/div>\n<\/div>\n<div class=\"chartColumnShortCell\">\n       <strong> Adenocarcinoma<\/strong><br \/>\nAdenocarcinoma en un ThinPrep post-radiaci\u00f3n. A bajo aumento se pueden observar los nucleolos prominentes y la variedad en tama\u00f1o nuclear.<br \/>\n20x\n<\/div>\n<div class=\"newRow\"><\/div>\n<div class=\"chartColumnCell\">\n<a href=\"\/gallery\/images_large\/slide0786.jpg\" class=\"highslide\" onclick=\"return hs.expand(this)\"><br \/>\n\t<img decoding=\"async\" src=\"\/gallery\/images\/slide0786.jpg\" alt=\"Image 5\" border=\"0\" title=\"Click to enlarge\"><\/a><\/p>\n<div class=\"highslide-caption\">\n\t<strong>Adenocarcinoma<\/strong><br \/>\nMayor aumento del grupo visto arriba. Observar los nucleolos irregular, cromatina agrupada y variedad en el tama\u00f1o nuclear.<br \/>\n40x\n<\/div>\n<\/div>\n<div class=\"chartColumnShortCell\">\n        \t<strong>Adenocarcinoma<\/strong><br \/>\nMayor aumento del grupo visto arriba. Observar los nucleolos irregular, cromatina agrupada y variedad en el tama\u00f1o nuclear.<br \/>\n40x\n<\/div>\n<div class=\"newRow\"><\/div>\n<div class=\"chartColumnCell\">\n<a href=\"\/gallery\/images_large\/slide0787.jpg\" class=\"highslide\" onclick=\"return hs.expand(this)\"><br \/>\n\t<img decoding=\"async\" src=\"\/gallery\/images\/slide0787.jpg\" alt=\"Image 5\" border=\"0\" title=\"Click to enlarge\"><\/a><\/p>\n<div class=\"highslide-caption\">\n\t<strong>Irregularidades nucleares<\/strong><br \/>\nAqu\u00ed se aprecian mejor las irregularidades nucleares. Algunas c\u00e9lulas tienen m\u00faltiples nucleolos.<br \/>\n60x\n<\/div>\n<\/div>\n<div class=\"chartColumnShortCell\">\n     <strong> Irregularidades nucleares<\/strong><br \/>\nAqu\u00ed se aprecian mejor las irregularidades nucleares. Algunas c\u00e9lulas tienen m\u00faltiples nucleolos.<br \/>\n60x\n<\/div>\n<\/div>\n<div class=\"newRow\"><\/div>\n<p><strong>Referencias:<\/strong><\/p>\n<ol class=\"normal\">\n<li> Atkinson\/Silverman: Atlas of Difficult Diagnoses in Cytopathology, 1998: 32, 57, 69, 79, 105.<\/li>\n<li>DeMay, R: Practical Principles of Cytopathology, 1999: 17.<\/li>\n<li> Nguyen\/Kline: Essentials of Exfoliative Cytology, 1992: 101-108. <\/li>\n<\/ol>\n<p><a href=\"#back\">Volver arriba<\/a><\/p>\n<p>[\/vc_column_text][\/vc_column][vc_column width=&#8221;1\/3&#8243; offset=&#8221;vc_hidden-sm vc_hidden-xs&#8221;][vc_widget_sidebar sidebar_id=&#8221;consulting-right-sidebar&#8221;][\/vc_column][\/vc_row]<\/p>\n","protected":false},"excerpt":{"rendered":"<p>[vc_row 0=&#8221;&#8221;][vc_column 0=&#8221;&#8221; offset=&#8221;vc_hidden-lg vc_hidden-md&#8221;][vc_raw_html 0=&#8221;&#8221;]PGNlbnRlcj48YSBjbGFzcz0ic2hpZnRuYXYtdG9nZ2xlIHNoaWZ0bmF2LXRvZ2dsZS1idXR0b24iIGRhdGEtc2hpZnRuYXYtdGFyZ2V0PSJzaGlmdG5hdi1tYWluIj48aSBjbGFzcz0iZmEgZmEtYmFycyI+PC9pPiBUYWJsZSBvZiBDb250ZW50cyA8L2E+PC9jZW50ZXI+[\/vc_raw_html][\/vc_column][\/vc_row][vc_row][vc_column][vc_custom_heading text=&#8221;Galer\u00eda de radiaci\u00f3n&#8221; font_container=&#8221;tag:h1|text_align:center&#8221; use_theme_fonts=&#8221;yes&#8221;][\/vc_column][\/vc_row][vc_row][vc_column width=&#8221;2\/3&#8243;][vc_column_text] Galer\u00eda de radiaci\u00f3n Discusi\u00f3n El tratamiento de radiaci\u00f3n de las lesiones malignas en el tracto genital femenina da\u00f1a el epitelio provocando ulceraci\u00f3n que puede imitar citol\u00f3gicamente a una displasia o un carcinoma. La extensi\u00f3n de este traumatismo depende del tipo y la duraci\u00f3n<\/p>\n","protected":false},"author":7,"featured_media":0,"parent":0,"menu_order":0,"comment_status":"closed","ping_status":"closed","template":"","meta":{"ngg_post_thumbnail":0,"footnotes":""},"class_list":["post-2186","page","type-page","status-publish","hentry"],"_links":{"self":[{"href":"https:\/\/dev.cytologystuff.com\/es\/wp-json\/wp\/v2\/pages\/2186","targetHints":{"allow":["GET"]}}],"collection":[{"href":"https:\/\/dev.cytologystuff.com\/es\/wp-json\/wp\/v2\/pages"}],"about":[{"href":"https:\/\/dev.cytologystuff.com\/es\/wp-json\/wp\/v2\/types\/page"}],"author":[{"embeddable":true,"href":"https:\/\/dev.cytologystuff.com\/es\/wp-json\/wp\/v2\/users\/7"}],"replies":[{"embeddable":true,"href":"https:\/\/dev.cytologystuff.com\/es\/wp-json\/wp\/v2\/comments?post=2186"}],"version-history":[{"count":0,"href":"https:\/\/dev.cytologystuff.com\/es\/wp-json\/wp\/v2\/pages\/2186\/revisions"}],"wp:attachment":[{"href":"https:\/\/dev.cytologystuff.com\/es\/wp-json\/wp\/v2\/media?parent=2186"}],"curies":[{"name":"wp","href":"https:\/\/api.w.org\/{rel}","templated":true}]}}