{"id":2179,"date":"2017-08-01T13:08:47","date_gmt":"2017-08-01T13:08:47","guid":{"rendered":"http:\/\/cytologystuff1.wpengine.com\/non-gyn-atlas\/urinary-tract-cytology-other-types-of-malignancies\/"},"modified":"2017-11-22T09:33:55","modified_gmt":"2017-11-22T09:33:55","slug":"urinary-tract-cytology-other-types-of-malignancies","status":"publish","type":"page","link":"https:\/\/dev.cytologystuff.com\/es\/non-gyn-atlas\/urinary-tract-cytology-other-types-of-malignancies\/","title":{"rendered":"Citolog\u00eda del Tracto Urinario"},"content":{"rendered":"<p>[vc_row 0=&#8221;&#8221;][vc_column 0=&#8221;&#8221; offset=&#8221;vc_hidden-lg vc_hidden-md&#8221;][vc_raw_html 0=&#8221;&#8221;]PGNlbnRlcj48YSBjbGFzcz0ic2hpZnRuYXYtdG9nZ2xlIHNoaWZ0bmF2LXRvZ2dsZS1idXR0b24iIGRhdGEtc2hpZnRuYXYtdGFyZ2V0PSJzaGlmdG5hdi1tYWluIj48aSBjbGFzcz0iZmEgZmEtYmFycyI+PC9pPiBUYWJsZSBvZiBDb250ZW50cyA8L2E+PC9jZW50ZXI+[\/vc_raw_html][\/vc_column][\/vc_row][vc_row][vc_column][vc_custom_heading text=&#8221;Citolog\u00eda del Tracto Urinario&#8221; font_container=&#8221;tag:h1|text_align:center&#8221; use_theme_fonts=&#8221;yes&#8221;][\/vc_column][\/vc_row][vc_row][vc_column width=&#8221;2\/3&#8243;][vc_column_text]<\/p>\n<div id=>\n<p class=\"subhead\">\nOTROS TIPOS DE LESIONES MALIGNAS <\/p>\n<p style=\"padding-left:7px\"><a href=\"javascript:void(0)\"  style=\"width:300px;display:block\"><img loading=\"lazy\" decoding=\"async\" src=\"\/images\/button27h.gif\" id=\"selfAssessImg\" width=\"400\" height=\"40\"><\/a><\/p>\n<div class=\"highslide-gallery\">\n<strong>Nota: Puede clicar en cualquier imagen del<br \/>\nAtlas para ver la imagen aumentada<\/strong><\/p>\n<div class=\"chartColumnCell\">\n<a href=\"\/gallery\/images_large\/slide0737.jpg\" class=\"highslide\" onclick=\"return hs.expand(this)\"><br \/>\n\t<img decoding=\"async\" src=\"\/gallery\/images\/slide0737.jpg\" alt=\"Image 2\" title=\"Click to enlarge\" border=\"0\"><\/a><\/p>\n<div class=\"highslide-caption\">\n<strong>Figura 55<\/strong><br \/>\n<br \/>\nOrina espont\u00e1nea<br \/>\nCarcinoma urotelial con diferenciaci\u00f3n escamosa. Las c\u00e9lulas escamosas malignas en una orina pueden venir de un carcinoma escamoso primario o de un carcinoma urotelial con diferenciaci\u00f3n escamosa.  20x <\/div>\n<\/div>\n<div class=\"chartColumnLongCell\">\n        <strong>Figura 55<br \/>\n        <\/strong><br \/>\nOrina espont\u00e1nea<br \/>\nCarcinoma urotelial con diferenciaci\u00f3n escamosa. Las c\u00e9lulas escamosas malignas en una orina pueden venir de un carcinoma escamoso primario o de un carcinoma urotelial con diferenciaci\u00f3n escamosa.<br \/>\n20x <\/div>\n<div class=\"newRow\"><\/div>\n<div class=\"chartColumnCell\">\n<a href=\"\/gallery\/images_large\/slide0738.jpg\" class=\"highslide\" onclick=\"return hs.expand(this)\"><br \/>\n\t<img decoding=\"async\" src=\"\/gallery\/images\/slide0738.jpg\" alt=\"Image 3\" title=\"Click to enlarge\" border=\"0\"><\/a><\/p>\n<div class=\"highslide-caption\">\n<strong>Figura 56<\/strong><br \/>\n<br \/>\nOrina espont\u00e1nea<br \/>\nCarcinoma urotelial con diferenciaci\u00f3n escamosa. Las c\u00e9lulas fusiformes queratinizadas y las formas en renacuajo indican una diferenciaci\u00f3n escamosa. 40x<\/div>\n<\/div>\n<div class=\"chartColumnLongCell\">\n \t<strong>Figura 56<br \/>\n \t<\/strong><br \/>\nOrina espont\u00e1nea<br \/>\nCarcinoma urotelial con diferenciaci\u00f3n escamosa. Las c\u00e9lulas fusiformes queratinizadas y las formas en renacuajo indican una diferenciaci\u00f3n escamosa.<br \/>\n40x<\/div>\n<div class=\"newRow\"><\/div>\n<div class=\"chartColumnCell\">\n<a href=\"\/gallery\/images_large\/slide0739.jpg\" class=\"highslide\" onclick=\"return hs.expand(this)\"><br \/>\n\t<img decoding=\"async\" src=\"\/gallery\/images\/slide0739.jpg\" alt=\"Image 3\" title=\"Click to enlarge\" border=\"0\"><\/a><\/p>\n<div class=\"highslide-caption\">\n<strong>Figura 57<br \/>\n<\/strong><br \/>\nOrina espont\u00e1nea<br \/>\nCarcinoma urotelial con diferenciaci\u00f3n escamosa. Los n\u00facleos del carcinoma escamoso muestran un marcado pleomorfismo y son densos e hipercrom\u00e1ticos.  60x<\/div>\n<\/div>\n<div class=\"chartColumnLongCell\">\n<strong>Figura 57<br \/>\n<\/strong><br \/>\nOrina espont\u00e1nea<br \/>\nCarcinoma urotelial con diferenciaci\u00f3n escamosa. Los n\u00facleos del carcinoma escamoso muestran un marcado pleomorfismo y son densos e hipercrom\u00e1ticos.<br \/>\n60x <\/div>\n<div class=\"newRow\"><\/div>\n<div class=\"chartColumnCell\">\n<a href=\"\/gallery\/images_large\/slide0740.jpg\" class=\"highslide\" onclick=\"return hs.expand(this)\" name=\"pap\"><br \/>\n\t<img decoding=\"async\" src=\"\/gallery\/images\/slide0740.jpg\" alt=\"Image 2\" title=\"Click to enlarge\" border=\"0\"><\/a><\/p>\n<div class=\"highslide-caption\">\n<strong>Figura 58<\/strong><br \/>\n<br \/>\nLavado vesical <br \/>\nCarcinoma metastasico de pr\u00f3stata. El adenocarcinoma metast\u00e1sico de la pr\u00f3stata puede presentarse en grupos o en c\u00e9lulas sueltas.  20x <\/div>\n<\/div>\n<div class=\"chartColumnLongCell\">\n        <strong>Figura 58<br \/>\n        <\/strong><br \/>\nLavado vesical <br \/>\nCarcinoma metastasico de pr\u00f3stata. El adenocarcinoma metast\u00e1sico de la pr\u00f3stata puede presentarse en grupos o en c\u00e9lulas sueltas.<br \/>\n20x <\/div>\n<div class=\"newRow\"><\/div>\n<div class=\"chartColumnCell\">\n<a href=\"\/gallery\/images_large\/slide0741.jpg\" class=\"highslide\" onclick=\"return hs.expand(this)\"><br \/>\n\t<img decoding=\"async\" src=\"\/gallery\/images\/slide0741.jpg\" alt=\"Image 3\" title=\"Click to enlarge\" border=\"0\"><\/a><\/p>\n<div class=\"highslide-caption\">\n<strong>Figura 59<\/strong><br \/>\n<br \/>\nLavado vesical <br \/>\nCarcinoma metast\u00e1sico de pr\u00f3stata. El citoplasma de los adenocarcinomas puede contener vacuolas de mucina. 40x <\/div>\n<\/div>\n<div class=\"chartColumnLongCell\">\n \t<strong>Figura 59<br \/>\n \t<\/strong><br \/>\nLavado vesical <br \/>\nCarcinoma metast\u00e1sico de pr\u00f3stata. El citoplasma de los adenocarcinomas puede contener vacuolas de mucina.<br \/>\n40x\n<\/div>\n<div class=\"newRow\"><\/div>\n<div class=\"chartColumnCell\">\n<a href=\"\/gallery\/images_large\/slide0742.jpg\" class=\"highslide\" onclick=\"return hs.expand(this)\" name=\"pap\"><br \/>\n\t<img decoding=\"async\" src=\"\/gallery\/images\/slide0742.jpg\" alt=\"Image 2\" title=\"Click to enlarge\" border=\"0\"><\/a><\/p>\n<div class=\"highslide-caption\">\n<strong>Figura 60<\/strong><br \/>\n<br \/>\nLavado vesical <br \/>\nCarcinoma metast\u00e1sico de pr\u00f3stata. Los n\u00facleos exc\u00e9ntricos con nucleolos prominente son una caracter\u00edstica del carcinoma metast\u00e1sico de pr\u00f3stata.  60x <\/div>\n<\/div>\n<div class=\"chartColumnLongCell\">\n        <strong>Figura 60<br \/>\n        <\/strong><br \/>\nLavado vesical <br \/>\nCarcinoma metast\u00e1sico de pr\u00f3stata. Los n\u00facleos exc\u00e9ntricos con nucleolos prominente son una caracter\u00edstica del carcinoma metast\u00e1sico de pr\u00f3stata.<br \/>\n60x <\/div>\n<\/div>\n<div class=\"newRow\"><\/div>\n<div class=\"newRow\"><\/div>\n<p><a class=\"back\" href=\"#\">Volver arriba<\/a><\/p>\n<p><a href=\"nongyn_atlas.htm\">Volver a la Tabla de Contenidos<\/a><\/p>\n<\/div>\n<p>[\/vc_column_text][\/vc_column][vc_column width=&#8221;1\/3&#8243; offset=&#8221;vc_hidden-sm vc_hidden-xs&#8221;][vc_widget_sidebar sidebar_id=&#8221;consulting-right-sidebar&#8221;][\/vc_column][\/vc_row]<\/p>\n","protected":false},"excerpt":{"rendered":"<p>[vc_row 0=&#8221;&#8221;][vc_column 0=&#8221;&#8221; offset=&#8221;vc_hidden-lg vc_hidden-md&#8221;][vc_raw_html 0=&#8221;&#8221;]PGNlbnRlcj48YSBjbGFzcz0ic2hpZnRuYXYtdG9nZ2xlIHNoaWZ0bmF2LXRvZ2dsZS1idXR0b24iIGRhdGEtc2hpZnRuYXYtdGFyZ2V0PSJzaGlmdG5hdi1tYWluIj48aSBjbGFzcz0iZmEgZmEtYmFycyI+PC9pPiBUYWJsZSBvZiBDb250ZW50cyA8L2E+PC9jZW50ZXI+[\/vc_raw_html][\/vc_column][\/vc_row][vc_row][vc_column][vc_custom_heading text=&#8221;Citolog\u00eda del Tracto Urinario&#8221; font_container=&#8221;tag:h1|text_align:center&#8221; use_theme_fonts=&#8221;yes&#8221;][\/vc_column][\/vc_row][vc_row][vc_column width=&#8221;2\/3&#8243;][vc_column_text] OTROS TIPOS DE LESIONES MALIGNAS Nota: Puede clicar en cualquier imagen del Atlas para ver la imagen aumentada Figura 55 Orina espont\u00e1nea Carcinoma urotelial con diferenciaci\u00f3n escamosa. Las c\u00e9lulas escamosas malignas en una orina pueden venir de un carcinoma escamoso primario o<\/p>\n","protected":false},"author":7,"featured_media":0,"parent":1953,"menu_order":0,"comment_status":"closed","ping_status":"closed","template":"","meta":{"ngg_post_thumbnail":0,"footnotes":""},"class_list":["post-2179","page","type-page","status-publish","hentry"],"_links":{"self":[{"href":"https:\/\/dev.cytologystuff.com\/es\/wp-json\/wp\/v2\/pages\/2179","targetHints":{"allow":["GET"]}}],"collection":[{"href":"https:\/\/dev.cytologystuff.com\/es\/wp-json\/wp\/v2\/pages"}],"about":[{"href":"https:\/\/dev.cytologystuff.com\/es\/wp-json\/wp\/v2\/types\/page"}],"author":[{"embeddable":true,"href":"https:\/\/dev.cytologystuff.com\/es\/wp-json\/wp\/v2\/users\/7"}],"replies":[{"embeddable":true,"href":"https:\/\/dev.cytologystuff.com\/es\/wp-json\/wp\/v2\/comments?post=2179"}],"version-history":[{"count":0,"href":"https:\/\/dev.cytologystuff.com\/es\/wp-json\/wp\/v2\/pages\/2179\/revisions"}],"up":[{"embeddable":true,"href":"https:\/\/dev.cytologystuff.com\/es\/wp-json\/wp\/v2\/pages\/1953"}],"wp:attachment":[{"href":"https:\/\/dev.cytologystuff.com\/es\/wp-json\/wp\/v2\/media?parent=2179"}],"curies":[{"name":"wp","href":"https:\/\/api.w.org\/{rel}","templated":true}]}}