{"id":2151,"date":"2017-08-01T13:06:23","date_gmt":"2017-08-01T13:06:23","guid":{"rendered":"http:\/\/cytologystuff1.wpengine.com\/non-gyn-atlas\/urinary-tract-cytology-high-grade-urothelial-carcinoma\/"},"modified":"2017-11-22T07:27:32","modified_gmt":"2017-11-22T07:27:32","slug":"urinary-tract-cytology-high-grade-urothelial-carcinoma","status":"publish","type":"page","link":"https:\/\/dev.cytologystuff.com\/es\/non-gyn-atlas\/urinary-tract-cytology-high-grade-urothelial-carcinoma\/","title":{"rendered":"Citolog\u00eda del Tracto Urinario"},"content":{"rendered":"<p>[vc_row 0=&#8221;&#8221;][vc_column 0=&#8221;&#8221; offset=&#8221;vc_hidden-lg vc_hidden-md&#8221;][vc_raw_html 0=&#8221;&#8221;]PGNlbnRlcj48YSBjbGFzcz0ic2hpZnRuYXYtdG9nZ2xlIHNoaWZ0bmF2LXRvZ2dsZS1idXR0b24iIGRhdGEtc2hpZnRuYXYtdGFyZ2V0PSJzaGlmdG5hdi1tYWluIj48aSBjbGFzcz0iZmEgZmEtYmFycyI+PC9pPiBUYWJsZSBvZiBDb250ZW50cyA8L2E+PC9jZW50ZXI+[\/vc_raw_html][\/vc_column][\/vc_row][vc_row][vc_column][vc_custom_heading text=&#8221;Citolog\u00eda del Tracto Urinario&#8221; font_container=&#8221;tag:h1|text_align:center&#8221; use_theme_fonts=&#8221;yes&#8221;][\/vc_column][\/vc_row][vc_row][vc_column width=&#8221;2\/3&#8243;][vc_column_text]<\/p>\n<div id=>\n<p class=\"subhead\">CARCINOMAS UROTELIALES DE ALTO GRADO  <\/p>\n<p style=\"padding-left:7px\"><a href=\"javascript:void(0)\"  style=\"width:300px;display:block\"><img loading=\"lazy\" decoding=\"async\" src=\"\/images\/button27h.gif\" id=\"selfAssessImg\" width=\"400\" height=\"40\"><\/a><\/p>\n<div class=\"highslide-gallery\">\n<strong>Nota: Puede clicar en cualquier imagen del<br \/>\nAtlas para ver la imagen aumentada<\/strong><\/p>\n<div class=\"chartColumnCell\">\n<a href=\"\/gallery\/images_large\/slide0713.jpg\" class=\"highslide\" onclick=\"return hs.expand(this)\"><br \/>\n\t<img decoding=\"async\" src=\"\/gallery\/images\/slide0713.jpg\" alt=\"Image 2\" title=\"Click to enlarge\" border=\"0\"><\/a><\/p>\n<div class=\"highslide-caption\">\n<strong>Figura 31<\/strong><br \/>\n<br \/>\nOrina cateterizada, carcinoma urotelial de alto grado<br \/>\nLos carcinomas uroteliales de alto grado son frecuentemente abundantemente celulares. 20x<\/div>\n<\/div>\n<div class=\"chartColumnLongCell\">\n        <strong>Figura 31<br \/>\n        <\/strong><br \/>\nOrina cateterizada, carcinoma urotelial de alto grado<br \/>\nLos carcinomas uroteliales de alto grado son frecuentemente abundantemente celulares.<br \/>\n20x<\/div>\n<div class=\"newRow\"><\/div>\n<div class=\"chartColumnCell\">\n<a href=\"\/gallery\/images_large\/slide0714.jpg\" class=\"highslide\" onclick=\"return hs.expand(this)\"><br \/>\n\t<img decoding=\"async\" src=\"\/gallery\/images\/slide0714.jpg\" alt=\"Image 3\" title=\"Click to enlarge\" border=\"0\"><\/a><\/p>\n<div class=\"highslide-caption\">\n<strong>Figura 32<\/strong><br \/>\n<br \/>\nOrina cateterizada, carcinoma urotelial de ato grado<br \/>\nLas c\u00e9lulas de un carcinoma urotelial de alto grado tienen la relaci\u00f3n N\/C elevada. 40x  <\/div>\n<\/div>\n<div class=\"chartColumnLongCell\">\n \t<strong>Figura 32<br \/>\n \t<\/strong><br \/>\nOrina cateterizada, carcinoma urotelial de ato grado<br \/>\nLas c\u00e9lulas de un carcinoma urotelial de alto grado tienen la relaci\u00f3n N\/C elevada.<br \/>\n40x <\/div>\n<div class=\"newRow\"><\/div>\n<div class=\"chartColumnCell\">\n<a href=\"\/gallery\/images_large\/slide0715.jpg\" class=\"highslide\" onclick=\"return hs.expand(this)\"><br \/>\n\t<img decoding=\"async\" src=\"\/gallery\/images\/slide0715.jpg\" alt=\"Image 3\" title=\"Click to enlarge\" border=\"0\"><\/a><\/p>\n<div class=\"highslide-caption\">\n<strong>Figura 33<br \/>\n<\/strong><br \/>\nOrina cateterizada, carcinoma urotelial de alto grado<br \/>\nLos n\u00facleos de un carcinoma urotelial de alto grado son con frecuencia exc\u00e9ntricos con enrevesadas membranas reforzadas. 60x<\/div>\n<\/div>\n<div class=\"chartColumnLongCell\">\n<strong>Figura 33<br \/>\n<\/strong><br \/>\nOrina cateterizada, carcinoma urotelial de alto grado<br \/>\nLos n\u00facleos de un carcinoma urotelial de alto grado son con frecuencia exc\u00e9ntricos con enrevesadas membranas reforzadas.<br \/>\n60x <\/div>\n<div class=\"newRow\"><\/div>\n<div class=\"chartColumnCell\">\n<a href=\"\/gallery\/images_large\/slide0716.jpg\" class=\"highslide\" onclick=\"return hs.expand(this)\" name=\"pap\"><br \/>\n\t<img decoding=\"async\" src=\"\/gallery\/images\/slide0716.jpg\" alt=\"Image 2\" title=\"Click to enlarge\" border=\"0\"><\/a><\/p>\n<div class=\"highslide-caption\">\n<strong>Figura 34<\/strong><br \/>\n<br \/>\nOrina, carcinoma urotelial de alto grado<br \/>\nLa cromatina en los n\u00facleos del carcinoma de alto grado es grosera, hipercrom\u00e1tica y a con frecuencia irregularmente distribuida.  60x  <\/div>\n<\/div>\n<div class=\"chartColumnLongCell\">\n        <strong>Figura 34<br \/>\n        <\/strong><br \/>\nOrina, carcinoma urotelial de alto grado<br \/>\nLa cromatina en los n\u00facleos del carcinoma de alto grado es grosera, hipercrom\u00e1tica y a con frecuencia irregularmente distribuida.<br \/>\n60x <\/div>\n<div class=\"newRow\"><\/div>\n<div class=\"chartColumnCell\">\n<a href=\"\/gallery\/images_large\/slide0717.jpg\" class=\"highslide\" onclick=\"return hs.expand(this)\"><br \/>\n\t<img decoding=\"async\" src=\"\/gallery\/images\/slide0717.jpg\" alt=\"Image 3\" title=\"Click to enlarge\" border=\"0\"><\/a><\/p>\n<div class=\"highslide-caption\">\n<strong>Figura 35<\/strong><br \/>\n<br \/>\nOrina, carcinoma urotelial de alto grado<br \/>\nLas c\u00e9lulas del carcinoma de alto grado son pleom\u00f3rficas y los n\u00facleos pueden contener un nucleolo irregular prominente. 60x <\/div>\n<\/div>\n<div class=\"chartColumnLongCell\">\n \t<strong>Figura 35<br \/>\n \t<\/strong><br \/>\nOrina, carcinoma urotelial de alto grado<br \/>\nLas c\u00e9lulas del carcinoma de alto grado son pleom\u00f3rficas y los n\u00facleos pueden contener un nucleolo irregular prominente.<br \/>\n60x\n<\/div>\n<div class=\"newRow\"><\/div>\n<div class=\"chartColumnCell\">\n<a href=\"\/gallery\/images_large\/slide0718.jpg\" class=\"highslide\" onclick=\"return hs.expand(this)\" name=\"pap\"><br \/>\n\t<img decoding=\"async\" src=\"\/gallery\/images\/slide0718.jpg\" alt=\"Image 2\" title=\"Click to enlarge\" border=\"0\"><\/a><\/p>\n<div class=\"highslide-caption\">\n<strong>Figura 36<\/strong><br \/>\n<br \/>\nOrina, carcinoma urotelial de alto grado<br \/>\nCromatina en n\u00facleos de un carcinoma de alto grado es grosera e hipercrom\u00e1tica.  60x <\/div>\n<\/div>\n<div class=\"chartColumnLongCell\">\n        <strong>Figura 36<br \/>\n        <\/strong><br \/>\nOrina, carcinoma urotelial de alto grado<br \/>\nCromatina en n\u00facleos de un carcinoma de alto grado es grosera e hipercrom\u00e1tica.<br \/>\n60x <\/div>\n<div class=\"newRow\"><\/div>\n<div class=\"chartColumnCell\">\n<a href=\"\/gallery\/images_large\/slide0719.jpg\" class=\"highslide\" onclick=\"return hs.expand(this)\"><br \/>\n\t<img decoding=\"async\" src=\"\/gallery\/images\/slide0719.jpg\" alt=\"Image 3\" title=\"Click to enlarge\" border=\"0\"><\/a><\/p>\n<div class=\"highslide-caption\">\n<strong>Figura 37<\/strong><br \/>\n<br \/>\nOrina, carcinoma urotelial de alto grado<br \/>\nLas c\u00e9lulas est\u00e1n con frecuenta sueltas con citoplasma cian\u00f3filo pobremente definido.  60x <\/div>\n<\/div>\n<div class=\"chartColumnLongCell\">\n \t<strong>Figura 37<br \/>\n \t<\/strong><br \/>\nOrina, carcinoma urotelial de alto grado<br \/>\nLas c\u00e9lulas est\u00e1n con frecuenta sueltas con citoplasma cian\u00f3filo pobremente definido.<br \/>\n60x <\/div>\n<div class=\"newRow\"><\/div>\n<div class=\"chartColumnCell\">\n<a href=\"\/gallery\/images_large\/slide0720.jpg\" class=\"highslide\" onclick=\"return hs.expand(this)\"><br \/>\n\t<img decoding=\"async\" src=\"\/gallery\/images\/slide0720.jpg\" alt=\"Image 3\" title=\"Click to enlarge\" border=\"0\"><\/a><\/p>\n<div class=\"highslide-caption\">\n<strong>Figura 38<\/strong><br \/>\n<br \/>\nOrina, carcinoma urotelial de alto grado<br \/>\nLos n\u00facleos pueden ser puntiagudos en el carcinoma urotelial de alto grado. 60x <\/div>\n<\/div>\n<div class=\"chartColumnLongCell\">\n \t<strong>Figura 38<br \/>\n \t<\/strong><br \/>\nOrina, carcinoma urotelial de alto grado<br \/>\nLos n\u00facleos pueden ser puntiagudos en el carcinoma urotelial de alto grado.<br \/>\n60x <\/div>\n<div class=\"newRow\"><\/div>\n<div class=\"chartColumnCell\">\n<a href=\"\/gallery\/images_large\/slide0721.jpg\" class=\"highslide\" onclick=\"return hs.expand(this)\"><br \/>\n\t<img decoding=\"async\" src=\"\/gallery\/images\/slide0721.jpg\" alt=\"Image 3\" title=\"Click to enlarge\" border=\"0\"><\/a><\/p>\n<div class=\"highslide-caption\">\n<strong>Figura 39<\/strong><br \/>\n<br \/>\nLavado vesical, carcinoma urotelial de alto grado<br \/>\nLas c\u00e9lulas anapl\u00e1sicas hacen del carcinoma urotelial de alto grado relativamente f\u00e1cil de diagnosticar.  60x <\/div>\n<\/div>\n<div class=\"chartColumnLongCell\">\n \t<strong>Figura 39<br \/>\n \t<\/strong><br \/>\nLavado vesical, carcinoma urotelial de alto grado<br \/>\nLas c\u00e9lulas anapl\u00e1sicas hacen del carcinoma urotelial de alto grado relativamente f\u00e1cil de diagnosticar.<br \/>\n60x <\/div>\n<div class=\"newRow\"><\/div>\n<div class=\"chartColumnCell\">\n<a href=\"\/gallery\/images_large\/slide0722.jpg\" class=\"highslide\" onclick=\"return hs.expand(this)\" name=\"pap\"><br \/>\n\t<img decoding=\"async\" src=\"\/gallery\/images\/slide0722.jpg\" alt=\"Image 2\" title=\"Click to enlarge\" border=\"0\"><\/a><\/p>\n<div class=\"highslide-caption\">\n<strong>Figura 40<\/strong><br \/>\n<br \/>\nOrina cateterizada, carcinoma urotelial de alto grado<br \/>\nLas c\u00e9lulas de un carcinoma urotelial de alto gado pueden estar agrupadas. 60x  <\/div>\n<\/div>\n<div class=\"chartColumnLongCell\">\n        <strong>Figura 40<br \/>\n        <\/strong><br \/>\nOrina cateterizada, carcinoma urotelial de alto grado<br \/>\nLas c\u00e9lulas de un carcinoma urotelial de alto gado pueden estar agrupadas.<br \/>\n60x <\/div>\n<div class=\"newRow\"><\/div>\n<div class=\"chartColumnCell\">\n<a href=\"\/gallery\/images_large\/slide0723.jpg\" class=\"highslide\" onclick=\"return hs.expand(this)\"><br \/>\n\t<img decoding=\"async\" src=\"\/gallery\/images\/slide0723.jpg\" alt=\"Image 3\" title=\"Click to enlarge\" border=\"0\"><\/a><\/p>\n<div class=\"highslide-caption\">\n<strong>Figura 41<\/strong><br \/>\n<br \/>\nOrina, carcinoma urotelial de alto grado<br \/>\nLos n\u00facleos de un carcinoma urotelial de alto grado pueden tener nucleolos irregulares m\u00faltiples. 60x <\/div>\n<\/div>\n<div class=\"chartColumnLongCell\">\n \t<strong>Figura 41<br \/>\n \t<\/strong><br \/>\nOrina, carcinoma urotelial de alto grado<br \/>\nLos n\u00facleos de un carcinoma urotelial de alto grado pueden tener nucleolos irregulares m\u00faltiples.<br \/>\n60x <\/div>\n<div class=\"newRow\"><\/div>\n<div class=\"chartColumnCell\">\n<a href=\"\/gallery\/images_large\/slide0724.jpg\" class=\"highslide\" onclick=\"return hs.expand(this)\"><br \/>\n\t<img decoding=\"async\" src=\"\/gallery\/images\/slide0724.jpg\" alt=\"Image 3\" title=\"Click to enlarge\" border=\"0\"><\/a><\/p>\n<div class=\"highslide-caption\">\n<strong>Figura 42<\/strong><br \/>\n<br \/>\nOrina, carcinoma urotelial de alto grado<br \/>\nLos tumores uroteliales pueden ser papilares o no papilares 60x  <\/div>\n<\/div>\n<div class=\"chartColumnLongCell\">\n \t<strong>Figura 42<br \/>\n \t<\/strong><br \/>\nOrina, carcinoma urotelial de alto grado<br \/>\nLos tumores uroteliales pueden ser papilares o no papilares<br \/>\n60x <\/div>\n<\/div>\n<div class=\"newRow\"><\/div>\n<p><a class=\"back\" href=\"#\">Volver arriba<\/a><\/p>\n<p><a href=\"nongyn_atlas.htm\">Volver a la Tabla de Contenidos<\/a><\/p>\n<\/div>\n<p>[\/vc_column_text][\/vc_column][vc_column width=&#8221;1\/3&#8243; offset=&#8221;vc_hidden-sm vc_hidden-xs&#8221;][vc_widget_sidebar sidebar_id=&#8221;consulting-right-sidebar&#8221;][\/vc_column][\/vc_row]<\/p>\n","protected":false},"excerpt":{"rendered":"<p>[vc_row 0=&#8221;&#8221;][vc_column 0=&#8221;&#8221; offset=&#8221;vc_hidden-lg vc_hidden-md&#8221;][vc_raw_html 0=&#8221;&#8221;]PGNlbnRlcj48YSBjbGFzcz0ic2hpZnRuYXYtdG9nZ2xlIHNoaWZ0bmF2LXRvZ2dsZS1idXR0b24iIGRhdGEtc2hpZnRuYXYtdGFyZ2V0PSJzaGlmdG5hdi1tYWluIj48aSBjbGFzcz0iZmEgZmEtYmFycyI+PC9pPiBUYWJsZSBvZiBDb250ZW50cyA8L2E+PC9jZW50ZXI+[\/vc_raw_html][\/vc_column][\/vc_row][vc_row][vc_column][vc_custom_heading text=&#8221;Citolog\u00eda del Tracto Urinario&#8221; font_container=&#8221;tag:h1|text_align:center&#8221; use_theme_fonts=&#8221;yes&#8221;][\/vc_column][\/vc_row][vc_row][vc_column width=&#8221;2\/3&#8243;][vc_column_text] CARCINOMAS UROTELIALES DE ALTO GRADO Nota: Puede clicar en cualquier imagen del Atlas para ver la imagen aumentada Figura 31 Orina cateterizada, carcinoma urotelial de alto grado Los carcinomas uroteliales de alto grado son frecuentemente abundantemente celulares. 20x Figura 31 Orina cateterizada,<\/p>\n","protected":false},"author":7,"featured_media":0,"parent":1953,"menu_order":0,"comment_status":"closed","ping_status":"closed","template":"","meta":{"ngg_post_thumbnail":0,"footnotes":""},"class_list":["post-2151","page","type-page","status-publish","hentry"],"_links":{"self":[{"href":"https:\/\/dev.cytologystuff.com\/es\/wp-json\/wp\/v2\/pages\/2151","targetHints":{"allow":["GET"]}}],"collection":[{"href":"https:\/\/dev.cytologystuff.com\/es\/wp-json\/wp\/v2\/pages"}],"about":[{"href":"https:\/\/dev.cytologystuff.com\/es\/wp-json\/wp\/v2\/types\/page"}],"author":[{"embeddable":true,"href":"https:\/\/dev.cytologystuff.com\/es\/wp-json\/wp\/v2\/users\/7"}],"replies":[{"embeddable":true,"href":"https:\/\/dev.cytologystuff.com\/es\/wp-json\/wp\/v2\/comments?post=2151"}],"version-history":[{"count":0,"href":"https:\/\/dev.cytologystuff.com\/es\/wp-json\/wp\/v2\/pages\/2151\/revisions"}],"up":[{"embeddable":true,"href":"https:\/\/dev.cytologystuff.com\/es\/wp-json\/wp\/v2\/pages\/1953"}],"wp:attachment":[{"href":"https:\/\/dev.cytologystuff.com\/es\/wp-json\/wp\/v2\/media?parent=2151"}],"curies":[{"name":"wp","href":"https:\/\/api.w.org\/{rel}","templated":true}]}}