{"id":2144,"date":"2017-08-01T12:45:40","date_gmt":"2017-08-01T12:45:40","guid":{"rendered":"http:\/\/cytologystuff1.wpengine.com\/non-gyn-atlas\/respiratory-cytology-squamous-cell-carcinoma\/"},"modified":"2017-11-21T07:01:37","modified_gmt":"2017-11-21T07:01:37","slug":"respiratory-cytology-squamous-cell-carcinoma","status":"publish","type":"page","link":"https:\/\/dev.cytologystuff.com\/es\/non-gyn-atlas\/respiratory-cytology-squamous-cell-carcinoma\/","title":{"rendered":"Citolog\u00eda Respiratoria"},"content":{"rendered":"<p>[vc_row 0=&#8221;&#8221;][vc_column 0=&#8221;&#8221; offset=&#8221;vc_hidden-lg vc_hidden-md&#8221;][vc_raw_html 0=&#8221;&#8221;]PGNlbnRlcj48YSBjbGFzcz0ic2hpZnRuYXYtdG9nZ2xlIHNoaWZ0bmF2LXRvZ2dsZS1idXR0b24iIGRhdGEtc2hpZnRuYXYtdGFyZ2V0PSJzaGlmdG5hdi1tYWluIj48aSBjbGFzcz0iZmEgZmEtYmFycyI+PC9pPiBUYWJsZSBvZiBDb250ZW50cyA8L2E+PC9jZW50ZXI+[\/vc_raw_html][\/vc_column][\/vc_row][vc_row][vc_column][vc_custom_heading text=&#8221;Citolog\u00eda Respiratoria&#8221; font_container=&#8221;tag:h1|text_align:center&#8221; use_theme_fonts=&#8221;yes&#8221;][\/vc_column][\/vc_row][vc_row][vc_column width=&#8221;2\/3&#8243;][vc_column_text]<\/p>\n<div id=>\n<p class=\"subhead\" id=\"acknowledgements\">CARCINOMA ESCAMOSO <\/p>\n<p style=\"padding-left:7px\"><a href=\"javascript:void(0)\"  style=\"width:300px;display:block\"><img loading=\"lazy\" decoding=\"async\" src=\"\/images\/button27h.gif\" id=\"selfAssessImg\" width=\"400\" height=\"40\"><\/a><\/p>\n<div class=\"highslide-gallery\">\n<strong>Nota: Puede clicar en cualquier imagen del<br \/>\nAtlas para ver la imagen aumentada<\/strong><\/p>\n<div class=\"chartColumnCell\">\n<a href=\"\/gallery\/images_large\/slide0589.jpg\" class=\"highslide \" onclick=\"return hs.expand(this)\" name=\"pap\"><br \/>\n\t<img decoding=\"async\" src=\"\/gallery\/images\/slide0589.jpg\" alt=\"Image 2\" border=\"0\" title=\"Click to enlarge\"><\/a>\n        <\/div>\n<div class=\"chartColumnShortCell\">\n        \t<strong>Figura 76<br \/>\n        \t<\/strong><br \/>\nEsputo<br \/>\nC\u00e9lulas orangof\u00edlicas con n\u00facleos hipercrom\u00e1ticos sospechosas de carcinoma escamoso.<br \/>\n60x <\/div>\n<div class=\"newRow\"><\/div>\n<div class=\"chartColumnCell\">\n<a href=\"\/gallery\/images_large\/slide0590.jpg\" class=\"highslide\" onclick=\"return hs.expand(this)\"><br \/>\n\t<img decoding=\"async\" src=\"\/gallery\/images\/slide0590.jpg\" alt=\"Image 3\" border=\"0\" title=\"Click to enlarge\"><\/a><\/p>\n<div class=\"highslide-caption\">\n<strong>Figura 77<\/strong><br \/>\n<br \/>\nEsputo<br \/>\nLas c\u00e9lulas escamosas metapl\u00e1sicas at\u00edpicas consideradas como sospechosas de carcinoma escamoso ya que sus n\u00facleos son hipercrom\u00e1ticos y angulados.  60X <\/div>\n<\/div>\n<div class=\"chartColumnLongCell\">\n \t\t<strong>Figura 77<br \/>\n \t\t<\/strong>        \t\tEsputo<br \/>\nLas c\u00e9lulas escamosas metapl\u00e1sicas at\u00edpicas consideradas como sospechosas de carcinoma escamoso ya que sus n\u00facleos son hipercrom\u00e1ticos y angulados.<br \/>\n60X <\/div>\n<div class=\"newRow\"><\/div>\n<div class=\"chartColumnCell\">\n<a href=\"\/gallery\/images_large\/slide0591.jpg\" class=\"highslide\" onclick=\"return hs.expand(this)\"><br \/>\n\t<img decoding=\"async\" src=\"\/gallery\/images\/slide0591.jpg\" alt=\"Image 3\" border=\"0\" title=\"Click to enlarge\"><\/a><\/p>\n<div class=\"highslide-caption\">\n<strong>Figura 78<br \/>\n<\/strong><br \/>\nLavado bronquial <br \/>\nA menos aumento se observa una c\u00e9lula grande, altamente sospechosas de carcinoma escamoso.  20x <\/div>\n<\/div>\n<div class=\"chartColumnLongCell\">\n<strong>Figura 78<br \/>\n<\/strong><br \/>\nLavado bronquial<br \/>\n<br \/>\nA menos aumento se observa una c\u00e9lula grande, altamente sospechosas de carcinoma escamoso.<br \/>\n20x <\/div>\n<div class=\"newRow\"><\/div>\n<div class=\"chartColumnCell\">\n<a href=\"\/gallery\/images_large\/slide0592.jpg\" class=\"highslide\" onclick=\"return hs.expand(this)\" name=\"pap\"><br \/>\n\t<img decoding=\"async\" src=\"\/gallery\/images\/slide0592.jpg\" alt=\"Image 2\" border=\"0\" title=\"Click to enlarge\"><\/a><\/p>\n<div class=\"highslide-caption\">\n<strong>Figura 79<\/strong><br \/>\n<br \/>\nLavado bronquial <br \/>\nEst\u00e1n presentes numerosas c\u00e9lulas escamosas at\u00edpicas con polis en este grupo de c\u00e9lulas de un caso de carcinoma escamoso.  20x <\/div>\n<\/div>\n<div class=\"chartColumnLongCell\">\n        \t<strong>Figura 79<br \/>\n        \t<\/strong><br \/>\n            Lavado bronquial <br \/>\nEst\u00e1n presentes numerosas c\u00e9lulas escamosas at\u00edpicas con polis en este grupo de c\u00e9lulas de un caso de carcinoma escamoso.<br \/>\n20x <\/div>\n<div class=\"newRow\"><\/div>\n<div class=\"chartColumnCell\">\n<a href=\"\/gallery\/images_large\/slide0593.jpg\" class=\"highslide\" onclick=\"return hs.expand(this)\"><br \/>\n\t<img decoding=\"async\" src=\"\/gallery\/images\/slide0593.jpg\" alt=\"Image 3\" border=\"0\" title=\"Click to enlarge\"><\/a><\/p>\n<div class=\"highslide-caption\">\n<strong>Figura 80<\/strong><br \/>\n<br \/>\nLavado bronquial <br \/>\nC\u00e9lulas filamentosas y en forma fusiforme de un carcinoma escamoso.<br \/>\n20x \t  <\/div>\n<\/div>\n<div class=\"chartColumnShortCell\">\n \t\t<strong>Figura 80<br \/>\n \t\t<\/strong>        \t\tLavado bronquial <br \/>\nC\u00e9lulas filamentosas y en forma fusiforme de un carcinoma escamoso.<\/p>\n<p>20x <\/p><\/div>\n<div class=\"newRow\"><\/div>\n<div class=\"chartColumnCell\">\n<a href=\"\/gallery\/images_large\/slide0594.jpg\" class=\"highslide\" onclick=\"return hs.expand(this)\" name=\"pap\"><br \/>\n\t<img decoding=\"async\" src=\"\/gallery\/images\/slide0594.jpg\" alt=\"Image 2\" border=\"0\" title=\"Click to enlarge\"><\/a><\/p>\n<div class=\"highslide-caption\">\n<strong>Figura 81<\/strong><br \/>\n<br \/>\nLavado bronquial <br \/>\nA mayor aumento c\u00e9lulas fusiformes en un carcinoma escamoso  40x<\/div>\n<\/div>\n<div class=\"chartColumnLongCell\">\n        \t<strong>Figura 81<br \/>\n        \t<\/strong><br \/>\nLavado bronquial<br \/>\n<br \/>\nA mayor aumento c\u00e9lulas fusiformes en un carcinoma escamoso<br \/>\n40x<\/div>\n<div class=\"newRow\"><\/div>\n<div class=\"chartColumnCell\">\n<a href=\"\/gallery\/images_large\/slide0595.jpg\" class=\"highslide\" onclick=\"return hs.expand(this)\"><br \/>\n\t<img decoding=\"async\" src=\"\/gallery\/images\/slide0595.jpg\" alt=\"Image 3\" border=\"0\" title=\"Click to enlarge\"><\/a><\/p>\n<div class=\"highslide-caption\">\n<strong>Figura 82<\/strong><br \/>\n<br \/>\nLavado bronquial <br \/>\nNo toda las c\u00e9lulas de un carcinoma escamoso son orangof\u00edlicas. Tambi\u00e9n se puede ver una tinci\u00f3n bas\u00f3fila. 60x<\/div>\n<\/div>\n<div class=\"chartColumnLongCell\">\n \t\t<strong>Figura 82<br \/>\n \t\t<\/strong>        \t\tLavado bronquial <br \/>\nNo toda las c\u00e9lulas de un carcinoma escamoso son orangof\u00edlicas. Tambi\u00e9n se puede ver una tinci\u00f3n bas\u00f3fila.<br \/>\n60x <\/div>\n<div class=\"newRow\"><\/div>\n<div class=\"chartColumnCell\">\n<a href=\"\/gallery\/images_large\/slide0596.jpg\" class=\"highslide\" onclick=\"return hs.expand(this)\"><br \/>\n\t<img decoding=\"async\" src=\"\/gallery\/images\/slide0596.jpg\" alt=\"Image 3\" border=\"0\" title=\"Click to enlarge\"><\/a><\/p>\n<div class=\"highslide-caption\">\n<strong>Figura 83<\/strong><br \/>\n<br \/>\nLavado bronquial <br \/>\nUna perla de c\u00e9lulas queratinizadas en un caso de carcinoma escamoso.  60x<\/div>\n<\/div>\n<div class=\"chartColumnLongCell\">\n \t\t<strong>Figura 83<br \/>\n \t\t<\/strong>        \t\tLavado bronquial <br \/>\nUna perla de c\u00e9lulas queratinizadas en un caso de carcinoma escamoso.<br \/>\n60x <\/div>\n<div class=\"newRow\"><\/div>\n<div class=\"chartColumnCell\">\n<a href=\"\/gallery\/images_large\/slide0597.jpg\" class=\"highslide\" onclick=\"return hs.expand(this)\"><br \/>\n\t<img decoding=\"async\" src=\"\/gallery\/images\/slide0597.jpg\" alt=\"Image 3\" border=\"0\" title=\"Click to enlarge\"><\/a><\/p>\n<div class=\"highslide-caption\">\n<strong>Figura 84<\/strong><br \/>\n<br \/>\nLavado bronquial <br \/>\nA menor aumento se muestra un carcinoma escamoso en la parte superior izquierda del campo.  20x<\/div>\n<\/div>\n<div class=\"chartColumnLongCell\">\n \t\t<strong>Figura 84<br \/>\n \t\t<\/strong>        \t\tLavado bronquial<br \/>\n        <br \/>\n      A menor aumento se muestra un carcinoma escamoso en la parte superior izquierda del campo.<br \/>\n20x <\/div>\n<div class=\"newRow\"><\/div>\n<div class=\"chartColumnCell\">\n<a href=\"\/gallery\/images_large\/slide0598.jpg\" class=\"highslide\" onclick=\"return hs.expand(this)\" name=\"pap\"><br \/>\n\t<img decoding=\"async\" src=\"\/gallery\/images\/slide0598.jpg\" alt=\"Image 2\" border=\"0\" title=\"Click to enlarge\"><\/a><\/p>\n<div class=\"highslide-caption\">\n<strong>Figura 85<\/strong><br \/>\n        <br \/>\nLavado bronquial <br \/>\nEste grupo de c\u00e9lulas de un carcinoma escamoso tiene marcada atipia nuclear. El denso citoplasma y los bordes citoplasm\u00e1ticos definidos indican una diferenciaci\u00f3n escamosa.  60x  <\/div>\n<\/div>\n<div class=\"chartColumnLongCell\">\n        \t<strong>Figura 85<br \/>\n        \t<\/strong><br \/>\nLavado bronquial<br \/>\n<br \/>\nEste grupo de c\u00e9lulas de un carcinoma escamoso tiene marcada atipia nuclear. El denso citoplasma y los bordes citoplasm\u00e1ticos definidos indican una diferenciaci\u00f3n escamosa.<br \/>\n60x<\/div>\n<div class=\"newRow\"><\/div>\n<div class=\"chartColumnCell\">\n<a href=\"\/gallery\/images_large\/slide0599.jpg\" class=\"highslide\" onclick=\"return hs.expand(this)\"><br \/>\n\t<img decoding=\"async\" src=\"\/gallery\/images\/slide0599.jpg\" alt=\"Image 3\" border=\"0\" title=\"Click to enlarge\"><\/a><\/p>\n<div class=\"highslide-caption\">\n<strong>Figura 86<\/strong><br \/>\n<br \/>\nLavado bronquial <br \/>\nEn un carcinoma escamoso se pueden observar c\u00e9lulas en forma de renacuajo. 20x <\/div>\n<\/div>\n<div class=\"chartColumnShortCell\">\n \t\t<strong>Figura 86<br \/>\n \t\t<\/strong><br \/>\nLavado bronquial <br \/>\nEn un carcinoma escamoso se pueden observar c\u00e9lulas en forma de renacuajo.<br \/>\n20x <\/div>\n<div class=\"newRow\"><\/div>\n<div class=\"chartColumnCell\">\n<a href=\"\/gallery\/images_large\/slide0600.jpg\" class=\"highslide\" onclick=\"return hs.expand(this)\"><br \/>\n\t<img decoding=\"async\" src=\"\/gallery\/images\/slide0600.jpg\" alt=\"Image 3\" border=\"0\" title=\"Click to enlarge\"><\/a><\/p>\n<div class=\"highslide-caption\">\n<strong>Figura 87<br \/>\n<\/strong><br \/>\nLavado bronquial <br \/>\nEste grupo contiene muchas c\u00e9lulas an\u00f3malas. Sus detalles nucleares se ven en la periferia del grupo. 20x <\/div>\n<\/div>\n<div class=\"chartColumnShortCell\">\n<strong>Figura 87<br \/>\n<\/strong><br \/>\nLavado bronquial<br \/>\n<br \/>\nEste grupo contiene muchas c\u00e9lulas an\u00f3malas. Sus detalles nucleares se ven en la periferia del grupo.<br \/>\n20x <\/div>\n<div class=\"newRow\"><\/div>\n<div class=\"chartColumnCell\">\n<a href=\"\/gallery\/images_large\/slide0601.jpg\" class=\"highslide\" onclick=\"return hs.expand(this)\" name=\"pap\"><br \/>\n\t<img decoding=\"async\" src=\"\/gallery\/images\/slide0601.jpg\" alt=\"Image 2\" border=\"0\" title=\"Click to enlarge\"><\/a><\/p>\n<div class=\"highslide-caption\">\n<strong>Figura 88<\/strong><br \/>\n<br \/>\nLavado bronquial <br \/>\nCuando est\u00e1n en grupo, puede ser dif\u00edcil diferenciar las c\u00e9lulas de un carcinoma escamoso de las de un adenocarcinoma. 20x <\/div>\n<\/div>\n<div class=\"chartColumnShortCell\">\n        \t<strong>Figura 88<br \/>\n        \t<\/strong><br \/>\n Lavado bronquial<br \/>\n <br \/>\nCuando est\u00e1n en grupo, puede ser dif\u00edcil diferenciar las c\u00e9lulas de un carcinoma escamoso de las de un adenocarcinoma.<br \/>\n20x <\/div>\n<div class=\"newRow\"><\/div>\n<div class=\"chartColumnCell\">\n<a href=\"\/gallery\/images_large\/slide0602.jpg\" class=\"highslide\" onclick=\"return hs.expand(this)\"><br \/>\n\t<img decoding=\"async\" src=\"\/gallery\/images\/slide0602.jpg\" alt=\"Image 3\" border=\"0\" title=\"Click to enlarge\"><\/a><\/p>\n<div class=\"highslide-caption\">\n<strong>Figura 89<\/strong><br \/>\n<br \/>\nLavado bronquial  <br \/>\nPCarcinoma escamoso pobremente diferenciado.  60x <\/div>\n<\/div>\n<div class=\"chartColumnLongCell\">\n \t\t<strong>Figura 89<br \/>\n \t\t<\/strong>        \t\tLavado bronquial <br \/>\nCarcinoma escamoso pobremente diferenciado.<br \/>\n60x <\/div>\n<div class=\"newRow\"><\/div>\n<div class=\"chartColumnCell\">\n<a href=\"\/gallery\/images_large\/slide0603.jpg\" class=\"highslide\" onclick=\"return hs.expand(this)\"><br \/>\n\t<img decoding=\"async\" src=\"\/gallery\/images\/slide0603.jpg\" alt=\"Image 3\" border=\"0\" title=\"Click to enlarge\"><\/a><\/p>\n<div class=\"highslide-caption\">\n<strong>Figura 90<br \/>\n<\/strong><br \/>\nLavado bronquial <br \/>\nEn un carcinoma escamoso pobremente diferenciado los bordes celulares son m\u00e1s definidos que los de un adenocarcinoma. Los nucleolos son m\u00faltiples y exc\u00e9ntricos. 40x<\/div>\n<\/div>\n<div class=\"chartColumnLongCell\">\n<strong>Figura 90<br \/>\n<\/strong><br \/>\nLavado bronquial<br \/>\n<br \/>\nEn un carcinoma escamoso pobremente diferenciado los bordes celulares son m\u00e1s definidos que los de un adenocarcinoma. Los nucleolos son m\u00faltiples y exc\u00e9ntricos.<br \/>\n40x <\/div>\n<div class=\"newRow\"><\/div>\n<div class=\"chartColumnCell\">\n<a href=\"\/gallery\/images_large\/slide0604.jpg\" class=\"highslide\" onclick=\"return hs.expand(this)\" name=\"pap\"><br \/>\n\t<img decoding=\"async\" src=\"\/gallery\/images\/slide0604.jpg\" alt=\"Image 2\" border=\"0\" title=\"Click to enlarge\"><\/a><\/p>\n<div class=\"highslide-caption\">\n<strong>Figura 91<\/strong><br \/>\n<br \/>\nLavado bronquial <br \/>\nCarcinoma escamoso pobremente diferenciado. La queratina est\u00e1 presenta en vacuolas en el citoplasma.  60x<\/div>\n<\/div>\n<div class=\"chartColumnLongCell\">\n        \t<strong>Figura 91<br \/>\n        \t<\/strong><br \/>\nLavado bronquial <br \/>\nCarcinoma escamoso pobremente diferenciado. La queratina est\u00e1 presenta en vacuolas en el citoplasma.<br \/>\n60x<\/div>\n<div class=\"newRow\"><\/div>\n<div class=\"chartColumnCell\">\n<a href=\"\/gallery\/images_large\/slide0605.jpg\" class=\"highslide\" onclick=\"return hs.expand(this)\"><br \/>\n\t<img decoding=\"async\" src=\"\/gallery\/images\/slide0605.jpg\" alt=\"Image 3\" border=\"0\" title=\"Click to enlarge\"><\/a><\/p>\n<div class=\"highslide-caption\">\n<strong>Figura 92<\/strong><br \/>\n<br \/>\nLavado bronquial <br \/>\nUn estudio cuidadoso de un carcinoma escamoso pobremente diferenciado muestra queratinizaci\u00f3n dispersa.  40x <\/div>\n<\/div>\n<div class=\"chartColumnLongCell\">\n \t\t<strong>Figura 92<br \/>\n \t\t<\/strong>        \t\tLavado bronquial<br \/>\n        <br \/>\nUn estudio cuidadoso de un carcinoma escamoso pobremente diferenciado muestra queratinizaci\u00f3n dispersa.<br \/>\n40x <\/div>\n<div class=\"newRow\"><\/div>\n<div class=\"chartColumnCell\">\n<a href=\"\/gallery\/images_large\/slide0606.jpg\" class=\"highslide\" onclick=\"return hs.expand(this)\" name=\"pap\"><br \/>\n\t<img decoding=\"async\" src=\"\/gallery\/images\/slide0606.jpg\" alt=\"Image 2\" border=\"0\" title=\"Click to enlarge\"><\/a><\/p>\n<div class=\"highslide-caption\">\n<strong>Figura 93<\/strong><br \/>\n<br \/>\nLavado bronquial <br \/>\nA bajo aumento se observa c\u00e9lulas queratinizadas at\u00edpicas en un carcinoma escamoso.  20x <\/div>\n<\/div>\n<div class=\"chartColumnShortCell\">\n        \t<strong>Figura 93<br \/>\n        \t<\/strong><br \/>\nLavado bronquial<br \/>\n<br \/>\nA bajo aumento se observa c\u00e9lulas queratinizadas at\u00edpicas en un carcinoma escamoso.<br \/>\n20x <\/div>\n<div class=\"newRow\"><\/div>\n<div class=\"chartColumnCell\">\n<a href=\"\/gallery\/images_large\/slide0607.jpg\" class=\"highslide\" onclick=\"return hs.expand(this)\"><br \/>\n\t<img decoding=\"async\" src=\"\/gallery\/images\/slide0607.jpg\" alt=\"Image 3\" border=\"0\" title=\"Click to enlarge\"><\/a><\/p>\n<div class=\"highslide-caption\">\n<strong>Figura 94<\/strong><br \/>\n<br \/>\nLavado bronquial<br \/>\nA m\u00e1s aumento se revelan n\u00facleos bizarros, mezclados con restos necr\u00f3ticos.<br \/>\n60x  <\/div>\n<\/div>\n<div class=\"chartColumnShortCell\">\n \t\t<strong>Figura 94<br \/>\n \t\t<\/strong>        \t\tLavado bronquial <br \/>\n A m\u00e1s aumento se revelan n\u00facleos bizarros, mezclados con restos necr\u00f3ticos.<\/p>\n<p>60x <\/p><\/div>\n<div class=\"newRow\"><\/div>\n<div class=\"chartColumnCell\">\n<a href=\"\/gallery\/images_large\/slide0608.jpg\" class=\"highslide\" onclick=\"return hs.expand(this)\" name=\"pap\"><br \/>\n\t<img decoding=\"async\" src=\"\/gallery\/images\/slide0608.jpg\" alt=\"Image 2\" border=\"0\" title=\"Click to enlarge\"><\/a><\/p>\n<div class=\"highslide-caption\">\n<strong>Figura 95<\/strong><br \/>\n<br \/>\nLavado bronquial <br \/>\nEn este carcinoma escamoso se observan c\u00e9lulas profundamente queratinizadas.  60x <\/div>\n<\/div>\n<div class=\"chartColumnShortCell\">\n        \t<strong>Figura 95<br \/>\n        \t<\/strong><br \/>\nLavado bronquial<br \/>\n<br \/>\nEn este carcinoma escamoso se observan c\u00e9lulas profundamente queratinizadas.<br \/>\n60x <\/div>\n<div class=\"newRow\"><\/div>\n<div class=\"chartColumnCell\">\n<a href=\"\/gallery\/images_large\/slide0609.jpg\" class=\"highslide\" onclick=\"return hs.expand(this)\"><br \/>\n\t<img decoding=\"async\" src=\"\/gallery\/images\/slide0609.jpg\" alt=\"Image 3\" border=\"0\" title=\"Click to enlarge\"><\/a><\/p>\n<div class=\"highslide-caption\">\n<strong>Figura 96<\/strong><br \/>\n<br \/>\nLavado bronquial <br \/>\nEn este carcinoma escamoso las formas celulares bizarras con n\u00facleos angulados puntiagudos. 60x <\/div>\n<\/div>\n<div class=\"chartColumnShortCell\">\n \t\t<strong>Figura 96<br \/>\n \t\t<\/strong><br \/>\nLavado bronquial<br \/>\n<br \/>\nEn este carcinoma escamoso las formas celulares bizarras con n\u00facleos angulados puntiagudos.<br \/>\n60x <\/div>\n<div class=\"newRow\"><\/div>\n<div class=\"chartColumnCell\">\n<a href=\"\/gallery\/images_large\/slide0610.jpg\" class=\"highslide\" onclick=\"return hs.expand(this)\"><br \/>\n\t<img decoding=\"async\" src=\"\/gallery\/images\/slide0610.jpg\" alt=\"Image 3\" border=\"0\" title=\"Click to enlarge\"><\/a><\/p>\n<div class=\"highslide-caption\">\n<strong>Figura 97<\/strong><br \/>\n<br \/>\nCepillado bronquial<br \/>\nA bajo aumento un cepillado bronquial de un carcinoma escamoso.  20x<\/div>\n<\/div>\n<div class=\"chartColumnShortCell\">\n \t\t<strong>Figura 97<br \/>\n \t\t<\/strong><br \/>\nCepillado bronquial<br \/>\nA bajo aumento un cepillado bronquial de un carcinoma escamoso.<br \/>\n20x <\/div>\n<div class=\"newRow\"><\/div>\n<div class=\"chartColumnCell\">\n<a href=\"\/gallery\/images_large\/slide0611.jpg\" class=\"highslide\" onclick=\"return hs.expand(this)\"><br \/>\n\t<img decoding=\"async\" src=\"\/gallery\/images\/slide0611.jpg\" alt=\"Image 3\" border=\"0\" title=\"Click to enlarge\"><\/a><\/p>\n<div class=\"highslide-caption\">\n<strong>Figura 98<\/strong><br \/>\n<br \/>\nCepillado bronquial<br \/>\nEn este carcinoma escamoso las c\u00e9lulas est\u00e1n bien diferenciadas .  60x <\/div>\n<\/div>\n<div class=\"chartColumnShortCell\">\n \t\t<strong>Figura 98<br \/>\n \t\t<\/strong><br \/>\nCepillado bronquial<br \/>\n<br \/>\nEn este carcinoma escamoso las c\u00e9lulas est\u00e1n bien diferenciadas .<br \/>\n60x <\/div>\n<div class=\"newRow\"><\/div>\n<div class=\"chartColumnCell\">\n<a href=\"\/gallery\/images_large\/slide0612.jpg\" class=\"highslide\" onclick=\"return hs.expand(this)\"><br \/>\n\t<img decoding=\"async\" src=\"\/gallery\/images\/slide0612.jpg\" alt=\"Image 3\" border=\"0\" title=\"Click to enlarge\"><\/a><\/p>\n<div class=\"highslide-caption\">\n<strong>Figura 99<\/strong><br \/>\n<br \/>\nCepillado bronquial<br \/>\nEpitelio bronquial ligeramente reactivo. Comparar esta imagen con la fotograf\u00eda previa. 60x  <\/div>\n<\/div>\n<div class=\"chartColumnShortCell\">\n \t\t<strong>Figura 99<br \/>\n \t\t<\/strong><br \/>\nCepillado bronquial<br \/>\n<br \/>\nEpitelio bronquial ligeramente reactivo. Comparar esta imagen con la fotograf\u00eda previa.<br \/>\n60x <\/div>\n<div class=\"newRow\"><\/div>\n<div class=\"chartColumnCell\">\n<a href=\"\/gallery\/images_large\/slide0613.jpg\" class=\"highslide\" onclick=\"return hs.expand(this)\"><br \/>\n\t<img decoding=\"async\" src=\"\/gallery\/images\/slide0613.jpg\" alt=\"Image 3\" border=\"0\" title=\"Click to enlarge\"><\/a><\/p>\n<div class=\"highslide-caption\">\n<strong>Figura 100<\/strong><br \/>\n<br \/>\nCepillado bronquial<br \/>\nEn este carcinoma escamoso aparecen c\u00e9lulas tumorales gigantes 60x <\/div>\n<\/div>\n<div class=\"chartColumnShortCell\">\n \t\t<strong>Figura 100<br \/>\n \t\t<\/strong><br \/>\nCepillado bronquial<br \/>\n<br \/>\nEn este carcinoma escamoso aparecen c\u00e9lulas tumorales gigantes<br \/>\n60x <\/div>\n<div class=\"newRow\"><\/div>\n<div class=\"chartColumnCell\">\n<a href=\"\/gallery\/images_large\/slide0614.jpg\" class=\"highslide\" onclick=\"return hs.expand(this)\"><br \/>\n\t<img decoding=\"async\" src=\"\/gallery\/images\/slide0614.jpg\" alt=\"Image 3\" border=\"0\" title=\"Click to enlarge\"><\/a><\/p>\n<div class=\"highslide-caption\">\n<strong>Figura 101<\/strong><br \/>\n<br \/>\nCepillado del l\u00f3bulo superior izquierdo <br \/>\nA bajo aumento un carcinoma escamoso.  20x  <\/div>\n<\/div>\n<div class=\"chartColumnShortCell\">\n \t\t<strong>Figura 101<br \/>\n \t\t<\/strong><br \/>\nCepillado del l\u00f3bulo superior izquierdo <br \/>\nA bajo aumento un carcinoma escamoso.<br \/>\n20x <\/div>\n<div class=\"newRow\"><\/div>\n<div class=\"chartColumnCell\">\n<a href=\"\/gallery\/images_large\/slide0615.jpg\" class=\"highslide\" onclick=\"return hs.expand(this)\"><br \/>\n\t<img decoding=\"async\" src=\"\/gallery\/images\/slide0615.jpg\" alt=\"Image 3\" border=\"0\" title=\"Click to enlarge\"><\/a><\/p>\n<div class=\"highslide-caption\">\n<strong>Figura 102<\/strong><br \/>\n<br \/>\nA bajo aumento un carcinoma escamoso<br \/>\nPlacas de c\u00e9lulas tumorales caracter\u00edsticas de un carcinoma escamoso.  40x<\/div>\n<\/div>\n<div class=\"chartColumnShortCell\">\n \t\t<strong>Figura 102<br \/>\n \t\t<\/strong><br \/>\nA bajo aumento un carcinoma escamoso<br \/>\n<br \/>\nPlacas de c\u00e9lulas tumorales caracter\u00edsticas de un carcinoma escamoso.<br \/>\n40x <\/div>\n<div class=\"newRow\"><\/div>\n<div class=\"chartColumnCell\">\n<a href=\"\/gallery\/images_large\/slide0616.jpg\" class=\"highslide\" onclick=\"return hs.expand(this)\"><br \/>\n\t<img decoding=\"async\" src=\"\/gallery\/images\/slide0616.jpg\" alt=\"Image 3\" border=\"0\" title=\"Click to enlarge\"><\/a><\/p>\n<div class=\"highslide-caption\">\n<strong>Figura 103<\/strong><br \/>\n<br \/>\nA bajo aumento un carcinoma escamoso<br \/>\nObservar en este caso el variable n\u00famero y posici\u00f3n de los nucleolos.  60x  <\/div>\n<\/div>\n<div class=\"chartColumnShortCell\">\n \t\t<strong>Figura 103<br \/>\n \t\t<\/strong><br \/>\nA bajo aumento un carcinoma escamoso<br \/>\nObservar en este caso el variable n\u00famero y posici\u00f3n de los nucleolos.<br \/>\n60x <\/div>\n<div class=\"newRow\"><\/div>\n<div class=\"chartColumnCell\">\n<a href=\"\/gallery\/images_large\/slide0617.jpg\" class=\"highslide\" onclick=\"return hs.expand(this)\"><br \/>\n\t<img decoding=\"async\" src=\"\/gallery\/images\/slide0617.jpg\" alt=\"Image 3\" border=\"0\" title=\"Click to enlarge\"><\/a><\/p>\n<div class=\"highslide-caption\">\n<strong>Figura 104<\/strong><br \/>\n<br \/>\nA bajo aumento un carcinoma escamoso<br \/>\nLa c\u00e9lula de la derecha muestra una forma nuclear irregular, cromatina grumosa y m\u00faltiples nucleolos con formas irregulares. Hay masas de queratina en el citoplasma que indican diferenciaci\u00f3n escamosa.  60x <\/div>\n<\/div>\n<div class=\"chartColumnLongCell\">\n \t\t<strong>Figura 104<br \/>\n \t\t<\/strong><br \/>\nA bajo aumento un carcinoma escamoso<br \/>\n<br \/>\nLa c\u00e9lula de la derecha muestra una forma nuclear irregular, cromatina grumosa y m\u00faltiples nucleolos con formas irregulares. Hay masas de queratina en el citoplasma que indican diferenciaci\u00f3n escamosa.<br \/>\n60x <\/div>\n<\/div>\n<div class=\"newRow\"><\/div>\n<p><a class=\"back\" href=\"#\">Volver arriba<\/a><\/p>\n<p><a href=\"nongyn_atlas.htm\">Volver a la Tabla de Contenidos<\/a><\/p>\n<\/div>\n<p>[\/vc_column_text][vc_column_text]<strong><a href=\"#main\">Back to Top<\/a><\/strong>[\/vc_column_text][\/vc_column][vc_column width=&#8221;1\/3&#8243; offset=&#8221;vc_hidden-sm vc_hidden-xs&#8221;][vc_widget_sidebar sidebar_id=&#8221;consulting-right-sidebar&#8221;][\/vc_column][\/vc_row]<\/p>\n","protected":false},"excerpt":{"rendered":"<p>[vc_row 0=&#8221;&#8221;][vc_column 0=&#8221;&#8221; offset=&#8221;vc_hidden-lg vc_hidden-md&#8221;][vc_raw_html 0=&#8221;&#8221;]PGNlbnRlcj48YSBjbGFzcz0ic2hpZnRuYXYtdG9nZ2xlIHNoaWZ0bmF2LXRvZ2dsZS1idXR0b24iIGRhdGEtc2hpZnRuYXYtdGFyZ2V0PSJzaGlmdG5hdi1tYWluIj48aSBjbGFzcz0iZmEgZmEtYmFycyI+PC9pPiBUYWJsZSBvZiBDb250ZW50cyA8L2E+PC9jZW50ZXI+[\/vc_raw_html][\/vc_column][\/vc_row][vc_row][vc_column][vc_custom_heading text=&#8221;Citolog\u00eda Respiratoria&#8221; font_container=&#8221;tag:h1|text_align:center&#8221; use_theme_fonts=&#8221;yes&#8221;][\/vc_column][\/vc_row][vc_row][vc_column width=&#8221;2\/3&#8243;][vc_column_text] CARCINOMA ESCAMOSO Nota: Puede clicar en cualquier imagen del Atlas para ver la imagen aumentada Figura 76 Esputo C\u00e9lulas orangof\u00edlicas con n\u00facleos hipercrom\u00e1ticos sospechosas de carcinoma escamoso. 60x Figura 77 Esputo Las c\u00e9lulas escamosas metapl\u00e1sicas at\u00edpicas consideradas como sospechosas de carcinoma escamoso ya que<\/p>\n","protected":false},"author":7,"featured_media":0,"parent":1953,"menu_order":0,"comment_status":"closed","ping_status":"closed","template":"","meta":{"ngg_post_thumbnail":0,"footnotes":""},"class_list":["post-2144","page","type-page","status-publish","hentry"],"_links":{"self":[{"href":"https:\/\/dev.cytologystuff.com\/es\/wp-json\/wp\/v2\/pages\/2144","targetHints":{"allow":["GET"]}}],"collection":[{"href":"https:\/\/dev.cytologystuff.com\/es\/wp-json\/wp\/v2\/pages"}],"about":[{"href":"https:\/\/dev.cytologystuff.com\/es\/wp-json\/wp\/v2\/types\/page"}],"author":[{"embeddable":true,"href":"https:\/\/dev.cytologystuff.com\/es\/wp-json\/wp\/v2\/users\/7"}],"replies":[{"embeddable":true,"href":"https:\/\/dev.cytologystuff.com\/es\/wp-json\/wp\/v2\/comments?post=2144"}],"version-history":[{"count":0,"href":"https:\/\/dev.cytologystuff.com\/es\/wp-json\/wp\/v2\/pages\/2144\/revisions"}],"up":[{"embeddable":true,"href":"https:\/\/dev.cytologystuff.com\/es\/wp-json\/wp\/v2\/pages\/1953"}],"wp:attachment":[{"href":"https:\/\/dev.cytologystuff.com\/es\/wp-json\/wp\/v2\/media?parent=2144"}],"curies":[{"name":"wp","href":"https:\/\/api.w.org\/{rel}","templated":true}]}}