{"id":2137,"date":"2017-08-01T12:50:03","date_gmt":"2017-08-01T12:50:03","guid":{"rendered":"http:\/\/cytologystuff1.wpengine.com\/non-gyn-atlas\/respiratory-cytology-small-cell-undifferentiated-carcinoma\/"},"modified":"2017-11-21T11:27:45","modified_gmt":"2017-11-21T11:27:45","slug":"respiratory-cytology-small-cell-undifferentiated-carcinoma","status":"publish","type":"page","link":"https:\/\/dev.cytologystuff.com\/es\/non-gyn-atlas\/respiratory-cytology-small-cell-undifferentiated-carcinoma\/","title":{"rendered":"Citolog\u00eda Respiratoria"},"content":{"rendered":"<p>[vc_row 0=&#8221;&#8221;][vc_column 0=&#8221;&#8221; offset=&#8221;vc_hidden-lg vc_hidden-md&#8221;][vc_raw_html 0=&#8221;&#8221;]PGNlbnRlcj48YSBjbGFzcz0ic2hpZnRuYXYtdG9nZ2xlIHNoaWZ0bmF2LXRvZ2dsZS1idXR0b24iIGRhdGEtc2hpZnRuYXYtdGFyZ2V0PSJzaGlmdG5hdi1tYWluIj48aSBjbGFzcz0iZmEgZmEtYmFycyI+PC9pPiBUYWJsZSBvZiBDb250ZW50cyA8L2E+PC9jZW50ZXI+[\/vc_raw_html][\/vc_column][\/vc_row][vc_row][vc_column][vc_custom_heading text=&#8221;Citolog\u00eda Respiratoria&#8221; font_container=&#8221;tag:h1|text_align:center&#8221; use_theme_fonts=&#8221;yes&#8221;][\/vc_column][\/vc_row][vc_row][vc_column width=&#8221;2\/3&#8243;][vc_column_text]<\/p>\n<div id=>\n<p class=\"subhead\" id=\"acknowledgements\">CARCINOMA INDIFERENCIADO DE C\u00c9LULA PEQUE\u00d1A    <\/p>\n<p style=\"padding-left:7px\"><a href=\"javascript:void(0)\"  style=\"width:300px;display:block\"><img loading=\"lazy\" decoding=\"async\" src=\"\/images\/button27h.gif\" id=\"selfAssessImg\" width=\"400\" height=\"40\"><\/a><\/p>\n<div class=\"highslide-gallery\">\n<strong> Nota: Puede clicar en cualquier imagen del<br \/>\nAtlas para ver la imagen aumentada<\/strong><\/p>\n<div class=\"chartColumnCell\">\n<a href=\"\/gallery\/images_large\/slide0655.jpg\" class=\"highslide\" onclick=\"return hs.expand(this)\" name=\"pap\"><br \/>\n\t<img decoding=\"async\" src=\"\/gallery\/images\/slide0655.jpg\" alt=\"Image 2\" border=\"0\" title=\"Click to enlarge\"><\/a><\/p>\n<div class=\"highslide-caption\">\n<strong>Figura 142<\/strong><br \/>\n<br \/>\nEsputo<br \/>\nUn esputo mostrando un carcinoma indiferenciado de c\u00e9lula peque\u00f1a. Comparar el tama\u00f1o de las c\u00e9lulas malignas con el de las c\u00e9lulas escamosas superficiales.   20x  <\/div>\n<\/div>\n<div class=\"chartColumnLongCell\">\n        <strong>Figura 142<br \/>\n        <\/strong><br \/>\nEsputo<br \/>\nUn esputo mostrando un carcinoma indiferenciado de c\u00e9lula peque\u00f1a. Comparar el tama\u00f1o de las c\u00e9lulas malignas con el de las c\u00e9lulas escamosas superficiales.<br \/>\n20x <\/div>\n<div class=\"newRow\"><\/div>\n<div class=\"chartColumnCell\">\n<a href=\"\/gallery\/images_large\/slide0656.jpg\" class=\"highslide\" onclick=\"return hs.expand(this)\"><br \/>\n\t<img decoding=\"async\" src=\"\/gallery\/images\/slide0656.jpg\" alt=\"Image 3\" border=\"0\" title=\"Click to enlarge\"><\/a><\/p>\n<div class=\"highslide-caption\">\n<strong>Figura 143<\/strong><br \/>\n<br \/>\nEsputo<br \/>\nRangos de tinci\u00f3n nuclear de oscuro a p\u00e1lido, reflejando picnosis y necrosis celular, respectivamente.  40x<\/div>\n<\/div>\n<div class=\"chartColumnLongCell\">\n \t<strong>Figura 143<br \/>\n \t<\/strong><br \/>\n Esputo<br \/>\nRangos de tinci\u00f3n nuclear de oscuro a p\u00e1lido, reflejando picnosis y necrosis celular, respectivamente.<br \/>\n40x<\/div>\n<div class=\"newRow\"><\/div>\n<div class=\"chartColumnCell\">\n<a href=\"\/gallery\/images_large\/slide0657.jpg\" class=\"highslide\" onclick=\"return hs.expand(this)\"><br \/>\n\t<img decoding=\"async\" src=\"\/gallery\/images\/slide0657.jpg\" alt=\"Image 3\" border=\"0\" title=\"Click to enlarge\"><\/a><\/p>\n<div class=\"highslide-caption\">\n<strong>Figura 144<br \/>\n<\/strong><br \/>\nEsputo<br \/>\nA gran aumento se muestra picnosis nuclear en un carcinoma indiferenciado de c\u00e9lula peque\u00f1a. 60x  <\/div>\n<\/div>\n<div class=\"chartColumnLongCell\">\n<strong>Figura 144<br \/>\n<\/strong><br \/>\nEsputo<br \/>\nA gran aumento se muestra picnosis nuclear en un carcinoma indiferenciado de c\u00e9lula peque\u00f1a.<br \/>\n60x <\/div>\n<div class=\"newRow\"><\/div>\n<div class=\"chartColumnCell\">\n<a href=\"\/gallery\/images_large\/slide0658.jpg\" class=\"highslide\" onclick=\"return hs.expand(this)\" name=\"pap\"><br \/>\n\t<img decoding=\"async\" src=\"\/gallery\/images\/slide0658.jpg\" alt=\"Image 2\" border=\"0\" title=\"Click to enlarge\"><\/a><\/p>\n<div class=\"highslide-caption\">\n<strong>Figura 145<\/strong><br \/>\n<br \/>\nEsputo<br \/>\nEl amoldamiento de unos n\u00facleos con otros, caracter\u00edstica del carcinoma indiferenciado de c\u00e9lula peque\u00f1a, se muestra en el centro de este grupo.  60x<\/div>\n<\/div>\n<div class=\"chartColumnLongCell\">\n        <strong>Figura 145<br \/>\n        <\/strong><br \/>\nEsputo<br \/>\nEl amoldamiento de unos n\u00facleos con otros, caracter\u00edstica del carcinoma indiferenciado de c\u00e9lula peque\u00f1a, se muestra en el centro de este grupo.<br \/>\n60x<\/div>\n<div class=\"newRow\"><\/div>\n<div class=\"chartColumnCell\">\n<a href=\"\/gallery\/images_large\/slide0659.jpg\" class=\"highslide\" onclick=\"return hs.expand(this)\"><br \/>\n\t<img decoding=\"async\" src=\"\/gallery\/images\/slide0659.jpg\" alt=\"Image 3\" border=\"0\" title=\"Click to enlarge\"><\/a><\/p>\n<div class=\"highslide-caption\">\n<strong>Figura 146<\/strong><br \/>\n<br \/>\nEsputo<br \/>\nLa picnosis nuclear es m\u00e1s com\u00fan en las muestras de esputo de un carcinoma indiferenciado de c\u00e9lula peque\u00f1a en comparaci\u00f3n con la toma de muestra por recogida directa.  60x <\/div>\n<\/div>\n<div class=\"chartColumnLongCell\">\n \t<strong>Figura 146<br \/>\n \t<\/strong><br \/>\nEsputo<br \/>\nLa picnosis nuclear es m\u00e1s com\u00fan en las muestras de esputo de un carcinoma indiferenciado de c\u00e9lula peque\u00f1a en comparaci\u00f3n con la toma de muestra por recogida directa.<br \/>\n60x\n<\/div>\n<div class=\"newRow\"><\/div>\n<div class=\"chartColumnCell\">\n<a href=\"\/gallery\/images_large\/slide0660.jpg\" class=\"highslide\" onclick=\"return hs.expand(this)\" name=\"pap\"><br \/>\n\t<img decoding=\"async\" src=\"\/gallery\/images\/slide0660.jpg\" alt=\"Image 2\" border=\"0\" title=\"Click to enlarge\"><\/a><\/p>\n<div class=\"highslide-caption\">\n<strong>Figura 147<\/strong><br \/>\n<br \/>\nEsputo<br \/>\nEn un esputo, las c\u00e9lulas tumorales de un carcinoma indiferenciado de c\u00e9lula peque\u00f1a se pueden ver en una configuraci\u00f3n lineal. 60x <\/div>\n<\/div>\n<div class=\"chartColumnLongCell\">\n        <strong>Figura 147<br \/>\n        <\/strong><br \/>\nEsputo<br \/>\nEn un esputo, las c\u00e9lulas tumorales de un carcinoma indiferenciado de c\u00e9lula peque\u00f1a se pueden ver en una configuraci\u00f3n lineal.<br \/>\n60x <\/div>\n<div class=\"newRow\"><\/div>\n<div class=\"chartColumnCell\">\n<a href=\"\/gallery\/images_large\/slide0661.jpg\" class=\"highslide\" onclick=\"return hs.expand(this)\"><br \/>\n\t<img decoding=\"async\" src=\"\/gallery\/images\/slide0661.jpg\" alt=\"Image 3\" border=\"0\" title=\"Click to enlarge\"><\/a><\/p>\n<div class=\"highslide-caption\">\n<strong>Figura 148<\/strong><br \/>\n<br \/>\nAguja de wang <br \/>\nEsta muestra, recogida por biopsia con aguja transbronquial, muestra mejor preservaci\u00f3n nuclear y menos amoldamiento nuclear.  40x <\/div>\n<\/div>\n<div class=\"chartColumnLongCell\">\n \t<strong>Figura 148<br \/>\n \t<\/strong>        \t\tAguja de wang <br \/>\nEsta muestra, recogida por biopsia con aguja transbronquial, muestra mejor preservaci\u00f3n nuclear y menos amoldamiento nuclear.<br \/>\n40x <\/div>\n<div class=\"newRow\"><\/div>\n<div class=\"chartColumnCell\">\n<a href=\"\/gallery\/images_large\/slide0662.jpg\" class=\"highslide\" onclick=\"return hs.expand(this)\"><br \/>\n\t<img decoding=\"async\" src=\"\/gallery\/images\/slide0662.jpg\" alt=\"Image 3\" border=\"0\" title=\"Click to enlarge\"><\/a><\/p>\n<div class=\"highslide-caption\">\n<strong>Figura 149<\/strong><br \/>\n<br \/>\nAguja de wang <br \/>\nObserva la fr\u00e1gil cromatina de este carcinoma indiferenciado de c\u00e9lula peque\u00f1a recogida por punci\u00f3n-aspiraci\u00f3n. No se observan nucleolos. 60x  <\/div>\n<\/div>\n<div class=\"chartColumnLongCell\">\n \t<strong>Figura 149<br \/>\n \t<\/strong>        \t\tAguja de wang <br \/>\nObserva la fr\u00e1gil cromatina de este carcinoma indiferenciado de c\u00e9lula peque\u00f1a recogida por punci\u00f3n-aspiraci\u00f3n. No se observan nucleolos.<br \/>\n60x <\/div>\n<div class=\"newRow\"><\/div>\n<div class=\"chartColumnCell\">\n<a href=\"\/gallery\/images_large\/slide0663.jpg\" class=\"highslide\" onclick=\"return hs.expand(this)\"><br \/>\n\t<img decoding=\"async\" src=\"\/gallery\/images\/slide0663.jpg\" alt=\"Image 3\" border=\"0\" title=\"Click to enlarge\"><\/a><\/p>\n<div class=\"highslide-caption\">\n<strong>Figura 150<\/strong><br \/>\n<br \/>\nAguja de wang <br \/>\nEn un carcinoma indiferenciado de c\u00e9lula peque\u00f1a las c\u00e9lulas pueden ser rendondeadas en forma de zanahoria o piramidales .  60x<\/div>\n<\/div>\n<div class=\"chartColumnLongCell\">\n \t<strong>Figura 150<br \/>\n \t<\/strong>        \t\tAguja de wang <br \/>\nEn un carcinoma indiferenciado de c\u00e9lula peque\u00f1a las c\u00e9lulas pueden ser rendondeadas en forma de zanahoria o piramidales . 60x  <\/div>\n<div class=\"newRow\"><\/div>\n<div class=\"chartColumnCell\">\n<a href=\"\/gallery\/images_large\/slide0664.jpg\" class=\"highslide\" onclick=\"return hs.expand(this)\" name=\"pap\"><br \/>\n\t<img decoding=\"async\" src=\"\/gallery\/images\/slide0664.jpg\" alt=\"Image 2\" border=\"0\" title=\"Click to enlarge\"><\/a><\/p>\n<div class=\"highslide-caption\">\n<strong>Figura 151<\/strong><br \/>\n<br \/>\nCepillado bronquial<br \/>\nCepillado bronquial de un carcinoma indiferenciado de c\u00e9lula peque\u00f1a. Las c\u00e9lulas est\u00e1n estrechamente agrupadas.  40x  <\/div>\n<\/div>\n<div class=\"chartColumnLongCell\">\n        <strong>Figura 151<br \/>\n        <\/strong><br \/>\nCepillado bronquial<br \/>\nCepillado bronquial de un carcinoma indiferenciado de c\u00e9lula peque\u00f1a. Las c\u00e9lulas est\u00e1n estrechamente agrupadas.<br \/>\n40x <\/div>\n<div class=\"newRow\"><\/div>\n<div class=\"chartColumnCell\">\n<a href=\"\/gallery\/images_large\/slide0665.jpg\" class=\"highslide\" onclick=\"return hs.expand(this)\"><br \/>\n\t<img decoding=\"async\" src=\"\/gallery\/images\/slide0665.jpg\" alt=\"Image 3\" border=\"0\" title=\"Click to enlarge\"><\/a><\/p>\n<div class=\"highslide-caption\">\n<strong>Figura 152<\/strong><br \/>\n<br \/>\nCepillado bronquial<br \/>\nA mayor aumento se muestra amoldamiento nuclear y necrosis celular individual. 60x  <\/div>\n<\/div>\n<div class=\"chartColumnLongCell\">\n \t<strong>Figura 152<br \/>\n \t<\/strong><br \/>\nCepillado bronquial<br \/>\nA mayor aumento se muestra amoldamiento nuclear y necrosis celular individual.<br \/>\n60x   <\/div>\n<div class=\"newRow\"><\/div>\n<div class=\"chartColumnCell\">\n<a href=\"\/gallery\/images_large\/slide0666.jpg\" class=\"highslide\" onclick=\"return hs.expand(this)\"><br \/>\n\t<img decoding=\"async\" src=\"\/gallery\/images\/slide0666.jpg\" alt=\"Image 3\" border=\"0\" title=\"Click to enlarge\"><\/a><\/p>\n<div class=\"highslide-caption\">\n<strong>Figura 153<\/strong><br \/>\n<br \/>\nLavado broncoalveolar<br \/>\nEl tipo de c\u00e9lula intermedia de un carcinoma indiferenciado de c\u00e9lula peque\u00f1a es ligeramente mayor en di\u00e1metro celular .  20x  <\/div>\n<\/div>\n<div class=\"chartColumnLongCell\">\n \t<strong>Figura 153<br \/>\n \t<\/strong><br \/>\nLavado broncoalveolar<br \/>\nEl tipo de c\u00e9lula intermedia de un carcinoma indiferenciado de c\u00e9lula peque\u00f1a es ligeramente mayor en di\u00e1metro celular .<br \/>\n20x <\/div>\n<div class=\"newRow\"><\/div>\n<div class=\"chartColumnCell\">\n<a href=\"\/gallery\/images_large\/slide0667.jpg\" class=\"highslide\" onclick=\"return hs.expand(this)\"><br \/>\n\t<img decoding=\"async\" src=\"\/gallery\/images\/slide0667.jpg\" alt=\"Image 3\" border=\"0\" title=\"Click to enlarge\"><\/a><\/p>\n<div class=\"highslide-caption\">\n<strong>Figura 154<\/strong><br \/>\n<br \/>\nLavado broncoalveolar<br \/>\nCarcinoma indiferenciado de c\u00e9lula peque\u00f1a, tipo c\u00e9lula intermedia. Comparar el tama\u00f1o de las c\u00e9lulas malignas al de la c\u00e9lula epitelial bronquial columnar adyacente . 60x <\/div>\n<\/div>\n<div class=\"chartColumnLongCell\">\n \t<strong>Figura 154<br \/>\n \t<\/strong><br \/>\nLavado broncoalveolar<br \/>\nCarcinoma indiferenciado de c\u00e9lula peque\u00f1a, tipo c\u00e9lula intermedia. Comparar el tama\u00f1o de las c\u00e9lulas malignas al de la c\u00e9lula epitelial bronquial columnar adyacente .<br \/>\n60x<\/div>\n<\/div>\n<div class=\"newRow\"><\/div>\n<p><a class=\"back\" href=\"#\"> Volver arriba<\/a><\/p>\n<p><a href=\"nongyn_atlas.htm\">Volver a la Tabla de Contenidos<\/a><\/p>\n<\/div>\n<p>[\/vc_column_text][vc_column_text el_class=&#8221;back-to-top&#8221;]<strong><a href=\"#main\">Back to Top<\/a><\/strong>[\/vc_column_text][\/vc_column][vc_column width=&#8221;1\/3&#8243; offset=&#8221;vc_hidden-sm vc_hidden-xs&#8221;][vc_widget_sidebar sidebar_id=&#8221;consulting-right-sidebar&#8221;][\/vc_column][\/vc_row]<\/p>\n","protected":false},"excerpt":{"rendered":"<p>[vc_row 0=&#8221;&#8221;][vc_column 0=&#8221;&#8221; offset=&#8221;vc_hidden-lg vc_hidden-md&#8221;][vc_raw_html 0=&#8221;&#8221;]PGNlbnRlcj48YSBjbGFzcz0ic2hpZnRuYXYtdG9nZ2xlIHNoaWZ0bmF2LXRvZ2dsZS1idXR0b24iIGRhdGEtc2hpZnRuYXYtdGFyZ2V0PSJzaGlmdG5hdi1tYWluIj48aSBjbGFzcz0iZmEgZmEtYmFycyI+PC9pPiBUYWJsZSBvZiBDb250ZW50cyA8L2E+PC9jZW50ZXI+[\/vc_raw_html][\/vc_column][\/vc_row][vc_row][vc_column][vc_custom_heading text=&#8221;Citolog\u00eda Respiratoria&#8221; font_container=&#8221;tag:h1|text_align:center&#8221; use_theme_fonts=&#8221;yes&#8221;][\/vc_column][\/vc_row][vc_row][vc_column width=&#8221;2\/3&#8243;][vc_column_text] CARCINOMA INDIFERENCIADO DE C\u00c9LULA PEQUE\u00d1A Nota: Puede clicar en cualquier imagen del Atlas para ver la imagen aumentada Figura 142 Esputo Un esputo mostrando un carcinoma indiferenciado de c\u00e9lula peque\u00f1a. Comparar el tama\u00f1o de las c\u00e9lulas malignas con el de las c\u00e9lulas escamosas superficiales.<\/p>\n","protected":false},"author":7,"featured_media":0,"parent":1953,"menu_order":0,"comment_status":"closed","ping_status":"closed","template":"","meta":{"ngg_post_thumbnail":0,"footnotes":""},"class_list":["post-2137","page","type-page","status-publish","hentry"],"_links":{"self":[{"href":"https:\/\/dev.cytologystuff.com\/es\/wp-json\/wp\/v2\/pages\/2137","targetHints":{"allow":["GET"]}}],"collection":[{"href":"https:\/\/dev.cytologystuff.com\/es\/wp-json\/wp\/v2\/pages"}],"about":[{"href":"https:\/\/dev.cytologystuff.com\/es\/wp-json\/wp\/v2\/types\/page"}],"author":[{"embeddable":true,"href":"https:\/\/dev.cytologystuff.com\/es\/wp-json\/wp\/v2\/users\/7"}],"replies":[{"embeddable":true,"href":"https:\/\/dev.cytologystuff.com\/es\/wp-json\/wp\/v2\/comments?post=2137"}],"version-history":[{"count":0,"href":"https:\/\/dev.cytologystuff.com\/es\/wp-json\/wp\/v2\/pages\/2137\/revisions"}],"up":[{"embeddable":true,"href":"https:\/\/dev.cytologystuff.com\/es\/wp-json\/wp\/v2\/pages\/1953"}],"wp:attachment":[{"href":"https:\/\/dev.cytologystuff.com\/es\/wp-json\/wp\/v2\/media?parent=2137"}],"curies":[{"name":"wp","href":"https:\/\/api.w.org\/{rel}","templated":true}]}}