{"id":2123,"date":"2017-08-01T12:43:59","date_gmt":"2017-08-01T12:43:59","guid":{"rendered":"http:\/\/cytologystuff1.wpengine.com\/non-gyn-atlas\/respiratory-cytology-normal\/"},"modified":"2017-11-17T07:04:45","modified_gmt":"2017-11-17T07:04:45","slug":"respiratory-cytology-normal","status":"publish","type":"page","link":"https:\/\/dev.cytologystuff.com\/es\/non-gyn-atlas\/respiratory-cytology-normal\/","title":{"rendered":"Citolog\u00eda Respiratoria"},"content":{"rendered":"<p>[vc_row 0=&#8221;&#8221;][vc_column 0=&#8221;&#8221; offset=&#8221;vc_hidden-lg vc_hidden-md&#8221;][vc_raw_html 0=&#8221;&#8221;]PGNlbnRlcj48YSBjbGFzcz0ic2hpZnRuYXYtdG9nZ2xlIHNoaWZ0bmF2LXRvZ2dsZS1idXR0b24iIGRhdGEtc2hpZnRuYXYtdGFyZ2V0PSJzaGlmdG5hdi1tYWluIj48aSBjbGFzcz0iZmEgZmEtYmFycyI+PC9pPiBUYWJsZSBvZiBDb250ZW50cyA8L2E+PC9jZW50ZXI+[\/vc_raw_html][\/vc_column][\/vc_row][vc_row][vc_column][vc_custom_heading text=&#8221;Citolog\u00eda Respiratoria&#8221; font_container=&#8221;tag:h1|text_align:center&#8221; use_theme_fonts=&#8221;yes&#8221;][\/vc_column][\/vc_row][vc_row][vc_column width=&#8221;2\/3&#8243;][vc_column_text]<\/p>\n<div id=>\n<p class=\"subhead\" id=\"acknowledgements\">NORMAL<\/p>\n<p style=\"padding-left:7px\"><a href=\"javascript:void(0)\"  style=\"width:300px;display:block\"><img loading=\"lazy\" decoding=\"async\" src=\"\/images\/button27h.gif\" id=\"selfAssessImg\" width=\"400\" height=\"40\"><\/a><\/p>\n<div class=\"highslide-gallery\">\n<strong>Nota: Puede clicar en cualquier imagen del<br \/>\nAtlas para ver la imagen aumentada<\/strong><\/p>\n<div class=\"chartColumnCell\">\n<a href=\"\/gallery\/images_large\/slide0514.jpg\" class=\"highslide\" onclick=\"return hs.expand(this)\" name=\"pap\"><br \/>\n\t<img decoding=\"async\" src=\"\/gallery\/images\/slide0514.jpg\" alt=\"Image 2\" border=\"0\" title=\"Click to enlarge\"><\/a><\/p>\n<div class=\"highslide-caption\">\n<strong>Figura 1<\/strong><br \/>\n<br \/>Lavado broncoalveolar <br \/>A bajo aumento una mezcla de c\u00e9lulas epiteliales y macr\u00f3fagos.  20x<\/div>\n<\/div>\n<div class=\"chartColumnShortCell\">\n        \t<strong>Figura 1<br \/>\n        \t<\/strong>Lavado broncoalveolar <br \/>\nA bajo aumento una mezcla de c\u00e9lulas epiteliales y macr\u00f3fagos.<br \/>\n20x <\/div>\n<div class=\"newRow\"><\/div>\n<div class=\"chartColumnCell\">\n<a href=\"\/gallery\/images_large\/slide0515.jpg\" class=\"highslide\" onclick=\"return hs.expand(this)\"><br \/>\n\t<img decoding=\"async\" src=\"\/gallery\/images\/slide0515.jpg\" alt=\"Image 3\" border=\"0\" title=\"Click to enlarge\"><\/a><\/p>\n<div class=\"highslide-caption\">\n<strong>Figura 2<\/strong><br \/>\n<br \/>Lavado broncoalveolar <br \/>Tanto los macr\u00f3fagos como las c\u00e9lulas epiteliales bronquiales puede ser multinucleadas.<br \/>\n 40x <\/div>\n<\/div>\n<div class=\"chartColumnShortCell\">\n \t\t<strong>Figura 2<br \/>\n \t\t<\/strong>        \t\tLavado broncoalveolar<br \/>\n        <br \/>\n        Tanto los macr\u00f3fagos como las c\u00e9lulas epiteliales bronquiales puede ser multinucleadas.<br \/>\n40x <\/div>\n<div class=\"newRow\"><\/div>\n<div class=\"chartColumnCell\">\n<a href=\"\/gallery\/images_large\/slide0516.jpg\" class=\"highslide\" onclick=\"return hs.expand(this)\"><br \/>\n\t<img decoding=\"async\" src=\"\/gallery\/images\/slide0516.jpg\" alt=\"Image 3\" border=\"0\" title=\"Click to enlarge\"><\/a><\/p>\n<div class=\"highslide-caption\">\n<strong>Figura 3<br \/><\/strong><br \/>\nLavado broncoalveolar <br \/>A mayor aumento c\u00e9lulas epiteliales bronquiales multinucleadas. Observar la placa de cierre sosteniendo los cilios. 60x <\/div>\n<\/div>\n<div class=\"chartColumnShortCell\">\n<strong>Figura 3<br \/>\n<\/strong><br \/>\nLavado broncoalveolar <br \/>\nA mayor aumento c\u00e9lulas epiteliales bronquiales multinucleadas. Observar la placa de cierre sosteniendo los cilios.<br \/>\n60x <\/div>\n<div class=\"newRow\"><\/div>\n<div class=\"chartColumnCell\">\n<a href=\"\/gallery\/images_large\/slide0517.jpg\" class=\"highslide\" onclick=\"return hs.expand(this)\" name=\"pap\"><br \/>\n\t<img decoding=\"async\" src=\"\/gallery\/images\/slide0517.jpg\" alt=\"Image 2\" border=\"0\" title=\"Click to enlarge\"><\/a><\/p>\n<div class=\"highslide-caption\">\n<strong>Figura 4<\/strong><br \/>\n<br \/>Lavado broncoalveolar <br \/>Los grupos de c\u00e9lulas epiteliales bronquiales pueden tener una gran profundidad de foco. 40x <\/div>\n<\/div>\n<div class=\"chartColumnShortCell\">\n        \t<strong>Figura 4<br \/>\n        \t<\/strong>Lavado broncoalveolar <br \/>\nLos grupos de c\u00e9lulas epiteliales bronquiales pueden tener una gran profundidad de foco.<br \/>\n40x<\/div>\n<div class=\"newRow\"><\/div>\n<div class=\"chartColumnCell\">\n<a href=\"\/gallery\/images_large\/slide0518.jpg\" class=\"highslide\" onclick=\"return hs.expand(this)\"><br \/>\n\t<img decoding=\"async\" src=\"\/gallery\/images\/slide0518.jpg\" alt=\"Image 3\" border=\"0\" title=\"Click to enlarge\"><\/a><\/p>\n<div class=\"highslide-caption\">\n<strong>Figura 5<\/strong><br \/>\n<br \/>Lavado broncoalveolar <br \/>Las c\u00e9lulas escamosas de la cavidad oral son comunes en las muestras respiratorias .  20x<\/div>\n<\/div>\n<div class=\"chartColumnShortCell\">\n \t\t<strong>Figura 5<br \/>\n \t\t<\/strong>        \t\tLavado broncoalveolar<br \/>\n        <br \/>\n       Las c\u00e9lulas escamosas de la cavidad oral son comunes en las muestras respiratorias .<br \/>\n20x <\/div>\n<div class=\"newRow\"><\/div>\n<div class=\"chartColumnCell\">\n<a href=\"\/gallery\/images_large\/slide0519.jpg\" class=\"highslide\" onclick=\"return hs.expand(this)\" name=\"pap\"><br \/>\n\t<img decoding=\"async\" src=\"\/gallery\/images\/slide0519.jpg\" alt=\"Image 2\" border=\"0\" title=\"Click to enlarge\"><\/a><\/p>\n<div class=\"highslide-caption\">\n<strong>Figura 6<\/strong><br \/>\n<br \/>Bronchalveolar lavage<br \/>La forma columnar de las c\u00e9lulas epiteliales bronquiales, con los n\u00facleos orientados basalmente se ilustra en el grupo de la derecha. El tama\u00f1o de estas c\u00e9lulas puede variar significativamente.  60x<\/div>\n<\/div>\n<div class=\"chartColumnLongCell\">\n        \t<strong>Figura 6<br \/>\n        \t<\/strong><br \/>\n            Bronchalveolar lavage<br \/>\n            <br \/>\n            La forma columnar de las c\u00e9lulas epiteliales bronquiales, con los n\u00facleos orientados basalmente se ilustra en el grupo de la derecha. El tama\u00f1o de estas c\u00e9lulas puede variar significativamente.<br \/>\n60x<\/div>\n<div class=\"newRow\"><\/div>\n<div class=\"chartColumnCell\">\n<a href=\"\/gallery\/images_large\/slide0520.jpg\" class=\"highslide\" onclick=\"return hs.expand(this)\"><br \/>\n\t<img decoding=\"async\" src=\"\/gallery\/images\/slide0520.jpg\" alt=\"Image 3\" border=\"0\" title=\"Click to enlarge\"><\/a><\/p>\n<div class=\"highslide-caption\">\n<strong>Figura 7<\/strong><br \/>\nA bajo aumento se ilustran muchos grupos de c\u00e9lulas recogidos por cepillado.10x<\/div>\n<\/div>\n<div class=\"chartColumnShortCell\">\n \t\t<strong>Figura 7<br \/>\n \t\t<\/strong>  Cepillado bronquial<br \/>\n        <br \/>\n  A bajo aumento se ilustran muchos grupos de c\u00e9lulas recogidos por cepillado.<br \/>\n10x <\/div>\n<div class=\"newRow\"><\/div>\n<div class=\"chartColumnCell\">\n<a href=\"\/gallery\/images_large\/slide0521.jpg\" class=\"highslide\" onclick=\"return hs.expand(this)\"><br \/>\n\t<img decoding=\"async\" src=\"\/gallery\/images\/slide0521.jpg\" alt=\"Image 3\" border=\"0\" title=\"Click to enlarge\"><\/a><\/p>\n<div class=\"highslide-caption\">\n<strong>Figura 8<\/strong><br \/>\n<br \/>Cepillado bronquial<br \/>Aunque las c\u00e9lulas son numerosas, mantienen las caracter\u00edsticas citol\u00f3gicas benignas.  60x<\/div>\n<\/div>\n<div class=\"chartColumnShortCell\">\n \t\t<strong>Figura 8<br \/>\n \t\t<\/strong>        \t\tCepillado bronquial<br \/>\nAunque las c\u00e9lulas son numerosas, mantienen las caracter\u00edsticas citol\u00f3gicas benignas.<br \/>\n60x <\/div>\n<div class=\"newRow\"><\/div>\n<div class=\"chartColumnCell\">\n<a href=\"\/gallery\/images_large\/slide0522.jpg\" class=\"highslide\" onclick=\"return hs.expand(this)\"><br \/>\n\t<img decoding=\"async\" src=\"\/gallery\/images\/slide0522.jpg\" alt=\"Image 3\" border=\"0\" title=\"Click to enlarge\"><\/a><\/p>\n<div class=\"highslide-caption\">\n<strong>Figura 9<\/strong><br \/>\n<br \/>Cepillado bronquial<br \/>Este grupo celular muestra c\u00e9lulas epiteliales bronquiales con cilios, una caracter\u00edstica del epitelio bronquial benigno.  40x  <\/div>\n<\/div>\n<div class=\"chartColumnShortCell\">\n \t\t<strong>Figura 9<br \/>\n \t\t<\/strong>    \t\tCepillado bronquial<br \/>\n        <br \/>\n        Este grupo celular muestra c\u00e9lulas epiteliales bronquiales con cilios, una caracter\u00edstica del epitelio bronquial benigno.<br \/>\n40x <\/div>\n<div class=\"newRow\"><\/div>\n<div class=\"chartColumnCell\">\n<a href=\"\/gallery\/images_large\/slide0523.jpg\" class=\"highslide\" onclick=\"return hs.expand(this)\" name=\"pap\"><br \/>\n\t<img decoding=\"async\" src=\"\/gallery\/images\/slide0523.jpg\" alt=\"Image 2\" border=\"0\" title=\"Click to enlarge\"><\/a><\/p>\n<div class=\"highslide-caption\">\n<strong>Figura 10<\/strong><br \/>\n<br \/>Cepillado bronquial<br \/>Se muestra un macr\u00f3fago aislado cargado de carb\u00f3n adyacente a las c\u00e9lulas epiteliaes .  60x <\/div>\n<\/div>\n<div class=\"chartColumnShortCell\">\n        \t<strong>Figura 10<br \/>\n        \t<\/strong><br \/>\n            Cepillado bronquial<br \/>\n            <br \/>\n           Se muestra un macr\u00f3fago aislado cargado de carb\u00f3n adyacente a las c\u00e9lulas epiteliaes .<br \/>\n60x <\/div>\n<div class=\"newRow\"><\/div>\n<div class=\"chartColumnCell\">\n<a href=\"\/gallery\/images_large\/slide0524.jpg\" class=\"highslide\" onclick=\"return hs.expand(this)\"><br \/>\n\t<img decoding=\"async\" src=\"\/gallery\/images\/slide0524.jpg\" alt=\"Image 3\" border=\"0\" title=\"Click to enlarge\"><\/a><\/p>\n<div class=\"highslide-caption\">\n<strong>Figura 11<\/strong><br \/>\n<br \/>Lavado bronquial <br \/>A bajo aumento se muestran macr\u00f3fagos y un grupo de c\u00e9lulas epiteliales bronquiales benignas. 20x <\/div>\n<\/div>\n<div class=\"chartColumnShortCell\">\n \t\t<strong>Figura 11<br \/>\n \t\t<\/strong> \t\tLavado bronquial <br \/>\nA bajo aumento se muestran macr\u00f3fagos y un grupo de c\u00e9lulas epiteliales bronquiales benignas.<br \/>\n20x <\/div>\n<div class=\"newRow\"><\/div>\n<div class=\"chartColumnCell\">\n<a href=\"\/gallery\/images_large\/slide0525.jpg\" class=\"highslide\" onclick=\"return hs.expand(this)\"><br \/>\n\t<img decoding=\"async\" src=\"\/gallery\/images\/slide0525.jpg\" alt=\"Image 3\" border=\"0\" title=\"Click to enlarge\"><\/a><\/p>\n<div class=\"highslide-caption\">\n<strong>Figura 12<br \/><\/strong><br \/>\nLavado bronquial <br \/>Comparar el tama\u00f1o del grupo celular con los macr\u00f3fagos adyacentes y las c\u00e9lulas epiteliales sueltas.  40x <\/div>\n<\/div>\n<div class=\"chartColumnShortCell\">\n<strong>Figura 12<br \/>\n<\/strong><br \/>\nLavado bronquial<br \/>\n<br \/>\nComparar el tama\u00f1o del grupo celular con los macr\u00f3fagos adyacentes y las c\u00e9lulas epiteliales sueltas.<br \/>\n40x <\/div>\n<div class=\"newRow\"><\/div>\n<div class=\"chartColumnCell\">\n<a href=\"\/gallery\/images_large\/slide0526.jpg\" class=\"highslide\" onclick=\"return hs.expand(this)\" name=\"pap\"><br \/>\n\t<img decoding=\"async\" src=\"\/gallery\/images\/slide0526.jpg\" alt=\"Image 2\" border=\"0\" title=\"Click to enlarge\"><\/a><\/p>\n<div class=\"highslide-caption\">\n<strong>Figura 13<\/strong><br \/>\n<br \/>Lavado bronquial <br \/>A bajo aumento se muestra un grupo de c\u00e9lulas con forma columnar.  60x <\/div>\n<\/div>\n<div class=\"chartColumnShortCell\">\n        \t<strong>Figura 13<br \/>\n        \t<\/strong>Lavado bronquial <br \/>\nA bajo aumento se muestra un grupo de c\u00e9lulas con forma columnar.<br \/>\n60x <\/div>\n<div class=\"newRow\"><\/div>\n<div class=\"chartColumnCell\">\n<a href=\"\/gallery\/images_large\/slide0527.jpg\" class=\"highslide\" onclick=\"return hs.expand(this)\"><br \/>\n\t<img decoding=\"async\" src=\"\/gallery\/images\/slide0527.jpg\" alt=\"Image 3\" border=\"0\" title=\"Click to enlarge\"><\/a><\/p>\n<div class=\"highslide-caption\">\n<strong>Figura 14<\/strong><br \/>\n<br \/>Lavado bronquial <br \/>Aunque puede ser dif\u00edcil ver las caracter\u00edsticas de todas las c\u00e9lulas, las que est\u00e1n en la periferia del grupo tienen caracter\u00edsticas nucleares benignas. 40x<\/div>\n<\/div>\n<div class=\"chartColumnShortCell\">\n \t\t<strong>Figura 14<br \/>\n \t\t<\/strong>        \t\tLavado bronquial <br \/>\nAunque puede ser dif\u00edcil ver las caracter\u00edsticas de todas las c\u00e9lulas, las que est\u00e1n en la periferia del grupo tienen caracter\u00edsticas nucleares benignas.<br \/>\n40x <\/div>\n<div class=\"newRow\"><\/div>\n<div class=\"chartColumnCell\">\n<a href=\"\/gallery\/images_large\/slide0528.jpg\" class=\"highslide\" onclick=\"return hs.expand(this)\"><br \/>\n\t<img decoding=\"async\" src=\"\/gallery\/images\/slide0528.jpg\" alt=\"Image 3\" border=\"0\" title=\"Click to enlarge\"><\/a><\/p>\n<div class=\"highslide-caption\">\n<strong>Figura 15<br \/>\n<\/strong>Lavado bronquial <br \/>Un grupo de c\u00e9lulas epiteliales bronquiales que pueden imitar un adenocarcinoma. Sin embargo, los cilios que se proyectan desde las c\u00e9lulas de la periferia son un signo de su naturaleza benigna.<br \/>\n40x \t <\/div>\n<\/div>\n<div class=\"chartColumnLongCell\">\n<strong>Figura 15<br \/>\n<\/strong><br \/>\nLavado bronquial<br \/>\n<br \/>\nUn grupo de c\u00e9lulas epiteliales bronquiales que pueden imitar un adenocarcinoma. Sin embargo, los cilios que se proyectan desde las c\u00e9lulas de la periferia son un signo de su naturaleza benigna.<br \/>\n40x\n<\/div>\n<div class=\"newRow\"><\/div>\n<div class=\"chartColumnCell\">\n<a href=\"\/gallery\/images_large\/slide0529.jpg\" class=\"highslide\" onclick=\"return hs.expand(this)\" name=\"pap\"><br \/>\n\t<img decoding=\"async\" src=\"\/gallery\/images\/slide0529.jpg\" alt=\"Image 2\" border=\"0\" title=\"Click to enlarge\"><\/a><\/p>\n<div class=\"highslide-caption\">\n<strong>Figura 16<\/strong><br \/>\n<br \/>Lavado bronquial <br \/>A bajo aumento se muestran c\u00e9lulas epiteliales bronquiales en un fondo de inflamaci\u00f3n. 20x <\/div>\n<\/div>\n<div class=\"chartColumnShortCell\">\n        \t<strong>Figura 16<br \/>\n        \t<\/strong><br \/>\n            Lavado bronquial<br \/>\n            <br \/>\n       A bajo aumento se muestran c\u00e9lulas epiteliales bronquiales en un fondo de inflamaci\u00f3n.<br \/>\n20x<\/div>\n<div class=\"newRow\"><\/div>\n<div class=\"chartColumnCell\">\n<a href=\"\/gallery\/images_large\/slide0530.jpg\" class=\"highslide\" onclick=\"return hs.expand(this)\"><br \/>\n\t<img decoding=\"async\" src=\"\/gallery\/images\/slide0530.jpg\" alt=\"Image 3\" border=\"0\" title=\"Click to enlarge\"><\/a><\/p>\n<div class=\"highslide-caption\">\n<strong>Figura 17<\/strong><br \/>\n<br \/>Lavado bronquial <br \/>En el fondo est\u00e1n presentes leucocitos polimorfonucleares junto con macr\u00f3fagos y otro material. Esto puede representar una infecci\u00f3n, condiciones de inflamaci\u00f3n cr\u00f3nica y otros trastornos del pulm\u00f3n. 40x<\/div>\n<\/div>\n<div class=\"chartColumnLongCell\">\n \t\t<strong>Figura 17<br \/>\n \t\t<\/strong>        \t\tLavado bronquial<br \/>\n        <br \/>\n        En el fondo est\u00e1n presentes leucocitos polimorfonucleares junto con macr\u00f3fagos y otro material. Esto puede representar una infecci\u00f3n, condiciones de inflamaci\u00f3n cr\u00f3nica y otros trastornos del pulm\u00f3n.<br \/>\n40x <\/div>\n<div class=\"newRow\"><\/div>\n<div class=\"chartColumnCell\">\n<a href=\"\/gallery\/images_large\/slide0531.jpg\" class=\"highslide\" onclick=\"return hs.expand(this)\" name=\"pap\"><br \/>\n\t<img decoding=\"async\" src=\"\/gallery\/images\/slide0531.jpg\" alt=\"Image 2\" border=\"0\" title=\"Click to enlarge\"><\/a><\/p>\n<div class=\"highslide-caption\">\n<strong>Figura 18<\/strong><br \/>\n<br \/>Lavado bronquial <br \/>Este grupo est\u00e1 constituido por c\u00e9lulas epiteliales bronquiales y c\u00e9lulas metapl\u00e1sicas.<br \/>\n60x \t<\/div>\n<\/div>\n<div class=\"chartColumnShortCell\">\n        \t<strong>Figura 18<br \/>\n        \t<\/strong><br \/>\n Lavado bronquial<br \/>\n <br \/>\nEste grupo est\u00e1 constituido por c\u00e9lulas epiteliales bronquiales y c\u00e9lulas metapl\u00e1sicas.<br \/>\n60x\n<\/div>\n<div class=\"newRow\"><\/div>\n<div class=\"chartColumnCell\">\n<a href=\"\/gallery\/images_large\/slide0532.jpg\" class=\"highslide\" onclick=\"return hs.expand(this)\"><br \/>\n\t<img decoding=\"async\" src=\"\/gallery\/images\/slide0532.jpg\" alt=\"Image 3\" border=\"0\" title=\"Click to enlarge\"><\/a><\/p>\n<div class=\"highslide-caption\">\n<strong>Figura 19<\/strong><br \/>\n<br \/>Lavado bronquial <br \/>Las bacterias de la cavidad oral contaminan frecuentemente la muestra respiratoria. Normalmente, cubren superficialmente las c\u00e9lulas escamosas de la cavidad oral.  60x<\/div>\n<\/div>\n<div class=\"chartColumnShortCell\">\n \t\t<strong>Figura 19<br \/>\n \t\t<\/strong>        \t\tLavado bronquial<br \/>\n        <br \/>\n        Las bacterias de la cavidad oral contaminan frecuentemente la muestra respiratoria. Normalmente, cubren superficialmente las c\u00e9lulas escamosas de la cavidad oral.<br \/>\n60x <\/div>\n<div class=\"newRow\"><\/div>\n<div class=\"chartColumnCell\">\n<a href=\"\/gallery\/images_large\/slide0533.jpg\" class=\"highslide\" onclick=\"return hs.expand(this)\" name=\"pap\"><br \/>\n\t<img decoding=\"async\" src=\"\/gallery\/images\/slide0533.jpg\" alt=\"Image 2\" border=\"0\" title=\"Click to enlarge\"><\/a><\/p>\n<div class=\"highslide-caption\">\n<strong>Figura 20<\/strong><br \/>\n<br \/>Esputo <br \/>Las c\u00e9lulas epiteliales bronquiales pueden ser hipercrom\u00e1ticas o picn\u00f3ticas en ciertas muestras.  60X<\/div>\n<\/div>\n<div class=\"chartColumnShortCell\">\n        \t<strong>Figura 20<br \/>\n        \t<\/strong><br \/>\nEsputo <br \/>\nLas c\u00e9lulas epiteliales bronquiales pueden ser hipercrom\u00e1ticas o picn\u00f3ticas en ciertas muestras.<br \/>\n60X<\/div>\n<div class=\"newRow\"><\/div>\n<div class=\"chartColumnCell\">\n<a href=\"\/gallery\/images_large\/slide0534.jpg\" class=\"highslide\" onclick=\"return hs.expand(this)\"><br \/>\n\t<img decoding=\"async\" src=\"\/gallery\/images\/slide0534.jpg\" alt=\"Image 3\" border=\"0\" title=\"Click to enlarge\"><\/a><\/p>\n<div class=\"highslide-caption\">\n<strong>Figura 21<\/strong><br \/>\n<br \/>\nEsputo <br \/>A gran aumento se muestran c\u00e9lulas epiteliales bronquiales con los n\u00facleos picn\u00f3ticos.  60X <\/div>\n<\/div>\n<div class=\"chartColumnShortCell\">\n \t\t<strong>Figura 21<br \/>\n \t\t<\/strong>        \t\tEsputo <br \/>\nA gran aumento se muestran c\u00e9lulas epiteliales bronquiales con los n\u00facleos picn\u00f3ticos.<br \/>\n60X <\/div>\n<\/div>\n<div class=\"newRow\"><\/div>\n<p><a class=\"back\" href=\"#\">Volver arriba<\/a><\/p>\n<p><a href=\"nongyn_atlas.htm\">Volver a la Tabla de Contenidos<\/a><\/p>\n<\/div>\n<p>[\/vc_column_text][\/vc_column][vc_column width=&#8221;1\/3&#8243; offset=&#8221;vc_hidden-sm vc_hidden-xs&#8221;][vc_widget_sidebar sidebar_id=&#8221;consulting-right-sidebar&#8221;][\/vc_column][\/vc_row]<\/p>\n","protected":false},"excerpt":{"rendered":"<p>[vc_row 0=&#8221;&#8221;][vc_column 0=&#8221;&#8221; offset=&#8221;vc_hidden-lg vc_hidden-md&#8221;][vc_raw_html 0=&#8221;&#8221;]PGNlbnRlcj48YSBjbGFzcz0ic2hpZnRuYXYtdG9nZ2xlIHNoaWZ0bmF2LXRvZ2dsZS1idXR0b24iIGRhdGEtc2hpZnRuYXYtdGFyZ2V0PSJzaGlmdG5hdi1tYWluIj48aSBjbGFzcz0iZmEgZmEtYmFycyI+PC9pPiBUYWJsZSBvZiBDb250ZW50cyA8L2E+PC9jZW50ZXI+[\/vc_raw_html][\/vc_column][\/vc_row][vc_row][vc_column][vc_custom_heading text=&#8221;Citolog\u00eda Respiratoria&#8221; font_container=&#8221;tag:h1|text_align:center&#8221; use_theme_fonts=&#8221;yes&#8221;][\/vc_column][\/vc_row][vc_row][vc_column width=&#8221;2\/3&#8243;][vc_column_text] NORMAL Nota: Puede clicar en cualquier imagen del Atlas para ver la imagen aumentada Figura 1 Lavado broncoalveolar A bajo aumento una mezcla de c\u00e9lulas epiteliales y macr\u00f3fagos. 20x Figura 1 Lavado broncoalveolar A bajo aumento una mezcla de c\u00e9lulas epiteliales y macr\u00f3fagos. 20x<\/p>\n","protected":false},"author":7,"featured_media":0,"parent":1953,"menu_order":0,"comment_status":"closed","ping_status":"closed","template":"","meta":{"ngg_post_thumbnail":0,"footnotes":""},"class_list":["post-2123","page","type-page","status-publish","hentry"],"_links":{"self":[{"href":"https:\/\/dev.cytologystuff.com\/es\/wp-json\/wp\/v2\/pages\/2123","targetHints":{"allow":["GET"]}}],"collection":[{"href":"https:\/\/dev.cytologystuff.com\/es\/wp-json\/wp\/v2\/pages"}],"about":[{"href":"https:\/\/dev.cytologystuff.com\/es\/wp-json\/wp\/v2\/types\/page"}],"author":[{"embeddable":true,"href":"https:\/\/dev.cytologystuff.com\/es\/wp-json\/wp\/v2\/users\/7"}],"replies":[{"embeddable":true,"href":"https:\/\/dev.cytologystuff.com\/es\/wp-json\/wp\/v2\/comments?post=2123"}],"version-history":[{"count":0,"href":"https:\/\/dev.cytologystuff.com\/es\/wp-json\/wp\/v2\/pages\/2123\/revisions"}],"up":[{"embeddable":true,"href":"https:\/\/dev.cytologystuff.com\/es\/wp-json\/wp\/v2\/pages\/1953"}],"wp:attachment":[{"href":"https:\/\/dev.cytologystuff.com\/es\/wp-json\/wp\/v2\/media?parent=2123"}],"curies":[{"name":"wp","href":"https:\/\/api.w.org\/{rel}","templated":true}]}}