{"id":2102,"date":"2017-08-01T12:51:01","date_gmt":"2017-08-01T12:51:01","guid":{"rendered":"http:\/\/cytologystuff1.wpengine.com\/non-gyn-atlas\/respiratory-cytology-dr-jim-linders-bonus\/"},"modified":"2017-11-22T05:41:48","modified_gmt":"2017-11-22T05:41:48","slug":"respiratory-cytology-dr-jim-linders-bonus","status":"publish","type":"page","link":"https:\/\/dev.cytologystuff.com\/es\/non-gyn-atlas\/respiratory-cytology-dr-jim-linders-bonus\/","title":{"rendered":"Citolog\u00eda Respiratoria"},"content":{"rendered":"<p>[vc_row 0=&#8221;&#8221;][vc_column 0=&#8221;&#8221; offset=&#8221;vc_hidden-lg vc_hidden-md&#8221;][vc_raw_html 0=&#8221;&#8221;]PGNlbnRlcj48YSBjbGFzcz0ic2hpZnRuYXYtdG9nZ2xlIHNoaWZ0bmF2LXRvZ2dsZS1idXR0b24iIGRhdGEtc2hpZnRuYXYtdGFyZ2V0PSJzaGlmdG5hdi1tYWluIj48aSBjbGFzcz0iZmEgZmEtYmFycyI+PC9pPiBUYWJsZSBvZiBDb250ZW50cyA8L2E+PC9jZW50ZXI+[\/vc_raw_html][\/vc_column][\/vc_row][vc_row][vc_column][vc_custom_heading text=&#8221;Citolog\u00eda Respiratoria&#8221; font_container=&#8221;tag:h1|text_align:center&#8221; use_theme_fonts=&#8221;yes&#8221;][\/vc_column][\/vc_row][vc_row][vc_column width=&#8221;2\/3&#8243;][vc_column_text]<\/p>\n<div id=>\n<p class=\"subhead\">DR. JIM LINDER&#8217;S BONUS:<br \/>\nOTRAS MATERIAS EN EL RESPIRATORIO  <\/p>\n<p style=\"padding-left:7px\"><a href=\"javascript:void(0)\"  style=\"width:300px;display:block\"><img loading=\"lazy\" decoding=\"async\" src=\"\/images\/button27h.gif\" id=\"selfAssessImg\" width=\"400\" height=\"40\"><\/a><\/p>\n<div class=\"highslide-gallery\">\n<strong>Nota: Puede clicar en cualquier imagen del<br \/>\nAtlas para ver la imagen aumentada<\/strong><\/p>\n<div class=\"chartColumnCell\">\n<a href=\"\/gallery\/images_large\/slide0668.jpg\" class=\"highslide\" onclick=\"return hs.expand(this)\"><br \/>\n\t<img decoding=\"async\" src=\"\/gallery\/images\/slide0668.jpg\" alt=\"Image 2\" border=\"0\" title=\"Click to enlarge\"><\/a><\/p>\n<div class=\"highslide-caption\">\n<strong>Figura 155<\/strong><br \/>\n<br \/>\nCuerpo Ferruginoso<br \/>\nLas fibras de asbestos, u otros minerales pueden estar recubiertos de ferroprote\u00ednas creando un \u201ccuerpo ferruginoso\u201d. Esta estructura est\u00e1 parcialmente engullida por un macr\u00f3fago.. <\/div>\n<\/div>\n<div class=\"chartColumnLongCell\">\n        <strong>Figura 155<br \/>\n        <\/strong><br \/>\nCuerpo Ferruginoso<br \/>\nLas fibras de asbestos, u otros minerales pueden estar recubiertos de ferroprote\u00ednas creando un \u201ccuerpo ferruginoso\u201d. Esta estructura est\u00e1 parcialmente engullida por un macr\u00f3fago.. <\/div>\n<div class=\"newRow\"><\/div>\n<div class=\"chartColumnCell\">\n<a href=\"\/gallery\/images_large\/slide0669.jpg\" class=\"highslide\" onclick=\"return hs.expand(this)\"><br \/>\n\t<img decoding=\"async\" src=\"\/gallery\/images\/slide0669.jpg\" alt=\"Image 3\" border=\"0\" title=\"Click to enlarge\"><\/a><\/p>\n<div class=\"highslide-caption\">\n<strong>Figura 156<\/strong><br \/>\n<br \/>\nCuerpo Ferruginoso<br \/>\nLos cuerpos ferruginosos tienen t\u00edpicamente un cuerpo central debido a las fibras de asbestos.<\/div>\n<\/div>\n<div class=\"chartColumnLongCell\">\n \t<strong>Figura 156<br \/>\n \t<\/strong><br \/>\nCuerpo Ferruginoso<br \/>\nLos cuerpos ferruginosos tienen t\u00edpicamente un cuerpo central debido a las fibras de asbestos. <\/div>\n<div class=\"newRow\"><\/div>\n<div class=\"chartColumnCell\">\n<a href=\"\/gallery\/images_large\/slide0670.jpg\" class=\"highslide\" onclick=\"return hs.expand(this)\"><br \/>\n\t<img decoding=\"async\" src=\"\/gallery\/images\/slide0670.jpg\" alt=\"Image 3\" border=\"0\" title=\"Click to enlarge\"><\/a><\/p>\n<div class=\"highslide-caption\">\n<strong>Figura 157<br \/>\n<\/strong><br \/>\n<em>Candida<\/em> spp.<br \/>\nEn las muestras respiratorias de pacientes con candidiasis oral se pueden obtener m\u00faltiples hifas de C\u00e1ndidas spp . (tinci\u00f3n en plata) <\/div>\n<\/div>\n<div class=\"chartColumnLongCell\">\n<strong>Figura 157<br \/>\n<\/strong><br \/>\n<em>Candida<\/em> spp.<br \/>\nEn las muestras respiratorias de pacientes con candidiasis oral se pueden obtener m\u00faltiples hifas de C\u00e1ndidas spp . (tinci\u00f3n en plata)<\/div>\n<div class=\"newRow\"><\/div>\n<div class=\"chartColumnCell\">\n<a href=\"\/gallery\/images_large\/slide0671.jpg\" class=\"highslide\" onclick=\"return hs.expand(this)\" name=\"pap\"><br \/>\n\t<img decoding=\"async\" src=\"\/gallery\/images\/slide0671.jpg\" alt=\"Image 2\" border=\"0\" title=\"Click to enlarge\"><\/a><\/p>\n<div class=\"highslide-caption\">\n<strong>Figura 158<\/strong><br \/>\n<br \/>\n<em>Pneumociystis carinii<\/em><br \/>\nLa forma qu\u00edstica de Pneumocystis carinii tiene una zona central oscura al te\u00f1irla en plata.  <\/div>\n<\/div>\n<div class=\"chartColumnLongCell\">\n        <strong>Figura 158<br \/>\n        <\/strong><br \/>\n        <em>Pneumocystis carinii<\/em><br \/>\nLa forma qu\u00edstica de Pneumocystis carinii tiene una zona central oscura al te\u00f1irla en plata.  <\/div>\n<div class=\"newRow\"><\/div>\n<div class=\"chartColumnCell\">\n<a href=\"\/gallery\/images_large\/slide0672.jpg\" class=\"highslide\" onclick=\"return hs.expand(this)\"><br \/>\n\t<img decoding=\"async\" src=\"\/gallery\/images\/slide0672.jpg\" alt=\"Image 3\" border=\"0\" title=\"Click to enlarge\"><\/a><\/p>\n<div class=\"highslide-caption\">\n<strong>Figura 159<\/strong><br \/>\n<br \/>\nAlternaria spp<br \/>\nLa macrocondia de Alternaria spp tiene hifas longitudinales y septadas. \t<\/div>\n<\/div>\n<div class=\"chartColumnLongCell\">\n \t<strong>Figura 159<br \/>\n \t<\/strong><br \/>\n    <em>Alternaria<\/em> spp.<br \/>\nLa macrocondia de Alternaria spp tiene hifas longitudinales y septadas.\n<\/div>\n<div class=\"newRow\"><\/div>\n<div class=\"chartColumnCell\">\n<a href=\"\/gallery\/images_large\/slide0673.jpg\" class=\"highslide\" onclick=\"return hs.expand(this)\" name=\"pap\"><br \/>\n\t<img decoding=\"async\" src=\"\/gallery\/images\/slide0673.jpg\" alt=\"Image 2\" border=\"0\" title=\"Click to enlarge\"><\/a><\/p>\n<div class=\"highslide-caption\">\n<strong>Figura 160<\/strong><br \/>\n<br \/>\nPolen<br \/>\nLos gr\u00e1nulos de polen tienen una pared gruesa refr\u00e1ctil, superficie con m\u00faltiples puntas y est\u00e1n t\u00edpicamente pigmentadas.<\/div>\n<\/div>\n<div class=\"chartColumnLongCell\">\n        <strong>Figura 160<br \/>\n        <\/strong><br \/>\nPolen<br \/>\nLos gr\u00e1nulos de polen tienen una pared gruesa refr\u00e1ctil, superficie con m\u00faltiples puntas y est\u00e1n t\u00edpicamente pigmentadas. <\/div>\n<div class=\"newRow\"><\/div>\n<div class=\"chartColumnCell\">\n<a href=\"\/gallery\/images_large\/slide0674.jpg\" class=\"highslide\" onclick=\"return hs.expand(this)\"><br \/>\n\t<img decoding=\"async\" src=\"\/gallery\/images\/slide0674.jpg\" alt=\"Image 3\" border=\"0\" title=\"Click to enlarge\"><\/a><\/p>\n<div class=\"highslide-caption\">\n<strong>Figura 161<\/strong><br \/>\n<br \/>\nMicrofagos<br \/>\nEn casos de neumon\u00eda lipoide, neumon\u00eda por aspiraci\u00f3n, los macr\u00f3fagos contienen m\u00faltiples vacuolas lip\u00eddicas complejas.   <\/div>\n<\/div>\n<div class=\"chartColumnLongCell\">\n \t<strong>Figura 161<br \/>\n \t<\/strong><br \/>\n        Microfagos<br \/>\nEn casos de neumon\u00eda lipoide, neumon\u00eda por aspiraci\u00f3n, los macr\u00f3fagos contienen m\u00faltiples vacuolas lip\u00eddicas complejas.  <\/div>\n<div class=\"newRow\"><\/div>\n<div class=\"chartColumnCell\">\n<a href=\"\/gallery\/images_large\/slide0675.jpg\" class=\"highslide\" onclick=\"return hs.expand(this)\"><br \/>\n\t<img decoding=\"async\" src=\"\/gallery\/images\/slide0675.jpg\" alt=\"Image 3\" border=\"0\" title=\"Click to enlarge\"><\/a><\/p>\n<div class=\"highslide-caption\">\n<strong>Figura 162<\/strong><br \/>\n<br \/>\nL\u00edpidos<br \/>\nLos l\u00edpidos en casos de neumon\u00eda lipoide pueden resaltarse por la tinci\u00f3n oil-red. <\/div>\n<\/div>\n<div class=\"chartColumnLongCell\">\n \t<strong>Figura 162<br \/>\n \t<\/strong><br \/>\n      L\u00edpidos<br \/>\nLos l\u00edpidos en casos de neumon\u00eda lipoide pueden resaltarse por la tinci\u00f3n oil-red.  <\/div>\n<div class=\"newRow\"><\/div>\n<div class=\"chartColumnCell\">\n<a href=\"\/gallery\/images_large\/slide0676.jpg\" class=\"highslide\" onclick=\"return hs.expand(this)\"><br \/>\n\t<img decoding=\"async\" src=\"\/gallery\/images\/slide0676.jpg\" alt=\"Image 3\" border=\"0\" title=\"Click to enlarge\"><\/a><\/p>\n<div class=\"highslide-caption\">\n<strong>Figura 163<\/strong><br \/>\n<br \/>\nMicr\u00f3fagos<br \/>\nPacientes con heridas microvasculares de pulm\u00f3n desarrollan hemorragias pulmonares, que se manifiestan por macr\u00f3fagos que contienen hemosiderina <\/div>\n<\/div>\n<div class=\"chartColumnLongCell\">\n \t<strong>Figura 163<br \/>\n \t<\/strong><br \/>\n      Micr\u00f3fagos<br \/>\nPacientes con heridas microvasculares de pulm\u00f3n desarrollan hemorragias pulmonares, que se manifiestan por macr\u00f3fagos que contienen hemosiderina   <\/div>\n<div class=\"newRow\"><\/div>\n<div class=\"chartColumnCell\">\n<a href=\"\/gallery\/images_large\/slide0677.jpg\" class=\"highslide\" onclick=\"return hs.expand(this)\" name=\"pap\"><br \/>\n\t<img decoding=\"async\" src=\"\/gallery\/images\/slide0677.jpg\" alt=\"Image 2\" border=\"0\" title=\"Click to enlarge\"><\/a><\/p>\n<div class=\"highslide-caption\">\n<strong>Figura 164<\/strong><br \/>\n<br \/>\nLinfocitosis<br \/>\nPacientes con sarcoidosis normalmente tienen una linfocitosis intersticial. <\/div>\n<\/div>\n<div class=\"chartColumnLongCell\">\n        <strong>Figura 164<br \/>\n        <\/strong><br \/>\nLinfocitosis<br \/>\nPacientes con sarcoidosis normalmente tienen una linfocitosis intersticial. <\/div>\n<div class=\"newRow\"><\/div>\n<div class=\"chartColumnCell\">\n<a href=\"\/gallery\/images_large\/slide0678.jpg\" class=\"highslide\" onclick=\"return hs.expand(this)\"><br \/>\n\t<img decoding=\"async\" src=\"\/gallery\/images\/slide0678.jpg\" alt=\"Image 3\" border=\"0\" title=\"Click to enlarge\"><\/a><\/p>\n<div class=\"highslide-caption\">\n<strong>Figura 165<\/strong><br \/>\n<br \/>\nC\u00e9lulas epiteliales<br \/>\nEn pacientes con aspergiloma pulmonar pueden observarse c\u00e9lulas epiteliales altamente reactivas. <\/div>\n<\/div>\n<div class=\"chartColumnLongCell\">\n \t<strong>Figura 165<br \/>\n \t<\/strong><br \/>\nC\u00e9lulas epiteliales<br \/>\nEn pacientes con aspergiloma pulmonar pueden observarse c\u00e9lulas epiteliales altamente reactivas.   <\/div>\n<div class=\"newRow\"><\/div>\n<div class=\"chartColumnCell\">\n<a href=\"\/gallery\/images_large\/slide0679.jpg\" class=\"highslide\" onclick=\"return hs.expand(this)\"><br \/>\n\t<img decoding=\"async\" src=\"\/gallery\/images\/slide0679.jpg\" alt=\"Image 3\" border=\"0\" title=\"Click to enlarge\"><\/a><\/p>\n<div class=\"highslide-caption\">\n<strong>Figura 166<\/strong><br \/>\n<br \/>\n<em>Criptococcus<\/em><br \/>\nEn infecciones por criptococcus se observan en el citoplasma de los macr\u00f3fagos m\u00faltiples esporas intracelulares .   <\/div>\n<\/div>\n<div class=\"chartColumnLongCell\">\n \t<strong>Figura 166<br \/>\n \t<\/strong><br \/>\n    <em>Cryptococcus<\/em><br \/>\nEn infecciones por criptococcus se observan en el citoplasma de los macr\u00f3fagos m\u00faltiples esporas intracelulares .  <\/div>\n<div class=\"newRow\"><\/div>\n<div class=\"chartColumnCell\">\n<a href=\"\/gallery\/images_large\/slide0680.jpg\" class=\"highslide\" onclick=\"return hs.expand(this)\"><br \/>\n\t<img decoding=\"async\" src=\"\/gallery\/images\/slide0680.jpg\" alt=\"Image 3\" border=\"0\" title=\"Click to enlarge\"><\/a><\/p>\n<div class=\"highslide-caption\">\n<strong>Figura 167<\/strong><br \/>\n<br \/>\n<em>Cryptococcus neoformans<\/em><br \/>\nLa c\u00e1psula de criptococcus neoformans puede encontrarse en tinciones basadas en mucina.\n\t<\/div>\n<\/div>\n<div class=\"chartColumnLongCell\">\n \t<strong>Figura 167<br \/>\n \t<\/strong><br \/>\n    <em>Cryptococcus neoformans<\/em><br \/>\nLa c\u00e1psula de criptococcus neoformans puede encontrarse en tinciones basadas en mucina.\n\t <\/div>\n<div class=\"newRow\"><\/div>\n<div class=\"chartColumnCell\">\n<a href=\"\/gallery\/images_large\/slide0681.jpg\" class=\"highslide\" onclick=\"return hs.expand(this)\"><br \/>\n\t<img decoding=\"async\" src=\"\/gallery\/images\/slide0681.jpg\" alt=\"Image 3\" border=\"0\" title=\"Click to enlarge\"><\/a><\/p>\n<div class=\"highslide-caption\">\n<strong>Figura 168<\/strong><br \/>\n<br \/>\nCiliocitoftoria<br \/>\nLas infecciones respiratorias virales pueden causar que grupos de cilios se desprendan de las c\u00e9lulas del epitelio bronquial. Este proceso es conocido como ciliocitoftoria. <\/div>\n<\/div>\n<div class=\"chartColumnLongCell\">\n \t<strong>Figura 168<br \/>\n \t<\/strong><br \/>\nCiliocitoftoria<br \/>\nLas infecciones respiratorias virales pueden causar que grupos de cilios se desprendan de las c\u00e9lulas del epitelio bronquial. Este proceso es conocido como ciliocitoftoria. <\/div>\n<div class=\"newRow\"><\/div>\n<div class=\"chartColumnCell\">\n<a href=\"\/gallery\/images_large\/slide0682.jpg\" class=\"highslide\" onclick=\"return hs.expand(this)\"><br \/>\n\t<img decoding=\"async\" src=\"\/gallery\/images\/slide0682.jpg\" alt=\"Image 3\" border=\"0\" title=\"Click to enlarge\"><\/a><\/p>\n<div class=\"highslide-caption\">\n<strong>Figura 169<\/strong><br \/>\n<br \/>\nHiperplasia<br \/>\nLa hiperplasia de c\u00e9lulas de reserva se caracteriza por grupos compactos de peque\u00f1as c\u00e9lulas de reserva. <\/div>\n<\/div>\n<div class=\"chartColumnLongCell\">\n \t<strong>Figura 169<br \/>\n \t<\/strong><br \/>\nHiperplasia<br \/>\nLa hiperplasia de c\u00e9lulas de reserva se caracteriza por grupos compactos de peque\u00f1as c\u00e9lulas de reserva. <\/div>\n<\/div>\n<div class=\"newRow\"><\/div>\n<p><a class=\"back\" href=\"#\">Volver arriba<\/a><\/p>\n<p><a href=\"nongyn_atlas.htm\">Volver a la Tabla de Contenidos<\/a><\/p>\n<\/div>\n<p>[\/vc_column_text][\/vc_column][vc_column width=&#8221;1\/3&#8243; offset=&#8221;vc_hidden-sm vc_hidden-xs&#8221;][vc_widget_sidebar sidebar_id=&#8221;consulting-right-sidebar&#8221;][\/vc_column][\/vc_row]<\/p>\n","protected":false},"excerpt":{"rendered":"<p>[vc_row 0=&#8221;&#8221;][vc_column 0=&#8221;&#8221; offset=&#8221;vc_hidden-lg vc_hidden-md&#8221;][vc_raw_html 0=&#8221;&#8221;]PGNlbnRlcj48YSBjbGFzcz0ic2hpZnRuYXYtdG9nZ2xlIHNoaWZ0bmF2LXRvZ2dsZS1idXR0b24iIGRhdGEtc2hpZnRuYXYtdGFyZ2V0PSJzaGlmdG5hdi1tYWluIj48aSBjbGFzcz0iZmEgZmEtYmFycyI+PC9pPiBUYWJsZSBvZiBDb250ZW50cyA8L2E+PC9jZW50ZXI+[\/vc_raw_html][\/vc_column][\/vc_row][vc_row][vc_column][vc_custom_heading text=&#8221;Citolog\u00eda Respiratoria&#8221; font_container=&#8221;tag:h1|text_align:center&#8221; use_theme_fonts=&#8221;yes&#8221;][\/vc_column][\/vc_row][vc_row][vc_column width=&#8221;2\/3&#8243;][vc_column_text] DR. JIM LINDER&#8217;S BONUS: OTRAS MATERIAS EN EL RESPIRATORIO Nota: Puede clicar en cualquier imagen del Atlas para ver la imagen aumentada Figura 155 Cuerpo Ferruginoso Las fibras de asbestos, u otros minerales pueden estar recubiertos de ferroprote\u00ednas creando un \u201ccuerpo ferruginoso\u201d. Esta estructura<\/p>\n","protected":false},"author":7,"featured_media":0,"parent":1953,"menu_order":0,"comment_status":"closed","ping_status":"closed","template":"","meta":{"ngg_post_thumbnail":0,"footnotes":""},"class_list":["post-2102","page","type-page","status-publish","hentry"],"_links":{"self":[{"href":"https:\/\/dev.cytologystuff.com\/es\/wp-json\/wp\/v2\/pages\/2102","targetHints":{"allow":["GET"]}}],"collection":[{"href":"https:\/\/dev.cytologystuff.com\/es\/wp-json\/wp\/v2\/pages"}],"about":[{"href":"https:\/\/dev.cytologystuff.com\/es\/wp-json\/wp\/v2\/types\/page"}],"author":[{"embeddable":true,"href":"https:\/\/dev.cytologystuff.com\/es\/wp-json\/wp\/v2\/users\/7"}],"replies":[{"embeddable":true,"href":"https:\/\/dev.cytologystuff.com\/es\/wp-json\/wp\/v2\/comments?post=2102"}],"version-history":[{"count":0,"href":"https:\/\/dev.cytologystuff.com\/es\/wp-json\/wp\/v2\/pages\/2102\/revisions"}],"up":[{"embeddable":true,"href":"https:\/\/dev.cytologystuff.com\/es\/wp-json\/wp\/v2\/pages\/1953"}],"wp:attachment":[{"href":"https:\/\/dev.cytologystuff.com\/es\/wp-json\/wp\/v2\/media?parent=2102"}],"curies":[{"name":"wp","href":"https:\/\/api.w.org\/{rel}","templated":true}]}}