{"id":2095,"date":"2017-08-01T12:46:48","date_gmt":"2017-08-01T12:46:48","guid":{"rendered":"http:\/\/cytologystuff1.wpengine.com\/non-gyn-atlas\/respiratory-cytology-adenocarcinoma\/"},"modified":"2017-11-21T07:25:24","modified_gmt":"2017-11-21T07:25:24","slug":"respiratory-cytology-adenocarcinoma","status":"publish","type":"page","link":"https:\/\/dev.cytologystuff.com\/es\/non-gyn-atlas\/respiratory-cytology-adenocarcinoma\/","title":{"rendered":"Citolog\u00eda Respiratoria"},"content":{"rendered":"<p>[vc_row 0=&#8221;&#8221;][vc_column 0=&#8221;&#8221; offset=&#8221;vc_hidden-lg vc_hidden-md&#8221;][vc_raw_html 0=&#8221;&#8221;]PGNlbnRlcj48YSBjbGFzcz0ic2hpZnRuYXYtdG9nZ2xlIHNoaWZ0bmF2LXRvZ2dsZS1idXR0b24iIGRhdGEtc2hpZnRuYXYtdGFyZ2V0PSJzaGlmdG5hdi1tYWluIj48aSBjbGFzcz0iZmEgZmEtYmFycyI+PC9pPiBUYWJsZSBvZiBDb250ZW50cyA8L2E+PC9jZW50ZXI+[\/vc_raw_html][\/vc_column][\/vc_row][vc_row][vc_column][vc_custom_heading text=&#8221;Citolog\u00eda Respiratoria&#8221; font_container=&#8221;tag:h1|text_align:center&#8221; use_theme_fonts=&#8221;yes&#8221;][\/vc_column][\/vc_row][vc_row][vc_column width=&#8221;2\/3&#8243;][vc_column_text]<\/p>\n<div id=>\n<p class=\"subhead\" id=\"acknowledgements\">ADENOCARCINOMA  <\/p>\n<p style=\"padding-left:7px\"><a href=\"javascript:void(0)\"  style=\"width:300px;display:block\"><img loading=\"lazy\" decoding=\"async\" src=\"\/images\/button27h.gif\" id=\"selfAssessImg\" width=\"400\" height=\"40\"><\/a><\/p>\n<div class=\"highslide-gallery\">\n<strong>Nota: Puede clicar en cualquier imagen del<br \/>\nAtlas para ver la imagen aumentada<\/strong><\/p>\n<div class=\"chartColumnCell\">\n<a href=\"\/gallery\/images_large\/slide0618.jpg\" class=\"highslide\" onclick=\"return hs.expand(this)\" name=\"pap\"><br \/>\n\t<img decoding=\"async\" src=\"\/gallery\/images\/slide0618.jpg\" alt=\"Image 2\" border=\"0\" title=\"Click to enlarge\"><\/a><\/p>\n<div class=\"highslide-caption\">\n<strong>Figura 105<\/strong><br \/>\n<br \/>\nLavado bronquial <br \/>\nLas c\u00e9lulas de un adenocarcinoma pulmonar bien y moderadamente diferenciado est\u00e1n t\u00edpicamente agrupadas20x <\/div>\n<\/div>\n<div class=\"chartColumnLongCell\">\n<strong>Figura 105<br \/>\n<\/strong><br \/>\nLavado bronquial<br \/>\n<br \/>\nLas c\u00e9lulas de un adenocarcinoma pulmonar bien y moderadamente diferenciado est\u00e1n t\u00edpicamente agrupadas<br \/>\n20x <\/div>\n<div class=\"newRow\"><\/div>\n<div class=\"chartColumnCell\">\n<a href=\"\/gallery\/images_large\/slide0619.jpg\" class=\"highslide\" onclick=\"return hs.expand(this)\"><br \/>\n\t<img decoding=\"async\" src=\"\/gallery\/images\/slide0619.jpg\" alt=\"Image 3\" border=\"0\" title=\"Click to enlarge\"><\/a><\/p>\n<div class=\"highslide-caption\">\n<strong>Figura 106<\/strong><br \/>\n<br \/>\nLavado bronquial <br \/>\nA mayor aumento se muestran n\u00facleos uniformes relativamente blandos.<br \/>\n40x  <\/div>\n<\/div>\n<div class=\"chartColumnLongCell\">\n<strong>Figura 106<br \/>\n<\/strong><br \/>\n        Lavado bronquial<br \/>\n<br \/>\n   A mayor aumento se muestran n\u00facleos uniformes relativamente blandos.<br \/>\n40x <\/div>\n<div class=\"newRow\"><\/div>\n<div class=\"chartColumnCell\">\n<a href=\"\/gallery\/images_large\/slide0620.jpg\" class=\"highslide\" onclick=\"return hs.expand(this)\"><br \/>\n\t<img decoding=\"async\" src=\"\/gallery\/images\/slide0620.jpg\" alt=\"Image 3\" border=\"0\" title=\"Click to enlarge\"><\/a><\/p>\n<div class=\"highslide-caption\">\n<strong>Figura 107<br \/>\n<\/strong><br \/>\nLavado bronquial <br \/>\nUna caracter\u00edstica celular del adenocarcinoma es que los n\u00facleos son normalmente \u00fanicos y situados centralmente.  40x <\/div>\n<\/div>\n<div class=\"chartColumnLongCell\">\n<strong>Figura 107<br \/>\n<\/strong><br \/>\nLavado bronquial <br \/>\nUna caracter\u00edstica celular del adenocarcinoma es que los n\u00facleos son normalmente \u00fanicos y situados centralmente.<br \/>\n40x <\/div>\n<div class=\"newRow\"><\/div>\n<div class=\"chartColumnCell\">\n<a href=\"\/gallery\/images_large\/slide0621.jpg\" class=\"highslide\" onclick=\"return hs.expand(this)\" name=\"pap\"><br \/>\n\t<img decoding=\"async\" src=\"\/gallery\/images\/slide0621.jpg\" alt=\"Image 2\" border=\"0\" title=\"Click to enlarge\"><\/a><\/p>\n<div class=\"highslide-caption\">\n<strong>Figura 108<\/strong><br \/>\n<br \/>\nLavado bronquial <br \/>\nLa naturaleza tridimensional de este grupo de adenocarcinoma es evidente.  40x <\/div>\n<\/div>\n<div class=\"chartColumnLongCell\">\n<strong>Figura 108<br \/>\n<\/strong><br \/>\nLavado bronquial<br \/>\n<br \/>\nLa naturaleza tridimensional de este grupo de adenocarcinoma es evidente.<br \/>\n40x <\/div>\n<div class=\"newRow\"><\/div>\n<div class=\"chartColumnCell\">\n<a href=\"\/gallery\/images_large\/slide0622.jpg\" class=\"highslide\" onclick=\"return hs.expand(this)\"><br \/>\n\t<img decoding=\"async\" src=\"\/gallery\/images\/slide0622.jpg\" alt=\"Image 3\" border=\"0\" title=\"Click to enlarge\"><\/a><\/p>\n<div class=\"highslide-caption\">\n<strong>Figura 109<\/strong><br \/>\n<br \/>\nLavado bronquial <br \/>\nUn grupo de adenocarcinoma mezclado con macr\u00f3fagos respiratorios.  20x <\/div>\n<\/div>\n<div class=\"chartColumnShortCell\">\n<strong>Figura 109<br \/>\n<\/strong>        \t\tLavado bronquial <br \/>\nUn grupo de adenocarcinoma mezclado con macr\u00f3fagos respiratorios.<br \/>\n20x\n<\/div>\n<div class=\"newRow\"><\/div>\n<div class=\"chartColumnCell\">\n<a href=\"\/gallery\/images_large\/slide0623.jpg\" class=\"highslide\" onclick=\"return hs.expand(this)\" name=\"pap\"><br \/>\n\t<img decoding=\"async\" src=\"\/gallery\/images\/slide0623.jpg\" alt=\"Image 2\" border=\"0\" title=\"Click to enlarge\"><\/a><\/p>\n<div class=\"highslide-caption\">\n<strong>Figura 110<\/strong><br \/>\n<br \/>\nLavado bronquial <br \/>\nEn el borde de este grupo se observan c\u00e9lulas con citoplasma vacuolado .<br \/>\n60x \t 60x<\/div>\n<\/div>\n<div class=\"chartColumnLongCell\">\n<strong>Figura 110<br \/>\n<\/strong><br \/>\nLavado bronquial<br \/>\n<br \/>\nEn el borde de este grupo se observan c\u00e9lulas con citoplasma vacuolado .<br \/>\n60x<br \/>\n60x<\/div>\n<div class=\"newRow\"><\/div>\n<div class=\"chartColumnCell\">\n<a href=\"\/gallery\/images_large\/slide0624.jpg\" class=\"highslide\" onclick=\"return hs.expand(this)\"><br \/>\n\t<img decoding=\"async\" src=\"\/gallery\/images\/slide0624.jpg\" alt=\"Image 3\" border=\"0\" title=\"Click to enlarge\"><\/a><\/p>\n<div class=\"highslide-caption\">\n<strong>Figura 111<\/strong><br \/>\n<br \/>\nLavado bronquial <br \/>\nEste grupo de c\u00e9lulas forma una peque\u00f1a estructura acinar.  60x <\/div>\n<\/div>\n<div class=\"chartColumnLongCell\">\n<strong>Figura 111<br \/>\n<\/strong>        \t\tLavado bronquial<br \/>\n<br \/>\n       Este grupo de c\u00e9lulas forma una peque\u00f1a estructura acinar.  60x <\/div>\n<div class=\"newRow\"><\/div>\n<div class=\"chartColumnCell\">\n<a href=\"\/gallery\/images_large\/slide0625.jpg\" class=\"highslide\" onclick=\"return hs.expand(this)\"><br \/>\n\t<img decoding=\"async\" src=\"\/gallery\/images\/slide0625.jpg\" alt=\"Image 3\" border=\"0\" title=\"Click to enlarge\"><\/a><\/p>\n<div class=\"highslide-caption\">\n<strong>Figura 112<\/strong><br \/>\n<br \/>\nLavado bronquial <br \/>\nGrupo de adenocarcinoma presente en un fondo de necrosis.  20x<\/div>\n<\/div>\n<div class=\"chartColumnLongCell\">\n<strong>Figura 112<br \/>\n<\/strong>        \t\tLavado bronquial<br \/>\n<br \/>\n        Grupo de adenocarcinoma presente en un fondo de necrosis.<br \/>\n20x <\/div>\n<div class=\"newRow\"><\/div>\n<div class=\"chartColumnCell\">\n<a href=\"\/gallery\/images_large\/slide0626.jpg\" class=\"highslide\" onclick=\"return hs.expand(this)\"><br \/>\n\t<img decoding=\"async\" src=\"\/gallery\/images\/slide0626.jpg\" alt=\"Image 3\" border=\"0\" title=\"Click to enlarge\"><\/a><\/p>\n<div class=\"highslide-caption\">\n<strong>Figura 113<\/strong><br \/>\n<br \/>\nLavado bronquial <br \/>\nCuando hay mucho material necr\u00f3tico, el diagn\u00f3stico de adenocarcinoma debe realizarse con gran precauci\u00f3n.<br \/>\n20x \t 20x <\/div>\n<\/div>\n<div class=\"chartColumnLongCell\">\n<strong>Figura 113<br \/>\n<\/strong>        \t\tLavado bronquial <br \/>\nCuando hay mucho material necr\u00f3tico, el diagn\u00f3stico de adenocarcinoma debe realizarse con gran precauci\u00f3n.<br \/>\n20x<br \/>\n20x <\/div>\n<div class=\"newRow\"><\/div>\n<div class=\"chartColumnCell\">\n<a href=\"\/gallery\/images_large\/slide0627.jpg\" class=\"highslide\" onclick=\"return hs.expand(this)\" name=\"pap\"><br \/>\n\t<img decoding=\"async\" src=\"\/gallery\/images\/slide0627.jpg\" alt=\"Image 2\" border=\"0\" title=\"Click to enlarge\"><\/a><\/p>\n<div class=\"highslide-caption\">\n<strong>Figura 114<\/strong><br \/>\n<br \/>\nEsputo <br \/>\nEsta muestra de esputo muestra un grupo de c\u00e9lulas vacuoladas.  20x  <\/div>\n<\/div>\n<div class=\"chartColumnLongCell\">\n<strong>Figura 114<br \/>\n<\/strong><br \/>\nEsputo<br \/>\n<br \/>\nEsta muestra de esputo muestra un grupo de c\u00e9lulas vacuoladas.<br \/>\n20x <\/div>\n<div class=\"newRow\"><\/div>\n<div class=\"chartColumnCell\">\n<a href=\"\/gallery\/images_large\/slide0628.jpg\" class=\"highslide\" onclick=\"return hs.expand(this)\"><br \/>\n\t<img decoding=\"async\" src=\"\/gallery\/images\/slide0628.jpg\" alt=\"Image 3\" border=\"0\" title=\"Click to enlarge\"><\/a><\/p>\n<div class=\"highslide-caption\">\n<strong>Figura 115<\/strong><br \/>\n<br \/>\nEsputo <br \/>\nA mayor aumento se muestra el complejo de vacuolas m\u00faltiples dentro del citoplasma .  60x  <\/div>\n<\/div>\n<div class=\"chartColumnShortCell\">\n<strong>Figura 115<br \/>\n<\/strong><br \/>\nEsputo<br \/>\n<br \/>\nA mayor aumento se muestra el complejo de vacuolas m\u00faltiples dentro del citoplasma .<br \/>\n60x <\/div>\n<div class=\"newRow\"><\/div>\n<div class=\"chartColumnCell\">\n<a href=\"\/gallery\/images_large\/slide0629.jpg\" class=\"highslide\" onclick=\"return hs.expand(this)\"><br \/>\n\t<img decoding=\"async\" src=\"\/gallery\/images\/slide0629.jpg\" alt=\"Image 3\" border=\"0\" title=\"Click to enlarge\"><\/a><\/p>\n<div class=\"highslide-caption\">\n<strong>Figura 116<br \/>\n<\/strong><br \/>\nEsputo <br \/>\nDentro de este grupo se observa una estructura acinar bien formada  60x <\/div>\n<\/div>\n<div class=\"chartColumnShortCell\">\n<strong>Figura 116<br \/>\n<\/strong><br \/>\nEsputo <br \/>\nDentro de este grupo se observa una estructura acinar bien formada<br \/>\n60x <\/div>\n<div class=\"newRow\"><\/div>\n<div class=\"chartColumnCell\">\n<a href=\"\/gallery\/images_large\/slide0630.jpg\" class=\"highslide\" onclick=\"return hs.expand(this)\" name=\"pap\"><br \/>\n\t<img decoding=\"async\" src=\"\/gallery\/images\/slide0630.jpg\" alt=\"Image 2\" border=\"0\" title=\"Click to enlarge\"><\/a><\/p>\n<div class=\"highslide-caption\">\n<strong>Figura 117<\/strong><br \/>\n<br \/>\nLavado bronquial <br \/>\nUn adenocarcinoma m\u00e1s pobremente diferenciado que contiene restos celulares.  20x <\/div>\n<\/div>\n<div class=\"chartColumnShortCell\">\n<strong>Figura 117<br \/>\n<\/strong><br \/>\nLavado bronquial <br \/>\nUn adenocarcinoma m\u00e1s pobremente diferenciado que contiene restos celulares.<br \/>\n20x <\/div>\n<div class=\"newRow\"><\/div>\n<div class=\"chartColumnCell\">\n<a href=\"\/gallery\/images_large\/slide0631.jpg\" class=\"highslide\" onclick=\"return hs.expand(this)\"><br \/>\n\t<img decoding=\"async\" src=\"\/gallery\/images\/slide0631.jpg\" alt=\"Image 3\" border=\"0\" title=\"Click to enlarge\"><\/a><\/p>\n<div class=\"highslide-caption\">\n<strong>Figura 118<\/strong><br \/>\n<br \/>\nLavado bronquial <br \/>\nA m\u00e1s aumento se observan las c\u00e9lulas preservadas mostrando caracter\u00edsticas de adenocarcinoma, agrupamiento celular, monoton\u00eda celular, cromatina p\u00e1lida y nucleolos eosin\u00f3filos.  60x <\/div>\n<\/div>\n<div class=\"chartColumnLongCell\">\n<strong>Figura 118<br \/>\n<\/strong>        \t\tLavado bronquial<br \/>\n<br \/>\n     A m\u00e1s aumento se observan las c\u00e9lulas preservadas mostrando caracter\u00edsticas de adenocarcinoma, agrupamiento celular, monoton\u00eda celular, cromatina p\u00e1lida y nucleolos eosin\u00f3filos.<br \/>\n60x <\/div>\n<div class=\"newRow\"><\/div>\n<div class=\"chartColumnCell\">\n<a href=\"\/gallery\/images_large\/slide0632.jpg\" class=\"highslide\" onclick=\"return hs.expand(this)\"><br \/>\n\t<img decoding=\"async\" src=\"\/gallery\/images\/slide0632.jpg\" alt=\"Image 3\" border=\"0\" title=\"Click to enlarge\"><\/a><\/p>\n<div class=\"highslide-caption\">\n<strong>Figura 119<br \/>\n<\/strong><br \/>\nLavado bronquial <br \/>\nObservan los nucleolos localizados centralmente y la estructura acinar rudimentaria en este adenocarcinoma. 40x<\/div>\n<\/div>\n<div class=\"chartColumnLongCell\">\n<strong>Figura 119<br \/>\n<\/strong><br \/>\nLavado bronquial <br \/>\nObservan los nucleolos localizados centralmente y la estructura acinar rudimentaria en este adenocarcinoma.<br \/>\n40x <\/div>\n<div class=\"newRow\"><\/div>\n<div class=\"chartColumnCell\">\n<a href=\"\/gallery\/images_large\/slide0633.jpg\" class=\"highslide\" onclick=\"return hs.expand(this)\" name=\"pap\"><br \/>\n\t<img decoding=\"async\" src=\"\/gallery\/images\/slide0633.jpg\" alt=\"Image 2\" border=\"0\" title=\"Click to enlarge\"><\/a><\/p>\n<div class=\"highslide-caption\">\n<strong>Figura 120<\/strong><br \/>\n<br \/>\nLavado broncoalveolar <br \/>\nA menor aumento se muestra un adenocarcinoma pobremente diferenciado. 20x<\/div>\n<\/div>\n<div class=\"chartColumnLongCell\">\n<strong>Figura 120<br \/>\n<\/strong><br \/>\nLavado broncoalveolar <br \/>\nA menor aumento se muestra un adenocarcinoma pobremente diferenciado.<br \/>\n20x<\/div>\n<div class=\"newRow\"><\/div>\n<div class=\"chartColumnCell\">\n<a href=\"\/gallery\/images_large\/slide0634.jpg\" class=\"highslide\" onclick=\"return hs.expand(this)\"><br \/>\n\t<img decoding=\"async\" src=\"\/gallery\/images\/slide0634.jpg\" alt=\"Image 3\" border=\"0\" title=\"Click to enlarge\"><\/a><\/p>\n<div class=\"highslide-caption\">\n<strong>Figura 121<\/strong><br \/>\n<br \/>\nLavado broncoalveolar <br \/>\nLos n\u00facleos de este adenocarcinoma pobremente diferenciado son variables en forma y tienen cromatina grosera.  60x <\/div>\n<\/div>\n<div class=\"chartColumnLongCell\">\n<strong>Figura 121<br \/>\n<\/strong>        \t\tLavado broncoalveolar <br \/>\nLos n\u00facleos de este adenocarcinoma pobremente diferenciado son variables en forma y tienen cromatina grosera.<br \/>\n60x <\/div>\n<div class=\"newRow\"><\/div>\n<div class=\"chartColumnCell\">\n<a href=\"\/gallery\/images_large\/slide0635.jpg\" class=\"highslide\" onclick=\"return hs.expand(this)\" name=\"pap\"><br \/>\n\t<img decoding=\"async\" src=\"\/gallery\/images\/slide0635.jpg\" alt=\"Image 2\" border=\"0\" title=\"Click to enlarge\"><\/a><\/p>\n<div class=\"highslide-caption\">\n<strong>Figura 122<\/strong><br \/>\n<br \/>\nLavado broncoalveolar <br \/>\nAdenocarcinoma pobremente diferenciado.  60x  <\/div>\n<\/div>\n<div class=\"chartColumnShortCell\">\n<strong>Figura 122<br \/>\n<\/strong><br \/>\nLavado broncoalveolar <br \/>\nAdenocarcinoma pobremente diferenciado.<br \/>\n60x  <\/div>\n<div class=\"newRow\"><\/div>\n<div class=\"chartColumnCell\">\n<a href=\"\/gallery\/images_large\/slide0636.jpg\" class=\"highslide\" onclick=\"return hs.expand(this)\"><br \/>\n\t<img decoding=\"async\" src=\"\/gallery\/images\/slide0636.jpg\" alt=\"Image 3\" border=\"0\" title=\"Click to enlarge\"><\/a><\/p>\n<div class=\"highslide-caption\">\n<strong>Figura 123<\/strong><br \/>\n<br \/>\nLavado bronquial  <br \/>\nEn este adenocarcinoma de origen bronquiolar terminal est\u00e1n presentes numerosos grupos celulares .<br \/>\n20x  <\/div>\n<\/div>\n<div class=\"chartColumnShortCell\">\n<strong>Figura 123<br \/>\n<\/strong><br \/>\nLavado bronquial  <br \/>\nEn este adenocarcinoma de origen bronquiolar terminal est\u00e1n presentes numerosos grupos celulares .<br \/>\n20x <\/div>\n<div class=\"newRow\"><\/div>\n<div class=\"chartColumnCell\">\n<a href=\"\/gallery\/images_large\/slide0637.jpg\" class=\"highslide\" onclick=\"return hs.expand(this)\" name=\"pap\"><br \/>\n\t<img decoding=\"async\" src=\"\/gallery\/images\/slide0637.jpg\" alt=\"Image 2\" border=\"0\" title=\"Click to enlarge\"><\/a><\/p>\n<div class=\"highslide-caption\">\n<strong>Figura 124<\/strong><br \/>\n<br \/>\nLavado bronquial <br \/>\nComparar el tama\u00f1o de estas c\u00e9lulas del grupo con el epitelio columnar adyacente. 20x  <\/div>\n<\/div>\n<div class=\"chartColumnShortCell\">\n<strong>Figura 124<br \/>\n<\/strong><br \/>\nLavado bronquial <br \/>\nComparar el tama\u00f1o de estas c\u00e9lulas del grupo con el epitelio columnar adyacente.<br \/>\n20x <\/div>\n<div class=\"newRow\"><\/div>\n<div class=\"chartColumnCell\">\n<a href=\"\/gallery\/images_large\/slide0638.jpg\" class=\"highslide\" onclick=\"return hs.expand(this)\"><br \/>\n\t<img decoding=\"async\" src=\"\/gallery\/images\/slide0638.jpg\" alt=\"Image 3\" border=\"0\" title=\"Click to enlarge\"><\/a><\/p>\n<div class=\"highslide-caption\">\n<strong>Figura 125<\/strong><br \/>\n<br \/>\nLavado bronquial <br \/>\nA gran aumento se muestra un adenocarcinoma de origen bronquiolar terminal.  60x <\/div>\n<\/div>\n<div class=\"chartColumnShortCell\">\n<strong>Figura 125<br \/>\n<\/strong><br \/>\nLavado bronquial<br \/>\n<br \/>\nA gran aumento se muestra un adenocarcinoma de origen bronquiolar terminal.<br \/>\n60x <\/div>\n<div class=\"newRow\"><\/div>\n<div class=\"chartColumnCell\">\n<a href=\"\/gallery\/images_large\/slide0639.jpg\" class=\"highslide\" onclick=\"return hs.expand(this)\"><br \/>\n\t<img decoding=\"async\" src=\"\/gallery\/images\/slide0639.jpg\" alt=\"Image 3\" border=\"0\" title=\"Click to enlarge\"><\/a><\/p>\n<div class=\"highslide-caption\">\n<strong>Figura 126<\/strong><br \/>\n<br \/>\nLavado bronquial <br \/>\nAdenocarcinoma 60x<\/div>\n<\/div>\n<div class=\"chartColumnShortCell\">\n<strong>Figura 126<br \/>\n<\/strong><br \/>\nLavado bronquial <br \/>\nAdenocarcinoma<br \/>\n60x <\/div>\n<div class=\"newRow\"><\/div>\n<div class=\"chartColumnCell\">\n<a href=\"\/gallery\/images_large\/slide0640.jpg\" class=\"highslide\" onclick=\"return hs.expand(this)\"><br \/>\n\t<img decoding=\"async\" src=\"\/gallery\/images\/slide0640.jpg\" alt=\"Image 3\" border=\"0\" title=\"Click to enlarge\"><\/a><\/p>\n<div class=\"highslide-caption\">\n<strong>Figura 127<\/strong><br \/>\n<br \/>\nLavado bronquial <br \/>\nLavado bronquial  con c\u00e9lulas malignas de origen bronquiolar terminal. 20x <\/div>\n<\/div>\n<div class=\"chartColumnShortCell\">\n<strong>Figura 127<br \/>\n<\/strong><br \/>\nLavado bronquial <br \/>\nLavado bronquial  con c\u00e9lulas malignas de origen bronquiolar terminal.<br \/>\n20x <\/div>\n<div class=\"newRow\"><\/div>\n<div class=\"chartColumnCell\">\n<a href=\"\/gallery\/images_large\/slide0641.jpg\" class=\"highslide\" onclick=\"return hs.expand(this)\"><br \/>\n\t<img decoding=\"async\" src=\"\/gallery\/images\/slide0641.jpg\" alt=\"Image 3\" border=\"0\" title=\"Click to enlarge\"><\/a><\/p>\n<div class=\"highslide-caption\">\n<strong>Figura 128<\/strong><br \/>\n<br \/>\nLavado bronquial <br \/>\nA gran aumento se muestran las caracter\u00edsticas relativamente blandas en las c\u00e9lulas de este adenocarcinoma de origen bronquiolar terminal.  60x   <\/div>\n<\/div>\n<div class=\"chartColumnShortCell\">\n<strong>Figura 128<br \/>\n<\/strong><br \/>\nLavado bronquial <br \/>\nA gran aumento se muestran las caracter\u00edsticas relativamente blandas en las c\u00e9lulas de este adenocarcinoma de origen bronquiolar terminal.<br \/>\n60x <\/div>\n<div class=\"newRow\"><\/div>\n<div class=\"chartColumnCell\">\n<a href=\"\/gallery\/images_large\/slide0642.jpg\" class=\"highslide\" onclick=\"return hs.expand(this)\"><br \/>\n\t<img decoding=\"async\" src=\"\/gallery\/images\/slide0642.jpg\" alt=\"Image 3\" border=\"0\" title=\"Click to enlarge\"><\/a><\/p>\n<div class=\"highslide-caption\">\n<strong>Figura 129<\/strong><br \/>\n<br \/>\nLavado bronquial <br \/>\nAdenocarcinoma de origen bronquiolar terminal.  60x <\/div>\n<\/div>\n<div class=\"chartColumnShortCell\">\n<strong>Figura 129<br \/>\n<\/strong><br \/>\nLavado bronquial<br \/>\n<br \/>\nAdenocarcinoma de origen bronquiolar terminal.  60x <\/div>\n<div class=\"newRow\"><\/div>\n<div class=\"chartColumnCell\">\n<a href=\"\/gallery\/images_large\/slide0643.jpg\" class=\"highslide\" onclick=\"return hs.expand(this)\"><br \/>\n\t<img decoding=\"async\" src=\"\/gallery\/images\/slide0643.jpg\" alt=\"Image 3\" border=\"0\" title=\"Click to enlarge\"><\/a><\/p>\n<div class=\"highslide-caption\">\n<strong>Figura 130<\/strong><br \/>\n<br \/>\nCepillado bronquial<br \/>\nEl Adenocarcinoma puede mostrar estructuras verdaderamente papilares o pseudopapilares como se observa en este caso.  40x <\/div>\n<\/div>\n<div class=\"chartColumnShortCell\">\n<strong>Figura 130<br \/>\n<\/strong><br \/>\nCepillado bronquial<br \/>\n<br \/>\nEl Adenocarcinoma puede mostrar estructuras verdaderamente papilares o pseudopapilares como se observa en este caso.<br \/>\n40x <\/div>\n<\/div>\n<div class=\"newRow\"><\/div>\n<p><a class=\"back\" href=\"#\">Volver arriba<\/a><\/p>\n<p><a href=\"nongyn_atlas.htm\">Nota: Puede clicar en cualquier imagen del<br \/>\nAtlas para ver la imagen aumentada<\/a><\/p>\n<\/div>\n<p>[\/vc_column_text][\/vc_column][vc_column width=&#8221;1\/3&#8243; offset=&#8221;vc_hidden-sm vc_hidden-xs&#8221;][vc_widget_sidebar sidebar_id=&#8221;consulting-right-sidebar&#8221;][\/vc_column][\/vc_row]<\/p>\n","protected":false},"excerpt":{"rendered":"<p>[vc_row 0=&#8221;&#8221;][vc_column 0=&#8221;&#8221; offset=&#8221;vc_hidden-lg vc_hidden-md&#8221;][vc_raw_html 0=&#8221;&#8221;]PGNlbnRlcj48YSBjbGFzcz0ic2hpZnRuYXYtdG9nZ2xlIHNoaWZ0bmF2LXRvZ2dsZS1idXR0b24iIGRhdGEtc2hpZnRuYXYtdGFyZ2V0PSJzaGlmdG5hdi1tYWluIj48aSBjbGFzcz0iZmEgZmEtYmFycyI+PC9pPiBUYWJsZSBvZiBDb250ZW50cyA8L2E+PC9jZW50ZXI+[\/vc_raw_html][\/vc_column][\/vc_row][vc_row][vc_column][vc_custom_heading text=&#8221;Citolog\u00eda Respiratoria&#8221; font_container=&#8221;tag:h1|text_align:center&#8221; use_theme_fonts=&#8221;yes&#8221;][\/vc_column][\/vc_row][vc_row][vc_column width=&#8221;2\/3&#8243;][vc_column_text] ADENOCARCINOMA Nota: Puede clicar en cualquier imagen del Atlas para ver la imagen aumentada Figura 105 Lavado bronquial Las c\u00e9lulas de un adenocarcinoma pulmonar bien y moderadamente diferenciado est\u00e1n t\u00edpicamente agrupadas20x Figura 105 Lavado bronquial Las c\u00e9lulas de un adenocarcinoma pulmonar bien y moderadamente<\/p>\n","protected":false},"author":7,"featured_media":0,"parent":1953,"menu_order":0,"comment_status":"closed","ping_status":"closed","template":"","meta":{"ngg_post_thumbnail":0,"footnotes":""},"class_list":["post-2095","page","type-page","status-publish","hentry"],"_links":{"self":[{"href":"https:\/\/dev.cytologystuff.com\/es\/wp-json\/wp\/v2\/pages\/2095","targetHints":{"allow":["GET"]}}],"collection":[{"href":"https:\/\/dev.cytologystuff.com\/es\/wp-json\/wp\/v2\/pages"}],"about":[{"href":"https:\/\/dev.cytologystuff.com\/es\/wp-json\/wp\/v2\/types\/page"}],"author":[{"embeddable":true,"href":"https:\/\/dev.cytologystuff.com\/es\/wp-json\/wp\/v2\/users\/7"}],"replies":[{"embeddable":true,"href":"https:\/\/dev.cytologystuff.com\/es\/wp-json\/wp\/v2\/comments?post=2095"}],"version-history":[{"count":0,"href":"https:\/\/dev.cytologystuff.com\/es\/wp-json\/wp\/v2\/pages\/2095\/revisions"}],"up":[{"embeddable":true,"href":"https:\/\/dev.cytologystuff.com\/es\/wp-json\/wp\/v2\/pages\/1953"}],"wp:attachment":[{"href":"https:\/\/dev.cytologystuff.com\/es\/wp-json\/wp\/v2\/media?parent=2095"}],"curies":[{"name":"wp","href":"https:\/\/api.w.org\/{rel}","templated":true}]}}