{"id":2081,"date":"2017-07-31T19:31:02","date_gmt":"2017-07-31T19:31:02","guid":{"rendered":"http:\/\/cytologystuff1.wpengine.com\/non-gyn-atlas\/negative-washes\/"},"modified":"2017-11-16T11:36:45","modified_gmt":"2017-11-16T11:36:45","slug":"negative-washes","status":"publish","type":"page","link":"https:\/\/dev.cytologystuff.com\/es\/non-gyn-atlas\/negative-washes\/","title":{"rendered":"Citolog\u00eda de los Derrames de las Cavides Pleural, Peric\u00e1rdica y Peritoneal"},"content":{"rendered":"<p>[vc_row 0=&#8221;&#8221;][vc_column 0=&#8221;&#8221; offset=&#8221;vc_hidden-lg vc_hidden-md&#8221;][vc_raw_html 0=&#8221;&#8221;]PGNlbnRlcj48YSBjbGFzcz0ic2hpZnRuYXYtdG9nZ2xlIHNoaWZ0bmF2LXRvZ2dsZS1idXR0b24iIGRhdGEtc2hpZnRuYXYtdGFyZ2V0PSJzaGlmdG5hdi1tYWluIj48aSBjbGFzcz0iZmEgZmEtYmFycyI+PC9pPiBUYWJsZSBvZiBDb250ZW50cyA8L2E+PC9jZW50ZXI+[\/vc_raw_html][\/vc_column][\/vc_row][vc_row][vc_column][vc_custom_heading text=&#8221;Citolog\u00eda de los Derrames de las Cavides Pleural, Peric\u00e1rdica y Peritoneal&#8221; font_container=&#8221;tag:h1|text_align:center&#8221; use_theme_fonts=&#8221;yes&#8221;][\/vc_column][\/vc_row][vc_row el_id=&#8221;acknowledgements&#8221;][vc_column width=&#8221;2\/3&#8243;][vc_column_text]<\/p>\n<div id=>\n<p class=\"subhead\">LAVADOS NEGATIVOS <\/p>\n<p style=\"padding-left:7px\"><a href=\"javascript:void(0)\"  style=\"width:300px;display:block\"><img loading=\"lazy\" decoding=\"async\" src=\"\/images\/button27h.gif\" id=\"selfAssessImg\" width=\"400\" height=\"40\"><\/a><\/p>\n<div class=\"highslide-gallery\">\n<strong>Nota:Puede clicar en cualquier imagen del<br \/>\nAtlas para ver la imagen aumentada.<\/strong><\/p>\n<div class=\"chartColumnCell\">\n<a href=\"\/gallery\/images_large\/slide0413.jpg\" class=\"highslide\" onclick=\"return hs.expand(this)\" name=\"pap\"><br \/>\n\t<img decoding=\"async\" src=\"\/gallery\/images\/slide0413.jpg\" alt=\"Image 2\" border=\"0\" title=\"Click to enlarge\"><\/a><\/p>\n<div class=\"highslide-caption\">\n        <strong>Figura 13<\/strong><br \/>\n       <br \/>\n  Lavado Peritoneal: Benigno. 20X <\/div>\n<\/div>\n<div class=\"chartColumnShortCell\">\n        \t<strong>Figura 13<br \/>\n        \t<\/strong>Lavado Peritoneal:<br \/>\nBenigno.<br \/>\n20X  <\/div>\n<div class=\"newRow\"><\/div>\n<p>En los lavados peritoneales el cirujano lleva a cabo una irrigaci\u00f3n para recoger las c\u00e9lulas para analizar. Las c\u00e9lulas mesoteliales de la pelvis pueden descamar en amplias placas planas. Algunas veces las placas se pliegan tanto que el solapamiento de las c\u00e9lulas es evidente.<\/p>\n<p>La naturaleza benigna de las c\u00e9lulas mesoteliales es obvia por su agrupamiento y apariencia uniforme.<br \/>\n<\/p>\n<div class=\"chartColumnCell\">\n<a href=\"\/gallery\/images_large\/slide0414.jpg\" class=\"highslide\" onclick=\"return hs.expand(this)\"><br \/>\n\t<img decoding=\"async\" src=\"\/gallery\/images\/slide0414.jpg\" alt=\"Image 3\" border=\"0\" title=\"Click to enlarge\"><\/a><\/p>\n<div class=\"highslide-caption\">\n<strong>Figura 14<\/strong><br \/>\n<br \/> Lavado Peritoneal: Grupo de c\u00e9lulas mesoteliales benignas.  40X <\/div>\n<\/div>\n<div class=\"chartColumnShortCell\">\n \t\t<strong>Figura 14<br \/>\n \t\t<\/strong>        \t\tLavado Peritoneal:<br \/>\nGrupo de c\u00e9lulas mesoteliales benignas.<br \/>\n40X\n<\/div>\n<div class=\"newRow\"><\/div>\n<p>Las c\u00e9lulas mesoteliales benignas de un lavado peritoneal pueden aparecer tambi\u00e9n agrupadas en un grupo m\u00e1s tridimensional con algo de solapamiento. Un examen m\u00e1s de cerca revela c\u00e9lulas uniformes con caracter\u00edsticas nucleares benignas.\n<\/p>\n<div class=\"chartColumnCell\">\n<a href=\"\/gallery\/images_large\/slide0415.jpg\" class=\"highslide\" onclick=\"return hs.expand(this)\"><br \/>\n\t<img decoding=\"async\" src=\"\/gallery\/images\/slide0415.jpg\" alt=\"Image 3\" border=\"0\" title=\"Click to enlarge\"><\/a><\/p>\n<div class=\"highslide-caption\">\n<strong>Figura 15<\/strong><br \/>\nLavado Peritoneal: C\u00e9lulas mesoteliales reactivas. 40X<\/div>\n<\/div>\n<div class=\"chartColumnShortCell\">\n<strong>Figura 15<br \/>\n<\/strong><br \/>\nLavado Peritoneal:<br \/>\nC\u00e9lulas mesoteliales reactivas.<br \/>\n40X\n<\/div>\n<div class=\"newRow\"><\/div>\n<p>Este grupo de c\u00e9lulas mesoteliales benignas muestra tambi\u00e9n un ligero solapamiento. Los grupos de c\u00e9lulas mesoteliales benignas tienen un borde festoneado, en contraste con el t\u00edpico borde liso que encontramos en los grupos de un adenocarcinoma. <\/p>\n<div class=\"chartColumnCell\">\n<a href=\"\/gallery\/images_large\/slide0416.jpg\" class=\"highslide\" onclick=\"return hs.expand(this)\" name=\"pap\"><br \/>\n\t<img decoding=\"async\" src=\"\/gallery\/images\/slide0416.jpg\" alt=\"Image 2\" border=\"0\" title=\"Click to enlarge\"><\/a><\/p>\n<div class=\"highslide-caption\">\n<strong>Figura 16<\/strong> <br \/>\nPelvic wash: C\u00e9lulas mesoteliales benignas.  20X <\/div>\n<\/div>\n<div class=\"chartColumnShortCell\">\n        \t<strong>Figura 16<br \/>\n        \t<\/strong>Pelvic wash:<br \/>\nC\u00e9lulas mesoteliales benignas.<br \/>\n20X   <\/div>\n<div class=\"newRow\"><\/div>\n<p>Una placa plana de c\u00e9lulas mesoteliales espaciadas homog\u00e9neamente en un patr\u00f3n en panal de abeja. <\/p>\n<p><\/p>\n<div class=\"chartColumnCell\">\n<a href=\"\/gallery\/images_large\/slide0417.jpg\" class=\"highslide\" onclick=\"return hs.expand(this)\"><br \/>\n\t<img decoding=\"async\" src=\"\/gallery\/images\/slide0417.jpg\" alt=\"Image 3\" border=\"0\" title=\"Click to enlarge\"><\/a><\/p>\n<div class=\"highslide-caption\">\n<strong>Figura 17<\/strong><br \/>\n<br \/>\nPelvic wash: C\u00e9lulas mesoteliales benignas. 40X <\/div>\n<\/div>\n<div class=\"chartColumnShortCell\">\n \t\t<strong>Figura 17<br \/>\n \t\t<\/strong>        \t\tPelvic wash:<br \/>\nC\u00e9lulas mesoteliales benignas.<br \/>\n40X\n<\/div>\n<div class=\"newRow\"><\/div>\n<div class=\"chartColumnCell\">\n<a href=\"\/gallery\/images_large\/slide0418.jpg\" class=\"highslide\" onclick=\"return hs.expand(this)\" name=\"pap\"><br \/>\n\t<img decoding=\"async\" src=\"\/gallery\/images\/slide0418.jpg\" alt=\"Image 2\" border=\"0\" title=\"Click to enlarge\"><\/a><\/p>\n<div class=\"highslide-caption\">\n<strong>Figura 18<\/strong><br \/>\n<br \/>\nPelvic wash: C\u00e9lulas mesoteliales benignas.  20X <\/div>\n<\/div>\n<div class=\"chartColumnShortCell\">\n        \t<strong>Figura 18<br \/>\n        \t<\/strong>Pelvic wash:<br \/>\nC\u00e9lulas mesoteliales benignas.<br \/>\n20X <\/div>\n<div class=\"newRow\"><\/div>\n<p>  Las figuras 17 y 18 muestran una gran placa de c\u00e9lulas mesoteliales. Los n\u00facleos son vesiculares y uniformes con nucleolos peque\u00f1os o inapreciables.  <\/p>\n<div class=\"chartColumnCell\">\n<a href=\"\/gallery\/images_large\/slide0419.jpg\" class=\"highslide\" onclick=\"return hs.expand(this)\"><br \/>\n\t<img decoding=\"async\" src=\"\/gallery\/images\/slide0419.jpg\" alt=\"Image 3\" border=\"0\" title=\"Click to enlarge\"><\/a><\/p>\n<div class=\"highslide-caption\">\n<strong>Figura 19<\/strong><br \/>\n<br \/>\nPelvic wash: Negativo. 40X <\/div>\n<\/div>\n<div class=\"chartColumnShortCell\">\n \t\t<strong>Figura 19<br \/>\n \t\t<\/strong>        \t\tPelvic wash:<br \/>\nNegativo.<br \/>\n40X\n<\/div>\n<div class=\"newRow\"><\/div>\n<p>  Las c\u00e9lulas mesoteliales pueden tener tambi\u00e9n apariencia cuboidal con citoplasma m\u00e1s condensado. Una vez m\u00e1s, observar la placa cohesiva de c\u00e9lulas con uniformidad de n\u00facleos en todas partes. <\/p>\n<div class=\"chartColumnCell\">\n<a href=\"\/gallery\/images_large\/slide0420.jpg\" class=\"highslide\" onclick=\"return hs.expand(this)\"><br \/>\n\t<img decoding=\"async\" src=\"\/gallery\/images\/slide0420.jpg\" alt=\"Image 3\" border=\"0\" title=\"Click to enlarge\"><\/a><\/p>\n<div class=\"highslide-caption\">\n<strong>Figura 20<\/strong><br \/>\n<br \/>\nLavado Peritoneal: Artefactos. 20X <\/div>\n<\/div>\n<div class=\"chartColumnShortCell\">\n \t\t<strong>Figura 20<br \/>\n \t\t<\/strong>        \t\tLavado Peritoneal:<br \/>\nArtefactos.<br \/>\n20X\n<\/div>\n<div class=\"newRow\"><\/div>\n<p>En los lavados peritoneales y fluidos de otros lugares del cuerpo se puede ver colesterol y otros tipos de cristales. <\/p>\n<p> <\/p>\n<div class=\"chartColumnCell\">\n<a href=\"\/gallery\/images_large\/slide0421.jpg\" class=\"highslide\" onclick=\"return hs.expand(this)\"><br \/>\n\t<img decoding=\"async\" src=\"\/gallery\/images\/slide0421.jpg\" alt=\"Image 3\" border=\"0\" title=\"Click to enlarge\"><\/a><\/p>\n<div class=\"highslide-caption\">\n<strong>Figura 21<\/strong><br \/>\n<br \/>\nLavado Peritoneal: Artefactos. 60X <\/div>\n<\/div>\n<div class=\"chartColumnShortCell\">\n \t\t<strong>Figura 21<br \/>\n \t\t<\/strong>        \t\tLavado Peritoneal:<br \/>\nArtefactos.<br \/>\n60X\n<\/div>\n<\/div>\n<div class=\"newRow\"><\/div>\n<p>      C\u00e9lulas mesoteliales reactivas que contienen gr\u00e1nulos de talco son idicativas de una contaminaci\u00f3n del polvo de los guantes de una laparotom\u00eda previa. Los gr\u00e1nulos de talco pueden contaminar tambi\u00e9n la muestra a trav\u00e9s de los guantes del t\u00e9cnico que la procesa.  <\/p>\n<p><a class=\"back\" href=\"#\">Volver arriba<\/a><\/p>\n<p><a href=\"nongyn_atlas.htm\">Volver a la Tabla de Contenidos<\/a><\/p>\n<\/div>\n<p>[\/vc_column_text][vc_column_text css=&#8221;.vc_custom_1500390293825{margin-top: 30px !important;}&#8221; el_class=&#8221;back-to-top&#8221;]<strong><a href=\"#main\">Back to Top<\/a><\/strong>[\/vc_column_text][\/vc_column][vc_column width=&#8221;1\/3&#8243; offset=&#8221;vc_hidden-sm vc_hidden-xs&#8221;][vc_widget_sidebar sidebar_id=&#8221;consulting-right-sidebar&#8221;][\/vc_column][\/vc_row]<\/p>\n","protected":false},"excerpt":{"rendered":"<p>[vc_row 0=&#8221;&#8221;][vc_column 0=&#8221;&#8221; offset=&#8221;vc_hidden-lg vc_hidden-md&#8221;][vc_raw_html 0=&#8221;&#8221;]PGNlbnRlcj48YSBjbGFzcz0ic2hpZnRuYXYtdG9nZ2xlIHNoaWZ0bmF2LXRvZ2dsZS1idXR0b24iIGRhdGEtc2hpZnRuYXYtdGFyZ2V0PSJzaGlmdG5hdi1tYWluIj48aSBjbGFzcz0iZmEgZmEtYmFycyI+PC9pPiBUYWJsZSBvZiBDb250ZW50cyA8L2E+PC9jZW50ZXI+[\/vc_raw_html][\/vc_column][\/vc_row][vc_row][vc_column][vc_custom_heading text=&#8221;Citolog\u00eda de los Derrames de las Cavides Pleural, Peric\u00e1rdica y Peritoneal&#8221; font_container=&#8221;tag:h1|text_align:center&#8221; use_theme_fonts=&#8221;yes&#8221;][\/vc_column][\/vc_row][vc_row el_id=&#8221;acknowledgements&#8221;][vc_column width=&#8221;2\/3&#8243;][vc_column_text] LAVADOS NEGATIVOS Nota:Puede clicar en cualquier imagen del Atlas para ver la imagen aumentada. Figura 13 Lavado Peritoneal: Benigno. 20X Figura 13 Lavado Peritoneal: Benigno. 20X En los lavados peritoneales el cirujano lleva a<\/p>\n","protected":false},"author":7,"featured_media":0,"parent":1953,"menu_order":0,"comment_status":"closed","ping_status":"closed","template":"","meta":{"ngg_post_thumbnail":0,"footnotes":""},"class_list":["post-2081","page","type-page","status-publish","hentry"],"_links":{"self":[{"href":"https:\/\/dev.cytologystuff.com\/es\/wp-json\/wp\/v2\/pages\/2081","targetHints":{"allow":["GET"]}}],"collection":[{"href":"https:\/\/dev.cytologystuff.com\/es\/wp-json\/wp\/v2\/pages"}],"about":[{"href":"https:\/\/dev.cytologystuff.com\/es\/wp-json\/wp\/v2\/types\/page"}],"author":[{"embeddable":true,"href":"https:\/\/dev.cytologystuff.com\/es\/wp-json\/wp\/v2\/users\/7"}],"replies":[{"embeddable":true,"href":"https:\/\/dev.cytologystuff.com\/es\/wp-json\/wp\/v2\/comments?post=2081"}],"version-history":[{"count":0,"href":"https:\/\/dev.cytologystuff.com\/es\/wp-json\/wp\/v2\/pages\/2081\/revisions"}],"up":[{"embeddable":true,"href":"https:\/\/dev.cytologystuff.com\/es\/wp-json\/wp\/v2\/pages\/1953"}],"wp:attachment":[{"href":"https:\/\/dev.cytologystuff.com\/es\/wp-json\/wp\/v2\/media?parent=2081"}],"curies":[{"name":"wp","href":"https:\/\/api.w.org\/{rel}","templated":true}]}}