{"id":2011,"date":"2017-07-31T19:36:44","date_gmt":"2017-07-31T19:36:44","guid":{"rendered":"http:\/\/cytologystuff1.wpengine.com\/non-gyn-atlas\/effusions-and-washes-ovarian-adenocarcinoma\/"},"modified":"2017-11-16T13:16:32","modified_gmt":"2017-11-16T13:16:32","slug":"effusions-and-washes-ovarian-adenocarcinoma","status":"publish","type":"page","link":"https:\/\/dev.cytologystuff.com\/es\/non-gyn-atlas\/effusions-and-washes-ovarian-adenocarcinoma\/","title":{"rendered":"Citolog\u00eda de los Derrames de las Cavides Pleural, Peric\u00e1rdica y Peritoneal"},"content":{"rendered":"<p>[vc_row 0=&#8221;&#8221;][vc_column 0=&#8221;&#8221; offset=&#8221;vc_hidden-lg vc_hidden-md&#8221;][vc_raw_html 0=&#8221;&#8221;]PGNlbnRlcj48YSBjbGFzcz0ic2hpZnRuYXYtdG9nZ2xlIHNoaWZ0bmF2LXRvZ2dsZS1idXR0b24iIGRhdGEtc2hpZnRuYXYtdGFyZ2V0PSJzaGlmdG5hdi1tYWluIj48aSBjbGFzcz0iZmEgZmEtYmFycyI+PC9pPiBUYWJsZSBvZiBDb250ZW50cyA8L2E+PC9jZW50ZXI+[\/vc_raw_html][\/vc_column][\/vc_row][vc_row][vc_column][vc_custom_heading text=&#8221;Citolog\u00eda de los Derrames de las Cavides Pleural, Peric\u00e1rdica y Peritoneal&#8221; font_container=&#8221;tag:h1|text_align:center&#8221; use_theme_fonts=&#8221;yes&#8221;][\/vc_column][\/vc_row][vc_row el_id=&#8221;acknowledgements&#8221;][vc_column width=&#8221;2\/3&#8243;][vc_column_text]<\/p>\n<div id=>\n<p class=\"subhead\">DERRAMES Y LAVADOS \u2013 ADENOCARCINOMA DE OVARIO   <\/p>\n<p>       Un derrame peritoneal no filiado en una paciente femenina debe orientar hacia una valoraci\u00f3n de c\u00e9lulas malignas de origen ov\u00e1rico. <\/p>\n<p style=\"padding-left:7px\"><a href=\"javascript:void(0)\"  style=\"width:300px;display:block\"><img loading=\"lazy\" decoding=\"async\" src=\"\/images\/button27h.gif\" id=\"selfAssessImg\" width=\"400\" height=\"40\"><\/a><\/p>\n<div class=\"highslide-gallery\">\n<strong>Nota: Puede clicar en cualquier imagen del<br \/>\nAtlas para ver la imagen aumentada<\/strong><\/p>\n<div class=\"chartColumnCell\">\n<a href=\"\/gallery\/images_large\/slide0443.jpg\" class=\"highslide\" onclick=\"return hs.expand(this)\" name=\"pap\"><br \/>\n\t<img decoding=\"async\" src=\"\/gallery\/images\/slide0443.jpg\" alt=\"Image 2\" border=\"0\" title=\"Click to enlarge\"><\/a><\/p>\n<div class=\"highslide-caption\">\n<strong>Figura 43<\/strong><br \/>\n<br \/>\nDerrame pleural: Adenocarcinoma papilar seroso de ovario. 20X<\/div>\n<\/div>\n<div class=\"chartColumnShortCell\">\n        \t<strong>Figura 43<br \/>\n        \t<\/strong><br \/>\n            Derrame pleural:<br \/>\n            <br \/>\n            Adenocarcinoma papilar seroso de ovario.<br \/>\n20X <\/div>\n<div class=\"newRow\"><\/div>\n<div class=\"chartColumnCell\">\n<a href=\"\/gallery\/images_large\/slide0444.jpg\" class=\"highslide\" onclick=\"return hs.expand(this)\"><br \/>\n\t<img decoding=\"async\" src=\"\/gallery\/images\/slide0444.jpg\" alt=\"Image 3\" border=\"0\" title=\"Click to enlarge\"><\/a><\/p>\n<div class=\"highslide-caption\">\n<strong>Figura 44<\/strong><br \/>\n<br \/>\nDerrame pleural: Adenocarcinoma papilar seroso de ovario. 40X  <\/div>\n<\/div>\n<div class=\"chartColumnShortCell\">\n \t\t<strong>Figura 44<br \/>\n \t\t<\/strong>        \t\tDerrame pleural:<br \/>\nAdenocarcinoma papilar seroso de ovario.<br \/>\n40X\n<\/div>\n<div class=\"newRow\"><\/div>\n<div class=\"chartColumnCell\">\n<a href=\"\/gallery\/images_large\/slide0445.jpg\" class=\"highslide\" onclick=\"return hs.expand(this)\"><br \/>\n\t<img decoding=\"async\" src=\"\/gallery\/images\/slide0445.jpg\" alt=\"Image 3\" border=\"0\" title=\"Click to enlarge\"><\/a><\/p>\n<div class=\"highslide-caption\">\n<strong>Figura 45<\/strong><br \/>\nDerrame pleural: Adenocarcinoma papilar seroso de ovario. 60X<\/div>\n<\/div>\n<div class=\"chartColumnShortCell\">\n<strong>Figura 45<br \/>\n<\/strong><br \/>\nDerrame pleural:<br \/>\nAdenocarcinoma papilar seroso de ovario.<br \/>\n60X\n<\/div>\n<div class=\"newRow\"><\/div>\n<p><strong>Figuras 43-45:<\/strong> Pleural effusion Adenocarcinoma papilar seroso de ovario.<br \/>\nC\u00e9lulas de un adenocarcinoma papilar seroso de ovario en un derrame pleural puede representar una poblaci\u00f3n discontinua de c\u00e9lulas. Su tama\u00f1o c\u00e9lular y nuclear es variable. Las caracter\u00edsticas son una relaci\u00f3n n\u00facleo citoplasma aumentado y vacuolas citoplasm\u00e1ticas. Las c\u00e9lulas pueden aparecer sueltas o en peque\u00f1os grupos acinares. <\/p>\n<div class=\"chartColumnCell\">\n<a href=\"\/gallery\/images_large\/slide0446.jpg\" class=\"highslide\" onclick=\"return hs.expand(this)\" name=\"pap\"><br \/>\n\t<img decoding=\"async\" src=\"\/gallery\/images\/slide0446.jpg\" alt=\"Image 2\" border=\"0\" title=\"Click to enlarge\"><\/a><\/p>\n<div class=\"highslide-caption\">\n<strong>Figura 46<\/strong><br \/>\n<br \/>Adenocarcinoma seroso de ovario. Estas c\u00e9lulas tumorales son metast\u00e1sicas de un adenocarcinoma de ovario en un derrame pleural, donde descaman como estructuras papilares-glandulares tridimensionales . 40X  <\/div>\n<\/div>\n<div class=\"chartColumnLongCell\">\n        \t<strong>Figura 46<br \/>\n        \t<\/strong><br \/>\nDerrame pleural:<br \/>\n<br \/>\nAdenocarcinoma seroso de ovario. Estas c\u00e9lulas tumorales son metast\u00e1sicas de un adenocarcinoma de ovario en un derrame pleural, donde descaman como estructuras papilares-glandulares tridimensionales .<br \/>\n40X  <\/div>\n<div class=\"newRow\"><\/div>\n<div class=\"chartColumnCell\">\n<a href=\"\/gallery\/images_large\/slide0447.jpg\" class=\"highslide\" onclick=\"return hs.expand(this)\"><br \/>\n\t<img decoding=\"async\" src=\"\/gallery\/images\/slide0447.jpg\" alt=\"Image 3\" border=\"0\" title=\"Click to enlarge\"><\/a><\/p>\n<div class=\"highslide-caption\">\n<strong>Figura 47<\/strong><br \/>\n<br \/>Adenocarcinoma seroso de ovario. Aunque tridimensionales, la naturaleza maligna de estas c\u00e9lulas cancer\u00edgenas de ovario se aprecia f\u00e1cilmente al comparar su tama\u00f1o con los linfocitos del fondo. La distinci\u00f3n entre origen ov\u00e1rico o endometrial puede ser dif\u00edcil dado el origen Mulleriano com\u00fan de los tumores en ambos casos. 20X <\/div>\n<\/div>\n<div class=\"chartColumnLongCell\">\n \t\t<strong>Figura 47<br \/>\n \t\t<\/strong><br \/>\n        Derrame pleural:<br \/>\n        <br \/>\n        Adenocarcinoma seroso de ovario. Aunque tridimensionales, la naturaleza maligna de estas c\u00e9lulas cancer\u00edgenas de ovario se aprecia f\u00e1cilmente al comparar su tama\u00f1o con los linfocitos del fondo. La distinci\u00f3n entre origen ov\u00e1rico o endometrial puede ser dif\u00edcil dado el origen Mulleriano com\u00fan de los tumores en ambos casos.<br \/>\n20X\n<\/div>\n<div class=\"newRow\"><\/div>\n<div class=\"chartColumnCell\">\n<a href=\"\/gallery\/images_large\/slide0448.jpg\" class=\"highslide\" onclick=\"return hs.expand(this)\"><br \/>\n\t<img decoding=\"async\" src=\"\/gallery\/images\/slide0448.jpg\" alt=\"Image 3\" border=\"0\" title=\"Click to enlarge\"><\/a><\/p>\n<div class=\"highslide-caption\">\n<strong>Figura 48<\/strong><br \/>\n<br \/>Adenocarcinoma seroso de ovario. Placas de c\u00e9lulas tumorales con n\u00facleo grande y nucleolo prominente. Una vez m\u00e1s observar la diferencia de tama\u00f1o en comparaci\u00f3n con el fondo de linfocitos. Es una poblaci\u00f3n celular discontinua. 40X<\/div>\n<\/div>\n<div class=\"chartColumnLongCell\">\n \t\t<strong>Figura 48<br \/>\n \t\t<\/strong><br \/>\n        Derrame pleural:<br \/>\nAdenocarcinoma seroso de ovario. Placas de c\u00e9lulas tumorales con n\u00facleo grande y nucleolo prominente. Una vez m\u00e1s observar la diferencia de tama\u00f1o en comparaci\u00f3n con el fondo de linfocitos. Es una poblaci\u00f3n celular discontinua.<br \/>\n40X\n<\/div>\n<div class=\"newRow\"><\/div>\n<div class=\"chartColumnCell\">\n<a href=\"\/gallery\/images_large\/slide0449.jpg\" class=\"highslide\" onclick=\"return hs.expand(this)\"><br \/>\n\t<img decoding=\"async\" src=\"\/gallery\/images\/slide0449.jpg\" alt=\"Image 3\" border=\"0\" title=\"Click to enlarge\"><\/a><\/p>\n<div class=\"highslide-caption\">\n<strong>Figura 49<\/strong><br \/>\nDerrame peritoneal:<br \/>\n<br \/>Tumor seroso borderline. Grupo papilar de tumor glandular seroso borderline formado por c\u00e9lulas tumorales en bola de ca\u00f1\u00f3n. Observar el borde suave, en comparaci\u00f3n con el borde festoneado de las c\u00e9lulas mesoteliales reactivas 60X<\/div>\n<\/div>\n<div class=\"chartColumnLongCell\">\n \t\t<strong>Figura 49<br \/>\n \t\t<\/strong><br \/>\n        Derrame peritoneal:<br \/>\n        <br \/>\n        Tumor seroso borderline. Grupo papilar de tumor glandular seroso borderline formado por c\u00e9lulas tumorales en bola de ca\u00f1\u00f3n. Observar el borde suave, en comparaci\u00f3n con el borde festoneado de las c\u00e9lulas mesoteliales reactivas<br \/>\n60X\n<\/div>\n<div class=\"newRow\"><\/div>\n<div class=\"chartColumnCell\">\n<a href=\"\/gallery\/images_large\/slide0450.jpg\" class=\"highslide\" onclick=\"return hs.expand(this)\"><br \/>\n\t<img decoding=\"async\" src=\"\/gallery\/images\/slide0450.jpg\" alt=\"Image 3\" border=\"0\" title=\"Click to enlarge\"><\/a><\/p>\n<div class=\"highslide-caption\">\n<strong>Figura 50<\/strong><br \/>\nLavado peritoneal:<br \/>\n<br \/>Tumor seroso borderline de ovario. Grupo papilar de c\u00e9lulas tumorales con vacuolizaci\u00f3n citoplasm\u00e1tica prominente.40X<\/div>\n<\/div>\n<div class=\"chartColumnLongCell\">\n \t\t<strong>Figura 50<br \/>\n \t\t<\/strong><br \/>\nLavado peritoneal:<br \/>\n<br \/>\nTumor seroso borderline de ovario. Grupo papilar de c\u00e9lulas tumorales con vacuolizaci\u00f3n citoplasm\u00e1tica prominente.<br \/>\n40X\n<\/div>\n<div class=\"newRow\"><\/div>\n<p>Los lavados peritoneales en\u00e9rgicos pueden sacar el tumor microsc\u00f3pico. Los lavados son una parte integral a la hora de llevar a cabo una laparoscopia. A causa del procedimiento de lavado, las c\u00e9lulas tumorales generalmente se desprenden\u201d en grupos cohesivos tridimensionales y pueden estar mezcladas con placas de mesotelio benigno. Las c\u00e9lulas tumorales son f\u00e1cilmente distinguibles por tama\u00f1o, caracter\u00edsticas malignas y agrupaciones. <\/p>\n<div class=\"chartColumnCell\">\n<a href=\"\/gallery\/images_large\/slide0451.jpg\" class=\"highslide\" onclick=\"return hs.expand(this)\" name=\"pap\"><br \/>\n\t<img decoding=\"async\" src=\"\/gallery\/images\/slide0451.jpg\" alt=\"Image 2\" border=\"0\" title=\"Click to enlarge\"><\/a><\/p>\n<div class=\"highslide-caption\">\n<strong>Figura 51<\/strong><br \/>\nLavado p\u00e9lvico:<br \/>\n<br \/>Tumor seroso borderline de ovario. Este lavado p\u00e9lvico ha producido un grupo tridimiensional apelotonado de c\u00e9lulas tumorales con caracter\u00edsticas m\u00ednima atipia nuclear.<br \/>\n40X  <\/div>\n<\/div>\n<div class=\"chartColumnLongCell\">\n        \t<strong>Figura 51<br \/>\n        \t<\/strong><br \/>\n            Lavado p\u00e9lvico:<br \/>\nTumor seroso borderline de ovario. Este lavado p\u00e9lvico ha producido un grupo tridimiensional apelotonado de c\u00e9lulas tumorales con caracter\u00edsticas m\u00ednima atipia nuclear.<br \/>\n40X\n <\/div>\n<div class=\"newRow\"><\/div>\n<div class=\"chartColumnCell\">\n<a href=\"\/gallery\/images_large\/slide0452.jpg\" class=\"highslide\" onclick=\"return hs.expand(this)\"><br \/>\n\t<img decoding=\"async\" src=\"\/gallery\/images\/slide0452.jpg\" alt=\"Image 3\" border=\"0\" title=\"Click to enlarge\"><\/a><\/p>\n<div class=\"highslide-caption\">\n<strong>Figura 52<\/strong><br \/>\n<br \/>Derrame peritoneal:<br \/>\nAdenocarcinoma seroso de ovario. Grupos papilares pleom\u00f3rficos de c\u00e9lulas tumorales encontradas en un derrame peritoneal. Observar la diferencia de tama\u00f1o entre las c\u00e9lulas tumorales y las c\u00e9lulas mesoteliales benignas abajo a la derecha. 40X  <\/div>\n<\/div>\n<div class=\"chartColumnLongCell\">\n \t\t<strong>Figura 52<br \/>\n \t\t<\/strong><br \/>\nDerrame peritoneal:<br \/>\nAdenocarcinoma seroso de ovario. Grupos papilares pleom\u00f3rficos de c\u00e9lulas tumorales encontradas en un derrame peritoneal. Observar la diferencia de tama\u00f1o entre las c\u00e9lulas tumorales y las c\u00e9lulas mesoteliales benignas abajo a la derecha.<br \/>\n40X\n<\/div>\n<div class=\"newRow\"><\/div>\n<div class=\"chartColumnCell\">\n<a href=\"\/gallery\/images_large\/slide0453.jpg\" class=\"highslide\" onclick=\"return hs.expand(this)\"><br \/>\n\t<img decoding=\"async\" src=\"\/gallery\/images\/slide0453.jpg\" alt=\"Image 3\" border=\"0\" title=\"Click to enlarge\"><\/a><\/p>\n<div class=\"highslide-caption\">\n<strong>Figura 53<\/strong><br \/>\nDerrame peritoneal:<br \/>\nAdenocarcinoma de ovario. Se observa un grupo tridimensional de c\u00e9lulas tumorales junto a un fondo sucio.  20X <\/div>\n<\/div>\n<div class=\"chartColumnLongCell\">\n \t\t<strong>Figura 53<br \/>\n \t\t<\/strong><br \/>\nDerrame peritoneal:<br \/>\nAdenocarcinoma de ovario. Se observa un grupo tridimensional de c\u00e9lulas tumorales junto a un fondo sucio.<br \/>\n20X\n<\/div>\n<div class=\"newRow\"><\/div>\n<div class=\"chartColumnCell\">\n<a href=\"\/gallery\/images_large\/slide0454.jpg\" class=\"highslide\" onclick=\"return hs.expand(this)\"><br \/>\n\t<img decoding=\"async\" src=\"\/gallery\/images\/slide0454.jpg\" alt=\"Image 3\" border=\"0\" title=\"Click to enlarge\"><\/a><\/p>\n<div class=\"highslide-caption\">\n<strong>Figura 54<\/strong><br \/>\n<br \/>Lavado p\u00e9lvico:<br \/>\nAdenocarcinoma de ovario. Un grupo tridimensional de c\u00e9lulas malignas contrasta con un grupo de cuatro c\u00e9lulas benignas arriba a la izquierda. 40X  <\/div>\n<\/div>\n<div class=\"chartColumnLongCell\">\n \t\t<strong>Figura 54<br \/>\n \t\t<\/strong><br \/>\nLavado p\u00e9lvico:<br \/>\nAdenocarcinoma de ovario. Un grupo tridimensional de c\u00e9lulas malignas contrasta con un grupo de cuatro c\u00e9lulas benignas arriba a la izquierda.<br \/>\n40X\n<\/div>\n<\/div>\n<div class=\"newRow\"><\/div>\n<p><a class=\"back\" href=\"#\">Volver arriba<\/a><\/p>\n<p><a href=\"nongyn_atlas.htm\">Volver a la Tabla de Contenidos<\/a><\/p>\n<\/div>\n<p>[\/vc_column_text][vc_column_text css=&#8221;.vc_custom_1500390293825{margin-top: 30px !important;}&#8221; el_class=&#8221;back-to-top&#8221;]<strong><a href=\"#main\">Back to Top<\/a><\/strong>[\/vc_column_text][\/vc_column][vc_column width=&#8221;1\/3&#8243; offset=&#8221;vc_hidden-sm vc_hidden-xs&#8221;][vc_widget_sidebar sidebar_id=&#8221;consulting-right-sidebar&#8221;][\/vc_column][\/vc_row]<\/p>\n","protected":false},"excerpt":{"rendered":"<p>[vc_row 0=&#8221;&#8221;][vc_column 0=&#8221;&#8221; offset=&#8221;vc_hidden-lg vc_hidden-md&#8221;][vc_raw_html 0=&#8221;&#8221;]PGNlbnRlcj48YSBjbGFzcz0ic2hpZnRuYXYtdG9nZ2xlIHNoaWZ0bmF2LXRvZ2dsZS1idXR0b24iIGRhdGEtc2hpZnRuYXYtdGFyZ2V0PSJzaGlmdG5hdi1tYWluIj48aSBjbGFzcz0iZmEgZmEtYmFycyI+PC9pPiBUYWJsZSBvZiBDb250ZW50cyA8L2E+PC9jZW50ZXI+[\/vc_raw_html][\/vc_column][\/vc_row][vc_row][vc_column][vc_custom_heading text=&#8221;Citolog\u00eda de los Derrames de las Cavides Pleural, Peric\u00e1rdica y Peritoneal&#8221; font_container=&#8221;tag:h1|text_align:center&#8221; use_theme_fonts=&#8221;yes&#8221;][\/vc_column][\/vc_row][vc_row el_id=&#8221;acknowledgements&#8221;][vc_column width=&#8221;2\/3&#8243;][vc_column_text] DERRAMES Y LAVADOS \u2013 ADENOCARCINOMA DE OVARIO Un derrame peritoneal no filiado en una paciente femenina debe orientar hacia una valoraci\u00f3n de c\u00e9lulas malignas de origen ov\u00e1rico. Nota: Puede clicar en cualquier imagen del<\/p>\n","protected":false},"author":7,"featured_media":0,"parent":1953,"menu_order":0,"comment_status":"closed","ping_status":"closed","template":"","meta":{"ngg_post_thumbnail":0,"footnotes":""},"class_list":["post-2011","page","type-page","status-publish","hentry"],"_links":{"self":[{"href":"https:\/\/dev.cytologystuff.com\/es\/wp-json\/wp\/v2\/pages\/2011","targetHints":{"allow":["GET"]}}],"collection":[{"href":"https:\/\/dev.cytologystuff.com\/es\/wp-json\/wp\/v2\/pages"}],"about":[{"href":"https:\/\/dev.cytologystuff.com\/es\/wp-json\/wp\/v2\/types\/page"}],"author":[{"embeddable":true,"href":"https:\/\/dev.cytologystuff.com\/es\/wp-json\/wp\/v2\/users\/7"}],"replies":[{"embeddable":true,"href":"https:\/\/dev.cytologystuff.com\/es\/wp-json\/wp\/v2\/comments?post=2011"}],"version-history":[{"count":0,"href":"https:\/\/dev.cytologystuff.com\/es\/wp-json\/wp\/v2\/pages\/2011\/revisions"}],"up":[{"embeddable":true,"href":"https:\/\/dev.cytologystuff.com\/es\/wp-json\/wp\/v2\/pages\/1953"}],"wp:attachment":[{"href":"https:\/\/dev.cytologystuff.com\/es\/wp-json\/wp\/v2\/media?parent=2011"}],"curies":[{"name":"wp","href":"https:\/\/api.w.org\/{rel}","templated":true}]}}