{"id":2004,"date":"2017-07-31T19:51:09","date_gmt":"2017-07-31T19:51:09","guid":{"rendered":"http:\/\/cytologystuff1.wpengine.com\/non-gyn-atlas\/effusions-and-washes-other-gynecologic-metastases\/"},"modified":"2017-11-17T05:16:26","modified_gmt":"2017-11-17T05:16:26","slug":"effusions-and-washes-other-gynecologic-metastases","status":"publish","type":"page","link":"https:\/\/dev.cytologystuff.com\/es\/non-gyn-atlas\/effusions-and-washes-other-gynecologic-metastases\/","title":{"rendered":"Citolog\u00eda de los Derrames de las Cavides Pleural, Peric\u00e1rdica y Peritoneal"},"content":{"rendered":"<p>[vc_row 0=&#8221;&#8221;][vc_column 0=&#8221;&#8221; offset=&#8221;vc_hidden-lg vc_hidden-md&#8221;][vc_raw_html 0=&#8221;&#8221;]PGNlbnRlcj48YSBjbGFzcz0ic2hpZnRuYXYtdG9nZ2xlIHNoaWZ0bmF2LXRvZ2dsZS1idXR0b24iIGRhdGEtc2hpZnRuYXYtdGFyZ2V0PSJzaGlmdG5hdi1tYWluIj48aSBjbGFzcz0iZmEgZmEtYmFycyI+PC9pPiBUYWJsZSBvZiBDb250ZW50cyA8L2E+PC9jZW50ZXI+[\/vc_raw_html][\/vc_column][\/vc_row][vc_row][vc_column][vc_custom_heading text=&#8221;Citolog\u00eda de los Derrames de las Cavides Pleural, Peric\u00e1rdica y Peritoneal&#8221; font_container=&#8221;tag:h1|text_align:center&#8221; use_theme_fonts=&#8221;yes&#8221;][\/vc_column][\/vc_row][vc_row el_id=&#8221;acknowledgements&#8221;][vc_column width=&#8221;2\/3&#8243;][vc_column_text]<\/p>\n<div id=>\n<p class=\"subhead\">DERRAMES Y LAVADOS \u2013 OTRAS MET\u00c1STASIS GINECOL\u00d3GICAS  <\/p>\n<p style=\"padding-left:7px\"><a href=\"javascript:void(0)\"  style=\"width:300px;display:block\"><img loading=\"lazy\" decoding=\"async\" src=\"\/images\/button27h.gif\" id=\"selfAssessImg\" width=\"400\" height=\"40\"><\/a><\/p>\n<div class=\"highslide-gallery\">\n<strong>Nota: Puede clicar en cualquier imagen del<br \/>\nAtlas para ver la imagen aumentada<\/strong><\/p>\n<div class=\"chartColumnCell\">\n<a href=\"\/gallery\/images_large\/slide0455.jpg\" class=\"highslide\" onclick=\"return hs.expand(this)\" name=\"pap\"><br \/>\n\t<img decoding=\"async\" src=\"\/gallery\/images\/slide0455.jpg\" alt=\"Image 2\" border=\"0\" title=\"Click to enlarge\"><\/a><\/p>\n<div class=\"highslide-caption\">\n<strong>Figura 55<\/strong><br \/>\n<br \/>Derrame peritoneal: Carcinoma papilar seroso de endometrio.  20X<\/div>\n<\/div>\n<div class=\"chartColumnShortCell\">\n        \t<strong>Figura 55<br \/>\n        \t<\/strong><br \/>\n            Derrame peritoneal: Carcinoma papilar seroso de endometrio.<br \/>\n20X <\/div>\n<div class=\"newRow\"><\/div>\n<div class=\"chartColumnCell\">\n<a href=\"\/gallery\/images_large\/slide0456.jpg\" class=\"highslide\" onclick=\"return hs.expand(this)\"><br \/>\n\t<img decoding=\"async\" src=\"\/gallery\/images\/slide0456.jpg\" alt=\"Image 3\" border=\"0\" title=\"Click to enlarge\"><\/a><\/p>\n<div class=\"highslide-caption\">\n<strong>Figura 56<\/strong><br \/>\n<br \/>Derrame peritoneal: Carcinoma papilar seroso de endometrio. 40X <\/div>\n<\/div>\n<div class=\"chartColumnShortCell\">\n \t\t<strong>Figura 56<br \/>\n \t\t<\/strong> Derrame peritoneal: Carcinoma papilar seroso de endometrio.<br \/>\n40X\n<\/div>\n<div class=\"newRow\"><\/div>\n<p><strong>Figuras 55-56:<\/strong> <br \/>\nDerrame peritoneal, carcinoma papilar seroso de endometrio. Agrupaci\u00f3n de c\u00e9lulas malignas alrededor de cuerpos de psammoma. <\/p>\n<div class=\"chartColumnCell\">\n<a href=\"\/gallery\/images_large\/slide0457.jpg\" class=\"highslide\" onclick=\"return hs.expand(this)\" name=\"pap\"><br \/>\n\t<img decoding=\"async\" src=\"\/gallery\/images\/slide0457.jpg\" alt=\"Image 2\" border=\"0\" title=\"Click to enlarge\"><\/a><\/p>\n<div class=\"highslide-caption\">\n    \t<strong>Figura 57<br \/>\n        \t<\/strong><br \/>\nDerrame peritoneal: Adenocarcinoma endometrial. Fotomicrograf\u00eda a bajo aumento que muestra dos poblaciones separadas de c\u00e9lulas. Observar las placas planas abajo a la izquierda de c\u00e9lulas uniformes benignas, muchas c\u00e9lulas tumorales sueltas abajo a la derecha con un gran fragmento cohesivo de c\u00e9lulas tumorales arriba a la izquierda.<br \/>\n20X<\/div>\n<\/div>\n<div class=\"chartColumnLongCell\">\n        \t<strong>Figura 57<br \/>\n        \t<\/strong><br \/>\nDerrame peritoneal: Adenocarcinoma endometrial. Fotomicrograf\u00eda a bajo aumento que muestra dos poblaciones separadas de c\u00e9lulas. Observar las placas planas abajo a la izquierda de c\u00e9lulas uniformes benignas, muchas c\u00e9lulas tumorales sueltas abajo a la derecha con un gran fragmento cohesivo de c\u00e9lulas tumorales arriba a la izquierda.<br \/>\n20X <\/div>\n<div class=\"newRow\"><\/div>\n<div class=\"chartColumnCell\">\n<a href=\"\/gallery\/images_large\/slide0458.jpg\" class=\"highslide\" onclick=\"return hs.expand(this)\"><br \/>\n\t<img decoding=\"async\" src=\"\/gallery\/images\/slide0458.jpg\" alt=\"Image 3\" border=\"0\" title=\"Click to enlarge\"><\/a><\/p>\n<div class=\"highslide-caption\">\n<strong>Figura 58<\/strong><br \/>\n<br \/>Derrame peritoneal: Adenocarcinoma endometrial. C\u00e9lulas melignas con caracter\u00edsticas de adenocarcinoma incluyendo una figura mit\u00f3tica, nucleolos prominentes, citoplasma vacuolados y n\u00facleo exc\u00e9ntrico.  60X <\/div>\n<\/div>\n<div class=\"chartColumnLongCell\">\n \t\t<strong>Figura 58<br \/>\n \t\t<\/strong><br \/>\nDerrame peritoneal: Adenocarcinoma endometrial. C\u00e9lulas melignas con caracter\u00edsticas de adenocarcinoma incluyendo una figura mit\u00f3tica, nucleolos prominentes, citoplasma vacuolados y n\u00facleo exc\u00e9ntrico.<br \/>\n60X\n<\/div>\n<div class=\"newRow\"><\/div>\n<div class=\"chartColumnCell\">\n<a href=\"\/gallery\/images_large\/slide0459.jpg\" class=\"highslide\" onclick=\"return hs.expand(this)\"><br \/>\n\t<img decoding=\"async\" src=\"\/gallery\/images\/slide0459.jpg\" alt=\"Image 3\" border=\"0\" title=\"Click to enlarge\"><\/a><\/p>\n<div class=\"highslide-caption\">\n<strong>Figura 59<\/strong><br \/>\n<br \/>Derrame pleural: Adenocarcinoma endometrial.  20X <\/div>\n<\/div>\n<div class=\"chartColumnLongCell\">\n \t\t<strong>Figura 59<br \/>\n \t\t<\/strong><br \/>\n Derrame pleural:<br \/>\nAdenocarcinoma endometrial.<br \/>\n20X\n<\/div>\n<div class=\"newRow\"><\/div>\n<div class=\"chartColumnCell\">\n<a href=\"\/gallery\/images_large\/slide0460.jpg\" class=\"highslide\" onclick=\"return hs.expand(this)\"><br \/>\n\t<img decoding=\"async\" src=\"\/gallery\/images\/slide0460.jpg\" alt=\"Image 3\" border=\"0\" title=\"Click to enlarge\"><\/a><\/p>\n<div class=\"highslide-caption\">\n<strong>Figura 60<\/strong><br \/>\n<br \/>\nDerrame pleural: Adenocarcinoma endometrial.  40X <\/div>\n<\/div>\n<div class=\"chartColumnLongCell\">\n \t\t<strong>Figura 60<br \/>\n \t\t<\/strong><br \/>\n       Derrame pleural:<br \/>\nAdenocarcinoma endometrial.<br \/>\n40X\n<\/div>\n<div class=\"newRow\"><\/div>\n<p><strong>Figuras 59-60: <\/strong><br \/>\n<br \/>Derrame pleural: Adenocarcinoma endometrial.<br \/>\nEste derrame pleural contiene grandes grupos de c\u00e9lulas malignas. Observar el tama\u00f1o nuclear aumentado en relaci\u00f3n con los linfocitos y las c\u00e9lulas mesoteliales en el fondo. Una poblaci\u00f3n discontinua es una de las caracter\u00edsticas de malignidad en los derrames corporales <\/p>\n<div class=\"chartColumnCell\">\n<a href=\"\/gallery\/images_large\/slide0461.jpg\" class=\"highslide\" onclick=\"return hs.expand(this)\"><br \/>\n\t<img decoding=\"async\" src=\"\/gallery\/images\/slide0461.jpg\" alt=\"Image 3\" border=\"0\" title=\"Click to enlarge\"><\/a><\/p>\n<div class=\"highslide-caption\">\n<strong>Figura 61<\/strong><br \/>\n<br \/>Derrame pleural: Adenocarcinoma papilar de la superf\u00edcie peritoneal. El origen de este tumor es un carcinoma extra-ov\u00e1rico o un carcinoma de origen Mulleriano. Observar la diferencia de las c\u00e9lulas benignas. 10X<\/div>\n<\/div>\n<div class=\"chartColumnLongCell\">\n \t\t<strong>Figura 61<br \/>\n \t\t<\/strong><br \/>\nDerrame pleural:<br \/>\nAdenocarcinoma papilar de la superf\u00edcie peritoneal. El origen de este tumor es un carcinoma extra-ov\u00e1rico o un carcinoma de origen Mulleriano. Observar la diferencia de las c\u00e9lulas benignas.<br \/>\n10X\n<\/div>\n<div class=\"newRow\"><\/div>\n<div class=\"chartColumnCell\">\n<a href=\"\/gallery\/images_large\/slide0462.jpg\" class=\"highslide\" onclick=\"return hs.expand(this)\" name=\"pap\"><br \/>\n\t<img decoding=\"async\" src=\"\/gallery\/images\/slide0462.jpg\" alt=\"Image 2\" border=\"0\" title=\"Click to enlarge\"><\/a><\/p>\n<div class=\"highslide-caption\">\n<strong>Figura 62<\/strong><br \/>\n<br \/>\nDerrame pleural: Adenocarcinoma. Grupos papilares de c\u00e9lulas malignas.  20X <\/div>\n<\/div>\n<div class=\"chartColumnLongCell\">\n        \t<strong>Figura 62<br \/>\n        \t<\/strong><br \/>\nDerrame pleural:<br \/>\nAdenocarcinoma. Grupos papilares de c\u00e9lulas malignas.<br \/>\n20X <\/div>\n<div class=\"newRow\"><\/div>\n<div class=\"chartColumnCell\">\n<a href=\"\/gallery\/images_large\/slide0463.jpg\" class=\"highslide\" onclick=\"return hs.expand(this)\"><br \/>\n\t<img decoding=\"async\" src=\"\/gallery\/images\/slide0463.jpg\" alt=\"Image 3\" border=\"0\" title=\"Click to enlarge\"><\/a><\/p>\n<div class=\"highslide-caption\">\n<strong>Figura 63<\/strong><br \/>\n<br \/>Bloque celular de un derrame pleural:<br \/>\nBloque celular de un derrame pleural:<br \/>\nAdenocarcinoma. Un bloque celular posterior remarca la distinta poblaci\u00f3n celular maligna y permite por an\u00e1lisis inmunohistoqu\u00edmico de marcadores celulares para la diferenciaci\u00f3n y prognosis.<br \/>\n 10X   <\/div>\n<\/div>\n<div class=\"chartColumnLongCell\">\n \t\t<strong>Figura 63<br \/>\n \t\t<\/strong><br \/>\nBloque celular de un derrame pleural:<br \/>\nAdenocarcinoma. Un bloque celular posterior remarca la distinta poblaci\u00f3n celular maligna y permite por an\u00e1lisis inmunohistoqu\u00edmico de marcadores celulares para la diferenciaci\u00f3n y prognosis. <\/p>\n<p>10X\n<\/p><\/div>\n<div class=\"newRow\"><\/div>\n<div class=\"chartColumnCell\">\n<a href=\"\/gallery\/images_large\/slide0464.jpg\" class=\"highslide\" onclick=\"return hs.expand(this)\"><br \/>\n\t<img decoding=\"async\" src=\"\/gallery\/images\/slide0464.jpg\" alt=\"Image 3\" border=\"0\" title=\"Click to enlarge\"><\/a><\/p>\n<div class=\"highslide-caption\">\n<strong>Figura 64<\/strong><br \/>\n<br \/>Lavado P\u00e9lvico:<br \/>\nCarcinoma indiferenciado de c\u00e9lula grande en el c\u00e9rvix. La citolog\u00eda muestra grupos redondeados de c\u00e9lulas malignas.  60X<\/div>\n<\/div>\n<div class=\"chartColumnLongCell\">\n \t\t<strong>Figura 64<br \/>\n \t\t<\/strong><br \/>\nLavado P\u00e9lvico:<br \/>\nCarcinoma indiferenciado de c\u00e9lula grande en el c\u00e9rvix. La citolog\u00eda muestra grupos redondeados de c\u00e9lulas malignas.<br \/>\n60X\n<\/div>\n<div class=\"newRow\"><\/div>\n<div class=\"chartColumnCell\">\n<a href=\"\/gallery\/images_large\/slide0465.jpg\" class=\"highslide\" onclick=\"return hs.expand(this)\"><br \/>\n\t<img decoding=\"async\" src=\"\/gallery\/images\/slide0465.jpg\" alt=\"Image 3\" border=\"0\" title=\"Click to enlarge\"><\/a><\/p>\n<div class=\"highslide-caption\">\n<strong>Figura 65<\/strong><br \/>\n<br \/>Lavado p\u00e9lvico:<br \/>\nCarcinoma de c\u00e9rvix. La imagen aumentada muestra un citoplasma vacuolado, nucleolos promientes y patron de cromatina en sal y pimiento sugestivo de un adenocarcinoma. 60X <\/div>\n<\/div>\n<div class=\"chartColumnLongCell\">\n \t\t<strong>Figura 65<br \/>\n \t\t<\/strong><br \/>\nLavado p\u00e9lvico:<br \/>\nCarcinoma de c\u00e9rvix. La imagen aumentada muestra un citoplasma vacuolado, nucleolos promientes y patron de cromatina en sal y pimiento sugestivo de un adenocarcinoma.<br \/>\n60X\n<\/div>\n<div class=\"newRow\"><\/div>\n<div class=\"chartColumnCell\">\n<a href=\"\/gallery\/images_large\/slide0466.jpg\" class=\"highslide\" onclick=\"return hs.expand(this)\"><br \/>\n\t<img decoding=\"async\" src=\"\/gallery\/images\/slide0466.jpg\" alt=\"Image 3\" border=\"0\" title=\"Click to enlarge\"><\/a><\/p>\n<div class=\"highslide-caption\">\n<strong>Figura 66<\/strong><br \/>\n<br \/>Lavado p\u00e9lvico:<br \/>\nCarcinosarcoma 20X<\/div>\n<\/div>\n<div class=\"chartColumnShortCell\">\n \t\t<strong>Figura 66<br \/>\n \t\t<\/strong><br \/>\nLavado p\u00e9lvico:<br \/>\nCarcinosarcoma.<br \/>\n20X\n<\/div>\n<div class=\"newRow\"><\/div>\n<div class=\"chartColumnCell\">\n<a href=\"\/gallery\/images_large\/slide0467.jpg\" class=\"highslide\" onclick=\"return hs.expand(this)\"><br \/>\n\t<img decoding=\"async\" src=\"\/gallery\/images\/slide0467.jpg\" alt=\"Image 3\" border=\"0\" title=\"Click to enlarge\"><\/a><\/p>\n<div class=\"highslide-caption\">\n<strong>Figura 67<\/strong><br \/>\n<br \/>Lavado p\u00e9lvico:<br \/>\nCarcinosarcoma. 60X<\/div>\n<\/div>\n<div class=\"chartColumnShortCell\">\n \t\t<strong>Figura 67<br \/>\n \t\t<\/strong><br \/>\nLavado p\u00e9lvico:<br \/>\nCarcinosarcoma.<br \/>\n60X\n<\/div>\n<div class=\"newRow\"><\/div>\n<p><strong>Figuras 66-67:<\/strong><br \/>\nLavado p\u00e9lvico: Carcinosarcoma.<br \/>\nGrupos de c\u00e9lulas malignas de alto grado. Hay que buscar ambos componentes celulares, el epitelial maligno y estromal maligno.  <\/p>\n<div class=\"chartColumnCell\">\n<a href=\"\/gallery\/images_large\/slide0468.jpg\" class=\"highslide\" onclick=\"return hs.expand(this)\"><br \/>\n\t<img decoding=\"async\" src=\"\/gallery\/images\/slide0468.jpg\" alt=\"Image 3\" border=\"0\" title=\"Click to enlarge\"><\/a><\/p>\n<div class=\"highslide-caption\">\n<strong>Figura 68<\/strong><br \/>\n<br \/>Derrame peritoneal:<br \/>\nAdenocarcinoma de las trompas de Falopio. 20X<\/div>\n<\/div>\n<div class=\"chartColumnShortCell\">\n \t\t<strong>Figura 68<br \/>\n \t\t<\/strong><br \/>\nDerrame peritoneal:<br \/>\nAdenocarcinoma de las trompas de Falopio.<br \/>\n20X\n<\/div>\n<div class=\"newRow\"><\/div>\n<div class=\"chartColumnCell\">\n<a href=\"\/gallery\/images_large\/slide0469.jpg\" class=\"highslide\" onclick=\"return hs.expand(this)\"><br \/>\n\t<img decoding=\"async\" src=\"\/gallery\/images\/slide0469.jpg\" alt=\"Image 3\" border=\"0\" title=\"Click to enlarge\"><\/a><\/p>\n<div class=\"highslide-caption\">\n<strong>Figura 69<\/strong><br \/>\n<br \/>Derrame peritoneal:<br \/>\nAdenocarcinoma de las trompas de Falopio.  60X<\/div>\n<\/div>\n<div class=\"chartColumnShortCell\">\n \t\t<strong>Figura 69<br \/>\n \t\t<\/strong><br \/>\nDerrame peritoneal:<br \/>\nAdenocarcinoma de las trompas de Falopio.<br \/>\n60X\n<\/div>\n<\/div>\n<div class=\"newRow\"><\/div>\n<p><strong>Figuras 68-69:<\/strong> <br \/>\nDerrame peritoneal: Adenocarcinoma de las trompas de Falopio.<br \/>\nLos tumores altamente malignos son raros. Hay que considerar este diagn\u00f3stico cuando el derrame peritoneal se presenta sin evidencia de patolog\u00eda ov\u00e1rica o endometrial. Observar las vacuolas citoplasm\u00e1ticas prominentes. <\/p>\n<p><a class=\"back\" href=\"#\">Volver arriba<\/a><\/p>\n<p><a href=\"nongyn_atlas.htm\">Volver a la Tabla de Contenidos<\/a><\/p>\n<\/div>\n<p>[\/vc_column_text][vc_column_text css=&#8221;.vc_custom_1500390293825{margin-top: 30px !important;}&#8221; el_class=&#8221;back-to-top&#8221;]<strong><a href=\"#main\">Back to Top<\/a><\/strong>[\/vc_column_text][\/vc_column][vc_column width=&#8221;1\/3&#8243; offset=&#8221;vc_hidden-sm vc_hidden-xs&#8221;][vc_widget_sidebar sidebar_id=&#8221;consulting-right-sidebar&#8221;][\/vc_column][\/vc_row]<\/p>\n","protected":false},"excerpt":{"rendered":"<p>[vc_row 0=&#8221;&#8221;][vc_column 0=&#8221;&#8221; offset=&#8221;vc_hidden-lg vc_hidden-md&#8221;][vc_raw_html 0=&#8221;&#8221;]PGNlbnRlcj48YSBjbGFzcz0ic2hpZnRuYXYtdG9nZ2xlIHNoaWZ0bmF2LXRvZ2dsZS1idXR0b24iIGRhdGEtc2hpZnRuYXYtdGFyZ2V0PSJzaGlmdG5hdi1tYWluIj48aSBjbGFzcz0iZmEgZmEtYmFycyI+PC9pPiBUYWJsZSBvZiBDb250ZW50cyA8L2E+PC9jZW50ZXI+[\/vc_raw_html][\/vc_column][\/vc_row][vc_row][vc_column][vc_custom_heading text=&#8221;Citolog\u00eda de los Derrames de las Cavides Pleural, Peric\u00e1rdica y Peritoneal&#8221; font_container=&#8221;tag:h1|text_align:center&#8221; use_theme_fonts=&#8221;yes&#8221;][\/vc_column][\/vc_row][vc_row el_id=&#8221;acknowledgements&#8221;][vc_column width=&#8221;2\/3&#8243;][vc_column_text] DERRAMES Y LAVADOS \u2013 OTRAS MET\u00c1STASIS GINECOL\u00d3GICAS Nota: Puede clicar en cualquier imagen del Atlas para ver la imagen aumentada Figura 55 Derrame peritoneal: Carcinoma papilar seroso de endometrio. 20X Figura 55 Derrame peritoneal:<\/p>\n","protected":false},"author":7,"featured_media":0,"parent":1953,"menu_order":0,"comment_status":"closed","ping_status":"closed","template":"","meta":{"ngg_post_thumbnail":0,"footnotes":""},"class_list":["post-2004","page","type-page","status-publish","hentry"],"_links":{"self":[{"href":"https:\/\/dev.cytologystuff.com\/es\/wp-json\/wp\/v2\/pages\/2004","targetHints":{"allow":["GET"]}}],"collection":[{"href":"https:\/\/dev.cytologystuff.com\/es\/wp-json\/wp\/v2\/pages"}],"about":[{"href":"https:\/\/dev.cytologystuff.com\/es\/wp-json\/wp\/v2\/types\/page"}],"author":[{"embeddable":true,"href":"https:\/\/dev.cytologystuff.com\/es\/wp-json\/wp\/v2\/users\/7"}],"replies":[{"embeddable":true,"href":"https:\/\/dev.cytologystuff.com\/es\/wp-json\/wp\/v2\/comments?post=2004"}],"version-history":[{"count":0,"href":"https:\/\/dev.cytologystuff.com\/es\/wp-json\/wp\/v2\/pages\/2004\/revisions"}],"up":[{"embeddable":true,"href":"https:\/\/dev.cytologystuff.com\/es\/wp-json\/wp\/v2\/pages\/1953"}],"wp:attachment":[{"href":"https:\/\/dev.cytologystuff.com\/es\/wp-json\/wp\/v2\/media?parent=2004"}],"curies":[{"name":"wp","href":"https:\/\/api.w.org\/{rel}","templated":true}]}}