{"id":1933,"date":"2017-07-31T17:43:14","date_gmt":"2017-07-31T17:43:14","guid":{"rendered":"http:\/\/cytologystuff1.wpengine.com\/gyn-atlas-table-of-contents\/other-malignant-neoplasms-including-extrauterine-malignancies\/"},"modified":"2017-11-14T12:24:27","modified_gmt":"2017-11-14T12:24:27","slug":"other-malignant-neoplasms-including-extrauterine-malignancies","status":"publish","type":"page","link":"https:\/\/dev.cytologystuff.com\/es\/gyn-atlas-table-of-contents\/other-malignant-neoplasms-including-extrauterine-malignancies\/","title":{"rendered":"OTRAS NEOPLASIAS MALIGNAS INCLUYENDO LESIONES MALIGNAS EXTRAUTERINAS"},"content":{"rendered":"<p>[vc_row 0=&#8221;&#8221;][vc_column 0=&#8221;&#8221; offset=&#8221;vc_hidden-lg vc_hidden-md&#8221;][vc_raw_html 0=&#8221;&#8221;]PGNlbnRlcj48YSBjbGFzcz0ic2hpZnRuYXYtdG9nZ2xlIHNoaWZ0bmF2LXRvZ2dsZS1idXR0b24iIGRhdGEtc2hpZnRuYXYtdGFyZ2V0PSJzaGlmdG5hdi1tYWluIj48aSBjbGFzcz0iZmEgZmEtYmFycyI+PC9pPiBUYWJsZSBvZiBDb250ZW50cyA8L2E+PC9jZW50ZXI+[\/vc_raw_html][\/vc_column][\/vc_row][vc_row][vc_column][vc_custom_heading text=&#8221;OTRAS NEOPLASIAS MALIGNAS INCLUYENDO LESIONES MALIGNAS EXTRAUTERINAS&#8221; font_container=&#8221;tag:h1|text_align:center&#8221; use_theme_fonts=&#8221;yes&#8221;][\/vc_column][\/vc_row][vc_row el_id=&#8221;acknowledgements&#8221;][vc_column width=&#8221;2\/3&#8243;][vc_column_text] <class=\"subhead\"> OTRAS NEOPLASIAS MALIGNAS INCLUYENDO LESIONES MALIGNAS EXTRAUTERINAS<br \/>\n         <em>Martha L. Hutchinson, MD, PhD <\/em><\/p>\n<p>La lesi\u00f3n perivaginal maligna, c\u00e1ncer metast\u00e1sico y lesiones malignas cervicales poco frecuentes se pueden identificar utilizando el sistema ThinPrep. Conociendo la historia previa del paciente y el uso de tinciones especiales es a veces necesario para realizar el diagn\u00f3stico definitivo, pero el proceso maligno debe ser f\u00e1cilmente evidente<\/p>\n<p style=\"padding-left:7px\"><a href=\"javascript:void(0)\"  style=\"width:300px;display:block\"><img loading=\"lazy\" decoding=\"async\" src=\"\/images\/button27h.gif\" id=\"selfAssessImg\" width=\"400\" height=\"40\"><\/a><\/p>\n<div class=\"highslide-gallery\">\n<strong>Nota: Puede clicar en cualquier imagen del<br \/>\nAtlas para ver la imagen aumentada<\/strong><\/p>\n<div class=\"chartColumnCell\">\n\t\t\t  <a href=\"\/gallery\/images_large\/slide0139.jpg\" class=\"highslide\" onclick=\"return hs.expand(this)\"><br \/>\n\t<img decoding=\"async\" src=\"\/gallery\/images\/slide0139.jpg\" alt=\"Image 2\" border=\"0\" title=\"Click to enlarge\"><\/a><\/p>\n<div class=\"highslide-caption\">\n\t<strong>Adenocarcinoma de ovario<br \/>\n<\/strong><br \/>\nMetast\u00e1sico en la vagina .<br \/>\n60X\n<\/div><\/div>\n<div class=\"chartColumnShortCell\">\n\t\t<strong>Adenocarcinoma de ovario<br \/>\n<\/strong><br \/>\nMetast\u00e1sico en la vagina .<br \/>\n60X\n<\/div>\n<div class=\"newRow\"><\/div>\n<div class=\"chartColumnCell\">\n<a href=\"\/gallery\/images_large\/slide0140.jpg\" class=\"highslide\" onclick=\"return hs.expand(this)\"><br \/>\n\t<img decoding=\"async\" src=\"\/gallery\/images\/slide0140.jpg\" alt=\"Image 3\" border=\"0\" title=\"Click to enlarge\"><\/a><\/p>\n<div class=\"highslide-caption\">\n\t<strong>Carcinoma de colon.<br \/>\n<\/strong><br \/>\nMet\u00e1stasis en c\u00e9rvix y vagina<br \/>\n60X<\/div>\n<\/div>\n<div class=\"chartColumnShortCell\">\n\t\t\t<strong>Carcinoma de colon.<br \/>\n<\/strong><br \/>\nMet\u00e1stasis en c\u00e9rvix y vagina<br \/>\n60X<\/div>\n<\/div>\n<div class=\"newRow\"><\/div>\n<div class=\"chartColumnCell\">\n<a href=\"\/gallery\/images_large\/slide0141.jpg\" class=\"highslide\" onclick=\"return hs.expand(this)\"><br \/>\n\t<img decoding=\"async\" src=\"\/gallery\/images\/slide0141.jpg\" alt=\"Image 3\" border=\"0\" title=\"Click to enlarge\"><\/a><\/p>\n<div class=\"highslide-caption\">\n\t<strong>Carcinosarcoma<br \/>\n<\/strong><br \/>\nPresentan elementos glandulares neopl\u00e1sicos y debris necr\u00f3tico de acuerdo con un carcinosarcoma 60X<\/div>\n<\/div>\n<div class=\"chartColumnShortCell\">\n \t\t\t<strong>Carcinosarcoma<br \/>\n<\/strong><br \/>\nPresentan elementos glandulares neopl\u00e1sicos y debris necr\u00f3tico de acuerdo con un carcinosarcoma.<br \/>\n60X<\/div>\n<div class=\"newRow\"><\/div>\n<div class=\"chartColumnCell\">\n<a href=\"\/gallery\/images_large\/slide0142.jpg\" class=\"highslide\" onclick=\"return hs.expand(this)\"><br \/>\n\t<img decoding=\"async\" src=\"\/gallery\/images\/slide0142.jpg\" alt=\"Image 3\" border=\"0\" title=\"Click to enlarge\"><\/a><\/p>\n<div class=\"highslide-caption\">\n\t<strong>Adenocarcinoma endometrial.<br \/>\n<\/strong><br \/>\nMet\u00e1stasico en vagina.<br \/>\n60X<\/div>\n<\/div>\n<div class=\"chartColumnShortCell\">\n\t<strong>Adenocarcinoma endometrial.<br \/>\n<\/strong><br \/>\nMet\u00e1stasico en vagina.<br \/>\n60X<\/div>\n<div class=\"newRow\"><\/div>\n<div class=\"chartColumnCell\">\n<a href=\"\/gallery\/images_large\/slide0143.jpg\" class=\"highslide\" onclick=\"return hs.expand(this)\"><br \/>\n\t<img decoding=\"async\" src=\"\/gallery\/images\/slide0143.jpg\" alt=\"Image 3\" border=\"0\" title=\"Click to enlarge\"><\/a><\/p>\n<div class=\"highslide-caption\">\n\t<strong>Tumor mesodermal mixto maligno<br \/>\n<\/strong><br \/>\nUn tumor del endometrio que muestra grupos de c\u00e9lulas glandulares malignas. Se detectaron en biopsia elementos del estroma (cart\u00edlago). 60X<\/div>\n<\/div>\n<div class=\"chartColumnShortCell\">\n \t\t<strong>Tumor mesodermal mixto maligno<br \/>\n<\/strong><br \/>\nUn tumor del endometrio que muestra grupos de c\u00e9lulas glandulares malignas. Se detectaron en biopsia elementos del estroma (cart\u00edlago).<br \/>\n60X<\/div>\n<div class=\"newRow\"><\/div>\n<div class=\"chartColumnCell\">\n<a href=\"\/gallery\/images_large\/slide0144.jpg\" class=\"highslide\" onclick=\"return hs.expand(this)\"><br \/>\n\t<img decoding=\"async\" src=\"\/gallery\/images\/slide0144.jpg\" alt=\"Image 3\" border=\"0\" title=\"Click to enlarge\"><\/a><\/p>\n<div class=\"highslide-caption\">\n<strong>Melanoma Maligno. <\/strong><br \/>\nEn el c\u00e9rvix. 60X<\/div>\n<\/div>\n<div class=\"chartColumnShortCell\">\n \t<strong>Melanoma Maligno. <\/strong><br \/>\n En el c\u00e9rvix.<br \/>\n60X<\/div>\n<div class=\"newRow\"><\/div>\n<div class=\"chartColumnCell\">\n<a href=\"\/gallery\/images_large\/slide0145.jpg\" class=\"highslide\" onclick=\"return hs.expand(this)\"><br \/>\n\t<img decoding=\"async\" src=\"\/gallery\/images\/slide0145.jpg\" alt=\"Image 3\" border=\"0\" title=\"Click to enlarge\"><\/a><\/p>\n<div class=\"highslide-caption\">\n\t<strong>Adenocarcinoma ductal<br \/>\n<\/strong><br \/>\nMetast\u00e1sico de la mama. 60X<\/div>\n<\/div>\n<div class=\"chartColumnShortCell\">\n\t\t<strong>Adenocarcinoma ductal<br \/>\n<\/strong><br \/>\nMetast\u00e1sico de la mama.<br \/>\n60X<\/div>\n<div class=\"newRow\"><\/div>\n<div class=\"chartColumnCell\">\n<a href=\"\/gallery\/images_large\/slide0146.jpg\" class=\"highslide\" onclick=\"return hs.expand(this)\"><br \/>\n\t<img decoding=\"async\" src=\"\/gallery\/images\/slide0146.jpg\" alt=\"Image 3\" border=\"0\" title=\"Click to enlarge\"><\/a><\/p>\n<div class=\"highslide-caption\">\n\t<strong>Carcinoma de c\u00e9lula transicional.<br \/>\n<\/strong><br \/>\nCarcinoma de c\u00e9lula urotelial, metast\u00e1sico de vejiga.  60X<\/div>\n<\/div>\n<div class=\"chartColumnShortCell\">\n \t<strong>Carcinoma de c\u00e9lula transicional.<br \/>\n<\/strong><br \/>\nCarcinoma de c\u00e9lula urotelial, metast\u00e1sico de vejiga.<br \/>\n60X<\/div>\n<div class=\"newRow\"><\/div>\n<div class=\"chartColumnCell\">\n<a href=\"\/gallery\/images_large\/slide0147.jpg\" class=\"highslide\" onclick=\"return hs.expand(this)\"><br \/>\n\t<img decoding=\"async\" src=\"\/gallery\/images\/slide0147.jpg\" alt=\"Image 3\" border=\"0\" title=\"Click to enlarge\"><\/a><\/p>\n<div class=\"highslide-caption\">\n\t<strong>Carcinoma escamoso.<br \/>\n<\/strong><br \/>\nDe la vulva. 60X<\/div>\n<\/div>\n<div class=\"chartColumnShortCell\">\n \t<strong>Carcinoma escamoso.<br \/>\n<\/strong><br \/>\nDe la vulva.<br \/>\n60X<\/div>\n<div class=\"newRow\"><\/div>\n<div class=\"chartColumnCell\">\n<a href=\"\/gallery\/images_large\/slide0135.jpg\" class=\"highslide\" onclick=\"return hs.expand(this)\"><br \/>\n\t<img decoding=\"async\" src=\"\/gallery\/images\/slide0135.jpg\" alt=\"Image 3\" border=\"0\" title=\"Click to enlarge\"><\/a><\/p>\n<div class=\"highslide-caption\">\n <strong>Adenocarcinoma endocervical. <\/strong><br \/>\nPresenta un gran cuerpo de psammoma, asociado con un caso de adenocarcinoma de c\u00e9rvix. 60X<\/div>\n<\/div>\n<div class=\"chartColumnShortCell\">\n \t \t<strong>Adenocarcinoma endocervical. <\/strong><br \/>\nPresenta un gran cuerpo de psammoma, asociado con un caso de adenocarcinoma de c\u00e9rvix.<br \/>\n60X<\/div>\n<div class=\"newRow\"><\/div>\n<div class=\"chartColumnCell\">\n<a href=\"\/gallery\/images_large\/slide0136.jpg\" class=\"highslide\" onclick=\"return hs.expand(this)\"><br \/>\n\t<img decoding=\"async\" src=\"\/gallery\/images\/slide0136.jpg\" alt=\"Image 4\" border=\"0\" title=\"Click to enlarge\"><\/a><\/p>\n<div class=\"highslide-caption\">\n<strong>Linfoma. <\/strong><br \/>\nDe c\u00e9rvix. 60X\n<\/div>\n<\/div>\n<div class=\"chartColumnShortCell\">\n        \t\t<strong>Linfoma. <\/strong><br \/>\nDe c\u00e9rvix.<br \/>\n60X<\/div>\n<div class=\"newRow\"><\/div>\n<div class=\"chartColumnCell\">\n<a href=\"\/gallery\/images_large\/slide0137.jpg\" class=\"highslide\" onclick=\"return hs.expand(this)\"><br \/>\n\t<img decoding=\"async\" src=\"\/gallery\/images\/slide0137.jpg\" alt=\"Image 5\" border=\"0\" title=\"Click to enlarge\"><\/a><\/p>\n<div class=\"highslide-caption\">\n<strong>Linfoma. <\/strong><br \/>\nDe vagina. 60X\n<\/div>\n<\/div>\n<div class=\"chartColumnShortCell\">\n       <strong>Linfoma. <\/strong><br \/>\nDe vagina.<br \/>\n60X<\/div>\n<div class=\"newRow\"><\/div>\n<div class=\"chartColumnCell\">\n<a href=\"\/gallery\/images_large\/slide0138.jpg\" class=\"highslide\" onclick=\"return hs.expand(this)\"><br \/>\n\t<img decoding=\"async\" src=\"\/gallery\/images\/slide0138.jpg\" alt=\"Image 5\" border=\"0\" title=\"Click to enlarge\"><\/a><\/p>\n<div class=\"highslide-caption\">\n       <strong>Sarcoma del estroma endometrial <\/strong><br \/>\n60x<\/div>\n<\/div>\n<div class=\"chartColumnShortCell\">\n        \t       \t<strong>Sarcoma del estroma endometrial <\/strong><br \/>\n60x\n<\/div>\n<div class=\"newRow\"><\/div>\n<p><\/p>\n<p><a href=\"#top\">Volver arriba<\/a><\/p>\n<p>[\/vc_column_text][vc_column_text el_class=&#8221;back-to-top&#8221;]<strong><a href=\"#main\">Back to Top<\/a><\/strong>[\/vc_column_text][\/vc_column][vc_column width=&#8221;1\/3&#8243; offset=&#8221;vc_hidden-sm vc_hidden-xs&#8221;][vc_widget_sidebar sidebar_id=&#8221;consulting-right-sidebar&#8221;][\/vc_column][\/vc_row]<\/p>\n","protected":false},"excerpt":{"rendered":"<p>[vc_row 0=&#8221;&#8221;][vc_column 0=&#8221;&#8221; offset=&#8221;vc_hidden-lg vc_hidden-md&#8221;][vc_raw_html 0=&#8221;&#8221;]PGNlbnRlcj48YSBjbGFzcz0ic2hpZnRuYXYtdG9nZ2xlIHNoaWZ0bmF2LXRvZ2dsZS1idXR0b24iIGRhdGEtc2hpZnRuYXYtdGFyZ2V0PSJzaGlmdG5hdi1tYWluIj48aSBjbGFzcz0iZmEgZmEtYmFycyI+PC9pPiBUYWJsZSBvZiBDb250ZW50cyA8L2E+PC9jZW50ZXI+[\/vc_raw_html][\/vc_column][\/vc_row][vc_row][vc_column][vc_custom_heading text=&#8221;OTRAS NEOPLASIAS MALIGNAS INCLUYENDO LESIONES MALIGNAS EXTRAUTERINAS&#8221; font_container=&#8221;tag:h1|text_align:center&#8221; use_theme_fonts=&#8221;yes&#8221;][\/vc_column][\/vc_row][vc_row el_id=&#8221;acknowledgements&#8221;][vc_column width=&#8221;2\/3&#8243;][vc_column_text] OTRAS NEOPLASIAS MALIGNAS INCLUYENDO LESIONES MALIGNAS EXTRAUTERINAS Martha L. Hutchinson, MD, PhD La lesi\u00f3n perivaginal maligna, c\u00e1ncer metast\u00e1sico y lesiones malignas cervicales poco frecuentes se pueden identificar utilizando el sistema ThinPrep. Conociendo la historia previa del paciente y<\/p>\n","protected":false},"author":7,"featured_media":0,"parent":1892,"menu_order":0,"comment_status":"closed","ping_status":"closed","template":"","meta":{"ngg_post_thumbnail":0,"footnotes":""},"class_list":["post-1933","page","type-page","status-publish","hentry"],"_links":{"self":[{"href":"https:\/\/dev.cytologystuff.com\/es\/wp-json\/wp\/v2\/pages\/1933","targetHints":{"allow":["GET"]}}],"collection":[{"href":"https:\/\/dev.cytologystuff.com\/es\/wp-json\/wp\/v2\/pages"}],"about":[{"href":"https:\/\/dev.cytologystuff.com\/es\/wp-json\/wp\/v2\/types\/page"}],"author":[{"embeddable":true,"href":"https:\/\/dev.cytologystuff.com\/es\/wp-json\/wp\/v2\/users\/7"}],"replies":[{"embeddable":true,"href":"https:\/\/dev.cytologystuff.com\/es\/wp-json\/wp\/v2\/comments?post=1933"}],"version-history":[{"count":0,"href":"https:\/\/dev.cytologystuff.com\/es\/wp-json\/wp\/v2\/pages\/1933\/revisions"}],"up":[{"embeddable":true,"href":"https:\/\/dev.cytologystuff.com\/es\/wp-json\/wp\/v2\/pages\/1892"}],"wp:attachment":[{"href":"https:\/\/dev.cytologystuff.com\/es\/wp-json\/wp\/v2\/media?parent=1933"}],"curies":[{"name":"wp","href":"https:\/\/api.w.org\/{rel}","templated":true}]}}