{"id":11229,"date":"2017-11-18T13:08:20","date_gmt":"2017-11-18T13:08:20","guid":{"rendered":"https:\/\/cytologystuff1.wpengine.com\/glandular-table-of-contents\/"},"modified":"2018-01-16T09:28:42","modified_gmt":"2018-01-16T09:28:42","slug":"glandular-table-of-contents","status":"publish","type":"page","link":"https:\/\/dev.cytologystuff.com\/es\/glandular-table-of-contents\/","title":{"rendered":"Glandular Table of Contents"},"content":{"rendered":"<p>[vc_row][vc_column][vc_custom_heading text=&#8221;Tabla de Contenidos Glandulares&#8221; font_container=&#8221;tag:h2|text_align:center&#8221; use_theme_fonts=&#8221;yes&#8221;][\/vc_column][\/vc_row][vc_row][vc_column width=&#8221;2\/3&#8243;][vc_column_text]<\/p>\n<div>\n<p><img loading=\"lazy\" decoding=\"async\" src=\"\/images\/page4.jpg\" width=\"400\" height=\"320\" align=\"middle\" \/><\/p>\n<p class=\"em\">NOTA: Clique en cualquier imagen para ir al principio de la secci\u00f3n, o cualquier enlace subrayado para ir a esa subsecci\u00f3n&#8230;..<\/p>\n<div class=\"newRow\"><\/div>\n<div class=\"chartColumnHeader\"><span class=\"subhead\"><strong>Tema glandular<\/strong> <\/span><\/div>\n<div class=\"newRow\"><\/div>\n<div class=\"chartColumnShort\"><a href=\"https:\/\/dev.cytologystuff.com\/suggested-readings\/#readings\"><img loading=\"lazy\" decoding=\"async\" class=\"atlas alignnone\" src=\"\/images\/gl1.jpg\" alt=\"\" width=\"120\" height=\"80\" \/><\/a><\/div>\n<div class=\"chartColumn\">\n<p>M\u00faltiples publicaciones revisadas describen la mayor capacidad del ThinPrep\u00ae System para detectar las enfermedades glandulares frente al frotis de Papanicolaou convencional. Los resultados son consistentes con una confirmaci\u00f3n m\u00e1s frecuente en la biopsia de los hallazgos glandulares anormales con el ThinPrep Pap Test que con una citolog\u00eda convencional.<\/p>\n<p><a href=\"https:\/\/dev.cytologystuff.com\/suggested-readings\/#readings\">Lecturas recomendadas<\/a><\/p>\n<\/div>\n<div class=\"newRow\"><\/div>\n<div class=\"chartColumnHeader\"><span class=\"subhead\"><strong>C\u00e9lulas endocervicales at\u00edpicas (NEOM)<\/strong><\/span><\/div>\n<div class=\"newRow\"><\/div>\n<div class=\"chartColumnShort\"><a href=\"https:\/\/dev.cytologystuff.com\/zh-hans\/atypical-endocervical-cells-nos\/\"><img loading=\"lazy\" decoding=\"async\" class=\"atlas alignnone\" src=\"\/images\/gl2.jpg\" alt=\"\" width=\"120\" height=\"80\" \/><\/a><\/div>\n<div class=\"chartColumn\">\n<ul class=\"normal\">\n<li><a href=\"https:\/\/dev.cytologystuff.com\/zh-hans\/atypical-endocervical-cells-nos\/\"><br \/>\nCriterios<\/a><\/li>\n<li><a href=\"https:\/\/dev.cytologystuff.com\/zh-hans\/atypical-endocervical-cells-nos\/#look\">Lesiones parecidas<\/a><\/li>\n<\/ul>\n<\/div>\n<div class=\"newRow\"><\/div>\n<div class=\"chartColumnHeader\"><span class=\"subhead\"><strong>Adenocarcinoma endocervical in-situ<\/strong><\/span><\/div>\n<div class=\"newRow\"><\/div>\n<div class=\"chartColumnShort\"><a href=\"https:\/\/dev.cytologystuff.com\/zh-hans\/endocervical-adenocarcinoma-in-situ\/\"><img loading=\"lazy\" decoding=\"async\" class=\"atlas alignnone\" src=\"\/images\/gl3.jpg\" alt=\"\" width=\"120\" height=\"80\" \/><\/a><\/div>\n<div class=\"chartColumn\">\n<ul class=\"normal\">\n<li><a href=\"https:\/\/dev.cytologystuff.com\/zh-hans\/endocervical-adenocarcinoma-in-situ\/\"><br \/>\nCriterios<\/a><\/li>\n<li><a href=\"https:\/\/dev.cytologystuff.com\/zh-hans\/endocervical-adenocarcinoma-in-situ\/#look\">Lesiones parecidas<\/a><\/li>\n<\/ul>\n<\/div>\n<div class=\"newRow\"><\/div>\n<div class=\"chartColumnHeader\"><span class=\"subhead\"><strong>Adenocarcinoma endocervical<\/strong> <\/span><\/div>\n<div class=\"newRow\"><\/div>\n<div class=\"chartColumnShort\"><a href=\"https:\/\/dev.cytologystuff.com\/zh-hans\/endocervical-adenocarcinoma\/\"><img loading=\"lazy\" decoding=\"async\" class=\"atlas alignnone\" src=\"\/images\/gl4.jpg\" alt=\"\" width=\"120\" height=\"80\" \/><\/a><\/div>\n<div class=\"chartColumn\">\n<ul class=\"normal\">\n<li style=\"list-style-type: none;\">\n<ul class=\"normal\">\n<li><a href=\"https:\/\/dev.cytologystuff.com\/zh-hans\/endocervical-adenocarcinoma\/\"><br \/>\nCriterios<\/a><\/li>\n<li><a href=\"https:\/\/dev.cytologystuff.com\/zh-hans\/endocervical-adenocarcinoma\/#look\">Lesiones parecidas<\/a><\/li>\n<\/ul>\n<\/li>\n<\/ul>\n<\/div>\n<div class=\"newRow\"><\/div>\n<div class=\"chartColumnHeader\"><span class=\"subhead\"><strong>Archivo de casos glandulares ginecol\u00f3gicos<\/strong> <\/span><\/div>\n<div class=\"newRow\"><\/div>\n<div class=\"chartColumnShort\"><a href=\"section751.html\"><img loading=\"lazy\" decoding=\"async\" class=\"atlas\" src=\"\/images\/gl5.jpg\" width=\"120\" height=\"80\" \/><\/a><\/div>\n<div class=\"chartColumn\">\n<ul class=\"normal\">\n<li><a href=\"section751.html\"><br \/>\nCaso desconocido n\u00ba 4<\/a><\/li>\n<li><a href=\"\/pdfs\/85963001a.pdf\">Presentaci\u00f3n del caso \u2013 Julio de 2002<\/a><\/li>\n<\/ul>\n<\/div>\n<div class=\"newRow\"><\/div>\n<div class=\"chartColumnHeader\"><span class=\"subhead\"><strong>Taller de morfolog\u00eda virtual <\/strong> <\/span><\/div>\n<div class=\"newRow\"><\/div>\n<div class=\"chartColumnShort\"><a href=\"http:\/\/icvdm.vo.llnwd.net\/o10\/hologic\/html5\/spanish\/sp_detecting_cervical_rev1\/index.htm\" target=\"_blank\" rel=\"noopener\"><img loading=\"lazy\" decoding=\"async\" class=\"atlas\" src=\"\/images\/gl6.jpg\" width=\"120\" height=\"80\" \/><\/a><\/div>\n<div class=\"chartColumn\">\n<ul class=\"normal\">\n<li><a href=\"http:\/\/icvdm.vo.llnwd.net\/o10\/hologic\/html5\/spanish\/sp_detecting_cervical_rev1\/index.htm\" target=\"_blank\" rel=\"noopener\"><br \/>\nTaller de morfolog\u00eda virtual<\/a><\/li>\n<\/ul>\n<\/div>\n<div class=\"newRow\"><\/div>\n<p><a class=\"back\" href=\"#\">Volver arriba<\/a><\/p>\n<\/div>\n<p>[\/vc_column_text][vc_column_text el_class=&#8221;back-to-top&#8221;]<strong><a href=\"#main\">Back to Top<\/a><\/strong>[\/vc_column_text][\/vc_column][vc_column width=&#8221;1\/3&#8243;][vc_widget_sidebar sidebar_id=&#8221;consulting-right-sidebar2&#8243;][\/vc_column][\/vc_row]<\/p>\n","protected":false},"excerpt":{"rendered":"<p>[vc_row][vc_column][vc_custom_heading text=&#8221;Tabla de Contenidos Glandulares&#8221; font_container=&#8221;tag:h2|text_align:center&#8221; use_theme_fonts=&#8221;yes&#8221;][\/vc_column][\/vc_row][vc_row][vc_column width=&#8221;2\/3&#8243;][vc_column_text] NOTA: Clique en cualquier imagen para ir al principio de la secci\u00f3n, o cualquier enlace subrayado para ir a esa subsecci\u00f3n&#8230;.. Tema glandular M\u00faltiples publicaciones revisadas describen la mayor capacidad del ThinPrep\u00ae System para detectar las enfermedades glandulares frente al frotis de Papanicolaou convencional. Los resultados son<\/p>\n","protected":false},"author":2,"featured_media":0,"parent":0,"menu_order":0,"comment_status":"closed","ping_status":"closed","template":"","meta":{"ngg_post_thumbnail":0,"footnotes":""},"class_list":["post-11229","page","type-page","status-publish","hentry"],"_links":{"self":[{"href":"https:\/\/dev.cytologystuff.com\/es\/wp-json\/wp\/v2\/pages\/11229","targetHints":{"allow":["GET"]}}],"collection":[{"href":"https:\/\/dev.cytologystuff.com\/es\/wp-json\/wp\/v2\/pages"}],"about":[{"href":"https:\/\/dev.cytologystuff.com\/es\/wp-json\/wp\/v2\/types\/page"}],"author":[{"embeddable":true,"href":"https:\/\/dev.cytologystuff.com\/es\/wp-json\/wp\/v2\/users\/2"}],"replies":[{"embeddable":true,"href":"https:\/\/dev.cytologystuff.com\/es\/wp-json\/wp\/v2\/comments?post=11229"}],"version-history":[{"count":0,"href":"https:\/\/dev.cytologystuff.com\/es\/wp-json\/wp\/v2\/pages\/11229\/revisions"}],"wp:attachment":[{"href":"https:\/\/dev.cytologystuff.com\/es\/wp-json\/wp\/v2\/media?parent=11229"}],"curies":[{"name":"wp","href":"https:\/\/api.w.org\/{rel}","templated":true}]}}