{"id":11218,"date":"2017-08-16T14:02:59","date_gmt":"2017-08-16T14:02:59","guid":{"rendered":"https:\/\/cytologystuff1.wpengine.com\/endocervical-adenocarcinoma-in-situ\/"},"modified":"2018-01-16T09:14:04","modified_gmt":"2018-01-16T09:14:04","slug":"endocervical-adenocarcinoma-in-situ","status":"publish","type":"page","link":"https:\/\/dev.cytologystuff.com\/es\/endocervical-adenocarcinoma-in-situ\/","title":{"rendered":"Endocervical  Adenocarcinoma In Situ"},"content":{"rendered":"<p>[vc_row][vc_column][vc_custom_heading text=&#8221;Informaci\u00f3n glandular &#8211; Adenocarcina endocervical In Situ&#8221; font_container=&#8221;tag:h2|text_align:center&#8221; use_theme_fonts=&#8221;yes&#8221;][\/vc_column][\/vc_row][vc_row][vc_column width=&#8221;2\/3&#8243;][vc_column_text]<\/p>\n<div>\n<p class=\"subhead\">Adenocarcina endocervical In Situ<\/p>\n<div class=\"chartColumn\">\n<p><strong>Recordatorio: Puede clicar en cualquier imagen para una visi\u00f3n ampliada<\/strong><\/p>\n<p class=\"header3\">Criterios<\/p>\n<p><strong>Presentaci\u00f3n del tejido<br \/>\n<\/strong><\/p>\n<ul class=\"normal\">\n<li>Tiras de c\u00e9lulas<\/li>\n<li>Formaci\u00f3n de rosetas<\/li>\n<li>Aspecto de pluma<\/li>\n<li>Aglomeraci\u00f3n<\/li>\n<li>Estratificaci\u00f3n<\/li>\n<\/ul>\n<div class=\"chartColumnCell\"><a class=\"highslide\" href=\"\/gallery\/images_large\/slide0091.jpg\"><img decoding=\"async\" title=\"Click to enlarge\" src=\"\/gallery\/images\/slide0091.jpg\" alt=\"Image 2\" border=\"0\" \/><\/a><\/p>\n<div class=\"highslide-caption\"><strong>Adenocarcinoma in situ<\/strong><br \/>\nUna tira de c\u00e9lulas endocervicales que exhiben pseudoestratificaci\u00f3n y citoplasma finamente vacuolado con contornos citopl\u00e1smicos indistintos. La estructura es desorganizada, aunque las c\u00e9lulas siguen intentando mantenerse en una configuraci\u00f3n glandular. Observe el aumento de la relaci\u00f3n n\u00facleo\/citoplasma y la presencia variable de nucleolos. Biopsia: AIS. 60x<\/div>\n<\/div>\n<div class=\"newRow\"><\/div>\n<div class=\"chartColumnCell\"><a class=\"highslide\" href=\"\/gallery\/images_large\/slide0090.jpg\"><img decoding=\"async\" title=\"Click to enlarge\" src=\"\/gallery\/images\/slide0090.jpg\" alt=\"Image 3\" border=\"0\" \/><\/a><\/p>\n<div class=\"highslide-caption\"><strong>Adenocarcinoma in situ<\/strong><br \/>\nSe observan a aumento de screening grupos hipercrom\u00e1ticos de c\u00e9lulas, apelotondas, variables en tama\u00f1o, lo cual garantiza una inspecci\u00f3n a mayor aumento 60x<\/div>\n<\/div>\n<div class=\"newRow\"><\/div>\n<div class=\"chartColumnCell\"><a class=\"highslide\" href=\"\/gallery\/images_large\/slide0088.jpg\"><img decoding=\"async\" title=\"Click to enlarge\" src=\"\/gallery\/images\/slide0088.jpg\" alt=\"Image 3\" border=\"0\" \/><\/a><\/p>\n<div class=\"highslide-caption\"><strong>Adenocarcinoma in situ<\/strong><br \/>\nSe observan a aumento de screening grupos hipercrom\u00e1ticos de c\u00e9lulas, apelotondas, variables en tama\u00f1o, lo cual garantiza una inspecci\u00f3n a mayor aumento 20x<\/div>\n<\/div>\n<div class=\"newRow\"><\/div>\n<div class=\"chartColumnCell\"><a class=\"highslide\" href=\"\/gallery\/images_large\/slide0089.jpg\"><br \/>\n<img decoding=\"async\" title=\"Click to enlarge\" src=\"\/gallery\/images\/slide0089.jpg\" alt=\"Image 2\" border=\"0\" \/><\/a><\/p>\n<div class=\"highslide-caption\"><strong>Adenocarcinoma in situ<\/strong><br \/>\nC\u00e9lulas endocervicales que aparecen formando una tira con una pronunciada aglomeraci\u00f3n nuclear. Biopsia: AIS. 60x<\/div>\n<\/div>\n<div class=\"newRow\"><\/div>\n<div class=\"chartColumnCell\"><a class=\"highslide\" href=\"\/gallery\/images_large\/slide0100.jpg\"><br \/>\n<img decoding=\"async\" title=\"Click to enlarge\" src=\"\/gallery\/images\/slide0100.jpg\" alt=\"Image 3\" border=\"0\" \/><\/a><\/p>\n<div class=\"highslide-caption\"><strong>Adenocarcinoma in situ<\/strong><br \/>\nEste aglomerado y estratificado grupo de c\u00e9lulas glandulares proviene de un caso de AIS. Observe el apilamiento de los n\u00facleos basales desde la capa inferior del epitelio. 60x<\/div>\n<\/div>\n<div class=\"newRow\"><\/div>\n<p><strong>Citoplasma<br \/>\n<\/strong><\/p>\n<ul class=\"normal\">\n<li>Escaso<\/li>\n<li>Finamente vacuolado<\/li>\n<li>Contorno citopl\u00e1smico indistinto<\/li>\n<\/ul>\n<div class=\"chartColumnCell\"><a class=\"highslide\" href=\"\/gallery\/images_large\/slide0074.jpg\"><br \/>\n<img decoding=\"async\" title=\"Click to enlarge\" src=\"\/gallery\/images\/slide0074.jpg\" alt=\"Image 2\" border=\"0\" \/><\/a><\/p>\n<div class=\"highslide-caption\"><strong>Adenocarcinoma in situ<\/strong><br \/>\nAIS &#8211; 60x<\/div>\n<\/div>\n<div class=\"newRow\"><\/div>\n<div class=\"chartColumnCell\"><a class=\"highslide\" href=\"\/gallery\/images_large\/slide0091.jpg\"><br \/>\n<img decoding=\"async\" title=\"Click to enlarge\" src=\"\/gallery\/images\/slide0091.jpg\" alt=\"Image 3\" border=\"0\" \/><\/a><\/p>\n<div class=\"highslide-caption\"><strong>Adenocarcinoma in situ<\/strong><br \/>\nUna tira de c\u00e9lulas endocervicales que exhiben pseudoestratificaci\u00f3n y citoplasma finamente vacuolado con contornos citopl\u00e1smicos indistintos. La estructura es desorganizada, aunque las c\u00e9lulas siguen intentando mantenerse en una configuraci\u00f3n glandular. Observe el aumento de la relaci\u00f3n n\u00facleo\/citoplasma y la presencia variable de nucleolos. Biopsia: AIS. 60x<\/p>\n<\/div>\n<\/div>\n<div class=\"newRow\"><\/div>\n<p><strong>Relaci\u00f3n n\u00facleo\/citoplasma<br \/>\n<\/strong><\/p>\n<ul class=\"normal\">\n<li>El n\u00facleo ocupa hasta 2\/3 del citoplasma<\/li>\n<\/ul>\n<div class=\"chartColumnCell\"><a class=\"highslide\" href=\"\/gallery\/images_large\/slide0092.jpg\"><br \/>\n<img decoding=\"async\" title=\"Click to enlarge\" src=\"\/gallery\/images\/slide0092.jpg\" alt=\"Image 3\" border=\"0\" \/><\/a><\/p>\n<div class=\"highslide-caption\"><strong>Adenocarcinoma in situ<\/strong><br \/>\nLas elevadas relaciones n\u00facleo\/citoplasma son evidentes en aquellos n\u00facleoa que ocupan al menos 2\/3 del citoplasma. La cromatina es gruesa pero uniformemente distribuida y aparecen micronucleolos. Biopsia: AIS. 60x<\/div>\n<\/div>\n<div class=\"newRow\"><\/div>\n<p><strong>N\u00facleo <\/strong><\/p>\n<ul class=\"normal\">\n<li>Oval a alargado<\/li>\n<\/ul>\n<div class=\"chartColumnCell\"><a class=\"highslide\" href=\"\/gallery\/images_large\/slide0090.jpg\"><br \/>\n<img decoding=\"async\" title=\"Click to enlarge\" src=\"\/gallery\/images\/slide0090.jpg\" alt=\"Image 3\" border=\"0\" \/><\/a><\/p>\n<div class=\"highslide-caption\"><strong>Adenocarcinoma in situ<br \/>\n<\/strong> C\u00e9lulas endocervicales que se muestran en una formaci\u00f3n de pseudo-roseta y que exhiben &#8220;aspecto de pluma&#8221; y alargamiento nuclear debido a la aglomeraci\u00f3n. Biopsia: AIS. 60x<\/div>\n<\/div>\n<div class=\"newRow\"><\/div>\n<div class=\"chartColumnCell\"><a class=\"highslide\" href=\"\/gallery\/images_large\/slide0093.jpg\"><br \/>\n<img decoding=\"async\" title=\"Click to enlarge\" src=\"\/gallery\/images\/slide0093.jpg\" alt=\"Image 3\" border=\"0\" \/><\/a><\/p>\n<div class=\"highslide-caption\"><strong> Adenocarcinoma in situ<\/strong><br \/>\nEl alargamiento nuclear es claramente evidente en este grupo de c\u00e9lulas endocervicales at\u00edpicas. Se observa tambi\u00e9n la p\u00e9rdida de polaridad nuclear, la p\u00e9rdida de una estructura normal, la aglomeraci\u00f3n nuclear y el &#8220;amoldamiento&#8221; de los n\u00facleos. Observe las membranas nucleares planas en el punto en que se presionan unos contra otros (un signo de verdadera aglomeraci\u00f3n). Biopsia: AIS. 60x<\/div>\n<\/div>\n<div class=\"newRow\"><\/div>\n<p><strong> Membrana nuclear <\/strong><\/p>\n<ul class=\"normal\">\n<li>Homog\u00e9nea a marcadamente irregular<\/li>\n<li>Hendiduras<\/li>\n<li>Reforzada<\/li>\n<\/ul>\n<div class=\"chartColumnCell\"><a class=\"highslide\" href=\"\/gallery\/images_large\/slide0094.jpg\"><br \/>\n<img decoding=\"async\" title=\"Click to enlarge\" src=\"\/gallery\/images\/slide0094.jpg\" alt=\"Image 3\" border=\"0\" \/><\/a><\/p>\n<div class=\"highslide-caption\"><strong>Adenocarcinoma in situ<br \/>\n<\/strong> Las elevadas relaciones n\u00facleo\/citoplasma son evidentes en aquellos n\u00facleos que ocupan al menos 2\/3 del citoplasma. La cromatina es gruesa pero uniformemente distribuida y aparecen micronucleolos. Biopsia: AIS. 60x<\/div>\n<\/div>\n<div class=\"newRow\"><\/div>\n<p><strong>Cromatina<br \/>\n<\/strong><\/p>\n<ul class=\"normal\">\n<li>Gruesa a finamente granular<\/li>\n<li>Distribuida uniformemente<\/li>\n<li>Hipercrom\u00e1tica<\/li>\n<\/ul>\n<div class=\"chartColumnCell\"><a class=\"highslide\" href=\"\/gallery\/images_large\/slide0092.jpg\"><br \/>\n<img decoding=\"async\" title=\"Click to enlarge\" src=\"\/gallery\/images\/slide0092.jpg\" alt=\"Image 3\" border=\"0\" \/><\/a><\/p>\n<div class=\"highslide-caption\"><strong> Adenocarcinoma in situ<\/strong><br \/>\nLas elevadas relaciones n\u00facleo\/citoplasma son evidentes en aquellos n\u00facleos que ocupan al menos 2\/3 del citoplasma. La cromatina es gruesa pero uniformemente distribuida y aparecen micronucleolos. Biopsia: AIS. 60x<\/div>\n<\/div>\n<div class=\"newRow\"><\/div>\n<div class=\"chartColumnCell\"><a class=\"highslide\" href=\"\/gallery\/images_large\/slide0074.jpg\"><br \/>\n<img decoding=\"async\" title=\"Click to enlarge\" src=\"\/gallery\/images\/slide0074.jpg\" alt=\"Image 3\" border=\"0\" \/><\/a><\/p>\n<div class=\"highslide-caption\"><strong>Adenocarcinoma in situ<\/strong><br \/>\nAIS &#8211; 60x<\/div>\n<\/div>\n<div class=\"newRow\"><\/div>\n<p><strong>Nucleolos<br \/>\n<\/strong><\/p>\n<ul class=\"normal\">\n<li>Indistintos a prominentes<\/li>\n<li>Presencia variable<\/li>\n<\/ul>\n<div class=\"chartColumnCell\"><a class=\"highslide\" href=\"\/gallery\/images_large\/slide0095.jpg\"><br \/>\n<img decoding=\"async\" title=\"Click to enlarge\" src=\"\/gallery\/images\/slide0095.jpg\" alt=\"Image 3\" border=\"0\" \/><\/a><\/p>\n<div class=\"highslide-caption\"><strong>Adenocarcinoma in situ<\/strong><br \/>\nLos nucleolos pueden ser indistintos a prominentes. En esta imagen, los nucleolos son prominentes y est\u00e1n presentes en la mayor\u00eda de los n\u00facleos. La r\u00e1pida fijaci\u00f3n hace que la presencia de nucleolos sea otra pieza importante en el diagn\u00f3stico de AIS.<br \/>\nBiopsia: AIS. 60x<\/div>\n<\/div>\n<div class=\"newRow\"><\/div>\n<p id=\"look\" class=\"subhead\">Lesiones parecidas al adenocarcinoma endocervical in situ<\/p>\n<p class=\"header3\">Metaplasia tub\u00c1rica:<\/p>\n<p><strong>Tipo de c\u00e9lulas <\/strong>Glandulares de tipo trompas de Falopio, cuboidales, peque\u00f1as<\/p>\n<p><strong>Presentaci\u00f3n del tejido <\/strong><\/p>\n<ul class=\"normal\">\n<li>Presentaci\u00f3n aglomerada en panal de abeja<\/li>\n<\/ul>\n<div class=\"chartColumnCell\"><a class=\"highslide\" href=\"\/gallery\/images_large\/slide0097.jpg\" name=\"pap\"><br \/>\n<img decoding=\"async\" title=\"Click to enlarge\" src=\"\/gallery\/images\/slide0097.jpg\" alt=\"Image 2\" border=\"0\" \/><\/a><\/p>\n<div class=\"highslide-caption\"><strong> Lesion parecida al adenocarcinoma endocervical in situ<\/strong><br \/>\nLa metaplasia tub\u00e1rica puede asemejarse mucho al AIS. Sin embargo, al inspeccionar m\u00e1s en profundidad las irregularidades se observa que: la aglomeraci\u00f3n, el alargamiento nuclear, las irregularidades de las membranas nucleares y la formaci\u00f3n de fragmentos anormales de tejido son menos severos. La localizaci\u00f3n de cilios y\/o z\u00f3nulas adherens confirma la benignidad. 60X<\/div>\n<\/div>\n<div class=\"newRow\"><\/div>\n<div class=\"chartColumnCell\"><a class=\"highslide\" href=\"\/gallery\/images_large\/slide1173.jpg\"><br \/>\n<img decoding=\"async\" title=\"Click to enlarge\" src=\"\/gallery\/images\/slide1173.jpg\" alt=\"Image 2\" border=\"0\" \/><\/a><\/p>\n<div class=\"highslide-caption\"><strong> Lesion parecida al adenocarcinoma endocervical in situ<\/strong><br \/>\nC\u00e9lulas glandulares aglomeradas que presentan n\u00facleos aumentados, aunque una inspecci\u00f3n en m\u00e1s detalle revela una cromatina uniformemente distribuida. 40x<\/div>\n<\/div>\n<div class=\"newRow\"><\/div>\n<p><strong>Caracter\u00edsticas \u00fanicas <\/strong><\/p>\n<ul class=\"normal\">\n<li>Z\u00f3nulas adherens y cilios<\/li>\n<\/ul>\n<div class=\"chartColumnCell\"><a class=\"highslide\" href=\"\/gallery\/images_large\/slide0149.jpg\"><br \/>\n<img decoding=\"async\" title=\"Click to enlarge\" src=\"\/gallery\/images\/slide0149.jpg\" alt=\"Image 3\" border=\"0\" \/><\/a><\/p>\n<div class=\"highslide-caption\"><strong> Lesion parecida al adenocarcinoma endocervical in situ<\/strong><br \/>\nUna tira de c\u00e9lulas columnares con n\u00facleos hipercrom\u00e1ticos aglomerados. Una observaci\u00f3n en detalle muestra distintivas vacuolas citopl\u00e1smicas y cilios, que posiblemente corresponden a una metaplasia tub\u00e1rica. 60X<\/div>\n<\/div>\n<div class=\"newRow\"><\/div>\n<div class=\"chartColumnCell\"><a class=\"highslide\" href=\"\/gallery\/images_large\/slide1172.jpg\"><br \/>\n<img decoding=\"async\" title=\"Click to enlarge\" src=\"\/gallery\/images\/slide1172.jpg\" alt=\"Image 3\" border=\"0\" \/><\/a><\/p>\n<div class=\"highslide-caption\"><strong> Lesion parecida al adenocarcinoma endocervical in situ<\/strong><br \/>\nEn esta visi\u00f3n a mayor aumento de la primera fotograf\u00eda (20x) se observa claramente una fila definida de cilios. 60x<\/div>\n<\/div>\n<div class=\"newRow\"><\/div>\n<p class=\"header3\">Segmento uterino inferior:<\/p>\n<p><strong>Tipo de c\u00e9lulas <\/strong><\/p>\n<ul class=\"normal\">\n<li>Endometriales<\/li>\n<\/ul>\n<p><strong>Presentaci\u00f3n del tejido<br \/>\n<\/strong><\/p>\n<ul class=\"normal\">\n<li>Presentaci\u00f3n en panal de abeja con superposici\u00f3n de n\u00facleos, a menudo en grandes placas<\/li>\n<\/ul>\n<div class=\"chartColumnCell\"><a class=\"highslide\" href=\"\/gallery\/images_large\/slide0150.jpg\"><br \/>\n<img decoding=\"async\" title=\"Click to enlarge\" src=\"\/gallery\/images\/slide0150.jpg\" alt=\"Image 3\" border=\"0\" \/><\/a><\/p>\n<div class=\"highslide-caption\"><strong>Lesion parecida al adenocarcinoma endocervical in situ<br \/>\n<\/strong><br \/>\nUn fragmento de c\u00e9lulas provenientes del fragmento uterino inferior, que est\u00e1 doblado sobre s\u00ed mismo generando una apariencia tridimensional. 20X<\/div>\n<\/div>\n<div class=\"newRow\"><\/div>\n<div class=\"chartColumnCell\"><a class=\"highslide\" href=\"\/gallery\/images_large\/slide0170.jpg\"><br \/>\n<img decoding=\"async\" title=\"Click to enlarge\" src=\"\/gallery\/images\/slide0170.jpg\" alt=\"Image 2\" border=\"0\" \/><\/a><\/p>\n<div class=\"highslide-caption\"><strong>Lesion parecida al adenocarcinoma endocervical in situ<br \/>\n<\/strong><br \/>\nSegmento uterino inferior &#8211; 40X<\/div>\n<\/div>\n<div class=\"newRow\"><\/div>\n<div class=\"chartColumnCell\"><a class=\"highslide\" href=\"\/gallery\/images_large\/slide0171.jpg\"><br \/>\n<img decoding=\"async\" title=\"Click to enlarge\" src=\"\/gallery\/images\/slide0171.jpg\" alt=\"Image 3\" border=\"0\" \/><\/a><\/p>\n<div class=\"highslide-caption\"><strong>Lesion parecida al adenocarcinoma endocervical in situ<\/strong><\/p>\n<p>El segmento uterino inferior puede presentar nucleolos prominentes. 40X<\/p><\/div>\n<\/div>\n<div class=\"newRow\"><\/div>\n<p><strong>Caracter\u00edsticas \u00fanicas<br \/>\n<\/strong><\/p>\n<ul class=\"normal\">\n<li>C\u00e9lulas muy peque\u00f1as con escaso citoplasma y apariencia uniforme<\/li>\n<\/ul>\n<div class=\"chartColumnCell\"><a class=\"highslide\" href=\"\/gallery\/images_large\/slide0099.jpg\"><br \/>\n<img decoding=\"async\" title=\"Click to enlarge\" src=\"\/gallery\/images\/slide0099.jpg\" alt=\"Image 3\" border=\"0\" \/><\/a><\/p>\n<div class=\"highslide-caption\"><strong>Lesion parecida al adenocarcinoma endocervical in situ<br \/>\n<\/strong><br \/>\nEste fragmento de tejido del segmento uterino inferior est\u00e1 compuesto por c\u00e9lulas peque\u00f1as cuboidales con n\u00facleos uniformes y cromatina blanda. En la imagen a bajo aumento, las c\u00e9lulas aparecen aglomeradas; sin embargo, una inspecci\u00f3n m\u00e1s en detalle muestra que s\u00f3lo se encuentran empaquetadas firmemente. La cohesi\u00f3n y uniformidad de dichos fragmentos a bajo aumento son las claves del diagn\u00f3stico. Tambi\u00e9n suele existir un componente estromal que tambi\u00e9n facilita el diagn\u00f3stico. 20x<\/div>\n<\/div>\n<div class=\"chartColumnSmallCell\"><\/div>\n<div class=\"newRow\"><\/div>\n<p class=\"header3\">HSIL en gl\u00e1ndulas:<\/p>\n<p><strong>Presentaci\u00f3n del tejido <\/strong><\/p>\n<ul class=\"normal\">\n<li>Componente escamoso definitivo<\/li>\n<li>Placas de epitelio poco definido<\/li>\n<li>Citoplasma esponjoso y diferenciaci\u00f3n glandular no definitiva<\/li>\n<\/ul>\n<div class=\"chartColumnCell\"><a class=\"highslide\" href=\"\/gallery\/images_large\/slide0123.jpg\"><br \/>\n<img decoding=\"async\" title=\"Click to enlarge\" src=\"\/gallery\/images\/slide0123.jpg\" alt=\"Image 2\" border=\"0\" \/><\/a><\/p>\n<div class=\"highslide-caption\"><strong>Lesion parecida al adenocarcinoma endocervical in situ <\/strong><\/p>\n<p>HSIL que afecta al espacio glandular. 40x<\/p><\/div>\n<\/div>\n<div class=\"newRow\"><\/div>\n<p><strong>Citoplasma<br \/>\n<\/strong><\/p>\n<ul class=\"normal\">\n<li>Finamente vacuolado<\/li>\n<li>Sin vacuolas discretas<\/li>\n<li>Citoplasma no definido en los bordes del grupo (apariencia desflecada)<\/li>\n<\/ul>\n<div class=\"chartColumnCell\"><a class=\"highslide\" href=\"\/gallery\/images_large\/slide1359.jpg\"><br \/>\n<img decoding=\"async\" title=\"Click to enlarge\" src=\"\/gallery\/images\/slide1359.jpg\" alt=\"Image 2\" border=\"0\" \/><\/a><\/p>\n<div class=\"highslide-caption\"><strong> Lesion parecida al adenocarcinoma endocervical in situ <\/strong><\/p>\n<p>Citoplasma finamente vacuolado, con contornos no definidos que crean una apariencia desflecada.<\/p><\/div>\n<\/div>\n<div class=\"newRow\"><\/div>\n<p><strong>N\u00facleo<br \/>\n<\/strong><\/p>\n<ul class=\"normal\">\n<li>Variable, redondo a oval<\/li>\n<\/ul>\n<div class=\"chartColumnCell\"><a class=\"highslide\" href=\"\/gallery\/images_large\/slide1360.jpg\"><br \/>\n<img decoding=\"async\" title=\"Click to enlarge\" src=\"\/gallery\/images\/slide1360.jpg\" alt=\"Image 2\" border=\"0\" \/><\/a><\/p>\n<div class=\"highslide-caption\"><strong>Lesion parecida al adenocarcinoma endocervical in situ <\/strong><\/p>\n<p>Los n\u00facleos muestran variabilidad en la forma (redondo a oval) y en el tama\u00f1o.<\/p><\/div>\n<\/div>\n<div class=\"newRow\"><\/div>\n<p><strong>Membrana nuclear<br \/>\n<\/strong><\/p>\n<ul class=\"normal\">\n<li>Homog\u00e9nea a irregular (mordeduras y chuletas)<\/li>\n<\/ul>\n<div class=\"chartColumnCell\"><a class=\"highslide\" href=\"\/gallery\/images_large\/slide1361.jpg\"><br \/>\n<img decoding=\"async\" title=\"Click to enlarge\" src=\"\/gallery\/images\/slide1361.jpg\" alt=\"Image 2\" border=\"0\" \/><\/a><\/p>\n<div class=\"highslide-caption\"><strong>Lesion parecida al adenocarcinoma endocervical in situ <\/strong><\/p>\n<p>Los n\u00facleos exhiben irregularidades dentro de la membrana, creando mordeduras y muescas.<\/p><\/div>\n<\/div>\n<div class=\"newRow\"><\/div>\n<p><strong>Cromatina<br \/>\n<\/strong><\/p>\n<ul class=\"normal\">\n<li>Finamente granular<\/li>\n<li>Distribuida uniformemente<\/li>\n<li>Mayor profundidad<\/li>\n<\/ul>\n<div class=\"chartColumnCell\"><a class=\"highslide\" href=\"\/gallery\/images_large\/slide1362.jpg\"><br \/>\n<img decoding=\"async\" title=\"Click to enlarge\" src=\"\/gallery\/images\/slide1362.jpg\" alt=\"Image 2\" border=\"0\" \/><\/a><\/p>\n<div class=\"highslide-caption\"><strong>Lesion parecida al adenocarcinoma endocervical in situ <\/strong><\/p>\n<p>HSIL en gl\u00e1ndulas &#8211; cromatina variable, por lo general finamente granular y distribuido de manera uniforme con una profundidad de foco.<\/p><\/div>\n<\/div>\n<div class=\"chartColumnSmallCell\"><\/div>\n<div class=\"newRow\"><\/div>\n<p><strong>Nucleolos<br \/>\n<\/strong><\/p>\n<ul class=\"normal\">\n<li>Ausentes a ocasionales, peque\u00f1os<\/li>\n<\/ul>\n<div class=\"chartColumnCell\"><a class=\"highslide\" href=\"\/gallery\/images_large\/slide0122.jpg\"><br \/>\n<img decoding=\"async\" title=\"Click to enlarge\" src=\"\/gallery\/images\/slide0122.jpg\" alt=\"Image 2\" border=\"0\" \/><\/a><\/p>\n<div class=\"highslide-caption\"><strong>Lesion parecida al adenocarcinoma endocervical in situ <\/strong><\/p>\n<p>Los nucleolos suelen ser discretos o est\u00e1n ausentes. Los nucleolos pueden aparecer cuando existe un proceso inflamatorio\/reactivo concurrente o cuando existe participaci\u00f3n del cuello glandular. 60x<\/p><\/div>\n<\/div>\n<\/div>\n<div class=\"newRow\"><\/div>\n<p><a class=\"back\" href=\"#\">Volver arriba<\/a><\/p>\n<\/div>\n<p>[\/vc_column_text][\/vc_column][vc_column width=&#8221;1\/3&#8243;][vc_widget_sidebar sidebar_id=&#8221;consulting-right-sidebar2&#8243;][\/vc_column][\/vc_row]<\/p>\n","protected":false},"excerpt":{"rendered":"<p>[vc_row][vc_column][vc_custom_heading text=&#8221;Informaci\u00f3n glandular &#8211; Adenocarcina endocervical In Situ&#8221; font_container=&#8221;tag:h2|text_align:center&#8221; use_theme_fonts=&#8221;yes&#8221;][\/vc_column][\/vc_row][vc_row][vc_column width=&#8221;2\/3&#8243;][vc_column_text] Adenocarcina endocervical In Situ Recordatorio: Puede clicar en cualquier imagen para una visi\u00f3n ampliada Criterios Presentaci\u00f3n del tejido Tiras de c\u00e9lulas Formaci\u00f3n de rosetas Aspecto de pluma Aglomeraci\u00f3n Estratificaci\u00f3n Adenocarcinoma in situ Una tira de c\u00e9lulas endocervicales que exhiben pseudoestratificaci\u00f3n y citoplasma finamente vacuolado<\/p>\n","protected":false},"author":7,"featured_media":0,"parent":0,"menu_order":0,"comment_status":"closed","ping_status":"closed","template":"","meta":{"ngg_post_thumbnail":0,"footnotes":""},"class_list":["post-11218","page","type-page","status-publish","hentry"],"_links":{"self":[{"href":"https:\/\/dev.cytologystuff.com\/es\/wp-json\/wp\/v2\/pages\/11218","targetHints":{"allow":["GET"]}}],"collection":[{"href":"https:\/\/dev.cytologystuff.com\/es\/wp-json\/wp\/v2\/pages"}],"about":[{"href":"https:\/\/dev.cytologystuff.com\/es\/wp-json\/wp\/v2\/types\/page"}],"author":[{"embeddable":true,"href":"https:\/\/dev.cytologystuff.com\/es\/wp-json\/wp\/v2\/users\/7"}],"replies":[{"embeddable":true,"href":"https:\/\/dev.cytologystuff.com\/es\/wp-json\/wp\/v2\/comments?post=11218"}],"version-history":[{"count":0,"href":"https:\/\/dev.cytologystuff.com\/es\/wp-json\/wp\/v2\/pages\/11218\/revisions"}],"wp:attachment":[{"href":"https:\/\/dev.cytologystuff.com\/es\/wp-json\/wp\/v2\/media?parent=11218"}],"curies":[{"name":"wp","href":"https:\/\/api.w.org\/{rel}","templated":true}]}}