{"id":2176,"date":"2017-08-01T13:08:47","date_gmt":"2017-08-01T13:08:47","guid":{"rendered":"http:\/\/cytologystuff1.wpengine.com\/non-gyn-atlas\/urinary-tract-cytology-other-types-of-malignancies\/"},"modified":"2017-11-22T09:22:29","modified_gmt":"2017-11-22T09:22:29","slug":"urinary-tract-cytology-other-types-of-malignancies","status":"publish","type":"page","link":"https:\/\/dev.cytologystuff.com\/de\/non-gyn-atlas\/urinary-tract-cytology-other-types-of-malignancies\/","title":{"rendered":"Zytologie der Harnwege"},"content":{"rendered":"<p>[vc_row 0=&#8221;&#8221;][vc_column 0=&#8221;&#8221; offset=&#8221;vc_hidden-lg vc_hidden-md&#8221;][vc_raw_html 0=&#8221;&#8221;]PGNlbnRlcj48YSBjbGFzcz0ic2hpZnRuYXYtdG9nZ2xlIHNoaWZ0bmF2LXRvZ2dsZS1idXR0b24iIGRhdGEtc2hpZnRuYXYtdGFyZ2V0PSJzaGlmdG5hdi1tYWluIj48aSBjbGFzcz0iZmEgZmEtYmFycyI+PC9pPiBUYWJsZSBvZiBDb250ZW50cyA8L2E+PC9jZW50ZXI+[\/vc_raw_html][\/vc_column][\/vc_row][vc_row][vc_column][vc_custom_heading text=&#8221;Zytologie der Harnwege&#8221; font_container=&#8221;tag:h1|text_align:center&#8221; use_theme_fonts=&#8221;yes&#8221;][\/vc_column][\/vc_row][vc_row][vc_column width=&#8221;2\/3&#8243;][vc_column_text]<\/p>\n<div id=>\n<p class=\"subhead\">\nANDERE MALIGNE ERKRANKUNGEN <\/p>\n<p style=\"padding-left:7px\"><a href=\"javascript:void(0)\"  style=\"width:350px;display:block\"><img loading=\"lazy\" decoding=\"async\" src=\"\/images\/button27h.gif\" id=\"selfAssessImg\" width=\"350\" height=\"40\"><\/a><\/p>\n<div class=\"highslide-gallery\">\n<strong>Erinnerung: Sie k\u00f6nnen auf jedes Bild klicken, um dieses vergr\u00f6\u00dfert zu betrachten.<\/strong><\/p>\n<div class=\"chartColumnCell\">\n<a href=\"\/gallery\/images_large\/slide0737.jpg\" class=\"highslide\" onclick=\"return hs.expand(this)\"><br \/>\n\t<img decoding=\"async\" src=\"\/gallery\/images\/slide0737.jpg\" alt=\"Image 2\" title=\"Click to enlarge\" border=\"0\"><\/a><\/p>\n<div class=\"highslide-caption\">\n<strong>Abbildung 55<\/strong><br \/>\n<br \/>\nSpontanurin, Urothelkarzinom mit squam\u00f6ser Differenzierung Maligne Plattenepithelzellen in der Urinprobe k\u00f6nnten von einem prim\u00e4ren Plattenepithelkarzinom oder einem Urothelkarzinom mit squam\u00f6ser Differenzierung stammen.<br \/>\n20x <\/div>\n<\/div>\n<div class=\"chartColumnLongCell\">\n        <strong>Abbildung 55<br \/>\n        <\/strong><br \/>\nSpontanurin, Urothelkarzinom mit squam\u00f6ser Differenzierung Maligne Plattenepithelzellen in der Urinprobe k\u00f6nnten von einem prim\u00e4ren Plattenepithelkarzinom oder einem Urothelkarzinom mit squam\u00f6ser Differenzierung stammen.<br \/>\n20x <\/div>\n<div class=\"newRow\"><\/div>\n<div class=\"chartColumnCell\">\n<a href=\"\/gallery\/images_large\/slide0738.jpg\" class=\"highslide\" onclick=\"return hs.expand(this)\"><br \/>\n\t<img decoding=\"async\" src=\"\/gallery\/images\/slide0738.jpg\" alt=\"Image 3\" title=\"Click to enlarge\" border=\"0\"><\/a><\/p>\n<div class=\"highslide-caption\">\n<strong>Abbildung 56<\/strong><br \/>\n<br \/>\nSpontanurin, Urothelkarzinom mit squam\u00f6ser Differenzierung Verhornte spindel- und kaulquappenf\u00f6rmige Zellen weisen auf eine squam\u00f6se Differenzierung hin.<br \/>\n40x<\/div>\n<\/div>\n<div class=\"chartColumnLongCell\">\n \t<strong>Abbildung 56<br \/>\n \t<\/strong><br \/>\nSpontanurin, Urothelkarzinom mit squam\u00f6ser Differenzierung Verhornte spindel- und kaulquappenf\u00f6rmige Zellen weisen auf eine squam\u00f6se Differenzierung hin.<br \/>\n40x<\/div>\n<div class=\"newRow\"><\/div>\n<div class=\"chartColumnCell\">\n<a href=\"\/gallery\/images_large\/slide0739.jpg\" class=\"highslide\" onclick=\"return hs.expand(this)\"><br \/>\n\t<img decoding=\"async\" src=\"\/gallery\/images\/slide0739.jpg\" alt=\"Image 3\" title=\"Click to enlarge\" border=\"0\"><\/a><\/p>\n<div class=\"highslide-caption\">\n<strong>Abbildung 57<br \/>\n<\/strong><br \/>\nSpontanurin, Urothelkarzinom mit squam\u00f6ser Differenzierung Die Kerne des squam\u00f6sen Karzinoms zeigen eine deutliche Pleomorphismus. Sie sind dicht gelagert und hyperchromatisch.<br \/>\n60x<\/div>\n<\/div>\n<div class=\"chartColumnLongCell\">\n<strong>Abbildung 57<br \/>\n<\/strong><br \/>\nSpontanurin, Urothelkarzinom mit squam\u00f6ser Differenzierung Die Kerne des squam\u00f6sen Karzinoms zeigen eine deutliche Pleomorphismus. Sie sind dicht gelagert und hyperchromatisch.<br \/>\n60x <\/div>\n<div class=\"newRow\"><\/div>\n<div class=\"chartColumnCell\">\n<a href=\"\/gallery\/images_large\/slide0740.jpg\" class=\"highslide\" onclick=\"return hs.expand(this)\" name=\"pap\"><br \/>\n\t<img decoding=\"async\" src=\"\/gallery\/images\/slide0740.jpg\" alt=\"Image 2\" title=\"Click to enlarge\" border=\"0\"><\/a><\/p>\n<div class=\"highslide-caption\">\n<strong>Abbildung 58<\/strong><br \/>\n<br \/>\nBlasensp\u00fclung <br \/>\nProstatakarzinom mit Metastasenbildung Ein Adenokarzinom der Prostata mit Metastasenbildung kann sich in Zellclustern oder einzelnen Zellen zeigen.<br \/>\n20x <\/div>\n<\/div>\n<div class=\"chartColumnLongCell\">\n        <strong>Abbildung 58<br \/>\n        <\/strong><br \/>\nBlasensp\u00fclung <br \/>\nProstatakarzinom mit Metastasenbildung Ein Adenokarzinom der Prostata mit Metastasenbildung kann sich in Zellclustern oder einzelnen Zellen zeigen.<br \/>\n20x <\/div>\n<div class=\"newRow\"><\/div>\n<div class=\"chartColumnCell\">\n<a href=\"\/gallery\/images_large\/slide0741.jpg\" class=\"highslide\" onclick=\"return hs.expand(this)\"><br \/>\n\t<img decoding=\"async\" src=\"\/gallery\/images\/slide0741.jpg\" alt=\"Image 3\" title=\"Click to enlarge\" border=\"0\"><\/a><\/p>\n<div class=\"highslide-caption\">\n<strong>Abbildung 59<\/strong><br \/>\n<br \/>\nBlasensp\u00fclung <br \/>\nProstatakarzinom mit Metastasenbildung Das Zytoplasma von Adenokarzinomen kann muzinhaltige Vakuolen aufweisen.<br \/>\n40x <\/div>\n<\/div>\n<div class=\"chartColumnLongCell\">\n \t<strong>Abbildung 59<br \/>\n \t<\/strong><br \/>\nBlasensp\u00fclung <br \/>\nProstatakarzinom mit Metastasenbildung Das Zytoplasma von Adenokarzinomen kann muzinhaltige Vakuolen aufweisen.<br \/>\n40x\n<\/div>\n<div class=\"newRow\"><\/div>\n<div class=\"chartColumnCell\">\n<a href=\"\/gallery\/images_large\/slide0742.jpg\" class=\"highslide\" onclick=\"return hs.expand(this)\" name=\"pap\"><br \/>\n\t<img decoding=\"async\" src=\"\/gallery\/images\/slide0742.jpg\" alt=\"Image 2\" title=\"Click to enlarge\" border=\"0\"><\/a><\/p>\n<div class=\"highslide-caption\">\n<strong>Abbildung 60<\/strong><br \/>\n<br \/>\nBlasensp\u00fclung <br \/>\nProstatakarzinom mit Metastasenbildung Au\u00dfermittige Zellkerne mit prominenten Kernk\u00f6rperchen sind ein Merkmal des Prostatakarzinoms mit Metastasenbildung.<br \/>\n60x <\/div>\n<\/div>\n<div class=\"chartColumnLongCell\">\n        <strong>Abbildung 60<br \/>\n        <\/strong><br \/>\nBlasensp\u00fclung <br \/>\nProstatakarzinom mit Metastasenbildung Au\u00dfermittige Zellkerne mit prominenten Kernk\u00f6rperchen sind ein Merkmal des Prostatakarzinoms mit Metastasenbildung.<br \/>\n60x <\/div>\n<\/div>\n<div class=\"newRow\"><\/div>\n<div class=\"newRow\"><\/div>\n<p><a class=\"back\" href=\"#\">Zur\u00fcck nach oben<\/a><\/p>\n<p><a href=\"nongyn_atlas.htm\"> R\u00fcckkehr zu den Inhaltsverzeichnis <\/a><\/p>\n<\/div>\n<p>[\/vc_column_text][\/vc_column][vc_column width=&#8221;1\/3&#8243; offset=&#8221;vc_hidden-sm vc_hidden-xs&#8221;][vc_widget_sidebar sidebar_id=&#8221;consulting-right-sidebar&#8221;][\/vc_column][\/vc_row]<\/p>\n","protected":false},"excerpt":{"rendered":"<p>[vc_row 0=&#8221;&#8221;][vc_column 0=&#8221;&#8221; offset=&#8221;vc_hidden-lg vc_hidden-md&#8221;][vc_raw_html 0=&#8221;&#8221;]PGNlbnRlcj48YSBjbGFzcz0ic2hpZnRuYXYtdG9nZ2xlIHNoaWZ0bmF2LXRvZ2dsZS1idXR0b24iIGRhdGEtc2hpZnRuYXYtdGFyZ2V0PSJzaGlmdG5hdi1tYWluIj48aSBjbGFzcz0iZmEgZmEtYmFycyI+PC9pPiBUYWJsZSBvZiBDb250ZW50cyA8L2E+PC9jZW50ZXI+[\/vc_raw_html][\/vc_column][\/vc_row][vc_row][vc_column][vc_custom_heading text=&#8221;Zytologie der Harnwege&#8221; font_container=&#8221;tag:h1|text_align:center&#8221; use_theme_fonts=&#8221;yes&#8221;][\/vc_column][\/vc_row][vc_row][vc_column width=&#8221;2\/3&#8243;][vc_column_text] ANDERE MALIGNE ERKRANKUNGEN Erinnerung: Sie k\u00f6nnen auf jedes Bild klicken, um dieses vergr\u00f6\u00dfert zu betrachten. Abbildung 55 Spontanurin, Urothelkarzinom mit squam\u00f6ser Differenzierung Maligne Plattenepithelzellen in der Urinprobe k\u00f6nnten von einem prim\u00e4ren Plattenepithelkarzinom oder einem Urothelkarzinom mit squam\u00f6ser Differenzierung stammen. 20x Abbildung 55 Spontanurin,<\/p>\n","protected":false},"author":7,"featured_media":0,"parent":1950,"menu_order":0,"comment_status":"closed","ping_status":"closed","template":"","meta":{"ngg_post_thumbnail":0,"footnotes":""},"class_list":["post-2176","page","type-page","status-publish","hentry"],"_links":{"self":[{"href":"https:\/\/dev.cytologystuff.com\/de\/wp-json\/wp\/v2\/pages\/2176","targetHints":{"allow":["GET"]}}],"collection":[{"href":"https:\/\/dev.cytologystuff.com\/de\/wp-json\/wp\/v2\/pages"}],"about":[{"href":"https:\/\/dev.cytologystuff.com\/de\/wp-json\/wp\/v2\/types\/page"}],"author":[{"embeddable":true,"href":"https:\/\/dev.cytologystuff.com\/de\/wp-json\/wp\/v2\/users\/7"}],"replies":[{"embeddable":true,"href":"https:\/\/dev.cytologystuff.com\/de\/wp-json\/wp\/v2\/comments?post=2176"}],"version-history":[{"count":0,"href":"https:\/\/dev.cytologystuff.com\/de\/wp-json\/wp\/v2\/pages\/2176\/revisions"}],"up":[{"embeddable":true,"href":"https:\/\/dev.cytologystuff.com\/de\/wp-json\/wp\/v2\/pages\/1950"}],"wp:attachment":[{"href":"https:\/\/dev.cytologystuff.com\/de\/wp-json\/wp\/v2\/media?parent=2176"}],"curies":[{"name":"wp","href":"https:\/\/api.w.org\/{rel}","templated":true}]}}