{"id":2099,"date":"2017-08-01T12:51:01","date_gmt":"2017-08-01T12:51:01","guid":{"rendered":"http:\/\/cytologystuff1.wpengine.com\/non-gyn-atlas\/respiratory-cytology-dr-jim-linders-bonus\/"},"modified":"2017-11-22T05:31:23","modified_gmt":"2017-11-22T05:31:23","slug":"respiratory-cytology-dr-jim-linders-bonus","status":"publish","type":"page","link":"https:\/\/dev.cytologystuff.com\/de\/non-gyn-atlas\/respiratory-cytology-dr-jim-linders-bonus\/","title":{"rendered":"Respiratory Zytologie"},"content":{"rendered":"<p>[vc_row 0=&#8221;&#8221;][vc_column 0=&#8221;&#8221; offset=&#8221;vc_hidden-lg vc_hidden-md&#8221;][vc_raw_html 0=&#8221;&#8221;]PGNlbnRlcj48YSBjbGFzcz0ic2hpZnRuYXYtdG9nZ2xlIHNoaWZ0bmF2LXRvZ2dsZS1idXR0b24iIGRhdGEtc2hpZnRuYXYtdGFyZ2V0PSJzaGlmdG5hdi1tYWluIj48aSBjbGFzcz0iZmEgZmEtYmFycyI+PC9pPiBUYWJsZSBvZiBDb250ZW50cyA8L2E+PC9jZW50ZXI+[\/vc_raw_html][\/vc_column][\/vc_row][vc_row][vc_column][vc_custom_heading text=&#8221;Respiratory Zytologie&#8221; font_container=&#8221;tag:h1|text_align:center&#8221; use_theme_fonts=&#8221;yes&#8221;][\/vc_column][\/vc_row][vc_row][vc_column width=&#8221;2\/3&#8243;][vc_column_text]<\/p>\n<div id=\"\">\n<p class=\"subhead\">DR. JIM LINDER:<br \/>\nWEITERE ZYTOLOGIE DER ATEMWEGE<\/p>\n<p style=\"padding-left: 7px;\"><a style=\"width: 350px; display: block;\"><img loading=\"lazy\" decoding=\"async\" id=\"selfAssessImg\" src=\"\/images\/button27h.gif\" width=\"350\" height=\"40\" \/><\/a><\/p>\n<div class=\"highslide-gallery\"><strong>Erinnerung: Sie k\u00f6nnen auf jedes Bild klicken, um dieses vergr\u00f6\u00dfert zu betrachten.<\/strong><\/p>\n<div class=\"chartColumnCell\"><a class=\"highslide\" href=\"\/gallery\/images_large\/slide0668.jpg\"><br \/>\n<img decoding=\"async\" title=\"Click to enlarge\" src=\"\/gallery\/images\/slide0668.jpg\" alt=\"Image 2\" border=\"0\" \/><\/a><\/p>\n<div class=\"highslide-caption\"><strong>Abbildung 155<\/strong><\/p>\n<p>Asbestk\u00f6rperchen<br \/>\nEisenhaltiges Eiwei\u00df lagert sich an Asbestfasern oder anderen Mineralien an und bildet so ein Asbestk\u00f6rperchen. Diese Struktur wird teilweise von einem Makrophagen umh\u00fcllt.<\/p><\/div>\n<\/div>\n<div class=\"chartColumnLongCell\"><strong>Abbildung 155<br \/>\n<\/strong><br \/>\nAsbestk\u00f6rperchen<br \/>\nEisenhaltiges Eiwei\u00df lagert sich an Asbestfasern oder anderen Mineralien an und bildet so ein Asbestk\u00f6rperchen. Diese Struktur wird teilweise von einem Makrophagen umh\u00fcllt.<\/div>\n<div class=\"newRow\"><\/div>\n<div class=\"chartColumnCell\"><a class=\"highslide\" href=\"\/gallery\/images_large\/slide0669.jpg\"><br \/>\n<img decoding=\"async\" title=\"Click to enlarge\" src=\"\/gallery\/images\/slide0669.jpg\" alt=\"Image 3\" border=\"0\" \/><\/a><\/p>\n<div class=\"highslide-caption\"><strong>Abbildung 156<\/strong><\/p>\n<p>Asbestk\u00f6rperchen<br \/>\nAuf Asbestfasern zur\u00fcckzuf\u00fchrende Asbestk\u00f6rperchen haben in der Regel einen wei\u00dfen Kern.<\/p><\/div>\n<\/div>\n<div class=\"chartColumnLongCell\"><strong>Abbildung 156<br \/>\n<\/strong><br \/>\nAsbestk\u00f6rperchen<br \/>\nAuf Asbestfasern zur\u00fcckzuf\u00fchrende Asbestk\u00f6rperchen haben in der Regel einen wei\u00dfen Kern.<\/div>\n<div class=\"newRow\"><\/div>\n<div class=\"chartColumnCell\"><a class=\"highslide\" href=\"\/gallery\/images_large\/slide0670.jpg\"><br \/>\n<img decoding=\"async\" title=\"Click to enlarge\" src=\"\/gallery\/images\/slide0670.jpg\" alt=\"Image 3\" border=\"0\" \/><\/a><\/p>\n<div class=\"highslide-caption\"><strong>Abbildung 157<br \/>\n<\/strong><br \/>\nCandida spp.<br \/>\nVerschiedene Hyphenformen von<em>Candida spp.<\/em> k\u00f6nnen in Atemwegsproben von Patienten mit Mundsoor beobachtet werden (silberbasierte F\u00e4rbung)<\/div>\n<\/div>\n<div class=\"chartColumnLongCell\"><strong>Abbildung 157<br \/>\n<\/strong><br \/>\nCandida spp.<br \/>\nVerschiedene Hyphenformen von<em>Candida spp.<\/em> k\u00f6nnen in Atemwegsproben von Patienten mit Mundsoor beobachtet werden (silberbasierte F\u00e4rbung)<\/div>\n<div class=\"newRow\"><\/div>\n<div class=\"chartColumnCell\"><a class=\"highslide\" href=\"\/gallery\/images_large\/slide0671.jpg\" name=\"pap\"><br \/>\n<img decoding=\"async\" title=\"Click to enlarge\" src=\"\/gallery\/images\/slide0671.jpg\" alt=\"Image 2\" border=\"0\" \/><\/a><\/p>\n<div class=\"highslide-caption\"><strong>Abbildung 158<\/strong><\/p>\n<p><em>Pneumocystis carinii<\/em><br \/>\nDie Zystenformen von <em>Pneumocystis carinii<\/em> weisen bei silberbasierter F\u00e4rbung einen zentralen dunklen Bereich auf.<\/div>\n<\/div>\n<div class=\"chartColumnLongCell\"><strong>Abbildung 158<br \/>\n<\/strong><br \/>\n<em>Pneumocystis carinii <\/em><br \/>\nDie Zystenformen von <em>Pneumocystis carinii<\/em> weisen bei silberbasierter F\u00e4rbung einen zentralen dunklen Bereich auf.<\/div>\n<div class=\"newRow\"><\/div>\n<div class=\"chartColumnCell\"><a class=\"highslide\" href=\"\/gallery\/images_large\/slide0672.jpg\"><br \/>\n<img decoding=\"async\" title=\"Click to enlarge\" src=\"\/gallery\/images\/slide0672.jpg\" alt=\"Image 3\" border=\"0\" \/><\/a><\/p>\n<div class=\"highslide-caption\"><strong>Abbildung 159<\/strong><\/p>\n<p>Alternaria spp<br \/>\nDie Makrosporen von <em>Alternaria spp.<\/em> weisen sowohl l\u00e4ngsverlaufende als auch septierte Hyphen auf.<\/div>\n<\/div>\n<div class=\"chartColumnLongCell\"><strong>Abbildung 159<br \/>\n<\/strong><br \/>\nAlternaria spp.<br \/>\nDie Makrosporen von <em>Alternaria spp.<\/em> weisen sowohl l\u00e4ngsverlaufende als auch septierte Hyphen auf.<\/div>\n<div class=\"newRow\"><\/div>\n<div class=\"chartColumnCell\"><a class=\"highslide\" href=\"\/gallery\/images_large\/slide0673.jpg\" name=\"pap\"><br \/>\n<img decoding=\"async\" title=\"Click to enlarge\" src=\"\/gallery\/images\/slide0673.jpg\" alt=\"Image 2\" border=\"0\" \/><\/a><\/p>\n<div class=\"highslide-caption\"><strong>Abbildung 160<\/strong><\/p>\n<p>Pollen<br \/>\nPollenk\u00f6rnchen haben eine dicke, lichtbrechungsf\u00e4hige Wand, mehrere Dornen an der Oberfl\u00e4che und sind in der Regel pigmentiert.<\/p><\/div>\n<\/div>\n<div class=\"chartColumnLongCell\"><strong>Abbildung 160<br \/>\n<\/strong><br \/>\nPollen<br \/>\nPollenk\u00f6rnchen haben eine dicke, lichtbrechungsf\u00e4hige Wand, mehrere Dornen an der Oberfl\u00e4che und sind in der Regel pigmentiert.<\/div>\n<div class=\"newRow\"><\/div>\n<div class=\"chartColumnCell\"><a class=\"highslide\" href=\"\/gallery\/images_large\/slide0674.jpg\"><br \/>\n<img decoding=\"async\" title=\"Click to enlarge\" src=\"\/gallery\/images\/slide0674.jpg\" alt=\"Image 3\" border=\"0\" \/><\/a><\/p>\n<div class=\"highslide-caption\"><strong>Abbildung 161<\/strong><\/p>\n<p>Mikrophagen<br \/>\nBei einer lipoiden oder Aspirationspneumonie enthalten die Makrophagen mehrere komplexe Lipidvakuolen.<\/p><\/div>\n<\/div>\n<div class=\"chartColumnLongCell\"><strong>Abbildung 161<br \/>\n<\/strong><br \/>\nMikrophagen<br \/>\nBei einer lipoiden oder Aspirationspneumonie enthalten die Makrophagen mehrere komplexe Lipidvakuolen.<\/div>\n<div class=\"newRow\"><\/div>\n<div class=\"chartColumnCell\"><a class=\"highslide\" href=\"\/gallery\/images_large\/slide0675.jpg\"><br \/>\n<img decoding=\"async\" title=\"Click to enlarge\" src=\"\/gallery\/images\/slide0675.jpg\" alt=\"Image 3\" border=\"0\" \/><\/a><\/p>\n<div class=\"highslide-caption\"><strong>Abbildung 162<\/strong><\/p>\n<p>Lipid<br \/>\nDas Lipid kann bei einer lipoiden Pneumonie durch eine Oil-Red-O-F\u00e4rbung sichtbar gemacht werden.<\/p><\/div>\n<\/div>\n<div class=\"chartColumnLongCell\"><strong>Abbildung 162<br \/>\n<\/strong><br \/>\nLipid<br \/>\nDas Lipid kann bei einer lipoiden Pneumonie durch eine Oil-Red-O-F\u00e4rbung sichtbar gemacht werden.<\/div>\n<div class=\"newRow\"><\/div>\n<div class=\"chartColumnCell\"><a class=\"highslide\" href=\"\/gallery\/images_large\/slide0676.jpg\"><br \/>\n<img decoding=\"async\" title=\"Click to enlarge\" src=\"\/gallery\/images\/slide0676.jpg\" alt=\"Image 3\" border=\"0\" \/><\/a><\/p>\n<div class=\"highslide-caption\"><strong>Abbildung 163<\/strong><\/p>\n<p>Mikrophagen<br \/>\nPatienten mit einer Verletzung der Mikrogef\u00e4\u00dfe der Lunge entwickeln eine Lungenblutung, die sich an den h\u00e4mosiderinhaltigen Makrophagen zeigt.<\/p><\/div>\n<\/div>\n<div class=\"chartColumnLongCell\"><strong>Abbildung 163<br \/>\n<\/strong><br \/>\nMikrophagen<br \/>\nPatienten mit einer Verletzung der Mikrogef\u00e4\u00dfe der Lunge entwickeln eine Lungenblutung, die sich an den h\u00e4mosiderinhaltigen Makrophagen zeigt.<\/div>\n<div class=\"newRow\"><\/div>\n<div class=\"chartColumnCell\"><a class=\"highslide\" href=\"\/gallery\/images_large\/slide0677.jpg\" name=\"pap\"><br \/>\n<img decoding=\"async\" title=\"Click to enlarge\" src=\"\/gallery\/images\/slide0677.jpg\" alt=\"Image 2\" border=\"0\" \/><\/a><\/p>\n<div class=\"highslide-caption\"><strong>Abbildung 164<\/strong><\/p>\n<p>Lymphozytose<br \/>\nPatienten mit Sarkoidose weisen in der Regel eine interstitielle Lymphozytose auf.<\/p><\/div>\n<\/div>\n<div class=\"chartColumnLongCell\"><strong>Abbildung 164<br \/>\n<\/strong><br \/>\nLymphozytose<br \/>\nPatienten mit Sarkoidose weisen in der Regel eine interstitielle Lymphozytose auf.<\/div>\n<div class=\"newRow\"><\/div>\n<div class=\"chartColumnCell\"><a class=\"highslide\" href=\"\/gallery\/images_large\/slide0678.jpg\"><br \/>\n<img decoding=\"async\" title=\"Click to enlarge\" src=\"\/gallery\/images\/slide0678.jpg\" alt=\"Image 3\" border=\"0\" \/><\/a><\/p>\n<div class=\"highslide-caption\"><strong>Abbildung 165<\/strong><\/p>\n<p>Epithelzellen<br \/>\nHoch reaktive Epithelzellen k\u00f6nnen bei Patienten mit Lungen-Aspergillom zu beobachten sein.<\/p><\/div>\n<\/div>\n<div class=\"chartColumnLongCell\"><strong>Abbildung 165<br \/>\n<\/strong><br \/>\nEpithelzellen<br \/>\nHoch reaktive Epithelzellen k\u00f6nnen bei Patienten mit Lungen-Aspergillom zu beobachten sein.<\/div>\n<div class=\"newRow\"><\/div>\n<div class=\"chartColumnCell\"><a class=\"highslide\" href=\"\/gallery\/images_large\/slide0679.jpg\"><br \/>\n<img decoding=\"async\" title=\"Click to enlarge\" src=\"\/gallery\/images\/slide0679.jpg\" alt=\"Image 3\" border=\"0\" \/><\/a><\/p>\n<div class=\"highslide-caption\"><strong>Abbildung 166<\/strong><\/p>\n<p><em>Cryptococcus <\/em><br \/>\nBei einer <em>Cryptococcus<\/em>-Infektion l\u00e4sst sich im Zytoplasma der Makrophagen eine Vielzahl von intrazellul\u00e4ren Hefezellen beobachten.<\/div>\n<\/div>\n<div class=\"chartColumnLongCell\"><strong>Abbildung 166<br \/>\n<\/strong><br \/>\n<em>Cryptococcus<\/em><br \/>\nBei einer <em>Cryptococcus<\/em>-Infektion l\u00e4sst sich im Zytoplasma der Makrophagen eine Vielzahl von intrazellul\u00e4ren Hefezellen beobachten.<\/div>\n<div class=\"newRow\"><\/div>\n<div class=\"chartColumnCell\"><a class=\"highslide\" href=\"\/gallery\/images_large\/slide0680.jpg\"><br \/>\n<img decoding=\"async\" title=\"Click to enlarge\" src=\"\/gallery\/images\/slide0680.jpg\" alt=\"Image 3\" border=\"0\" \/><\/a><\/p>\n<div class=\"highslide-caption\"><strong>Abbildung 167<\/strong><\/p>\n<p>Cryptococcus Neoformans<br \/>\nDie von <em>Cryptococcus neoformans<\/em> gebildete Kapsel kann bei muzinbasierter F\u00e4rbung sichtbar werden.<\/div>\n<\/div>\n<div class=\"chartColumnLongCell\"><strong>Abbildung 167<br \/>\n<\/strong><br \/>\n<em>Cryptococcus neoformans<\/em><br \/>\nDie von <em>Cryptococcus neoformans<\/em> gebildete Kapsel kann bei muzinbasierter F\u00e4rbung sichtbar werden.<\/div>\n<div class=\"newRow\"><\/div>\n<div class=\"chartColumnCell\"><a class=\"highslide\" href=\"\/gallery\/images_large\/slide0681.jpg\"><br \/>\n<img decoding=\"async\" title=\"Click to enlarge\" src=\"\/gallery\/images\/slide0681.jpg\" alt=\"Image 3\" border=\"0\" \/><\/a><\/p>\n<div class=\"highslide-caption\"><strong>Abbildung 168<\/strong><\/p>\n<p>Ziliozytophthorie<br \/>\nVirusinfektionen der Atemwege k\u00f6nnen dazu f\u00fchren, dass sich Zilienkn\u00e4uel von den Bronchialepithelzellen l\u00f6sen. Dieser Vorgang wird als Ziliozytophthorie bezeichnet.<\/p><\/div>\n<\/div>\n<div class=\"chartColumnLongCell\"><strong>Abbildung 168<br \/>\n<\/strong><br \/>\nZiliozytophthorie<br \/>\nVirusinfektionen der Atemwege k\u00f6nnen dazu f\u00fchren, dass sich Zilienkn\u00e4uel von den Bronchialepithelzellen l\u00f6sen. Dieser Vorgang wird als Ziliozytophthorie bezeichnet.<\/div>\n<div class=\"newRow\"><\/div>\n<div class=\"chartColumnCell\"><a class=\"highslide\" href=\"\/gallery\/images_large\/slide0682.jpg\"><br \/>\n<img decoding=\"async\" title=\"Click to enlarge\" src=\"\/gallery\/images\/slide0682.jpg\" alt=\"Image 3\" border=\"0\" \/><\/a><\/p>\n<div class=\"highslide-caption\"><strong>Abbildung 169<\/strong><\/p>\n<p>Hyperplasie<br \/>\nEine Hyperplasie der Reservezellen zeichnet sich durch dichte Cluster kleiner Reservezellen aus.<\/p><\/div>\n<\/div>\n<div class=\"chartColumnLongCell\"><strong>Abbildung 169<br \/>\n<\/strong><br \/>\nHyperplasie<br \/>\nEine Hyperplasie der Reservezellen zeichnet sich durch dichte Cluster kleiner Reservezellen aus.<\/div>\n<\/div>\n<div class=\"newRow\"><\/div>\n<p><a class=\"back\" href=\"#\">Zur\u00fcck nach oben<\/a><\/p>\n<p><a href=\"nongyn_atlas.htm\"> R\u00fcckkehr zu den Inhaltsverzeichnis <\/a><\/p>\n<\/div>\n<p>[\/vc_column_text][\/vc_column][vc_column width=&#8221;1\/3&#8243; offset=&#8221;vc_hidden-sm vc_hidden-xs&#8221;][vc_widget_sidebar sidebar_id=&#8221;consulting-right-sidebar&#8221;][\/vc_column][\/vc_row]<\/p>\n","protected":false},"excerpt":{"rendered":"<p>[vc_row 0=&#8221;&#8221;][vc_column 0=&#8221;&#8221; offset=&#8221;vc_hidden-lg vc_hidden-md&#8221;][vc_raw_html 0=&#8221;&#8221;]PGNlbnRlcj48YSBjbGFzcz0ic2hpZnRuYXYtdG9nZ2xlIHNoaWZ0bmF2LXRvZ2dsZS1idXR0b24iIGRhdGEtc2hpZnRuYXYtdGFyZ2V0PSJzaGlmdG5hdi1tYWluIj48aSBjbGFzcz0iZmEgZmEtYmFycyI+PC9pPiBUYWJsZSBvZiBDb250ZW50cyA8L2E+PC9jZW50ZXI+[\/vc_raw_html][\/vc_column][\/vc_row][vc_row][vc_column][vc_custom_heading text=&#8221;Respiratory Zytologie&#8221; font_container=&#8221;tag:h1|text_align:center&#8221; use_theme_fonts=&#8221;yes&#8221;][\/vc_column][\/vc_row][vc_row][vc_column width=&#8221;2\/3&#8243;][vc_column_text] DR. JIM LINDER: WEITERE ZYTOLOGIE DER ATEMWEGE Erinnerung: Sie k\u00f6nnen auf jedes Bild klicken, um dieses vergr\u00f6\u00dfert zu betrachten. Abbildung 155 Asbestk\u00f6rperchen Eisenhaltiges Eiwei\u00df lagert sich an Asbestfasern oder anderen Mineralien an und bildet so ein Asbestk\u00f6rperchen. Diese Struktur wird teilweise von einem Makrophagen<\/p>\n","protected":false},"author":7,"featured_media":0,"parent":1950,"menu_order":0,"comment_status":"closed","ping_status":"closed","template":"","meta":{"ngg_post_thumbnail":0,"footnotes":""},"class_list":["post-2099","page","type-page","status-publish","hentry"],"_links":{"self":[{"href":"https:\/\/dev.cytologystuff.com\/de\/wp-json\/wp\/v2\/pages\/2099","targetHints":{"allow":["GET"]}}],"collection":[{"href":"https:\/\/dev.cytologystuff.com\/de\/wp-json\/wp\/v2\/pages"}],"about":[{"href":"https:\/\/dev.cytologystuff.com\/de\/wp-json\/wp\/v2\/types\/page"}],"author":[{"embeddable":true,"href":"https:\/\/dev.cytologystuff.com\/de\/wp-json\/wp\/v2\/users\/7"}],"replies":[{"embeddable":true,"href":"https:\/\/dev.cytologystuff.com\/de\/wp-json\/wp\/v2\/comments?post=2099"}],"version-history":[{"count":0,"href":"https:\/\/dev.cytologystuff.com\/de\/wp-json\/wp\/v2\/pages\/2099\/revisions"}],"up":[{"embeddable":true,"href":"https:\/\/dev.cytologystuff.com\/de\/wp-json\/wp\/v2\/pages\/1950"}],"wp:attachment":[{"href":"https:\/\/dev.cytologystuff.com\/de\/wp-json\/wp\/v2\/media?parent=2099"}],"curies":[{"name":"wp","href":"https:\/\/api.w.org\/{rel}","templated":true}]}}