{"id":1972,"date":"2017-07-31T19:32:51","date_gmt":"2017-07-31T19:32:51","guid":{"rendered":"http:\/\/cytologystuff1.wpengine.com\/non-gyn-atlas\/effusions-mesothelioma\/"},"modified":"2017-11-16T12:16:54","modified_gmt":"2017-11-16T12:16:54","slug":"effusions-mesothelioma","status":"publish","type":"page","link":"https:\/\/dev.cytologystuff.com\/de\/non-gyn-atlas\/effusions-mesothelioma\/","title":{"rendered":"Zytologie pleuraler, perikardialer und peritonealer Erg\u00fcsse"},"content":{"rendered":"<p>[vc_row 0=&#8221;&#8221;][vc_column 0=&#8221;&#8221; offset=&#8221;vc_hidden-lg vc_hidden-md&#8221;][vc_raw_html 0=&#8221;&#8221;]PGNlbnRlcj48YSBjbGFzcz0ic2hpZnRuYXYtdG9nZ2xlIHNoaWZ0bmF2LXRvZ2dsZS1idXR0b24iIGRhdGEtc2hpZnRuYXYtdGFyZ2V0PSJzaGlmdG5hdi1tYWluIj48aSBjbGFzcz0iZmEgZmEtYmFycyI+PC9pPiBUYWJsZSBvZiBDb250ZW50cyA8L2E+PC9jZW50ZXI+[\/vc_raw_html][\/vc_column][\/vc_row][vc_row][vc_column][vc_custom_heading text=&#8221;Zytologie pleuraler, perikardialer und peritonealer Erg\u00fcsse&#8221; font_container=&#8221;tag:h1|text_align:center&#8221; use_theme_fonts=&#8221;yes&#8221;][\/vc_column][\/vc_row][vc_row el_id=&#8221;acknowledgements&#8221;][vc_column width=&#8221;2\/3&#8243;][vc_column_text]<\/p>\n<div id=\"\">\n<p class=\"subhead\">ERG\u00dcSSE \u2013 MESOTHELIOM<\/p>\n<p style=\"padding-left: 7px;\"><a style=\"width: 350px; display: block;\"><img loading=\"lazy\" decoding=\"async\" id=\"selfAssessImg\" src=\"\/images\/button27h.gif\" width=\"350\" height=\"40\" \/><\/a><\/p>\n<div class=\"highslide-gallery\"><strong>Erinnerung: Sie k\u00f6nnen auf jedes Bild klicken, um dieses vergr\u00f6\u00dfert zu betrachten.<\/strong><\/p>\n<div class=\"chartColumnCell\"><a class=\"highslide\" href=\"\/gallery\/images_large\/slide0422.jpg\" name=\"pap\"><br \/>\n<img decoding=\"async\" title=\"Click to enlarge\" src=\"\/gallery\/images\/slide0422.jpg\" alt=\"Image 2\" border=\"0\" \/><\/a><\/p>\n<div class=\"highslide-caption\"><strong>Abbildung 22<\/strong><\/p>\n<p>Pleuraerguss:<br \/>\nMesotheliom.<br \/>\n10X<\/p><\/div>\n<\/div>\n<div class=\"chartColumnShortCell\"><strong>Abbildung 22<br \/>\n<\/strong>Pleuraerguss:<br \/>\nMesotheliom.<br \/>\n10X<\/div>\n<div class=\"newRow\"><\/div>\n<div class=\"chartColumnCell\"><a class=\"highslide\" href=\"\/gallery\/images_large\/slide0423.jpg\"><br \/>\n<img decoding=\"async\" title=\"Click to enlarge\" src=\"\/gallery\/images\/slide0423.jpg\" alt=\"Image 3\" border=\"0\" \/><\/a><\/p>\n<div class=\"highslide-caption\"><strong>Abbildung 23<\/strong><\/p>\n<p>Pleuraerguss:<br \/>\nMesotheliom.<br \/>\n20X<\/p><\/div>\n<\/div>\n<div class=\"chartColumnShortCell\"><strong>Abbildung 23<br \/>\n<\/strong> Pleuraerguss:<br \/>\nMesotheliom.<br \/>\n20X<\/div>\n<div class=\"newRow\"><\/div>\n<div class=\"chartColumnCell\"><a class=\"highslide\" href=\"\/gallery\/images_large\/slide0424.jpg\"><br \/>\n<img decoding=\"async\" title=\"Click to enlarge\" src=\"\/gallery\/images\/slide0424.jpg\" alt=\"Image 3\" border=\"0\" \/><\/a><\/p>\n<div class=\"highslide-caption\"><strong>Abbildung 24<\/strong><br \/>\nPleuraerguss:<br \/>\nMesotheliom.<br \/>\n40X<\/div>\n<\/div>\n<div class=\"chartColumnShortCell\"><strong>Abbildung 24<br \/>\n<\/strong><br \/>\nPleural effusion:<br \/>\nMesotheliom.<br \/>\n40X<\/div>\n<div class=\"newRow\"><\/div>\n<p><strong>Abbildungen 22-24:<\/strong><br \/>\nVerschiedene Vergr\u00f6\u00dferungen zeigen &#8220;kanonenkugelf\u00f6rmige&#8221; Massen von Tumorzellen. Der Schl\u00fcssel zur Diagnose eines Mesothelioms ist die Nicht-Identifizierung einer zweiten b\u00f6sartigen Zellpopulation. F\u00fcr die endg\u00fcltige Bestimmung k\u00f6nnen Verfahren der Immunzytochemie oder die Verarbeitung eines Zellblocks mit Verfahren der Immunhistochemie, Elektronenmikroskopie oder anderen Spezialverfahren erforderlich sein.<\/p>\n<p>&nbsp;<\/p>\n<div class=\"chartColumnCell\"><a class=\"highslide\" href=\"\/gallery\/images_large\/slide0425.jpg\" name=\"pap\"><br \/>\n<img decoding=\"async\" title=\"Click to enlarge\" src=\"\/gallery\/images\/slide0425.jpg\" alt=\"Image 2\" border=\"0\" \/><\/a><\/p>\n<div class=\"highslide-caption\"><strong>Abbildung 25<\/strong><\/p>\n<p>Pleuraerguss:<\/p>\n<p>Mesotheliom.<br \/>\n60X<\/p><\/div>\n<\/div>\n<div class=\"chartColumnShortCell\"><strong>Abbildung 25<br \/>\n<\/strong><br \/>\nPleuraerguss:<br \/>\nMesotheliom.<br \/>\n60X<\/div>\n<div class=\"newRow\"><\/div>\n<p>Einzelne b\u00f6sartige Mesothelzellen zeigen einen Rand von unregelm\u00e4\u00dfigem, weniger dichtem Zytoplasma (Ektoplasma), der das dichte Zytoplasma um den Kern (Endoplasma) herum umgibt.<\/p>\n<div class=\"chartColumnCell\"><a class=\"highslide\" href=\"\/gallery\/images_large\/slide0426.jpg\"><br \/>\n<img decoding=\"async\" title=\"Click to enlarge\" src=\"\/gallery\/images\/slide0426.jpg\" alt=\"Image 3\" border=\"0\" \/><\/a><\/p>\n<div class=\"highslide-caption\"><strong>Abbildung 26<\/strong><\/p>\n<p>Pleuraerguss:<br \/>\nMesotheliom.<br \/>\n20X<\/p><\/div>\n<\/div>\n<div class=\"chartColumnShortCell\"><strong>Abbildung 26<br \/>\n<\/strong>Pleuraerguss:<br \/>\nMesotheliom.<br \/>\n20X<\/div>\n<div class=\"newRow\"><\/div>\n<p>In einem Hintergrund von Blutzellen und protein\u00f6sen Zelltr\u00fcmmern sind m\u00f6glicherweise Tumorzellen vorhanden. Gruppen von mehr als 12 Zellen k\u00f6nnen ein Merkmal der B\u00f6sartigkeit sein.<\/p>\n<div class=\"chartColumnCell\"><a class=\"highslide\" href=\"\/gallery\/images_large\/slide0427.jpg\" name=\"pap\"><br \/>\n<img decoding=\"async\" title=\"Click to enlarge\" src=\"\/gallery\/images\/slide0427.jpg\" alt=\"Image 2\" border=\"0\" \/><\/a><\/p>\n<div class=\"highslide-caption\"><strong>Abbildung 27<\/strong><\/p>\n<p>Pleuraerguss:<br \/>\nMesotheliom.<br \/>\n60X<\/p><\/div>\n<\/div>\n<div class=\"chartColumnShortCell\"><strong>Abbildung 27<br \/>\n<\/strong>Pleuraerguss:<br \/>\nMesothelioma.<br \/>\n60X<\/div>\n<div class=\"newRow\"><\/div>\n<p>Bei st\u00e4rkerer Vergr\u00f6\u00dferung best\u00e4tigt die hohe Kern\/Plasma-Relation bei unterschiedlicher Zellkerngr\u00f6\u00dfe und gelegentlicher Mehrkernigkeit die B\u00f6sartigkeit dieser Zellen. Differenzialdiagnosen umfassen das Adenokarzinom und das Mesotheliom.<br \/>\nFeinmikroskopische Merkmale der peripheren Zellmembranen und interzellul\u00e4ren Fenster k\u00f6nnen Hinweise auf ein Mesotheliom sein.<\/p>\n<div class=\"chartColumnCell\"><a class=\"highslide\" href=\"\/gallery\/images_large\/slide0428.jpg\"><br \/>\n<img decoding=\"async\" title=\"Click to enlarge\" src=\"\/gallery\/images\/slide0428.jpg\" alt=\"Image 3\" border=\"0\" \/><\/a><\/p>\n<div class=\"highslide-caption\"><strong>Abbildung 28<\/strong><\/p>\n<p>Pleuraerguss:<br \/>\nMesotheliom.<br \/>\n60X<\/p><\/div>\n<\/div>\n<div class=\"chartColumnShortCell\"><strong>Abbildung 28<br \/>\n<\/strong><br \/>\nPleuraerguss:<br \/>\nMesotheliom.<br \/>\n60X<\/div>\n<\/div>\n<div class=\"newRow\"><\/div>\n<p>Abnormale mitotische Figuren sowie gelegentliche reaktive Mesothelzellen in Erg\u00fcssen k\u00f6nnen bei einem Mesotheliom und anderen Krebserkrankungen beobachtet werden.<\/p>\n<p><a class=\"back\" href=\"#\">Zur\u00fcck nach oben<\/a><\/p>\n<p><a href=\"nongyn_atlas.htm\">R\u00fcckkehr zu den Inhaltsverzeichnis<\/a><\/p>\n<\/div>\n<p>[\/vc_column_text][vc_column_text el_class=&#8221;back-to-top&#8221;]<strong><a href=\"#main\">Back to Top<\/a><\/strong>[\/vc_column_text][\/vc_column][vc_column width=&#8221;1\/3&#8243; offset=&#8221;vc_hidden-sm vc_hidden-xs&#8221;][vc_widget_sidebar sidebar_id=&#8221;consulting-right-sidebar&#8221;][\/vc_column][\/vc_row]<\/p>\n","protected":false},"excerpt":{"rendered":"<p>[vc_row 0=&#8221;&#8221;][vc_column 0=&#8221;&#8221; offset=&#8221;vc_hidden-lg vc_hidden-md&#8221;][vc_raw_html 0=&#8221;&#8221;]PGNlbnRlcj48YSBjbGFzcz0ic2hpZnRuYXYtdG9nZ2xlIHNoaWZ0bmF2LXRvZ2dsZS1idXR0b24iIGRhdGEtc2hpZnRuYXYtdGFyZ2V0PSJzaGlmdG5hdi1tYWluIj48aSBjbGFzcz0iZmEgZmEtYmFycyI+PC9pPiBUYWJsZSBvZiBDb250ZW50cyA8L2E+PC9jZW50ZXI+[\/vc_raw_html][\/vc_column][\/vc_row][vc_row][vc_column][vc_custom_heading text=&#8221;Zytologie pleuraler, perikardialer und peritonealer Erg\u00fcsse&#8221; font_container=&#8221;tag:h1|text_align:center&#8221; use_theme_fonts=&#8221;yes&#8221;][\/vc_column][\/vc_row][vc_row el_id=&#8221;acknowledgements&#8221;][vc_column width=&#8221;2\/3&#8243;][vc_column_text] ERG\u00dcSSE \u2013 MESOTHELIOM Erinnerung: Sie k\u00f6nnen auf jedes Bild klicken, um dieses vergr\u00f6\u00dfert zu betrachten. Abbildung 22 Pleuraerguss: Mesotheliom. 10X Abbildung 22 Pleuraerguss: Mesotheliom. 10X Abbildung 23 Pleuraerguss: Mesotheliom. 20X Abbildung 23 Pleuraerguss: Mesotheliom. 20X Abbildung 24 Pleuraerguss: Mesotheliom.<\/p>\n","protected":false},"author":7,"featured_media":0,"parent":1950,"menu_order":0,"comment_status":"closed","ping_status":"closed","template":"","meta":{"ngg_post_thumbnail":0,"footnotes":""},"class_list":["post-1972","page","type-page","status-publish","hentry"],"_links":{"self":[{"href":"https:\/\/dev.cytologystuff.com\/de\/wp-json\/wp\/v2\/pages\/1972","targetHints":{"allow":["GET"]}}],"collection":[{"href":"https:\/\/dev.cytologystuff.com\/de\/wp-json\/wp\/v2\/pages"}],"about":[{"href":"https:\/\/dev.cytologystuff.com\/de\/wp-json\/wp\/v2\/types\/page"}],"author":[{"embeddable":true,"href":"https:\/\/dev.cytologystuff.com\/de\/wp-json\/wp\/v2\/users\/7"}],"replies":[{"embeddable":true,"href":"https:\/\/dev.cytologystuff.com\/de\/wp-json\/wp\/v2\/comments?post=1972"}],"version-history":[{"count":0,"href":"https:\/\/dev.cytologystuff.com\/de\/wp-json\/wp\/v2\/pages\/1972\/revisions"}],"up":[{"embeddable":true,"href":"https:\/\/dev.cytologystuff.com\/de\/wp-json\/wp\/v2\/pages\/1950"}],"wp:attachment":[{"href":"https:\/\/dev.cytologystuff.com\/de\/wp-json\/wp\/v2\/media?parent=1972"}],"curies":[{"name":"wp","href":"https:\/\/api.w.org\/{rel}","templated":true}]}}