{"id":1923,"date":"2017-07-31T17:49:22","date_gmt":"2017-07-31T17:49:22","guid":{"rendered":"http:\/\/cytologystuff1.wpengine.com\/gyn-atlas-table-of-contents\/low-grade-squamous-intraepithelial-lesion\/"},"modified":"2017-11-15T06:50:21","modified_gmt":"2017-11-15T06:50:21","slug":"low-grade-squamous-intraepithelial-lesion","status":"publish","type":"page","link":"https:\/\/dev.cytologystuff.com\/de\/gyn-atlas-table-of-contents\/low-grade-squamous-intraepithelial-lesion\/","title":{"rendered":"NIEDRIGGRADIGE PLATTENEPITHELIALE INTRAEPITHELIALE L\u00c4SIONEN (LSIL)"},"content":{"rendered":"<p>[vc_row 0=&#8221;&#8221;][vc_column 0=&#8221;&#8221; offset=&#8221;vc_hidden-lg vc_hidden-md&#8221;][vc_raw_html 0=&#8221;&#8221;]PGNlbnRlcj48YSBjbGFzcz0ic2hpZnRuYXYtdG9nZ2xlIHNoaWZ0bmF2LXRvZ2dsZS1idXR0b24iIGRhdGEtc2hpZnRuYXYtdGFyZ2V0PSJzaGlmdG5hdi1tYWluIj48aSBjbGFzcz0iZmEgZmEtYmFycyI+PC9pPiBUYWJsZSBvZiBDb250ZW50cyA8L2E+PC9jZW50ZXI+[\/vc_raw_html][\/vc_column][\/vc_row][vc_row][vc_column][vc_custom_heading text=&#8221;NIEDRIGGRADIGE PLATTENEPITHELIALE INTRAEPITHELIALE L\u00c4SIONEN (LSIL)&#8221; font_container=&#8221;tag:h1|text_align:center&#8221; use_theme_fonts=&#8221;yes&#8221;][\/vc_column][\/vc_row][vc_row el_id=&#8221;acknowledgements&#8221;][vc_column width=&#8221;2\/3&#8243;][vc_column_text]<br \/>\n<strong>NIEDRIGGRADIGE PLATTENEPITHELIALE INTRAEPITHELIALE L\u00c4SIONEN (LSIL)<\/strong><br \/><em>Diane D. Davey, MD<br \/>\n<\/em> <\/p>\n<p>Eine Dysplasie des Plattenepithels ist durch mindestens einige, plattenepithelialen Merkmale im Zytoplasma der atypischen Zellen charakterisiert (De May 1996). Der Grad der Dysplasie spiegelt den Reifegrad der beteiligten Zellen. So \u00e4hneln Zellen einer leichten Dysplasie reifen Metaplasie-, Superfizial- und Intermedi\u00e4rzellen, w\u00e4hrend h\u00f6hergradig dysplastische Epithelien weniger reifen normalen Epithelien wie Parabasal- und\/oder unreifen Metaplasiezellen entsprechen. Seitdem \u201e The Bethesda System for Classification of Cervical Vaginal Diagnoses\u201c aufkam, wurde die Anwendung des Begriffs \u201eDysplasie\u201c vernachl\u00e4ssigt, zugunsten von \u201eniedriggradige plattenepitheliale intraepitheliale L\u00e4sion (LSIL)\u201c oder \u201ehochgradige plattenepitheliale intraepitheliale L\u00e4sion (HSIL)\u201c nachgelassen. In diesem Atlas wird die Terminologie des Bethesda Systems 2001 benutzt. <\/p>\n<p>Das morphologische Bild von LSIL (einschlie\u00dflich HPV-assoziierter Ver\u00e4nderungen) im ThinPrep<sup>\u00ae<\/sup>-Pr\u00e4parat, gleicht im Wesentlichen dem des konventionellen Pap-Abstriches. Teilweise ist diese \u00c4hnlichkeit auf die F\u00e4higkeit reifer Plattenepithelien zur\u00fcckzuf\u00fchren, trotz unzureichender Fixierung oder Abstrichartefakten, ihre Integrit\u00e4t beim konventionellen Abstrich zu erhalten. Diese Widerstandsf\u00e4higkeit ist eine Folge der Zellrigidit\u00e4t aufgrund zytoplasmatischer Keratinisierung. <\/p>\n<p>Aufgrund ihrer Morphologie geh\u00f6ren die Zellen niedriggradiger L\u00e4sionen zu den am einfachsten nachweisbaren intraepithelialen Neoplasien. Im Vergleich sind LSIL-Kerne die gr\u00f6\u00dften Kerne, weisen jedoch eine niedrigere Kern-Plasma-Relation als HSIL oder Karzinome auf. Diese Zellen besitzen eine ausgepr\u00e4gtere Kernatypie als ASC-US, was sich in einem vergr\u00f6\u00dferten Kern, einer leichten Chromatinvergr\u00f6berung und geringen Unregelm\u00e4\u00dfigkeiten der Kernmembran zeigt. Ihre Kerne k\u00f6nnen gelegentlich nicht so hyperchromatisch sein wie im konventionellen Abstrichen, aber sie erscheinen stets hyperchromatisch im Vergleich zu den normalen Zellen der Umgebung. Die HPV-assoziierten Ver\u00e4nderungen (z.B. Vakuolisierung des Zytoplasmas) erscheinen aufgrund der Fl\u00fcssigfixierung und der Transfertechnik ausgepr\u00e4gter, da diese die Zelldistorsion der konventionellen Abstrichmethode vermeiden. Das ThinPrep<sup>\u00ae<\/sup> -Verfahren erh\u00e4lt diese Zellenver\u00e4nderungen besser, und erlaubt so eine einfachere Unterscheidung zwischen echten HPV-induzierten zytoplasmatischen Halos und benignen oder degenerativen Vakuolen und\/oder glykogenhaltigen Plattenepithelien. <\/p>\n<p style=\"padding-left:7px\"><a href=\"javascript:void(0)\"  style=\"width:350px;display:block\"><img loading=\"lazy\" decoding=\"async\" src=\"\/images\/button27h.gif\" id=\"selfAssessImg\" width=\"350\" height=\"40\"><\/a><\/p>\n<div class=\"highslide-gallery\">\n<strong>Erinnerung: Sie k\u00f6nnen auf jedes Bild klicken, um dieses vergr\u00f6\u00dfert zu betrachten.<\/strong><\/p>\n<div class=\"chartColumnCell\">\n  <a href=\"\/gallery\/images_large\/slide0039.jpg\" class=\"highslide\" onclick=\"return hs.expand(this)\" name=\"pap\"><br \/>\n\t<img decoding=\"async\" src=\"\/gallery\/images\/slide0039.jpg\" alt=\"Image 1\" border=\"0\" title=\"Click to enlarge\"><\/a><\/p>\n<div class=\"highslide-caption\">\n<strong>Konventioneller Pap-Abstrich<\/strong><br \/>\nLSIL\n<\/div>\n<\/div>\n<div class=\"chartColumnShortCell\">\n        \t<strong>Konventioneller Pap-Abstrich<\/strong><br \/>\nLSIL\n<\/div>\n<div class=\"newRow\"><\/div>\n<div class=\"chartColumnCell\">\n<a href=\"\/gallery\/images_large\/slide0040.jpg\" class=\"highslide\" onclick=\"return hs.expand(this)\"><br \/>\n\t<img decoding=\"async\" src=\"\/gallery\/images\/slide0040.jpg\" alt=\"Image 2\" border=\"0\" title=\"Click to enlarge\"><\/a><\/p>\n<div class=\"highslide-caption\">\n<strong>ThinPrep<sup>\u00ae<\/sup> Pap Test<\/strong><br \/>\nLSIL<\/div>\n<\/div>\n<div class=\"chartColumnShortCell\">\n      <strong>ThinPrep<sup>\u00ae<\/sup> Pap Test<\/strong><br \/>\nLSIL\n<\/div>\n<div class=\"newRow\"><\/div>\n<div class=\"chartColumnCell\">\n<a href=\"\/gallery\/images_large\/slide0041.jpg\" class=\"highslide\" onclick=\"return hs.expand(this)\"><br \/>\n\t<img decoding=\"async\" src=\"\/gallery\/images\/slide0041.jpg\" alt=\"Image 3\" border=\"0\" title=\"Click to enlarge\"><\/a><\/p>\n<div class=\"highslide-caption\">\n\t<strong>Biopsie<\/strong><br \/>\nCIN1\n<\/div>\n<\/div>\n<div class=\"chartColumnShortCell\">\n        \t<strong>Biopsie<\/strong><br \/>\nCIN1<br \/>\nGleiche Patientin, Gesplittetes Material<\/div>\n<div class=\"newRow\"><\/div>\n<div class=\"chartColumnCell\">\n<a href=\"\/gallery\/images_large\/slide0042.jpg\" class=\"highslide\" onclick=\"return hs.expand(this)\"><br \/>\n\t<img decoding=\"async\" src=\"\/gallery\/images\/slide0042.jpg\" alt=\"Image 4\" border=\"0\" title=\"Click to enlarge\"><\/a><\/p>\n<div class=\"highslide-caption\">\n\t<strong>LSIL<\/strong><br \/>\nDie Zellen haben deutliche Zellgrenzen, die auf reife Plattenepithelien und Metaplasiezellen hinweisen.<br \/>\n60X\n<\/div>\n<\/div>\n<div class=\"chartColumnShortCell\">\n        \t<strong>LSIL<\/strong><br \/>\nDie Zellen haben deutliche Zellgrenzen, die auf reife Plattenepithelien und Metaplasiezellen hinweisen.<br \/>\n60X<\/div>\n<div class=\"newRow\"><\/div>\n<div class=\"chartColumnCell\">\n<a href=\"\/gallery\/images_large\/slide0043.jpg\" class=\"highslide\" onclick=\"return hs.expand(this)\"><br \/>\n\t<img decoding=\"async\" src=\"\/gallery\/images\/slide0043.jpg\" alt=\"Image 5\" border=\"0\" title=\"Click to enlarge\"><\/a><\/p>\n<div class=\"highslide-caption\">\n\t<strong>LSIL<\/strong><br \/>\nDie Zellen liegen meist in Einzellagerung, in flachen Verb\u00e4nden oder Pflastersteinarrangements.<br \/>\n60X\n<\/div>\n<\/div>\n<div class=\"chartColumnShortCell\">\n        \t<strong>LSIL<\/strong><br \/>\nDie Zellen liegen meist in Einzellagerung, in flachen Verb\u00e4nden oder Pflastersteinarrangements.<br \/>\n60X<\/div>\n<div class=\"newRow\"><\/div>\n<div class=\"chartColumnCell\">\n<a href=\"\/gallery\/images_large\/slide0044.jpg\" class=\"highslide\" onclick=\"return hs.expand(this)\"><br \/>\n\t<img decoding=\"async\" src=\"\/gallery\/images\/slide0044.jpg\" alt=\"Image 6\" border=\"0\" title=\"Click to enlarge\"><\/a><\/p>\n<div class=\"highslide-caption\">\n\t<strong>LSIL<\/strong><br \/>\nDie Kerne sind 3-4 mal so gro\u00df wie normale Intermedi\u00e4rzellkerne.<br \/>\n60X<\/p>\n<\/div>\n<\/div>\n<div class=\"chartColumnShortCell\">\n        \t<strong>LSIL<\/strong><br \/>\nDie Kerne sind 3-4 mal so gro\u00df wie normale Intermedi\u00e4rzellkerne.<br \/>\n60X\n<\/div>\n<div class=\"newRow\"><\/div>\n<div class=\"chartColumnCell\">\n<a href=\"\/gallery\/images_large\/slide0045.jpg\" class=\"highslide\" onclick=\"return hs.expand(this)\"><br \/>\n\t<img decoding=\"async\" src=\"\/gallery\/images\/slide0045.jpg\" alt=\"Image 7\" border=\"0\" title=\"Click to enlarge\"><\/a><\/p>\n<div class=\"highslide-caption\">\n\t<strong>LSIL<\/strong><br \/>\nDie Kerne variieren leicht in Gr\u00f6\u00dfe und Form.<br \/>\n(Leichte Anisokaryose und Polymorphie)<br \/>\n60X\n<\/div>\n<\/div>\n<div class=\"chartColumnShortCell\">\n        \t<strong>LSIL<\/strong><br \/>\nDie Kerne variieren leicht in Gr\u00f6\u00dfe und Form.<br \/>\n(Leichte Anisokaryose und Polymorphie)<br \/>\n60X\n<\/div>\n<div class=\"newRow\"><\/div>\n<div class=\"chartColumnCell\">\n<a href=\"\/gallery\/images_large\/slide0046.jpg\" class=\"highslide\" onclick=\"return hs.expand(this)\"><br \/>\n\t<img decoding=\"async\" src=\"\/gallery\/images\/slide0046.jpg\" alt=\"Image 8\" border=\"0\" title=\"Click to enlarge\"><\/a><\/p>\n<div class=\"highslide-caption\">\n\t<strong>LSIL<\/strong><br \/>\nDoppel- und Mehrkernigkeit kann ein Hinweis auf eine HPV-Infektion sein.<br \/>\n60X\n<\/div>\n<\/div>\n<div class=\"chartColumnShortCell\">\n        \t<strong>LSIL<\/strong><br \/>\nDoppel- und Mehrkernigkeit kann ein Hinweis auf eine HPV-Infektion sein.<br \/>\n60X<\/div>\n<div class=\"newRow\"><\/div>\n<div class=\"chartColumnCell\">\n<a href=\"\/gallery\/images_large\/slide0047.jpg\" class=\"highslide\" onclick=\"return hs.expand(this)\"><br \/>\n\t<img decoding=\"async\" src=\"\/gallery\/images\/slide0047.jpg\" alt=\"Image 9\" border=\"0\" title=\"Click to enlarge\"><\/a><\/p>\n<div class=\"highslide-caption\">\n<strong>LSIL<\/strong><br \/>\nDie Kerne haben zarte bis leicht unregelm\u00e4\u00dfige Membranen.<br \/>\n60X\n<\/div>\n<\/div>\n<div class=\"chartColumnShortCell\">\n        <strong>LSIL<\/strong><br \/>\nDie Kerne haben zarte bis leicht unregelm\u00e4\u00dfige Membranen.<br \/>\n60X\n<\/div>\n<div class=\"newRow\"><\/div>\n<div class=\"chartColumnCell\">\n<a href=\"\/gallery\/images_large\/slide0031.jpg\" class=\"highslide\" onclick=\"return hs.expand(this)\"><br \/>\n\t<img decoding=\"async\" src=\"\/gallery\/images\/slide0031.jpg\" alt=\"Image 10\" border=\"0\" title=\"Click to enlarge\"><\/a><\/p>\n<div class=\"highslide-caption\">\n<strong>LSIL<\/strong><br \/>\nDas Chromatin ist leicht vergr\u00f6bert aber gleichm\u00e4\u00dfig verteilt &#8211; es kann degeneriert oder \u201eopak\u201c erscheinen, falls zytopathische HPV-Effekte vorhanden sind.<br \/>\n60X\n<\/div>\n<\/div>\n<div class=\"chartColumnShortCell\">\n        <strong>LSIL<\/strong><br \/>\nDas Chromatin ist leicht vergr\u00f6bert aber gleichm\u00e4\u00dfig verteilt &#8211; es kann degeneriert oder \u201eopak\u201c erscheinen, falls zytopathische HPV-Effekte vorhanden sind.<br \/>\n60X\n<\/div>\n<div class=\"newRow\"><\/div>\n<div class=\"chartColumnCell\">\n<a href=\"\/gallery\/images_large\/slide0032.jpg\" class=\"highslide\" onclick=\"return hs.expand(this)\"><br \/>\n\t<img decoding=\"async\" src=\"\/gallery\/images\/slide0032.jpg\" alt=\"Image 11\" border=\"0\" title=\"Click to enlarge\"><\/a><\/p>\n<div class=\"highslide-caption\">\n<strong>LSIL<\/strong><br \/>\nLeichte Hyperchromasie.<br \/>\n60X\n<\/div>\n<\/div>\n<div class=\"chartColumnShortCell\">\n        <strong>LSIL<\/strong><br \/>\nLeichte Hyperchromasie.<br \/>\n60X\n<\/div>\n<div class=\"newRow\"><\/div>\n<div class=\"chartColumnCell\">\n<a href=\"\/gallery\/images_large\/slide0033.jpg\" class=\"highslide\" onclick=\"return hs.expand(this)\"><br \/>\n\t<img decoding=\"async\" src=\"\/gallery\/images\/slide0033.jpg\" alt=\"Image 12\" border=\"0\" title=\"Click to enlarge\"><\/a><\/p>\n<div class=\"highslide-caption\">\n<strong>LSIL<\/strong><br \/>\nUm die Diagnose einer LSIL, mit HPV-assoziierten zytopathischen Ver\u00e4nderungen zu stellen, m\u00fcssen die Plattenepithelien zu den oben erw\u00e4hnten Kriterien, klare, gut definierte zytoplasmatische Halos und einen dichten peripheren Zytoplasmasaum aufweisen.<br \/>\n60X\n<\/div>\n<\/div>\n<div class=\"chartColumnShortCell\">\n        <strong>LSIL<\/strong><br \/>\nUm die Diagnose einer LSIL, mit HPV-assoziierten zytopathischen Ver\u00e4nderungen zu stellen, m\u00fcssen die Plattenepithelien zu den oben erw\u00e4hnten Kriterien, klare, gut definierte zytoplasmatische Halos und einen dichten peripheren Zytoplasmasaum aufweisen.<br \/>\n60X\n<\/div>\n<div class=\"newRow\"><\/div>\n<div class=\"chartColumnCell\">\n<a href=\"\/gallery\/images_large\/slide0034.jpg\" class=\"highslide\" onclick=\"return hs.expand(this)\"><br \/>\n\t<img decoding=\"async\" src=\"\/gallery\/images\/slide0034.jpg\" alt=\"Image 13\" border=\"0\" title=\"Click to enlarge\"><\/a><\/p>\n<div class=\"highslide-caption\">\n<strong>Glycogen<\/strong><br \/>\nGro\u00dfe perinukle\u00e4re Halos oder Vakuolen ohne diese zus\u00e4tzlichen Kriterien fallen nicht in diese Kategorie.<br \/>\n40X\n<\/div>\n<\/div>\n<div class=\"chartColumnShortCell\">\n        <strong>Glycogen<\/strong><br \/>\nGro\u00dfe perinukle\u00e4re Halos oder Vakuolen ohne diese zus\u00e4tzlichen Kriterien fallen nicht in diese Kategorie.<br \/>\n 40X\n<\/div>\n<\/div>\n<div class=\"newRow\"><\/div>\n<p><a name=\"assess\"><\/a><br \/>\nDa die Zellen reife Plattenepithelien sind, behalten sie ihre polygonale Form, und in den meisten F\u00e4llen auch ihre normale Gr\u00f6\u00dfe. Die Kerne sind mindestens 3-4 mal so gro\u00df wie die Kerne normaler Intermedi\u00e4rzellen. Wenn jedoch HPV-assoziierte Ver\u00e4nderungen vorhanden sind, k\u00f6nnen die Zellen kleiner (fast parakeratotisch) sein, die Kerne k\u00f6nnen auch kleiner und etwas pyknotisch erscheinen sowie eine Doppel- und\/oder Mehrkernigkeit aufweisen. Diese pyknotischen Kerne besitzen auch dysplastische Merkmale wie Hyperchromasie, eine Gr\u00f6\u00dfenzunahme gegen\u00fcber normalen Superfizialzellen und eine leichte Variation in Form und Gr\u00f6\u00dfe. Es ist wichtig zu betonen, dass eine Bewertung als LSIL mit HPV-Zeichen sowohl eindeutige zytoplasmatische Halos als auch die oben beschriebene atypische Kernmorphologie vorraussetzt. <\/p>\n<p>Einige SIL-F\u00e4lle zeigen eine Kombination von LSIL- und HSIL-Zellen. Hier sollte die h\u00f6chstgradige Auff\u00e4lligkeit die Bewertung des ThinPrep<sup>\u00ae<\/sup> PapTests bestimmen. Gelegentlich ist es schwierig LSIL von HSIL zu unterscheiden. Merkmale, die f\u00fcr HSIL sprechen sind eine erh\u00f6hte Kernplasmarelation, ein unreifes Zytoplasma und ausgepr\u00e4gtere Kernatypien. In seltenen F\u00e4llen kann eine SIL entweder wegen der geringen Zahl abnormer Zellen oder wegen echter Grenzf\u00e4lle nicht eingestuft werden. Solche F\u00e4lle haben eine h\u00f6here Wahrscheinlichkeit der Progression und eine Bewertung als \u201eSIL, Grad kann nicht bestimmt werden\u201c oder eine \u00e4hnliche Terminologie ist am vern\u00fcnftigsten. Bioptische Follow-up Studien von ThinPrep<sup>\u00ae<\/sup>-LSIL-Pr\u00e4paraten ergeben am h\u00e4ufigsten histologisch auch geringgradige Ver\u00e4nderungen, doch liegen in 15-20% der zytologischen SIL histologische Befunde schweren Grades vor. <\/p>\n<div class=\"highslide-gallery\">\n<strong>Erinnerung: Sie k\u00f6nnen auf jedes Bild klicken, um dieses vergr\u00f6\u00dfert zu betrachten.<\/strong><\/p>\n<div class=\"chartColumnCell\">\n<a href=\"\/gallery\/images_large\/slide0035.jpg\" class=\"highslide\" onclick=\"return hs.expand(this)\"><br \/>\n\t<img decoding=\"async\" src=\"\/gallery\/images\/slide0035.jpg\" alt=\"Image 14\" border=\"0\" title=\"Click to enlarge\"><\/a><\/p>\n<div class=\"highslide-caption\">\n<strong>LSIL<\/strong><br \/>\nTrotz einer Begleitinfektion (hier Candida) , kann LSIL im ThinPrep<sup>\u00ae<\/sup> PapTest leicht nachgewiesen werden.<br \/>\n60X\n<\/div>\n<\/div>\n<div class=\"chartColumnShortCell\">\n        <strong>LSIL<\/strong><br \/>\nTrotz einer Begleitinfektion (hier Candida) , kann LSIL im ThinPrep<sup>\u00ae<\/sup> PapTest leicht nachgewiesen werden.<br \/>\n60X\n<\/div>\n<\/div>\n<div class=\"newRow\"><\/div>\n<p class=\"subhead\">LOOK-ALIKE ENTITES (Differentialdiagnosen): <\/p>\n<p>Die LSIL hat wenige wichtige Differentialdiagnosen, obwohl sie, aufgrund der sofortigen Fixierung mit dem ThinPrep<sup>\u00ae<\/sup> PapTest, und der daraus resultierenden besseren Darstellung von Zellen und ihren Merkmalen, leichter zu differenzieren ist. \u00dcber die differentialdiagnostischen Kriterien, und die zugeh\u00f6rigen Bilder zur Unterscheidung von LSIL und ASC-US, informieren Sie sich bitte im ASC-US-Kapitel. <\/p>\n<table class=\"chart\">\n<tbody>\n<tr class=\"chart\">\n<td width=\"152\"><\/td>\n<td width=\"136\" class=\"heading\">Reaktiv<br \/>(Mikroorganismen<br \/>\noder Entz\u00fcndung)\t<\/td>\n<td width=\"88\" class=\"heading\">Regeneration <br \/>(Typisch)<\/td>\n<td width=\"88\" class=\"heading\">LSIL<br \/>(HPV)<\/td>\n<\/tr>\n<tr>\n<td class=\"chart\">Zellul\u00e4re Pr\u00e4sentation\t<\/td>\n<td class=\"chart\">Einzeln oder in Sheets\t<\/td>\n<td class=\"chart\">Flache sheets und Gruppen\t<\/td>\n<td class=\"chart\">Einzeln oder in Sheets\t<\/td>\n<\/tr>\n<tr class=\"chart\">\n<td class=\"chart\">Zelltyp <\/td>\n<td class=\"chart\">Alle Zelltypen betroffen\t<\/td>\n<td class=\"chart\">Endozervikal-\/ Metaplasiezellen\t<\/td>\n<td class=\"chart\">Reife Plattenepithelien\t<\/td>\n<\/tr>\n<tr>\n<td class=\"chart\">Kerne \t<\/td>\n<td class=\"chart\"> Bis zu 1,5x vergr\u00f6\u00dfert\t<\/p>\n<hr>\n<p>Doppel-\/ Mehrkernigkeit kann vorhanden sein\t<\/p>\n<hr>\n<p>Kernmembranen glatt\t<\/td>\n<td class=\"chart\">Variable Vergr\u00f6\u00dferung &#8211; leicht bis erheblich\t<\/p>\n<hr>\n<p>Doppel-\/ Mehrkernigkeit kann vorhanden sein\t<\/p>\n<hr>\n<p>Kernmembranen glatt\t<\/td>\n<td class=\"chart\">3-4x vergr\u00f6\u00dfert\t<\/p>\n<hr>\n<p>Doppel-\/ Mehrkernigkeit kann zusammen mit HPV vorhanden sein\t<\/p>\n<hr>\n<p>Kernmembranen glatt bis leicht unregelm\u00e4\u00dfig\t<\/td>\n<\/tr>\n<tr class=\"chart\">\n<td class=\"chart\"> Chromatin<\/td>\n<td class=\"chart\">Feink\u00f6rnig, gleichm\u00e4\u00dfig verteilt\t<\/p>\n<hr>\n<p>Hyperchromasie nicht vorhanden\t<\/td>\n<td class=\"chart\">Feink\u00f6rnig, gleichm\u00e4\u00dfig verteilt\t<\/p>\n<hr>\n<p>Hyperchromasie nicht vorhanden\t<\/td>\n<td class=\"chart\">Fein- bis grobk\u00f6rnig, gleichm\u00e4\u00dfig verteilt\t<\/p>\n<hr>\n<p> Leicht hyperchromatisch\t<\/td>\n<\/tr>\n<tr>\n<td class=\"chart\">Nukleoli <\/td>\n<td class=\"chart\">Klein und h\u00e4ufig multipel, uniform\t<\/td>\n<td class=\"chart\">Klein bis prominent und h\u00e4ufig multipel\t<\/td>\n<td class=\"chart\">Unauff\u00e4llig oder fehlend\t<\/td>\n<\/tr>\n<tr class=\"chart\">\n<td class=\"chart\">Zytoplasmatische Pr\u00e4sentation\t<\/td>\n<td class=\"chart\">Perinukle\u00e4re Halos h\u00e4ufig vorhanden, kleine, multiple Vakuolen k\u00f6nnen aufgrund von Degeneration vorhanden sein\t<\/td>\n<td class=\"chart\">Vakuolisiertes Zytoplasma in lockeren, gewebekultur- \u00e4hnlichen Verb\u00e4nden\t<\/td>\n<td class=\"chart\">Dichte, polygonale Form mit oder ohne klare HPV- Vakuolisierung und einem peripheren dichten Zytoplasmasaum\t<\/td>\n<\/tr>\n<\/tbody>\n<\/table>\n<div class=\"highslide-gallery\">\n<strong>Erinnerung: Sie k\u00f6nnen auf jedes Bild klicken, um dieses vergr\u00f6\u00dfert zu betrachten.<\/strong><\/p>\n<div class=\"chartColumnCell\">\n <a href=\"\/gallery\/images_large\/slide0036.jpg\" class=\"highslide\" onclick=\"return hs.expand(this)\"><br \/>\n\t<img decoding=\"async\" src=\"\/gallery\/images\/slide0036.jpg\" alt=\"Image 15\" border=\"0\" title=\"Click to enlarge\"><\/a><\/p>\n<div class=\"highslide-caption\">\n<strong>Look-Alike<\/strong><br \/>\nReaktiv 60X\n<\/div>\n<\/div>\n<div class=\"chartColumnShortCell\">\n        <strong>Look-Alike<\/strong><br \/>\nReaktiv 60X<\/div>\n<div class=\"newRow\"><\/div>\n<div class=\"chartColumnCell\">\n<a href=\"\/gallery\/images_large\/slide0037.jpg\" class=\"highslide\" onclick=\"return hs.expand(this)\"><br \/>\n\t<img decoding=\"async\" src=\"\/gallery\/images\/slide0037.jpg\" alt=\"Image 16\" border=\"0\" title=\"Click to enlarge\"><\/a><\/p>\n<div class=\"highslide-caption\">\n\t<strong>Look-Alike<\/strong><br \/>\nRegeneration 60x\n<\/div>\n<\/div>\n<div class=\"chartColumnShortCell\">\n        \t<strong>Look-Alike<\/strong><br \/>\nRegeneration 60x\n<\/div>\n<div class=\"newRow\"><\/div>\n<div class=\"chartColumnCell\">\n<a href=\"\/gallery\/images_large\/slide0038.jpg\" class=\"highslide\" onclick=\"return hs.expand(this)\"><br \/>\n\t<img decoding=\"async\" src=\"\/gallery\/images\/slide0038.jpg\" alt=\"Image 17\" border=\"0\" title=\"Click to enlarge\"><\/a><\/p>\n<div class=\"highslide-caption\">\n\t<strong>Look-Alike<\/strong><br \/>\nLSIL\/HPV 60X\n<\/div>\n<\/div>\n<div class=\"chartColumnShortCell\">\n        \t<strong>Look-Alike<\/strong><br \/>\nLSIL\/HPV 60X\n<\/div>\n<\/div>\n<div class=\"newRow\"><\/div>\n<p><a name=\"readings\"><\/a><strong>LITERATUR:<\/strong><\/p>\n<ol class=\"normal\">\n<li>Austin RM: Follow-up of Abnormal Gynecologic Cytology. A College of American Patholgists Q-Probes Study of 16,312 Cases from 306 Laboratories. Arch Pathol Lab Med 2000;124(8):1113-4\n <\/li>\n<li>Carpenter AB, Davey D: ThinPrep Pap Test: performance and biopsy follow-up in a university hospital. Cancer 1999;41:39-44.\n <\/li>\n<li>DeMay RM: The Art and Science of Cytopathology. Chicago: ASCP Press; 1996\n  <\/li>\n<li>Diaz-Rosario LA et al: Performance of a fluid-based, thin-layer Papanicolaou smear method in the clinical setting of an independent laboratory and an outpatient screening population in New England. Arch Pathol Lab Med 1999; Sep 123(9):817-21.\n<\/li>\n<li>Grace, A, et al: Comparative study: Conventional cervical and ThinPrep Pap Tests in a routine clinical setting. Cytopathol 2002;13:200-05.\n <\/li>\n<li>Guidos BJ, Selvaggi SM: Use of the ThinPrep Pap Test inclinical practice. Diagn Cytopathol 1999;20:70-73.\n<\/li>\n<li>Lee KR et al: Comparison of conventional Papanicolaou smears and a fluid-based, thin-layer system for cervical cancer screening. Obstet Gynecol 1997;90:278-284.\n<\/li>\n<li>Luthra, UH, et al: Performance of monolayered cervical smears in a gynecology outpatient setting in Kuwait. Acta Cytol 2001; 46(2):303-10.\n<\/li>\n<li>Weintraub J, Morabia A: Efficacy of a liquid-based thin layer method for cervical cancer screening in a population with a low incidence of cervical cancer. Diagn Cytopathol 2000 Jan;22(1):52-9.\n <\/li>\n<\/ol>\n<p><a href=\"#top\">Zur\u00fcck nach oben<\/a><\/p>\n<p>[\/vc_column_text][vc_column_text css=&#8221;.vc_custom_1500390293825{margin-top: 30px !important;}&#8221; el_class=&#8221;back-to-top&#8221;]<strong><a href=\"#main\">Back to Top<\/a><\/strong>[\/vc_column_text][\/vc_column][vc_column width=&#8221;1\/3&#8243; offset=&#8221;vc_hidden-sm vc_hidden-xs&#8221;][vc_widget_sidebar sidebar_id=&#8221;consulting-right-sidebar&#8221;][\/vc_column][\/vc_row]<\/p>\n","protected":false},"excerpt":{"rendered":"<p>[vc_row 0=&#8221;&#8221;][vc_column 0=&#8221;&#8221; offset=&#8221;vc_hidden-lg vc_hidden-md&#8221;][vc_raw_html 0=&#8221;&#8221;]PGNlbnRlcj48YSBjbGFzcz0ic2hpZnRuYXYtdG9nZ2xlIHNoaWZ0bmF2LXRvZ2dsZS1idXR0b24iIGRhdGEtc2hpZnRuYXYtdGFyZ2V0PSJzaGlmdG5hdi1tYWluIj48aSBjbGFzcz0iZmEgZmEtYmFycyI+PC9pPiBUYWJsZSBvZiBDb250ZW50cyA8L2E+PC9jZW50ZXI+[\/vc_raw_html][\/vc_column][\/vc_row][vc_row][vc_column][vc_custom_heading text=&#8221;NIEDRIGGRADIGE PLATTENEPITHELIALE INTRAEPITHELIALE L\u00c4SIONEN (LSIL)&#8221; font_container=&#8221;tag:h1|text_align:center&#8221; use_theme_fonts=&#8221;yes&#8221;][\/vc_column][\/vc_row][vc_row el_id=&#8221;acknowledgements&#8221;][vc_column width=&#8221;2\/3&#8243;][vc_column_text] NIEDRIGGRADIGE PLATTENEPITHELIALE INTRAEPITHELIALE L\u00c4SIONEN (LSIL)Diane D. Davey, MD Eine Dysplasie des Plattenepithels ist durch mindestens einige, plattenepithelialen Merkmale im Zytoplasma der atypischen Zellen charakterisiert (De May 1996). Der Grad der Dysplasie spiegelt den Reifegrad der beteiligten Zellen. So \u00e4hneln Zellen<\/p>\n","protected":false},"author":7,"featured_media":0,"parent":1889,"menu_order":0,"comment_status":"closed","ping_status":"closed","template":"","meta":{"ngg_post_thumbnail":0,"footnotes":""},"class_list":["post-1923","page","type-page","status-publish","hentry"],"_links":{"self":[{"href":"https:\/\/dev.cytologystuff.com\/de\/wp-json\/wp\/v2\/pages\/1923","targetHints":{"allow":["GET"]}}],"collection":[{"href":"https:\/\/dev.cytologystuff.com\/de\/wp-json\/wp\/v2\/pages"}],"about":[{"href":"https:\/\/dev.cytologystuff.com\/de\/wp-json\/wp\/v2\/types\/page"}],"author":[{"embeddable":true,"href":"https:\/\/dev.cytologystuff.com\/de\/wp-json\/wp\/v2\/users\/7"}],"replies":[{"embeddable":true,"href":"https:\/\/dev.cytologystuff.com\/de\/wp-json\/wp\/v2\/comments?post=1923"}],"version-history":[{"count":0,"href":"https:\/\/dev.cytologystuff.com\/de\/wp-json\/wp\/v2\/pages\/1923\/revisions"}],"up":[{"embeddable":true,"href":"https:\/\/dev.cytologystuff.com\/de\/wp-json\/wp\/v2\/pages\/1889"}],"wp:attachment":[{"href":"https:\/\/dev.cytologystuff.com\/de\/wp-json\/wp\/v2\/media?parent=1923"}],"curies":[{"name":"wp","href":"https:\/\/api.w.org\/{rel}","templated":true}]}}