{"id":11226,"date":"2017-11-18T13:08:20","date_gmt":"2017-11-18T13:08:20","guid":{"rendered":"https:\/\/cytologystuff1.wpengine.com\/glandular-table-of-contents\/"},"modified":"2018-01-16T06:03:07","modified_gmt":"2018-01-16T06:03:07","slug":"glandular-table-of-contents","status":"publish","type":"page","link":"https:\/\/dev.cytologystuff.com\/de\/glandular-table-of-contents\/","title":{"rendered":"Glandular Table of Contents"},"content":{"rendered":"<p>[vc_row][vc_column][vc_custom_heading text=&#8221;Glandular Table of Contents&#8221; font_container=&#8221;tag:h2|text_align:center&#8221; use_theme_fonts=&#8221;yes&#8221;][\/vc_column][\/vc_row][vc_row][vc_column width=&#8221;2\/3&#8243;][vc_column_text]<\/p>\n<div id=\"mainContent\">\n<h1 class=\"headline\">Inhaltsverzeichnis f\u00fcr Glandul\u00e4res Material<\/h1>\n<p><img loading=\"lazy\" decoding=\"async\" src=\"\/images\/page4.jpg\" width=\"400\" height=\"320\" align=\"middle\" \/><\/p>\n<p class=\"em\">Hinweis: Durch Klicken auf ein Bild gelangen Sie an den Anfang des Abschnitts. Ein Link f\u00fchrt Sie zum gew\u00fcnschten Unterabschnitt&#8230;<\/p>\n<div class=\"newRow\"><\/div>\n<div class=\"chartColumnHeader\"><span class=\"subhead\"><strong>Glandul\u00e4re Dinge<\/strong> <\/span><\/div>\n<div class=\"newRow\"><\/div>\n<div class=\"chartColumnShort\"><a href=\"https:\/\/dev.cytologystuff.com\/suggested-readings\/#readings\"><img loading=\"lazy\" decoding=\"async\" class=\"atlas alignnone\" src=\"\/images\/gl1.jpg\" alt=\"\" width=\"120\" height=\"80\" \/><\/a><\/div>\n<div class=\"chartColumn\">\n<p>Verschiedene, von Experten begutachtete Publikationen berichten \u00fcber den verbesserten Nachweis glandul\u00e4rer Erkrankungen mithilfe des ThinPrep\u00ae-Systems im Vergleich zum herk\u00f6mmlichen Papanicolaou-Abstrich. Die Ergebnisse dieser Berichte stimmen mit neueren Biopsiebefunden glandul\u00e4rer Erkrankungen im Vergleich zur herk\u00f6mmlichen Zytologie \u00fcberein.<\/p>\n<p><a href=\"https:\/\/dev.cytologystuff.com\/suggested-readings\/#readings\">Referenzliteratur<\/a><\/p>\n<\/div>\n<div class=\"newRow\"><\/div>\n<div class=\"chartColumnHeader\"><span class=\"subhead\"><strong>Atypische Endozervixzellen (nicht n\u00e4her spezifiziert)<\/strong><\/span><\/div>\n<div class=\"newRow\"><\/div>\n<div class=\"chartColumnShort\"><a href=\"https:\/\/dev.cytologystuff.com\/zh-hans\/atypical-endocervical-cells-nos\/\"><img loading=\"lazy\" decoding=\"async\" class=\"atlas alignnone\" src=\"\/images\/gl2.jpg\" alt=\"\" width=\"120\" height=\"80\" \/><\/a><\/div>\n<div class=\"chartColumn\">\n<ul class=\"normal\">\n<li><a href=\"https:\/\/dev.cytologystuff.com\/zh-hans\/atypical-endocervical-cells-nos\/\"><br \/>\nKriterien<\/a><\/li>\n<li><a href=\"https:\/\/dev.cytologystuff.com\/zh-hans\/atypical-endocervical-cells-nos\/#look\">Look-Alikes<\/a><\/li>\n<\/ul>\n<\/div>\n<div class=\"newRow\"><\/div>\n<div class=\"chartColumnHeader\"><span class=\"subhead\"><strong>Endozervikales Adenocarcinoma in situ (AIS)<\/strong><\/span><\/div>\n<div class=\"newRow\"><\/div>\n<div class=\"chartColumnShort\"><a href=\"https:\/\/dev.cytologystuff.com\/zh-hans\/endocervical-adenocarcinoma-in-situ\/\"><img loading=\"lazy\" decoding=\"async\" class=\"atlas alignnone\" src=\"\/images\/gl3.jpg\" alt=\"\" width=\"120\" height=\"80\" \/><\/a><\/div>\n<div class=\"chartColumn\">\n<ul class=\"normal\">\n<li><a href=\"https:\/\/dev.cytologystuff.com\/zh-hans\/endocervical-adenocarcinoma-in-situ\/\"><br \/>\nKriterien<\/a><\/li>\n<li><a href=\"https:\/\/dev.cytologystuff.com\/zh-hans\/endocervical-adenocarcinoma-in-situ\/#look\">Look-Alikes<\/a><\/li>\n<\/ul>\n<\/div>\n<div class=\"newRow\"><\/div>\n<div class=\"chartColumnHeader\"><span class=\"subhead\"><strong>Endozervikales Adenokarzinom<\/strong> <\/span><\/div>\n<div class=\"newRow\"><\/div>\n<div class=\"chartColumnShort\"><a href=\"https:\/\/dev.cytologystuff.com\/zh-hans\/endocervical-adenocarcinoma\/\"><img loading=\"lazy\" decoding=\"async\" class=\"atlas alignnone\" src=\"\/images\/gl4.jpg\" alt=\"\" width=\"120\" height=\"80\" \/><\/a><\/div>\n<div class=\"chartColumn\">\n<ul class=\"normal\">\n<li style=\"list-style-type: none;\">\n<ul class=\"normal\">\n<li><a href=\"https:\/\/dev.cytologystuff.com\/zh-hans\/endocervical-adenocarcinoma\/\"><br \/>\nKriterien<\/a><\/li>\n<li><a href=\"https:\/\/dev.cytologystuff.com\/zh-hans\/endocervical-adenocarcinoma\/#look\">Look-Alikes<\/a><\/li>\n<\/ul>\n<\/li>\n<\/ul>\n<\/div>\n<div class=\"newRow\"><\/div>\n<div class=\"chartColumnHeader\"><span class=\"subhead\"><strong>GYN &#8211; Fallarchiv glandul\u00e4rer Erkrankungen<\/strong> <\/span><\/div>\n<div class=\"newRow\"><\/div>\n<div class=\"chartColumnShort\"><a href=\"section751.html\"><img loading=\"lazy\" decoding=\"async\" class=\"atlas alignnone\" src=\"\/images\/gl5.jpg\" alt=\"\" width=\"120\" height=\"80\" \/><\/a><\/div>\n<div class=\"chartColumn\">\n<ul class=\"normal\">\n<li><a href=\"section751.html\"><br \/>\nUnbekannter Fall Nr. 4<\/a><\/li>\n<li><a href=\"\/pdfs\/85963001a.pdf\" target=\"_blank\" rel=\"noopener\">Fallvorstellung \u2013 Juli 2002<\/a><\/li>\n<\/ul>\n<\/div>\n<div class=\"newRow\"><\/div>\n<div class=\"chartColumnHeader\"><span class=\"subhead\"><strong>Virtueller Workshop der Morphologie<\/strong> <\/span><\/div>\n<div class=\"newRow\"><\/div>\n<div class=\"chartColumnShort\"><a href=\"http:\/\/icvdm.vo.llnwd.net\/o10\/hologic\/html5\/german\/detecting_cervical_glandular_abnormalities\/index.htm\" target=\"_blank\" rel=\"noopener\"><img loading=\"lazy\" decoding=\"async\" class=\"atlas\" src=\"\/images\/gl6.jpg\" width=\"120\" height=\"80\" \/><\/a><\/div>\n<div class=\"chartColumn\">\n<ul class=\"normal\">\n<li><a href=\"http:\/\/icvdm.vo.llnwd.net\/o10\/hologic\/html5\/german\/detecting_cervical_glandular_abnormalities\/index.htm\" target=\"_blank\" rel=\"noopener\"><br \/>\nVirtueller Workshop der Morphologie<\/a><\/li>\n<\/ul>\n<\/div>\n<div class=\"newRow\"><\/div>\n<p><a class=\"back\" href=\"#\">Zur\u00fcck nach oben<\/a><\/p>\n<\/div>\n<p>[\/vc_column_text][vc_column_text el_class=&#8221;back-to-top&#8221;]<strong><a href=\"#main\">Back to Top<\/a><\/strong>[\/vc_column_text][\/vc_column][vc_column width=&#8221;1\/3&#8243;][vc_widget_sidebar sidebar_id=&#8221;consulting-right-sidebar2&#8243;][\/vc_column][\/vc_row]<\/p>\n","protected":false},"excerpt":{"rendered":"<p>[vc_row][vc_column][vc_custom_heading text=&#8221;Glandular Table of Contents&#8221; font_container=&#8221;tag:h2|text_align:center&#8221; use_theme_fonts=&#8221;yes&#8221;][\/vc_column][\/vc_row][vc_row][vc_column width=&#8221;2\/3&#8243;][vc_column_text] Inhaltsverzeichnis f\u00fcr Glandul\u00e4res Material Hinweis: Durch Klicken auf ein Bild gelangen Sie an den Anfang des Abschnitts. Ein Link f\u00fchrt Sie zum gew\u00fcnschten Unterabschnitt&#8230; Glandul\u00e4re Dinge Verschiedene, von Experten begutachtete Publikationen berichten \u00fcber den verbesserten Nachweis glandul\u00e4rer Erkrankungen mithilfe des ThinPrep\u00ae-Systems im Vergleich zum herk\u00f6mmlichen Papanicolaou-Abstrich. Die<\/p>\n","protected":false},"author":2,"featured_media":0,"parent":0,"menu_order":0,"comment_status":"closed","ping_status":"closed","template":"","meta":{"ngg_post_thumbnail":0,"footnotes":""},"class_list":["post-11226","page","type-page","status-publish","hentry"],"_links":{"self":[{"href":"https:\/\/dev.cytologystuff.com\/de\/wp-json\/wp\/v2\/pages\/11226","targetHints":{"allow":["GET"]}}],"collection":[{"href":"https:\/\/dev.cytologystuff.com\/de\/wp-json\/wp\/v2\/pages"}],"about":[{"href":"https:\/\/dev.cytologystuff.com\/de\/wp-json\/wp\/v2\/types\/page"}],"author":[{"embeddable":true,"href":"https:\/\/dev.cytologystuff.com\/de\/wp-json\/wp\/v2\/users\/2"}],"replies":[{"embeddable":true,"href":"https:\/\/dev.cytologystuff.com\/de\/wp-json\/wp\/v2\/comments?post=11226"}],"version-history":[{"count":0,"href":"https:\/\/dev.cytologystuff.com\/de\/wp-json\/wp\/v2\/pages\/11226\/revisions"}],"wp:attachment":[{"href":"https:\/\/dev.cytologystuff.com\/de\/wp-json\/wp\/v2\/media?parent=11226"}],"curies":[{"name":"wp","href":"https:\/\/api.w.org\/{rel}","templated":true}]}}