{"id":11215,"date":"2017-08-16T14:02:59","date_gmt":"2017-08-16T14:02:59","guid":{"rendered":"https:\/\/cytologystuff1.wpengine.com\/endocervical-adenocarcinoma-in-situ\/"},"modified":"2018-01-16T05:48:48","modified_gmt":"2018-01-16T05:48:48","slug":"endocervical-adenocarcinoma-in-situ","status":"publish","type":"page","link":"https:\/\/dev.cytologystuff.com\/de\/endocervical-adenocarcinoma-in-situ\/","title":{"rendered":"Endocervical  Adenocarcinoma In Situ"},"content":{"rendered":"<p>[vc_row][vc_column][vc_custom_heading text=&#8221;Glandul\u00e4re Dinge &#8211; Endozervikales Adenocarcinoma in situ (AIS)&#8221; font_container=&#8221;tag:h2|text_align:center&#8221; use_theme_fonts=&#8221;yes&#8221;][\/vc_column][\/vc_row][vc_row][vc_column width=&#8221;2\/3&#8243;][vc_column_text]<\/p>\n<div>\n<p class=\"subhead\">Endozervikales Adenocarcinoma in situ (AIS)<\/p>\n<div class=\"chartColumn\"><strong>Erinnerung: Sie k\u00f6nnen auf jedes Bild klicken, um dieses vergr\u00f6\u00dfert zu betrachten.<\/strong><\/p>\n<p class=\"header3\">Kriterien<\/p>\n<p><strong>Gewebedarstellung<br \/>\n<\/strong><\/p>\n<ul class=\"normal\">\n<li>Zellstreifen<\/li>\n<li>Rosettenbildung<\/li>\n<li>Ausfransung<\/li>\n<li>Zelldr\u00e4ngeln<\/li>\n<li>Schichtung<\/li>\n<\/ul>\n<div class=\"chartColumnCell\"><a class=\"highslide\" href=\"\/gallery\/images_large\/slide0091.jpg\"><br \/>\n<img decoding=\"async\" title=\"Click to enlarge\" src=\"\/gallery\/images\/slide0091.jpg\" alt=\"Image 2\" border=\"0\" \/><\/a><\/p>\n<div class=\"highslide-caption\"><strong>Endozervikales Adenocarcinoma in situ (AIS)<\/strong><br \/>\nStreifen von Endozervixzellen, die eine Pseudoschichtung und fein vakuolisiertes Zytoplasma mit undeutlichen Grenzen aufweisen. Die Struktur ist zerrissen, obwohl die Zellen noch versuchen, die glandul\u00e4re Struktur aufrecht zu erhalten. Zu sehen sind eine erh\u00f6hte Kern-Plasma-Relation und Kernk\u00f6rperchen in unterschiedlichen Mengen. Biopsie &#8211; AIS &#8211; 60x- AIS &#8211; 60x<\/div>\n<\/div>\n<div class=\"newRow\"><\/div>\n<div class=\"chartColumnCell\"><a class=\"highslide\" href=\"\/gallery\/images_large\/slide0090.jpg\"><br \/>\n<img decoding=\"async\" title=\"Click to enlarge\" src=\"\/gallery\/images\/slide0090.jpg\" alt=\"Image 3\" border=\"0\" \/><\/a><\/p>\n<div class=\"highslide-caption\"><strong>Endozervikales Adenocarcinoma in situ (AIS)<\/strong><br \/>\nAufgrund von Kernverdichtung (Crowding) &#8220;gefiederartig&#8221; aussehende Endozervixzellen mit Kernstreckung in Form einer Pseudorosette. Biopsie &#8211; AIS &#8211; 60x<\/div>\n<\/div>\n<div class=\"newRow\"><\/div>\n<div class=\"chartColumnCell\"><a class=\"highslide\" href=\"\/gallery\/images_large\/slide0088.jpg\"><br \/>\n<img decoding=\"async\" title=\"Click to enlarge\" src=\"\/gallery\/images\/slide0088.jpg\" alt=\"Image 3\" border=\"0\" \/><\/a><\/p>\n<div class=\"highslide-caption\"><strong>Endozervikales Adenocarcinoma in situ (AIS)<\/strong><br \/>\nGedr\u00e4ngte, hyperchromatische Gruppen von Zellen verschiedener Gr\u00f6\u00dfe, die in der \u00dcbersichtsvergr\u00f6\u00dferung auffallen, machen eine genauere Beurteilung n\u00f6tig. 20x<\/div>\n<\/div>\n<div class=\"newRow\"><\/div>\n<div class=\"chartColumnCell\"><a class=\"highslide\" href=\"\/gallery\/images_large\/slide0089.jpg\"><br \/>\n<img decoding=\"async\" title=\"Click to enlarge\" src=\"\/gallery\/images\/slide0089.jpg\" alt=\"Image 2\" border=\"0\" \/><\/a><\/p>\n<div class=\"highslide-caption\"><strong>Endozervikales Adenocarcinoma in situ (AIS)<\/strong><br \/>\nEndozervixzellen, die als Streifen mit ausgepr\u00e4gter Kernverdichtung (Crowding) auftreten. &#8211; Biopsie &#8211; AIS &#8211; 60x<\/div>\n<\/div>\n<div class=\"newRow\"><\/div>\n<div class=\"chartColumnCell\"><a class=\"highslide\" href=\"\/gallery\/images_large\/slide0100.jpg\"><br \/>\n<img decoding=\"async\" title=\"Click to enlarge\" src=\"\/gallery\/images\/slide0100.jpg\" alt=\"Image 3\" border=\"0\" \/><\/a><\/p>\n<div class=\"highslide-caption\"><strong>Endozervikales Adenocarcinoma in situ (AIS)<\/strong><br \/>\nAIS &#8211; Diese verdichtete, geschichtete Gruppe glandul\u00e4rer Zellen stammt von einem AIS-Fall. Zu erkennen ist die Anh\u00e4ufung von Kernen der basalen Zellen aus der unteren Epithelschicht. 60x<\/div>\n<\/div>\n<div class=\"newRow\"><\/div>\n<p><strong>Zytoplasma<br \/>\n<\/strong><\/p>\n<ul class=\"normal\">\n<li>Sp\u00e4rlich<\/li>\n<li>Fein vakuolisiert<\/li>\n<li>Unscharfe Zellmembranen<\/li>\n<\/ul>\n<div class=\"chartColumnCell\"><a class=\"highslide\" href=\"\/gallery\/images_large\/slide0074.jpg\"><br \/>\n<img decoding=\"async\" title=\"Click to enlarge\" src=\"\/gallery\/images\/slide0074.jpg\" alt=\"Image 2\" border=\"0\" \/><\/a><\/p>\n<div class=\"highslide-caption\"><strong>Endozervikales Adenocarcinoma in situ (AIS)<\/strong><br \/>\nAdenokarzinom in situ &#8211; 60x<\/div>\n<\/div>\n<div class=\"newRow\"><\/div>\n<div class=\"chartColumnCell\"><a class=\"highslide\" href=\"\/gallery\/images_large\/slide0091.jpg\"><br \/>\n<img decoding=\"async\" title=\"Click to enlarge\" src=\"\/gallery\/images\/slide0091.jpg\" alt=\"Image 3\" border=\"0\" \/><\/a><\/p>\n<div class=\"highslide-caption\"><strong>Endozervikales Adenocarcinoma in situ (AIS)<\/strong><br \/>\nStreifen von Endozervixzellen, die eine Pseudoschichtung und fein vakuolisiertes Zytoplasma mit undeutlichen Grenzen aufweisen. Die Struktur ist zerrissen, obwohl die Zellen noch versuchen, die glandul\u00e4re Struktur aufrecht zu erhalten. Zu sehen sind eine erh\u00f6hte Kern-Plasma-Relation und Kernk\u00f6rperchen in unterschiedlichen Mengen. Biopsie &#8211; AIS &#8211; 60x<\/p>\n<\/div>\n<\/div>\n<div class=\"newRow\"><\/div>\n<p><strong>Kern-Plasma-Relation<br \/>\n<\/strong><\/p>\n<ul class=\"normal\">\n<li>Zellkern nimmt 2\/3 des Zytoplasmas in Anspruch<\/li>\n<\/ul>\n<div class=\"chartColumnCell\"><a class=\"highslide\" href=\"\/gallery\/images_large\/slide0092.jpg\"><br \/>\n<img decoding=\"async\" title=\"Click to enlarge\" src=\"\/gallery\/images\/slide0092.jpg\" alt=\"Image 3\" border=\"0\" \/><\/a><\/p>\n<div class=\"highslide-caption\"><strong>Endozervikales Adenocarcinoma in situ (AIS)<\/strong><br \/>\nIn den Zellkernen, die mindestens 2\/3 des Zytoplasmas einnehmen, ist eine hohe Kern-Plasma-Relation erkennbar. Das Chromatin ist grobk\u00f6rnig, aber gleichm\u00e4\u00dfig verteilt; Mikronukleoli sind erkennbar. Biopsie &#8211; AIS &#8211; 60x<\/div>\n<\/div>\n<div class=\"newRow\"><\/div>\n<p><strong>Zellkern <\/strong><\/p>\n<ul class=\"normal\">\n<li>Oval bis l\u00e4nglich<\/li>\n<\/ul>\n<div class=\"chartColumnCell\"><a class=\"highslide\" href=\"\/gallery\/images_large\/slide0090.jpg\"><br \/>\n<img decoding=\"async\" title=\"Click to enlarge\" src=\"\/gallery\/images\/slide0090.jpg\" alt=\"Image 3\" border=\"0\" \/><\/a><\/p>\n<div class=\"highslide-caption\"><strong>Endozervikales Adenocarcinoma in situ (AIS)<br \/>\n<\/strong>Aufgrund von Kernverdichtung (Crowding) &#8220;gefiederartig&#8221; aussehende Endozervixzellen mit Kernstreckung in Form einer Pseudorosette. Biopsie &#8211; AIS &#8211; 60x<\/div>\n<\/div>\n<div class=\"newRow\"><\/div>\n<div class=\"chartColumnCell\"><a class=\"highslide\" href=\"\/gallery\/images_large\/slide0093.jpg\"><br \/>\n<img decoding=\"async\" title=\"Click to enlarge\" src=\"\/gallery\/images\/slide0093.jpg\" alt=\"Image 3\" border=\"0\" \/><\/a><\/p>\n<div class=\"highslide-caption\"><strong> Endozervikales Adenocarcinoma in situ (AIS)<\/strong><br \/>\nDiese Gruppe atypischer Endozervixzellen zeigt eine deutliche Kernstreckung. Zu sehen ist ferner der Verlust der Kernpolarit\u00e4t und der normalen Struktur, Kernverdichtung (Crowding) und nukle\u00e4re Verformung. Zu beachten sind die aneinander sto\u00dfenden flachen Kernmembranen (ein Anzeichen f\u00fcr echtes Crowding). Biopsie &#8211; AIS &#8211; 60x<\/div>\n<\/div>\n<div class=\"newRow\"><\/div>\n<p><strong> Kernmembran<\/strong><\/p>\n<ul class=\"normal\">\n<li>Glatt bis stark unregelm\u00e4\u00dfig<\/li>\n<li>Gekerbt<\/li>\n<li>Verdickt<\/li>\n<\/ul>\n<div class=\"chartColumnCell\"><a class=\"highslide\" href=\"\/gallery\/images_large\/slide0094.jpg\"><br \/>\n<img decoding=\"async\" title=\"Click to enlarge\" src=\"\/gallery\/images\/slide0094.jpg\" alt=\"Image 3\" border=\"0\" \/><\/a><\/p>\n<div class=\"highslide-caption\"><strong>Endozervikales Adenocarcinoma in situ (AIS)<br \/>\n<\/strong> Die Kernmembranen k\u00f6nnen glatt bis deutlich unregelm\u00e4\u00dfig sein. Auf diesem Bild verdickte und leicht unregelm\u00e4\u00dfige Kernmembranen erkennbar. Zu sehen sind grobk\u00f6rniges Chromatin und markante Kernk\u00f6rperchen. Biopsie &#8211; AIS &#8211; 60x<\/div>\n<\/div>\n<div class=\"newRow\"><\/div>\n<p><strong>Chromatin<br \/>\n<\/strong><\/p>\n<ul class=\"normal\">\n<li>Grob- bis feink\u00f6rnig feingranul\u00e4r<\/li>\n<li>Gleichm\u00e4\u00dfig verteilt<\/li>\n<li>Hyperchromatisch<\/li>\n<\/ul>\n<div class=\"chartColumnCell\"><a class=\"highslide\" href=\"\/gallery\/images_large\/slide0092.jpg\"><br \/>\n<img decoding=\"async\" title=\"Click to enlarge\" src=\"\/gallery\/images\/slide0092.jpg\" alt=\"Image 3\" border=\"0\" \/><\/a><\/p>\n<div class=\"highslide-caption\"><strong> Endozervikales Adenocarcinoma in situ (AIS)<\/strong><br \/>\nIn den Zellkernen, die mindestens 2\/3 des Zytoplasmas einnehmen, ist eine hohe Kern-Plasma-Relation erkennbar. Das Chromatin ist grobk\u00f6rnig, aber gleichm\u00e4\u00dfig verteilt; Mikronukleoli sind erkennbar. Biopsie &#8211; AIS- 60x<\/div>\n<\/div>\n<div class=\"newRow\"><\/div>\n<div class=\"chartColumnCell\"><a class=\"highslide\" href=\"\/gallery\/images_large\/slide0074.jpg\"><br \/>\n<img decoding=\"async\" title=\"Click to enlarge\" src=\"\/gallery\/images\/slide0074.jpg\" alt=\"Image 3\" border=\"0\" \/><\/a><\/p>\n<div class=\"highslide-caption\"><strong>Endozervikales Adenocarcinoma in situ (AIS)<\/strong><br \/>\nAdenokarzinom in situ &#8211; 60x<\/div>\n<\/div>\n<div class=\"newRow\"><\/div>\n<p><strong>Nukleoli<br \/>\n<\/strong><\/p>\n<ul class=\"normal\">\n<li>Unauff\u00e4llig bis prominent<\/li>\n<li>Selten vergr\u00f6\u00dfert<\/li>\n<\/ul>\n<div class=\"chartColumnCell\"><a class=\"highslide\" href=\"\/gallery\/images_large\/slide0095.jpg\"><br \/>\n<img decoding=\"async\" title=\"Click to enlarge\" src=\"\/gallery\/images\/slide0095.jpg\" alt=\"Image 3\" border=\"0\" \/><\/a><\/p>\n<div class=\"highslide-caption\"><strong>Endozervikales Adenocarcinoma in situ (AIS)<\/strong><br \/>\nDie Kernk\u00f6rperchen k\u00f6nnen undeutlich bis markant sein. Auf diesem Bild weisen die meisten Zellkerne markante Kernk\u00f6rperchen auf. Schnelle Fixierung macht das Vorhandensein von Kernk\u00f6rperchen zu einem weiteren wichtigen Kriterium bei der Diagnose von AIS.<br \/>\nBiopsy &#8211; AIS &#8211; 60x<\/div>\n<\/div>\n<div class=\"newRow\"><\/div>\n<p id=\"look\" class=\"subhead\">Look-Alikes des endozervikalen Adenocarcinoma in situ<\/p>\n<p class=\"header3\">Tubare Metaplasie:<\/p>\n<p><strong>Zelltyp: <\/strong>Kleine, kubische Dr\u00fcsenzellen des Tubenepithels<\/p>\n<p><strong>Gewebedarstellung <\/strong><\/p>\n<ul class=\"normal\">\n<li>Dicht gepackte Zellverb\u00e4nde mit Honigwabenstruktur<\/li>\n<\/ul>\n<div class=\"chartColumnCell\"><a class=\"highslide\" href=\"\/gallery\/images_large\/slide0097.jpg\" name=\"pap\"><br \/>\n<img decoding=\"async\" title=\"Click to enlarge\" src=\"\/gallery\/images\/slide0097.jpg\" alt=\"Image 2\" border=\"0\" \/><\/a><\/p>\n<div class=\"highslide-caption\"><strong>Look-Alikes des endozervikalen Adenocarcinoma in situ<\/strong><br \/>\nEine tubare Metaplasie kann AIS genau kopieren. Bei n\u00e4herem Hinsehen erweisen sich die Abnormit\u00e4ten, d.h.: Kern\u00fcberlagerung und -streckung, unregelm\u00e4\u00dfige Kernmembranen und abnorme Gewebefragmente als weniger schwerwiegend. Der Nachweis von Zilien bzw. terminal bars best\u00e4tigt die Gutartigkeit. &#8211; 60x<\/div>\n<\/div>\n<div class=\"newRow\"><\/div>\n<div class=\"chartColumnCell\"><a class=\"highslide\" href=\"\/gallery\/images_large\/slide1173.jpg\"><br \/>\n<img decoding=\"async\" title=\"Click to enlarge\" src=\"\/gallery\/images\/slide1173.jpg\" alt=\"Image 2\" border=\"0\" \/><\/a><\/p>\n<div class=\"highslide-caption\"><strong>Look-Alikes des endozervikalen Adenocarcinoma in situ<\/strong><br \/>\nVerdichtete Dr\u00fcsenzellen mit vergr\u00f6\u00dferten Zellkernen, die aber bei n\u00e4herer Betrachtung gleichm\u00e4\u00dfig verteiltes Chromatin erkennen lassen. 40x<\/div>\n<\/div>\n<div class=\"newRow\"><\/div>\n<p><strong>Spezifische Merkmale<\/strong><\/p>\n<ul class=\"normal\">\n<li>Terminalplatten und Zilien<\/li>\n<\/ul>\n<div class=\"chartColumnCell\"><a class=\"highslide\" href=\"\/gallery\/images_large\/slide0149.jpg\"><br \/>\n<img decoding=\"async\" title=\"Click to enlarge\" src=\"\/gallery\/images\/slide0149.jpg\" alt=\"Image 3\" border=\"0\" \/><\/a><\/p>\n<div class=\"highslide-caption\"><strong>Look-Alikes des endozervikalen Adenocarcinoma in situ<\/strong><br \/>\nStreifen zylindrischer Zellen mit hyperchromatischen, verdichteten Zellkernen. Bei n\u00e4herer Betrachtung sind ausgepr\u00e4gte Zytoplasma-Vakuolen und Zilien zu erkennen, bei denen es sich um tubare Metaplasie handeln kann. 60X<\/div>\n<\/div>\n<div class=\"newRow\"><\/div>\n<div class=\"chartColumnCell\"><a class=\"highslide\" href=\"\/gallery\/images_large\/slide1172.jpg\"><br \/>\n<img decoding=\"async\" title=\"Click to enlarge\" src=\"\/gallery\/images\/slide1172.jpg\" alt=\"Image 3\" border=\"0\" \/><\/a><\/p>\n<div class=\"highslide-caption\"><strong>Look-Alikes des endozervikalen Adenocarcinoma in situ<\/strong><br \/>\nIn dieser st\u00e4rkeren Vergr\u00f6\u00dferung des ersten Bildes (20x) ist eine ausgepr\u00e4gte Zilienreihe erkennbar. 60x<\/div>\n<\/div>\n<div class=\"newRow\"><\/div>\n<p class=\"header3\">Unteres Uterinsegment:<\/p>\n<p><strong>Zelltyp:<\/strong> Endometrial<br \/>\n<strong>Gewebedarstellung<br \/>\n<\/strong><\/p>\n<ul class=\"normal\">\n<li>Bienenwabenstruktur mit \u00fcberlappenden Zellkernen, h\u00e4ufig in gro\u00dfen Verb\u00e4nden<\/li>\n<\/ul>\n<div class=\"chartColumnCell\"><a class=\"highslide\" href=\"\/gallery\/images_large\/slide0150.jpg\"><br \/>\n<img decoding=\"async\" title=\"Click to enlarge\" src=\"\/gallery\/images\/slide0150.jpg\" alt=\"Image 3\" border=\"0\" \/><\/a><\/p>\n<div class=\"highslide-caption\"><strong>Look-Alikes des endozervikalen Adenocarcinoma in situ<br \/>\n<\/strong><br \/>\nAufgefaltetes Zellfragment aus dem unteren Uterinsegment mit dreidimensionalem Aussehen. 20X<\/div>\n<\/div>\n<div class=\"newRow\"><\/div>\n<div class=\"chartColumnCell\"><a class=\"highslide\" href=\"\/gallery\/images_large\/slide0170.jpg\"><br \/>\n<img decoding=\"async\" title=\"Click to enlarge\" src=\"\/gallery\/images\/slide0170.jpg\" alt=\"Image 2\" border=\"0\" \/><\/a><\/p>\n<div class=\"highslide-caption\"><strong>Look-Alikes des endozervikalen Adenocarcinoma in situ<br \/>\n<\/strong><br \/>\nUnteres Uterinsegment &#8211; 40X<\/div>\n<\/div>\n<div class=\"newRow\"><\/div>\n<div class=\"chartColumnCell\"><a class=\"highslide\" href=\"\/gallery\/images_large\/slide0171.jpg\"><br \/>\n<img decoding=\"async\" title=\"Click to enlarge\" src=\"\/gallery\/images\/slide0171.jpg\" alt=\"Image 3\" border=\"0\" \/><\/a><\/p>\n<div class=\"highslide-caption\"><strong>Look-Alikes des endozervikalen Adenocarcinoma in situ<\/strong><\/p>\n<p>Das untere Uterinsegment kann markante Kernk\u00f6rperchen aufweisen.40X<\/p><\/div>\n<\/div>\n<div class=\"newRow\"><\/div>\n<p><strong>Spezifische Merkmale<br \/>\n<\/strong><\/p>\n<ul class=\"normal\">\n<li>Sehr kleine Zellen mit sp\u00e4rlichem Zytoplasma und einheitlichem Erscheinungsbild<\/li>\n<\/ul>\n<div class=\"chartColumnCell\"><a class=\"highslide\" href=\"\/gallery\/images_large\/slide0099.jpg\"><br \/>\n<img decoding=\"async\" title=\"Click to enlarge\" src=\"\/gallery\/images\/slide0099.jpg\" alt=\"Image 3\" border=\"0\" \/><\/a><\/p>\n<div class=\"highslide-caption\"><strong>Look-Alikes des endozervikalen Adenocarcinoma in situ<br \/>\n<\/strong><br \/>\nDieses Gewebefragment des unteren Uterinsegments besteht aus kleinen, eckigen Zellen mit einheitlichen Zellkernen und blandem Chromatin. Bei niedriger Vergr\u00f6\u00dferung erscheinen die Zellen verdichtet; allerdings zeigt sich bei n\u00e4herer Betrachtung, dass sie nur dicht gepackt sind. Die Koh\u00e4sionskraft und Einheitlichkeit derartiger Fragmente bei niedriger Vergr\u00f6\u00dferung sind Schl\u00fcsselfaktoren f\u00fcr die Diagnose. Normalerweise ist auch eine Stromakomponente vorhanden, die die Diagnose unterst\u00fctzt. &#8211; 20x<\/div>\n<\/div>\n<div class=\"chartColumnSmallCell\"><\/div>\n<div class=\"newRow\"><\/div>\n<p class=\"header3\">HSIL in Dr\u00fcsen:<\/p>\n<p><strong>Gewebedarstellung<\/strong><\/p>\n<ul class=\"normal\">\n<li>Eindeutig plattenepitheliale Komponente<\/li>\n<li>Flache Verb\u00e4nde unscharf begrenzten Epithels<\/li>\n<li>Schaumiges Zytoplasma ohne eindeutige glandul\u00e4re Differenzierung<\/li>\n<\/ul>\n<div class=\"chartColumnCell\"><a class=\"highslide\" href=\"\/gallery\/images_large\/slide0123.jpg\"><br \/>\n<img decoding=\"async\" title=\"Click to enlarge\" src=\"\/gallery\/images\/slide0123.jpg\" alt=\"Image 2\" border=\"0\" \/><\/a><\/p>\n<div class=\"highslide-caption\"><strong> Look-Alikes des endozervikalen Adenocarcinoma in situ <\/strong><\/p>\n<p>Den Dr\u00fcsenraum betreffende schwere Dysplasie des Plattenepithels (HSIL) &#8211; 40x<\/p><\/div>\n<\/div>\n<div class=\"newRow\"><\/div>\n<p><strong>Zytoplasma<br \/>\n<\/strong><\/p>\n<ul class=\"normal\">\n<li>Fein vakuolisiert<\/li>\n<li>Keine ausgepr\u00e4gte Vakuolisierung<\/li>\n<li>Die Verb\u00e4nde weisen an den R\u00e4ndern unscharf begrenztes Zytoplasma auf (ausgefranstes Erscheinungsbild)<\/li>\n<\/ul>\n<div class=\"chartColumnCell\"><a class=\"highslide\" href=\"\/gallery\/images_large\/slide1359.jpg\"><br \/>\n<img decoding=\"async\" title=\"Click to enlarge\" src=\"\/gallery\/images\/slide1359.jpg\" alt=\"Image 2\" border=\"0\" \/><\/a><\/p>\n<div class=\"highslide-caption\"><strong> Look-Alikes des endozervikalen Adenocarcinoma in situ <\/strong><\/p>\n<p>Ausgefranstes Erscheinungsbild aufgrund des fein vakuolisierten Zytoplasmas mit schlecht abgrenzbaren Zellgrenzen. 40x<\/p><\/div>\n<\/div>\n<div class=\"newRow\"><\/div>\n<p><strong>Zellkern<br \/>\n<\/strong><\/p>\n<ul class=\"normal\">\n<li>Variabel, rund bis oval<\/li>\n<\/ul>\n<div class=\"chartColumnCell\"><a class=\"highslide\" href=\"\/gallery\/images_large\/slide1360.jpg\"><br \/>\n<img decoding=\"async\" title=\"Click to enlarge\" src=\"\/gallery\/images\/slide1360.jpg\" alt=\"Image 2\" border=\"0\" \/><\/a><\/p>\n<div class=\"highslide-caption\"><strong>Look-Alikes des endozervikalen Adenocarcinoma in situ <\/strong><\/p>\n<p>Die Zellkerne unterscheiden sich in Form (rund bis oval) und Gr\u00f6\u00dfe. 40x<\/p><\/div>\n<\/div>\n<div class=\"newRow\"><\/div>\n<p><strong>Kernh\u00fclle (Kernmembran)<br \/>\n<\/strong><\/p>\n<ul class=\"normal\">\n<li>Glatt bis unregelm\u00e4\u00dfig (Durchbrochen und Ausgest\u00fclpt)<\/li>\n<\/ul>\n<div class=\"chartColumnCell\"><a class=\"highslide\" href=\"\/gallery\/images_large\/slide1361.jpg\"><br \/>\n<img decoding=\"async\" title=\"Click to enlarge\" src=\"\/gallery\/images\/slide1361.jpg\" alt=\"Image 2\" border=\"0\" \/><\/a><\/p>\n<div class=\"highslide-caption\"><strong>Look-Alikes des endozervikalen Adenocarcinoma in situ <\/strong><\/p>\n<p>Die Zellkerne weisen Unregelm\u00e4\u00dfigkeiten innerhalb der Membran auf, die zu Falten und Ausstanzungen f\u00fchren.60x<\/p><\/div>\n<\/div>\n<div class=\"newRow\"><\/div>\n<p><strong>Chromatin<br \/>\n<\/strong><\/p>\n<ul class=\"normal\">\n<li>Feink\u00f6rnig:besser: feingranul\u00e4r<\/li>\n<li>Gleichm\u00e4\u00dfig verteilt<\/li>\n<li>Gr\u00f6\u00dfere Fokustiefe<\/li>\n<\/ul>\n<div class=\"chartColumnCell\"><a class=\"highslide\" href=\"\/gallery\/images_large\/slide1362.jpg\"><br \/>\n<img decoding=\"async\" title=\"Click to enlarge\" src=\"\/gallery\/images\/slide1362.jpg\" alt=\"Image 2\" border=\"0\" \/><\/a><\/p>\n<div class=\"highslide-caption\"><strong>Look-Alikes des endozervikalen Adenocarcinoma in situ <\/strong><\/p>\n<p>HSIL in Dr\u00fcsen &#8211; Variable Chromatin, in der Regel feink\u00f6rnig und gleichm\u00e4\u00dfig mit einer Tiefensch\u00e4rfe verteilt. 40x<\/p><\/div>\n<\/div>\n<div class=\"chartColumnSmallCell\"><\/div>\n<div class=\"newRow\"><\/div>\n<p><strong>Kernk\u00f6rperchen<br \/>\n<\/strong><\/p>\n<ul class=\"normal\">\n<li>Fehlt, nur selten vorhanden, klein<\/li>\n<\/ul>\n<div class=\"chartColumnCell\"><a class=\"highslide\" href=\"\/gallery\/images_large\/slide0122.jpg\"><br \/>\n<img decoding=\"async\" title=\"Click to enlarge\" src=\"\/gallery\/images\/slide0122.jpg\" alt=\"Image 2\" border=\"0\" \/><\/a><\/p>\n<div class=\"highslide-caption\"><strong>Look-Alikes des endozervikalen Adenocarcinoma in situ <\/strong><\/p>\n<p>Kernk\u00f6rperchen sind im Allgemeinen unauff\u00e4llig oder fehlen. Sie k\u00f6nnen vorhanden sein, wenn gleichzeitig ein entz\u00fcndlicher\/reaktiver Prozess abl\u00e4uft oder der Dr\u00fcsenhals betroffen ist. 60x<\/p><\/div>\n<\/div>\n<\/div>\n<div class=\"newRow\"><\/div>\n<p><a class=\"back\" href=\"#\">Zur\u00fcck nach oben<\/a><\/p>\n<\/div>\n<p>[\/vc_column_text][\/vc_column][vc_column width=&#8221;1\/3&#8243;][vc_widget_sidebar sidebar_id=&#8221;consulting-right-sidebar2&#8243;][\/vc_column][\/vc_row]<\/p>\n","protected":false},"excerpt":{"rendered":"<p>[vc_row][vc_column][vc_custom_heading text=&#8221;Glandul\u00e4re Dinge &#8211; Endozervikales Adenocarcinoma in situ (AIS)&#8221; font_container=&#8221;tag:h2|text_align:center&#8221; use_theme_fonts=&#8221;yes&#8221;][\/vc_column][\/vc_row][vc_row][vc_column width=&#8221;2\/3&#8243;][vc_column_text] Endozervikales Adenocarcinoma in situ (AIS) Erinnerung: Sie k\u00f6nnen auf jedes Bild klicken, um dieses vergr\u00f6\u00dfert zu betrachten. Kriterien Gewebedarstellung Zellstreifen Rosettenbildung Ausfransung Zelldr\u00e4ngeln Schichtung Endozervikales Adenocarcinoma in situ (AIS) Streifen von Endozervixzellen, die eine Pseudoschichtung und fein vakuolisiertes Zytoplasma mit undeutlichen Grenzen aufweisen.<\/p>\n","protected":false},"author":7,"featured_media":0,"parent":0,"menu_order":0,"comment_status":"closed","ping_status":"closed","template":"","meta":{"ngg_post_thumbnail":0,"footnotes":""},"class_list":["post-11215","page","type-page","status-publish","hentry"],"_links":{"self":[{"href":"https:\/\/dev.cytologystuff.com\/de\/wp-json\/wp\/v2\/pages\/11215","targetHints":{"allow":["GET"]}}],"collection":[{"href":"https:\/\/dev.cytologystuff.com\/de\/wp-json\/wp\/v2\/pages"}],"about":[{"href":"https:\/\/dev.cytologystuff.com\/de\/wp-json\/wp\/v2\/types\/page"}],"author":[{"embeddable":true,"href":"https:\/\/dev.cytologystuff.com\/de\/wp-json\/wp\/v2\/users\/7"}],"replies":[{"embeddable":true,"href":"https:\/\/dev.cytologystuff.com\/de\/wp-json\/wp\/v2\/comments?post=11215"}],"version-history":[{"count":0,"href":"https:\/\/dev.cytologystuff.com\/de\/wp-json\/wp\/v2\/pages\/11215\/revisions"}],"wp:attachment":[{"href":"https:\/\/dev.cytologystuff.com\/de\/wp-json\/wp\/v2\/media?parent=11215"}],"curies":[{"name":"wp","href":"https:\/\/api.w.org\/{rel}","templated":true}]}}