{"id":11201,"date":"2017-08-16T14:02:00","date_gmt":"2017-08-16T14:02:00","guid":{"rendered":"https:\/\/cytologystuff1.wpengine.com\/suggested-readings\/"},"modified":"2018-01-16T05:38:50","modified_gmt":"2018-01-16T05:38:50","slug":"suggested-readings","status":"publish","type":"page","link":"https:\/\/dev.cytologystuff.com\/de\/suggested-readings\/","title":{"rendered":"Suggested Readings"},"content":{"rendered":"<p>[vc_row][vc_column][vc_custom_heading text=&#8221;Glandul\u00e4re Dinge &#8211; Referenzliteratur&#8221; font_container=&#8221;tag:h2|text_align:center&#8221; use_theme_fonts=&#8221;yes&#8221;][\/vc_column][\/vc_row][vc_row][vc_column width=&#8221;2\/3&#8243;][vc_column_text]<\/p>\n<div>\n<p class=\"subhead\">Nachweis glandul\u00e4rer Erkrankungen \u2013 Ver\u00f6ffentlichte Studien<\/p>\n<p>Der Nachweis glandul\u00e4rer endozervikaler L\u00e4sionen ist eine der wesentlichen Aufgaben des Pap-Tests. Ver\u00e4nderte Dr\u00fcsenzellen in einer Pap-Probe k\u00f6nnen jedoch auch aus dem Endometrium oder von au\u00dferhalb der Geb\u00e4rmutter(h\u00f6hle) stammen. Der Pap-Test ist nicht als Screening-Test f\u00fcr solche L\u00e4sionen gedacht.<\/p>\n<p>Wurden verd\u00e4chtige glandul\u00e4re Anomalien erkannt, ist ihre exakte Klassifizierung als echte glandul\u00e4re L\u00e4sionen, im Vergleich zu squam\u00f6sen L\u00e4sionen, von gro\u00dfer Bedeutung f\u00fcr die korrekte Bewertung und die richtige Behandlung (z. B. Exzisionsbiopsie versus konservativem follow-up). Verschiedene, von Experten begutachtete Publikationen <sup> [1, 2, 3, 4, 5, 6]<\/sup> berichten \u00fcber den verbesserten Nachweis glandul\u00e4rer Erkrankungen mithilfe des ThinPrep<sup> \u00ae<\/sup>-Systems im Vergleich zum herk\u00f6mmlichen Papanicolaou-Abstrich. Obwohl nicht alle Studien auf die Sensitivit\u00e4t der verschiedenen Pap-Testmethoden beim Nachweis spezifischer Arten glandul\u00e4rer Erkrankungen eingehen, gab es mehr \u00dcbereinstimmung mit den Biopsiebefunden atypischer Dr\u00fcsenzellbefunde beim ThinPrep Pap Test im Vergleich zur herk\u00f6mmlichen Zytologie.<\/p>\n<p>Daher sollte der anhand eines ThinPrep Pap Test-Objekttr\u00e4gers gestellte, Befund einer glandul\u00e4ren Anomalie weitere Untersuchungen zur Best\u00e4tigung eines m\u00f6glichen endozervikalen oder endometrialen pathologischen Befunds nach sich ziehen.<\/p>\n<p id=\"readings\"><strong>Referenzliteratur:<\/strong><\/p>\n<ol class=\"normal\">\n<li>Ashfaq R, Gibbons D, Vela C, Saboorian MH, Iliya F. ThinPrep Pap Test. Accuracy for glandular disease. Acta Cytol 1999; 43: 81-5<\/li>\n<li>Bai H, Sung CJ, Steinhoff MM: ThinPrep Pap Test promotes detection of glandular lesions of the endocervix. Diagn Cytopathol 2000;23:19-22<\/li>\n<li>Carpenter AB , Davey DD: ThinPrep Pap Test: Performance and biopsy follow-up un a university hospital. Cancer Cytopathology 1999; 87: 105-12<\/li>\n<li>Guidos BJ, Selvaggi SM. Detection of endometrial adenocarcinoma with the ThinPrep Pap test. Diagn Cytopathol 2000; 23: 260-5<\/li>\n<li>Schorge JO, Hossein Saboorian M, Hynan L, Ashfaq R. ThinPrep detection of cervical and endometrial adenocarcinoma: A retrospective cohort study. Cancer Cytopathology 2002; 96: 338-43<\/li>\n<li>Wang N, Emancipator SN, Rose P, Rodriguez M, Abdul- Karim FW. Histologic follow-up of atypical endocervical cells. Liquid-based, thin-layer preparation vs. conventional Pap smear. Acta Cytol 2002; 46: 453-7<\/li>\n<\/ol>\n<p><a class=\"back\" href=\"#\">Zur\u00fcck nach oben<\/a><\/p>\n<\/div>\n<p>[\/vc_column_text][vc_column_text el_class=&#8221;back-to-top&#8221;]<strong><a href=\"#main\">Back to Top<\/a><\/strong>[\/vc_column_text][\/vc_column][vc_column width=&#8221;1\/3&#8243;][vc_widget_sidebar sidebar_id=&#8221;consulting-right-sidebar2&#8243;][\/vc_column][\/vc_row]<\/p>\n","protected":false},"excerpt":{"rendered":"<p>[vc_row][vc_column][vc_custom_heading text=&#8221;Glandul\u00e4re Dinge &#8211; Referenzliteratur&#8221; font_container=&#8221;tag:h2|text_align:center&#8221; use_theme_fonts=&#8221;yes&#8221;][\/vc_column][\/vc_row][vc_row][vc_column width=&#8221;2\/3&#8243;][vc_column_text] Nachweis glandul\u00e4rer Erkrankungen \u2013 Ver\u00f6ffentlichte Studien Der Nachweis glandul\u00e4rer endozervikaler L\u00e4sionen ist eine der wesentlichen Aufgaben des Pap-Tests. Ver\u00e4nderte Dr\u00fcsenzellen in einer Pap-Probe k\u00f6nnen jedoch auch aus dem Endometrium oder von au\u00dferhalb der Geb\u00e4rmutter(h\u00f6hle) stammen. Der Pap-Test ist nicht als Screening-Test f\u00fcr solche L\u00e4sionen gedacht. Wurden verd\u00e4chtige<\/p>\n","protected":false},"author":7,"featured_media":0,"parent":0,"menu_order":0,"comment_status":"closed","ping_status":"closed","template":"","meta":{"ngg_post_thumbnail":0,"footnotes":""},"class_list":["post-11201","page","type-page","status-publish","hentry"],"_links":{"self":[{"href":"https:\/\/dev.cytologystuff.com\/de\/wp-json\/wp\/v2\/pages\/11201","targetHints":{"allow":["GET"]}}],"collection":[{"href":"https:\/\/dev.cytologystuff.com\/de\/wp-json\/wp\/v2\/pages"}],"about":[{"href":"https:\/\/dev.cytologystuff.com\/de\/wp-json\/wp\/v2\/types\/page"}],"author":[{"embeddable":true,"href":"https:\/\/dev.cytologystuff.com\/de\/wp-json\/wp\/v2\/users\/7"}],"replies":[{"embeddable":true,"href":"https:\/\/dev.cytologystuff.com\/de\/wp-json\/wp\/v2\/comments?post=11201"}],"version-history":[{"count":0,"href":"https:\/\/dev.cytologystuff.com\/de\/wp-json\/wp\/v2\/pages\/11201\/revisions"}],"wp:attachment":[{"href":"https:\/\/dev.cytologystuff.com\/de\/wp-json\/wp\/v2\/media?parent=11201"}],"curies":[{"name":"wp","href":"https:\/\/api.w.org\/{rel}","templated":true}]}}