{"id":11194,"date":"2017-09-03T18:32:40","date_gmt":"2017-09-03T18:32:40","guid":{"rendered":"https:\/\/cytologystuff1.wpengine.com\/3008-2\/"},"modified":"2018-04-05T13:32:36","modified_gmt":"2018-04-05T13:32:36","slug":"watch","status":"publish","type":"page","link":"https:\/\/dev.cytologystuff.com\/de\/watch\/","title":{"rendered":"ANSEHEN"},"content":{"rendered":"<p>[vc_row 0=&#8221;&#8221;][vc_column 0=&#8221;&#8221;][vc_custom_heading text=&#8221;ANSEHEN&#8221; font_container=&#8221;tag:h2|text_align:center&#8221; use_theme_fonts=&#8221;yes&#8221;][\/vc_column][\/vc_row][vc_row 0=&#8221;&#8221;][vc_column width=&#8221;3\/4&#8243;][vc_column_text 0=&#8221;&#8221;]<\/p>\n<div>\n<h1 class=\"headline\">Power-Point Pr\u00e4sentationen<\/h1>\n<h2 class=\"subhead\">Gyn\u00e4kologische Pr\u00e4sentationen<\/h2>\n<div class=\"chartColumn\">\n<ul class=\"normal\">\n<li style=\"list-style-type: none;\">\n<ul class=\"normal\">\n<li><a href=\"http:\/\/icvdm.vo.llnwd.net\/o10\/hologic\/html5\/german\/german_tp_stain_morphology_i\/index.htm\" target=\"_blank\" rel=\"noopener\">ThinPrep<sup>\u00ae<\/sup> &#8211; Morphologie &#8211; Normale Zytologie<br \/>\n<\/a><\/p>\n<ul class=\"sublist\">\n<li><img loading=\"lazy\" decoding=\"async\" class=\"inline\" src=\"\/images\/ppt.jpeg\" width=\"16\" height=\"16\" \/><a href=\"\/de-files\/ppt\/German TP Stain Morphology I.ppt\">Hochaufl\u00f6sende Version (4.30 MB PPT)<\/a><\/li>\n<li><img loading=\"lazy\" decoding=\"async\" class=\"inline\" src=\"\/images\/pdf.gif\" width=\"16\" height=\"16\" \/><a href=\"\/de-files\/pdfs\/German TP Stain Morphology I.pdf\">Web-freundliche Version (3.60 MB PDF)<\/a><\/li>\n<\/ul>\n<\/li>\n<\/ul>\n<\/li>\n<\/ul>\n<p>&nbsp;<\/p>\n<ul class=\"normal\">\n<li><a href=\"http:\/\/icvdm.vo.llnwd.net\/o10\/hologic\/html5\/german\/german_tp_stain_morphology_ii\/index.htm\" target=\"_blank\" rel=\"noopener\">ThinPrep<sup>\u00ae<\/sup> &#8211; Morphologie &#8211; Auff\u00e4llige zytologische Befunde<\/a>\n<ul class=\"sublist\">\n<li><img loading=\"lazy\" decoding=\"async\" class=\"inline\" src=\"\/images\/ppt.jpeg\" width=\"16\" height=\"16\" \/><a href=\"\/de-files\/ppt\/German TP Stain Morphology II.ppt\">Hochaufl\u00f6sende Version (2.03 MB PPT)<\/a><\/li>\n<li><img loading=\"lazy\" decoding=\"async\" class=\"inline\" src=\"\/images\/pdf.gif\" width=\"16\" height=\"16\" \/><a href=\"\/de-files\/pdfs\/German TP Stain Morphology II.pdf\">Web-freundliche Version (1.98 MB PDF)<\/a><\/li>\n<\/ul>\n<p>&nbsp;<\/li>\n<li><a href=\"http:\/\/icvdm.vo.llnwd.net\/o10\/hologic\/html5\/german\/differential_diagnoses\/index.htm\" target=\"_blank\" rel=\"noopener\">ThinPrep<sup>\u00ae<\/sup> &#8211; Pap Test \u2013 Diagnostische Herausforderungen und Differenzialdiagnosen <\/a>\n<ul class=\"sublist\">\n<li><img loading=\"lazy\" decoding=\"async\" class=\"inline\" src=\"\/images\/ppt.jpeg\" width=\"16\" height=\"16\" \/><a href=\"\/de-files\/ppt\/Differential Diagnoses German.ppt\">Hochaufl\u00f6sende Version (3.36 MB PPT)<\/a><\/li>\n<li><img loading=\"lazy\" decoding=\"async\" class=\"inline\" src=\"\/images\/pdf.gif\" width=\"16\" height=\"16\" \/><a href=\"\/de-files\/pdfs\/Differential Diagnoses German.pdf\">Web-freundliche Version (3.23 MB PDF)<\/a><\/li>\n<\/ul>\n<\/li>\n<\/ul>\n<\/div>\n<div class=\"newRow\"><\/div>\n<div class=\"chartColumnLong\"><img loading=\"lazy\" decoding=\"async\" src=\"\/images\/thinprep.gif\" width=\"122\" height=\"86\" \/><\/div>\n<div class=\"chartColumn\">\n<div class=\"newRow\"><\/div>\n<div class=\"chartColumn\"><img loading=\"lazy\" decoding=\"async\" src=\"\/images\/gyn.jpg\" width=\"260\" height=\"180\" \/><\/div>\n<\/div>\n<div class=\"newRow\"><\/div>\n<\/div>\n<p>[\/vc_column_text][\/vc_column][vc_column width=&#8221;1\/4&#8243;][\/vc_column][\/vc_row]<\/p>\n","protected":false},"excerpt":{"rendered":"<p>[vc_row 0=&#8221;&#8221;][vc_column 0=&#8221;&#8221;][vc_custom_heading text=&#8221;ANSEHEN&#8221; font_container=&#8221;tag:h2|text_align:center&#8221; use_theme_fonts=&#8221;yes&#8221;][\/vc_column][\/vc_row][vc_row 0=&#8221;&#8221;][vc_column width=&#8221;3\/4&#8243;][vc_column_text 0=&#8221;&#8221;] Power-Point Pr\u00e4sentationen Gyn\u00e4kologische Pr\u00e4sentationen ThinPrep\u00ae &#8211; Morphologie &#8211; Normale Zytologie Hochaufl\u00f6sende Version (4.30 MB PPT) Web-freundliche Version (3.60 MB PDF) &nbsp; ThinPrep\u00ae &#8211; Morphologie &#8211; Auff\u00e4llige zytologische Befunde Hochaufl\u00f6sende Version (2.03 MB PPT) Web-freundliche Version (1.98 MB PDF) &nbsp; ThinPrep\u00ae &#8211; Pap Test \u2013 Diagnostische Herausforderungen<\/p>\n","protected":false},"author":7,"featured_media":0,"parent":0,"menu_order":0,"comment_status":"closed","ping_status":"closed","template":"","meta":{"ngg_post_thumbnail":0,"footnotes":""},"class_list":["post-11194","page","type-page","status-publish","hentry"],"_links":{"self":[{"href":"https:\/\/dev.cytologystuff.com\/de\/wp-json\/wp\/v2\/pages\/11194","targetHints":{"allow":["GET"]}}],"collection":[{"href":"https:\/\/dev.cytologystuff.com\/de\/wp-json\/wp\/v2\/pages"}],"about":[{"href":"https:\/\/dev.cytologystuff.com\/de\/wp-json\/wp\/v2\/types\/page"}],"author":[{"embeddable":true,"href":"https:\/\/dev.cytologystuff.com\/de\/wp-json\/wp\/v2\/users\/7"}],"replies":[{"embeddable":true,"href":"https:\/\/dev.cytologystuff.com\/de\/wp-json\/wp\/v2\/comments?post=11194"}],"version-history":[{"count":0,"href":"https:\/\/dev.cytologystuff.com\/de\/wp-json\/wp\/v2\/pages\/11194\/revisions"}],"wp:attachment":[{"href":"https:\/\/dev.cytologystuff.com\/de\/wp-json\/wp\/v2\/media?parent=11194"}],"curies":[{"name":"wp","href":"https:\/\/api.w.org\/{rel}","templated":true}]}}